{"id":21558,"date":"2023-02-26T23:46:31","date_gmt":"2023-02-26T22:46:31","guid":{"rendered":"https:\/\/dev.oenobrands.com\/prodotto\/yeast\/anchor-yeast\/legacy-we-372\/"},"modified":"2025-12-10T08:28:23","modified_gmt":"2025-12-10T07:28:23","slug":"legacy-we-372","status":"publish","type":"page","link":"https:\/\/dev.oenobrands.com\/it\/prodotto\/lieviti\/anchor-yeast\/legacy-we-372\/","title":{"rendered":"Legacy WE 372"},"content":{"rendered":"\n<h1 class=\"wp-block-heading has-text-color\" style=\"color:#e81f76\">Legacy WE 372<\/h1>\n\n\n\n<div style=\"height:30px\" aria-hidden=\"true\" class=\"wp-block-spacer\"><\/div>\n\n\n\n<h2 class=\"wp-block-heading has-medium-font-size\"><strong>Lievito <\/strong><strong><em>Saccharomyces cerevisiae<\/em><\/strong> <strong>per la produzione di vini rossi aromatici e morbidi.<\/strong><\/h2>\n\n\n\n<div style=\"height:30px\" aria-hidden=\"true\" class=\"wp-block-spacer\"><\/div>\n\n\n\n<h3 class=\"wp-block-heading\"><strong>APPLICAZIONE<\/strong><\/h3>\n\n\n\n<p><strong>WE 372 <\/strong>esalta gli aromi di frutti rossi e note floreali nei vini rossi. \u00c8 raccomandato per la vinificazione della maggior parte delle variet\u00e0 di uve rosse: Cabernet Sauvignon, Cabernet Franc, Merlot, Shiraz\/Syrah, Pinotage e Pinot nero. <\/p>\n\n\n\n<p><strong>WE 372 <\/strong>\u00e8 inoltre raccomandato per la produzione di vini bianchi semi-dolci, poich\u00e9 la fermentazione pu\u00f2 essere facilmente rallentata abbassando la temperatura a 10 \u00b0C (50 \u00b0F).<\/p>\n\n\n\n<div style=\"height:50px\" aria-hidden=\"true\" class=\"wp-block-spacer\"><\/div>\n\n\n\n<div class=\"wp-block-columns is-layout-flex wp-container-core-columns-is-layout-9d6595d7 wp-block-columns-is-layout-flex\">\n<div class=\"wp-block-column is-layout-flow wp-block-column-is-layout-flow\" style=\"flex-basis:45%\">\n<h3 class=\"wp-block-heading has-text-color\" style=\"color:#e81f76\"><strong>Cin\u00e8tica di fermentazione<\/strong><\/h3>\n\n\n\n<ul class=\"wp-block-list\">\n<li>Fermentazione moderata<\/li>\n\n\n\n<li>Fattore di conversione: 0,57 \u2013 0,62<\/li>\n<\/ul>\n\n\n\n<h3 class=\"wp-block-heading has-text-color\" style=\"color:#e81f76\"><strong>Caratteristiche tecniche<\/strong><\/h3>\n\n\n\n<ul class=\"wp-block-list\">\n<li>Tolleranza al freddo: 16 \u00b0C (61 \u00b0F)<\/li>\n\n\n\n<li>Intervallo di temperatura ottimale: 18\u201328 \u00b0C (64\u201383 \u00b0F); le temperature non devono superare i 30 \u00b0C (86 \u00b0F)<\/li>\n\n\n\n<li>Osmotolleranza: 24,5 \u00b0Balling\/Brix, 13,6 Baum\u00e9<\/li>\n\n\n\n<li>Tolleranza all\u2019alcol a 20 \u00b0C (68 \u00b0F): 15%<\/li>\n\n\n\n<li>Produzione di schiuma: bassa<\/li>\n<\/ul>\n\n\n\n<h3 class=\"wp-block-heading has-text-color\" style=\"color:#e81f76\"><strong>Caratteristiche metaboliche<\/strong><\/h3>\n\n\n\n<ul class=\"wp-block-list\">\n<li>Produzione di glicerolo: 10 \u2013 12 g\/L<\/li>\n\n\n\n<li>Produzione di acidit\u00e0 volatile: generalmente inferiore a 0,3 g\/L<\/li>\n\n\n\n<li>Produzione di acido succinico: pu\u00f2 produrre \u00b1 1 g\/L<\/li>\n\n\n\n<li>Produzione di SO<sub>2<\/sub>: nulla o molto bassa<\/li>\n\n\n\n<li>Fabbisogno di azoto: medio<\/li>\n<\/ul>\n\n\n\n<h3 class=\"wp-block-heading has-text-color\" style=\"color:#e81f76\"><strong>Fenotipo<\/strong><\/h3>\n\n\n\n<ul class=\"wp-block-list\">\n<li>Killer: positivo<\/li>\n\n\n\n<li>Attivit\u00e0 cinnamil-decarbossilasica: negativa (POF-)<\/li>\n<\/ul>\n\n\n\n<h3 class=\"wp-block-heading has-text-color\" style=\"color:#e81f76\"><strong>Scienza e tecnologia<\/strong><\/h3>\n\n\n\n<p>Nel Cabernet Sauvignon, <strong>WE 372 <\/strong>ha prodotto il vino con la maggiore intensit\u00e0 aromatica, con la pi\u00f9 alta intensit\u00e0 di aromi di frutta rossa e frutta totale (rossa, nera, secca, candita) ed \u00e8 stato il pi\u00f9 apprezzato.<\/p>\n\n\n<div class=\"wp-block-image is-style-zoooom\">\n<figure class=\"aligncenter size-full\"><img loading=\"lazy\" decoding=\"async\" width=\"667\" height=\"210\" src=\"https:\/\/dev.oenobrands.com\/wp-content\/uploads\/2023\/02\/Product-_-Anchor-WE372-image-1.png\" alt=\"Product Anchor WE372 image-1\" class=\"wp-image-1665\" srcset=\"https:\/\/dev.oenobrands.com\/wp-content\/uploads\/2023\/02\/Product-_-Anchor-WE372-image-1.png 667w, https:\/\/dev.oenobrands.com\/wp-content\/uploads\/2023\/02\/Product-_-Anchor-WE372-image-1-300x94.png 300w\" sizes=\"auto, (max-width: 667px) 100vw, 667px\" \/><figcaption class=\"wp-element-caption\">Cabernet Sauvignon, intensit\u00e0 aromatica<\/figcaption><\/figure>\n<\/div>\n\n<div class=\"wp-block-image is-style-zoooom\">\n<figure class=\"aligncenter size-full\"><img loading=\"lazy\" decoding=\"async\" width=\"631\" height=\"427\" src=\"https:\/\/dev.oenobrands.com\/wp-content\/uploads\/2023\/02\/Product-_-Anchor-WE372-image-2.png\" alt=\"Product Anchor WE372 image-2\" class=\"wp-image-1663\" srcset=\"https:\/\/dev.oenobrands.com\/wp-content\/uploads\/2023\/02\/Product-_-Anchor-WE372-image-2.png 631w, https:\/\/dev.oenobrands.com\/wp-content\/uploads\/2023\/02\/Product-_-Anchor-WE372-image-2-300x203.png 300w\" sizes=\"auto, (max-width: 631px) 100vw, 631px\" \/><figcaption class=\"wp-element-caption\">Cabernet Sauvignon, preferenza globale<\/figcaption><\/figure>\n<\/div>\n\n\n<h3 class=\"wp-block-heading has-text-color\" style=\"color:#e81f76\"><strong>Origine <\/strong><\/h3>\n\n\n\n<p><strong>WE 372<\/strong> \u00e8 un prodotto del programma di selezione dei lieviti dell\u2019ARC Infruitec-Nietvoorbij, l\u2019istituto di ricerca sulla vite e il vino del Consiglio di ricerca agricola di Stellenbosch, Sudafrica.<\/p>\n\n\n\n<p><\/p>\n\n\n\n<p><\/p>\n<\/div>\n\n\n\n<div class=\"wp-block-column is-layout-flow wp-block-column-is-layout-flow\" style=\"flex-basis:6%\"><\/div>\n\n\n\n<div class=\"wp-block-column has-background is-layout-flow wp-block-column-is-layout-flow\" style=\"background-color:#f7f7f7;flex-basis:45%\">\n<div class=\"wp-block-columns is-layout-flex wp-container-core-columns-is-layout-9d6595d7 wp-block-columns-is-layout-flex\">\n<div class=\"wp-block-column is-layout-flow wp-block-column-is-layout-flow\"><div class=\"wp-block-image\">\n<figure class=\"aligncenter size-full\"><img loading=\"lazy\" decoding=\"async\" width=\"250\" height=\"150\" src=\"https:\/\/dev.oenobrands.com\/wp-content\/uploads\/2024\/05\/ANCHOR-yeast-legacy-WE372-red-wine-logo-1.png\" alt=\"ANCHOR-lievito-legacy-WE372-vino-rosso\" class=\"wp-image-6853\"\/><\/figure>\n<\/div><\/div>\n<\/div>\n\n\n\n<div style=\"height:40px\" aria-hidden=\"true\" class=\"wp-block-spacer\"><\/div>\n\n\n\n<div class=\"wp-block-group\"><div class=\"wp-block-group__inner-container is-layout-constrained wp-block-group-is-layout-constrained\">\n<p class=\"has-text-align-center\"><strong>SCARICA LA SCHEDA TECNICA<\/strong><\/p>\n\n\n\n<div class=\"wp-block-columns is-not-stacked-on-mobile is-layout-flex wp-container-core-columns-is-layout-9d6595d7 wp-block-columns-is-layout-flex\">\n<div class=\"wp-block-column is-layout-flow wp-block-column-is-layout-flow\">\n<figure class=\"wp-block-image size-full\"><a href=\"https:\/\/dev.oenobrands.com\/wp-content\/uploads\/2024\/07\/Technical-data-sheet-Anchor-yeast-Legacy-WE372_Eng_NEUTRAL_202109_Web.pdf\" target=\"_blank\" rel=\"noreferrer noopener\"><img loading=\"lazy\" decoding=\"async\" width=\"180\" height=\"94\" src=\"https:\/\/dev.oenobrands.com\/wp-content\/uploads\/2023\/04\/flag-united-states-english-american.png\" alt=\"bandiera-stati-uniti-inglese-americano\" class=\"wp-image-2510\"\/><\/a><\/figure>\n<\/div>\n\n\n\n<div class=\"wp-block-column is-layout-flow wp-block-column-is-layout-flow\">\n<figure class=\"wp-block-image size-full\"><a href=\"https:\/\/dev.oenobrands.com\/wp-content\/uploads\/2024\/07\/Fiche-technique-Anchor-levure-Legacy-WE372_Fr_202109_Web.pdf\" target=\"_blank\" rel=\"noreferrer noopener\"><img loading=\"lazy\" decoding=\"async\" width=\"180\" height=\"94\" src=\"https:\/\/dev.oenobrands.com\/wp-content\/uploads\/2023\/04\/drapeau-francais-france.png\" alt=\"bandiera francese \u2013 Francia\" class=\"wp-image-2508\"\/><\/a><\/figure>\n<\/div>\n\n\n\n<div class=\"wp-block-column is-layout-flow wp-block-column-is-layout-flow\">\n<figure class=\"wp-block-image size-full\"><a href=\"https:\/\/dev.oenobrands.com\/wp-content\/uploads\/2024\/07\/Ficha-tecnica-Anchor-levadura-Legacy-WE372-Sp_202109_Web.pdf\" target=\"_blank\" rel=\"noreferrer noopener\"><img loading=\"lazy\" decoding=\"async\" width=\"180\" height=\"94\" src=\"https:\/\/dev.oenobrands.com\/wp-content\/uploads\/2023\/04\/bandiera-spagnola-spagna.png\" alt=\"bandiera spagnola \u2013 Spagna\" class=\"wp-image-2506\"\/><\/a><\/figure>\n<\/div>\n\n\n\n<div class=\"wp-block-column is-layout-flow wp-block-column-is-layout-flow\">\n<figure class=\"wp-block-image size-full\"><a href=\"https:\/\/dev.oenobrands.com\/wp-content\/uploads\/2024\/07\/Scheda-tecnica-Anchor-lievito-Legacy-WE372_It_VASON_202109_Web.pdf\" target=\"_blank\" rel=\"noreferrer noopener\"><img loading=\"lazy\" decoding=\"async\" width=\"180\" height=\"94\" src=\"https:\/\/dev.oenobrands.com\/wp-content\/uploads\/2023\/04\/bandiera-italiana-italy.png\" alt=\"bandiera italiana \u2013 Italia\" class=\"wp-image-2512\"\/><\/a><\/figure>\n<\/div>\n\n\n\n<div class=\"wp-block-column is-layout-flow wp-block-column-is-layout-flow\">\n<figure class=\"wp-block-image size-full\"><a href=\"https:\/\/dev.oenobrands.com\/wp-content\/uploads\/2024\/07\/Ficha-tecnica-Anchor-levedura-Legacy-WE372_Pt_AFV_202109_Web.pdf\" target=\"_blank\" rel=\"noreferrer noopener\"><img loading=\"lazy\" decoding=\"async\" width=\"180\" height=\"94\" src=\"https:\/\/dev.oenobrands.com\/wp-content\/uploads\/2024\/05\/Flag-drapeau-Portugal.png\" alt=\"bandiera portoghese \u2013 Portogallo\" class=\"wp-image-7139\"\/><\/a><\/figure>\n<\/div>\n\n\n\n<div class=\"wp-block-column is-layout-flow wp-block-column-is-layout-flow\">\n<figure class=\"wp-block-image size-full\"><a href=\"https:\/\/dev.oenobrands.com\/wp-content\/uploads\/2024\/07\/Technisches-Datenblatt-Anchor-Hefe-Legacy-WE372-Ger_202109_Web.pdf\" target=\"_blank\" rel=\"noreferrer noopener\"><img loading=\"lazy\" decoding=\"async\" width=\"180\" height=\"94\" src=\"https:\/\/dev.oenobrands.com\/wp-content\/uploads\/2023\/05\/Flagge-Deutschland.png\" alt=\"bandiera tedesca \u2013 Germania\" class=\"wp-image-3550\"\/><\/a><\/figure>\n<\/div>\n<\/div>\n<\/div><\/div>\n\n\n\n<hr class=\"wp-block-separator has-text-color has-alpha-channel-opacity has-background\" style=\"background-color:#00205c;color:#00205c\"\/>\n\n\n\n<div class=\"wp-block-buttons is-content-justification-center is-layout-flex wp-container-core-buttons-is-layout-16018d1d wp-block-buttons-is-layout-flex\">\n<div class=\"wp-block-button\"><a class=\"wp-block-button__link has-white-color has-text-color has-background has-text-align-center wp-element-button\" href=\"https:\/\/dev.oenobrands.com\/it\/distributori\/\" style=\"background-color:#162638\" target=\"_blank\" rel=\"noreferrer noopener\">Il vostro distributore<\/a><\/div>\n<\/div>\n\n\n\n<hr class=\"wp-block-separator has-text-color has-alpha-channel-opacity has-background\" style=\"background-color:#00205c;color:#00205c\"\/>\n\n\n\n<h3 class=\"wp-block-heading\"><strong>Dosaggio<\/strong><\/h3>\n\n\n\n<p>30 g\/hL (2.5 lb\/1000 gal)<\/p>\n\n\n\n<h3 class=\"wp-block-heading\"><strong><strong>Confezione<\/strong><\/strong><\/h3>\n\n\n\n<p><strong>WE 372 <\/strong>\u00e8 confezionato sottovuoto in confezioni da 1 kg. <\/p>\n\n\n\n<h3 class=\"wp-block-heading\"><strong>Conservazione<\/strong><\/h3>\n\n\n\n<p>Deve essere conservato in un luogo fresco (5 &#8211; 15 \u00b0C, 41 &#8211; 59 \u00b0F) e asciutto, sigillato nella confezione originale.<\/p>\n<\/div>\n<\/div>\n\n\n\n<div class=\"wp-block-group\"><div class=\"wp-block-group__inner-container is-layout-constrained wp-block-group-is-layout-constrained\">\n<div style=\"height:30px\" aria-hidden=\"true\" class=\"wp-block-spacer\"><\/div>\n\n\n\n<hr class=\"wp-block-separator has-text-color has-black-color has-alpha-channel-opacity has-black-background-color has-background\"\/>\n<\/div><\/div>\n\n\n\n<div class=\"wp-block-columns is-layout-flex wp-container-core-columns-is-layout-9d6595d7 wp-block-columns-is-layout-flex\">\n<div class=\"wp-block-column is-layout-flow wp-block-column-is-layout-flow\">\n<div class=\"wp-block-group\"><div class=\"wp-block-group__inner-container is-layout-constrained wp-block-group-is-layout-constrained\">\n<h2 class=\"wp-block-heading\"><strong>Scopri soluzioni correlate:<\/strong><\/h2>\n\n\n\n<div style=\"height:30px\" aria-hidden=\"true\" class=\"wp-block-spacer\"><\/div>\n\n\n\n<p><strong>Cerchi un approccio pi\u00f9 olistico alla vinificazione?<\/strong> Scopri le nostre soluzioni avanzate per la vinificazione relative a Legacy WE 372.<\/p>\n\n\n\n<div style=\"height:30px\" aria-hidden=\"true\" class=\"wp-block-spacer\"><\/div>\n\n\n\n<div class=\"wp-block-columns are-vertically-aligned-center is-layout-flex wp-container-core-columns-is-layout-9d6595d7 wp-block-columns-is-layout-flex\">\n<div class=\"wp-block-column is-vertically-aligned-center is-layout-flow wp-block-column-is-layout-flow\" style=\"flex-basis:100%\">\n<div class=\"wp-block-buttons is-content-justification-center is-layout-flex wp-container-core-buttons-is-layout-16018d1d wp-block-buttons-is-layout-flex\">\n<div class=\"wp-block-button is-style-fill\"><a class=\"wp-block-button__link wp-element-button\" href=\"https:\/\/dev.oenobrands.com\/solution\/alcoholic-fermentation\/yeast-inoculation\/\" target=\"_blank\" rel=\"noreferrer noopener\">Inoculazione del lievito<\/a><\/div>\n\n\n\n<div class=\"wp-block-button is-style-fill\"><a class=\"wp-block-button__link wp-element-button\" href=\"https:\/\/dev.oenobrands.com\/solution\/alcoholic-fermentation\/yeast-choice\/\" target=\"_blank\" rel=\"noreferrer noopener\">Scelta del lievito<\/a><\/div>\n\n\n\n<div class=\"wp-block-button is-style-fill\"><a class=\"wp-block-button__link wp-element-button\" href=\"https:\/\/dev.oenobrands.com\/key-positive-aroma-compounds\/\" target=\"_blank\" rel=\"noreferrer noopener\">Composti aromatici<\/a><\/div>\n<\/div>\n<\/div>\n<\/div>\n<\/div><\/div>\n\n\n\n<div style=\"height:30px\" aria-hidden=\"true\" class=\"wp-block-spacer\"><\/div>\n<\/div>\n\n\n\n<div class=\"wp-block-column is-layout-flow wp-block-column-is-layout-flow\">\n<h2 class=\"wp-block-heading\"><strong>Cerchi qualcos\u2019altro?<\/strong><\/h2>\n\n\n\n<div style=\"height:30px\" aria-hidden=\"true\" class=\"wp-block-spacer\"><\/div>\n\n\n\n<p>Visita la nostra sezione \u201cSoluzioni\u201d, dove offriamo consulenza esperta, conoscenze pratiche e approcci innovativi organizzati secondo il processo di vinificazione. <strong>Dalla fermentazione alla filtrazione e all\u2019imbottigliamento, ti accompagniamo con soluzioni per ottimizzare ogni fase del tuo processo di vinificazione.<\/strong><\/p>\n\n\n\n<div style=\"height:30px\" aria-hidden=\"true\" class=\"wp-block-spacer\"><\/div>\n\n\n\n<div class=\"wp-block-columns are-vertically-aligned-center is-layout-flex wp-container-core-columns-is-layout-9d6595d7 wp-block-columns-is-layout-flex\">\n<div class=\"wp-block-column is-vertically-aligned-center is-layout-flow wp-block-column-is-layout-flow\" style=\"flex-basis:100%\">\n<div class=\"wp-block-buttons is-content-justification-center is-layout-flex wp-container-core-buttons-is-layout-16018d1d wp-block-buttons-is-layout-flex\">\n<div class=\"wp-block-button is-style-fill\"><a class=\"wp-block-button__link wp-element-button\" href=\"https:\/\/dev.oenobrands.com\/solution\/\" target=\"_blank\" rel=\"noreferrer noopener\">Soluzioni enologiche avanzate<\/a><\/div>\n<\/div>\n<\/div>\n<\/div>\n<\/div>\n<\/div>\n\n\n\n<hr class=\"wp-block-separator has-text-color has-black-color has-alpha-channel-opacity has-black-background-color has-background\"\/>\n\n\n\n<div style=\"height:30px\" aria-hidden=\"true\" class=\"wp-block-spacer\"><\/div>\n\n\n\n<div class=\"wp-block-columns is-layout-flex wp-container-core-columns-is-layout-9d6595d7 wp-block-columns-is-layout-flex\">\n<div class=\"wp-block-column is-vertically-aligned-center is-layout-flow wp-block-column-is-layout-flow\" style=\"flex-basis:30%\">\n<h1 class=\"wp-block-heading has-text-color\" style=\"color:#00205c\">Scopri la gamma ANCHOR<\/h1>\n\n\n\n<div style=\"height:20px\" aria-hidden=\"true\" class=\"wp-block-spacer\"><\/div>\n\n\n\n<div class=\"wp-block-buttons is-content-justification-center is-layout-flex wp-container-core-buttons-is-layout-16018d1d wp-block-buttons-is-layout-flex\">\n<div class=\"wp-block-button\"><a class=\"wp-block-button__link has-background wp-element-button\" href=\"https:\/\/dev.oenobrands.com\/product\/yeast\/anchor-yeast\/\" style=\"background-color:#545859\" target=\"_blank\" rel=\"noreferrer noopener\">ANCHOR yeast<\/a><\/div>\n<\/div>\n<\/div>\n\n\n\n<div class=\"wp-block-column is-layout-flow wp-block-column-is-layout-flow\" style=\"flex-basis:10%\"><\/div>\n\n\n\n<div class=\"wp-block-column is-layout-flow wp-block-column-is-layout-flow\"><div class=\"wp-block-image\">\n<figure class=\"aligncenter size-full is-resized\"><img loading=\"lazy\" decoding=\"async\" width=\"776\" height=\"240\" src=\"https:\/\/dev.oenobrands.com\/wp-content\/uploads\/2023\/04\/Oenobrands-Anchor-logo-1.png\" alt=\"Anchor-logo\" class=\"wp-image-2447\" style=\"width:350px\" srcset=\"https:\/\/dev.oenobrands.com\/wp-content\/uploads\/2023\/04\/Oenobrands-Anchor-logo-1.png 776w, https:\/\/dev.oenobrands.com\/wp-content\/uploads\/2023\/04\/Oenobrands-Anchor-logo-1-300x93.png 300w, https:\/\/dev.oenobrands.com\/wp-content\/uploads\/2023\/04\/Oenobrands-Anchor-logo-1-768x238.png 768w\" sizes=\"auto, (max-width: 776px) 100vw, 776px\" \/><\/figure>\n<\/div><\/div>\n<\/div>\n\n\n\n<div style=\"height:50px\" aria-hidden=\"true\" class=\"wp-block-spacer\"><\/div>\n","protected":false},"excerpt":{"rendered":"<p>Legacy WE 372 Lievito Saccharomyces cerevisiae per la produzione di vini rossi aromatici e morbidi. APPLICAZIONE WE 372 esalta gli aromi di frutti rossi e note floreali nei vini rossi. \u00c8 raccomandato per la vinificazione della maggior parte delle variet\u00e0 di uve rosse: Cabernet Sauvignon, Cabernet Franc, Merlot, Shiraz\/Syrah, Pinotage e Pinot nero. WE 372 [&hellip;]<\/p>\n","protected":false},"author":3,"featured_media":0,"parent":20935,"menu_order":14,"comment_status":"closed","ping_status":"closed","template":"page-product.php","meta":{"_acf_changed":false,"_seopress_robots_primary_cat":"0","_seopress_titles_title":"","_seopress_titles_desc":"","_seopress_robots_index":"","_seopress_analysis_target_kw":"","footnotes":""},"class_list":["post-21558","page","type-page","status-publish"],"acf":[],"_links":{"self":[{"href":"https:\/\/dev.oenobrands.com\/it\/wp-json\/wp\/v2\/pages\/21558","targetHints":{"allow":["GET"]}}],"collection":[{"href":"https:\/\/dev.oenobrands.com\/it\/wp-json\/wp\/v2\/pages"}],"about":[{"href":"https:\/\/dev.oenobrands.com\/it\/wp-json\/wp\/v2\/types\/page"}],"author":[{"embeddable":true,"href":"https:\/\/dev.oenobrands.com\/it\/wp-json\/wp\/v2\/users\/3"}],"replies":[{"embeddable":true,"href":"https:\/\/dev.oenobrands.com\/it\/wp-json\/wp\/v2\/comments?post=21558"}],"version-history":[{"count":0,"href":"https:\/\/dev.oenobrands.com\/it\/wp-json\/wp\/v2\/pages\/21558\/revisions"}],"up":[{"embeddable":true,"href":"https:\/\/dev.oenobrands.com\/it\/wp-json\/wp\/v2\/pages\/20935"}],"wp:attachment":[{"href":"https:\/\/dev.oenobrands.com\/it\/wp-json\/wp\/v2\/media?parent=21558"}],"curies":[{"name":"wp","href":"https:\/\/api.w.org\/{rel}","templated":true}]}}