{"id":21005,"date":"2022-10-19T22:00:35","date_gmt":"2022-10-19T20:00:35","guid":{"rendered":"https:\/\/dev.oenobrands.com\/prodotto\/mannoprotein\/claristar\/"},"modified":"2025-11-24T16:41:56","modified_gmt":"2025-11-24T15:41:56","slug":"claristar","status":"publish","type":"page","link":"https:\/\/dev.oenobrands.com\/it\/prodotto\/mannoproteine\/claristar\/","title":{"rendered":"CLARISTAR"},"content":{"rendered":"\n<div style=\"height:50px\" aria-hidden=\"true\" class=\"wp-block-spacer\"><\/div>\n\n<h2 class=\"wp-block-heading has-text-color\" style=\"color:#01426a\">Claristar<sup>\u00ae <\/sup>\u2013 Stabilizza e Migliora<\/h2>\n\n<div style=\"height:40px\" aria-hidden=\"true\" class=\"wp-block-spacer\"><\/div>\n\n<div class=\"wp-block-columns is-layout-flex wp-container-core-columns-is-layout-9d6595d7 wp-block-columns-is-layout-flex\">\n<div class=\"wp-block-column is-layout-flow wp-block-column-is-layout-flow\">\n<p>Lanciato nel 2007, Claristar presenta propriet\u00e0 stabilizzanti uniche, permettendo di inibire la precipitazione del tartrato acido di potassio.<\/p>\n\n\n\n<p>Claristar\u00ae \u00e8 la prima mannoproteina di lievito liquida al mondo ed \u00e8 indicata per l\u2019uso nella produzione di vini convenzionali e biologici (UE e NOP).<\/p>\n<\/div>\n\n\n\n<div class=\"wp-block-column is-layout-flow wp-block-column-is-layout-flow\"><div class=\"wp-block-image\">\n<figure class=\"aligncenter size-full\"><img decoding=\"async\" src=\"https:\/\/dev.oenobrands.com\/wp-content\/uploads\/2023\/04\/Oenobrands-Claristar-logo-1-e1683712728273.png\" alt=\"Logo delle mannoproteine Claristar di Oenobrands\" class=\"wp-image-2449\"\/><\/figure>\n<\/div><\/div>\n<\/div>\n\n<p><br\/>Il processo di produzione brevettato consente a Oenobrands di fornire una soluzione purificata di specifiche mannoproteine di lievito, estratte da <em>Saccharomyces cerevisiae<\/em>. Claristar \u00e8 la mannoproteina pi\u00f9 efficiente sul mercato, poich\u00e9 contiene la frazione di mannoproteine con il pi\u00f9 alto Indice di Stabilit\u00e0 Tartica (TSI). La sua applicazione \u00e8 estremamente semplice: Claristar viene aggiunto direttamente al vino prima della filtrazione e si omogeneizza facilmente.  <\/p>\n\n<div style=\"height:40px\" aria-hidden=\"true\" class=\"wp-block-spacer\"><\/div>\n\n<h2 class=\"wp-block-heading\">CLARISTAR \u00c8 ADATTO ALLA STABILIZZAZIONE DEI VINI FERMI ROSSI, BIANCHI E ROSATI<\/h2>\n\n<div style=\"height:40px\" aria-hidden=\"true\" class=\"wp-block-spacer\"><\/div>\n\n<p>Grazie agli anni dedicati allo sviluppo e alla validazione, <strong>\u00e8 stato messo a punto un metodo analitico di riferimento<\/strong> per determinare il livello di instabilit\u00e0 tartarica nei vini rossi, bianchi e rosati, e per definire il dosaggio di mannoproteine necessario per stabilizzare il vino. Il protocollo conferma poi la stabilit\u00e0 ottenuta con il dosaggio determinato tramite analisi. <\/p>\n\n<div style=\"height:40px\" aria-hidden=\"true\" class=\"wp-block-spacer\"><\/div>\n\n<div class=\"wp-block-columns is-layout-flex wp-container-core-columns-is-layout-9d6595d7 wp-block-columns-is-layout-flex\">\n<div class=\"wp-block-column is-vertically-aligned-stretch has-background is-layout-flow wp-block-column-is-layout-flow\" style=\"background-color:#64a70b\">\n<p class=\"has-white-color has-text-color has-medium-font-size\" style=\"letter-spacing:1px\">La stabilizzazione tartarica ottenuta con questo <strong>metodo sviluppato con Claristar \u00e8 sicura, semplice e immediata<\/strong>, e offre anche indiscutibili vantaggi qualitativi e organolettici.<\/p>\n<\/div>\n\n\n\n<div class=\"wp-block-column is-vertically-aligned-stretch has-background is-layout-flow wp-block-column-is-layout-flow\" style=\"background-color:#64a70b\">\n<p class=\"has-white-color has-text-color has-medium-font-size\" style=\"letter-spacing:1px\">Questo prodotto liquido, immediatamente miscibile nel vino, <strong>migliora le caratteristiche organolettiche del vino stesso<\/strong>, inclusa l\u2019espressione aromatica e <strong>la capacit\u00e0 di mantenere colore e acidit\u00e0 naturale.<\/strong><\/p>\n<\/div>\n\n\n\n<div class=\"wp-block-column is-vertically-aligned-stretch has-background is-layout-flow wp-block-column-is-layout-flow\" style=\"background-color:#64a70b\">\n<p class=\"has-white-color has-text-color has-medium-font-size\" style=\"letter-spacing:1px\">Gli assaggiatori hanno inoltre notato <strong>che la sensazione di rotondit\u00e0 e volume al palato aumenta<\/strong> <strong>e che gli aromi freschi vengono mantenuti <\/strong>durante la conservazione, soprattutto in relazione ad altre tecniche come il trattamento a freddo.<\/p>\n<\/div>\n<\/div>\n\n<div style=\"height:50px\" aria-hidden=\"true\" class=\"wp-block-spacer\"><\/div>\n<div class=\"wp-block-image\">\n<figure class=\"aligncenter size-full\"><img loading=\"lazy\" decoding=\"async\" width=\"1200\" height=\"351\" src=\"https:\/\/dev.oenobrands.com\/wp-content\/uploads\/2023\/05\/Claristar-bandeau-1200.png\" alt=\"Claristar-bandeau-1200\" class=\"wp-image-4122\" srcset=\"https:\/\/dev.oenobrands.com\/wp-content\/uploads\/2023\/05\/Claristar-bandeau-1200.png 1200w, https:\/\/dev.oenobrands.com\/wp-content\/uploads\/2023\/05\/Claristar-bandeau-1200-300x88.png 300w, https:\/\/dev.oenobrands.com\/wp-content\/uploads\/2023\/05\/Claristar-bandeau-1200-1024x300.png 1024w, https:\/\/dev.oenobrands.com\/wp-content\/uploads\/2023\/05\/Claristar-bandeau-1200-768x225.png 768w\" sizes=\"auto, (max-width: 1200px) 100vw, 1200px\" \/><\/figure>\n<\/div>\n<div style=\"height:50px\" aria-hidden=\"true\" class=\"wp-block-spacer\"><\/div>\n\n<div style=\"height:50px\" aria-hidden=\"true\" class=\"wp-block-spacer\"><\/div>\n\n<div class=\"wp-block-columns is-layout-flex wp-container-core-columns-is-layout-9d6595d7 wp-block-columns-is-layout-flex\">\n<div class=\"wp-block-column is-layout-flow wp-block-column-is-layout-flow\">\n<h2 class=\"wp-block-heading has-text-align-left\"><strong>Cosa sono le mannoproteine \u200b\u200bdel lievito?<\/strong><\/h2>\n\n\n\n<div class=\"wp-block-buttons is-content-justification-center is-layout-flex wp-container-core-buttons-is-layout-16018d1d wp-block-buttons-is-layout-flex\">\n<div class=\"wp-block-button\"><a class=\"wp-block-button__link wp-element-button\" href=\"https:\/\/dev.oenobrands.com\/yeast-derivates-production\/\" target=\"_blank\" rel=\"noreferrer noopener\">Produzione di mannoproteine \u200b\u200bdel lievito<\/a><\/div>\n<\/div>\n\n\n\n<div style=\"height:50px\" aria-hidden=\"true\" class=\"wp-block-spacer\"><\/div>\n<\/div>\n<\/div>\n","protected":false},"excerpt":{"rendered":"<p>Claristar\u00ae \u2013 Stabilizza e Migliora Lanciato nel 2007, Claristar presenta propriet\u00e0 stabilizzanti uniche, permettendo di inibire la precipitazione del tartrato acido di potassio. Claristar\u00ae \u00e8 la prima mannoproteina di lievito liquida al mondo ed \u00e8 indicata per l\u2019uso nella produzione di vini convenzionali e biologici (UE e NOP). Il processo di produzione brevettato consente a [&hellip;]<\/p>\n","protected":false},"author":3,"featured_media":0,"parent":21003,"menu_order":1,"comment_status":"closed","ping_status":"closed","template":"page-premier-products-list.php","meta":{"_acf_changed":false,"_seopress_robots_primary_cat":"0","_seopress_titles_title":"","_seopress_titles_desc":"","_seopress_robots_index":"","_seopress_analysis_target_kw":"","footnotes":""},"class_list":["post-21005","page","type-page","status-publish"],"acf":[],"_links":{"self":[{"href":"https:\/\/dev.oenobrands.com\/it\/wp-json\/wp\/v2\/pages\/21005","targetHints":{"allow":["GET"]}}],"collection":[{"href":"https:\/\/dev.oenobrands.com\/it\/wp-json\/wp\/v2\/pages"}],"about":[{"href":"https:\/\/dev.oenobrands.com\/it\/wp-json\/wp\/v2\/types\/page"}],"author":[{"embeddable":true,"href":"https:\/\/dev.oenobrands.com\/it\/wp-json\/wp\/v2\/users\/3"}],"replies":[{"embeddable":true,"href":"https:\/\/dev.oenobrands.com\/it\/wp-json\/wp\/v2\/comments?post=21005"}],"version-history":[{"count":0,"href":"https:\/\/dev.oenobrands.com\/it\/wp-json\/wp\/v2\/pages\/21005\/revisions"}],"up":[{"embeddable":true,"href":"https:\/\/dev.oenobrands.com\/it\/wp-json\/wp\/v2\/pages\/21003"}],"wp:attachment":[{"href":"https:\/\/dev.oenobrands.com\/it\/wp-json\/wp\/v2\/media?parent=21005"}],"curies":[{"name":"wp","href":"https:\/\/api.w.org\/{rel}","templated":true}]}}