{"id":20541,"date":"2022-10-19T21:46:12","date_gmt":"2022-10-19T19:46:12","guid":{"rendered":"https:\/\/dev.oenobrands.com\/fermivin\/"},"modified":"2025-11-15T15:24:40","modified_gmt":"2025-11-15T14:24:40","slug":"fermivin","status":"publish","type":"page","link":"https:\/\/dev.oenobrands.com\/it\/prodotto\/lieviti\/fermivin\/","title":{"rendered":"FERMIVIN"},"content":{"rendered":"\n<div style=\"height:50px\" aria-hidden=\"true\" class=\"wp-block-spacer\"><\/div>\n<div class=\"wp-block-image\">\n<figure class=\"aligncenter size-full is-resized\"><img alt=\"\" loading=\"lazy\" decoding=\"async\" width=\"1678\" height=\"451\" src=\"https:\/\/dev.oenobrands.com\/wp-content\/uploads\/2024\/05\/header-fermivin-page.png\" alt=\"\" class=\"wp-image-7182\" style=\"width:822px;height:auto\" srcset=\"https:\/\/dev.oenobrands.com\/wp-content\/uploads\/2024\/05\/header-fermivin-page.png 1678w, https:\/\/dev.oenobrands.com\/wp-content\/uploads\/2024\/05\/header-fermivin-page-300x81.png 300w, https:\/\/dev.oenobrands.com\/wp-content\/uploads\/2024\/05\/header-fermivin-page-1024x275.png 1024w, https:\/\/dev.oenobrands.com\/wp-content\/uploads\/2024\/05\/header-fermivin-page-768x206.png 768w, https:\/\/dev.oenobrands.com\/wp-content\/uploads\/2024\/05\/header-fermivin-page-1536x413.png 1536w\" sizes=\"auto, (max-width: 1678px) 100vw, 1678px\" \/><\/figure>\n<\/div>\n<div style=\"height:50px\" aria-hidden=\"true\" class=\"wp-block-spacer\"><\/div>\n\n<div class=\"wp-block-group has-background\" style=\"background-color:#f7f7f7\"><div class=\"wp-block-group__inner-container is-layout-constrained wp-block-group-is-layout-constrained\">\n<div class=\"wp-block-group\"><div class=\"wp-block-group__inner-container is-layout-constrained wp-block-group-is-layout-constrained\">\n<div style=\"height:30px\" aria-hidden=\"true\" class=\"wp-block-spacer\"><\/div>\n\n\n\n<h2 class=\"wp-block-heading\"><strong><strong>Portfolio Fermivin in poche parole<\/strong><\/strong><\/h2>\n\n\n\n<div style=\"height:30px\" aria-hidden=\"true\" class=\"wp-block-spacer\"><\/div>\n\n\n\n<div class=\"wp-block-columns has-background is-layout-flex wp-container-core-columns-is-layout-9d6595d7 wp-block-columns-is-layout-flex\" style=\"background-color:#f7f7f7\">\n<div class=\"wp-block-column is-layout-flow wp-block-column-is-layout-flow\">\n<p><strong>Orgogliosi di oltre 50 anni <\/strong>di esperienza nella selezione, produzione e commercializzazione dei lieviti, <strong>Oenobrands continua a introdurre nuove soluzioni <\/strong>di fermentazione con questo portfolio di lieviti enologici Fermivin, che include ceppi di <em>Saccharomyces <\/em>e non-<em>Saccharomyces<\/em>, compreso il primo <em>Hanseniaspora<\/em> <em>vineae <\/em>sul mercato (alias Fermivin VINAE).<br\/><\/p>\n<\/div>\n\n\n\n<div class=\"wp-block-column is-layout-flow wp-block-column-is-layout-flow\" style=\"flex-basis:5%\">\n<p><\/p>\n<\/div>\n\n\n\n<div class=\"wp-block-column is-layout-flow wp-block-column-is-layout-flow\">\n<p><strong><em>\u201cPer ogni ceppo, una performance\u201d<\/em><\/strong>: ogni ceppo \u00e8 stato scelto per soddisfare le esigenze dell\u2019industria vinicola. <strong>I nostri istituti partner hanno testato e validato<\/strong> ogni lievito per metterne in evidenza le caratteristiche distintive e fornire ai produttori soluzioni ben definite. Ogni ceppo Fermivin valorizza una caratteristica specifica (cri\u00f2filo, rivelatore di aromi tiolici, produttore di esteri elevati, rilascio di polisaccaridi, ecc.). <\/p>\n<\/div>\n<\/div>\n<\/div><\/div>\n<\/div><\/div>\n\n<p><strong>I ceppi Fermivin presentano gli stessi vantaggi<\/strong>: fermentazione completa, conversione aromatica efficiente, bassa schiuma, bassa acidit\u00e0 volatile e assenza di aromi sgradevoli. I nostri stabilimenti producono, essiccano e testano i lieviti per garantirne autenticit\u00e0, prestazioni e qualit\u00e0. <\/p>\n\n<div style=\"height:50px\" aria-hidden=\"true\" class=\"wp-block-spacer\"><\/div>\n\n<div class=\"wp-block-columns are-vertically-aligned-top is-layout-flex wp-container-core-columns-is-layout-9d6595d7 wp-block-columns-is-layout-flex\">\n<div class=\"wp-block-column is-vertically-aligned-top has-black-color has-text-color is-layout-flow wp-block-column-is-layout-flow\">\n<h2 class=\"wp-block-heading has-black-color has-text-color\" style=\"text-transform:uppercase\"><strong>STORIA ORGOGLIOSA E FUTURO LUMINOSO DI UNA GAMMA COMPLETA DI LIEVITI POTENTI<\/strong><\/h2>\n\n\n\n<div style=\"height:100px\" aria-hidden=\"true\" class=\"wp-block-spacer\"><\/div>\n<\/div>\n\n\n\n<div class=\"wp-block-column is-vertically-aligned-top is-layout-flow wp-block-column-is-layout-flow\" style=\"flex-basis:20%\"><div class=\"wp-block-image\">\n<figure class=\"aligncenter size-medium is-resized\"><img loading=\"lazy\" decoding=\"async\" width=\"128\" height=\"300\" src=\"https:\/\/dev.oenobrands.com\/wp-content\/uploads\/2023\/05\/FERMIVIN-Proud-history-bright-future-v-128x300.png\" alt=\"FERMIVIN-Storia-orgogliosa-futuro-luminoso-v\" class=\"wp-image-4175\" style=\"width:96px;height:225px\" srcset=\"https:\/\/dev.oenobrands.com\/wp-content\/uploads\/2023\/05\/FERMIVIN-Proud-history-bright-future-v-128x300.png 128w, https:\/\/dev.oenobrands.com\/wp-content\/uploads\/2023\/05\/FERMIVIN-Proud-history-bright-future-v.png 203w\" sizes=\"auto, (max-width: 128px) 100vw, 128px\" \/><\/figure>\n<\/div><\/div>\n\n\n\n<div class=\"wp-block-column is-vertically-aligned-top has-black-color has-text-color is-layout-flow wp-block-column-is-layout-flow\">\n<p class=\"has-black-color has-text-color\">Tutto inizi\u00f2 negli anni \u201970 con tre ceppi fondatori selezionati in collaborazione tra Gist-Brocades e INRAe e prodotti come Instant Dry Yeast (<strong>il termine originale dell\u2019attuale lievito <\/strong>secco attivo). Poi, passo dopo passo, <strong>la linea Fermivin \u00e8 cresciuta, si \u00e8 ampliata, \u00e8 stata commercializzata ed \u00e8 stata arricchita con nuovi ceppi selezionati per creare una vera \u201cfamiglia\u201d di lieviti <\/strong>adattati a diverse condizioni e itinerari di vinificazione. <\/p>\n<\/div>\n<\/div>\n\n<div style=\"height:30px\" aria-hidden=\"true\" class=\"wp-block-spacer\"><\/div>\n\n<div class=\"wp-block-group has-background\" style=\"background-color:#f7f7f7\"><div class=\"wp-block-group__inner-container is-layout-constrained wp-block-group-is-layout-constrained\">\n<div style=\"height:30px\" aria-hidden=\"true\" class=\"wp-block-spacer\"><\/div>\n\n\n\n<h2 class=\"wp-block-heading\"><strong>Differenziazione delle specie di lievito<\/strong><\/h2>\n\n\n\n<p class=\"has-background\" style=\"background-color:#f7f7f7\">Nel 2022, quando abbiamo introdotto un ceppo non <em>Saccharomyces<\/em><strong>, abbiamo dovuto creare un segno distintivo per differenziare i Sacc. dai non-Sacc. <\/strong>, ed \u00e8 cos\u00ec che sono nati gli emblemi <strong>Unity <\/strong>e <strong>Synergy.<\/strong><\/p>\n\n\n\n<div style=\"height:20px\" aria-hidden=\"true\" class=\"wp-block-spacer\"><\/div>\n<\/div><\/div>\n\n<div class=\"wp-block-columns has-background is-layout-flex wp-container-core-columns-is-layout-9d6595d7 wp-block-columns-is-layout-flex\" style=\"background-color:#f7f7f7\">\n<div class=\"wp-block-column is-layout-flow wp-block-column-is-layout-flow\">\n<h4 class=\"wp-block-heading\"><strong>\u201cUNITY\u201d significa lo stato di essere uniti o riuniti in un tutto unico.<\/strong><\/h4>\n\n\n\n<div style=\"height:60px\" aria-hidden=\"true\" class=\"wp-block-spacer\"><\/div>\n\n\n<div class=\"wp-block-image\">\n<figure class=\"aligncenter size-full is-resized\"><img loading=\"lazy\" decoding=\"async\" width=\"520\" height=\"172\" src=\"https:\/\/dev.oenobrands.com\/wp-content\/uploads\/2023\/05\/FERMIVIN-unity-4f9-1.png\" alt=\"FERMIVIN-unity-4f9\" class=\"wp-image-5006\" style=\"width:390px;height:129px\" srcset=\"https:\/\/dev.oenobrands.com\/wp-content\/uploads\/2023\/05\/FERMIVIN-unity-4f9-1.png 520w, https:\/\/dev.oenobrands.com\/wp-content\/uploads\/2023\/05\/FERMIVIN-unity-4f9-1-300x99.png 300w\" sizes=\"auto, (max-width: 520px) 100vw, 520px\" \/><\/figure>\n<\/div>\n\n\n<div style=\"height:25px\" aria-hidden=\"true\" class=\"wp-block-spacer\"><\/div>\n\n\n\n<p>Questa gamma comprende ceppi <strong><em>Fermivin di Saccharomyces cerevisiae <\/em><\/strong>che sono fermentatori potenti, offrendo sicurezza e affidabilit\u00e0. I nomi dei prodotti sono acronimi che corrispondono alla caratteristica principale del ceppo o al numero di selezione. <\/p>\n<\/div>\n\n\n\n<div class=\"wp-block-column is-layout-flow wp-block-column-is-layout-flow\" style=\"flex-basis:150px\"><\/div>\n\n\n\n<div class=\"wp-block-column is-layout-flow wp-block-column-is-layout-flow\">\n<h4 class=\"wp-block-heading\"><strong>\u201cSYNERGY\u201d si riferisce all\u2019interazione o alla collaborazione di due o pi\u00f9 agenti che produce un\u2019influenza maggiore della somma dei loro effetti separati.<\/strong><\/h4>\n\n\n\n<div style=\"height:10px\" aria-hidden=\"true\" class=\"wp-block-spacer\"><\/div>\n\n\n<div class=\"wp-block-image\">\n<figure class=\"aligncenter size-full is-resized\"><img loading=\"lazy\" decoding=\"async\" width=\"520\" height=\"172\" src=\"https:\/\/dev.oenobrands.com\/wp-content\/uploads\/2023\/05\/FERMIVIN-sinergy-vineae-1.png\" alt=\"FERMIVIN-sinergy-vineae\" class=\"wp-image-5008\" style=\"width:390px;height:129px\" srcset=\"https:\/\/dev.oenobrands.com\/wp-content\/uploads\/2023\/05\/FERMIVIN-sinergy-vineae-1.png 520w, https:\/\/dev.oenobrands.com\/wp-content\/uploads\/2023\/05\/FERMIVIN-sinergy-vineae-1-300x99.png 300w\" sizes=\"auto, (max-width: 520px) 100vw, 520px\" \/><\/figure>\n<\/div>\n\n\n<div style=\"height:20px\" aria-hidden=\"true\" class=\"wp-block-spacer\"><\/div>\n\n\n\n<p>Questa gamma comprende la nostra <em><strong>Hanseniaspora vineae<\/strong> e il <\/em>prossimo ceppo non-<em>Saccharomyces<\/em> che verr\u00e0 rilasciato, rappresentando la novit\u00e0, il futuro e quel qualcosa in pi\u00f9 che render\u00e0 i vini differenti.<\/p>\n<\/div>\n<\/div>\n\n<div style=\"height:50px\" aria-hidden=\"true\" class=\"wp-block-spacer\"><\/div>\n\n<div class=\"wp-block-group\"><div class=\"wp-block-group__inner-container is-layout-constrained wp-block-group-is-layout-constrained\">\n<div class=\"wp-block-columns are-vertically-aligned-center has-background is-layout-flex wp-container-core-columns-is-layout-9d6595d7 wp-block-columns-is-layout-flex\" style=\"background-color:#accc51\">\n<div class=\"wp-block-column is-vertically-aligned-center has-background is-layout-flow wp-block-column-is-layout-flow\" style=\"background-color:#accc51\">\n<div style=\"height:40px\" aria-hidden=\"true\" class=\"wp-block-spacer\"><\/div>\n\n\n\n<h2 class=\"wp-block-heading has-text-color\" id=\"block-296216b5-5972-4554-b537-68cfc5829aae\" style=\"color:#3f3e3a;text-transform:uppercase\"><strong>Differenziazione Della Produzione Di Lievito<\/strong><\/h2>\n\n\n\n<div style=\"height:40px\" aria-hidden=\"true\" class=\"wp-block-spacer\"><\/div>\n<\/div>\n\n\n\n<div class=\"wp-block-column is-vertically-aligned-center is-layout-flow wp-block-column-is-layout-flow\" style=\"flex-basis:20%\"><div class=\"wp-block-image\">\n<figure class=\"aligncenter size-full is-resized\"><img loading=\"lazy\" decoding=\"async\" width=\"166\" height=\"166\" src=\"https:\/\/dev.oenobrands.com\/wp-content\/uploads\/2024\/05\/ILR-In-Line-Ready-Fermivin-1.png\" alt=\"ILR-In-Line-Ready-fermivin\" class=\"wp-image-6797\" style=\"object-fit:cover;width:165px;height:165px\" srcset=\"https:\/\/dev.oenobrands.com\/wp-content\/uploads\/2024\/05\/ILR-In-Line-Ready-Fermivin-1.png 166w, https:\/\/dev.oenobrands.com\/wp-content\/uploads\/2024\/05\/ILR-In-Line-Ready-Fermivin-1-150x150.png 150w\" sizes=\"auto, (max-width: 166px) 100vw, 166px\" \/><\/figure>\n<\/div><\/div>\n\n\n\n<div class=\"wp-block-column is-vertically-aligned-center has-white-color has-text-color has-background is-layout-flow wp-block-column-is-layout-flow\" style=\"background-color:#accc51\">\n<p class=\"has-text-color\" style=\"color:#3f3e3a;font-style:normal;font-weight:600\">Dal 2013 offriamo diverse variet\u00e0 in versione classica e In-Line Ready.<\/p>\n\n\n\n<p class=\"has-text-color\" style=\"color:#3f3e3a;font-style:normal;font-weight:600\">I documenti e le confezioni relative a In-Line Ready mostrano il logo.<\/p>\n<\/div>\n<\/div>\n\n\n\n<div class=\"wp-block-columns has-background is-layout-flex wp-container-core-columns-is-layout-9d6595d7 wp-block-columns-is-layout-flex\" style=\"background-color:#accc51\">\n<div class=\"wp-block-column is-layout-flow wp-block-column-is-layout-flow\">\n<h2 class=\"wp-block-heading\" style=\"text-transform:uppercase\">La chiave della popolarit\u00e0 di In-Line Ready \u00e8 il suo processo specifico di moltiplicazione e produzione.<\/h2>\n\n\n\n<div style=\"height:30px\" aria-hidden=\"true\" class=\"wp-block-spacer\"><\/div>\n\n\n\n<p>Questo approccio mirato rafforza il lievito, <strong>rendendolo pi\u00f9 resistente agli stress <\/strong>della aggiunta diretta, come basse temperature e acidit\u00e0. <\/p>\n<\/div>\n\n\n\n<div class=\"wp-block-column is-layout-flow wp-block-column-is-layout-flow\" style=\"flex-basis:6px\"><\/div>\n\n\n\n<div class=\"wp-block-column is-layout-flow wp-block-column-is-layout-flow\">\n<p>Il risultato \u00e8 un lievito pi\u00f9 vitale e adattabile rispetto al lievito prodotto in modo classico che viene aggiunto direttamente.<\/p>\n\n\n\n<div style=\"height:30px\" aria-hidden=\"true\" class=\"wp-block-spacer\"><\/div>\n\n\n\n<p>Inoltre, questo processo permette <strong>al lievito di affrontare le sfide della fermentazione<\/strong> con una velocit\u00e0 simile ai lieviti Fermivin prodotti in modo classico e aggiunti dopo un protocollo di reidratazione.<\/p>\n<\/div>\n<\/div>\n\n\n\n<div style=\"height:50px\" aria-hidden=\"true\" class=\"wp-block-spacer\"><\/div>\n<\/div><\/div>\n\n<div class=\"wp-block-columns is-layout-flex wp-container-core-columns-is-layout-9d6595d7 wp-block-columns-is-layout-flex\">\n<div class=\"wp-block-column is-layout-flow wp-block-column-is-layout-flow\">\n<h2 class=\"wp-block-heading has-text-align-center\"><strong>Come puoi trovare il tuo lievito nel portafoglio fermivin?<br\/><\/strong><\/h2>\n\n\n\n<div class=\"wp-block-buttons is-content-justification-center is-layout-flex wp-container-core-buttons-is-layout-16018d1d wp-block-buttons-is-layout-flex\">\n<div class=\"wp-block-button\"><a class=\"wp-block-button__link wp-element-button\" href=\"https:\/\/dev.oenobrands.com\/product\/yeast\/yeast-choice-2\/\" target=\"_blank\" rel=\"noreferrer noopener\">Lievito Fermivin<\/a><\/div>\n<\/div>\n\n\n\n<div style=\"height:50px\" aria-hidden=\"true\" class=\"wp-block-spacer\"><\/div>\n<\/div>\n\n\n\n<div class=\"wp-block-column is-layout-flow wp-block-column-is-layout-flow\" style=\"flex-basis:5px\"><\/div>\n\n\n\n<div class=\"wp-block-column is-layout-flow wp-block-column-is-layout-flow\">\n<h2 class=\"wp-block-heading has-text-align-center\"><strong>Scopri di pi\u00f9 sulla produzione di lievito<\/strong><\/h2>\n\n\n\n<div class=\"wp-block-buttons is-content-justification-center is-layout-flex wp-container-core-buttons-is-layout-16018d1d wp-block-buttons-is-layout-flex\">\n<div class=\"wp-block-button\"><a class=\"wp-block-button__link wp-element-button\" href=\"https:\/\/dev.oenobrands.com\/yeast-production\/\">Produzione di lievito<\/a><\/div>\n<\/div>\n\n\n\n<div style=\"height:30px\" aria-hidden=\"true\" class=\"wp-block-spacer\"><\/div>\n<\/div>\n<\/div>\n\n<div style=\"height:50px\" aria-hidden=\"true\" class=\"wp-block-spacer\"><\/div>\n\n<h2 class=\"wp-block-heading\"><strong>Scopri la nostra gamma di lieviti Fermivin :<\/strong><\/h2>\n\n<div style=\"height:50px\" aria-hidden=\"true\" class=\"wp-block-spacer\"><\/div>\n","protected":false},"excerpt":{"rendered":"<p>Portfolio Fermivin in poche parole Orgogliosi di oltre 50 anni di esperienza nella selezione, produzione e commercializzazione dei lieviti, Oenobrands continua a introdurre nuove soluzioni di fermentazione con questo portfolio di lieviti enologici Fermivin, che include ceppi di Saccharomyces e non-Saccharomyces, compreso il primo Hanseniaspora vineae sul mercato (alias Fermivin VINAE). \u201cPer ogni ceppo, una [&hellip;]<\/p>\n","protected":false},"author":3,"featured_media":20549,"parent":20700,"menu_order":1,"comment_status":"closed","ping_status":"closed","template":"","meta":{"_acf_changed":false,"_seopress_robots_primary_cat":"0","_seopress_titles_title":"","_seopress_titles_desc":"","_seopress_robots_index":"","_seopress_analysis_target_kw":"","footnotes":""},"class_list":["post-20541","page","type-page","status-publish","has-post-thumbnail"],"acf":[],"_links":{"self":[{"href":"https:\/\/dev.oenobrands.com\/it\/wp-json\/wp\/v2\/pages\/20541","targetHints":{"allow":["GET"]}}],"collection":[{"href":"https:\/\/dev.oenobrands.com\/it\/wp-json\/wp\/v2\/pages"}],"about":[{"href":"https:\/\/dev.oenobrands.com\/it\/wp-json\/wp\/v2\/types\/page"}],"author":[{"embeddable":true,"href":"https:\/\/dev.oenobrands.com\/it\/wp-json\/wp\/v2\/users\/3"}],"replies":[{"embeddable":true,"href":"https:\/\/dev.oenobrands.com\/it\/wp-json\/wp\/v2\/comments?post=20541"}],"version-history":[{"count":0,"href":"https:\/\/dev.oenobrands.com\/it\/wp-json\/wp\/v2\/pages\/20541\/revisions"}],"up":[{"embeddable":true,"href":"https:\/\/dev.oenobrands.com\/it\/wp-json\/wp\/v2\/pages\/20700"}],"wp:featuredmedia":[{"embeddable":true,"href":"https:\/\/dev.oenobrands.com\/it\/wp-json\/wp\/v2\/media\/20549"}],"wp:attachment":[{"href":"https:\/\/dev.oenobrands.com\/it\/wp-json\/wp\/v2\/media?parent=20541"}],"curies":[{"name":"wp","href":"https:\/\/api.w.org\/{rel}","templated":true}]}}