{"id":20519,"date":"2022-10-19T21:42:44","date_gmt":"2022-10-19T19:42:44","guid":{"rendered":"https:\/\/dev.oenobrands.com\/prodotto\/enzima\/rapidase\/"},"modified":"2025-11-12T17:05:58","modified_gmt":"2025-11-12T16:05:58","slug":"rapidase","status":"publish","type":"page","link":"https:\/\/dev.oenobrands.com\/it\/prodotto\/enzima\/rapidase\/","title":{"rendered":"RAPIDASE"},"content":{"rendered":"\n<div style=\"height:50px\" aria-hidden=\"true\" class=\"wp-block-spacer\"><\/div>\n\n<h2 class=\"wp-block-heading has-text-align-center has-large-font-size\"><strong>Enzimi rapidi ed efficienti<\/strong><\/h2>\n\n<div style=\"height:30px\" aria-hidden=\"true\" class=\"wp-block-spacer\"><\/div>\n<div class=\"wp-block-image\">\n<figure class=\"aligncenter size-full\"><img alt=\"\" loading=\"lazy\" decoding=\"async\" width=\"1529\" height=\"425\" src=\"https:\/\/dev.oenobrands.com\/wp-content\/uploads\/2024\/05\/header-rapidase-page-1.png\" alt=\"\" class=\"wp-image-7252\" srcset=\"https:\/\/dev.oenobrands.com\/wp-content\/uploads\/2024\/05\/header-rapidase-page-1.png 1529w, https:\/\/dev.oenobrands.com\/wp-content\/uploads\/2024\/05\/header-rapidase-page-1-300x83.png 300w, https:\/\/dev.oenobrands.com\/wp-content\/uploads\/2024\/05\/header-rapidase-page-1-1024x285.png 1024w, https:\/\/dev.oenobrands.com\/wp-content\/uploads\/2024\/05\/header-rapidase-page-1-768x213.png 768w\" sizes=\"auto, (max-width: 1529px) 100vw, 1529px\" \/><\/figure>\n<\/div>\n<div style=\"height:70px\" aria-hidden=\"true\" class=\"wp-block-spacer\"><\/div>\n\n<h2 class=\"wp-block-heading\"><strong>100 anni di produzione nel nostro sito di fabbricazione in Francia<\/strong><\/h2>\n\n<div style=\"height:50px\" aria-hidden=\"true\" class=\"wp-block-spacer\"><\/div>\n\n<div class=\"wp-block-columns is-layout-flex wp-container-core-columns-is-layout-9d6595d7 wp-block-columns-is-layout-flex\">\n<div class=\"wp-block-column is-layout-flow wp-block-column-is-layout-flow\" style=\"flex-basis:50%\">\n<p><strong>La produzione degli enzimi Rapidase<sup>\u00ae<\/sup> a Seclin (Nord della Francia) \u00e8 unica nella biotecnologia moderna<\/strong>. Lo stabilimento \u00e8 stato fondato agli albori della microbiologia e si \u00e8 costantemente sviluppato fino a diventare oggi <strong>un punto di riferimento nella produzione di enzimi<\/strong>. Nel corso degli anni sono state introdotte numerose nuove tecnologie e prodotti, con l\u2019obiettivo di offrire ai nostri clienti soluzioni sempre pi\u00f9 innovative, con la qualit\u00e0 garantita da dsm-firmenich.  <\/p>\n<\/div>\n\n\n\n<div class=\"wp-block-column is-layout-flow wp-block-column-is-layout-flow\" style=\"flex-basis:5%\"><\/div>\n\n\n\n<div class=\"wp-block-column is-layout-flow wp-block-column-is-layout-flow\" style=\"flex-basis:50%\">\n<p>Nel 1922, il primo Rapidase prodotto su scala industriale usc\u00ec dallo stabilimento di Seclin, in Francia. Nel corso degli anni, l\u2019azienda \u00e8 passata da Gist-Brocades a DSM e infine a dsm-firmenich. <strong>Rapidase \u00e8 stato il nostro primo enzima commerciale, e da allora siamo diventati uno dei principali fornitori mondiali di enzimi<\/strong>. In questi 100 anni, Rapidase si \u00e8 <strong>evoluto fino a diventare la gamma di riferimento per enzimi destinati <\/strong>alla frutta e al vino, mantenendo un\u2019eredit\u00e0 di prestazioni elevate, affidabilit\u00e0 e qualit\u00e0 costante.     <\/p>\n<\/div>\n<\/div>\n\n<div style=\"height:50px\" aria-hidden=\"true\" class=\"wp-block-spacer\"><\/div>\n\n<h2 class=\"wp-block-heading\"><strong>La tranquillit\u00e0 nasce con gli enzimi dsm-firmenich<\/strong><\/h2>\n\n<div style=\"height:40px\" aria-hidden=\"true\" class=\"wp-block-spacer\"><\/div>\n\n<div class=\"wp-block-media-text alignwide has-media-on-the-right is-stacked-on-mobile is-vertically-aligned-center\" style=\"grid-template-columns:auto 38%\"><div class=\"wp-block-media-text__content\">\n<p>Gli enzimi Rapidase sono prodotti da <strong>dsm-firmenich, uno dei pochi leader mondiali nel settore degli enzimi alimentari<\/strong>. dsm-firmenich vanta la pi\u00f9 lunga esperienza nella produzione di enzimi per l\u2019enologia e ne garantisce l\u2019affidabilit\u00e0 attraverso il programma Quality for Life<sup>\u2122<\/sup>.  <\/p>\n\n\n\n<p>Questo impegno garantisce che ogni ingrediente dsm-firmenich acquistato sia sicuro in termini di qualit\u00e0, affidabilit\u00e0, riproducibilit\u00e0 e tracciabilit\u00e0, oltre che prodotto in modo sicuro e sostenibile. Maggiori informazioni sono disponibili su <a href=\"http:\/\/www.qualityforlife.com\"><strong><u>www.qualityforlife.com<\/u><\/strong><\/a>. <\/p>\n<\/div><figure class=\"wp-block-media-text__media\"><img alt=\"\" loading=\"lazy\" decoding=\"async\" width=\"1024\" height=\"782\" src=\"https:\/\/dev.oenobrands.com\/wp-content\/uploads\/2024\/03\/20230118-DSM-Firmenich_Logo_Secondary_Digital_RGB_Positive-1024x782.png\" alt=\"\" class=\"wp-image-6137 size-full\" srcset=\"https:\/\/dev.oenobrands.com\/wp-content\/uploads\/2024\/03\/20230118-DSM-Firmenich_Logo_Secondary_Digital_RGB_Positive-1024x782.png 1024w, https:\/\/dev.oenobrands.com\/wp-content\/uploads\/2024\/03\/20230118-DSM-Firmenich_Logo_Secondary_Digital_RGB_Positive-300x229.png 300w, https:\/\/dev.oenobrands.com\/wp-content\/uploads\/2024\/03\/20230118-DSM-Firmenich_Logo_Secondary_Digital_RGB_Positive-768x586.png 768w, https:\/\/dev.oenobrands.com\/wp-content\/uploads\/2024\/03\/20230118-DSM-Firmenich_Logo_Secondary_Digital_RGB_Positive-1536x1172.png 1536w, https:\/\/dev.oenobrands.com\/wp-content\/uploads\/2024\/03\/20230118-DSM-Firmenich_Logo_Secondary_Digital_RGB_Positive-2048x1563.png 2048w\" sizes=\"auto, (max-width: 1024px) 100vw, 1024px\" \/><\/figure><\/div>\n\n<div style=\"height:40px\" aria-hidden=\"true\" class=\"wp-block-spacer\"><\/div>\n\n<div class=\"wp-block-columns has-background is-layout-flex wp-container-core-columns-is-layout-9d6595d7 wp-block-columns-is-layout-flex\" style=\"background-color:#ebebeb\">\n<div class=\"wp-block-column is-layout-flow wp-block-column-is-layout-flow\" style=\"flex-basis:33.33%\"><div class=\"wp-block-image\">\n<figure class=\"aligncenter size-full\"><img loading=\"lazy\" decoding=\"async\" width=\"198\" height=\"196\" src=\"https:\/\/dev.oenobrands.com\/wp-content\/uploads\/2023\/04\/RAPIDASE-tested-validated-by-oenobrands.png\" alt=\"Rapidase testato e convalidato da Oenobrands\" class=\"wp-image-2394\"\/><\/figure>\n<\/div><\/div>\n\n\n\n<div class=\"wp-block-column is-layout-flow wp-block-column-is-layout-flow\" style=\"flex-basis:66.66%\">\n<div class=\"wp-block-group\"><div class=\"wp-block-group__inner-container is-layout-constrained wp-block-group-is-layout-constrained\">\n<div class=\"wp-block-group\"><div class=\"wp-block-group__inner-container is-layout-constrained wp-block-group-is-layout-constrained\">\n<h2 class=\"wp-block-heading has-black-color has-text-color has-link-color wp-elements-1a861f60cab09b592f3aa73b2e518da8\"><strong>UN ENZIMA, UN\u2019APPLICAZIONE<\/strong><\/h2>\n<\/div><\/div>\n<\/div><\/div>\n\n\n\n<div style=\"height:25px\" aria-hidden=\"true\" class=\"wp-block-spacer\"><\/div>\n\n\n\n<div class=\"wp-block-group has-black-color has-text-color has-link-color wp-elements-ec55ab2a7378578714a88a4ee4ea0e43\"><div class=\"wp-block-group__inner-container is-layout-constrained wp-block-group-is-layout-constrained\">\n<p class=\"has-black-color has-text-color\">Per garantire la massima efficienza applicativa, <strong>ogni formulazione Rapidase \u00e8 sviluppata e testata in collaborazione con i pi\u00f9 rinomati istituti di ricerca enologica <\/strong>e validata in cantine a scala produttiva. <\/p>\n\n\n\n<p class=\"has-black-color has-text-color\">Il nostro team tecnico e commerciale \u00e8 a disposizione per fornire risultati di test e assistervi nella valutazione delle prestazioni del prodotto nelle vostre condizioni specifiche.<\/p>\n<\/div><\/div>\n<\/div>\n<\/div>\n\n<div style=\"height:50px\" aria-hidden=\"true\" class=\"wp-block-spacer\"><\/div>\n\n<div class=\"wp-block-columns is-layout-flex wp-container-core-columns-is-layout-9d6595d7 wp-block-columns-is-layout-flex\">\n<div class=\"wp-block-column is-layout-flow wp-block-column-is-layout-flow\">\n<h2 class=\"wp-block-heading has-text-align-center\"><strong>Come orientarsi nella nostra gamma di enzimi Rapidase?<\/strong><\/h2>\n\n\n\n<div class=\"wp-block-buttons is-content-justification-center is-layout-flex wp-container-core-buttons-is-layout-16018d1d wp-block-buttons-is-layout-flex\">\n<div class=\"wp-block-button\"><a class=\"wp-block-button__link wp-element-button\" href=\"https:\/\/dev.oenobrands.com\/product\/enzyme\/enzyme-choice\/\" target=\"_blank\" rel=\"noreferrer noopener\">Scelta dell\u2019enzima Rapidase<\/a><\/div>\n<\/div>\n\n\n\n<div style=\"height:50px\" aria-hidden=\"true\" class=\"wp-block-spacer\"><\/div>\n<\/div>\n\n\n\n<div class=\"wp-block-column is-layout-flow wp-block-column-is-layout-flow\" style=\"flex-basis:5px\"><\/div>\n\n\n\n<div class=\"wp-block-column is-layout-flow wp-block-column-is-layout-flow\">\n<h2 class=\"wp-block-heading has-text-align-center\"><strong>Scopri di pi\u00f9 sulla produzione di Rapidase<\/strong> <\/h2>\n\n\n\n<div style=\"height:30px\" aria-hidden=\"true\" class=\"wp-block-spacer\"><\/div>\n\n\n\n<div class=\"wp-block-buttons is-content-justification-center is-layout-flex wp-container-core-buttons-is-layout-16018d1d wp-block-buttons-is-layout-flex\">\n<div class=\"wp-block-button\"><a class=\"wp-block-button__link wp-element-button\" href=\"https:\/\/dev.oenobrands.com\/rapidase-enzyme-production\/\">Produzione Rapidase<\/a><\/div>\n<\/div>\n\n\n\n<div style=\"height:30px\" aria-hidden=\"true\" class=\"wp-block-spacer\"><\/div>\n<\/div>\n\n\n\n<div class=\"wp-block-column is-layout-flow wp-block-column-is-layout-flow\" style=\"flex-basis:5px\"><\/div>\n\n\n\n<div class=\"wp-block-column is-layout-flow wp-block-column-is-layout-flow\">\n<h2 class=\"wp-block-heading has-text-align-center\"><strong>Esplora, testa e trasforma i tuoi vini<\/strong><\/h2>\n\n\n\n<div style=\"height:30px\" aria-hidden=\"true\" class=\"wp-block-spacer\"><\/div>\n\n\n\n<div class=\"wp-block-buttons is-content-justification-center is-layout-flex wp-container-core-buttons-is-layout-16018d1d wp-block-buttons-is-layout-flex\">\n<div class=\"wp-block-button is-style-fill\"><a class=\"wp-block-button__link wp-element-button\" href=\"https:\/\/dev.oenobrands.com\/rapidase-enzymes-kits\/\" target=\"_blank\" rel=\"noreferrer noopener\">Kit Rapidase<\/a><\/div>\n<\/div>\n<\/div>\n<\/div>\n\n<div style=\"height:50px\" aria-hidden=\"true\" class=\"wp-block-spacer\"><\/div>\n\n<h2 class=\"wp-block-heading\"><strong><strong>Scopri la nostra gamma di <\/strong><strong>enzimi<\/strong> Rapidase<\/strong><\/h2>\n\n<div style=\"height:50px\" aria-hidden=\"true\" class=\"wp-block-spacer\"><\/div>\n","protected":false},"excerpt":{"rendered":"<p>Enzimi rapidi ed efficienti 100 anni di produzione nel nostro sito di fabbricazione in Francia La produzione degli enzimi Rapidase\u00ae a Seclin (Nord della Francia) \u00e8 unica nella biotecnologia moderna. Lo stabilimento \u00e8 stato fondato agli albori della microbiologia e si \u00e8 costantemente sviluppato fino a diventare oggi un punto di riferimento nella produzione di [&hellip;]<\/p>\n","protected":false},"author":3,"featured_media":0,"parent":20513,"menu_order":1,"comment_status":"closed","ping_status":"closed","template":"","meta":{"_acf_changed":false,"_seopress_robots_primary_cat":"0","_seopress_titles_title":"","_seopress_titles_desc":"","_seopress_robots_index":"","_seopress_analysis_target_kw":"","footnotes":""},"class_list":["post-20519","page","type-page","status-publish"],"acf":[],"_links":{"self":[{"href":"https:\/\/dev.oenobrands.com\/it\/wp-json\/wp\/v2\/pages\/20519","targetHints":{"allow":["GET"]}}],"collection":[{"href":"https:\/\/dev.oenobrands.com\/it\/wp-json\/wp\/v2\/pages"}],"about":[{"href":"https:\/\/dev.oenobrands.com\/it\/wp-json\/wp\/v2\/types\/page"}],"author":[{"embeddable":true,"href":"https:\/\/dev.oenobrands.com\/it\/wp-json\/wp\/v2\/users\/3"}],"replies":[{"embeddable":true,"href":"https:\/\/dev.oenobrands.com\/it\/wp-json\/wp\/v2\/comments?post=20519"}],"version-history":[{"count":0,"href":"https:\/\/dev.oenobrands.com\/it\/wp-json\/wp\/v2\/pages\/20519\/revisions"}],"up":[{"embeddable":true,"href":"https:\/\/dev.oenobrands.com\/it\/wp-json\/wp\/v2\/pages\/20513"}],"wp:attachment":[{"href":"https:\/\/dev.oenobrands.com\/it\/wp-json\/wp\/v2\/media?parent=20519"}],"curies":[{"name":"wp","href":"https:\/\/api.w.org\/{rel}","templated":true}]}}