{"id":20495,"date":"2022-10-04T16:14:26","date_gmt":"2022-10-04T14:14:26","guid":{"rendered":"https:\/\/dev.oenobrands.com\/chi-siamo\/"},"modified":"2025-11-12T14:36:20","modified_gmt":"2025-11-12T13:36:20","slug":"chi-siamo","status":"publish","type":"page","link":"https:\/\/dev.oenobrands.com\/it\/chi-siamo\/","title":{"rendered":"Chi siamo"},"content":{"rendered":"\n<div style=\"height:35px\" aria-hidden=\"true\" class=\"wp-block-spacer\"><\/div>\n\n<div class=\"wp-block-columns is-layout-flex wp-container-core-columns-is-layout-9d6595d7 wp-block-columns-is-layout-flex\">\n<div class=\"wp-block-column is-layout-flow wp-block-column-is-layout-flow\">\n<h2 class=\"wp-block-heading\"><strong>Scopri il mondo di OenobrandsDiscover the world of Oenobrands<\/strong><\/h2>\n\n\n\n<div style=\"height:26px\" aria-hidden=\"true\" class=\"wp-block-spacer\"><\/div>\n\n\n\n<p>Oenobrands \u00e8 <strong>un\u2019azienda leader mondiale nel campo delle biotecnologie a base biologica per l\u2019enologia,<\/strong> specializzata nello sviluppo e nella commercializzazione di biotecnologie ad alte prestazioni come <strong>enzimi,<\/strong> <strong>lieviti,<\/strong> <strong>mannoproteine,<\/strong> <strong>derivati del lievito<\/strong> e <strong>batteri<\/strong>. Il nostro team di esperti \u00e8 impegnato a migliorare la qualit\u00e0 e l\u2019autenticit\u00e0 del vino attraverso soluzioni all\u2019avanguardia. <\/p>\n<\/div>\n\n\n\n<div class=\"wp-block-column is-layout-flow wp-block-column-is-layout-flow\">\n<figure class=\"wp-block-embed aligncenter is-type-video is-provider-youtube wp-block-embed-youtube wp-embed-aspect-16-9 wp-has-aspect-ratio\"><div class=\"wp-block-embed__wrapper\">\n<iframe loading=\"lazy\" title=\"Oenobrands Corporate Video\" width=\"500\" height=\"281\" src=\"https:\/\/www.youtube.com\/embed\/tVIMhvLQh24?feature=oembed\" frameborder=\"0\" allow=\"accelerometer; autoplay; clipboard-write; encrypted-media; gyroscope; picture-in-picture; web-share\" referrerpolicy=\"strict-origin-when-cross-origin\" allowfullscreen><\/iframe>\n<\/div><\/figure>\n<\/div>\n<\/div>\n\n<div style=\"height:50px\" aria-hidden=\"true\" class=\"wp-block-spacer\"><\/div>\n\n<div class=\"wp-block-columns has-white-color has-text-color has-background is-layout-flex wp-container-core-columns-is-layout-9d6595d7 wp-block-columns-is-layout-flex\" id=\"whoweare\" style=\"background-color:#a6ce00\">\n<div class=\"wp-block-column is-layout-flow wp-block-column-is-layout-flow\"><div class=\"wp-block-image is-style-rounded\">\n<figure class=\"aligncenter size-full is-resized\"><img loading=\"lazy\" decoding=\"async\" width=\"490\" height=\"360\" src=\"https:\/\/dev.oenobrands.com\/wp-content\/uploads\/2023\/02\/meet-team.png\" alt=\"opzionale\" class=\"wp-image-1372\" style=\"width:450px\" srcset=\"https:\/\/dev.oenobrands.com\/wp-content\/uploads\/2023\/02\/meet-team.png 490w, https:\/\/dev.oenobrands.com\/wp-content\/uploads\/2023\/02\/meet-team-300x220.png 300w\" sizes=\"auto, (max-width: 490px) 100vw, 490px\" \/><\/figure>\n<\/div><\/div>\n\n\n\n<div class=\"wp-block-column is-layout-flow wp-block-column-is-layout-flow\">\n<div style=\"height:50px\" aria-hidden=\"true\" class=\"wp-block-spacer\"><\/div>\n\n\n\n<h2 class=\"wp-block-heading has-white-color has-text-color has-link-color wp-elements-470193efc0168279d9753737a5c2d2dc\"><strong>Chi siamo<\/strong><\/h2>\n\n\n\n<p>In Oenobrands riuniamo un gruppo eterogeneo di scienziati, tecnici e appassionati di vino, tutti uniti dalla passione per l\u2019innovazione e dall\u2019impegno verso l\u2019eccellenza.<\/p>\n\n\n\n<div class=\"wp-block-buttons is-layout-flex wp-block-buttons-is-layout-flex\">\n<div class=\"wp-block-button is-style-outline is-style-outline--1\"><a class=\"wp-block-button__link wp-element-button\" href=\"https:\/\/dev.oenobrands.com\/about-us\/our-team\/\" style=\"border-radius:0px\">Incontra il team!<\/a><\/div>\n<\/div>\n<\/div>\n<\/div>\n\n<div style=\"height:70px\" aria-hidden=\"true\" class=\"wp-block-spacer\"><\/div>\n\n<div class=\"wp-block-columns is-layout-flex wp-container-core-columns-is-layout-9d6595d7 wp-block-columns-is-layout-flex\">\n<div class=\"wp-block-column is-layout-flow wp-block-column-is-layout-flow\">\n<h2 class=\"wp-block-heading\"><strong>La nostra missione<\/strong><\/h2>\n\n\n\n<p>Fondata nel 2010, Oenobrands \u00e8 nata con l\u2019intento di concentrarsi esclusivamente sul settore vinicolo e di distribuire i propri marchi iconici in cinque continenti attraverso una rete di distribuzione specializzata. La nostra missione \u00e8 offrire soluzioni innovative e scientificamente fondate che valorizzino le sinergie positive tra i nostri prodotti. <\/p>\n\n\n\n<p>La nostra sede principale si trova a Montpellier, in Francia, e il nostro magazzino a St. Perdon, nel sud-ovest della Francia.<\/p>\n<\/div>\n\n\n\n<div class=\"wp-block-column is-layout-flow wp-block-column-is-layout-flow\"><div class=\"wp-block-image is-resized\">\n<figure class=\"aligncenter size-full\"><img alt=\"Bouteille-vin-wine-bootle\" loading=\"lazy\" decoding=\"async\" width=\"774\" height=\"518\" src=\"https:\/\/dev.oenobrands.com\/wp-content\/uploads\/2023\/01\/Bouteille-vin-wine-bootle-DRP0320-min.jpg\" alt=\"\" class=\"wp-image-1166\" srcset=\"https:\/\/dev.oenobrands.com\/wp-content\/uploads\/2023\/01\/Bouteille-vin-wine-bootle-DRP0320-min.jpg 774w, https:\/\/dev.oenobrands.com\/wp-content\/uploads\/2023\/01\/Bouteille-vin-wine-bootle-DRP0320-min-300x201.jpg 300w, https:\/\/dev.oenobrands.com\/wp-content\/uploads\/2023\/01\/Bouteille-vin-wine-bootle-DRP0320-min-768x514.jpg 768w\" sizes=\"auto, (max-width: 774px) 100vw, 774px\" \/><\/figure>\n<\/div><\/div>\n<\/div>\n\n<div style=\"height:49px\" aria-hidden=\"true\" class=\"wp-block-spacer\"><\/div>\n\n<div class=\"wp-block-columns is-layout-flex wp-container-core-columns-is-layout-9d6595d7 wp-block-columns-is-layout-flex\">\n<div class=\"wp-block-column is-layout-flow wp-block-column-is-layout-flow\"><div class=\"wp-block-image is-resized\">\n<figure class=\"aligncenter size-full\"><img loading=\"lazy\" decoding=\"async\" width=\"877\" height=\"715\" src=\"https:\/\/dev.oenobrands.com\/wp-content\/uploads\/2024\/05\/Our-brands.png\" alt=\"Marchi Oenobrands: Anchor, Fermivin, Rapidase, Claristar e Final Touch\" class=\"wp-image-7823\" srcset=\"https:\/\/dev.oenobrands.com\/wp-content\/uploads\/2024\/05\/Our-brands.png 877w, https:\/\/dev.oenobrands.com\/wp-content\/uploads\/2024\/05\/Our-brands-300x245.png 300w, https:\/\/dev.oenobrands.com\/wp-content\/uploads\/2024\/05\/Our-brands-768x626.png 768w\" sizes=\"auto, (max-width: 877px) 100vw, 877px\" \/><\/figure>\n<\/div><\/div>\n\n\n\n<div class=\"wp-block-column is-vertically-aligned-top is-layout-flow wp-block-column-is-layout-flow\">\n<h2 class=\"wp-block-heading\"><strong>I nostri prodotti<\/strong><\/h2>\n\n\n\n<p>In Oenobrands crediamo nel potere delle biotecnologie biobased per esaltare al meglio le qualit\u00e0 del vino. Con i nostri marchi iconici di enzimi, lieviti, mannoproteine, derivati del lievito e batteri, ci dedichiamo a migliorare la qualit\u00e0 e l\u2019autenticit\u00e0 del vino. Collaboriamo con le migliori universit\u00e0 e istituti di ricerca e siamo supportati da aziende di fama mondiale come <strong>dsm-firmenich e Anchor Oenology<\/strong>, per introdurre nel settore le innovazioni pi\u00f9 avanzate nella vinificazione.  <\/p>\n\n\n\n<p>Marchi: <strong>Anchor Yeast, Anchor Bacteria, Fermivin<\/strong>, <strong>inclusi In-Line Ready, Rapidase, Malolferm, Feel Safe, Claristar <\/strong>e <strong>Final Touch<\/strong>.<\/p>\n<\/div>\n<\/div>\n\n<div style=\"height:50px\" aria-hidden=\"true\" class=\"wp-block-spacer\"><\/div>\n\n<hr class=\"wp-block-separator has-alpha-channel-opacity is-style-dots\"\/>\n\n<div style=\"height:50px\" aria-hidden=\"true\" class=\"wp-block-spacer\"><\/div>\n\n<div class=\"wp-block-columns is-layout-flex wp-container-core-columns-is-layout-9d6595d7 wp-block-columns-is-layout-flex\">\n<div class=\"wp-block-column is-layout-flow wp-block-column-is-layout-flow\">\n<h2 class=\"wp-block-heading has-text-align-left\"><strong><strong>Anchor Oenology<\/strong><\/strong><\/h2>\n\n\n\n<div style=\"height:30px\" aria-hidden=\"true\" class=\"wp-block-spacer\"><\/div>\n\n\n\n<p><strong>Anchor Oenology <\/strong>\u00e8 una divisione di <strong>Anchor Yeast<\/strong>, azienda leader in Sudafrica nel settore dei lieviti sin dal 1923. Anchor Yeast \u00e8 rimasta il punto di riferimento nella fornitura di lieviti, tecnologie di fermentazione e prodotti per la panificazione, il vino e l\u2019industria delle bevande alcoliche dell\u2019Africa meridionale. L\u2019azienda conta un organico qualificato di 400 persone, impianti di produzione all\u2019avanguardia e una rete nazionale di distribuzione. Anchor Yeast ha consolidato la propria posizione di leadership grazie a un management solido e competente, unit\u00e0 operative orientate al mercato, un costante impegno nello sviluppo dei marchi, nell\u2019applicazione della tecnologia e in un servizio clienti di alto livello. Maggiori informazioni su <strong><u><a href=\"http:\/\/www.anchor.co.za\" target=\"_blank\" rel=\"noreferrer noopener nofollow\">www.anchor.co.za<\/a><\/u><\/strong>.    <\/p>\n<\/div>\n\n\n\n<div class=\"wp-block-column is-layout-flow wp-block-column-is-layout-flow\">\n<h2 class=\"wp-block-heading has-text-align-left\"><strong><strong>dsm-firmenich<\/strong><\/strong><\/h2>\n\n\n\n<div style=\"height:30px\" aria-hidden=\"true\" class=\"wp-block-spacer\"><\/div>\n\n\n\n<p><strong>dsm-firmenich<\/strong> \u00e8 un produttore leader di soluzioni per ingredienti ad alto valore aggiunto destinati all\u2019industria alimentare e delle bevande a livello internazionale, contribuendo in modo significativo al successo dei pi\u00f9 noti marchi mondiali di latticini, alimenti trasformati, succhi di frutta, bevande alcoliche e prodotti funzionali. Il suo impegno nella realizzazione di prodotti affidabili e tracciabili, conformi ai pi\u00f9 rigorosi standard di sicurezza e sostenibilit\u00e0, \u00e8 rappresentato dal marchio di eccellenza in nutrizione \u201c<strong>Quality for Life\u201d<\/strong>. Con 30.000 dipendenti attivi in 100 sedi nel mondo, dsm-firmenich \u00e8 un autentico protagonista globale. Maggiori informazioni su <strong><u><a href=\"https:\/\/www.dsm-firmenich.com\/en\/businesses\/taste-texture-health\/markets-products\/beverage\/alcoholic-drinks\/wine.html\" target=\"_blank\" rel=\"noreferrer noopener nofollow\">www.dsm-firmenich.com<\/a><\/u><\/strong> e <strong><u><a href=\"http:\/\/www.qualityforlife.com\/\" target=\"_blank\" rel=\"noreferrer noopener nofollow\">www.qualityforlife.com<\/a><\/u><\/strong>.   <\/p>\n<\/div>\n<\/div>\n\n<div style=\"height:50px\" aria-hidden=\"true\" class=\"wp-block-spacer\"><\/div>\n\n<hr class=\"wp-block-separator has-alpha-channel-opacity is-style-dots\"\/>\n\n<div class=\"wp-block-columns is-layout-flex wp-container-core-columns-is-layout-9d6595d7 wp-block-columns-is-layout-flex\">\n<div class=\"wp-block-column is-layout-flow wp-block-column-is-layout-flow\">\n<h2 class=\"wp-block-heading has-text-align-left\"><strong><strong>Chi siamo<\/strong><\/strong><\/h2>\n\n\n\n<div style=\"height:30px\" aria-hidden=\"true\" class=\"wp-block-spacer\"><\/div>\n\n\n\n<p><strong>Il nostro obiettivo in Oenobrands \u00e8 aiutare i produttori di vino a creare vini di qualit\u00e0 superiore attraverso l\u2019innovazione e l\u2019eccellenza<\/strong>. Il nostro impegno nel fornire marchi di altissimo livello ci rende un partner affidabile che i nostri distributori possono promuovere con orgoglio. <\/p>\n<\/div>\n\n\n\n<div class=\"wp-block-column is-layout-flow wp-block-column-is-layout-flow\">\n<h2 class=\"wp-block-heading has-text-align-left\"><strong><strong>La nostra rete di distribuzione<\/strong><\/strong><\/h2>\n\n\n\n<div style=\"height:18px\" aria-hidden=\"true\" class=\"wp-block-spacer\"><\/div>\n\n\n\n<p><strong>Siamo orgogliosi di servire i produttori di vino in tutto il mondo, grazie a una rete di distribuzione che copre sei continenti.<\/strong> I nostri team sono presenti sul territorio e collaborano con i produttori di vino per identificare le loro esigenze e offrire soluzioni su misura. Che tu sia una piccola cantina o una grande azienda, abbiamo l\u2019esperienza e le competenze per aiutarti a raggiungere il successo. <\/p>\n<\/div>\n<\/div>\n\n<div style=\"height:60px\" aria-hidden=\"true\" class=\"wp-block-spacer\"><\/div>\n\n<hr class=\"wp-block-separator has-alpha-channel-opacity is-style-dots\"\/>\n\n<div class=\"wp-block-columns is-layout-flex wp-container-core-columns-is-layout-9d6595d7 wp-block-columns-is-layout-flex\">\n<div class=\"wp-block-column is-layout-flow wp-block-column-is-layout-flow\">\n<h2 class=\"wp-block-heading has-text-align-left\"><strong>Membro di Oenoppia<\/strong><\/h2>\n\n\n\n<div style=\"height:30px\" aria-hidden=\"true\" class=\"wp-block-spacer\"><\/div>\n\n\n<div class=\"wp-block-image\">\n<figure class=\"aligncenter size-full\"><img loading=\"lazy\" decoding=\"async\" width=\"276\" height=\"57\" src=\"https:\/\/dev.oenobrands.com\/wp-content\/uploads\/2023\/02\/Membre-Oenoppia-association-internationale-produits-pratiques-oenologiques-e1705304835421.png\" alt=\"Membro di Oenoppia &#x2013; associazione internazionale di produttori di prodotti e pratiche enologiche\" class=\"wp-image-1361\"\/><\/figure>\n<\/div>\n\n\n<div style=\"height:30px\" aria-hidden=\"true\" class=\"wp-block-spacer\"><\/div>\n\n\n\n<p>Oenobrands \u00e8 membro fondatore di <strong>OENOPPIA<\/strong>, un gruppo che riunisce i principali produttori mondiali di prodotti enologici. <strong>OENOPPIA <\/strong>svolge tre ruoli: <strong>istituzionale<\/strong>, collaborando con le autorit\u00e0 regolatorie e scientifiche; <strong>informativo<\/strong>, promuovendo la conoscenza dei prodotti e delle pratiche enologiche; ed <strong>etico,<\/strong> garantendo che la qualit\u00e0 dei prodotti rispetti tutte le normative vigenti.<\/p>\n\n\n\n<p><a href=\"http:\/\/www.oenoppia.com\/\" target=\"_blank\" rel=\"noreferrer noopener nofollow\"><u>www.oenoppia.com<\/u><\/a><\/p>\n<\/div>\n\n\n\n<div class=\"wp-block-column is-layout-flow wp-block-column-is-layout-flow\">\n<h2 class=\"wp-block-heading has-text-align-left\"><strong>Membro di Vinseo<\/strong> (Francia)<\/h2>\n\n\n\n<div style=\"height:18px\" aria-hidden=\"true\" class=\"wp-block-spacer\"><\/div>\n\n\n<div class=\"wp-block-image is-resized\">\n<figure class=\"aligncenter size-full\"><img loading=\"lazy\" decoding=\"async\" width=\"300\" height=\"137\" src=\"https:\/\/dev.oenobrands.com\/wp-content\/uploads\/2023\/04\/Membre-Vinseo-oenobrands.jpg\" alt=\"membro Vinseo\" class=\"wp-image-2316\" style=\"width:190px;height:auto\"\/><\/figure>\n<\/div>\n\n\n<div style=\"height:18px\" aria-hidden=\"true\" class=\"wp-block-spacer\"><\/div>\n\n\n\n<p>Oenobrands \u00e8 membro di Vinseo, un\u2019associazione di specialisti del settore vinicolo situata in Occitania (una regione francese). Vinseo riunisce e rappresenta fornitori di servizi e prodotti destinati ai viticoltori e alle cantine, oltre al mondo della ricerca e della formazione collegato al vino. Dalla vite al bicchiere, la rete Vinseo offre consulenza, fornisce supporto e accompagna cantine, viticoltori, enologi e professionisti del marketing con un\u2019attenzione costante alla qualit\u00e0 quotidiana.  <\/p>\n\n\n\n<p><a href=\"https:\/\/www.vinseo.com\/\" target=\"_blank\" rel=\"noreferrer noopener nofollow\"><u>www.vinseo.com<\/u><\/a><\/p>\n<\/div>\n<\/div>\n\n<div style=\"height:100px\" aria-hidden=\"true\" class=\"wp-block-spacer\"><\/div>\n","protected":false},"excerpt":{"rendered":"<p>Scopri il mondo di OenobrandsDiscover the world of Oenobrands Oenobrands \u00e8 un\u2019azienda leader mondiale nel campo delle biotecnologie a base biologica per l\u2019enologia, specializzata nello sviluppo e nella commercializzazione di biotecnologie ad alte prestazioni come enzimi, lieviti, mannoproteine, derivati del lievito e batteri. Il nostro team di esperti \u00e8 impegnato a migliorare la qualit\u00e0 e [&hellip;]<\/p>\n","protected":false},"author":1,"featured_media":20498,"parent":0,"menu_order":0,"comment_status":"closed","ping_status":"closed","template":"","meta":{"_acf_changed":false,"_seopress_robots_primary_cat":"0","_seopress_titles_title":"","_seopress_titles_desc":"","_seopress_robots_index":"","_seopress_analysis_target_kw":"","footnotes":""},"class_list":["post-20495","page","type-page","status-publish","has-post-thumbnail"],"acf":[],"_links":{"self":[{"href":"https:\/\/dev.oenobrands.com\/it\/wp-json\/wp\/v2\/pages\/20495","targetHints":{"allow":["GET"]}}],"collection":[{"href":"https:\/\/dev.oenobrands.com\/it\/wp-json\/wp\/v2\/pages"}],"about":[{"href":"https:\/\/dev.oenobrands.com\/it\/wp-json\/wp\/v2\/types\/page"}],"author":[{"embeddable":true,"href":"https:\/\/dev.oenobrands.com\/it\/wp-json\/wp\/v2\/users\/1"}],"replies":[{"embeddable":true,"href":"https:\/\/dev.oenobrands.com\/it\/wp-json\/wp\/v2\/comments?post=20495"}],"version-history":[{"count":0,"href":"https:\/\/dev.oenobrands.com\/it\/wp-json\/wp\/v2\/pages\/20495\/revisions"}],"wp:featuredmedia":[{"embeddable":true,"href":"https:\/\/dev.oenobrands.com\/it\/wp-json\/wp\/v2\/media\/20498"}],"wp:attachment":[{"href":"https:\/\/dev.oenobrands.com\/it\/wp-json\/wp\/v2\/media?parent=20495"}],"curies":[{"name":"wp","href":"https:\/\/api.w.org\/{rel}","templated":true}]}}