{"id":21728,"date":"2024-08-20T14:54:00","date_gmt":"2024-08-20T12:54:00","guid":{"rendered":"https:\/\/dev.oenobrands.com\/ressources-techniques\/test-glucane\/"},"modified":"2025-12-12T10:50:14","modified_gmt":"2025-12-12T09:50:14","slug":"test-glucane","status":"publish","type":"page","link":"https:\/\/dev.oenobrands.com\/fr\/ressources-techniques\/test-glucane\/","title":{"rendered":"Test glucane"},"content":{"rendered":"\n<div style=\"height:30px\" aria-hidden=\"true\" class=\"wp-block-spacer\"><\/div>\n\n<p>Protocole rapide<\/p>\n\n<div style=\"height:30px\" aria-hidden=\"true\" class=\"wp-block-spacer\"><\/div>\n\n<h2 class=\"wp-block-heading\"><strong>\u00c9valuer les risques li\u00e9s aux glucanes<\/strong><\/h2>\n\n<div style=\"height:30px\" aria-hidden=\"true\" class=\"wp-block-spacer\"><\/div>\n\n<p>La d\u00e9gradation des cha\u00eenes polysaccharidiques pectiques simples et complexes, ainsi que des glucanes issus de raisins alt\u00e9r\u00e9s, am\u00e9liore la filtration, acc\u00e9l\u00e8re et renforce la clarification apr\u00e8s les traitements de collage. Un test glucane n\u00e9gatif est indispensable, et le vinificateur doit v\u00e9rifier l\u2019\u00e9volution apr\u00e8s l\u2019addition enzymatique, avec la bonne dose et le bon temps de contact.<\/p>\n\n<div style=\"height:30px\" aria-hidden=\"true\" class=\"wp-block-spacer\"><\/div>\n\n<div class=\"wp-block-columns is-layout-flex wp-container-core-columns-is-layout-9d6595d7 wp-block-columns-is-layout-flex\">\n<div class=\"wp-block-column is-vertically-aligned-center is-layout-flow wp-block-column-is-layout-flow\">\n<p>Un test rapide met en \u00e9vidence des glucanes &gt; 15 mg\/L. <\/p>\n\n\n\n<p>Pour des niveaux compris entre 3 et 15 mg\/L, un test modifi\u00e9 peut \u00eatre r\u00e9alis\u00e9.<\/p>\n<\/div>\n\n\n\n<div class=\"wp-block-column is-layout-flow wp-block-column-is-layout-flow\" style=\"flex-basis:2%\"><\/div>\n\n\n\n<div class=\"wp-block-column has-background is-layout-flow wp-block-column-is-layout-flow\" style=\"background-color:#f7f7f7\">\n<div class=\"wp-block-group\"><div class=\"wp-block-group__inner-container is-layout-constrained wp-block-group-is-layout-constrained\">\n<p class=\"has-text-align-center\"><strong>T\u00c9L\u00c9CHARGER LE DOCUMENT<\/strong><\/p>\n\n\n\n<div class=\"wp-block-columns is-not-stacked-on-mobile download-flags is-layout-flex wp-container-core-columns-is-layout-9d6595d7 wp-block-columns-is-layout-flex\">\n<div class=\"wp-block-column is-layout-flow wp-block-column-is-layout-flow\">\n<figure class=\"wp-block-image size-full\"><a href=\"https:\/\/dev.oenobrands.com\/wp-content\/uploads\/2025\/10\/RAPIDASE_Pectin_Glucan-test_EN_G_03.pdf\" target=\"_blank\" rel=\"noreferrer noopener\"><img loading=\"lazy\" decoding=\"async\" width=\"180\" height=\"94\" src=\"https:\/\/dev.oenobrands.com\/wp-content\/uploads\/2023\/04\/flag-united-states-english-american.png\" alt=\"flag-united-states-english-american\" class=\"wp-image-2510\"\/><\/a><\/figure>\n<\/div>\n\n\n\n<div class=\"wp-block-column is-layout-flow wp-block-column-is-layout-flow\">\n<figure class=\"wp-block-image size-full\"><a href=\"https:\/\/dev.oenobrands.com\/wp-content\/uploads\/2024\/09\/RAPIDASE-Glucan-test-FR_G_02.pdf\" target=\"_blank\" rel=\"noreferrer noopener\"><img loading=\"lazy\" decoding=\"async\" width=\"180\" height=\"94\" src=\"https:\/\/dev.oenobrands.com\/wp-content\/uploads\/2023\/04\/drapeau-francais-france.png\" alt=\"drapeau flag francais france\" class=\"wp-image-2508\"\/><\/a><\/figure>\n<\/div>\n\n\n\n<div class=\"wp-block-column is-layout-flow wp-block-column-is-layout-flow\">\n<figure class=\"wp-block-image size-full\"><a href=\"https:\/\/dev.oenobrands.com\/wp-content\/uploads\/2024\/09\/RAPIDASE-Glucan-test-ES_G_02.pdf\" target=\"_blank\" rel=\"noreferrer noopener\"><img loading=\"lazy\" decoding=\"async\" width=\"180\" height=\"94\" src=\"https:\/\/dev.oenobrands.com\/wp-content\/uploads\/2023\/04\/bandiera-spagnola-spagna.png\" alt=\"drapeau flag bandiera spagnola spagna\" class=\"wp-image-2506\"\/><\/a><\/figure>\n<\/div>\n\n\n\n<div class=\"wp-block-column is-layout-flow wp-block-column-is-layout-flow\">\n<figure class=\"wp-block-image size-full\"><a href=\"https:\/\/dev.oenobrands.com\/wp-content\/uploads\/2024\/09\/RAPIDASE-Glucan-test-IT_G_02.pdf\" target=\"_blank\" rel=\"noreferrer noopener\"><img loading=\"lazy\" decoding=\"async\" width=\"180\" height=\"94\" src=\"https:\/\/dev.oenobrands.com\/wp-content\/uploads\/2023\/04\/bandiera-italiana-italy.png\" alt=\"drapeau flag bandiera italiana italy\" class=\"wp-image-2512\"\/><\/a><\/figure>\n<\/div>\n\n\n\n<div class=\"wp-block-column is-layout-flow wp-block-column-is-layout-flow\">\n<figure class=\"wp-block-image size-full\"><a href=\"https:\/\/dev.oenobrands.com\/wp-content\/uploads\/2025\/11\/RAPIDASE_Pectin-test_PT_G_02.pdf\" target=\"_blank\" rel=\"noreferrer noopener\"><img loading=\"lazy\" decoding=\"async\" width=\"180\" height=\"94\" src=\"https:\/\/dev.oenobrands.com\/wp-content\/uploads\/2024\/05\/Flag-drapeau-Portugal.png\" alt=\"Flag-drapeau-Portugal\" class=\"wp-image-7139\"\/><\/a><\/figure>\n<\/div>\n\n\n\n<div class=\"wp-block-column is-layout-flow wp-block-column-is-layout-flow\">\n<figure class=\"wp-block-image size-full\"><a href=\"https:\/\/dev.oenobrands.com\/wp-content\/uploads\/2025\/11\/RAPIDASE_Glucan-test_ALL_G_02.pdf\" target=\"_blank\" rel=\"noreferrer noopener\"><img loading=\"lazy\" decoding=\"async\" width=\"180\" height=\"94\" src=\"https:\/\/dev.oenobrands.com\/wp-content\/uploads\/2023\/05\/Flagge-Deutschland.png\" alt=\"Flagge-Deutschland\" class=\"wp-image-3550\"\/><\/a><\/figure>\n<\/div>\n<\/div>\n<\/div><\/div>\n<\/div>\n<\/div>\n\n<p>Les glucanes peuvent \u00eatre difficiles \u00e0 d\u00e9tecter dans un mo\u00fbt non d\u00e9pectinis\u00e9 lorsque leur concentration est faible. Il est recommand\u00e9 d\u2019effectuer le test sur le mo\u00fbt apr\u00e8s d\u00e9bourbage ou sur le vin. <\/p>\n\n<div style=\"height:30px\" aria-hidden=\"true\" class=\"wp-block-spacer\"><\/div>\n\n<h2 class=\"wp-block-heading\"><strong>R\u00e9aliser le test glucane<\/strong><\/h2>\n\n<div style=\"height:30px\" aria-hidden=\"true\" class=\"wp-block-spacer\"><\/div>\n\n<h3 class=\"wp-block-heading\"><strong>Option 1 : test simple<\/strong><\/h3>\n\n<p>1. Pr\u00e9parer la solution d\u2019alcool acidifi\u00e9<br\/>\u00c9thanol \u00e0 96 % acidifi\u00e9 avec 1 % d\u2019acide chlorhydrique concentr\u00e9.<\/p>\n\n<p>2. Pr\u00e9parer le mo\u00fbt ou vin \u00e0 tester<br\/>Si le mo\u00fbt contient beaucoup de particules solides, une filtration grossi\u00e8re sur papier est recommand\u00e9e.<\/p>\n\n<p>3.Ajouter la solution au mo\u00fbt ou au vin<br\/>Dans un tube \u00e0 essai, ajouter 2 volumes de mo\u00fbt et 1 volume de solution d\u2019alcool acidifi\u00e9, puis homog\u00e9n\u00e9iser d\u00e9licatement.<\/p>\n\n<p>4.  <strong>R\u00e9sultats : si des fibres blanches ou grises apparaissent, le test est positif. Les glucanes sont pr\u00e9sents \u00e0 &gt; 15 mg\/L.<\/strong><\/p>\n\n<div style=\"height:30px\" aria-hidden=\"true\" class=\"wp-block-spacer\"><\/div>\n\n<p>Les images illustrent les r\u00e9sultats en vins blanc, ros\u00e9 et rouge, avec \u00e0 gauche l\u2019absence de glucanes et \u00e0 droite la confirmation de glucanes. <\/p>\n\n<div class=\"wp-block-columns is-layout-flex wp-container-core-columns-is-layout-9d6595d7 wp-block-columns-is-layout-flex\">\n<div class=\"wp-block-column is-layout-flow wp-block-column-is-layout-flow\"><div class=\"wp-block-image is-style-zoooom\">\n<figure class=\"aligncenter size-full\"><img alt=\"\" loading=\"lazy\" decoding=\"async\" width=\"250\" height=\"333\" src=\"https:\/\/dev.oenobrands.com\/wp-content\/uploads\/2025\/11\/EN-Technical-resources-Glucan-test-white.png\" alt=\"\" class=\"wp-image-20913\" style=\"aspect-ratio:16\/9;object-fit:cover\" srcset=\"https:\/\/dev.oenobrands.com\/wp-content\/uploads\/2025\/11\/EN-Technical-resources-Glucan-test-white.png 250w, https:\/\/dev.oenobrands.com\/wp-content\/uploads\/2025\/11\/EN-Technical-resources-Glucan-test-white-225x300.png 225w\" sizes=\"auto, (max-width: 250px) 100vw, 250px\" \/><\/figure>\n<\/div><\/div>\n\n\n\n<div class=\"wp-block-column is-layout-flow wp-block-column-is-layout-flow\"><div class=\"wp-block-image is-style-zoooom\">\n<figure class=\"aligncenter size-full\"><img alt=\"\" loading=\"lazy\" decoding=\"async\" width=\"250\" height=\"333\" src=\"https:\/\/dev.oenobrands.com\/wp-content\/uploads\/2025\/11\/EN-Technical-resources-Glucan-test-rose.png\" alt=\"\" class=\"wp-image-20921\" style=\"aspect-ratio:16\/9;object-fit:cover\" srcset=\"https:\/\/dev.oenobrands.com\/wp-content\/uploads\/2025\/11\/EN-Technical-resources-Glucan-test-rose.png 250w, https:\/\/dev.oenobrands.com\/wp-content\/uploads\/2025\/11\/EN-Technical-resources-Glucan-test-rose-225x300.png 225w\" sizes=\"auto, (max-width: 250px) 100vw, 250px\" \/><\/figure>\n<\/div><\/div>\n\n\n\n<div class=\"wp-block-column is-layout-flow wp-block-column-is-layout-flow\"><div class=\"wp-block-image is-style-zoooom\">\n<figure class=\"aligncenter size-full\"><img alt=\"\" loading=\"lazy\" decoding=\"async\" width=\"250\" height=\"333\" src=\"https:\/\/dev.oenobrands.com\/wp-content\/uploads\/2025\/11\/EN-Technical-resources-Glucan-test-red.png\" alt=\"\" class=\"wp-image-20917\" style=\"aspect-ratio:16\/9;object-fit:cover\" srcset=\"https:\/\/dev.oenobrands.com\/wp-content\/uploads\/2025\/11\/EN-Technical-resources-Glucan-test-red.png 250w, https:\/\/dev.oenobrands.com\/wp-content\/uploads\/2025\/11\/EN-Technical-resources-Glucan-test-red-225x300.png 225w\" sizes=\"auto, (max-width: 250px) 100vw, 250px\" \/><\/figure>\n<\/div><\/div>\n<\/div>\n\n<div style=\"height:30px\" aria-hidden=\"true\" class=\"wp-block-spacer\"><\/div>\n\n<h3 class=\"wp-block-heading\"><strong>Option 2 : Test glucane modifi\u00e9 pour un niveau de glucane de 3 \u00e0 15 mg\/L<\/strong><\/h3>\n\n<div style=\"height:30px\" aria-hidden=\"true\" class=\"wp-block-spacer\"><\/div>\n\n<p>1. Centrifuger le premier test, ou directement le mo\u00fbt ou le vin, \u00e0 3 000 tr\/min pendant 10\u201315 minutes.<\/p>\n\n<p>2. Dissoudre le s\u00e9diment de centrifugation avec 5 mL d\u2019eau distill\u00e9e, puis ajouter 5 mL d\u2019alcool acidifi\u00e9.<\/p>\n\n<p>3.  <strong>R\u00e9sultats : apr\u00e8s 4 minutes, si des filaments ou des flocons apparaissent, la pr\u00e9sence de glucanes est confirm\u00e9e. Les r\u00e9sultats peuvent appara\u00eetre jusqu\u2019\u00e0 1 h ; v\u00e9rifier \u00e0 1 h.<\/strong><\/p>\n\n<div style=\"height:30px\" aria-hidden=\"true\" class=\"wp-block-spacer\"><\/div>\n\n<hr class=\"wp-block-separator has-text-color has-black-color has-alpha-channel-opacity has-black-background-color has-background\"\/>\n\n<div class=\"wp-block-columns is-layout-flex wp-container-core-columns-is-layout-9d6595d7 wp-block-columns-is-layout-flex\">\n<div class=\"wp-block-column is-layout-flow wp-block-column-is-layout-flow\">\n<div class=\"wp-block-group\"><div class=\"wp-block-group__inner-container is-layout-constrained wp-block-group-is-layout-constrained\">\n<h2 class=\"wp-block-heading\"><strong>Produits associ\u00e9s :<\/strong><\/h2>\n\n\n\n<div style=\"height:30px\" aria-hidden=\"true\" class=\"wp-block-spacer\"><\/div>\n\n\n\n<div class=\"wp-block-columns is-layout-flex wp-container-core-columns-is-layout-9d6595d7 wp-block-columns-is-layout-flex\">\n<div class=\"wp-block-column is-vertically-aligned-top is-layout-flow wp-block-column-is-layout-flow\" style=\"flex-basis:100%\">\n<div class=\"wp-block-buttons is-horizontal is-content-justification-center is-layout-flex wp-container-core-buttons-is-layout-499968f5 wp-block-buttons-is-layout-flex\">\n<div class=\"wp-block-button\"><a class=\"wp-block-button__link wp-element-button\" href=\"https:\/\/dev.oenobrands.com\/product\/enzyme\/rapidase\/rapidase-glucan-free\/\">Rapidase GlucanFree<\/a><\/div>\n\n\n\n<div class=\"wp-block-button\"><a class=\"wp-block-button__link wp-element-button\" href=\"https:\/\/dev.oenobrands.com\/product\/enzyme\/rapidase\/rapidase-vinofast\/\">Rapidase VinoFast<\/a><\/div>\n<\/div>\n<\/div>\n<\/div>\n<\/div><\/div>\n\n\n\n<div style=\"height:30px\" aria-hidden=\"true\" class=\"wp-block-spacer\"><\/div>\n<\/div>\n\n\n\n<div class=\"wp-block-column is-layout-flow wp-block-column-is-layout-flow\">\n<h2 class=\"wp-block-heading\"><strong>Vous souhaitez explorer la gamme Rapidase ?<\/strong><\/h2>\n\n\n\n<div style=\"height:30px\" aria-hidden=\"true\" class=\"wp-block-spacer\"><\/div>\n\n\n\n<div class=\"wp-block-buttons is-content-justification-center is-layout-flex wp-container-core-buttons-is-layout-16018d1d wp-block-buttons-is-layout-flex\">\n<div class=\"wp-block-button\"><a class=\"wp-block-button__link wp-element-button\" href=\"https:\/\/dev.oenobrands.com\/product\/enzyme\/rapidase\/\">Marque Rapidase<\/a><\/div>\n\n\n\n<div class=\"wp-block-button\"><a class=\"wp-block-button__link wp-element-button\" href=\"https:\/\/dev.oenobrands.com\/product\/enzyme\/enzyme-choice\/\">Choix Rapidase<\/a><\/div>\n<\/div>\n<\/div>\n<\/div>\n\n<div style=\"height:50px\" aria-hidden=\"true\" class=\"wp-block-spacer\"><\/div>\n","protected":false},"excerpt":{"rendered":"<p>Protocole rapide \u00c9valuer les risques li\u00e9s aux glucanes La d\u00e9gradation des cha\u00eenes polysaccharidiques pectiques simples et complexes, ainsi que des glucanes issus de raisins alt\u00e9r\u00e9s, am\u00e9liore la filtration, acc\u00e9l\u00e8re et renforce la clarification apr\u00e8s les traitements de collage. Un test glucane n\u00e9gatif est indispensable, et le vinificateur doit v\u00e9rifier l\u2019\u00e9volution apr\u00e8s l\u2019addition enzymatique, avec la [&hellip;]<\/p>\n","protected":false},"author":3,"featured_media":0,"parent":20767,"menu_order":0,"comment_status":"closed","ping_status":"closed","template":"page-premier-products-list.php","meta":{"_acf_changed":false,"_seopress_robots_primary_cat":"0","_seopress_titles_title":"","_seopress_titles_desc":"","_seopress_robots_index":"","_seopress_analysis_target_kw":"","footnotes":""},"class_list":["post-21728","page","type-page","status-publish"],"acf":[],"_links":{"self":[{"href":"https:\/\/dev.oenobrands.com\/fr\/wp-json\/wp\/v2\/pages\/21728","targetHints":{"allow":["GET"]}}],"collection":[{"href":"https:\/\/dev.oenobrands.com\/fr\/wp-json\/wp\/v2\/pages"}],"about":[{"href":"https:\/\/dev.oenobrands.com\/fr\/wp-json\/wp\/v2\/types\/page"}],"author":[{"embeddable":true,"href":"https:\/\/dev.oenobrands.com\/fr\/wp-json\/wp\/v2\/users\/3"}],"replies":[{"embeddable":true,"href":"https:\/\/dev.oenobrands.com\/fr\/wp-json\/wp\/v2\/comments?post=21728"}],"version-history":[{"count":0,"href":"https:\/\/dev.oenobrands.com\/fr\/wp-json\/wp\/v2\/pages\/21728\/revisions"}],"up":[{"embeddable":true,"href":"https:\/\/dev.oenobrands.com\/fr\/wp-json\/wp\/v2\/pages\/20767"}],"wp:attachment":[{"href":"https:\/\/dev.oenobrands.com\/fr\/wp-json\/wp\/v2\/media?parent=21728"}],"curies":[{"name":"wp","href":"https:\/\/api.w.org\/{rel}","templated":true}]}}