{"id":13976,"date":"2022-10-19T23:15:51","date_gmt":"2022-10-19T21:15:51","guid":{"rendered":"https:\/\/dev.oenobrands.com\/preservation-des-aromes\/"},"modified":"2025-11-18T13:50:48","modified_gmt":"2025-11-18T12:50:48","slug":"preservation-des-aromes","status":"publish","type":"page","link":"https:\/\/dev.oenobrands.com\/fr\/solution\/aromes-du-vin\/preservation-des-aromes\/","title":{"rendered":"Pr\u00e9servation des ar\u00f4mes"},"content":{"rendered":"\n<div style=\"height:50px\" aria-hidden=\"true\" class=\"wp-block-spacer\"><\/div>\n\n<h2 class=\"wp-block-heading\"><strong>La pr\u00e9servation des ar\u00f4mes du vin se concentre sur la r\u00e9duction du processus naturel de d\u00e9t\u00e9rioration des ar\u00f4mes au fil du temps.<\/strong><\/h2>\n\n<div style=\"height:50px\" aria-hidden=\"true\" class=\"wp-block-spacer\"><\/div>\n\n<div class=\"wp-block-columns is-layout-flex wp-container-core-columns-is-layout-9d6595d7 wp-block-columns-is-layout-flex\">\n<div class=\"wp-block-column is-layout-flow wp-block-column-is-layout-flow\">\n<div class=\"wp-block-columns is-layout-flex wp-container-core-columns-is-layout-9d6595d7 wp-block-columns-is-layout-flex\">\n<div class=\"wp-block-column is-layout-flow wp-block-column-is-layout-flow\">\n<p><strong>La meilleure option pour pr\u00e9server ces compos\u00e9s aromatiques de haute qualit\u00e9 reste le stockage du vin \u00e0 basse temp\u00e9rature<\/strong> dans des conditions qui \u00e9vitent toute dissolution d&rsquo;O<sub>2 <\/sub>ou oxydation (SO<sub>2<\/sub>, lies, gaz inerte, etc.). Cependant, les mannoprot\u00e9ines ont \u00e9galement d\u00e9montr\u00e9 des propri\u00e9t\u00e9s protectrices.<\/p>\n\n\n\n<p><strong>Final touch<sup>\u00ae<\/sup> TONIC est une solution \u00e0 base de mannoprot\u00e9ines s\u00e9lectionn\u00e9es,<\/strong> extraites d\u2019une souche sp\u00e9cifique de<em> Saccharomyces cerevisiae<\/em>, <strong>pour prot\u00e9ger la fra\u00eecheur aromatique des vins blancs et ros\u00e9s.<\/strong> Final touch TONIC pr\u00e9serve la qualit\u00e9 des vins blancs et ros\u00e9s au fil du vieillissement, car il contient des mannoprot\u00e9ines s\u00e9lectionn\u00e9es pour leurs puissantes propri\u00e9t\u00e9s collo\u00efdales protectrices. <\/p>\n\n\n\n<p><strong>Les effets imm\u00e9diats et durables observ\u00e9s dans les vins blancs et ros\u00e9s sont une fra\u00eecheur accrue et moins d&rsquo;ar\u00f4mes oxydatifs, une intensit\u00e9 aromatique sup\u00e9rieure, un go\u00fbt plus \u00e9clatant ainsi qu\u2019une plus grande finesse et des qualit\u00e9s organoleptiques renforc\u00e9es.<\/strong> En outre, l\u2019utilisation de Final touch TONIC emp\u00eache les ar\u00f4mes des vins de vieillir pr\u00e9matur\u00e9ment et peut prolonger leur dur\u00e9e de vie commerciale potentielle. <\/p>\n\n\n\n<div style=\"height:30px\" aria-hidden=\"true\" class=\"wp-block-spacer\"><\/div>\n\n\n\n<div class=\"wp-block-buttons is-content-justification-center is-layout-flex wp-container-core-buttons-is-layout-16018d1d wp-block-buttons-is-layout-flex\">\n<div class=\"wp-block-button\"><a class=\"wp-block-button__link has-white-color has-text-color has-background wp-element-button\" href=\"https:\/\/dev.oenobrands.com\/fr\/produit\/mannoproteine\/final-touch\/final-touch-tonic\/&lt;br\/&gt;&lt;br\/&gt;&lt;div style=&quot;all: initial !important;&quot;&gt; &lt;\/div&gt;\" style=\"background-color:#719949\" target=\"_blank\" rel=\"noreferrer noopener\">Final touch TONIC<\/a><\/div>\n<\/div>\n<\/div>\n\n\n\n<div class=\"wp-block-column is-layout-flow wp-block-column-is-layout-flow\" style=\"flex-basis:5%\"><\/div>\n\n\n\n<div class=\"wp-block-column is-layout-flow wp-block-column-is-layout-flow\"><div class=\"wp-block-image zoooom\">\n<figure class=\"aligncenter size-full\"><img alt=\"\" loading=\"lazy\" decoding=\"async\" width=\"1023\" height=\"760\" src=\"https:\/\/dev.oenobrands.com\/wp-content\/uploads\/2023\/03\/Solution_Aroma_aroma-preservation_image-1.png\" alt=\"\" class=\"wp-image-2062\" style=\"object-fit:contain\" srcset=\"https:\/\/dev.oenobrands.com\/wp-content\/uploads\/2023\/03\/Solution_Aroma_aroma-preservation_image-1.png 1023w, https:\/\/dev.oenobrands.com\/wp-content\/uploads\/2023\/03\/Solution_Aroma_aroma-preservation_image-1-300x223.png 300w, https:\/\/dev.oenobrands.com\/wp-content\/uploads\/2023\/03\/Solution_Aroma_aroma-preservation_image-1-768x571.png 768w\" sizes=\"auto, (max-width: 1023px) 100vw, 1023px\" \/><figcaption class=\"wp-element-caption\"><em>Concentration totale en thiols vari\u00e9taux (3MH + 4MMP + 3MHA) des vins ros\u00e9s produits selon la m\u00e9thode \u201cthiol\u201d, analys\u00e9e 12 mois apr\u00e8s mise en bouteille : sans traitement vs. avec 40 ml\/hL de <strong>Final touch TONIC.<\/strong><\/em><\/figcaption><\/figure>\n<\/div><\/div>\n<\/div>\n<\/div>\n<\/div>\n\n<div style=\"height:50px\" aria-hidden=\"true\" class=\"wp-block-spacer\"><\/div>\n<div class=\"wp-block-image zoooom is-style-default\">\n<figure class=\"aligncenter size-large\"><img loading=\"lazy\" decoding=\"async\" width=\"1024\" height=\"373\" src=\"https:\/\/dev.oenobrands.com\/wp-content\/uploads\/2023\/03\/Solution_Aroma_aroma-preservation_image-2-1024x373.png\" alt=\"Pr&#xE9;servation des ar&#xF4;mes\" class=\"wp-image-2064\" style=\"object-fit:cover\" srcset=\"https:\/\/dev.oenobrands.com\/wp-content\/uploads\/2023\/03\/Solution_Aroma_aroma-preservation_image-2-1024x373.png 1024w, https:\/\/dev.oenobrands.com\/wp-content\/uploads\/2023\/03\/Solution_Aroma_aroma-preservation_image-2-300x109.png 300w, https:\/\/dev.oenobrands.com\/wp-content\/uploads\/2023\/03\/Solution_Aroma_aroma-preservation_image-2-768x280.png 768w, https:\/\/dev.oenobrands.com\/wp-content\/uploads\/2023\/03\/Solution_Aroma_aroma-preservation_image-2.png 1321w\" sizes=\"auto, (max-width: 1024px) 100vw, 1024px\" \/><figcaption class=\"wp-element-caption\"><em>Vin blanc (Viognier, Vermentino, Marsanne et Roussanne) de la vall\u00e9e du Rh\u00f4ne Sud, France, 10 mois apr\u00e8s traitement et mise en bouteille.<\/em><\/figcaption><\/figure>\n<\/div>\n<div style=\"height:50px\" aria-hidden=\"true\" class=\"wp-block-spacer\"><\/div>\n\n<div class=\"wp-block-columns is-layout-flex wp-container-core-columns-is-layout-9d6595d7 wp-block-columns-is-layout-flex\">\n<div class=\"wp-block-column is-vertically-aligned-center is-layout-flow wp-block-column-is-layout-flow\" style=\"flex-basis:30%\">\n<h1 class=\"wp-block-heading has-text-color\" style=\"color:#75787b\">D\u00e9couvrez la gamme Final touch<\/h1>\n\n\n\n<div style=\"height:20px\" aria-hidden=\"true\" class=\"wp-block-spacer\"><\/div>\n\n\n\n<div class=\"wp-block-buttons is-content-justification-left is-layout-flex wp-container-core-buttons-is-layout-fdcfc74e wp-block-buttons-is-layout-flex\">\n<div class=\"wp-block-button\"><a class=\"wp-block-button__link has-background wp-element-button\" href=\"https:\/\/dev.oenobrands.com\/fr\/produit\/mannoproteine\/final-touch\/&lt;br\/&gt;&lt;br\/&gt;&lt;br\/&gt;&lt;br\/&gt;&lt;br\/&gt;&lt;br\/&gt;&lt;div style=&quot;all: initial !important;&quot;&gt; &lt;\/div&gt;\" style=\"background-color:#75787b\" target=\"_blank\" rel=\"noreferrer noopener\">Final touch<\/a><\/div>\n<\/div>\n<\/div>\n\n\n\n<div class=\"wp-block-column is-layout-flow wp-block-column-is-layout-flow\" style=\"flex-basis:50px\"><\/div>\n\n\n\n<div class=\"wp-block-column is-layout-flow wp-block-column-is-layout-flow\"><div class=\"wp-block-image\">\n<figure class=\"aligncenter size-medium\"><img loading=\"lazy\" decoding=\"async\" width=\"300\" height=\"225\" src=\"https:\/\/dev.oenobrands.com\/wp-content\/uploads\/2023\/05\/FINAL-TOUCH-mannoprotein-wine-vin-generique-e1683626090373-300x225.png\" alt=\"FINAL-TOUCH-mannoprotein-wine-vin-generique\" class=\"wp-image-4025\" srcset=\"https:\/\/dev.oenobrands.com\/wp-content\/uploads\/2023\/05\/FINAL-TOUCH-mannoprotein-wine-vin-generique-e1683626090373-300x225.png 300w, https:\/\/dev.oenobrands.com\/wp-content\/uploads\/2023\/05\/FINAL-TOUCH-mannoprotein-wine-vin-generique-e1683626090373.png 350w\" sizes=\"auto, (max-width: 300px) 100vw, 300px\" \/><\/figure>\n<\/div><\/div>\n<\/div>\n\n<div style=\"height:50px\" aria-hidden=\"true\" class=\"wp-block-spacer\"><\/div>\n\n<div class=\"wp-block-group\"><div class=\"wp-block-group__inner-container is-layout-constrained wp-block-group-is-layout-constrained\">\n<div class=\"wp-block-group\"><div class=\"wp-block-group__inner-container is-layout-constrained wp-block-group-is-layout-constrained\">\n<div class=\"wp-block-group\"><div class=\"wp-block-group__inner-container is-layout-constrained wp-block-group-is-layout-constrained\">\n<div class=\"wp-block-group\"><div class=\"wp-block-group__inner-container is-layout-constrained wp-block-group-is-layout-constrained\">\n<hr class=\"wp-block-separator has-text-color has-alpha-channel-opacity has-background\" style=\"background-color:#8a918e;color:#8a918e\"\/>\n<\/div><\/div>\n<\/div><\/div>\n\n\n\n<div class=\"wp-block-group\"><div class=\"wp-block-group__inner-container is-layout-constrained wp-block-group-is-layout-constrained\">\n<div class=\"wp-block-group\"><div class=\"wp-block-group__inner-container is-layout-constrained wp-block-group-is-layout-constrained\">\n<h2 class=\"wp-block-heading\"><strong>Et vous, qu&rsquo;en pensez-vous ?<\/strong><\/h2>\n<\/div><\/div>\n<\/div><\/div>\n\n\n\n<div class=\"wp-block-group\"><div class=\"wp-block-group__inner-container is-layout-constrained wp-block-group-is-layout-constrained\">\n<div class=\"wp-block-group\"><div class=\"wp-block-group__inner-container is-layout-constrained wp-block-group-is-layout-constrained\">\n<p>Avec une \u00e9quipe hautement qualifi\u00e9e d&rsquo;experts dans divers domaines, Oenobrands s&rsquo;engage \u00e0 fournir aux vinificateurs des solutions innovantes et scientifiquement \u00e9prouv\u00e9es, tout en mettant en avant les synergies positives entre ses produits.<\/p>\n<\/div><\/div>\n\n\n\n<div class=\"wp-block-group\"><div class=\"wp-block-group__inner-container is-layout-constrained wp-block-group-is-layout-constrained\">\n<div class=\"wp-block-group\"><div class=\"wp-block-group__inner-container is-layout-constrained wp-block-group-is-layout-constrained\">\n<div class=\"wp-block-columns is-layout-flex wp-container-core-columns-is-layout-9d6595d7 wp-block-columns-is-layout-flex\">\n<div class=\"wp-block-column is-vertically-aligned-center is-layout-flow wp-block-column-is-layout-flow\">\n<div class=\"wp-block-group wp-container-content-9cfa9a5a is-content-justification-left\"><div class=\"wp-block-group__inner-container is-layout-constrained wp-container-core-group-is-layout-8c890d92 wp-block-group-is-layout-constrained\">\n<p class=\"has-text-align-left\" style=\"font-size:0.9rem;font-style:normal;font-weight:600;letter-spacing:1px;text-transform:uppercase\">Trouvez votre solution ou produit<\/p>\n\n\n<form role=\"search\" method=\"get\" action=\"https:\/\/dev.oenobrands.com\/fr\/\" class=\"wp-block-search__button-outside wp-block-search__icon-button wp-block-search\"    ><label class=\"wp-block-search__label screen-reader-text\" for=\"wp-block-search__input-1\" >Recherche<\/label><div class=\"wp-block-search__inside-wrapper\"  style=\"width: 100%\"><input class=\"wp-block-search__input\" id=\"wp-block-search__input-1\" placeholder=\"\" value=\"\" type=\"search\" name=\"s\" required  style=\"border-width: 1px\"\/><button aria-label=\"Recherche\" class=\"wp-block-search__button has-icon wp-element-button\" type=\"submit\"  style=\"border-width: 1px\"><svg class=\"search-icon\" viewBox=\"0 0 24 24\" width=\"24\" height=\"24\">\n\t\t\t\t\t<path d=\"M13 5c-3.3 0-6 2.7-6 6 0 1.4.5 2.7 1.3 3.7l-3.8 3.8 1.1 1.1 3.8-3.8c1 .8 2.3 1.3 3.7 1.3 3.3 0 6-2.7 6-6S16.3 5 13 5zm0 10.5c-2.5 0-4.5-2-4.5-4.5s2-4.5 4.5-4.5 4.5 2 4.5 4.5-2 4.5-4.5 4.5z\"><\/path>\n\t\t\t\t<\/svg><\/button><\/div><\/form><\/div><\/div>\n<\/div>\n\n\n\n<div class=\"wp-block-column is-layout-flow wp-block-column-is-layout-flow\" style=\"flex-basis:3px\"><\/div>\n\n\n\n<div class=\"wp-block-column is-layout-flow wp-block-column-is-layout-flow\">\n<p class=\"has-text-align-center\">Parlez-nous de vos difficult\u00e9s, nous vous r\u00e9pondrons<\/p>\n\n\n\n<div class=\"wp-block-buttons is-content-justification-center is-layout-flex wp-container-core-buttons-is-layout-16018d1d wp-block-buttons-is-layout-flex\">\n<div class=\"wp-block-button is-style-fill\"><a class=\"wp-block-button__link wp-element-button\" href=\"https:\/\/dev.oenobrands.com\/fr\/contactez-nous\/&lt;br\/&gt;&lt;br\/&gt;&lt;div style=&quot;all: initial !important;&quot;&gt; &lt;\/div&gt;\" target=\"_blank\" rel=\"noreferrer noopener\">Contactez-nous.<\/a><\/div>\n<\/div>\n<\/div>\n<\/div>\n<\/div><\/div>\n<\/div><\/div>\n<\/div><\/div>\n<\/div><\/div>\n<\/div><\/div>\n\n<div style=\"height:50px\" aria-hidden=\"true\" class=\"wp-block-spacer\"><\/div>\n","protected":false},"excerpt":{"rendered":"<p>La pr\u00e9servation des ar\u00f4mes du vin se concentre sur la r\u00e9duction du processus naturel de d\u00e9t\u00e9rioration des ar\u00f4mes au fil du temps. La meilleure option pour pr\u00e9server ces compos\u00e9s aromatiques de haute qualit\u00e9 reste le stockage du vin \u00e0 basse temp\u00e9rature dans des conditions qui \u00e9vitent toute dissolution d&rsquo;O2 ou oxydation (SO2, lies, gaz inerte, [&hellip;]<\/p>\n","protected":false},"author":3,"featured_media":0,"parent":13979,"menu_order":4,"comment_status":"closed","ping_status":"closed","template":"","meta":{"_acf_changed":false,"_seopress_robots_primary_cat":"0","_seopress_titles_title":"","_seopress_titles_desc":"","_seopress_robots_index":"","_seopress_analysis_target_kw":"","footnotes":""},"class_list":["post-13976","page","type-page","status-publish"],"acf":[],"_links":{"self":[{"href":"https:\/\/dev.oenobrands.com\/fr\/wp-json\/wp\/v2\/pages\/13976","targetHints":{"allow":["GET"]}}],"collection":[{"href":"https:\/\/dev.oenobrands.com\/fr\/wp-json\/wp\/v2\/pages"}],"about":[{"href":"https:\/\/dev.oenobrands.com\/fr\/wp-json\/wp\/v2\/types\/page"}],"author":[{"embeddable":true,"href":"https:\/\/dev.oenobrands.com\/fr\/wp-json\/wp\/v2\/users\/3"}],"replies":[{"embeddable":true,"href":"https:\/\/dev.oenobrands.com\/fr\/wp-json\/wp\/v2\/comments?post=13976"}],"version-history":[{"count":0,"href":"https:\/\/dev.oenobrands.com\/fr\/wp-json\/wp\/v2\/pages\/13976\/revisions"}],"up":[{"embeddable":true,"href":"https:\/\/dev.oenobrands.com\/fr\/wp-json\/wp\/v2\/pages\/13979"}],"wp:attachment":[{"href":"https:\/\/dev.oenobrands.com\/fr\/wp-json\/wp\/v2\/media?parent=13976"}],"curies":[{"name":"wp","href":"https:\/\/api.w.org\/{rel}","templated":true}]}}