{"id":13939,"date":"2022-10-04T16:23:50","date_gmt":"2022-10-04T14:23:50","guid":{"rendered":"https:\/\/dev.oenobrands.com\/solution\/"},"modified":"2025-11-18T14:14:42","modified_gmt":"2025-11-18T13:14:42","slug":"solution","status":"publish","type":"page","link":"https:\/\/dev.oenobrands.com\/fr\/solution\/","title":{"rendered":"Solution"},"content":{"rendered":"\n<div style=\"height:50px\" aria-hidden=\"true\" class=\"wp-block-spacer\"><\/div>\n\n<h2 class=\"wp-block-heading\">Solutions expertes pour la vinification propors\u00e9es par Oenobrands<\/h2>\n\n<div style=\"height:30px\" aria-hidden=\"true\" class=\"wp-block-spacer\"><\/div>\n\n<p>Retrouvez sur ces pages \u00ab\u00a0solution\u00a0\u00bb diff\u00e9rentes r\u00e9ponses d&rsquo;Oenobrands aux questions \u0153nologiques que tout sp\u00e9cialiste de cave peut se poser au quotidien. <\/p>\n\n<div style=\"height:30px\" aria-hidden=\"true\" class=\"wp-block-spacer\"><\/div>\n\n<div class=\"wp-block-columns is-layout-flex wp-container-core-columns-is-layout-9d6595d7 wp-block-columns-is-layout-flex\">\n<div class=\"wp-block-column is-layout-flow wp-block-column-is-layout-flow\">\n<h2 class=\"wp-block-heading\">\u00c9TAPES PR\u00c9-FERMENTAIRES<\/h2>\n\n\n\n<ul class=\"wp-block-list\">\n<li><a href=\"https:\/\/dev.oenobrands.com\/fr\/solution\/etapes-pre-fermentaires\/traitement-a-chaud-du-raisin\/\">Traitement \u00e0 chaud du raisin<\/a><\/li>\n\n\n\n<li><a href=\"https:\/\/dev.oenobrands.com\/fr\/solution\/etapes-pre-fermentaires\/clarification-des-mouts\/\">Clarification des mo\u00fbts<\/a><\/li>\n\n\n\n<li><a href=\"https:\/\/dev.oenobrands.com\/fr\/solution\/etapes-pre-fermentaires\/maceration-pelliculaire\/\">Mac\u00e9ration pelliculaire<\/a><\/li>\n\n\n\n<li><a href=\"https:\/\/dev.oenobrands.com\/fr\/solution\/etapes-pre-fermentaires\/pressurage-des-raisins\/\">Pressurage des raisins<\/a><\/li>\n<\/ul>\n<\/div>\n\n\n\n<div class=\"wp-block-column is-layout-flow wp-block-column-is-layout-flow\">\n<h2 class=\"wp-block-heading\">COULEUR<\/h2>\n\n\n\n<ul class=\"wp-block-list\">\n<li><a href=\"https:\/\/dev.oenobrands.com\/fr\/solution\/couleur\/extraction-de-la-couleur-des-raisins\/\">Extraction de la couleur des raisins<\/a><\/li>\n\n\n\n<li><a href=\"https:\/\/dev.oenobrands.com\/fr\/solution\/couleur\/stabilisation-de-la-couleur-des-vins\/\">Stabilisation de la couleur des vins<\/a><\/li>\n<\/ul>\n<\/div>\n\n\n\n<div class=\"wp-block-column is-layout-flow wp-block-column-is-layout-flow\">\n<h2 class=\"wp-block-heading\">AR\u00d4MES DU VIN<\/h2>\n\n\n\n<ul class=\"wp-block-list\">\n<li><a href=\"https:\/\/dev.oenobrands.com\/fr\/solution\/aromes-du-vin\/extraction-des-aromes-des-raisins\/\">Extraction des ar\u00f4mes des raisins<\/a><\/li>\n\n\n\n<li><a href=\"https:\/\/dev.oenobrands.com\/fr\/solution\/aromes-du-vin\/composes-aromatiques-cles\/\">Compos\u00e9s aromatiques cl\u00e9s<\/a><\/li>\n\n\n\n<li><a href=\"https:\/\/dev.oenobrands.com\/fr\/solution\/aromes-du-vin\/modulation-des-aromes\/\">Modulation des ar\u00f4mes<\/a><\/li>\n\n\n\n<li><a href=\"https:\/\/dev.oenobrands.com\/fr\/solution\/aromes-du-vin\/preservation-des-aromes\/\">Pr\u00e9servation des ar\u00f4mes<\/a><\/li>\n\n\n\n<li><a href=\"https:\/\/dev.oenobrands.com\/fr\/solution\/aromes-du-vin\/protection-des-aromes\/\">Protection des ar\u00f4mes<\/a><\/li>\n<\/ul>\n<\/div>\n\n\n\n<div class=\"wp-block-column is-layout-flow wp-block-column-is-layout-flow\">\n<h2 class=\"wp-block-heading\">D\u00c9FAUTS \u0152NOLOGIQUES<\/h2>\n\n\n\n<ul class=\"wp-block-list\">\n<li><a href=\"https:\/\/dev.oenobrands.com\/fr\/solution\/defauts-oenologiques\/reduction\/\">R\u00e9duction<\/a><\/li>\n\n\n\n<li><a href=\"https:\/\/dev.oenobrands.com\/fr\/solution\/defauts-oenologiques\/gout-de-bouchon\/\">Go\u00fbt de bouchon<\/a><\/li>\n\n\n\n<li><a href=\"https:\/\/dev.oenobrands.com\/fr\/solution\/defauts-oenologiques\/gout-de-fumee\/\">Go\u00fbt de fum\u00e9e<\/a><\/li>\n\n\n\n<li><a href=\"https:\/\/dev.oenobrands.com\/fr\/solution\/defauts-oenologiques\/oxydation-des-vins\/\">Oxydation des vins<\/a><\/li>\n<\/ul>\n<\/div>\n<\/div>\n\n<div class=\"wp-block-columns is-layout-flex wp-container-core-columns-is-layout-9d6595d7 wp-block-columns-is-layout-flex\">\n<div class=\"wp-block-column is-layout-flow wp-block-column-is-layout-flow\">\n<h2 class=\"wp-block-heading\">FERMENTATION ALCOOLIQUE<\/h2>\n\n\n\n<ul class=\"wp-block-list\">\n<li><a href=\"https:\/\/dev.oenobrands.com\/fr\/solution\/fermentation-alcoolique\/choix-des-levures\/\">Choix des levures<\/a><\/li>\n\n\n\n<li><a href=\"https:\/\/dev.oenobrands.com\/fr\/solution\/fermentation-alcoolique\/inoculation-des-levures\/\">Inoculation des levures<\/a><\/li>\n\n\n\n<li><a href=\"https:\/\/dev.oenobrands.com\/fr\/solution\/fermentation-alcoolique\/nutrition-des-levures\/\">Nutrition des levures<\/a><\/li>\n\n\n\n<li><a href=\"https:\/\/dev.oenobrands.com\/fr\/solution\/fermentation-alcoolique\/inoculation-directe-des-levures\/\">Inoculation directe<\/a><\/li>\n\n\n\n<li><a href=\"https:\/\/dev.oenobrands.com\/fr\/solution\/fermentation-alcoolique\/gestion-de-la-fermentation\/\">Gestion de la fermentation<\/a><\/li>\n<\/ul>\n<\/div>\n\n\n\n<div class=\"wp-block-column is-layout-flow wp-block-column-is-layout-flow\">\n<h2 class=\"wp-block-heading\">FERMENTATION MALOLACTIQUE<\/h2>\n\n\n\n<ul class=\"wp-block-list\">\n<li><a href=\"https:\/\/dev.oenobrands.com\/fr\/solution\/fermentation-malolactique\/fml-en-pratique\/\">FML en pratique<\/a><\/li>\n\n\n\n<li><a href=\"https:\/\/dev.oenobrands.com\/fr\/solution\/fermentation-malolactique\/fml-en-co-inoculation\/\">FML en co-inoculation<\/a><\/li>\n\n\n\n<li><a href=\"https:\/\/dev.oenobrands.com\/fr\/solution\/fermentation-malolactique\/fml-sequentielle\/\">FML s\u00e9quentielle<\/a><\/li>\n<\/ul>\n<\/div>\n\n\n\n<div class=\"wp-block-column is-layout-flow wp-block-column-is-layout-flow\">\n<h2 class=\"wp-block-heading\">SENSATIONS ORGANOLEPTIQUES<\/h2>\n\n\n\n<ul class=\"wp-block-list\">\n<li><a href=\"https:\/\/dev.oenobrands.com\/fr\/solution\/sensations-organoleptiques\/texture-en-bouche-des-vins\/\">Texture en bouche des vins<\/a><\/li>\n\n\n\n<li><a href=\"https:\/\/dev.oenobrands.com\/fr\/solution\/sensations-organoleptiques\/puissance-tannique\/\">Puissance tannique<\/a><\/li>\n\n\n\n<li><a href=\"https:\/\/dev.oenobrands.com\/fr\/solution\/sensations-organoleptiques\/fraicheur-dans-le-vin\/\">Fra\u00eecheur dans le vin<\/a><\/li>\n<\/ul>\n<\/div>\n\n\n\n<div class=\"wp-block-column is-layout-flow wp-block-column-is-layout-flow\">\n<h2 class=\"wp-block-heading\">FILTRATION<\/h2>\n\n\n\n<ul class=\"wp-block-list\">\n<li><a href=\"https:\/\/dev.oenobrands.com\/fr\/solution\/filtration\/filtration-du-vin\/\">Filtration du vin<\/a><\/li>\n<\/ul>\n<\/div>\n<\/div>\n\n<div class=\"wp-block-columns is-layout-flex wp-container-core-columns-is-layout-9d6595d7 wp-block-columns-is-layout-flex\">\n<div class=\"wp-block-column is-layout-flow wp-block-column-is-layout-flow\">\n<h2 class=\"wp-block-heading\">STABILISATION DES VINS<\/h2>\n\n\n\n<ul class=\"wp-block-list\">\n<li><a href=\"https:\/\/dev.oenobrands.com\/fr\/solution\/stabilisation-des-vins\/stabilisation-tartrique\/\">Stabilisation tartrique<\/a><\/li>\n\n\n\n<li><a href=\"https:\/\/dev.oenobrands.com\/fr\/solution\/stabilisation-des-vins\/stabilisation-proteique\/\">Stabilisation prot\u00e9ique<\/a><\/li>\n<\/ul>\n<\/div>\n\n\n\n<div class=\"wp-block-column is-layout-flow wp-block-column-is-layout-flow\">\n<h2 class=\"wp-block-heading\">Autres boissons<\/h2>\n\n\n\n<ul class=\"wp-block-list\">\n<li><a href=\"https:\/\/dev.oenobrands.com\/fr\/solution\/cidre\/applications\/\">Cidre<\/a><\/li>\n<\/ul>\n<\/div>\n\n\n\n<div class=\"wp-block-column is-layout-flow wp-block-column-is-layout-flow\"><\/div>\n\n\n\n<div class=\"wp-block-column is-layout-flow wp-block-column-is-layout-flow\"><\/div>\n<\/div>\n\n<div style=\"height:30px\" aria-hidden=\"true\" class=\"wp-block-spacer\"><\/div>\n\n<div class=\"wp-block-group\"><div class=\"wp-block-group__inner-container is-layout-constrained wp-block-group-is-layout-constrained\">\n<div class=\"wp-block-group\"><div class=\"wp-block-group__inner-container is-layout-constrained wp-block-group-is-layout-constrained\">\n<div class=\"wp-block-group\"><div class=\"wp-block-group__inner-container is-layout-constrained wp-block-group-is-layout-constrained\">\n<div class=\"wp-block-group\"><div class=\"wp-block-group__inner-container is-layout-constrained wp-block-group-is-layout-constrained\">\n<hr class=\"wp-block-separator has-text-color has-alpha-channel-opacity has-background\" style=\"background-color:#8a918e;color:#8a918e\"\/>\n<\/div><\/div>\n<\/div><\/div>\n\n\n\n<div class=\"wp-block-group\"><div class=\"wp-block-group__inner-container is-layout-constrained wp-block-group-is-layout-constrained\">\n<div class=\"wp-block-group\"><div class=\"wp-block-group__inner-container is-layout-constrained wp-block-group-is-layout-constrained\">\n<h2 class=\"wp-block-heading\"><strong>Et vous, qu&rsquo;en pensez-vous ?<\/strong><\/h2>\n<\/div><\/div>\n<\/div><\/div>\n\n\n\n<div class=\"wp-block-group\"><div class=\"wp-block-group__inner-container is-layout-constrained wp-block-group-is-layout-constrained\">\n<div class=\"wp-block-group\"><div class=\"wp-block-group__inner-container is-layout-constrained wp-block-group-is-layout-constrained\">\n<p>Si vous souhaitez des pr\u00e9cisions sp\u00e9cifiques sur l&rsquo;utilisation de nos produits\u2026<\/p>\n<\/div><\/div>\n\n\n\n<div class=\"wp-block-group\"><div class=\"wp-block-group__inner-container is-layout-constrained wp-block-group-is-layout-constrained\">\n<div class=\"wp-block-group\"><div class=\"wp-block-group__inner-container is-layout-constrained wp-block-group-is-layout-constrained\">\n<div class=\"wp-block-columns is-layout-flex wp-container-core-columns-is-layout-9d6595d7 wp-block-columns-is-layout-flex\">\n<div class=\"wp-block-column is-vertically-aligned-center is-layout-flow wp-block-column-is-layout-flow\">\n<div class=\"wp-block-group wp-container-content-9cfa9a5a is-content-justification-left\"><div class=\"wp-block-group__inner-container is-layout-constrained wp-container-core-group-is-layout-8c890d92 wp-block-group-is-layout-constrained\">\n<p class=\"has-text-align-left\" style=\"font-size:0.9rem;font-style:normal;font-weight:600;letter-spacing:1px;text-transform:uppercase\">Trouvez votre solution ou produit<\/p>\n\n\n<form role=\"search\" method=\"get\" action=\"https:\/\/dev.oenobrands.com\/fr\/\" class=\"wp-block-search__button-outside wp-block-search__icon-button wp-block-search\"    ><label class=\"wp-block-search__label screen-reader-text\" for=\"wp-block-search__input-1\" >Recherche<\/label><div class=\"wp-block-search__inside-wrapper\"  style=\"width: 100%\"><input class=\"wp-block-search__input\" id=\"wp-block-search__input-1\" placeholder=\"\" value=\"\" type=\"search\" name=\"s\" required  style=\"border-width: 1px\"\/><button aria-label=\"Recherche\" class=\"wp-block-search__button has-icon wp-element-button\" type=\"submit\"  style=\"border-width: 1px\"><svg class=\"search-icon\" viewBox=\"0 0 24 24\" width=\"24\" height=\"24\">\n\t\t\t\t\t<path d=\"M13 5c-3.3 0-6 2.7-6 6 0 1.4.5 2.7 1.3 3.7l-3.8 3.8 1.1 1.1 3.8-3.8c1 .8 2.3 1.3 3.7 1.3 3.3 0 6-2.7 6-6S16.3 5 13 5zm0 10.5c-2.5 0-4.5-2-4.5-4.5s2-4.5 4.5-4.5 4.5 2 4.5 4.5-2 4.5-4.5 4.5z\"><\/path>\n\t\t\t\t<\/svg><\/button><\/div><\/form><\/div><\/div>\n<\/div>\n\n\n\n<div class=\"wp-block-column is-layout-flow wp-block-column-is-layout-flow\" style=\"flex-basis:3px\"><\/div>\n\n\n\n<div class=\"wp-block-column is-layout-flow wp-block-column-is-layout-flow\">\n<p class=\"has-text-align-center\">Parlez-nous de vos difficult\u00e9s, et nous vous r\u00e9pondrons.<\/p>\n\n\n\n<div class=\"wp-block-buttons is-content-justification-center is-layout-flex wp-container-core-buttons-is-layout-16018d1d wp-block-buttons-is-layout-flex\">\n<div class=\"wp-block-button is-style-fill\"><a class=\"wp-block-button__link wp-element-button\" href=\"https:\/\/dev.oenobrands.com\/fr\/contactez-nous\/&lt;br\/&gt;&lt;br\/&gt;&lt;div style=&quot;all: initial !important;&quot;&gt; &lt;\/div&gt;\" target=\"_blank\" rel=\"noreferrer noopener\">contactez-nous<\/a><\/div>\n<\/div>\n<\/div>\n<\/div>\n<\/div><\/div>\n<\/div><\/div>\n<\/div><\/div>\n<\/div><\/div>\n<\/div><\/div>\n","protected":false},"excerpt":{"rendered":"<p>Solutions expertes pour la vinification propors\u00e9es par Oenobrands Retrouvez sur ces pages \u00ab\u00a0solution\u00a0\u00bb diff\u00e9rentes r\u00e9ponses d&rsquo;Oenobrands aux questions \u0153nologiques que tout sp\u00e9cialiste de cave peut se poser au quotidien. \u00c9TAPES PR\u00c9-FERMENTAIRES COULEUR AR\u00d4MES DU VIN D\u00c9FAUTS \u0152NOLOGIQUES FERMENTATION ALCOOLIQUE FERMENTATION MALOLACTIQUE SENSATIONS ORGANOLEPTIQUES FILTRATION STABILISATION DES VINS Autres boissons Et vous, qu&rsquo;en pensez-vous ? Si [&hellip;]<\/p>\n","protected":false},"author":1,"featured_media":0,"parent":0,"menu_order":0,"comment_status":"closed","ping_status":"closed","template":"","meta":{"_acf_changed":false,"_seopress_robots_primary_cat":"0","_seopress_titles_title":"","_seopress_titles_desc":"","_seopress_robots_index":"","_seopress_analysis_target_kw":"","footnotes":""},"class_list":["post-13939","page","type-page","status-publish"],"acf":[],"_links":{"self":[{"href":"https:\/\/dev.oenobrands.com\/fr\/wp-json\/wp\/v2\/pages\/13939","targetHints":{"allow":["GET"]}}],"collection":[{"href":"https:\/\/dev.oenobrands.com\/fr\/wp-json\/wp\/v2\/pages"}],"about":[{"href":"https:\/\/dev.oenobrands.com\/fr\/wp-json\/wp\/v2\/types\/page"}],"author":[{"embeddable":true,"href":"https:\/\/dev.oenobrands.com\/fr\/wp-json\/wp\/v2\/users\/1"}],"replies":[{"embeddable":true,"href":"https:\/\/dev.oenobrands.com\/fr\/wp-json\/wp\/v2\/comments?post=13939"}],"version-history":[{"count":0,"href":"https:\/\/dev.oenobrands.com\/fr\/wp-json\/wp\/v2\/pages\/13939\/revisions"}],"wp:attachment":[{"href":"https:\/\/dev.oenobrands.com\/fr\/wp-json\/wp\/v2\/media?parent=13939"}],"curies":[{"name":"wp","href":"https:\/\/api.w.org\/{rel}","templated":true}]}}