{"id":13912,"date":"2022-10-19T22:48:49","date_gmt":"2022-10-19T20:48:49","guid":{"rendered":"https:\/\/dev.oenobrands.com\/produit\/derive-de-levure\/feel-safe\/extraferm-dtox\/"},"modified":"2025-10-20T21:21:29","modified_gmt":"2025-10-20T19:21:29","slug":"extraferm-dtox","status":"publish","type":"page","link":"https:\/\/dev.oenobrands.com\/fr\/produit\/derive-de-levure\/feel-safe\/extraferm-dtox\/","title":{"rendered":"Extraferm D&rsquo;tox"},"content":{"rendered":"\n<h1 class=\"wp-block-heading has-text-color\" style=\"color:#6cc24a\">Extraferm D&rsquo;tox<\/h1>\n\n<div style=\"height:30px\" aria-hidden=\"true\" class=\"wp-block-spacer\"><\/div>\n\n<h2 class=\"wp-block-heading has-medium-font-size\">PAROIS CELLULAIRES HAUTEMENT ADSORBANTES<\/h2>\n\n<div style=\"height:30px\" aria-hidden=\"true\" class=\"wp-block-spacer\"><\/div>\n\n<h3 class=\"wp-block-heading has-medium-font-size\"><strong>OBJECTIF<\/strong><\/h3>\n\n<p><strong>Extraferm<sup>\u00ae<\/sup> D\u2019tox<\/strong> adsorbe et \u00e9limine de nombreux compos\u00e9s toxiques et ind\u00e9sirables pr\u00e9sents dans le mo\u00fbt et\/ou le vin. <\/p>\n\n<p><strong>Extraferm D\u2019tox<\/strong> favorise une fermentation alcoolique et malolactique r\u00e9guli\u00e8re en \u00e9liminant les acides gras \u00e0 cha\u00eene moyenne, connus pour inhiber les levures et les bact\u00e9ries lactiques. <\/p>\n\n<p><strong>Extraferm D\u2019tox<\/strong> peut \u00e9galement lier et \u00e9liminer plus de 50 % des mol\u00e9cules ind\u00e9sirables telles que l&rsquo;ochratoxine A (OTA), les mol\u00e9cules d&rsquo;ar\u00f4mes d\u00e9sagr\u00e9ables telles que les anisoles (TCA, TeCA, TBA et PCA), et le phtalate de dibutyle.<\/p>\n\n<div style=\"height:50px\" aria-hidden=\"true\" class=\"wp-block-spacer\"><\/div>\n\n<div class=\"wp-block-columns is-layout-flex wp-container-core-columns-is-layout-9d6595d7 wp-block-columns-is-layout-flex\">\n<div class=\"wp-block-column is-layout-flow wp-block-column-is-layout-flow\" style=\"flex-basis:45%\">\n<h3 class=\"wp-block-heading has-text-color\" style=\"color:#6cc24a\"><strong>Propri\u00e9t\u00e9s<\/strong><\/h3>\n\n\n\n<p><strong>Extraferm D\u2019tox:<\/strong><\/p>\n\n\n\n<ul class=\"wp-block-list\">\n<li>Am\u00e9liore les conditions de fermentation en \u00e9liminant les acides gras, toxiques pour les levures et les bact\u00e9ries.<\/li>\n\n\n\n<li>Am\u00e9liore la tol\u00e9rance \u00e0 l&rsquo;alcool et la viabilit\u00e9 des levures.<\/li>\n\n\n\n<li>Am\u00e9liore les propri\u00e9t\u00e9s analytiques du vin..<\/li>\n\n\n\n<li>Restaure le profil organoleptique du vin.<\/li>\n<\/ul>\n\n\n\n<p>Une fois <strong>Extraferm D\u2019tox<\/strong> ajout\u00e9, les parois cellulaires forment rapidement des s\u00e9diments, facilitant ainsi un soutirage rapide.<\/p>\n\n\n\n<div class=\"wp-block-columns is-layout-flex wp-container-core-columns-is-layout-9d6595d7 wp-block-columns-is-layout-flex\">\n<div class=\"wp-block-column is-vertically-aligned-center is-layout-flow wp-block-column-is-layout-flow\" style=\"flex-basis:25%\"><div class=\"wp-block-image is-style-default\">\n<figure class=\"aligncenter size-full\"><img loading=\"lazy\" decoding=\"async\" width=\"100\" height=\"99\" src=\"https:\/\/dev.oenobrands.com\/wp-content\/uploads\/2023\/04\/Ease-of-use.jpg\" alt=\"Ease-of-use\" class=\"wp-image-2192\"\/><\/figure>\n<\/div><\/div>\n\n\n\n<div class=\"wp-block-column has-background is-layout-flow wp-block-column-is-layout-flow\" style=\"background-color:#c4bfb6;flex-basis:66.66%\">\n<p class=\"has-small-font-size\" style=\"font-style:normal;font-weight:500\">Les produits Oenobrands sont fabriqu\u00e9s \u00e0 partir de d\u00e9riv\u00e9s de levure s\u00e9lectionn\u00e9s et s\u00e9ch\u00e9s gr\u00e2ce \u00e0 une technologie exclusive. Cela garantit leur grande capacit\u00e9 \u00e0 se disperser rapidement et sans former de grumeaux. <\/p>\n<\/div>\n<\/div>\n\n\n\n<div class=\"wp-block-columns is-layout-flex wp-container-core-columns-is-layout-9d6595d7 wp-block-columns-is-layout-flex\">\n<div class=\"wp-block-column is-vertically-aligned-center is-layout-flow wp-block-column-is-layout-flow\" style=\"flex-basis:25%\"><div class=\"wp-block-image is-style-default\">\n<figure class=\"aligncenter size-full\"><img loading=\"lazy\" decoding=\"async\" width=\"120\" height=\"104\" src=\"https:\/\/dev.oenobrands.com\/wp-content\/uploads\/2023\/05\/Oenobrands-high-absorption-low-odor-e1683582428944.jpg\" alt=\"Oenobrands-high-absorption-low-odor\" class=\"wp-image-3982\"\/><\/figure>\n<\/div><\/div>\n\n\n\n<div class=\"wp-block-column has-background is-layout-flow wp-block-column-is-layout-flow\" style=\"background-color:#c4bfb6;flex-basis:66.66%\">\n<p class=\"has-small-font-size\" style=\"font-style:normal;font-weight:500\">Les parois cellulaires d\u2019<strong>Extraferm D\u2019tox<\/strong> sont reconnues pour leur tr\u00e8s haute capacit\u00e9 d\u2019adsorption tout en maintenant les qualit\u00e9s organoleptiques des vins trait\u00e9s. Cela est d\u00fb au processus exclusif HALO ((High Adsorption Low Odor = Haute Adsorption, Faible Odeur) utilis\u00e9 pour leur production. <\/p>\n\n\n\n<p class=\"has-small-font-size\" style=\"font-style:normal;font-weight:500\">Ce traitement unique donne \u00e0 ces parois une sp\u00e9cificit\u00e9 \u00e9lev\u00e9e pour les contaminants ind\u00e9sirables sans alt\u00e9rer l&rsquo;odeur ni la couleur du vin trait\u00e9.<\/p>\n<\/div>\n<\/div>\n\n\n\n<h3 class=\"wp-block-heading has-text-color\" style=\"color:#6cc24a\"><strong>Science et Technologie<\/strong><\/h3>\n\n\n\n<p><strong>Extraferm D&rsquo;tox<\/strong> adsorbe et \u00e9limine une large gamme de compos\u00e9s toxiques et ind\u00e9sirables pr\u00e9sents dans le mo\u00fbt et\/ou le vin. <\/p>\n\n\n\n<p>Les parois cellulaires<strong> d\u2019Extraferm D\u2019tox <\/strong>ont la plus grande capacit\u00e9 \u00e0 \u00eatre facilement suspendues, ce qui facilite une d\u00e9cantation rapide et une d\u00e9toxification rapide.  <\/p>\n\n\n\n<p>Une fois utilis\u00e9, la capacit\u00e9 d&rsquo;adsorption <strong>d&rsquo;Extraferm <\/strong><strong>D\u2019tox <\/strong>est extr\u00eamement \u00e9lev\u00e9e, visible et mesurable.<\/p>\n\n\n<div class=\"wp-block-image is-style-zoooom\">\n<figure class=\"aligncenter size-large\"><img loading=\"lazy\" decoding=\"async\" width=\"1024\" height=\"583\" src=\"https:\/\/dev.oenobrands.com\/wp-content\/uploads\/2023\/05\/Product-_-Yeast-derivate_Extraferm-dtox-image-1024x583.png\" alt=\"Product Yeast derivate Extraferm d tox image\" class=\"wp-image-3980\" style=\"object-fit:cover\" srcset=\"https:\/\/dev.oenobrands.com\/wp-content\/uploads\/2023\/05\/Product-_-Yeast-derivate_Extraferm-dtox-image-1024x583.png 1024w, https:\/\/dev.oenobrands.com\/wp-content\/uploads\/2023\/05\/Product-_-Yeast-derivate_Extraferm-dtox-image-300x171.png 300w, https:\/\/dev.oenobrands.com\/wp-content\/uploads\/2023\/05\/Product-_-Yeast-derivate_Extraferm-dtox-image-768x437.png 768w, https:\/\/dev.oenobrands.com\/wp-content\/uploads\/2023\/05\/Product-_-Yeast-derivate_Extraferm-dtox-image.png 1209w\" sizes=\"auto, (max-width: 1024px) 100vw, 1024px\" \/><figcaption class=\"wp-element-caption\">Capacit\u00e9 d\u00e9toxifiante<strong> d&rsquo;Extraferm D\u2019tox <\/strong>utilis\u00e9 \u00e0 2 x 20 g\/hL.<\/figcaption><\/figure>\n<\/div><\/div>\n\n\n\n<div class=\"wp-block-column is-layout-flow wp-block-column-is-layout-flow\" style=\"flex-basis:6%\"><\/div>\n\n\n\n<div class=\"wp-block-column has-background is-layout-flow wp-block-column-is-layout-flow\" style=\"background-color:#f7f7f7;flex-basis:45%\">\n<div class=\"wp-block-columns is-layout-flex wp-container-core-columns-is-layout-9d6595d7 wp-block-columns-is-layout-flex\">\n<div class=\"wp-block-column is-vertically-aligned-top is-layout-flow wp-block-column-is-layout-flow\"><div class=\"wp-block-image\">\n<figure class=\"aligncenter size-full\"><img loading=\"lazy\" decoding=\"async\" width=\"350\" height=\"150\" src=\"https:\/\/dev.oenobrands.com\/wp-content\/uploads\/2023\/05\/Feel-Safe-yeast-derivate-derive-levure-Extraferm-Detox-d-tox-simple-1-e1683574753995.png\" alt=\"Feel-Safe-yeast-derivate-derive-levure-Extraferm-Detox-d-tox-simple\" class=\"wp-image-3913\" srcset=\"https:\/\/dev.oenobrands.com\/wp-content\/uploads\/2023\/05\/Feel-Safe-yeast-derivate-derive-levure-Extraferm-Detox-d-tox-simple-1-e1683574753995.png 350w, https:\/\/dev.oenobrands.com\/wp-content\/uploads\/2023\/05\/Feel-Safe-yeast-derivate-derive-levure-Extraferm-Detox-d-tox-simple-1-e1683574753995-300x129.png 300w\" sizes=\"auto, (max-width: 350px) 100vw, 350px\" \/><\/figure>\n<\/div><\/div>\n<\/div>\n\n\n\n<div style=\"height:40px\" aria-hidden=\"true\" class=\"wp-block-spacer\"><\/div>\n\n\n\n<div class=\"wp-block-group\"><div class=\"wp-block-group__inner-container is-layout-constrained wp-block-group-is-layout-constrained\">\n<p class=\"has-text-align-center\"><strong>T\u00c9L\u00c9CHARGER LA FICHE D&rsquo;APPLICATION<\/strong><\/p>\n\n\n\n<div class=\"wp-block-columns is-not-stacked-on-mobile is-layout-flex wp-container-core-columns-is-layout-9d6595d7 wp-block-columns-is-layout-flex\">\n<div class=\"wp-block-column is-layout-flow wp-block-column-is-layout-flow\">\n<figure class=\"wp-block-image size-full\"><a href=\"https:\/\/dev.oenobrands.com\/wp-content\/uploads\/2024\/11\/ADS-A4-Extraferm-Dtox-EN-2024_WEB.pdf\" target=\"_blank\" rel=\"noreferrer noopener\"><img loading=\"lazy\" decoding=\"async\" width=\"180\" height=\"94\" src=\"https:\/\/dev.oenobrands.com\/wp-content\/uploads\/2023\/04\/flag-united-states-english-american.png\" alt=\"flag-united-states-english-american\" class=\"wp-image-2510\"\/><\/a><\/figure>\n<\/div>\n\n\n\n<div class=\"wp-block-column is-layout-flow wp-block-column-is-layout-flow\">\n<figure class=\"wp-block-image size-full\"><a href=\"https:\/\/dev.oenobrands.com\/wp-content\/uploads\/2024\/07\/ADS-A4-Extraferm-Dtox-FR_2022_G_03.pdf\" target=\"_blank\" rel=\"noreferrer noopener\"><img loading=\"lazy\" decoding=\"async\" width=\"180\" height=\"94\" src=\"https:\/\/dev.oenobrands.com\/wp-content\/uploads\/2023\/04\/drapeau-francais-france.png\" alt=\"drapeau flag francais france\" class=\"wp-image-2508\"\/><\/a><\/figure>\n<\/div>\n\n\n\n<div class=\"wp-block-column is-layout-flow wp-block-column-is-layout-flow\">\n<figure class=\"wp-block-image size-full\"><a href=\"https:\/\/dev.oenobrands.com\/wp-content\/uploads\/2024\/11\/ADS-A4-Extraferm-Dtox-ES-2024_no-logo_WEB.pdf\" target=\"_blank\" rel=\"noreferrer noopener\"><img loading=\"lazy\" decoding=\"async\" width=\"180\" height=\"94\" src=\"https:\/\/dev.oenobrands.com\/wp-content\/uploads\/2023\/04\/bandiera-spagnola-spagna.png\" alt=\"drapeau flag bandiera spagnola spagna\" class=\"wp-image-2506\"\/><\/a><\/figure>\n<\/div>\n\n\n\n<div class=\"wp-block-column is-layout-flow wp-block-column-is-layout-flow\">\n<figure class=\"wp-block-image size-full\"><a href=\"https:\/\/dev.oenobrands.com\/wp-content\/uploads\/2024\/11\/ADS-A4-Extraferm-Dtox-IT-2024_Corimpex_WEB.pdf\" target=\"_blank\" rel=\"noreferrer noopener\"><img loading=\"lazy\" decoding=\"async\" width=\"180\" height=\"94\" src=\"https:\/\/dev.oenobrands.com\/wp-content\/uploads\/2023\/04\/bandiera-italiana-italy.png\" alt=\"drapeau flag bandiera italiana italy\" class=\"wp-image-2512\"\/><\/a><\/figure>\n<\/div>\n\n\n\n<div class=\"wp-block-column is-layout-flow wp-block-column-is-layout-flow\">\n<figure class=\"wp-block-image size-full\"><a href=\"https:\/\/dev.oenobrands.com\/wp-content\/uploads\/2024\/11\/ADS-A4-Extraferm-Dtox-PT-2024_Freitas_WEB.pdf\" target=\"_blank\" rel=\"noreferrer noopener\"><img loading=\"lazy\" decoding=\"async\" width=\"180\" height=\"94\" src=\"https:\/\/dev.oenobrands.com\/wp-content\/uploads\/2024\/05\/Flag-drapeau-Portugal.png\" alt=\"Flag-drapeau-Portugal\" class=\"wp-image-7139\"\/><\/a><\/figure>\n<\/div>\n\n\n\n<div class=\"wp-block-column is-layout-flow wp-block-column-is-layout-flow\">\n<figure class=\"wp-block-image size-full\"><a href=\"https:\/\/dev.oenobrands.com\/wp-content\/uploads\/2024\/11\/ADS-A4-Extraferm-Dtox-ALL-2024_Keller_WEB.pdf\" target=\"_blank\" rel=\"noreferrer noopener\"><img loading=\"lazy\" decoding=\"async\" width=\"180\" height=\"94\" src=\"https:\/\/dev.oenobrands.com\/wp-content\/uploads\/2023\/05\/Flagge-Deutschland.png\" alt=\"Flagge-Deutschland\" class=\"wp-image-3550\"\/><\/a><\/figure>\n<\/div>\n<\/div>\n\n\n\n<div class=\"wp-block-columns is-not-stacked-on-mobile is-layout-flex wp-container-core-columns-is-layout-9d6595d7 wp-block-columns-is-layout-flex\">\n<div class=\"wp-block-column is-layout-flow wp-block-column-is-layout-flow\">\n<figure class=\"wp-block-image size-full\"><a href=\"https:\/\/dev.oenobrands.com\/wp-content\/uploads\/2024\/11\/ADS-A4-Extraferm-Dtox-RO-2024_Elton_WEB2.pdf\" target=\"_blank\" rel=\"noreferrer noopener\"><img loading=\"lazy\" decoding=\"async\" width=\"180\" height=\"94\" src=\"https:\/\/dev.oenobrands.com\/wp-content\/uploads\/2024\/05\/Flag-drapeau-Roumanie.png\" alt=\"Flag-drapeau-Roumanie\" class=\"wp-image-7145\"\/><\/a><\/figure>\n<\/div>\n\n\n\n<div class=\"wp-block-column is-layout-flow wp-block-column-is-layout-flow\">\n<figure class=\"wp-block-image size-full\"><a href=\"https:\/\/dev.oenobrands.com\/wp-content\/uploads\/2024\/11\/ADS-A4-Extraferm-Dtox-TCH_2024_WEB.pdf\" target=\"_blank\" rel=\"noreferrer noopener\"><img loading=\"lazy\" decoding=\"async\" width=\"180\" height=\"94\" src=\"https:\/\/dev.oenobrands.com\/wp-content\/uploads\/2023\/05\/Flag-vlajka-Czech-Republic.png\" alt=\"Flag-vlajka-Czech-Republic-drapeau\" class=\"wp-image-3548\"\/><\/a><\/figure>\n<\/div>\n\n\n\n<div class=\"wp-block-column is-layout-flow wp-block-column-is-layout-flow\">\n<figure class=\"wp-block-image size-full\"><a href=\"https:\/\/dev.oenobrands.com\/wp-content\/uploads\/2024\/11\/ADS-A4-Extraferm-Dtox-BUL-2024_WEB2.pdf\" target=\"_blank\" rel=\"noreferrer noopener\"><img alt=\"\" loading=\"lazy\" decoding=\"async\" width=\"180\" height=\"94\" src=\"https:\/\/dev.oenobrands.com\/wp-content\/uploads\/2024\/05\/flag-drapeau-bulgarie.png\" alt=\"\" class=\"wp-image-7141\"\/><\/a><\/figure>\n<\/div>\n\n\n\n<div class=\"wp-block-column is-layout-flow wp-block-column-is-layout-flow\">\n<figure class=\"wp-block-image size-full\"><a href=\"https:\/\/dev.oenobrands.com\/wp-content\/uploads\/2024\/07\/ADS-A4-Extraferm-Dtox-GR-2022_Elton_G_02.pdf\" target=\"_blank\" rel=\"noreferrer noopener\"><img loading=\"lazy\" decoding=\"async\" width=\"180\" height=\"94\" src=\"https:\/\/dev.oenobrands.com\/wp-content\/uploads\/2024\/07\/flag-greece-drapeaux.png\" alt=\"flag-greece-drapeaux\" class=\"wp-image-11801\"\/><\/a><\/figure>\n<\/div>\n\n\n\n<div class=\"wp-block-column is-layout-flow wp-block-column-is-layout-flow\"><\/div>\n\n\n\n<div class=\"wp-block-column is-layout-flow wp-block-column-is-layout-flow\"><\/div>\n<\/div>\n<\/div><\/div>\n\n\n\n<hr class=\"wp-block-separator has-text-color has-alpha-channel-opacity has-background\" style=\"background-color:#162638;color:#162638\"\/>\n\n\n\n<div class=\"wp-block-buttons is-content-justification-center is-layout-flex wp-container-core-buttons-is-layout-16018d1d wp-block-buttons-is-layout-flex\">\n<div class=\"wp-block-button\"><a class=\"wp-block-button__link has-white-color has-text-color has-background has-text-align-center wp-element-button\" href=\"https:\/\/dev.oenobrands.com\/distributor\/\" style=\"background-color:#162638\" target=\"_blank\" rel=\"noreferrer noopener\">Votre distributeur<\/a><\/div>\n<\/div>\n\n\n\n<hr class=\"wp-block-separator has-text-color has-alpha-channel-opacity has-background\" style=\"background-color:#162638;color:#162638\"\/>\n\n\n\n<h3 class=\"wp-block-heading\"><strong>Dose<\/strong><\/h3>\n\n\n\n<ul class=\"wp-block-list\">\n<li><strong>Traitement pr\u00e9ventif pour la fermentation du mo\u00fbt<\/strong><\/li>\n<\/ul>\n\n\n\n<p>Dose: 20 g\/hL<\/p>\n\n\n\n<p>Ajouter <strong>Extraferm D\u2019tox<\/strong> avant l&rsquo;inoculation.<\/p>\n\n\n\n<ul class=\"wp-block-list\">\n<li><strong>Pour les fermentations lentes ou bloqu\u00e9es<\/strong><\/li>\n<\/ul>\n\n\n\n<p>Dose: 30\u201340 g\/hL<\/p>\n\n\n\n<p>Incorporer <strong>Extraferm D\u2019tox<\/strong> dans le vin afin d\u2019adsorber les acides gras inhibiteurs. En cas de fermentation bloqu\u00e9e, nous recommandons d\u2019utiliser la dose la plus \u00e9lev\u00e9e, puis d\u2019ajouter <strong>Fermivin\u00ae Champion Booster<\/strong>, la levure la plus efficace et la plus rapide pour relancer les fermentations alcooliques, selon le protocole recommand\u00e9. Contactez-nous pour recevoir ce protocole.<\/p>\n\n\n\n<ul class=\"wp-block-list\">\n<li><strong>Pour le vin contamin\u00e9 par l&rsquo;ochratoxine A, les anisoles ou le phtalate de dibutyle<\/strong><\/li>\n<\/ul>\n\n\n\n<p>Dose: 20\u201340 g\/hL<\/p>\n\n\n\n<p>Incorporez <strong>Extraferm D&rsquo;tox <\/strong>de mani\u00e8re \u00e0 \u00e9viter l&rsquo;oxydation du vin.<\/p>\n\n\n\n<p>D\u00e9gustez et analysez le vin apr\u00e8s 24 heures de contact. R\u00e9p\u00e9tez le traitement si n\u00e9cessaire. <\/p>\n\n\n\n<p>Pour obtenir les meilleurs r\u00e9sultats, r\u00e9p\u00e9tez le traitement deux fois de suite.<\/p>\n\n\n\n<p>La r\u00e9glementation europ\u00e9enne 606\/2009 fixe une limite maximale d&rsquo;utilisation de 40 g\/hL. Pour d&rsquo;autres pays, veuillez vous r\u00e9f\u00e9rer \u00e0 la l\u00e9gislation en vigueur. <\/p>\n\n\n\n<h3 class=\"wp-block-heading\"><strong>Utilisation<\/strong><\/h3>\n\n\n\n<p>&#8211; Suspendre <strong>Extraferm D\u2019tox<\/strong> en le m\u00e9langeant \u00e0 10 fois son poids dans de l&rsquo;eau.<\/p>\n\n\n\n<p>&#8211; Homog\u00e9n\u00e9iser le mo\u00fbt ou le vin trait\u00e9 \u00e0 l&rsquo;aide d&rsquo;un remontage.<\/p>\n\n\n\n<h3 class=\"wp-block-heading\"><strong>Composition<\/strong><\/h3>\n\n\n\n<p>100 % parois cellulaires de levure<\/p>\n\n\n\n<h3 class=\"wp-block-heading\"><strong><strong>Conditionnement<\/strong><\/strong><\/h3>\n\n\n\n<p>\u2022 Sacs herm\u00e9tiques lamin\u00e9s multicouches de 1 kg<\/p>\n\n\n\n<p>\u2022 Sacs individuels en aluminium de 10 kg, emball\u00e9s dans une bo\u00eete.<\/p>\n\n\n\n<p>L&#8217;emballage a \u00e9t\u00e9 rigoureusement s\u00e9lectionn\u00e9 pour \u00e9viter toute contamination du produit pendant le transport et le stockage avant utilisation.<\/p>\n\n\n\n<h3 class=\"wp-block-heading\"><strong>Conservation<\/strong><\/h3>\n\n\n\n<p>\u00c0 conserver dans un endroit frais et sec (5-15 \u00b0C).<\/p>\n<\/div>\n<\/div>\n\n<div class=\"wp-block-group\"><div class=\"wp-block-group__inner-container is-layout-constrained wp-block-group-is-layout-constrained\">\n<div style=\"height:30px\" aria-hidden=\"true\" class=\"wp-block-spacer\"><\/div>\n\n\n\n<hr class=\"wp-block-separator has-text-color has-black-color has-alpha-channel-opacity has-black-background-color has-background\"\/>\n<\/div><\/div>\n\n<div class=\"wp-block-columns is-layout-flex wp-container-core-columns-is-layout-9d6595d7 wp-block-columns-is-layout-flex\">\n<div class=\"wp-block-column is-layout-flow wp-block-column-is-layout-flow\">\n<div class=\"wp-block-group\"><div class=\"wp-block-group__inner-container is-layout-constrained wp-block-group-is-layout-constrained\">\n<h2 class=\"wp-block-heading\"><strong><strong>Explorez les solutions associ\u00e9es :<\/strong><\/strong><\/h2>\n\n\n\n<div style=\"height:30px\" aria-hidden=\"true\" class=\"wp-block-spacer\"><\/div>\n\n\n\n<p><strong>Vous recherchez une approche plus holistique de la vinification ?<\/strong> D\u00e9couvrez nos solutions \u0153nologiques avanc\u00e9es en lien avec <strong>Extraferm D&rsquo;tox.<\/strong><\/p>\n\n\n\n<div style=\"height:30px\" aria-hidden=\"true\" class=\"wp-block-spacer\"><\/div>\n\n\n\n<div class=\"wp-block-columns are-vertically-aligned-center is-layout-flex wp-container-core-columns-is-layout-9d6595d7 wp-block-columns-is-layout-flex\">\n<div class=\"wp-block-column is-vertically-aligned-center is-layout-flow wp-block-column-is-layout-flow\" style=\"flex-basis:100%\">\n<div class=\"wp-block-buttons is-content-justification-center is-layout-flex wp-container-core-buttons-is-layout-16018d1d wp-block-buttons-is-layout-flex\">\n<div class=\"wp-block-button is-style-fill\"><a class=\"wp-block-button__link wp-element-button\" href=\"https:\/\/dev.oenobrands.com\/solution\/alcoholic-fermentation\/yeast-inoculation\/\" target=\"_blank\" rel=\"noreferrer noopener\">Inoculation des levures<\/a><\/div>\n\n\n\n<div class=\"wp-block-button is-style-fill\"><a class=\"wp-block-button__link wp-element-button\" href=\"https:\/\/dev.oenobrands.com\/solution\/alcoholic-fermentation\/fermentation-management\/\" target=\"_blank\" rel=\"noreferrer noopener\">Gestion de la fermentation<\/a><\/div>\n\n\n\n<div class=\"wp-block-button is-style-fill\"><a class=\"wp-block-button__link wp-element-button\" href=\"https:\/\/dev.oenobrands.com\/solution\/oenological-default\/cork-taint\/\" target=\"_blank\" rel=\"noreferrer noopener\">Go\u00fbt de bouchon<\/a><\/div>\n\n\n\n<div class=\"wp-block-button is-style-fill\"><a class=\"wp-block-button__link wp-element-button\" href=\"https:\/\/dev.oenobrands.com\/solution\/oenological-default\/smoke-taint\/\" target=\"_blank\" rel=\"noreferrer noopener\">Go\u00fbt de fum\u00e9e<\/a><\/div>\n<\/div>\n<\/div>\n<\/div>\n<\/div><\/div>\n\n\n\n<div style=\"height:30px\" aria-hidden=\"true\" class=\"wp-block-spacer\"><\/div>\n<\/div>\n\n\n\n<div class=\"wp-block-column is-layout-flow wp-block-column-is-layout-flow\">\n<h2 class=\"wp-block-heading\"><strong>Vous cherchez quelque chose d&rsquo;autre ?<\/strong><\/h2>\n\n\n\n<div style=\"height:30px\" aria-hidden=\"true\" class=\"wp-block-spacer\"><\/div>\n\n\n\n<p>Visitez notre section \u00ab Solution \u00bb, o\u00f9 nous proposons des conseils d&rsquo;experts, des connaissances populaires et des approches novatrices organis\u00e9es par processus de vinification. <strong>De la fermentation \u00e0 la filtration\/mise en bouteille, nous vous accompagnons avec des solutions pour am\u00e9liorer chaque \u00e9tape de votre processus de vinification.<\/strong><\/p>\n\n\n\n<div style=\"height:30px\" aria-hidden=\"true\" class=\"wp-block-spacer\"><\/div>\n\n\n\n<div class=\"wp-block-columns are-vertically-aligned-center is-layout-flex wp-container-core-columns-is-layout-9d6595d7 wp-block-columns-is-layout-flex\">\n<div class=\"wp-block-column is-vertically-aligned-center is-layout-flow wp-block-column-is-layout-flow\" style=\"flex-basis:100%\">\n<div class=\"wp-block-buttons is-content-justification-center is-layout-flex wp-container-core-buttons-is-layout-16018d1d wp-block-buttons-is-layout-flex\">\n<div class=\"wp-block-button is-style-fill\"><a class=\"wp-block-button__link wp-element-button\" href=\"https:\/\/dev.oenobrands.com\/solution\/\" target=\"_blank\" rel=\"noreferrer noopener\">Advanced winemaking solutions<\/a><\/div>\n<\/div>\n<\/div>\n<\/div>\n<\/div>\n<\/div>\n\n<hr class=\"wp-block-separator has-text-color has-black-color has-alpha-channel-opacity has-black-background-color has-background\"\/>\n\n<div style=\"height:30px\" aria-hidden=\"true\" class=\"wp-block-spacer\"><\/div>\n\n<div class=\"wp-block-columns is-layout-flex wp-container-core-columns-is-layout-9d6595d7 wp-block-columns-is-layout-flex\">\n<div class=\"wp-block-column is-vertically-aligned-center is-layout-flow wp-block-column-is-layout-flow\" style=\"flex-basis:30%\">\n<h1 class=\"wp-block-heading has-text-color\" style=\"color:#aca39a\">D\u00e9couvrez la gamme feel SAFE!<\/h1>\n\n\n\n<div style=\"height:20px\" aria-hidden=\"true\" class=\"wp-block-spacer\"><\/div>\n\n\n\n<div class=\"wp-block-buttons is-content-justification-center is-layout-flex wp-container-core-buttons-is-layout-16018d1d wp-block-buttons-is-layout-flex\">\n<div class=\"wp-block-button\"><a class=\"wp-block-button__link has-background wp-element-button\" href=\"https:\/\/dev.oenobrands.com\/product\/yeast-derivate\/feel-safe\/\" style=\"background-color:#545859\" target=\"_blank\" rel=\"noreferrer noopener\">feel SAFE!<\/a><\/div>\n<\/div>\n<\/div>\n\n\n\n<div class=\"wp-block-column is-layout-flow wp-block-column-is-layout-flow\" style=\"flex-basis:10%\"><\/div>\n\n\n\n<div class=\"wp-block-column is-layout-flow wp-block-column-is-layout-flow\"><div class=\"wp-block-image\">\n<figure class=\"aligncenter size-full is-resized\"><img loading=\"lazy\" decoding=\"async\" width=\"729\" height=\"342\" src=\"https:\/\/dev.oenobrands.com\/wp-content\/uploads\/2024\/05\/Feel-Safe__2022-no-font.png\" alt=\"Feel-Safe_yeast derivates\" class=\"wp-image-7450\" style=\"width:350px\" srcset=\"https:\/\/dev.oenobrands.com\/wp-content\/uploads\/2024\/05\/Feel-Safe__2022-no-font.png 729w, https:\/\/dev.oenobrands.com\/wp-content\/uploads\/2024\/05\/Feel-Safe__2022-no-font-300x141.png 300w\" sizes=\"auto, (max-width: 729px) 100vw, 729px\" \/><\/figure>\n<\/div><\/div>\n<\/div>\n\n<div style=\"height:50px\" aria-hidden=\"true\" class=\"wp-block-spacer\"><\/div>\n","protected":false},"excerpt":{"rendered":"<p>Extraferm D&rsquo;tox PAROIS CELLULAIRES HAUTEMENT ADSORBANTES OBJECTIF Extraferm\u00ae D\u2019tox adsorbe et \u00e9limine de nombreux compos\u00e9s toxiques et ind\u00e9sirables pr\u00e9sents dans le mo\u00fbt et\/ou le vin. Extraferm D\u2019tox favorise une fermentation alcoolique et malolactique r\u00e9guli\u00e8re en \u00e9liminant les acides gras \u00e0 cha\u00eene moyenne, connus pour inhiber les levures et les bact\u00e9ries lactiques. Extraferm D\u2019tox peut \u00e9galement [&hellip;]<\/p>\n","protected":false},"author":3,"featured_media":0,"parent":13903,"menu_order":5,"comment_status":"closed","ping_status":"closed","template":"page-product.php","meta":{"_acf_changed":false,"_seopress_robots_primary_cat":"0","_seopress_titles_title":"","_seopress_titles_desc":"","_seopress_robots_index":"","_seopress_analysis_target_kw":"","footnotes":""},"class_list":["post-13912","page","type-page","status-publish"],"acf":[],"_links":{"self":[{"href":"https:\/\/dev.oenobrands.com\/fr\/wp-json\/wp\/v2\/pages\/13912","targetHints":{"allow":["GET"]}}],"collection":[{"href":"https:\/\/dev.oenobrands.com\/fr\/wp-json\/wp\/v2\/pages"}],"about":[{"href":"https:\/\/dev.oenobrands.com\/fr\/wp-json\/wp\/v2\/types\/page"}],"author":[{"embeddable":true,"href":"https:\/\/dev.oenobrands.com\/fr\/wp-json\/wp\/v2\/users\/3"}],"replies":[{"embeddable":true,"href":"https:\/\/dev.oenobrands.com\/fr\/wp-json\/wp\/v2\/comments?post=13912"}],"version-history":[{"count":0,"href":"https:\/\/dev.oenobrands.com\/fr\/wp-json\/wp\/v2\/pages\/13912\/revisions"}],"up":[{"embeddable":true,"href":"https:\/\/dev.oenobrands.com\/fr\/wp-json\/wp\/v2\/pages\/13903"}],"wp:attachment":[{"href":"https:\/\/dev.oenobrands.com\/fr\/wp-json\/wp\/v2\/media?parent=13912"}],"curies":[{"name":"wp","href":"https:\/\/api.w.org\/{rel}","templated":true}]}}