{"id":13879,"date":"2023-02-26T23:37:11","date_gmt":"2023-02-26T22:37:11","guid":{"rendered":"https:\/\/dev.oenobrands.com\/produit\/levure\/les-levures-anchor\/legacy-nt-116\/"},"modified":"2025-10-20T14:42:49","modified_gmt":"2025-10-20T12:42:49","slug":"legacy-nt-116","status":"publish","type":"page","link":"https:\/\/dev.oenobrands.com\/fr\/produit\/levure\/les-levures-anchor\/legacy-nt-116\/","title":{"rendered":"Legacy NT 116"},"content":{"rendered":"\n<h1 class=\"wp-block-heading has-text-color\" style=\"color:#425cc7\">Legacy NT 116<\/h1>\n\n<div style=\"height:30px\" aria-hidden=\"true\" class=\"wp-block-spacer\"><\/div>\n\n<h2 class=\"wp-block-heading has-medium-font-size\"><strong>Une levure hybride <\/strong><strong><em>Saccharomyces cerevisiae<\/em><\/strong><strong> pour l&rsquo;\u00e9laboration de vins blancs aromatiques, tropicaux et croquants. et de vins rouges cors\u00e9s.<\/strong><\/h2>\n\n<div style=\"height:30px\" aria-hidden=\"true\" class=\"wp-block-spacer\"><\/div>\n\n<h3 class=\"wp-block-heading\"><strong>APPLICATION<\/strong><\/h3>\n\n<p><strong>NT 116<\/strong> est id\u00e9ale pour la production de vins blancs \u00e0 rotation rapide. Cette levure permet la lib\u00e9ration de thiols volatils (fruit de la passion, pamplemousse et goyave) et la production d\u2019esters ac\u00e9tates (fruits tropicaux). Mais les vins sont surtout caract\u00e9ris\u00e9s par des ar\u00f4mes d\u2019agrumes.<strong> NT 116<\/strong> est recommand\u00e9e pour la vinification du Chardonnay, Chenin blanc, Sauvignon blanc et Pinot gris.  <\/p>\n\n<p><strong>NT 116<\/strong> est une levure avec une grande tol\u00e9rance au sucre \u00e9lev\u00e9e et une grande r\u00e9sistance \u00e0 l\u2019alcool. Anchor NT 116 favorise l\u2019obtention des vins rouges aromatiques et charpent\u00e9s. <strong>NT 116<\/strong> met en valeur les ar\u00f4mes de m\u00fbres et de cassis sur les Syrah et les ar\u00f4mes de fruits rouges sur les Merlot .<\/p>\n\n<div style=\"height:50px\" aria-hidden=\"true\" class=\"wp-block-spacer\"><\/div>\n\n<div class=\"wp-block-columns is-layout-flex wp-container-core-columns-is-layout-9d6595d7 wp-block-columns-is-layout-flex\">\n<div class=\"wp-block-column is-layout-flow wp-block-column-is-layout-flow\" style=\"flex-basis:45%\">\n<h3 class=\"wp-block-heading has-text-color\" style=\"color:#425cc7\"><strong>CIN\u00c9TIQUE DE FERMENTATION<\/strong><\/h3>\n\n\n\n<ul class=\"wp-block-list\">\n<li>Fermentation rapide: Il est conseill\u00e9 de contr\u00f4ler la temp\u00e9rature<\/li>\n\n\n\n<li>Facteur de conversion: 0.57 &#8211; 0.62<\/li>\n<\/ul>\n\n\n\n<h3 class=\"wp-block-heading has-text-color\" style=\"color:#425cc7\"><strong>CARACT\u00c9RISTIQUES TECHNIQUES<\/strong><\/h3>\n\n\n\n<ul class=\"wp-block-list\">\n<li>Tol\u00e9rance au froid: 11 \u00b0C; la r\u00e9sistance de la levure \u00e0 basse temp\u00e9rature permet son utilisation en mac\u00e9ration pr\u00e9-fermentaire \u00e0 froid<\/li>\n\n\n\n<li>Temp\u00e9ratures optimales : 13 &#8211; 28 \u00b0C pour les vins rouges et 12 &#8211; 16 \u00b0C pour les vins blancs.<\/li>\n\n\n\n<li>Osmotol\u00e9rance :260 g\/L sucre<\/li>\n\n\n\n<li>Tol\u00e9rance \u00e0 l\u2019alcool \u00e0 15 \u00b0C: 16% vol.<\/li>\n\n\n\n<li>Production d\u2019\u00e9cume: faible<\/li>\n<\/ul>\n\n\n\n<h3 class=\"wp-block-heading has-text-color\" style=\"color:#425cc7\"><strong>Caract\u00e9ristiques du m\u00e9tabolisme<\/strong><\/h3>\n\n\n\n<ul class=\"wp-block-list\">\n<li>Production de glyc\u00e9rol: 5 &#8211; 7 g\/L<\/li>\n\n\n\n<li>Production d\u2019acidit\u00e9 volatile: g\u00e9n\u00e9ralement inf\u00e9rieure \u00e0 0.3 g\/L<\/li>\n\n\n\n<li>Production de SO<sub>2<\/sub>: tr\u00e8s faible voire nulle<\/li>\n\n\n\n<li>Besoin en azote: faible<\/li>\n<\/ul>\n\n\n\n<h3 class=\"wp-block-heading has-text-color\" style=\"color:#425cc7\"><strong>Ph\u00e9notype<\/strong><\/h3>\n\n\n\n<ul class=\"wp-block-list\">\n<li>Killer: positive<\/li>\n\n\n\n<li>Activit\u00e9 cinnamate d\u00e9carboxylase: n\u00e9gative (POF-)<\/li>\n<\/ul>\n\n\n\n<h3 class=\"wp-block-heading has-text-color\" style=\"color:#425cc7\"><strong>Science et Technologie<\/strong><\/h3>\n\n\n<div class=\"wp-block-image is-style-zoooom\">\n<figure class=\"aligncenter size-large\"><img loading=\"lazy\" decoding=\"async\" width=\"1024\" height=\"452\" src=\"https:\/\/dev.oenobrands.com\/wp-content\/uploads\/2023\/02\/Product-_-Anchor-NT116-image-1-1024x452.png\" alt=\"Product Anchor-NT116-image-1\" class=\"wp-image-1650\" srcset=\"https:\/\/dev.oenobrands.com\/wp-content\/uploads\/2023\/02\/Product-_-Anchor-NT116-image-1-1024x452.png 1024w, https:\/\/dev.oenobrands.com\/wp-content\/uploads\/2023\/02\/Product-_-Anchor-NT116-image-1-300x132.png 300w, https:\/\/dev.oenobrands.com\/wp-content\/uploads\/2023\/02\/Product-_-Anchor-NT116-image-1-768x339.png 768w, https:\/\/dev.oenobrands.com\/wp-content\/uploads\/2023\/02\/Product-_-Anchor-NT116-image-1.png 1267w\" sizes=\"auto, (max-width: 1024px) 100vw, 1024px\" \/><figcaption class=\"wp-element-caption\">Lib\u00e9ration de mannoprot\u00e9ines par <strong>Legacy NT 116<\/strong>.<\/figcaption><\/figure>\n<\/div>\n\n\n<h3 class=\"wp-block-heading has-text-color\" style=\"color:#425cc7\"><strong>Origine<\/strong><\/h3>\n\n\n\n<p>NT 116 a \u00e9t\u00e9 s\u00e9lectionn\u00e9e gr\u00e2ce \u00e0 un programme d\u2019hybridation de levures par le D\u00e9partement de Microbiologie et par l\u2019 Institut de Biotechnologie du Vin, de l\u2019Universit\u00e9 de Stellenbosch, Afrique du Sud.<\/p>\n\n\n\n<p><\/p>\n\n\n\n<p><\/p>\n<\/div>\n\n\n\n<div class=\"wp-block-column is-layout-flow wp-block-column-is-layout-flow\" style=\"flex-basis:6%\"><\/div>\n\n\n\n<div class=\"wp-block-column has-background is-layout-flow wp-block-column-is-layout-flow\" style=\"background-color:#f7f7f7;flex-basis:45%\">\n<div class=\"wp-block-columns is-layout-flex wp-container-core-columns-is-layout-9d6595d7 wp-block-columns-is-layout-flex\">\n<div class=\"wp-block-column is-layout-flow wp-block-column-is-layout-flow\"><div class=\"wp-block-image\">\n<figure class=\"aligncenter size-full\"><img loading=\"lazy\" decoding=\"async\" width=\"250\" height=\"150\" src=\"https:\/\/dev.oenobrands.com\/wp-content\/uploads\/2024\/05\/ANCHOR-yeast-legacy-NT116-white-wine-logo-1.png\" alt=\"ANCHOR-yeast-legacy-NT116-white-wine\" class=\"wp-image-6843\"\/><\/figure>\n<\/div><\/div>\n<\/div>\n\n\n\n<div style=\"height:40px\" aria-hidden=\"true\" class=\"wp-block-spacer\"><\/div>\n\n\n\n<div class=\"wp-block-group\"><div class=\"wp-block-group__inner-container is-layout-constrained wp-block-group-is-layout-constrained\">\n<p class=\"has-text-align-center\"><strong>T\u00c9L\u00c9CHARGER LA FICHE D&rsquo;APPLICATION<\/strong><\/p>\n\n\n\n<p class=\"has-text-align-center\">Nous disposons de fiches techniques d\u00e9di\u00e9es, que vous utilisiez <strong>Legacy NT 116 <\/strong>pour le vin blanc ou le vin rouge.<\/p>\n\n\n\n<div style=\"height:20px\" aria-hidden=\"true\" class=\"wp-block-spacer\"><\/div>\n\n\n\n<div class=\"wp-block-columns is-not-stacked-on-mobile is-layout-flex wp-container-core-columns-is-layout-9d6595d7 wp-block-columns-is-layout-flex\">\n<div class=\"wp-block-column is-layout-flow wp-block-column-is-layout-flow\"><div class=\"wp-block-image\">\n<figure class=\"aligncenter size-full\"><a href=\"https:\/\/dev.oenobrands.com\/wp-content\/uploads\/2024\/07\/Technical-data-sheet-Anchor-yeast-Legacy-NT116-White_Eng_NEUTRAL_202109_Web.pdf\" target=\"_blank\" rel=\"noreferrer noopener\"><img loading=\"lazy\" decoding=\"async\" width=\"180\" height=\"94\" src=\"https:\/\/dev.oenobrands.com\/wp-content\/uploads\/2023\/04\/flag-united-states-english-american.png\" alt=\"flag-united-states-english-american\" class=\"wp-image-2510\"\/><\/a><figcaption class=\"wp-element-caption\">white<\/figcaption><\/figure>\n<\/div><\/div>\n\n\n\n<div class=\"wp-block-column is-layout-flow wp-block-column-is-layout-flow\"><div class=\"wp-block-image\">\n<figure class=\"aligncenter size-full\"><a href=\"https:\/\/dev.oenobrands.com\/wp-content\/uploads\/2024\/07\/Technical-data-sheet-Anchor-yeast-Legacy-NT116-Red_Eng_NEUTRAL_202109_Web.pdf\" target=\"_blank\" rel=\"noreferrer noopener\"><img loading=\"lazy\" decoding=\"async\" width=\"180\" height=\"94\" src=\"https:\/\/dev.oenobrands.com\/wp-content\/uploads\/2023\/04\/flag-united-states-english-american.png\" alt=\"flag-united-states-english-american\" class=\"wp-image-2510\"\/><\/a><figcaption class=\"wp-element-caption\">red<\/figcaption><\/figure>\n<\/div><\/div>\n\n\n\n<div class=\"wp-block-column is-layout-flow wp-block-column-is-layout-flow\"><div class=\"wp-block-image\">\n<figure class=\"aligncenter size-full\"><a href=\"https:\/\/dev.oenobrands.com\/wp-content\/uploads\/2024\/07\/Fiche-technique-Anchor-levure-Legacy-NT116-White-Fr_202109_Web.pdf\" target=\"_blank\" rel=\"noreferrer noopener\"><img loading=\"lazy\" decoding=\"async\" width=\"180\" height=\"94\" src=\"https:\/\/dev.oenobrands.com\/wp-content\/uploads\/2023\/04\/drapeau-francais-france.png\" alt=\"drapeau flag francais france\" class=\"wp-image-2508\"\/><\/a><figcaption class=\"wp-element-caption\">blanc<\/figcaption><\/figure>\n<\/div><\/div>\n\n\n\n<div class=\"wp-block-column is-layout-flow wp-block-column-is-layout-flow\"><div class=\"wp-block-image\">\n<figure class=\"aligncenter size-full\"><a href=\"https:\/\/dev.oenobrands.com\/wp-content\/uploads\/2024\/07\/Fiche-technique-Anchor-levure-Legacy-NT116-Rouge-Fr_202109_Web.pdf\" target=\"_blank\" rel=\"noreferrer noopener\"><img loading=\"lazy\" decoding=\"async\" width=\"180\" height=\"94\" src=\"https:\/\/dev.oenobrands.com\/wp-content\/uploads\/2023\/04\/drapeau-francais-france.png\" alt=\"drapeau flag francais france\" class=\"wp-image-2508\"\/><\/a><figcaption class=\"wp-element-caption\">rouge<\/figcaption><\/figure>\n<\/div><\/div>\n\n\n\n<div class=\"wp-block-column is-layout-flow wp-block-column-is-layout-flow\"><div class=\"wp-block-image\">\n<figure class=\"aligncenter size-full\"><a href=\"https:\/\/dev.oenobrands.com\/wp-content\/uploads\/2024\/07\/Ficha-tecnica-Anchor-levadura-Legacy-NT116-blanco-Sp_202109_Web.pdf\" target=\"_blank\" rel=\"noreferrer noopener\"><img loading=\"lazy\" decoding=\"async\" width=\"180\" height=\"94\" src=\"https:\/\/dev.oenobrands.com\/wp-content\/uploads\/2023\/04\/bandiera-spagnola-spagna.png\" alt=\"drapeau flag bandiera spagnola spagna\" class=\"wp-image-2506\"\/><\/a><figcaption class=\"wp-element-caption\">blanco<\/figcaption><\/figure>\n<\/div><\/div>\n\n\n\n<div class=\"wp-block-column is-layout-flow wp-block-column-is-layout-flow\"><div class=\"wp-block-image\">\n<figure class=\"aligncenter size-full\"><a href=\"https:\/\/dev.oenobrands.com\/wp-content\/uploads\/2024\/07\/Ficha-tecnica-Anchor-levadura-Legacy-NT116-Tinto-Sp_202109_Web.pdf\" target=\"_blank\" rel=\"noreferrer noopener\"><img loading=\"lazy\" decoding=\"async\" width=\"180\" height=\"94\" src=\"https:\/\/dev.oenobrands.com\/wp-content\/uploads\/2023\/04\/bandiera-spagnola-spagna.png\" alt=\"drapeau flag bandiera spagnola spagna\" class=\"wp-image-2506\"\/><\/a><figcaption class=\"wp-element-caption\">tinto<\/figcaption><\/figure>\n<\/div><\/div>\n<\/div>\n\n\n\n<div class=\"wp-block-columns is-not-stacked-on-mobile is-layout-flex wp-container-core-columns-is-layout-9d6595d7 wp-block-columns-is-layout-flex\">\n<div class=\"wp-block-column is-layout-flow wp-block-column-is-layout-flow\"><div class=\"wp-block-image\">\n<figure class=\"aligncenter size-full\"><a href=\"https:\/\/dev.oenobrands.com\/wp-content\/uploads\/2024\/07\/Scheda-tecnica-Anchor-lievito-Legacy-NT116-White_It_VASON_202109_Web.pdf\" target=\"_blank\" rel=\"noreferrer noopener\"><img loading=\"lazy\" decoding=\"async\" width=\"180\" height=\"94\" src=\"https:\/\/dev.oenobrands.com\/wp-content\/uploads\/2023\/04\/bandiera-italiana-italy.png\" alt=\"drapeau flag bandiera italiana italy\" class=\"wp-image-2512\"\/><\/a><figcaption class=\"wp-element-caption\">bianchi<\/figcaption><\/figure>\n<\/div><\/div>\n\n\n\n<div class=\"wp-block-column is-layout-flow wp-block-column-is-layout-flow\"><div class=\"wp-block-image\">\n<figure class=\"aligncenter size-full\"><a href=\"https:\/\/dev.oenobrands.com\/wp-content\/uploads\/2024\/07\/Scheda-tecnica-Anchor-lievito-Legacy-NT116-Red_It_VASON_202109_Web.pdf\" target=\"_blank\" rel=\"noreferrer noopener\"><img loading=\"lazy\" decoding=\"async\" width=\"180\" height=\"94\" src=\"https:\/\/dev.oenobrands.com\/wp-content\/uploads\/2023\/04\/bandiera-italiana-italy.png\" alt=\"drapeau flag bandiera italiana italy\" class=\"wp-image-2512\"\/><\/a><figcaption class=\"wp-element-caption\">rossi<\/figcaption><\/figure>\n<\/div><\/div>\n\n\n\n<div class=\"wp-block-column is-layout-flow wp-block-column-is-layout-flow\"><div class=\"wp-block-image\">\n<figure class=\"aligncenter size-full\"><img loading=\"lazy\" decoding=\"async\" width=\"180\" height=\"94\" src=\"https:\/\/dev.oenobrands.com\/wp-content\/uploads\/2023\/05\/Flagge-Deutschland.png\" alt=\"Flagge-Deutschland-flag-drapeau\" class=\"wp-image-3550\"\/><figcaption class=\"wp-element-caption\">Wei\u00df<\/figcaption><\/figure>\n<\/div><\/div>\n\n\n\n<div class=\"wp-block-column is-layout-flow wp-block-column-is-layout-flow\"><div class=\"wp-block-image\">\n<figure class=\"aligncenter size-full\"><a href=\"https:\/\/dev.oenobrands.com\/wp-content\/uploads\/2024\/07\/Technisches-Datenblatt-Anchor-Hefe-Legacy-NT116-Rot_Ger_202109_Web.pdf\" target=\"_blank\" rel=\"noreferrer noopener\"><img loading=\"lazy\" decoding=\"async\" width=\"180\" height=\"94\" src=\"https:\/\/dev.oenobrands.com\/wp-content\/uploads\/2023\/05\/Flagge-Deutschland.png\" alt=\"Flagge-Deutschland-flag-drapeau\" class=\"wp-image-3550\"\/><\/a><figcaption class=\"wp-element-caption\">Rot<\/figcaption><\/figure>\n<\/div><\/div>\n\n\n\n<div class=\"wp-block-column is-layout-flow wp-block-column-is-layout-flow\"><\/div>\n\n\n\n<div class=\"wp-block-column is-layout-flow wp-block-column-is-layout-flow\"><\/div>\n<\/div>\n\n\n\n<div class=\"wp-block-columns is-not-stacked-on-mobile is-layout-flex wp-container-core-columns-is-layout-9d6595d7 wp-block-columns-is-layout-flex\">\n<div class=\"wp-block-column is-layout-flow wp-block-column-is-layout-flow\"><div class=\"wp-block-image\">\n<figure class=\"aligncenter size-full\"><img loading=\"lazy\" decoding=\"async\" width=\"180\" height=\"94\" src=\"https:\/\/dev.oenobrands.com\/wp-content\/uploads\/2024\/05\/Flag-drapeau-Portugal.png\" alt=\"Flag-drapeau-Portugal\" class=\"wp-image-7139\"\/><figcaption class=\"wp-element-caption\">branco<\/figcaption><\/figure>\n<\/div><\/div>\n\n\n\n<div class=\"wp-block-column is-layout-flow wp-block-column-is-layout-flow\"><div class=\"wp-block-image\">\n<figure class=\"aligncenter size-full\"><img loading=\"lazy\" decoding=\"async\" width=\"180\" height=\"94\" src=\"https:\/\/dev.oenobrands.com\/wp-content\/uploads\/2024\/05\/Flag-drapeau-Portugal.png\" alt=\"Flag-drapeau-Portugal\" class=\"wp-image-7139\"\/><figcaption class=\"wp-element-caption\">tinto<\/figcaption><\/figure>\n<\/div><\/div>\n\n\n\n<div class=\"wp-block-column is-layout-flow wp-block-column-is-layout-flow\"><\/div>\n\n\n\n<div class=\"wp-block-column is-layout-flow wp-block-column-is-layout-flow\"><\/div>\n\n\n\n<div class=\"wp-block-column is-layout-flow wp-block-column-is-layout-flow\"><\/div>\n\n\n\n<div class=\"wp-block-column is-layout-flow wp-block-column-is-layout-flow\"><\/div>\n<\/div>\n<\/div><\/div>\n\n\n\n<hr class=\"wp-block-separator has-text-color has-alpha-channel-opacity has-background\" style=\"background-color:#00205c;color:#00205c\"\/>\n\n\n\n<div class=\"wp-block-buttons is-content-justification-center is-layout-flex wp-container-core-buttons-is-layout-16018d1d wp-block-buttons-is-layout-flex\">\n<div class=\"wp-block-button\"><a class=\"wp-block-button__link has-white-color has-text-color has-background has-text-align-center wp-element-button\" href=\"https:\/\/dev.oenobrands.com\/distributor\/\" style=\"background-color:#162638\" target=\"_blank\" rel=\"noreferrer noopener\">Votre distributeur<\/a><\/div>\n<\/div>\n\n\n\n<hr class=\"wp-block-separator has-text-color has-alpha-channel-opacity has-background\" style=\"background-color:#00205c;color:#00205c\"\/>\n\n\n\n<h3 class=\"wp-block-heading\"><strong>Dose<\/strong><\/h3>\n\n\n\n<p>20 &#8211; 30 g\/hL<\/p>\n\n\n\n<h3 class=\"wp-block-heading\"><strong><strong>Conditionnement<\/strong><\/strong><\/h3>\n\n\n\n<p>NT116 est conditionn\u00e9e en paquet sous vide de 1 kg.<\/p>\n\n\n\n<h3 class=\"wp-block-heading\"><strong>Conservation<\/strong><\/h3>\n\n\n\n<p>Le produit doit \u00eatre conserv\u00e9 dans un lieu frais (5 &#8211; 15 \u00b0C) et sec, dans son emballage d\u2019origine.<\/p>\n<\/div>\n<\/div>\n\n<div class=\"wp-block-group\"><div class=\"wp-block-group__inner-container is-layout-constrained wp-block-group-is-layout-constrained\">\n<div style=\"height:30px\" aria-hidden=\"true\" class=\"wp-block-spacer\"><\/div>\n\n\n\n<hr class=\"wp-block-separator has-text-color has-black-color has-alpha-channel-opacity has-black-background-color has-background\"\/>\n<\/div><\/div>\n\n<div class=\"wp-block-columns is-layout-flex wp-container-core-columns-is-layout-9d6595d7 wp-block-columns-is-layout-flex\">\n<div class=\"wp-block-column is-layout-flow wp-block-column-is-layout-flow\">\n<div class=\"wp-block-group\"><div class=\"wp-block-group__inner-container is-layout-constrained wp-block-group-is-layout-constrained\">\n<h2 class=\"wp-block-heading\"><strong><strong>Explorez les solutions associ\u00e9es :<\/strong><\/strong><\/h2>\n\n\n\n<div style=\"height:30px\" aria-hidden=\"true\" class=\"wp-block-spacer\"><\/div>\n\n\n\n<p><strong>Vous recherchez une approche plus holistique de la vinification ?<\/strong> D\u00e9couvrez nos solutions \u0153nologiques avanc\u00e9es en lien avec Legacy NT 116.<\/p>\n\n\n\n<div style=\"height:30px\" aria-hidden=\"true\" class=\"wp-block-spacer\"><\/div>\n\n\n\n<div class=\"wp-block-columns are-vertically-aligned-center is-layout-flex wp-container-core-columns-is-layout-9d6595d7 wp-block-columns-is-layout-flex\">\n<div class=\"wp-block-column is-vertically-aligned-center is-layout-flow wp-block-column-is-layout-flow\" style=\"flex-basis:100%\">\n<div class=\"wp-block-buttons is-content-justification-center is-layout-flex wp-container-core-buttons-is-layout-16018d1d wp-block-buttons-is-layout-flex\">\n<div class=\"wp-block-button is-style-fill\"><a class=\"wp-block-button__link wp-element-button\" href=\"https:\/\/dev.oenobrands.com\/solution\/alcoholic-fermentation\/yeast-inoculation\/\" target=\"_blank\" rel=\"noreferrer noopener\">Inoculation des levures<\/a><\/div>\n\n\n\n<div class=\"wp-block-button is-style-fill\"><a class=\"wp-block-button__link wp-element-button\" href=\"https:\/\/dev.oenobrands.com\/solution\/alcoholic-fermentation\/yeast-choice\/\" target=\"_blank\" rel=\"noreferrer noopener\">Choix des levures<\/a><\/div>\n\n\n\n<div class=\"wp-block-button is-style-fill\"><a class=\"wp-block-button__link wp-element-button\" href=\"https:\/\/dev.oenobrands.com\/key-positive-aroma-compounds\/\" target=\"_blank\" rel=\"noreferrer noopener\">Compos\u00e9s aromatiques<\/a><\/div>\n<\/div>\n<\/div>\n<\/div>\n<\/div><\/div>\n\n\n\n<div style=\"height:30px\" aria-hidden=\"true\" class=\"wp-block-spacer\"><\/div>\n<\/div>\n\n\n\n<div class=\"wp-block-column is-layout-flow wp-block-column-is-layout-flow\">\n<h2 class=\"wp-block-heading\"><strong>Vous cherchez quelque chose d&rsquo;autre ?<\/strong><\/h2>\n\n\n\n<div style=\"height:30px\" aria-hidden=\"true\" class=\"wp-block-spacer\"><\/div>\n\n\n\n<p>Visitez notre section \u00ab Solution \u00bb, o\u00f9 nous proposons des conseils d&rsquo;experts, des connaissances populaires et des approches novatrices organis\u00e9es par processus de vinification. <strong>De la fermentation \u00e0 la filtration\/mise en bouteille, nous vous accompagnons avec des solutions pour am\u00e9liorer chaque \u00e9tape de votre processus de vinification.<\/strong><\/p>\n\n\n\n<div style=\"height:30px\" aria-hidden=\"true\" class=\"wp-block-spacer\"><\/div>\n\n\n\n<div class=\"wp-block-columns are-vertically-aligned-center is-layout-flex wp-container-core-columns-is-layout-9d6595d7 wp-block-columns-is-layout-flex\">\n<div class=\"wp-block-column is-vertically-aligned-center is-layout-flow wp-block-column-is-layout-flow\" style=\"flex-basis:100%\">\n<div class=\"wp-block-buttons is-content-justification-center is-layout-flex wp-container-core-buttons-is-layout-16018d1d wp-block-buttons-is-layout-flex\">\n<div class=\"wp-block-button is-style-fill\"><a class=\"wp-block-button__link wp-element-button\" href=\"https:\/\/dev.oenobrands.com\/solution\/\" target=\"_blank\" rel=\"noreferrer noopener\">Advanced winemaking solutions<\/a><\/div>\n<\/div>\n<\/div>\n<\/div>\n<\/div>\n<\/div>\n\n<hr class=\"wp-block-separator has-text-color has-black-color has-alpha-channel-opacity has-black-background-color has-background\"\/>\n\n<div style=\"height:30px\" aria-hidden=\"true\" class=\"wp-block-spacer\"><\/div>\n\n<div class=\"wp-block-columns is-layout-flex wp-container-core-columns-is-layout-9d6595d7 wp-block-columns-is-layout-flex\">\n<div class=\"wp-block-column is-vertically-aligned-center is-layout-flow wp-block-column-is-layout-flow\" style=\"flex-basis:30%\">\n<h1 class=\"wp-block-heading has-text-color\" style=\"color:#00205c\">D\u00e9couvrez la gamme ANCHOR<\/h1>\n\n\n\n<div style=\"height:20px\" aria-hidden=\"true\" class=\"wp-block-spacer\"><\/div>\n\n\n\n<div class=\"wp-block-buttons is-content-justification-center is-layout-flex wp-container-core-buttons-is-layout-16018d1d wp-block-buttons-is-layout-flex\">\n<div class=\"wp-block-button\"><a class=\"wp-block-button__link has-background wp-element-button\" href=\"https:\/\/dev.oenobrands.com\/product\/yeast\/anchor-yeast\/\" style=\"background-color:#545859\" target=\"_blank\" rel=\"noreferrer noopener\">Levures ANCHOR<\/a><\/div>\n<\/div>\n<\/div>\n\n\n\n<div class=\"wp-block-column is-layout-flow wp-block-column-is-layout-flow\" style=\"flex-basis:10%\"><\/div>\n\n\n\n<div class=\"wp-block-column is-layout-flow wp-block-column-is-layout-flow\"><div class=\"wp-block-image\">\n<figure class=\"aligncenter size-full is-resized\"><img loading=\"lazy\" decoding=\"async\" width=\"776\" height=\"240\" src=\"https:\/\/dev.oenobrands.com\/wp-content\/uploads\/2023\/04\/Oenobrands-Anchor-logo-1.png\" alt=\"Anchor-logo\" class=\"wp-image-2447\" style=\"width:350px\" srcset=\"https:\/\/dev.oenobrands.com\/wp-content\/uploads\/2023\/04\/Oenobrands-Anchor-logo-1.png 776w, https:\/\/dev.oenobrands.com\/wp-content\/uploads\/2023\/04\/Oenobrands-Anchor-logo-1-300x93.png 300w, https:\/\/dev.oenobrands.com\/wp-content\/uploads\/2023\/04\/Oenobrands-Anchor-logo-1-768x238.png 768w\" sizes=\"auto, (max-width: 776px) 100vw, 776px\" \/><\/figure>\n<\/div><\/div>\n<\/div>\n\n<div style=\"height:50px\" aria-hidden=\"true\" class=\"wp-block-spacer\"><\/div>\n","protected":false},"excerpt":{"rendered":"<p>Legacy NT 116 Une levure hybride Saccharomyces cerevisiae pour l&rsquo;\u00e9laboration de vins blancs aromatiques, tropicaux et croquants. et de vins rouges cors\u00e9s. APPLICATION NT 116 est id\u00e9ale pour la production de vins blancs \u00e0 rotation rapide. Cette levure permet la lib\u00e9ration de thiols volatils (fruit de la passion, pamplemousse et goyave) et la production d\u2019esters [&hellip;]<\/p>\n","protected":false},"author":3,"featured_media":0,"parent":13870,"menu_order":9,"comment_status":"closed","ping_status":"closed","template":"page-product.php","meta":{"_acf_changed":false,"_seopress_robots_primary_cat":"0","_seopress_titles_title":"","_seopress_titles_desc":"","_seopress_robots_index":"","_seopress_analysis_target_kw":"","footnotes":""},"class_list":["post-13879","page","type-page","status-publish"],"acf":[],"_links":{"self":[{"href":"https:\/\/dev.oenobrands.com\/fr\/wp-json\/wp\/v2\/pages\/13879","targetHints":{"allow":["GET"]}}],"collection":[{"href":"https:\/\/dev.oenobrands.com\/fr\/wp-json\/wp\/v2\/pages"}],"about":[{"href":"https:\/\/dev.oenobrands.com\/fr\/wp-json\/wp\/v2\/types\/page"}],"author":[{"embeddable":true,"href":"https:\/\/dev.oenobrands.com\/fr\/wp-json\/wp\/v2\/users\/3"}],"replies":[{"embeddable":true,"href":"https:\/\/dev.oenobrands.com\/fr\/wp-json\/wp\/v2\/comments?post=13879"}],"version-history":[{"count":0,"href":"https:\/\/dev.oenobrands.com\/fr\/wp-json\/wp\/v2\/pages\/13879\/revisions"}],"up":[{"embeddable":true,"href":"https:\/\/dev.oenobrands.com\/fr\/wp-json\/wp\/v2\/pages\/13870"}],"wp:attachment":[{"href":"https:\/\/dev.oenobrands.com\/fr\/wp-json\/wp\/v2\/media?parent=13879"}],"curies":[{"name":"wp","href":"https:\/\/api.w.org\/{rel}","templated":true}]}}