{"id":13870,"date":"2022-10-19T21:47:24","date_gmt":"2022-10-19T19:47:24","guid":{"rendered":"https:\/\/dev.oenobrands.com\/produit\/levure\/les-levures-anchor\/"},"modified":"2025-06-13T21:41:21","modified_gmt":"2025-06-13T19:41:21","slug":"les-levures-anchor","status":"publish","type":"page","link":"https:\/\/dev.oenobrands.com\/fr\/produit\/levure\/les-levures-anchor\/","title":{"rendered":"Levures ANCHOR"},"content":{"rendered":"\n<div style=\"height:50px\" aria-hidden=\"true\" class=\"wp-block-spacer\"><\/div>\n\n\n<div class=\"wp-block-image\">\n<figure class=\"aligncenter size-large\"><img alt=\"\" loading=\"lazy\" decoding=\"async\" width=\"1024\" height=\"160\" src=\"https:\/\/dev.oenobrands.com\/wp-content\/uploads\/2024\/10\/produit-anchor-levure-banner-FR-1024x160.png\" alt=\"\" class=\"wp-image-15064\" style=\"object-fit:cover\" srcset=\"https:\/\/dev.oenobrands.com\/wp-content\/uploads\/2024\/10\/produit-anchor-levure-banner-FR-1024x160.png 1024w, https:\/\/dev.oenobrands.com\/wp-content\/uploads\/2024\/10\/produit-anchor-levure-banner-FR-300x47.png 300w, https:\/\/dev.oenobrands.com\/wp-content\/uploads\/2024\/10\/produit-anchor-levure-banner-FR-768x120.png 768w, https:\/\/dev.oenobrands.com\/wp-content\/uploads\/2024\/10\/produit-anchor-levure-banner-FR.png 1381w\" sizes=\"auto, (max-width: 1024px) 100vw, 1024px\" \/><\/figure>\n<\/div>\n\n\n<div style=\"height:50px\" aria-hidden=\"true\" class=\"wp-block-spacer\"><\/div>\n\n\n\n<h2 class=\"wp-block-heading\"><strong>D\u00e9di\u00e9s \u00e0 l&rsquo;excellence de la fermentation<\/strong><\/h2>\n\n\n\n<p>Depuis de nombreuses ann\u00e9es, <strong>Anchor est \u00e0 la pointe de l&rsquo;\u00e9volution,<\/strong> s&rsquo;adaptant et se transformant pour r\u00e9pondre aux besoins et aux exigences des vinificateurs dans le monde entier.<\/p>\n\n\n\n<p>De la cr\u00e9ation de la premi\u00e8re levure hybride au monde pour le vin, appel\u00e9e VIN 13, \u00e0 l&rsquo;extension de notre portefeuille pour inclure diff\u00e9rentes levures, ce qui nous a conduits \u00e0 changer notre nom de Anchor Yeast en Anchor Oenology<strong>. Avec Anchor Oenology, nous sommes fiers de vous proposer un portefeuille de solutions de fermentation<\/strong> qui comprend des levures, des nutriments et des bact\u00e9ries.<\/p>\n\n\n\n<p>Concernant notre portefeuille de levures, nous nous effor\u00e7ons de r\u00e9duire le nombre de produits tout en r\u00e9pondant au besoin non seulement de robustesse, mais aussi de souches de levures pouvant <strong>aider les vinificateurs \u00e0 cr\u00e9er un profil sensoriel sp\u00e9cifique dans le vin final.<\/strong> Des souches classiques et hybrides aux m\u00e9langes de levures en passant par le tout premier hybride intersp\u00e9cifique commercialis\u00e9 au monde, nous r\u00e9pondons aux besoins de tous les vinificateurs. <\/p>\n\n\n\n<div style=\"height:50px\" aria-hidden=\"true\" class=\"wp-block-spacer\"><\/div>\n\n\n\n<h2 class=\"wp-block-heading\"><strong>En 2023, Anchor Yeast a f\u00eat\u00e9 son 100\u00e8me anniversaire.<\/strong><\/h2>\n\n\n\n<p>En tant que soutien d&rsquo;Anchor et de nos produits, vous nous accompagnez sur une voie sur laquelle nous avons franchi de nombreuses \u00e9tapes importantes :<\/p>\n\n\n\n<ul class=\"wp-block-list\">\n<li><strong>Premi\u00e8re soci\u00e9t\u00e9 de l&rsquo;h\u00e9misph\u00e8re sud \u00e0 produire de la levure.<\/strong><\/li>\n\n\n\n<li>Utilisation en Afrique du Sud de la premi\u00e8re levure commercialis\u00e9e par Anchor il y a 49 ans.<\/li>\n\n\n\n<li>Commercialisation dans le monde entier des levures Anchor depuis 20 ans.<\/li>\n\n\n\n<li>Legacy VIN 13, la premi\u00e8re levure hybride d\u00e9di\u00e9e au vin, aura 33 ans cette ann\u00e9e.<\/li>\n\n\n\n<li>Le premier hybride intersp\u00e9cifique jamais cr\u00e9\u00e9, Exotics Mosaic, f\u00eate 12 ann\u00e9es de production de vins iconiques.<\/li>\n\n\n\n<li>Premi\u00e8re soci\u00e9t\u00e9 au monde \u00e0 proposer des m\u00e9langes de levures et de bact\u00e9ries.<\/li>\n<\/ul>\n\n\n\n<hr class=\"wp-block-separator has-alpha-channel-opacity\"\/>\n\n\n<div class=\"wp-block-image is-style-default\">\n<figure class=\"aligncenter size-full is-resized\"><img alt=\"\" loading=\"lazy\" decoding=\"async\" width=\"2775\" height=\"1330\" src=\"https:\/\/dev.oenobrands.com\/wp-content\/uploads\/2024\/10\/produit-anchor-levure-fermentation-alcoolique-FR.png\" alt=\"\" class=\"wp-image-15067\" style=\"width:700px\" srcset=\"https:\/\/dev.oenobrands.com\/wp-content\/uploads\/2024\/10\/produit-anchor-levure-fermentation-alcoolique-FR.png 2775w, https:\/\/dev.oenobrands.com\/wp-content\/uploads\/2024\/10\/produit-anchor-levure-fermentation-alcoolique-FR-300x144.png 300w, https:\/\/dev.oenobrands.com\/wp-content\/uploads\/2024\/10\/produit-anchor-levure-fermentation-alcoolique-FR-1024x491.png 1024w, https:\/\/dev.oenobrands.com\/wp-content\/uploads\/2024\/10\/produit-anchor-levure-fermentation-alcoolique-FR-768x368.png 768w, https:\/\/dev.oenobrands.com\/wp-content\/uploads\/2024\/10\/produit-anchor-levure-fermentation-alcoolique-FR-1536x736.png 1536w, https:\/\/dev.oenobrands.com\/wp-content\/uploads\/2024\/10\/produit-anchor-levure-fermentation-alcoolique-FR-2048x982.png 2048w\" sizes=\"auto, (max-width: 2775px) 100vw, 2775px\" \/><\/figure>\n<\/div>\n\n\n<div style=\"height:50px\" aria-hidden=\"true\" class=\"wp-block-spacer\"><\/div>\n\n\n\n<h2 class=\"wp-block-heading has-text-color\" style=\"color:#00205c\">EXOTICS &#8211; Premi\u00e8res souches de levures de vin hybrides intersp\u00e9cifiques au monde.<\/h2>\n\n\n\n<div class=\"wp-block-media-text alignwide is-stacked-on-mobile\" style=\"grid-template-columns:35% auto\"><figure class=\"wp-block-media-text__media\"><img loading=\"lazy\" decoding=\"async\" width=\"450\" height=\"250\" src=\"https:\/\/dev.oenobrands.com\/wp-content\/uploads\/2023\/04\/Anchor-yeast-exotics.png\" alt=\"Anchor-yeast-exotics\" class=\"wp-image-2208 size-full\" srcset=\"https:\/\/dev.oenobrands.com\/wp-content\/uploads\/2023\/04\/Anchor-yeast-exotics.png 450w, https:\/\/dev.oenobrands.com\/wp-content\/uploads\/2023\/04\/Anchor-yeast-exotics-300x167.png 300w\" sizes=\"auto, (max-width: 450px) 100vw, 450px\" \/><\/figure><div class=\"wp-block-media-text__content\">\n<p>Le nom Exotics se rapporte \u00e0 une gamme de produits incluant des hybrides de levure intersp\u00e9cifiques uniques qui permettent de cr\u00e9er des vins iconiques. <strong>La gamme Exotics favorise la cr\u00e9ation de vins complexes, typiques, souples et \u00e9l\u00e9gants de grande qualit\u00e9.<\/strong> Ces hybrides ont \u00e9t\u00e9 cr\u00e9\u00e9s pour d\u00e9velopper la complexit\u00e9 sensorielle, avec un impact similaire aux non-Saccharomyces tout en offrant la robustesse permettant de terminer la fermentation. <\/p>\n<\/div><\/div>\n\n\n\n<h2 class=\"wp-block-heading has-text-color\" style=\"color:#00205c\">ALCHEMY &#8211; Premiers m\u00e9langes de levures formul\u00e9s scientifiquement au monde.<\/h2>\n\n\n\n<div class=\"wp-block-media-text alignwide is-stacked-on-mobile\" style=\"grid-template-columns:35% auto\"><figure class=\"wp-block-media-text__media\"><img loading=\"lazy\" decoding=\"async\" width=\"450\" height=\"250\" src=\"https:\/\/dev.oenobrands.com\/wp-content\/uploads\/2023\/04\/Anchor-yeast-alchemy.png\" alt=\"Anchor-yeast-alchemy\" class=\"wp-image-2206 size-full\" srcset=\"https:\/\/dev.oenobrands.com\/wp-content\/uploads\/2023\/04\/Anchor-yeast-alchemy.png 450w, https:\/\/dev.oenobrands.com\/wp-content\/uploads\/2023\/04\/Anchor-yeast-alchemy-300x167.png 300w\" sizes=\"auto, (max-width: 450px) 100vw, 450px\" \/><\/figure><div class=\"wp-block-media-text__content\">\n<p>Pour augmenter la complexit\u00e9 du vin, la gamme Alchemy a \u00e9t\u00e9 cr\u00e9\u00e9e sur la base de l&rsquo;interaction synerg\u00e9tique entre diff\u00e9rentes souches de levure. Le portefeuille r\u00e9pond aux<strong> besoins de la production de vins blancs, ros\u00e9s et rouges, offrant une sophistication<\/strong> et une complexit\u00e9 accrues et contribuant \u00e0 la sensation en bouche, en plus de l&rsquo;intensit\u00e9 aromatique. <\/p>\n<\/div><\/div>\n\n\n\n<h2 class=\"wp-block-heading has-text-color\" style=\"color:#00205c\">LEGACY &#8211; Premi\u00e8res souches de levures de vin hybrides au monde.<\/h2>\n\n\n\n<div class=\"wp-block-media-text alignwide is-stacked-on-mobile\" style=\"grid-template-columns:35% auto\"><figure class=\"wp-block-media-text__media\"><img loading=\"lazy\" decoding=\"async\" width=\"450\" height=\"250\" src=\"https:\/\/dev.oenobrands.com\/wp-content\/uploads\/2023\/04\/Anchor-yeast-legacy.png\" alt=\"Anchor-yeast-legacy\" class=\"wp-image-2204 size-full\" srcset=\"https:\/\/dev.oenobrands.com\/wp-content\/uploads\/2023\/04\/Anchor-yeast-legacy.png 450w, https:\/\/dev.oenobrands.com\/wp-content\/uploads\/2023\/04\/Anchor-yeast-legacy-300x167.png 300w\" sizes=\"auto, (max-width: 450px) 100vw, 450px\" \/><\/figure><div class=\"wp-block-media-text__content\">\n<p>Les souches de levure de la gamme Legacy comprennent les isolats et hybrides les plus connus. <strong>Ce sont toutes des souches robustes qui peuvent tol\u00e9rer une large plage de temp\u00e9ratures et de variables de niveau d\u2019alcool, afin d&rsquo;assurer des fermentations compl\u00e8tes et fiables. <\/strong>De plus, ces souches produisent des vins blancs, ros\u00e9s et rouges tr\u00e8s aromatiques. <\/p>\n<\/div><\/div>\n\n\n\n<div style=\"height:50px\" aria-hidden=\"true\" class=\"wp-block-spacer\"><\/div>\n\n\n\n<div class=\"wp-block-columns is-layout-flex wp-container-core-columns-is-layout-9d6595d7 wp-block-columns-is-layout-flex\">\n<div class=\"wp-block-column is-layout-flow wp-block-column-is-layout-flow\">\n<h2 class=\"wp-block-heading has-text-align-center\"><strong>Trouvez votre levure Anchor <\/strong><\/h2>\n\n\n\n<div class=\"wp-block-buttons is-content-justification-center is-layout-flex wp-container-core-buttons-is-layout-16018d1d wp-block-buttons-is-layout-flex\">\n<div class=\"wp-block-button\"><a class=\"wp-block-button__link wp-element-button\" href=\"https:\/\/dev.oenobrands.com\/fr\/produit\/levure\/choix-des-levures-anchor\/\" target=\"_blank\" rel=\"noreferrer noopener\">Choix des levures ANCHOR<\/a><\/div>\n<\/div>\n\n\n\n<div style=\"height:50px\" aria-hidden=\"true\" class=\"wp-block-spacer\"><\/div>\n<\/div>\n\n\n\n<div class=\"wp-block-column is-layout-flow wp-block-column-is-layout-flow\" style=\"flex-basis:5px\"><\/div>\n\n\n\n<div class=\"wp-block-column is-layout-flow wp-block-column-is-layout-flow\">\n<h2 class=\"wp-block-heading has-text-align-center\"><strong>En savoir plus sur la production de levures<\/strong><\/h2>\n\n\n\n<div class=\"wp-block-buttons is-content-justification-center is-layout-flex wp-container-core-buttons-is-layout-16018d1d wp-block-buttons-is-layout-flex\">\n<div class=\"wp-block-button\"><a class=\"wp-block-button__link wp-element-button\" href=\"https:\/\/dev.oenobrands.com\/fr\/production-de-levures\/\" target=\"_blank\" rel=\"noreferrer noopener\">Production de levures<\/a><\/div>\n<\/div>\n\n\n\n<div style=\"height:30px\" aria-hidden=\"true\" class=\"wp-block-spacer\"><\/div>\n<\/div>\n<\/div>\n\n\n\n<h2 class=\"wp-block-heading\"><strong>D\u00e9couvrez notre gamme de levures Anchor :<\/strong><\/h2>\n\n\n\n<div style=\"height:50px\" aria-hidden=\"true\" class=\"wp-block-spacer\"><\/div>\n","protected":false},"excerpt":{"rendered":"<p>D\u00e9di\u00e9s \u00e0 l&rsquo;excellence de la fermentation Depuis de nombreuses ann\u00e9es, Anchor est \u00e0 la pointe de l&rsquo;\u00e9volution, s&rsquo;adaptant et se transformant pour r\u00e9pondre aux besoins et aux exigences des vinificateurs dans le monde entier. De la cr\u00e9ation de la premi\u00e8re levure hybride au monde pour le vin, appel\u00e9e VIN 13, \u00e0 l&rsquo;extension de notre portefeuille [&hellip;]<\/p>\n","protected":false},"author":3,"featured_media":1183,"parent":13720,"menu_order":2,"comment_status":"closed","ping_status":"closed","template":"page-premier-products-list.php","meta":{"_acf_changed":false,"_seopress_robots_primary_cat":"0","_seopress_titles_title":"","_seopress_titles_desc":"","_seopress_robots_index":"","_seopress_analysis_target_kw":"","footnotes":""},"class_list":["post-13870","page","type-page","status-publish","has-post-thumbnail"],"acf":[],"_links":{"self":[{"href":"https:\/\/dev.oenobrands.com\/fr\/wp-json\/wp\/v2\/pages\/13870","targetHints":{"allow":["GET"]}}],"collection":[{"href":"https:\/\/dev.oenobrands.com\/fr\/wp-json\/wp\/v2\/pages"}],"about":[{"href":"https:\/\/dev.oenobrands.com\/fr\/wp-json\/wp\/v2\/types\/page"}],"author":[{"embeddable":true,"href":"https:\/\/dev.oenobrands.com\/fr\/wp-json\/wp\/v2\/users\/3"}],"replies":[{"embeddable":true,"href":"https:\/\/dev.oenobrands.com\/fr\/wp-json\/wp\/v2\/comments?post=13870"}],"version-history":[{"count":0,"href":"https:\/\/dev.oenobrands.com\/fr\/wp-json\/wp\/v2\/pages\/13870\/revisions"}],"up":[{"embeddable":true,"href":"https:\/\/dev.oenobrands.com\/fr\/wp-json\/wp\/v2\/pages\/13720"}],"wp:featuredmedia":[{"embeddable":true,"href":"https:\/\/dev.oenobrands.com\/fr\/wp-json\/wp\/v2\/media\/1183"}],"wp:attachment":[{"href":"https:\/\/dev.oenobrands.com\/fr\/wp-json\/wp\/v2\/media?parent=13870"}],"curies":[{"name":"wp","href":"https:\/\/api.w.org\/{rel}","templated":true}]}}