{"id":13749,"date":"2023-02-24T16:20:13","date_gmt":"2023-02-24T15:20:13","guid":{"rendered":"https:\/\/dev.oenobrands.com\/produit\/levure\/fermivin\/fermivin-pdm\/"},"modified":"2025-10-06T10:13:00","modified_gmt":"2025-10-06T08:13:00","slug":"fermivin-pdm","status":"publish","type":"page","link":"https:\/\/dev.oenobrands.com\/fr\/produit\/levure\/fermivin\/fermivin-pdm\/","title":{"rendered":"Fermivin PDM"},"content":{"rendered":"\n<h1 class=\"wp-block-heading has-text-color\" style=\"color:#0050a3\">Fermivin PDM<\/h1>\n\n\n\n<div style=\"height:30px\" aria-hidden=\"true\" class=\"wp-block-spacer\"><\/div>\n\n\n\n<h2 class=\"wp-block-heading\"><strong><strong>ROBUSTE, FIABLE ET VALID\u00c9<\/strong><\/strong><\/h2>\n\n\n\n<div style=\"height:30px\" aria-hidden=\"true\" class=\"wp-block-spacer\"><\/div>\n\n\n\n<h3 class=\"wp-block-heading\"><strong>OBJECTIF<\/strong><\/h3>\n\n\n\n<p><strong>Fermivin<sup>\u00ae<\/sup> PDM<\/strong> r\u00e9alise des fermentations alcooliques rapides et compl\u00e8tes dans la plupart des conditions de vinification : large spectre de temp\u00e9ratures et \u00e0 des degr\u00e9s d\u2019alcool \u00e9lev\u00e9s.<\/p>\n\n\n\n<p>Avec une contribution organoleptique mod\u00e9r\u00e9e (faible production d\u2019esters fermentaires), elle est parfaitement adapt\u00e9e \u00e0 l\u2019\u00e9laboration de vins rouges, blancs et des vins de fruits.<\/p>\n\n\n\n<p>.<\/p>\n\n\n\n<div style=\"height:50px\" aria-hidden=\"true\" class=\"wp-block-spacer\"><\/div>\n\n\n\n<div class=\"wp-block-columns is-layout-flex wp-container-core-columns-is-layout-9d6595d7 wp-block-columns-is-layout-flex\">\n<div class=\"wp-block-column is-layout-flow wp-block-column-is-layout-flow\" style=\"flex-basis:45%\">\n<h3 class=\"wp-block-heading has-text-color\" style=\"color:#0050a3\"><strong>D\u00e9gustation<\/strong><\/h3>\n\n\n\n<p>Ar\u00f4mes vari\u00e9taux nets et respectueux des c\u00e9pages gr\u00e2ce \u00e0 l\u2019absence de production de vinyl-ph\u00e9nols et autres compos\u00e9s ind\u00e9sirables.<\/p>\n\n\n\n<h3 class=\"wp-block-heading has-text-color\" style=\"color:#0050a3\"><strong>Caract\u00e9ristiques du m\u00e9tabolisme<\/strong><\/h3>\n\n\n\n<figure class=\"wp-block-table\"><table><tbody><tr><td>Production de SO<sub>2<\/sub><\/td><td>&lt; 10 mg\/L<\/td><\/tr><tr><td>Production de glyc\u00e9rol<\/td><td>5 \u2013 7 g\/L<\/td><\/tr><tr><td>Production d&rsquo;acidit\u00e9 volatile<\/td><td>&lt; 0,18 g\/L<\/td><\/tr><tr><td>Production d&rsquo;ac\u00e9taldehyde : none<\/td><td>&lt; 20 mg\/L<\/td><\/tr><tr><td>Production d&rsquo;H<sub>2<\/sub>S<\/td><td>Basse<\/td><\/tr><tr><td>Facteur Killer<\/td><td>Killer<\/td><\/tr><tr><td>Production de vinylph\u00e9nol<\/td><td>Non d\u00e9tectable (POF -)<\/td><\/tr><\/tbody><\/table><\/figure>\n\n\n\n<h3 class=\"wp-block-heading has-text-color\" style=\"color:#0050a3\"><strong>Propri\u00e9t\u00e9s oenologiques<\/strong><\/h3>\n\n\n\n<figure class=\"wp-block-table\"><table><tbody><tr><td>Cin\u00e9tique fermentaire<\/td><td>Rapide<\/td><\/tr><tr><td>Besoins nutritionnels<\/td><td>Basse<\/td><\/tr><tr><td>Tol\u00e9rance \u00e0 l&rsquo;alcool<\/td><td>16 % vol.<\/td><\/tr><tr><td>Plage de temp\u00e9rature<\/td><td>12-30 \u00b0C<\/td><\/tr><\/tbody><\/table><\/figure>\n\n\n\n<h3 class=\"wp-block-heading has-text-color\" style=\"color:#0050a3\"><strong>Origine <\/strong><\/h3>\n\n\n\n<p><strong>Esp\u00e8ce<\/strong>: <em>Saccharomyces cerevisiae <\/em>var. <em>bayanus<\/em>.<br>La <strong>souche 8906 <\/strong>a \u00e9t\u00e9 s\u00e9lectionn\u00e9e dans la r\u00e9gion de Champagne (France) et<br>valid\u00e9e par Oenobrands.<\/p>\n\n\n\n<h3 class=\"wp-block-heading has-text-color\" style=\"color:#0050a3\"><strong>Science et Technologie <\/strong><\/h3>\n\n\n\n<p>Fermivin PDM poss\u00e8de une cin\u00e9tique de fermentation compl\u00e8te et tr\u00e8s rapide sans produire de m\u00e9tabolites ind\u00e9sirables tels que les vinyl-ph\u00e9nols ou l\u2019ac\u00e9tald\u00e9hyde. <\/p>\n\n\n<div class=\"wp-block-image is-style-zoooom\">\n<figure class=\"aligncenter size-full\"><img alt=\"\" loading=\"lazy\" decoding=\"async\" width=\"819\" height=\"327\" src=\"https:\/\/dev.oenobrands.com\/wp-content\/uploads\/2025\/10\/FR-Product-fermivin-PDM-1.png\" alt=\"\" class=\"wp-image-18147\" srcset=\"https:\/\/dev.oenobrands.com\/wp-content\/uploads\/2025\/10\/FR-Product-fermivin-PDM-1.png 819w, https:\/\/dev.oenobrands.com\/wp-content\/uploads\/2025\/10\/FR-Product-fermivin-PDM-1-300x120.png 300w, https:\/\/dev.oenobrands.com\/wp-content\/uploads\/2025\/10\/FR-Product-fermivin-PDM-1-768x307.png 768w\" sizes=\"auto, (max-width: 819px) 100vw, 819px\" \/><\/figure>\n<\/div>\n\n<div class=\"wp-block-image is-style-zoooom\">\n<figure class=\"aligncenter size-full\"><img alt=\"\" loading=\"lazy\" decoding=\"async\" width=\"771\" height=\"544\" src=\"https:\/\/dev.oenobrands.com\/wp-content\/uploads\/2025\/10\/FR-Product-fermivin-PDM-2.png\" alt=\"\" class=\"wp-image-18151\" srcset=\"https:\/\/dev.oenobrands.com\/wp-content\/uploads\/2025\/10\/FR-Product-fermivin-PDM-2.png 771w, https:\/\/dev.oenobrands.com\/wp-content\/uploads\/2025\/10\/FR-Product-fermivin-PDM-2-300x212.png 300w, https:\/\/dev.oenobrands.com\/wp-content\/uploads\/2025\/10\/FR-Product-fermivin-PDM-2-768x542.png 768w\" sizes=\"auto, (max-width: 771px) 100vw, 771px\" \/><figcaption class=\"wp-element-caption\">Production d\u2019ar\u00f4mes : comparaison entre Fermivin PDM en format In-Line Ready et en production classique<br>levures.<\/figcaption><\/figure>\n<\/div><\/div>\n\n\n\n<div class=\"wp-block-column is-layout-flow wp-block-column-is-layout-flow\" style=\"flex-basis:6%\"><\/div>\n\n\n\n<div class=\"wp-block-column has-background is-layout-flow wp-block-column-is-layout-flow\" style=\"background-color:#f7f7f7;flex-basis:45%\">\n<div class=\"wp-block-columns is-layout-flex wp-container-core-columns-is-layout-9d6595d7 wp-block-columns-is-layout-flex\">\n<div class=\"wp-block-column is-layout-flow wp-block-column-is-layout-flow\"><div class=\"wp-block-image\">\n<figure class=\"aligncenter size-full\"><img alt=\"\" loading=\"lazy\" decoding=\"async\" width=\"791\" height=\"295\" src=\"https:\/\/dev.oenobrands.com\/wp-content\/uploads\/2024\/05\/FERMIVIN_PDM.png\" alt=\"\" class=\"wp-image-7556\" srcset=\"https:\/\/dev.oenobrands.com\/wp-content\/uploads\/2024\/05\/FERMIVIN_PDM.png 791w, https:\/\/dev.oenobrands.com\/wp-content\/uploads\/2024\/05\/FERMIVIN_PDM-300x112.png 300w, https:\/\/dev.oenobrands.com\/wp-content\/uploads\/2024\/05\/FERMIVIN_PDM-768x286.png 768w\" sizes=\"auto, (max-width: 791px) 100vw, 791px\" \/><\/figure>\n<\/div><\/div>\n<\/div>\n\n\n\n<div style=\"height:40px\" aria-hidden=\"true\" class=\"wp-block-spacer\"><\/div>\n\n\n\n<div class=\"wp-block-group\"><div class=\"wp-block-group__inner-container is-layout-constrained wp-block-group-is-layout-constrained\">\n<p class=\"has-text-align-center\"><strong>T\u00c9L\u00c9CHARGER LA FICHE D&rsquo;APPLICATION<\/strong><\/p>\n\n\n\n<div class=\"wp-block-columns is-not-stacked-on-mobile is-layout-flex wp-container-core-columns-is-layout-9d6595d7 wp-block-columns-is-layout-flex\">\n<div class=\"wp-block-column is-layout-flow wp-block-column-is-layout-flow\">\n<figure class=\"wp-block-image size-full\"><a href=\"https:\/\/dev.oenobrands.com\/wp-content\/uploads\/2024\/10\/FERMIVIN-ADS-PDM-2023-EN_21x297_G_08.pdf\" target=\"_blank\" rel=\"noreferrer noopener\"><img loading=\"lazy\" decoding=\"async\" width=\"180\" height=\"94\" src=\"https:\/\/dev.oenobrands.com\/wp-content\/uploads\/2023\/04\/flag-united-states-english-american.png\" alt=\"flag-united-states-english-american\" class=\"wp-image-2510\"\/><\/a><\/figure>\n<\/div>\n\n\n\n<div class=\"wp-block-column is-layout-flow wp-block-column-is-layout-flow\">\n<figure class=\"wp-block-image size-full\"><a href=\"https:\/\/dev.oenobrands.com\/wp-content\/uploads\/2024\/10\/FERMIVIN-ADS-PDM-2024-FR_21x297_G_02.pdf\" target=\"_blank\" rel=\"noreferrer noopener\"><img loading=\"lazy\" decoding=\"async\" width=\"180\" height=\"94\" src=\"https:\/\/dev.oenobrands.com\/wp-content\/uploads\/2023\/04\/drapeau-francais-france.png\" alt=\"drapeau-francais-france\" class=\"wp-image-2508\"\/><\/a><\/figure>\n<\/div>\n\n\n\n<div class=\"wp-block-column is-layout-flow wp-block-column-is-layout-flow\">\n<figure class=\"wp-block-image size-full\"><a href=\"https:\/\/dev.oenobrands.com\/wp-content\/uploads\/2024\/10\/FERMIVIN-ADS-PDM-2024-ES_21x297_G_02.pdf\" target=\"_blank\" rel=\"noreferrer noopener\"><img loading=\"lazy\" decoding=\"async\" width=\"180\" height=\"94\" src=\"https:\/\/dev.oenobrands.com\/wp-content\/uploads\/2023\/04\/bandiera-spagnola-spagna.png\" alt=\"bandiera-spagnola-spagna\" class=\"wp-image-2506\"\/><\/a><\/figure>\n<\/div>\n\n\n\n<div class=\"wp-block-column is-layout-flow wp-block-column-is-layout-flow\">\n<figure class=\"wp-block-image size-full\"><a href=\"https:\/\/dev.oenobrands.com\/wp-content\/uploads\/2024\/10\/FERMIVIN-ADS-PDM-2023-IT-21x297_G_02.pdf\" target=\"_blank\" rel=\"noreferrer noopener\"><img loading=\"lazy\" decoding=\"async\" width=\"180\" height=\"94\" src=\"https:\/\/dev.oenobrands.com\/wp-content\/uploads\/2023\/04\/bandiera-italiana-italy.png\" alt=\"bandiera-italiana-italy\" class=\"wp-image-2512\"\/><\/a><\/figure>\n<\/div>\n\n\n\n<div class=\"wp-block-column is-layout-flow wp-block-column-is-layout-flow\">\n<figure class=\"wp-block-image size-full\"><a href=\"https:\/\/dev.oenobrands.com\/wp-content\/uploads\/2024\/10\/FERMIVIN-ADS-PDM-2024-PT-21x297_G_02.pdf\" target=\"_blank\" rel=\"noreferrer noopener\"><img loading=\"lazy\" decoding=\"async\" width=\"180\" height=\"94\" src=\"https:\/\/dev.oenobrands.com\/wp-content\/uploads\/2024\/05\/Flag-drapeau-Portugal.png\" alt=\"Flag-drapeau-Portugal\" class=\"wp-image-7139\"\/><\/a><\/figure>\n<\/div>\n\n\n\n<div class=\"wp-block-column is-layout-flow wp-block-column-is-layout-flow\">\n<figure class=\"wp-block-image size-full\"><a href=\"https:\/\/dev.oenobrands.com\/wp-content\/uploads\/2024\/10\/FERMIVIN-ADS-PDM-2023_ALL_21x297_G_02.pdf\" target=\"_blank\" rel=\"noreferrer noopener\"><img loading=\"lazy\" decoding=\"async\" width=\"180\" height=\"94\" src=\"https:\/\/dev.oenobrands.com\/wp-content\/uploads\/2023\/05\/Flagge-Deutschland.png\" alt=\"Flagge-Deutschland-flag-drapeau\" class=\"wp-image-3550\"\/><\/a><\/figure>\n<\/div>\n<\/div>\n<\/div><\/div>\n\n\n\n<hr class=\"wp-block-separator has-text-color has-alpha-channel-opacity has-background\" style=\"background-color:#162638;color:#162638\"\/>\n\n\n\n<div class=\"wp-block-buttons is-content-justification-center is-layout-flex wp-container-core-buttons-is-layout-16018d1d wp-block-buttons-is-layout-flex\">\n<div class=\"wp-block-button\"><a class=\"wp-block-button__link has-white-color has-text-color has-background has-text-align-center wp-element-button\" href=\"https:\/\/dev.oenobrands.com\/distributor\/\" style=\"background-color:#162638\" target=\"_blank\" rel=\"noreferrer noopener\">Votre distributeur<\/a><\/div>\n<\/div>\n\n\n\n<hr class=\"wp-block-separator has-text-color has-alpha-channel-opacity has-background\" style=\"background-color:#162638;color:#162638\"\/>\n\n\n\n<h3 class=\"wp-block-heading\"><strong>Dose <\/strong><strong>et Conditionnement<\/strong><\/h3>\n\n\n\n<div style=\"height:30px\" aria-hidden=\"true\" class=\"wp-block-spacer\"><\/div>\n\n\n\n<div class=\"wp-block-media-text is-stacked-on-mobile\" style=\"grid-template-columns:30% auto\"><figure class=\"wp-block-media-text__media\"><img loading=\"lazy\" decoding=\"async\" width=\"196\" height=\"74\" src=\"https:\/\/dev.oenobrands.com\/wp-content\/uploads\/2024\/06\/Fermivin_PDM-mini_sticker-removebg-preview.png\" alt=\"Fermivin-PDM-vin-levure\" class=\"wp-image-8747 size-full\"\/><\/figure><div class=\"wp-block-media-text__content\">\n<p><strong>Fermivin PDM classic<\/strong><br>Dose recommand\u00e9e : 20 g\/hL.<br>Conditionnement : sachets sous vide de 500 g et 15 kg.<\/p>\n<\/div><\/div>\n\n\n\n<div class=\"wp-block-media-text is-stacked-on-mobile\" style=\"grid-template-columns:30% auto\"><figure class=\"wp-block-media-text__media\"><img alt=\"\" loading=\"lazy\" decoding=\"async\" width=\"341\" height=\"129\" src=\"https:\/\/dev.oenobrands.com\/wp-content\/uploads\/2024\/07\/Label-In-line-ready-Fermivin-4F9-ILR-.png\" alt=\"\" class=\"wp-image-11149 size-full\" srcset=\"https:\/\/dev.oenobrands.com\/wp-content\/uploads\/2024\/07\/Label-In-line-ready-Fermivin-4F9-ILR-.png 341w, https:\/\/dev.oenobrands.com\/wp-content\/uploads\/2024\/07\/Label-In-line-ready-Fermivin-4F9-ILR--300x113.png 300w\" sizes=\"auto, (max-width: 341px) 100vw, 341px\" \/><\/figure><div class=\"wp-block-media-text__content\">\n<p><strong>In-Line Ready Fermivin PDM<br><\/strong>Dose recommand\u00e9e : 30 g\/hL.<br>Conditionnement : sachets sous vide de 500 g et 10 kg.<\/p>\n<\/div><\/div>\n\n\n\n<h3 class=\"wp-block-heading\"><strong>Sp\u00e9cification<\/strong><\/h3>\n\n\n\n<p>Fermivin PDM contient plus de 10 milliards de cellules s\u00e8ches actives par gramme.<\/p>\n\n\n\n<h3 class=\"wp-block-heading\"><strong>Conservation<\/strong><\/h3>\n\n\n\n<p>Le stockage doit \u00eatre effectu\u00e9 dans l\u2019emballage d\u2019origine, ferm\u00e9, dans un local frais (5 \u00e0 15 \u00b0C) et sec.<\/p>\n\n\n\n<p><\/p>\n<\/div>\n<\/div>\n\n\n\n<div class=\"wp-block-group\"><div class=\"wp-block-group__inner-container is-layout-constrained wp-block-group-is-layout-constrained\">\n<div style=\"height:30px\" aria-hidden=\"true\" class=\"wp-block-spacer\"><\/div>\n\n\n\n<hr class=\"wp-block-separator has-text-color has-black-color has-alpha-channel-opacity has-black-background-color has-background\"\/>\n<\/div><\/div>\n\n\n\n<div class=\"wp-block-columns is-layout-flex wp-container-core-columns-is-layout-9d6595d7 wp-block-columns-is-layout-flex\">\n<div class=\"wp-block-column is-layout-flow wp-block-column-is-layout-flow\">\n<div class=\"wp-block-group\"><div class=\"wp-block-group__inner-container is-layout-constrained wp-block-group-is-layout-constrained\">\n<h2 class=\"wp-block-heading\"><strong><strong>Explorez les solutions associ\u00e9es :<\/strong><\/strong><\/h2>\n\n\n\n<div style=\"height:30px\" aria-hidden=\"true\" class=\"wp-block-spacer\"><\/div>\n\n\n\n<p><strong>Vous recherchez une approche plus holistique de la vinification ?<\/strong> D\u00e9couvrez nos solutions \u0153nologiques avanc\u00e9es en lien avec <strong>Fermivin PDM<\/strong>.<\/p>\n\n\n\n<div style=\"height:30px\" aria-hidden=\"true\" class=\"wp-block-spacer\"><\/div>\n\n\n\n<div class=\"wp-block-columns are-vertically-aligned-center is-layout-flex wp-container-core-columns-is-layout-9d6595d7 wp-block-columns-is-layout-flex\">\n<div class=\"wp-block-column is-vertically-aligned-center is-layout-flow wp-block-column-is-layout-flow\" style=\"flex-basis:100%\">\n<div class=\"wp-block-buttons is-content-justification-center is-layout-flex wp-container-core-buttons-is-layout-16018d1d wp-block-buttons-is-layout-flex\">\n<div class=\"wp-block-button is-style-fill\"><a class=\"wp-block-button__link wp-element-button\" href=\"https:\/\/dev.oenobrands.com\/solution\/alcoholic-fermentation\/yeast-inoculation\/\" target=\"_blank\" rel=\"noreferrer noopener\">Inoculation des levures<\/a><\/div>\n\n\n\n<div class=\"wp-block-button is-style-fill\"><a class=\"wp-block-button__link wp-element-button\" href=\"https:\/\/dev.oenobrands.com\/solution\/alcoholic-fermentation\/direct-yeast-inoculation\/\" target=\"_blank\" rel=\"noreferrer noopener\">Inoculation directe des levures<\/a><\/div>\n\n\n\n<div class=\"wp-block-button is-style-fill\"><a class=\"wp-block-button__link wp-element-button\" href=\"https:\/\/dev.oenobrands.com\/solution\/alcoholic-fermentation\/yeast-choice\/\" target=\"_blank\" rel=\"noreferrer noopener\">Choix des levures<\/a><\/div>\n\n\n\n<div class=\"wp-block-button is-style-fill\"><a class=\"wp-block-button__link wp-element-button\" href=\"https:\/\/dev.oenobrands.com\/key-positive-aroma-compounds\/\" target=\"_blank\" rel=\"noreferrer noopener\">Compos\u00e9s aromatiques<\/a><\/div>\n\n\n\n<div class=\"wp-block-button is-style-fill\"><a class=\"wp-block-button__link wp-element-button\" href=\"https:\/\/dev.oenobrands.com\/solution\/cider-2\/\" target=\"_blank\" rel=\"noreferrer noopener\">Cidre<\/a><\/div>\n<\/div>\n<\/div>\n<\/div>\n<\/div><\/div>\n\n\n\n<div style=\"height:30px\" aria-hidden=\"true\" class=\"wp-block-spacer\"><\/div>\n<\/div>\n\n\n\n<div class=\"wp-block-column is-layout-flow wp-block-column-is-layout-flow\">\n<h2 class=\"wp-block-heading\"><strong>Vous cherchez quelque chose d&rsquo;autre ?<\/strong><\/h2>\n\n\n\n<div style=\"height:30px\" aria-hidden=\"true\" class=\"wp-block-spacer\"><\/div>\n\n\n\n<p>Visitez notre section \u00ab Solution \u00bb, o\u00f9 nous proposons des conseils d&rsquo;experts, des connaissances populaires et des approches novatrices organis\u00e9es par processus de vinification. <strong>De la fermentation \u00e0 la filtration\/mise en bouteille, nous vous accompagnons avec des solutions pour am\u00e9liorer chaque \u00e9tape de votre processus de vinification.<\/strong><\/p>\n\n\n\n<div style=\"height:30px\" aria-hidden=\"true\" class=\"wp-block-spacer\"><\/div>\n\n\n\n<div class=\"wp-block-columns are-vertically-aligned-center is-layout-flex wp-container-core-columns-is-layout-9d6595d7 wp-block-columns-is-layout-flex\">\n<div class=\"wp-block-column is-vertically-aligned-center is-layout-flow wp-block-column-is-layout-flow\" style=\"flex-basis:100%\">\n<div class=\"wp-block-buttons is-content-justification-center is-layout-flex wp-container-core-buttons-is-layout-16018d1d wp-block-buttons-is-layout-flex\">\n<div class=\"wp-block-button is-style-fill\"><a class=\"wp-block-button__link wp-element-button\" href=\"https:\/\/dev.oenobrands.com\/solution\/\" target=\"_blank\" rel=\"noreferrer noopener\">Advanced winemaking solutions<\/a><\/div>\n<\/div>\n<\/div>\n<\/div>\n<\/div>\n<\/div>\n\n\n\n<hr class=\"wp-block-separator has-text-color has-black-color has-alpha-channel-opacity has-black-background-color has-background\"\/>\n\n\n\n<div style=\"height:30px\" aria-hidden=\"true\" class=\"wp-block-spacer\"><\/div>\n\n\n\n<div class=\"wp-block-columns is-layout-flex wp-container-core-columns-is-layout-9d6595d7 wp-block-columns-is-layout-flex\">\n<div class=\"wp-block-column is-vertically-aligned-center is-layout-flow wp-block-column-is-layout-flow\" style=\"flex-basis:30%\">\n<h1 class=\"wp-block-heading has-text-color\" style=\"color:#545859\">D\u00e9couvrez la gamme FERMIVIN <\/h1>\n\n\n\n<div style=\"height:20px\" aria-hidden=\"true\" class=\"wp-block-spacer\"><\/div>\n\n\n\n<div class=\"wp-block-buttons is-content-justification-center is-layout-flex wp-container-core-buttons-is-layout-16018d1d wp-block-buttons-is-layout-flex\">\n<div class=\"wp-block-button\"><a class=\"wp-block-button__link has-background wp-element-button\" href=\"https:\/\/dev.oenobrands.com\/product\/yeast\/fermivin-yeast\/\" style=\"background-color:#545859\" target=\"_blank\" rel=\"noreferrer noopener\">FERMIVIN<\/a><\/div>\n<\/div>\n<\/div>\n\n\n\n<div class=\"wp-block-column is-layout-flow wp-block-column-is-layout-flow\" style=\"flex-basis:10%\"><\/div>\n\n\n\n<div class=\"wp-block-column is-layout-flow wp-block-column-is-layout-flow\"><div class=\"wp-block-image\">\n<figure class=\"aligncenter size-full\"><img loading=\"lazy\" decoding=\"async\" width=\"350\" height=\"67\" src=\"https:\/\/dev.oenobrands.com\/wp-content\/uploads\/2023\/04\/Oenobrands-Fermivin-logo400-e1683143710792.png\" alt=\"Oenobrands-Fermivin-logo-350\" class=\"wp-image-2709\" srcset=\"https:\/\/dev.oenobrands.com\/wp-content\/uploads\/2023\/04\/Oenobrands-Fermivin-logo400-e1683143710792.png 350w, https:\/\/dev.oenobrands.com\/wp-content\/uploads\/2023\/04\/Oenobrands-Fermivin-logo400-e1683143710792-300x57.png 300w\" sizes=\"auto, (max-width: 350px) 100vw, 350px\" \/><\/figure>\n<\/div><\/div>\n<\/div>\n\n\n\n<div style=\"height:50px\" aria-hidden=\"true\" class=\"wp-block-spacer\"><\/div>\n","protected":false},"excerpt":{"rendered":"<p>Fermivin PDM ROBUSTE, FIABLE ET VALID\u00c9 OBJECTIF Fermivin\u00ae PDM r\u00e9alise des fermentations alcooliques rapides et compl\u00e8tes dans la plupart des conditions de vinification : large spectre de temp\u00e9ratures et \u00e0 des degr\u00e9s d\u2019alcool \u00e9lev\u00e9s. Avec une contribution organoleptique mod\u00e9r\u00e9e (faible production d\u2019esters fermentaires), elle est parfaitement adapt\u00e9e \u00e0 l\u2019\u00e9laboration de vins rouges, blancs et des [&hellip;]<\/p>\n","protected":false},"author":3,"featured_media":0,"parent":13724,"menu_order":20,"comment_status":"closed","ping_status":"closed","template":"page-product.php","meta":{"_acf_changed":false,"_seopress_robots_primary_cat":"0","_seopress_titles_title":"","_seopress_titles_desc":"","_seopress_robots_index":"","_seopress_analysis_target_kw":"","footnotes":""},"class_list":["post-13749","page","type-page","status-publish"],"acf":[],"_links":{"self":[{"href":"https:\/\/dev.oenobrands.com\/fr\/wp-json\/wp\/v2\/pages\/13749","targetHints":{"allow":["GET"]}}],"collection":[{"href":"https:\/\/dev.oenobrands.com\/fr\/wp-json\/wp\/v2\/pages"}],"about":[{"href":"https:\/\/dev.oenobrands.com\/fr\/wp-json\/wp\/v2\/types\/page"}],"author":[{"embeddable":true,"href":"https:\/\/dev.oenobrands.com\/fr\/wp-json\/wp\/v2\/users\/3"}],"replies":[{"embeddable":true,"href":"https:\/\/dev.oenobrands.com\/fr\/wp-json\/wp\/v2\/comments?post=13749"}],"version-history":[{"count":0,"href":"https:\/\/dev.oenobrands.com\/fr\/wp-json\/wp\/v2\/pages\/13749\/revisions"}],"up":[{"embeddable":true,"href":"https:\/\/dev.oenobrands.com\/fr\/wp-json\/wp\/v2\/pages\/13724"}],"wp:attachment":[{"href":"https:\/\/dev.oenobrands.com\/fr\/wp-json\/wp\/v2\/media?parent=13749"}],"curies":[{"name":"wp","href":"https:\/\/api.w.org\/{rel}","templated":true}]}}