{"id":13723,"date":"2023-06-13T16:39:31","date_gmt":"2023-06-13T14:39:31","guid":{"rendered":"https:\/\/dev.oenobrands.com\/produit\/levure\/choix-des-levures-anchor\/"},"modified":"2025-10-20T13:53:22","modified_gmt":"2025-10-20T11:53:22","slug":"choix-des-levures-anchor","status":"publish","type":"page","link":"https:\/\/dev.oenobrands.com\/fr\/produit\/levure\/choix-des-levures-anchor\/","title":{"rendered":"Choix des levures ANCHOR"},"content":{"rendered":"\n<div style=\"height:50px\" aria-hidden=\"true\" class=\"wp-block-spacer\"><\/div>\n\n<h2 class=\"wp-block-heading\"><strong>Comment choisir parmi le portefeuille de levures Anchor ?<\/strong><\/h2>\n\n<div style=\"height:30px\" aria-hidden=\"true\" class=\"wp-block-spacer\"><\/div>\n\n<p><strong>Choisir la bonne levure n&rsquo;st pas toujours facile Voici quelques astuces :<\/strong><\/p>\n\n<ul class=\"wp-block-list\">\n<li><strong>La qualit\u00e9 et le potentiel des raisins<\/strong>, tels que la pr\u00e9sence ou l&rsquo;absence de pr\u00e9curseurs d&rsquo;ar\u00f4mes.<\/li>\n\n\n\n<li><strong>Le processus de vinification et les \u00e9quipements disponibles.<\/strong><\/li>\n\n\n\n<li><strong>Les param\u00e8tres \u0153nologiques <\/strong>tels que les niveaux d&rsquo;azote, la temp\u00e9rature de fermentation, le potentiel alcoolique, etc.<\/li>\n\n\n\n<li><strong>Les objectifs de vinification,<\/strong> ainsi que le type de vin souhait\u00e9 (r\u00e9v\u00e9lation aromatique, acc\u00e8s rapide au march\u00e9, vieillissement, etc.).<\/li>\n\n\n\n<li><strong>Les caract\u00e9ristiques de la levure<\/strong> afin qu&rsquo;elles correspondent aux \u00e9l\u00e9ments d\u00e9finis ci-dessus.<\/li>\n<\/ul>\n\n<p><strong>Nous avons cr\u00e9\u00e9 des fiches fournissant des conseils visuels pour aider \u00e0 la s\u00e9lection des levures. Elles sont class\u00e9es par marque et par couleur de vin. <\/strong><\/p>\n\n<div style=\"height:50px\" aria-hidden=\"true\" class=\"wp-block-spacer\"><\/div>\n<div class=\"wp-block-image is-style-zoooom\">\n<figure class=\"aligncenter size-large is-resized\"><img loading=\"lazy\" decoding=\"async\" width=\"1024\" height=\"721\" src=\"https:\/\/dev.oenobrands.com\/wp-content\/uploads\/2023\/02\/Solution_Alcoholic-fermentation_yeast-choice_-anchor-image-1024x721.png\" alt=\"Anchor-yeast-positionning\" class=\"wp-image-1602\" style=\"width:597px;height:auto\" srcset=\"https:\/\/dev.oenobrands.com\/wp-content\/uploads\/2023\/02\/Solution_Alcoholic-fermentation_yeast-choice_-anchor-image-1024x721.png 1024w, https:\/\/dev.oenobrands.com\/wp-content\/uploads\/2023\/02\/Solution_Alcoholic-fermentation_yeast-choice_-anchor-image-300x211.png 300w, https:\/\/dev.oenobrands.com\/wp-content\/uploads\/2023\/02\/Solution_Alcoholic-fermentation_yeast-choice_-anchor-image-768x541.png 768w, https:\/\/dev.oenobrands.com\/wp-content\/uploads\/2023\/02\/Solution_Alcoholic-fermentation_yeast-choice_-anchor-image.png 1105w\" sizes=\"auto, (max-width: 1024px) 100vw, 1024px\" \/><\/figure>\n<\/div>\n<div style=\"height:30px\" aria-hidden=\"true\" class=\"wp-block-spacer\"><\/div>\n\n<div class=\"wp-block-columns is-layout-flex wp-container-core-columns-is-layout-9d6595d7 wp-block-columns-is-layout-flex\">\n<div class=\"wp-block-column is-layout-flow wp-block-column-is-layout-flow\">\n<h4 class=\"wp-block-heading has-text-align-center\">Souches Legacy pour les vins blancs et ros\u00e9s<\/h4>\n\n\n\n<figure class=\"wp-block-embed aligncenter is-type-video is-provider-youtube wp-block-embed-youtube wp-embed-aspect-16-9 wp-has-aspect-ratio\"><div class=\"wp-block-embed__wrapper\">\n<iframe loading=\"lazy\" title=\"(EN) Anchor: The Legacy yeast range for WHITE and ROSE wines\" width=\"500\" height=\"281\" src=\"https:\/\/www.youtube.com\/embed\/KVsfcb8UVUo?feature=oembed\" frameborder=\"0\" allow=\"accelerometer; autoplay; clipboard-write; encrypted-media; gyroscope; picture-in-picture; web-share\" referrerpolicy=\"strict-origin-when-cross-origin\" allowfullscreen><\/iframe>\n<\/div><\/figure>\n<\/div>\n\n\n\n<div class=\"wp-block-column is-layout-flow wp-block-column-is-layout-flow\" style=\"flex-basis:2%\"><\/div>\n\n\n\n<div class=\"wp-block-column is-layout-flow wp-block-column-is-layout-flow\">\n<h4 class=\"wp-block-heading has-text-align-center\">Souches Legacy pour les vins rouges<\/h4>\n\n\n\n<figure class=\"wp-block-embed aligncenter is-type-video is-provider-youtube wp-block-embed-youtube wp-embed-aspect-16-9 wp-has-aspect-ratio\"><div class=\"wp-block-embed__wrapper\">\n<iframe loading=\"lazy\" title=\"(EN) Anchor: The Legacy yeast range for red wines\" width=\"500\" height=\"281\" src=\"https:\/\/www.youtube.com\/embed\/qp6fp0B3HvA?feature=oembed\" frameborder=\"0\" allow=\"accelerometer; autoplay; clipboard-write; encrypted-media; gyroscope; picture-in-picture; web-share\" referrerpolicy=\"strict-origin-when-cross-origin\" allowfullscreen><\/iframe>\n<\/div><\/figure>\n<\/div>\n\n\n\n<div class=\"wp-block-column wp-embed-aspect-16-9 wp-has-aspect-ratio is-layout-flow wp-block-column-is-layout-flow\" style=\"flex-basis:2%\"><\/div>\n\n\n\n<div class=\"wp-block-column wp-embed-aspect-16-9 wp-has-aspect-ratio is-layout-flow wp-block-column-is-layout-flow\">\n<h4 class=\"wp-block-heading has-text-align-center\">Souches Alchemy<\/h4>\n\n\n\n<figure class=\"wp-block-embed aligncenter is-type-video is-provider-youtube wp-block-embed-youtube wp-embed-aspect-16-9 wp-has-aspect-ratio\"><div class=\"wp-block-embed__wrapper\">\n<iframe loading=\"lazy\" title=\"(EN) Anchor: The Alchemy yeast range\" width=\"500\" height=\"281\" src=\"https:\/\/www.youtube.com\/embed\/YO2FFnZrF18?feature=oembed\" frameborder=\"0\" allow=\"accelerometer; autoplay; clipboard-write; encrypted-media; gyroscope; picture-in-picture; web-share\" referrerpolicy=\"strict-origin-when-cross-origin\" allowfullscreen><\/iframe>\n<\/div><\/figure>\n<\/div>\n<\/div>\n\n<div style=\"height:100px\" aria-hidden=\"true\" class=\"wp-block-spacer\"><\/div>\n\n<h2 class=\"wp-block-heading has-white-color has-text-color has-background has-link-color wp-elements-36fadf8d25a14558e875aafd41be6d48\" style=\"background-color:#00205c\"><strong>Les levures Anchor en d\u00e9tail <\/strong><\/h2>\n\n<figure class=\"wp-block-table aligncenter is-style-regular\"><table><thead><tr><th class=\"has-text-align-center\" data-align=\"center\">LEVURE<br\/>PRODUIT<\/th><th class=\"has-text-align-center\" data-align=\"center\">TYPE<\/th><th class=\"has-text-align-center\" data-align=\"center\">VIN<br\/>BLANC<\/th><th class=\"has-text-align-center\" data-align=\"center\">VIN<br\/>BLANC<\/th><th class=\"has-text-align-center\" data-align=\"center\">VIN<br\/>BLANC<\/th><th>CARACT\u00c9RISTIQUES DU PRODUIT<\/th><\/tr><\/thead><tbody><tr><td class=\"has-text-align-center\" data-align=\"center\"><a href=\"https:\/\/dev.oenobrands.com\/product\/yeast\/anchor-yeast\/anchor-exotics-mosaic\/\" target=\"_blank\" rel=\"noreferrer noopener\"><mark style=\"background-color:rgba(0, 0, 0, 0);color:#d5ba8c\" class=\"has-inline-color\"><strong>EXOTICS MOSAIC<\/strong><\/mark><\/a><\/td><td class=\"has-text-align-center\" data-align=\"center\">Hybride inter-esp\u00e8ces<\/td><td class=\"has-text-align-center\" data-align=\"center\">Complexit\u00e9 et volume en bouche<\/td><td class=\"has-text-align-center\" data-align=\"center\">Volume<\/td><td class=\"has-text-align-center\" data-align=\"center\"><\/td><td>&#8211; Ar\u00f4mes intenses pour des vins complexes<br\/>&#8211; Consomme partiellement de l&rsquo;acide malique<br\/>&#8211; Poss\u00e8de une activit\u00e9 pectinolytique qui contribue \u00e0 la clarification du vin<\/td><\/tr><tr><td class=\"has-text-align-center\" data-align=\"center\"><a href=\"https:\/\/dev.oenobrands.com\/product\/yeast\/anchor-yeast\/anchor-exotics-novello\/\" target=\"_blank\" rel=\"noreferrer noopener\"><mark style=\"background-color:rgba(0, 0, 0, 0);color:#d5ba8c\" class=\"has-inline-color\"><strong>EXOTICS NOVELLO<\/strong><\/mark><\/a><\/td><td class=\"has-text-align-center\" data-align=\"center\">Hybride inter-esp\u00e8ces<\/td><td class=\"has-text-align-center\" data-align=\"center\">Complexit\u00e9 et fra\u00eecheur<\/td><td class=\"has-text-align-center\" data-align=\"center\">Thiols<\/td><td class=\"has-text-align-center\" data-align=\"center\">Fra\u00eecheur et sensation en bouche<\/td><td>&#8211; Vins blancs exotiques, embl\u00e9matiques, frais et fruit\u00e9s<br\/>&#8211; Souplesse renforc\u00e9e<br\/>&#8211; Vins rouges doux, cors\u00e9s et aromatiques<\/td><\/tr><tr><td class=\"has-text-align-center\" data-align=\"center\"><a href=\"https:\/\/dev.oenobrands.com\/product\/yeast\/anchor-yeast\/alchemy-1\/\" target=\"_blank\" rel=\"noreferrer noopener\"><strong><mark style=\"background-color:rgba(0, 0, 0, 0);color:#8a918e\" class=\"has-inline-color\">ALCHEMY I<\/mark><\/strong><\/a><\/td><td class=\"has-text-align-center\" data-align=\"center\">M\u00e9lange de levures<\/td><td class=\"has-text-align-center\" data-align=\"center\">Esters fruit\u00e9s<\/td><td class=\"has-text-align-center\" data-align=\"center\"><\/td><td class=\"has-text-align-center\" data-align=\"center\"><\/td><td>&#8211; M\u00e9lange formul\u00e9 scientifiquement pour un profil aromatique optimal<br\/>&#8211; Esters fruit\u00e9s et floraux, quelques thiols <br\/>&#8211; Apporte complexit\u00e9<\/td><\/tr><tr><td class=\"has-text-align-center\" data-align=\"center\"><a href=\"https:\/\/dev.oenobrands.com\/product\/yeast\/anchor-yeast\/alchemy-2\/\" target=\"_blank\" rel=\"noreferrer noopener\"><strong><mark style=\"background-color:rgba(0, 0, 0, 0);color:#8a918e\" class=\"has-inline-color\">ALCHEMY II<\/mark><\/strong><\/a><\/td><td class=\"has-text-align-center\" data-align=\"center\">M\u00e9lange de levures<\/td><td class=\"has-text-align-center\" data-align=\"center\">Thiols<\/td><td class=\"has-text-align-center\" data-align=\"center\"><\/td><td class=\"has-text-align-center\" data-align=\"center\"><\/td><td>&#8211; M\u00e9lange formul\u00e9 scientifiquement pour un profil aromatique optimal<br\/>&#8211; Plus puissant lib\u00e9rateur et convertisseur de thiols<\/td><\/tr><tr><td class=\"has-text-align-center\" data-align=\"center\"><a href=\"https:\/\/dev.oenobrands.com\/product\/yeast\/anchor-yeast\/alchemy-3\/\" target=\"_blank\" rel=\"noreferrer noopener\"><strong><mark style=\"background-color:rgba(0, 0, 0, 0);color:#8a918e\" class=\"has-inline-color\">ALCHEMY III<\/mark><\/strong><\/a><\/td><td class=\"has-text-align-center\" data-align=\"center\">M\u00e9lange de levures<\/td><td class=\"has-text-align-center\" data-align=\"center\"><\/td><td class=\"has-text-align-center\" data-align=\"center\"><\/td><td class=\"has-text-align-center\" data-align=\"center\">Complexit\u00e9<\/td><td>&#8211; M\u00e9lange formul\u00e9 scientifiquement pour un profil aromatique optimal<br\/>&#8211; Esters fruit\u00e9s stables avec contribution aromatique importante<br\/>&#8211; Grand producteur de ph\u00e9nyl\u00e9thanol pour les ar\u00f4mes et la complexit\u00e9 des ros\u00e9s<br\/>&#8211; Bonne structure et corps<\/td><\/tr><tr><td class=\"has-text-align-center\" data-align=\"center\"><a href=\"https:\/\/dev.oenobrands.com\/product\/yeast\/anchor-yeast\/alchemy-4\/\"><strong><mark style=\"background-color:rgba(0, 0, 0, 0);color:#8a918e\" class=\"has-inline-color\">ALCHEMY IV<\/mark><\/strong><\/a><\/td><td class=\"has-text-align-center\" data-align=\"center\">M\u00e9lange de levures<\/td><td class=\"has-text-align-center\" data-align=\"center\"><\/td><td class=\"has-text-align-center\" data-align=\"center\">Fruits rouges<\/td><td class=\"has-text-align-center\" data-align=\"center\">Ar\u00f4mes fruits rouges intenses<\/td><td>&#8211; M\u00e9lange formul\u00e9 scientifiquement pour un profil aromatique optimal<br\/>&#8211; Long\u00e9vit\u00e9 des esters (vins rouges \u00e0 garder)<br\/>&#8211; Intensit\u00e9 aromatique significative, surtout fruits rouges<br\/>&#8211; Masque les caract\u00e8res v\u00e9g\u00e9taux<\/td><\/tr><tr><td class=\"has-text-align-center\" data-align=\"center\"><a href=\"https:\/\/dev.oenobrands.com\/product\/yeast\/anchor-yeast\/anchor-vin2000\/\" target=\"_blank\" rel=\"noreferrer noopener\"><mark style=\"background-color:rgba(0, 0, 0, 0);color:#00205c\" class=\"has-inline-color\"><strong>LEGACY VIN 2000<\/strong><\/mark><\/a><\/td><td class=\"has-text-align-center\" data-align=\"center\">Hybride intra-esp\u00e8ces<\/td><td class=\"has-text-align-center\" data-align=\"center\">Complexit\u00e9 et notes d\u2019agrumes<\/td><td class=\"has-text-align-center\" data-align=\"center\"><\/td><td class=\"has-text-align-center\" data-align=\"center\"><\/td><td>&#8211; Particuli\u00e8rement adapt\u00e9e aux fermentations en barrique<br\/>&#8211; Vins complexes et aromatiques<br\/>&#8211; Fermentation fiable<\/td><\/tr><tr><td class=\"has-text-align-center\" data-align=\"center\"><a href=\"https:\/\/dev.oenobrands.com\/product\/yeast\/anchor-yeast\/anchor-vin2000\/\" target=\"_blank\" rel=\"noreferrer noopener\"><mark style=\"background-color:rgba(0, 0, 0, 0);color:#00205c\" class=\"has-inline-color\"><strong>LEGACY THIOLBLOOM<\/strong><\/mark><\/a><\/td><td class=\"has-text-align-center\" data-align=\"center\">Hybride intra-esp\u00e8ces<\/td><td class=\"has-text-align-center\" data-align=\"center\">Fra\u00eecheur et thiols<\/td><td class=\"has-text-align-center\" data-align=\"center\">Fra\u00eecheur et thiols<\/td><td class=\"has-text-align-center\" data-align=\"center\"><\/td><td>Lib\u00e9ration efficace des thiols, cr\u00e9ant des vins fruit\u00e9s, frais et ronds<\/td><\/tr><tr><td class=\"has-text-align-center\" data-align=\"center\"><a href=\"https:\/\/dev.oenobrands.com\/product\/yeast\/anchor-yeast\/anchor-legacy-vin-13\/\" target=\"_blank\" rel=\"noreferrer noopener\"><strong><mark style=\"background-color:rgba(0, 0, 0, 0);color:#00205c\" class=\"has-inline-color\">LEGACY VIN 13<\/mark><\/strong><\/a><\/td><td class=\"has-text-align-center\" data-align=\"center\">Hybride intra-esp\u00e8ces<\/td><td class=\"has-text-align-center\" data-align=\"center\">Esters fruit\u00e9s<\/td><td class=\"has-text-align-center\" data-align=\"center\">Amylique<\/td><td class=\"has-text-align-center\" data-align=\"center\"><\/td><td>&#8211; Productrice \u00e9lev\u00e9e d\u2019esters<br\/>&#8211; Lib\u00e9ratrice et convertisseuse de thiols<br\/>&#8211; Notes florales et muscat\u00e9es<br\/>&#8211; Fermentation robuste<\/td><\/tr><tr><td class=\"has-text-align-center\" data-align=\"center\"><a href=\"https:\/\/dev.oenobrands.com\/product\/yeast\/anchor-yeast\/anchor-nt116\/\" target=\"_blank\" rel=\"noreferrer noopener\"><mark style=\"background-color:rgba(0, 0, 0, 0);color:#00205c\" class=\"has-inline-color\"><strong>LEGACY NT 116<\/strong><\/mark><\/a><\/td><td class=\"has-text-align-center\" data-align=\"center\">Hybride intra-esp\u00e8ces<\/td><td class=\"has-text-align-center\" data-align=\"center\">Frais<br\/>et fruit\u00e9<\/td><td class=\"has-text-align-center\" data-align=\"center\">Frais<br\/>et fruit\u00e9<\/td><td class=\"has-text-align-center\" data-align=\"center\">Cors\u00e9 et fruit\u00e9<\/td><td>&#8211; Production d\u2019esters ac\u00e9tates (salade de fruits tropicaux)<br\/>&#8211; Agrumes acidul\u00e9s et thiols volatils pour blancs et ros\u00e9s<br\/>&#8211; Ar\u00f4mes de fruits rouges<\/td><\/tr><tr><td class=\"has-text-align-center\" data-align=\"center\"><a href=\"https:\/\/dev.oenobrands.com\/product\/yeast\/anchor-yeast\/anchor-vin7\/\"><mark style=\"background-color:rgba(0, 0, 0, 0);color:#00205c\" class=\"has-inline-color\"><strong>LEGACY VIN 7<\/strong><\/mark><\/a><\/td><td class=\"has-text-align-center\" data-align=\"center\">Isolat naturel<\/td><td class=\"has-text-align-center\" data-align=\"center\">Thiols<\/td><td class=\"has-text-align-center\" data-align=\"center\"><\/td><td class=\"has-text-align-center\" data-align=\"center\"><\/td><td>&#8211; Levure la plus efficace pour la lib\u00e9ration des thiols<br\/>&#8211; Aromatiques intenses<\/td><\/tr><tr><td class=\"has-text-align-center\" data-align=\"center\"><a href=\"https:\/\/dev.oenobrands.com\/product\/yeast\/anchor-yeast\/anchor-nt50\/\" target=\"_blank\" rel=\"noreferrer noopener\"><strong><mark style=\"background-color:rgba(0, 0, 0, 0);color:#00205c\" class=\"has-inline-color\">LEGACY NT 50<\/mark><\/strong><\/a><\/td><td class=\"has-text-align-center\" data-align=\"center\">Hybride intra-esp\u00e8ces<\/td><td class=\"has-text-align-center\" data-align=\"center\"><\/td><td class=\"has-text-align-center\" data-align=\"center\"><\/td><td class=\"has-text-align-center\" data-align=\"center\">Fruit\u00e9 et rondeur<\/td><td>&#8211; Renforce les ar\u00f4mes de fraise, framboise, cerise et m\u00fbre<br\/>&#8211; Ar\u00f4mes de cassis et \u00e9pic\u00e9s<br\/>&#8211; Masque les caract\u00e8res v\u00e9g\u00e9taux<\/td><\/tr><tr><td class=\"has-text-align-center\" data-align=\"center\"><a href=\"https:\/\/dev.oenobrands.com\/product\/yeast\/anchor-yeast\/anchor-nt202\/\" target=\"_blank\" rel=\"noreferrer noopener\"><strong><mark style=\"background-color:rgba(0, 0, 0, 0);color:#00205c\" class=\"has-inline-color\">LEGACY NT 202<\/mark><\/strong><\/a><\/td><td class=\"has-text-align-center\" data-align=\"center\">Hybride intra-esp\u00e8ces<\/td><td class=\"has-text-align-center\" data-align=\"center\"><\/td><td class=\"has-text-align-center\" data-align=\"center\"><\/td><td class=\"has-text-align-center\" data-align=\"center\">Structure et complexit\u00e9<\/td><td>&#8211; Stimule la fermentation malolactique<br\/>&#8211; Haute tol\u00e9rance \u00e0 l\u2019alcool<\/td><\/tr><tr><td class=\"has-text-align-center\" data-align=\"center\"><a href=\"https:\/\/dev.oenobrands.com\/product\/yeast\/anchor-yeast\/anchor-nt112\/\" target=\"_blank\" rel=\"noreferrer noopener\"><strong><mark style=\"background-color:rgba(0, 0, 0, 0);color:#00205c\" class=\"has-inline-color\">LEGACY NT 112<\/mark><\/strong><\/a><\/td><td class=\"has-text-align-center\" data-align=\"center\">Hybride intra-esp\u00e8ces<\/td><td class=\"has-text-align-center\" data-align=\"center\"><\/td><td class=\"has-text-align-center\" data-align=\"center\"><\/td><td class=\"has-text-align-center\" data-align=\"center\">Structur\u00e9 et fruits noirs<\/td><td>Style de vin traditionnel<\/td><\/tr><tr><td class=\"has-text-align-center\" data-align=\"center\"><a href=\"https:\/\/dev.oenobrands.com\/product\/yeast\/anchor-yeast\/anchor-we372\/\" target=\"_blank\" rel=\"noreferrer noopener\"><strong><mark style=\"background-color:rgba(0, 0, 0, 0);color:#00205c\" class=\"has-inline-color\">LEGACY WE 372<\/mark><\/strong><\/a><\/td><td class=\"has-text-align-center\" data-align=\"center\">Isolat naturel<\/td><td class=\"has-text-align-center\" data-align=\"center\"><\/td><td class=\"has-text-align-center\" data-align=\"center\"><\/td><td class=\"has-text-align-center\" data-align=\"center\">L\u00e9ger et fruit\u00e9<\/td><td>Am\u00e9liore les ar\u00f4mes de fruits rouges et floraux<\/td><\/tr><\/tbody><\/table><\/figure>\n\n<div style=\"height:30px\" aria-hidden=\"true\" class=\"wp-block-spacer\"><\/div>\n\n<div class=\"wp-block-buttons is-content-justification-center is-layout-flex wp-container-core-buttons-is-layout-16018d1d wp-block-buttons-is-layout-flex\">\n<div class=\"wp-block-button is-style-fill\"><a class=\"wp-block-button__link wp-element-button\" href=\"https:\/\/dev.oenobrands.com\/solution\/alcoholic-fermentation\/yeast-choice\/\" target=\"_blank\" rel=\"noreferrer noopener\">Choix des levures<\/a><\/div>\n\n\n\n<div class=\"wp-block-button is-style-fill\"><a class=\"wp-block-button__link wp-element-button\" href=\"https:\/\/dev.oenobrands.com\/solution\/alcoholic-fermentation\/yeast-inoculation\/\" target=\"_blank\" rel=\"noreferrer noopener\">Inoculation des levures<\/a><\/div>\n<\/div>\n\n<div style=\"height:70px\" aria-hidden=\"true\" class=\"wp-block-spacer\"><\/div>\n\n<hr class=\"wp-block-separator has-alpha-channel-opacity\"\/>\n\n<div class=\"wp-block-columns is-layout-flex wp-container-core-columns-is-layout-9d6595d7 wp-block-columns-is-layout-flex\">\n<div class=\"wp-block-column is-vertically-aligned-center is-layout-flow wp-block-column-is-layout-flow\" style=\"flex-basis:30%\">\n<h1 class=\"wp-block-heading has-text-color\" style=\"color:#00205c\">D\u00e9couvrez la gamme ANCHOR<\/h1>\n\n\n\n<div style=\"height:20px\" aria-hidden=\"true\" class=\"wp-block-spacer\"><\/div>\n\n\n\n<div class=\"wp-block-buttons is-content-justification-left is-layout-flex wp-container-core-buttons-is-layout-fdcfc74e wp-block-buttons-is-layout-flex\">\n<div class=\"wp-block-button\"><a class=\"wp-block-button__link has-background wp-element-button\" href=\"https:\/\/dev.oenobrands.com\/product\/yeast\/anchor-yeast\/\" style=\"background-color:#00205c\" target=\"_blank\" rel=\"noreferrer noopener\">ANCHOR<\/a><\/div>\n<\/div>\n<\/div>\n\n\n\n<div class=\"wp-block-column is-layout-flow wp-block-column-is-layout-flow\" style=\"flex-basis:10%\"><\/div>\n\n\n\n<div class=\"wp-block-column is-layout-flow wp-block-column-is-layout-flow\"><div class=\"wp-block-image\">\n<figure class=\"aligncenter size-full is-resized\"><img loading=\"lazy\" decoding=\"async\" width=\"776\" height=\"240\" src=\"https:\/\/dev.oenobrands.com\/wp-content\/uploads\/2023\/04\/Oenobrands-Anchor-logo-1.png\" alt=\"Anchor-logo\" class=\"wp-image-2447\" style=\"width:378px;height:auto\" srcset=\"https:\/\/dev.oenobrands.com\/wp-content\/uploads\/2023\/04\/Oenobrands-Anchor-logo-1.png 776w, https:\/\/dev.oenobrands.com\/wp-content\/uploads\/2023\/04\/Oenobrands-Anchor-logo-1-300x93.png 300w, https:\/\/dev.oenobrands.com\/wp-content\/uploads\/2023\/04\/Oenobrands-Anchor-logo-1-768x238.png 768w\" sizes=\"auto, (max-width: 776px) 100vw, 776px\" \/><\/figure>\n<\/div><\/div>\n<\/div>\n\n<div style=\"height:50px\" aria-hidden=\"true\" class=\"wp-block-spacer\"><\/div>\n\n<p><\/p>\n","protected":false},"excerpt":{"rendered":"<p>Comment choisir parmi le portefeuille de levures Anchor ? Choisir la bonne levure n&rsquo;st pas toujours facile Voici quelques astuces : Nous avons cr\u00e9\u00e9 des fiches fournissant des conseils visuels pour aider \u00e0 la s\u00e9lection des levures. Elles sont class\u00e9es par marque et par couleur de vin. Souches Legacy pour les vins blancs et ros\u00e9s [&hellip;]<\/p>\n","protected":false},"author":3,"featured_media":0,"parent":13720,"menu_order":0,"comment_status":"closed","ping_status":"closed","template":"","meta":{"_acf_changed":false,"_seopress_robots_primary_cat":"0","_seopress_titles_title":"","_seopress_titles_desc":"","_seopress_robots_index":"","_seopress_analysis_target_kw":"","footnotes":""},"class_list":["post-13723","page","type-page","status-publish"],"acf":[],"_links":{"self":[{"href":"https:\/\/dev.oenobrands.com\/fr\/wp-json\/wp\/v2\/pages\/13723","targetHints":{"allow":["GET"]}}],"collection":[{"href":"https:\/\/dev.oenobrands.com\/fr\/wp-json\/wp\/v2\/pages"}],"about":[{"href":"https:\/\/dev.oenobrands.com\/fr\/wp-json\/wp\/v2\/types\/page"}],"author":[{"embeddable":true,"href":"https:\/\/dev.oenobrands.com\/fr\/wp-json\/wp\/v2\/users\/3"}],"replies":[{"embeddable":true,"href":"https:\/\/dev.oenobrands.com\/fr\/wp-json\/wp\/v2\/comments?post=13723"}],"version-history":[{"count":0,"href":"https:\/\/dev.oenobrands.com\/fr\/wp-json\/wp\/v2\/pages\/13723\/revisions"}],"up":[{"embeddable":true,"href":"https:\/\/dev.oenobrands.com\/fr\/wp-json\/wp\/v2\/pages\/13720"}],"wp:attachment":[{"href":"https:\/\/dev.oenobrands.com\/fr\/wp-json\/wp\/v2\/media?parent=13723"}],"curies":[{"name":"wp","href":"https:\/\/api.w.org\/{rel}","templated":true}]}}