{"id":13508,"date":"2022-10-19T21:42:44","date_gmt":"2022-10-19T19:42:44","guid":{"rendered":"https:\/\/dev.oenobrands.com\/produit\/enzyme\/rapidase\/"},"modified":"2025-06-13T22:17:29","modified_gmt":"2025-06-13T20:17:29","slug":"rapidase","status":"publish","type":"page","link":"https:\/\/dev.oenobrands.com\/fr\/produit\/enzyme\/rapidase\/","title":{"rendered":"RAPIDASE"},"content":{"rendered":"\n<div style=\"height:50px\" aria-hidden=\"true\" class=\"wp-block-spacer\"><\/div>\n\n\n\n<h2 class=\"wp-block-heading has-text-align-center has-large-font-size\"><strong>Enzymes rapides et efficaces<\/strong><\/h2>\n\n\n\n<div style=\"height:30px\" aria-hidden=\"true\" class=\"wp-block-spacer\"><\/div>\n\n\n<div class=\"wp-block-image\">\n<figure class=\"aligncenter size-full\"><img alt=\"\" loading=\"lazy\" decoding=\"async\" width=\"1529\" height=\"425\" src=\"https:\/\/dev.oenobrands.com\/wp-content\/uploads\/2024\/05\/header-rapidase-page-1.png\" alt=\"\" class=\"wp-image-7252\" srcset=\"https:\/\/dev.oenobrands.com\/wp-content\/uploads\/2024\/05\/header-rapidase-page-1.png 1529w, https:\/\/dev.oenobrands.com\/wp-content\/uploads\/2024\/05\/header-rapidase-page-1-300x83.png 300w, https:\/\/dev.oenobrands.com\/wp-content\/uploads\/2024\/05\/header-rapidase-page-1-1024x285.png 1024w, https:\/\/dev.oenobrands.com\/wp-content\/uploads\/2024\/05\/header-rapidase-page-1-768x213.png 768w\" sizes=\"auto, (max-width: 1529px) 100vw, 1529px\" \/><\/figure>\n<\/div>\n\n\n<div style=\"height:70px\" aria-hidden=\"true\" class=\"wp-block-spacer\"><\/div>\n\n\n\n<h2 class=\"wp-block-heading\"><strong>100 ans de production sur notre site de fabrication en France<\/strong><\/h2>\n\n\n\n<div style=\"height:50px\" aria-hidden=\"true\" class=\"wp-block-spacer\"><\/div>\n\n\n\n<div class=\"wp-block-columns is-layout-flex wp-container-core-columns-is-layout-9d6595d7 wp-block-columns-is-layout-flex\">\n<div class=\"wp-block-column is-layout-flow wp-block-column-is-layout-flow\" style=\"flex-basis:50%\">\n<p><strong>La production des enzymes Rapidase<sup>\u00ae <\/sup>\u00e0 Seclin (Nord de la France) est unique dans le domaine de la biotechnologie moderne.<\/strong> L&rsquo;usine, fond\u00e9e aux premiers temps de la microbiologie, n&rsquo;a cess\u00e9 de se d\u00e9velopper pour \u00eatre aujourd&rsquo;hui <strong>\u00e0 la pointe de la production d&rsquo;enzymes<\/strong>. Au fil des ans, de nombreuses nouvelles technologies et produits ont \u00e9t\u00e9 introduits sur le site, dans le but de mieux servir nos clients avec les produits les plus innovants et la qualit\u00e9 dsm-firmenich.  <\/p>\n<\/div>\n\n\n\n<div class=\"wp-block-column is-layout-flow wp-block-column-is-layout-flow\" style=\"flex-basis:5%\"><\/div>\n\n\n\n<div class=\"wp-block-column is-layout-flow wp-block-column-is-layout-flow\" style=\"flex-basis:50%\">\n<p>En 1922, le premier Rapidase \u00e0 l&rsquo;\u00e9chelle industrielle est sorti d&rsquo;une usine \u00e0 Seclin, en France. Au fil des ans, la soci\u00e9t\u00e9 Rapidase a \u00e9t\u00e9 rachet\u00e9e par Gist-Brocades, puis DSM, et aujourd&rsquo;hui dsm-firmenich. En fait, <strong>Rapidase a \u00e9t\u00e9 notre toute premi\u00e8re enzyme commerciale<\/strong>. Depuis, nous sommes devenus l&rsquo;<strong>un des principaux fournisseurs mondiaux d&rsquo;enzymes<\/strong>. Au cours de ces 100 ans, <strong>Rapidase a \u00e9volu\u00e9 pour devenir le portefeuille d&rsquo;enzymes de r\u00e9f\u00e9rence pour les fruits et le vin<\/strong>. Il continue de porter l&rsquo;h\u00e9ritage de haute performance, d&rsquo;op\u00e9rations robustes, et de qualit\u00e9 et approvisionnement fiables.     <\/p>\n<\/div>\n<\/div>\n\n\n\n<div style=\"height:50px\" aria-hidden=\"true\" class=\"wp-block-spacer\"><\/div>\n\n\n\n<h2 class=\"wp-block-heading\"><strong>La tranquillit\u00e9 d&rsquo;esprit vient avec les enzymes dsm-firmenich<\/strong><\/h2>\n\n\n\n<div style=\"height:40px\" aria-hidden=\"true\" class=\"wp-block-spacer\"><\/div>\n\n\n\n<div class=\"wp-block-media-text alignwide has-media-on-the-right is-stacked-on-mobile is-vertically-aligned-center\" style=\"grid-template-columns:auto 38%\"><div class=\"wp-block-media-text__content\">\n<p>Les enzymes Rapidase sont fabriqu\u00e9es par <strong>dsm-firmenich, l&rsquo;un des rares leaders mondiaux du march\u00e9 des enzymes alimentaires<\/strong>. dsm-firmenich b\u00e9n\u00e9ficie de la plus longue histoire dans la production d&rsquo;enzymes pour la vinification et s&rsquo;engage \u00e0 garantir leur fiabilit\u00e9 gr\u00e2ce \u00e0 son programme Quality for life<sup>\u2122<\/sup>.  <\/p>\n\n\n\n<p>Cet engagement vous assure que<strong> tout ingr\u00e9dient dsm-firmenich que vous achetez est s\u00fbr en termes de qualit\u00e9, de fiabilit\u00e9, de reproductibilit\u00e9 et de tra\u00e7abilit\u00e9<\/strong>, tout en \u00e9tant fabriqu\u00e9 de mani\u00e8re s\u00e9curis\u00e9e et durable. Plus d&rsquo;informations sont disponibles sur <a href=\"http:\/\/www.qualityforlife.com\"><strong><u>www.qualityforlife.com<\/u><\/strong><\/a>. <\/p>\n<\/div><figure class=\"wp-block-media-text__media\"><img alt=\"\" loading=\"lazy\" decoding=\"async\" width=\"1024\" height=\"782\" src=\"https:\/\/dev.oenobrands.com\/wp-content\/uploads\/2024\/03\/20230118-DSM-Firmenich_Logo_Secondary_Digital_RGB_Positive-1024x782.png\" alt=\"\" class=\"wp-image-6137 size-full\" srcset=\"https:\/\/dev.oenobrands.com\/wp-content\/uploads\/2024\/03\/20230118-DSM-Firmenich_Logo_Secondary_Digital_RGB_Positive-1024x782.png 1024w, https:\/\/dev.oenobrands.com\/wp-content\/uploads\/2024\/03\/20230118-DSM-Firmenich_Logo_Secondary_Digital_RGB_Positive-300x229.png 300w, https:\/\/dev.oenobrands.com\/wp-content\/uploads\/2024\/03\/20230118-DSM-Firmenich_Logo_Secondary_Digital_RGB_Positive-768x586.png 768w, https:\/\/dev.oenobrands.com\/wp-content\/uploads\/2024\/03\/20230118-DSM-Firmenich_Logo_Secondary_Digital_RGB_Positive-1536x1172.png 1536w, https:\/\/dev.oenobrands.com\/wp-content\/uploads\/2024\/03\/20230118-DSM-Firmenich_Logo_Secondary_Digital_RGB_Positive-2048x1563.png 2048w\" sizes=\"auto, (max-width: 1024px) 100vw, 1024px\" \/><\/figure><\/div>\n\n\n\n<div style=\"height:40px\" aria-hidden=\"true\" class=\"wp-block-spacer\"><\/div>\n\n\n\n<div class=\"wp-block-columns has-background is-layout-flex wp-container-core-columns-is-layout-9d6595d7 wp-block-columns-is-layout-flex\" style=\"background-color:#ebebeb\">\n<div class=\"wp-block-column is-layout-flow wp-block-column-is-layout-flow\" style=\"flex-basis:33.33%\"><div class=\"wp-block-image\">\n<figure class=\"aligncenter size-full\"><img loading=\"lazy\" decoding=\"async\" width=\"198\" height=\"196\" src=\"https:\/\/dev.oenobrands.com\/wp-content\/uploads\/2023\/04\/RAPIDASE-tested-validated-by-oenobrands.png\" alt=\"Rapidase Test\u00e9 et valid\u00e9 par Oenobrands\" class=\"wp-image-2394\"\/><\/figure>\n<\/div><\/div>\n\n\n\n<div class=\"wp-block-column is-layout-flow wp-block-column-is-layout-flow\" style=\"flex-basis:66.66%\">\n<div class=\"wp-block-group\"><div class=\"wp-block-group__inner-container is-layout-constrained wp-block-group-is-layout-constrained\">\n<div class=\"wp-block-group\"><div class=\"wp-block-group__inner-container is-layout-constrained wp-block-group-is-layout-constrained\">\n<h2 class=\"wp-block-heading has-black-color has-text-color has-link-color wp-elements-f74ff2e23a3c3c44f3bc9a4648f57276\"><strong>UNE ENZYME, UNE APPLICATION<\/strong><\/h2>\n<\/div><\/div>\n<\/div><\/div>\n\n\n\n<div style=\"height:25px\" aria-hidden=\"true\" class=\"wp-block-spacer\"><\/div>\n\n\n\n<div class=\"wp-block-group has-black-color has-text-color has-link-color wp-elements-4fe0f4449c34e9f4c12ab13379cdc6ba\"><div class=\"wp-block-group__inner-container is-layout-constrained wp-block-group-is-layout-constrained\">\n<p class=\"has-black-color has-text-color\">Pour offrir la meilleure efficacit\u00e9 dans son application, <strong>chaque formulation de Rapidase est d\u00e9velopp\u00e9e et test\u00e9e avec les instituts de recherche en \u0153nologie les plus renomm\u00e9s au monde<\/strong> et valid\u00e9e en cave \u00e0 l&rsquo;\u00e9chelle de la production.<\/p>\n\n\n\n<p class=\"has-black-color has-text-color\">Notre personnel technique et commercial est \u00e0 votre disposition si vous souhaitez des r\u00e9sultats de tests, de m\u00eame que pour vous aider \u00e0 \u00e9valuer les performances de nos produits haut de gamme dans vos conditions sp\u00e9cifiques.<\/p>\n<\/div><\/div>\n<\/div>\n<\/div>\n\n\n\n<div style=\"height:50px\" aria-hidden=\"true\" class=\"wp-block-spacer\"><\/div>\n\n\n\n<div class=\"wp-block-columns is-layout-flex wp-container-core-columns-is-layout-9d6595d7 wp-block-columns-is-layout-flex\">\n<div class=\"wp-block-column is-layout-flow wp-block-column-is-layout-flow\">\n<h2 class=\"wp-block-heading has-text-align-center\"><strong>Comment s&rsquo;orienter parmi notre gamme d&rsquo;enzymes Rapidase ?<\/strong><\/h2>\n\n\n\n<div class=\"wp-block-buttons is-content-justification-center is-layout-flex wp-container-core-buttons-is-layout-16018d1d wp-block-buttons-is-layout-flex\">\n<div class=\"wp-block-button\"><a class=\"wp-block-button__link wp-element-button\" href=\"https:\/\/dev.oenobrands.com\/fr\/produit\/enzyme\/choix-rapidase\/\">Choix des enzymes Rapidase<\/a><\/div>\n<\/div>\n\n\n\n<div style=\"height:50px\" aria-hidden=\"true\" class=\"wp-block-spacer\"><\/div>\n<\/div>\n\n\n\n<div class=\"wp-block-column is-layout-flow wp-block-column-is-layout-flow\" style=\"flex-basis:5px\"><\/div>\n\n\n\n<div class=\"wp-block-column is-layout-flow wp-block-column-is-layout-flow\">\n<h2 class=\"wp-block-heading has-text-align-center\"><strong>En savoir plus sur la production de Rapidase<\/strong> <\/h2>\n\n\n\n<div style=\"height:30px\" aria-hidden=\"true\" class=\"wp-block-spacer\"><\/div>\n\n\n\n<div class=\"wp-block-buttons is-content-justification-center is-layout-flex wp-container-core-buttons-is-layout-16018d1d wp-block-buttons-is-layout-flex\">\n<div class=\"wp-block-button\"><a class=\"wp-block-button__link wp-element-button\" href=\"https:\/\/dev.oenobrands.com\/fr\/production-denzymes-rapidase\/\" target=\"_blank\" rel=\"noreferrer noopener\">Production de Rapidase<\/a><\/div>\n<\/div>\n\n\n\n<div style=\"height:30px\" aria-hidden=\"true\" class=\"wp-block-spacer\"><\/div>\n<\/div>\n\n\n\n<div class=\"wp-block-column is-layout-flow wp-block-column-is-layout-flow\" style=\"flex-basis:5px\"><\/div>\n\n\n\n<div class=\"wp-block-column is-layout-flow wp-block-column-is-layout-flow\">\n<h2 class=\"wp-block-heading has-text-align-center\"><strong>Explorez, testez et transformez vos vins.<\/strong><\/h2>\n\n\n\n<div style=\"height:30px\" aria-hidden=\"true\" class=\"wp-block-spacer\"><\/div>\n\n\n\n<div class=\"wp-block-buttons is-content-justification-center is-layout-flex wp-container-core-buttons-is-layout-16018d1d wp-block-buttons-is-layout-flex\">\n<div class=\"wp-block-button is-style-fill\"><a class=\"wp-block-button__link wp-element-button\" href=\"https:\/\/dev.oenobrands.com\/fr\/kits-denzymes-rapidase\/\" target=\"_blank\" rel=\"noreferrer noopener\">Rapidase Kits<\/a><\/div>\n<\/div>\n<\/div>\n<\/div>\n\n\n\n<div style=\"height:50px\" aria-hidden=\"true\" class=\"wp-block-spacer\"><\/div>\n\n\n\n<h2 class=\"wp-block-heading\"><strong><strong>D\u00e9couvrez notre gamme<\/strong> <strong>d&rsquo;enzymes <\/strong>Rapidase :<\/strong><\/h2>\n\n\n\n<div style=\"height:50px\" aria-hidden=\"true\" class=\"wp-block-spacer\"><\/div>\n","protected":false},"excerpt":{"rendered":"<p>Enzymes rapides et efficaces 100 ans de production sur notre site de fabrication en France La production des enzymes Rapidase\u00ae \u00e0 Seclin (Nord de la France) est unique dans le domaine de la biotechnologie moderne. L&rsquo;usine, fond\u00e9e aux premiers temps de la microbiologie, n&rsquo;a cess\u00e9 de se d\u00e9velopper pour \u00eatre aujourd&rsquo;hui \u00e0 la pointe de [&hellip;]<\/p>\n","protected":false},"author":3,"featured_media":0,"parent":13500,"menu_order":1,"comment_status":"closed","ping_status":"closed","template":"","meta":{"_acf_changed":false,"_seopress_robots_primary_cat":"0","_seopress_titles_title":"","_seopress_titles_desc":"","_seopress_robots_index":"","_seopress_analysis_target_kw":"","footnotes":""},"class_list":["post-13508","page","type-page","status-publish"],"acf":[],"_links":{"self":[{"href":"https:\/\/dev.oenobrands.com\/fr\/wp-json\/wp\/v2\/pages\/13508","targetHints":{"allow":["GET"]}}],"collection":[{"href":"https:\/\/dev.oenobrands.com\/fr\/wp-json\/wp\/v2\/pages"}],"about":[{"href":"https:\/\/dev.oenobrands.com\/fr\/wp-json\/wp\/v2\/types\/page"}],"author":[{"embeddable":true,"href":"https:\/\/dev.oenobrands.com\/fr\/wp-json\/wp\/v2\/users\/3"}],"replies":[{"embeddable":true,"href":"https:\/\/dev.oenobrands.com\/fr\/wp-json\/wp\/v2\/comments?post=13508"}],"version-history":[{"count":0,"href":"https:\/\/dev.oenobrands.com\/fr\/wp-json\/wp\/v2\/pages\/13508\/revisions"}],"up":[{"embeddable":true,"href":"https:\/\/dev.oenobrands.com\/fr\/wp-json\/wp\/v2\/pages\/13500"}],"wp:attachment":[{"href":"https:\/\/dev.oenobrands.com\/fr\/wp-json\/wp\/v2\/media?parent=13508"}],"curies":[{"name":"wp","href":"https:\/\/api.w.org\/{rel}","templated":true}]}}