{"id":13497,"date":"2022-10-04T14:07:19","date_gmt":"2022-10-04T12:07:19","guid":{"rendered":"https:\/\/dev.oenobrands.com\/oenobrands\/"},"modified":"2025-12-10T09:13:12","modified_gmt":"2025-12-10T08:13:12","slug":"oenobrands","status":"publish","type":"page","link":"https:\/\/dev.oenobrands.com\/fr\/","title":{"rendered":"Oenobrands"},"content":{"rendered":"\n<div style=\"height:40px\" aria-hidden=\"true\" class=\"wp-block-spacer\"><\/div>\n\n\n\n<h1 class=\"wp-block-heading\">Advanced winemaking solutions<\/h1>\n\n\n\n<p><\/p>\n\n\n\n<p>Nos <strong>solutions \u0153nologiques biosourc\u00e9es<\/strong> comprennent des <strong>enzymes, des levures, des mannoprot\u00e9ines, des d\u00e9riv\u00e9s de levures et des bact\u00e9ries<\/strong>. Nous mettons la cr\u00e9ativit\u00e9 de notre \u00e9quipe au service des vignerons pour leur proposer des solutions innovantes et <strong>scientifiquement valid\u00e9es<\/strong>, et pour souligner les synergies positives entre nos produits.<\/p>\n\n\n\n<p>Nous b\u00e9n\u00e9ficions de l&rsquo;expertise d&rsquo;\u00e9quipes et de cultures issues des h\u00e9misph\u00e8res nord et sud.<\/p>\n\n\n\n<div style=\"height:40px\" aria-hidden=\"true\" class=\"wp-block-spacer\"><\/div>\n","protected":false},"excerpt":{"rendered":"<p>Advanced winemaking solutions Nos solutions \u0153nologiques biosourc\u00e9es comprennent des enzymes, des levures, des mannoprot\u00e9ines, des d\u00e9riv\u00e9s de levures et des bact\u00e9ries. Nous mettons la cr\u00e9ativit\u00e9 de notre \u00e9quipe au service des vignerons pour leur proposer des solutions innovantes et scientifiquement valid\u00e9es, et pour souligner les synergies positives entre nos produits. Nous b\u00e9n\u00e9ficions de l&rsquo;expertise d&rsquo;\u00e9quipes [&hellip;]<\/p>\n","protected":false},"author":1,"featured_media":0,"parent":0,"menu_order":0,"comment_status":"closed","ping_status":"closed","template":"","meta":{"_acf_changed":false,"_seopress_robots_primary_cat":"0","_seopress_titles_title":"","_seopress_titles_desc":"","_seopress_robots_index":"","_seopress_analysis_target_kw":"","footnotes":""},"class_list":["post-13497","page","type-page","status-publish"],"acf":[],"_links":{"self":[{"href":"https:\/\/dev.oenobrands.com\/fr\/wp-json\/wp\/v2\/pages\/13497","targetHints":{"allow":["GET"]}}],"collection":[{"href":"https:\/\/dev.oenobrands.com\/fr\/wp-json\/wp\/v2\/pages"}],"about":[{"href":"https:\/\/dev.oenobrands.com\/fr\/wp-json\/wp\/v2\/types\/page"}],"author":[{"embeddable":true,"href":"https:\/\/dev.oenobrands.com\/fr\/wp-json\/wp\/v2\/users\/1"}],"replies":[{"embeddable":true,"href":"https:\/\/dev.oenobrands.com\/fr\/wp-json\/wp\/v2\/comments?post=13497"}],"version-history":[{"count":0,"href":"https:\/\/dev.oenobrands.com\/fr\/wp-json\/wp\/v2\/pages\/13497\/revisions"}],"wp:attachment":[{"href":"https:\/\/dev.oenobrands.com\/fr\/wp-json\/wp\/v2\/media?parent=13497"}],"curies":[{"name":"wp","href":"https:\/\/api.w.org\/{rel}","templated":true}]}}