{"id":13481,"date":"2025-06-13T21:43:01","date_gmt":"2025-06-13T19:43:01","guid":{"rendered":"https:\/\/dev.oenobrands.com\/anchor-yeast\/"},"modified":"2025-06-13T21:43:01","modified_gmt":"2025-06-13T19:43:01","slug":"anchor-yeast","status":"publish","type":"page","link":"https:\/\/dev.oenobrands.com\/fr\/anchor-yeast\/","title":{"rendered":"Levures ANCHOR"},"content":{"rendered":"\n<div style=\"height:50px\" aria-hidden=\"true\" class=\"wp-block-spacer\"><\/div>\n\n\n<div class=\"wp-block-image\">\n<figure class=\"aligncenter size-full\"><img alt=\"\" loading=\"lazy\" decoding=\"async\" width=\"1381\" height=\"216\" src=\"https:\/\/dev.oenobrands.com\/wp-content\/uploads\/2024\/10\/produit-anchor-levure-banner-FR.png\" alt=\"\" class=\"wp-image-15064\" srcset=\"https:\/\/dev.oenobrands.com\/wp-content\/uploads\/2024\/10\/produit-anchor-levure-banner-FR.png 1381w, https:\/\/dev.oenobrands.com\/wp-content\/uploads\/2024\/10\/produit-anchor-levure-banner-FR-300x47.png 300w, https:\/\/dev.oenobrands.com\/wp-content\/uploads\/2024\/10\/produit-anchor-levure-banner-FR-1024x160.png 1024w, https:\/\/dev.oenobrands.com\/wp-content\/uploads\/2024\/10\/produit-anchor-levure-banner-FR-768x120.png 768w\" sizes=\"auto, (max-width: 1381px) 100vw, 1381px\" \/><\/figure>\n<\/div>\n\n\n<div style=\"height:50px\" aria-hidden=\"true\" class=\"wp-block-spacer\"><\/div>\n\n\n\n<h2 class=\"wp-block-heading\"><strong>D\u00e9vou\u00e9 \u00e0 l\u2019Excellence de la Fermentation<\/strong><\/h2>\n\n\n\n<p>Depuis de nombreuses ann\u00e9es, <strong>Anchor est \u00e0 l&rsquo;avant-garde de l\u2019\u00e9volution,<\/strong> s\u2019adaptant et changeant pour r\u00e9pondre aux besoins et aux exigences des vinificateurs \u00e0 travers le monde.<\/p>\n\n\n\n<p>De la cr\u00e9ation du premier hybride de levure pour le vin au monde avec <strong>VIN 13,<\/strong> \u00e0 l\u2019\u00e9largissement de notre portefeuille pour inclure bien plus que de la levure, ce qui nous a amen\u00e9s \u00e0 passer d\u2019<strong>Anchor Yeast<\/strong> \u00e0 <strong>Anchor Oenology<\/strong>. Avec <strong>Anchor Oenology<\/strong>, nous sommes fiers de vous offrir une gamme de solutions de fermentation, comprenant des levures, des nutriments et des bact\u00e9ries.<\/p>\n\n\n\n<p>Dans notre portefeuille de levures, nous nous effor\u00e7ons de proposer un nombre limit\u00e9 mais cibl\u00e9 de produits, r\u00e9pondant non seulement au besoin de robustesse, mais aussi \u00e0 celui de <strong>souches de levures capables d&rsquo;aider les vinificateurs \u00e0 cr\u00e9er un profil sensoriel sp\u00e9cifique dans le vin final<\/strong>. Qu&rsquo;il s&rsquo;agisse de souches classiques, hybrides, de m\u00e9langes de levures ou du premier hybride inter-esp\u00e8ces commercial au monde, nous avons une solution pour chaque vinificateur.<\/p>\n\n\n\n<div style=\"height:50px\" aria-hidden=\"true\" class=\"wp-block-spacer\"><\/div>\n\n\n\n<h2 class=\"wp-block-heading\"><strong>2023 a marqu\u00e9 le centenaire d&rsquo;Anchor Yeast.<\/strong><div class=\"flex-shrink-0 flex flex-col relative items-end\"><div class=\"pt-0\"><div class=\"gizmo-bot-avatar flex h-8 w-8 items-center justify-center overflow-hidden rounded-full\"><div class=\"relative p-1 rounded-sm flex items-center justify-center bg-token-main-surface-primary text-token-text-primary h-8 w-8\"><svg width=\"41\" height=\"41\" viewbox=\"0 0 41 41\" fill=\"none\" xmlns=\"http:\/\/www.w3.org\/2000\/svg\" class=\"icon-md\" role=\"img\"><text x=\"-9999\" y=\"-9999\"><\/text><\/svg><\/div><\/div><\/div><\/div><\/h2>\n\n\n\n<p>En tant que soutien d\u2019Anchor et de nos produits, cela signifie que vous avez \u00e9t\u00e9 avec nous dans une aventure o\u00f9, ensemble, nous avons atteint de nombreux jalons importants :<\/p>\n\n\n\n<ul class=\"wp-block-list\">\n<li>Premi\u00e8re entreprise de l&rsquo;h\u00e9misph\u00e8re Sud \u00e0 produire de la levure.<\/li>\n\n\n\n<li>47 ans depuis que l&rsquo;industrie viticole sud-africaine a utilis\u00e9 la premi\u00e8re levure de vin Anchor produite commercialement.<\/li>\n\n\n\n<li>18 ans depuis que les levures <strong>Anchor <\/strong>sont disponibles dans l&rsquo;industrie viticole internationale.<\/li>\n\n\n\n<li><strong>Legacy VIN 13<\/strong>, la premi\u00e8re levure hybride de vin, f\u00eate ses 31 ans cette ann\u00e9e.<\/li>\n\n\n\n<li><strong>Exotics Mosaic,<\/strong> le premier hybride inter-esp\u00e8ces, c\u00e9l\u00e8bre 12 ans de production vinicole embl\u00e9matique.<\/li>\n<\/ul>\n\n\n\n<hr class=\"wp-block-separator has-alpha-channel-opacity\"\/>\n\n\n<div class=\"wp-block-image is-style-default\">\n<figure class=\"aligncenter size-full is-resized\"><img alt=\"\" loading=\"lazy\" decoding=\"async\" width=\"2775\" height=\"1330\" src=\"https:\/\/dev.oenobrands.com\/wp-content\/uploads\/2024\/10\/produit-anchor-levure-fermentation-alcoolique-FR.png\" alt=\"\" class=\"wp-image-15067\" style=\"width:600px\" srcset=\"https:\/\/dev.oenobrands.com\/wp-content\/uploads\/2024\/10\/produit-anchor-levure-fermentation-alcoolique-FR.png 2775w, https:\/\/dev.oenobrands.com\/wp-content\/uploads\/2024\/10\/produit-anchor-levure-fermentation-alcoolique-FR-300x144.png 300w, https:\/\/dev.oenobrands.com\/wp-content\/uploads\/2024\/10\/produit-anchor-levure-fermentation-alcoolique-FR-1024x491.png 1024w, https:\/\/dev.oenobrands.com\/wp-content\/uploads\/2024\/10\/produit-anchor-levure-fermentation-alcoolique-FR-768x368.png 768w, https:\/\/dev.oenobrands.com\/wp-content\/uploads\/2024\/10\/produit-anchor-levure-fermentation-alcoolique-FR-1536x736.png 1536w, https:\/\/dev.oenobrands.com\/wp-content\/uploads\/2024\/10\/produit-anchor-levure-fermentation-alcoolique-FR-2048x982.png 2048w\" sizes=\"auto, (max-width: 2775px) 100vw, 2775px\" \/><\/figure>\n<\/div>\n\n\n<div style=\"height:50px\" aria-hidden=\"true\" class=\"wp-block-spacer\"><\/div>\n\n\n\n<h2 class=\"wp-block-heading has-text-color\" style=\"color:#00205c\">EXOTICS : Premi\u00e8res levures de vin hybrides inter-esp\u00e8ces<\/h2>\n\n\n\n<div class=\"wp-block-media-text alignwide is-stacked-on-mobile\" style=\"grid-template-columns:35% auto\"><figure class=\"wp-block-media-text__media\"><img loading=\"lazy\" decoding=\"async\" width=\"450\" height=\"250\" src=\"https:\/\/dev.oenobrands.com\/wp-content\/uploads\/2023\/04\/Anchor-yeast-exotics.png\" alt=\"Anchor-yeast-exotics\" class=\"wp-image-2208 size-full\" srcset=\"https:\/\/dev.oenobrands.com\/wp-content\/uploads\/2023\/04\/Anchor-yeast-exotics.png 450w, https:\/\/dev.oenobrands.com\/wp-content\/uploads\/2023\/04\/Anchor-yeast-exotics-300x167.png 300w\" sizes=\"auto, (max-width: 450px) 100vw, 450px\" \/><\/figure><div class=\"wp-block-media-text__content\">\n<p>Le nom <strong>Exotics <\/strong>fait d\u00e9sormais r\u00e9f\u00e9rence \u00e0 une gamme de produits, repr\u00e9sentant des levures hybrides inter-esp\u00e8ces uniques pour la cr\u00e9ation de vins embl\u00e9matiques. La gamme <strong>Exotics <\/strong>permet de produire des vins complexes, \u00e9l\u00e9gants, doux et de la plus haute qualit\u00e9. Ces hybrides ont \u00e9t\u00e9 cr\u00e9\u00e9s pour enrichir la complexit\u00e9 sensorielle, similaire \u00e0 celle des levures non-<em>Saccharomyces<\/em>, mais avec la robustesse n\u00e9cessaire pour mener \u00e0 bien la fermentation.<\/p>\n<\/div><\/div>\n\n\n\n<h2 class=\"wp-block-heading has-text-color\" style=\"color:#00205c\">ALCHEMY : Premi\u00e8res levures de vin issues d\u2019un m\u00e9lange scientifiquement formul\u00e9<\/h2>\n\n\n\n<div class=\"wp-block-media-text alignwide is-stacked-on-mobile\" style=\"grid-template-columns:35% auto\"><figure class=\"wp-block-media-text__media\"><img loading=\"lazy\" decoding=\"async\" width=\"450\" height=\"250\" src=\"https:\/\/dev.oenobrands.com\/wp-content\/uploads\/2023\/04\/Anchor-yeast-alchemy.png\" alt=\"Anchor-yeast-alchemy\" class=\"wp-image-2206 size-full\" srcset=\"https:\/\/dev.oenobrands.com\/wp-content\/uploads\/2023\/04\/Anchor-yeast-alchemy.png 450w, https:\/\/dev.oenobrands.com\/wp-content\/uploads\/2023\/04\/Anchor-yeast-alchemy-300x167.png 300w\" sizes=\"auto, (max-width: 450px) 100vw, 450px\" \/><\/figure><div class=\"wp-block-media-text__content\">\n<p>Afin d&rsquo;augmenter la complexit\u00e9 des vins, la gamme <strong>Alchemy<\/strong> a \u00e9t\u00e9 d\u00e9velopp\u00e9e en se basant sur l&rsquo;interaction synergique entre diff\u00e9rentes souches de levures. Ce portefeuille de produits r\u00e9pond aux besoins de production de vins blancs, ros\u00e9s et rouges, offrant une <strong>sophistication <\/strong>et une <strong>complexit\u00e9 <\/strong>accrues, ainsi qu&rsquo;une texture en bouche et un volume au palais, en plus d&rsquo;une intensit\u00e9 aromatique am\u00e9lior\u00e9e.<\/p>\n<\/div><\/div>\n\n\n\n<h2 class=\"wp-block-heading has-text-color\" style=\"color:#00205c\">LEGACY : Premi\u00e8res levures hybrides pour la vinification<\/h2>\n\n\n\n<div class=\"wp-block-media-text alignwide is-stacked-on-mobile\" style=\"grid-template-columns:35% auto\"><figure class=\"wp-block-media-text__media\"><img loading=\"lazy\" decoding=\"async\" width=\"450\" height=\"250\" src=\"https:\/\/dev.oenobrands.com\/wp-content\/uploads\/2023\/04\/Anchor-yeast-legacy.png\" alt=\"Anchor-yeast-legacy\" class=\"wp-image-2204 size-full\" srcset=\"https:\/\/dev.oenobrands.com\/wp-content\/uploads\/2023\/04\/Anchor-yeast-legacy.png 450w, https:\/\/dev.oenobrands.com\/wp-content\/uploads\/2023\/04\/Anchor-yeast-legacy-300x167.png 300w\" sizes=\"auto, (max-width: 450px) 100vw, 450px\" \/><\/figure><div class=\"wp-block-media-text__content\">\n<p>Les souches de levure de la gamme <strong>Legacy <\/strong>incluent les plus connus isolats et hybrides. Ce sont toutes des souches robustes, capables de <strong>tol\u00e9rer <\/strong>une large gamme de variations de temp\u00e9rature et d&rsquo;alcool, assurant ainsi des fermentations compl\u00e8tes et fiables. De plus, ces souches produisent des vins blancs, ros\u00e9s et rouges <strong>tr\u00e8s aromatiques.<\/strong><\/p>\n<\/div><\/div>\n\n\n\n<div style=\"height:50px\" aria-hidden=\"true\" class=\"wp-block-spacer\"><\/div>\n\n\n\n<div class=\"wp-block-columns is-layout-flex wp-container-core-columns-is-layout-9d6595d7 wp-block-columns-is-layout-flex\">\n<div class=\"wp-block-column is-layout-flow wp-block-column-is-layout-flow\">\n<h2 class=\"wp-block-heading has-text-align-center\"><strong>Trouvez votre levure Anchor<\/strong><\/h2>\n\n\n\n<div class=\"wp-block-buttons is-content-justification-center is-layout-flex wp-container-core-buttons-is-layout-16018d1d wp-block-buttons-is-layout-flex\">\n<div class=\"wp-block-button\"><a class=\"wp-block-button__link wp-element-button\" href=\"https:\/\/dev.oenobrands.com\/fr\/produit\/levure\/choix-des-levures-anchor\/\" target=\"_blank\" rel=\"noreferrer noopener\">Choix de levures Anchor<\/a><\/div>\n<\/div>\n\n\n\n<div style=\"height:50px\" aria-hidden=\"true\" class=\"wp-block-spacer\"><\/div>\n<\/div>\n\n\n\n<div class=\"wp-block-column is-layout-flow wp-block-column-is-layout-flow\" style=\"flex-basis:5px\"><\/div>\n\n\n\n<div class=\"wp-block-column is-layout-flow wp-block-column-is-layout-flow\">\n<h2 class=\"wp-block-heading has-text-align-center\"><strong>En savoir plus sur la production de levure<\/strong><\/h2>\n\n\n\n<div class=\"wp-block-buttons is-content-justification-center is-layout-flex wp-container-core-buttons-is-layout-16018d1d wp-block-buttons-is-layout-flex\">\n<div class=\"wp-block-button\"><a class=\"wp-block-button__link wp-element-button\" href=\"https:\/\/dev.oenobrands.com\/fr\/production-de-levures\/\" target=\"_blank\" rel=\"noreferrer noopener\">Production de levure<\/a><\/div>\n<\/div>\n\n\n\n<div style=\"height:30px\" aria-hidden=\"true\" class=\"wp-block-spacer\"><\/div>\n<\/div>\n<\/div>\n\n\n\n<h2 class=\"wp-block-heading\"><strong>D\u00e9couvrez notre gamme de levures Anchor :<\/strong><\/h2>\n\n\n\n<div style=\"height:50px\" aria-hidden=\"true\" class=\"wp-block-spacer\"><\/div>\n","protected":false},"excerpt":{"rendered":"<p>D\u00e9vou\u00e9 \u00e0 l\u2019Excellence de la Fermentation Depuis de nombreuses ann\u00e9es, Anchor est \u00e0 l&rsquo;avant-garde de l\u2019\u00e9volution, s\u2019adaptant et changeant pour r\u00e9pondre aux besoins et aux exigences des vinificateurs \u00e0 travers le monde. De la cr\u00e9ation du premier hybride de levure pour le vin au monde avec VIN 13, \u00e0 l\u2019\u00e9largissement de notre portefeuille pour inclure [&hellip;]<\/p>\n","protected":false},"author":3,"featured_media":1183,"parent":0,"menu_order":2,"comment_status":"closed","ping_status":"closed","template":"page-premier-products-list.php","meta":{"_acf_changed":false,"_seopress_robots_primary_cat":"0","_seopress_titles_title":"","_seopress_titles_desc":"","_seopress_robots_index":"","_seopress_analysis_target_kw":"","footnotes":""},"class_list":["post-13481","page","type-page","status-publish","has-post-thumbnail"],"acf":[],"_links":{"self":[{"href":"https:\/\/dev.oenobrands.com\/fr\/wp-json\/wp\/v2\/pages\/13481","targetHints":{"allow":["GET"]}}],"collection":[{"href":"https:\/\/dev.oenobrands.com\/fr\/wp-json\/wp\/v2\/pages"}],"about":[{"href":"https:\/\/dev.oenobrands.com\/fr\/wp-json\/wp\/v2\/types\/page"}],"author":[{"embeddable":true,"href":"https:\/\/dev.oenobrands.com\/fr\/wp-json\/wp\/v2\/users\/3"}],"replies":[{"embeddable":true,"href":"https:\/\/dev.oenobrands.com\/fr\/wp-json\/wp\/v2\/comments?post=13481"}],"version-history":[{"count":0,"href":"https:\/\/dev.oenobrands.com\/fr\/wp-json\/wp\/v2\/pages\/13481\/revisions"}],"wp:featuredmedia":[{"embeddable":true,"href":"https:\/\/dev.oenobrands.com\/fr\/wp-json\/wp\/v2\/media\/1183"}],"wp:attachment":[{"href":"https:\/\/dev.oenobrands.com\/fr\/wp-json\/wp\/v2\/media?parent=13481"}],"curies":[{"name":"wp","href":"https:\/\/api.w.org\/{rel}","templated":true}]}}