{"id":19511,"date":"2022-10-19T22:46:56","date_gmt":"2022-10-19T20:46:56","guid":{"rendered":"https:\/\/dev.oenobrands.com\/producto\/derivado-de-levadura\/feel-safe\/maxaferm\/"},"modified":"2025-10-29T16:33:24","modified_gmt":"2025-10-29T15:33:24","slug":"maxaferm","status":"publish","type":"page","link":"https:\/\/dev.oenobrands.com\/es\/producto\/derivado-de-levadura\/feel-safe\/maxaferm\/","title":{"rendered":"Maxaferm"},"content":{"rendered":"\n<h1 class=\"wp-block-heading has-text-color\" style=\"color:#ff9e1b\">Maxaferm<\/h1>\n\n<div style=\"height:30px\" aria-hidden=\"true\" class=\"wp-block-spacer\"><\/div>\n\n<h2 class=\"wp-block-heading has-medium-font-size\"><strong>EL NUTRIENTE COMPLEJO<\/strong><\/h2>\n\n<div style=\"height:30px\" aria-hidden=\"true\" class=\"wp-block-spacer\"><\/div>\n\n<h3 class=\"wp-block-heading has-medium-font-size\"><strong>FINALIDAD<\/strong><\/h3>\n\n<p><strong>Maxaferm<sup>\u00ae<\/sup> <\/strong>es un coadyuvante de fermentaci\u00f3n. Ayuda a la levadura creando las condiciones necesarias para una fermentaci\u00f3n completa y r\u00e1pida de los az\u00facares del mosto. <\/p>\n\n<p><strong>Maxaferm<\/strong> permite a las levaduras soportar condiciones de fermentaci\u00f3n dif\u00edciles (alta temperatura, liberaci\u00f3n de metabolitos t\u00f3xicos, alto contenido alcoh\u00f3lico). Adem\u00e1s, aporta a la levadura todos los nutrientes que necesita para crecer y sobrevivir hasta que los az\u00facares se fermenten completamente. <\/p>\n\n<p><strong>Maxaferm<\/strong> ayuda a elaborar vinos con aromas limpios, evitando la liberaci\u00f3n de metabolitos indeseables como SO<sub>2<\/sub>, H<sub>2<\/sub>S o acidez vol\u00e1til.<\/p>\n\n<div style=\"height:50px\" aria-hidden=\"true\" class=\"wp-block-spacer\"><\/div>\n\n<div class=\"wp-block-columns is-layout-flex wp-container-core-columns-is-layout-9d6595d7 wp-block-columns-is-layout-flex\">\n<div class=\"wp-block-column is-layout-flow wp-block-column-is-layout-flow\" style=\"flex-basis:45%\">\n<h3 class=\"wp-block-heading has-text-color\" style=\"color:#253746\"><strong>Propiedades<\/strong><\/h3>\n\n\n\n<p><strong>Maxaferm :<\/strong><\/p>\n\n\n\n<p>&#8211; Corrige las deficiencias de nitr\u00f3geno en los mostos.<\/p>\n\n\n\n<p>&#8211; Promueve el crecimiento celular al tiempo que reduce las fermentaciones lentas y estancadas.<\/p>\n\n\n\n<p>&#8211; Ayuda a las levaduras a afrontar condiciones de fermentaci\u00f3n dif\u00edciles como baja temperatura, presencia de alcohol o uvas afectadas por Botrytis o mildiu. <\/p>\n\n\n\n<p>&#8211; Garantiza la viabilidad de las levaduras al final de la fermentaci\u00f3n y, por tanto, el consumo completo de los az\u00facares, evitando as\u00ed los riesgos de fermentaci\u00f3n detenida.<\/p>\n\n\n\n<div class=\"wp-block-columns is-layout-flex wp-container-core-columns-is-layout-9d6595d7 wp-block-columns-is-layout-flex\">\n<div class=\"wp-block-column is-vertically-aligned-center is-layout-flow wp-block-column-is-layout-flow\" style=\"flex-basis:25%\"><div class=\"wp-block-image is-style-default\">\n<figure class=\"aligncenter size-full\"><img loading=\"lazy\" decoding=\"async\" width=\"100\" height=\"99\" src=\"https:\/\/dev.oenobrands.com\/wp-content\/uploads\/2023\/04\/Ease-of-use.jpg\" alt=\"Facilidad de uso\" class=\"wp-image-2192\"\/><\/figure>\n<\/div><\/div>\n\n\n\n<div class=\"wp-block-column is-vertically-aligned-center has-background is-layout-flow wp-block-column-is-layout-flow\" style=\"background-color:#c4bfb6;flex-basis:75%\">\n<p class=\"has-small-font-size\" style=\"font-style:normal;font-weight:500\">Los productos de Oenobrands se elaboran a partir de derivados de levadura seleccionados y secados mediante una tecnolog\u00eda exclusiva. Esto garantiza su excelente capacidad para dispersarse r\u00e1pidamente y sin formar grumos. <\/p>\n<\/div>\n<\/div>\n\n\n\n<h3 class=\"wp-block-heading has-text-color\" style=\"color:#253746\"><strong>Ciencia y Tecnolog\u00eda<\/strong><\/h3>\n\n\n\n<p><strong>Maxaferm<\/strong> ayuda a la levadura estableciendo condiciones para una fermentaci\u00f3n completa, regular y r\u00e1pida de los az\u00facares del mosto.<\/p>\n\n\n\n<figure class=\"wp-block-image size-full is-style-zoooom\"><img loading=\"lazy\" decoding=\"async\" width=\"1015\" height=\"739\" src=\"https:\/\/dev.oenobrands.com\/wp-content\/uploads\/2023\/02\/Product-_-Yeast-derivate_Maxaferm.png\" alt=\"Derivado de levadura Maxaferm\" class=\"wp-image-1425\" srcset=\"https:\/\/dev.oenobrands.com\/wp-content\/uploads\/2023\/02\/Product-_-Yeast-derivate_Maxaferm.png 1015w, https:\/\/dev.oenobrands.com\/wp-content\/uploads\/2023\/02\/Product-_-Yeast-derivate_Maxaferm-300x218.png 300w, https:\/\/dev.oenobrands.com\/wp-content\/uploads\/2023\/02\/Product-_-Yeast-derivate_Maxaferm-768x559.png 768w\" sizes=\"auto, (max-width: 1015px) 100vw, 1015px\" \/><figcaption class=\"wp-element-caption\">Cin\u00e9tica de fermentaci\u00f3n de Muscat \u00e0 Petits Grains, trasiego a menos de 20 NTU y menos de 150 mg\/L de nitr\u00f3geno asimilable. Se compar\u00f3 un m\u00e9todo sin suplemento con otro suplementado con 2 \u00d7 20 g\/hL de <g id=\"gid_0\">Maxaferm <\/g>(24 h despu\u00e9s de la inoculaci\u00f3n, luego a una densidad de -50). Inter-Rh\u00f4ne 2016.  <\/figcaption><\/figure>\n\n\n\n<p><\/p>\n<\/div>\n\n\n\n<div class=\"wp-block-column is-layout-flow wp-block-column-is-layout-flow\" style=\"flex-basis:6%\"><\/div>\n\n\n\n<div class=\"wp-block-column has-background is-layout-flow wp-block-column-is-layout-flow\" style=\"background-color:#f7f7f7;flex-basis:45%\">\n<div class=\"wp-block-columns is-layout-flex wp-container-core-columns-is-layout-9d6595d7 wp-block-columns-is-layout-flex\">\n<div class=\"wp-block-column is-layout-flow wp-block-column-is-layout-flow\"><div class=\"wp-block-image\">\n<figure class=\"aligncenter size-full is-resized\"><img loading=\"lazy\" decoding=\"async\" width=\"350\" height=\"151\" src=\"https:\/\/dev.oenobrands.com\/wp-content\/uploads\/2023\/05\/Feel-Safe-yeast-derivate-derive-levure-Maxaferm-simple-1-e1683574645387.png\" alt=\"Derivado de levadura Feel Safe Maxaferm simple\" class=\"wp-image-3917\" style=\"width:263px;height:113px\" srcset=\"https:\/\/dev.oenobrands.com\/wp-content\/uploads\/2023\/05\/Feel-Safe-yeast-derivate-derive-levure-Maxaferm-simple-1-e1683574645387.png 350w, https:\/\/dev.oenobrands.com\/wp-content\/uploads\/2023\/05\/Feel-Safe-yeast-derivate-derive-levure-Maxaferm-simple-1-e1683574645387-300x129.png 300w\" sizes=\"auto, (max-width: 350px) 100vw, 350px\" \/><\/figure>\n<\/div><\/div>\n<\/div>\n\n\n\n<div style=\"height:40px\" aria-hidden=\"true\" class=\"wp-block-spacer\"><\/div>\n\n\n\n<div class=\"wp-block-group\"><div class=\"wp-block-group__inner-container is-layout-constrained wp-block-group-is-layout-constrained\">\n<p class=\"has-text-align-center\"><strong>DESCARGAR LA FICHA T\u00c9CNICA DE APLICACI\u00d3N<\/strong><\/p>\n\n\n\n<div class=\"wp-block-columns is-not-stacked-on-mobile is-layout-flex wp-container-core-columns-is-layout-9d6595d7 wp-block-columns-is-layout-flex\">\n<div class=\"wp-block-column is-layout-flow wp-block-column-is-layout-flow\">\n<figure class=\"wp-block-image size-full\"><a href=\"https:\/\/dev.oenobrands.com\/wp-content\/uploads\/2024\/07\/ADS-A4-Maxaferm-EN-2021_G_04.pdf\" target=\"_blank\" rel=\"noreferrer noopener\"><img loading=\"lazy\" decoding=\"async\" width=\"180\" height=\"94\" src=\"https:\/\/dev.oenobrands.com\/wp-content\/uploads\/2023\/04\/flag-united-states-english-american.png\" alt=\"bandera-estados-unidos-ingl&#xE9;s-americano\" class=\"wp-image-2510\"\/><\/a><\/figure>\n<\/div>\n\n\n\n<div class=\"wp-block-column is-layout-flow wp-block-column-is-layout-flow\">\n<figure class=\"wp-block-image size-full\"><a href=\"https:\/\/dev.oenobrands.com\/wp-content\/uploads\/2024\/07\/ADS-A4-Maxaferm-FR-2021_G_02-1.pdf\" target=\"_blank\" rel=\"noreferrer noopener\"><img loading=\"lazy\" decoding=\"async\" width=\"180\" height=\"94\" src=\"https:\/\/dev.oenobrands.com\/wp-content\/uploads\/2023\/04\/drapeau-francais-france.png\" alt=\"drapeau flag francais france\" class=\"wp-image-2508\"\/><\/a><\/figure>\n<\/div>\n\n\n\n<div class=\"wp-block-column is-layout-flow wp-block-column-is-layout-flow\">\n<figure class=\"wp-block-image size-full\"><a href=\"https:\/\/dev.oenobrands.com\/wp-content\/uploads\/2024\/07\/ADS-A4-Maxaferm-ES-2023_G_01-1.pdf\" target=\"_blank\" rel=\"noreferrer noopener\"><img loading=\"lazy\" decoding=\"async\" width=\"180\" height=\"94\" src=\"https:\/\/dev.oenobrands.com\/wp-content\/uploads\/2023\/04\/bandiera-spagnola-spagna.png\" alt=\"drapeau flag bandiera spagnola spagna\" class=\"wp-image-2506\"\/><\/a><\/figure>\n<\/div>\n\n\n\n<div class=\"wp-block-column is-layout-flow wp-block-column-is-layout-flow\">\n<figure class=\"wp-block-image size-full\"><a href=\"https:\/\/dev.oenobrands.com\/wp-content\/uploads\/2024\/07\/ADS-A4-Maxaferm-IT_2021_Corimpex_G_02.pdf\" target=\"_blank\" rel=\"noreferrer noopener\"><img loading=\"lazy\" decoding=\"async\" width=\"180\" height=\"94\" src=\"https:\/\/dev.oenobrands.com\/wp-content\/uploads\/2023\/04\/bandiera-italiana-italy.png\" alt=\"drapeau flag bandiera italiana italy\" class=\"wp-image-2512\"\/><\/a><\/figure>\n<\/div>\n\n\n\n<div class=\"wp-block-column is-layout-flow wp-block-column-is-layout-flow\">\n<figure class=\"wp-block-image size-full\"><a href=\"https:\/\/dev.oenobrands.com\/wp-content\/uploads\/2024\/07\/ADS-A4-Maxaferm-PT-2021.pdf\" target=\"_blank\" rel=\"noreferrer noopener\"><img loading=\"lazy\" decoding=\"async\" width=\"180\" height=\"94\" src=\"https:\/\/dev.oenobrands.com\/wp-content\/uploads\/2024\/05\/Flag-drapeau-Portugal.png\" alt=\"Flag-drapeau-Portugal\" class=\"wp-image-7139\"\/><\/a><\/figure>\n<\/div>\n\n\n\n<div class=\"wp-block-column is-layout-flow wp-block-column-is-layout-flow\">\n<figure class=\"wp-block-image size-full\"><a href=\"https:\/\/dev.oenobrands.com\/wp-content\/uploads\/2024\/07\/ADS-A4-Maxaferm-ALL-2021_G_03.pdf\" target=\"_blank\" rel=\"noreferrer noopener\"><img loading=\"lazy\" decoding=\"async\" width=\"180\" height=\"94\" src=\"https:\/\/dev.oenobrands.com\/wp-content\/uploads\/2023\/05\/Flagge-Deutschland.png\" alt=\"Flagge-Deutschland\" class=\"wp-image-3550\"\/><\/a><\/figure>\n<\/div>\n<\/div>\n\n\n\n<div class=\"wp-block-columns is-not-stacked-on-mobile is-layout-flex wp-container-core-columns-is-layout-9d6595d7 wp-block-columns-is-layout-flex\">\n<div class=\"wp-block-column is-layout-flow wp-block-column-is-layout-flow\">\n<figure class=\"wp-block-image size-full\"><a href=\"https:\/\/dev.oenobrands.com\/wp-content\/uploads\/2024\/07\/ADS-A4-Maxaferm-RO-2021.pdf\" target=\"_blank\" rel=\"noreferrer noopener\"><img loading=\"lazy\" decoding=\"async\" width=\"180\" height=\"94\" src=\"https:\/\/dev.oenobrands.com\/wp-content\/uploads\/2024\/05\/Flag-drapeau-Roumanie.png\" alt=\"Flag-drapeau-Roumanie\" class=\"wp-image-7145\"\/><\/a><\/figure>\n<\/div>\n\n\n\n<div class=\"wp-block-column is-layout-flow wp-block-column-is-layout-flow\">\n<figure class=\"wp-block-image size-full\"><a href=\"https:\/\/dev.oenobrands.com\/wp-content\/uploads\/2024\/07\/ADS-A4-Maxaferm-CZ-2021.pdf\" target=\"_blank\" rel=\"noreferrer noopener\"><img loading=\"lazy\" decoding=\"async\" width=\"180\" height=\"94\" src=\"https:\/\/dev.oenobrands.com\/wp-content\/uploads\/2023\/05\/Flag-vlajka-Czech-Republic.png\" alt=\"Flag-vlajka-Czech-Republic-drapeau\" class=\"wp-image-3548\"\/><\/a><\/figure>\n<\/div>\n\n\n\n<div class=\"wp-block-column is-layout-flow wp-block-column-is-layout-flow\">\n<figure class=\"wp-block-image size-full\"><a href=\"https:\/\/dev.oenobrands.com\/wp-content\/uploads\/2024\/07\/ADS-A4-Maxaferm-BUL-2021.pdf\" target=\"_blank\" rel=\"noreferrer noopener\"><img alt=\"\" loading=\"lazy\" decoding=\"async\" width=\"180\" height=\"94\" src=\"https:\/\/dev.oenobrands.com\/wp-content\/uploads\/2024\/05\/flag-drapeau-bulgarie.png\" alt=\"\" class=\"wp-image-7141\"\/><\/a><\/figure>\n<\/div>\n\n\n\n<div class=\"wp-block-column is-layout-flow wp-block-column-is-layout-flow\">\n<figure class=\"wp-block-image size-full\"><a href=\"https:\/\/dev.oenobrands.com\/wp-content\/uploads\/2024\/07\/ADS-A4-Maxaferm-GR_2021_Elton_G_02-1.pdf\" target=\"_blank\" rel=\"noreferrer noopener\"><img loading=\"lazy\" decoding=\"async\" width=\"180\" height=\"94\" src=\"https:\/\/dev.oenobrands.com\/wp-content\/uploads\/2024\/07\/flag-greece-drapeaux.png\" alt=\"flag-greece-drapeaux\" class=\"wp-image-11801\"\/><\/a><\/figure>\n<\/div>\n\n\n\n<div class=\"wp-block-column is-layout-flow wp-block-column-is-layout-flow\"><\/div>\n\n\n\n<div class=\"wp-block-column is-layout-flow wp-block-column-is-layout-flow\"><\/div>\n<\/div>\n<\/div><\/div>\n\n\n\n<hr class=\"wp-block-separator has-text-color has-alpha-channel-opacity has-background\" style=\"background-color:#162638;color:#162638\"\/>\n\n\n\n<div class=\"wp-block-buttons is-content-justification-center is-layout-flex wp-container-core-buttons-is-layout-16018d1d wp-block-buttons-is-layout-flex\">\n<div class=\"wp-block-button\"><a class=\"wp-block-button__link has-white-color has-text-color has-background has-text-align-center wp-element-button\" href=\"https:\/\/dev.oenobrands.com\/distributor\/\" style=\"background-color:#162638\" target=\"_blank\" rel=\"noreferrer noopener\">Su distribuidor<\/a><\/div>\n<\/div>\n\n\n\n<hr class=\"wp-block-separator has-text-color has-alpha-channel-opacity has-background\" style=\"background-color:#162638;color:#162638\"\/>\n\n\n\n<h3 class=\"wp-block-heading\"><strong>DOSIS<\/strong><\/h3>\n\n\n\n<p>&#8211; Dosis: 20\u201360 g\/hL, seg\u00fan el contenido de nitr\u00f3geno del mosto inicial.<\/p>\n\n\n\n<p>&#8211; M\u00e1ximo (UE): 60 g\/hL<\/p>\n\n\n\n<p>&#8211; A\u00f1adir Maxaferm en dos dosis: 20 g\/hL al momento de la inoculaci\u00f3n, luego 20\u201340 g\/hL aproximadamente a un tercio del proceso de fermentaci\u00f3n.<\/p>\n\n\n\n<h3 class=\"wp-block-heading\"><strong>USO<\/strong><\/h3>\n\n\n\n<ul class=\"wp-block-list\">\n<li>Suspender <strong>Maxaferm <\/strong>en 10 veces su volumen de agua antes de incorporarlo.<\/li>\n\n\n\n<li>Si es posible, utilizar una bomba aireadora para estimular el crecimiento de la levadura.<\/li>\n\n\n\n<li>20 g\/hL de <strong>Maxaferm<\/strong> proporcionan 17 mg\/L de nitr\u00f3geno asimilable.<\/li>\n<\/ul>\n\n\n\n<h3 class=\"wp-block-heading\"><strong>Composici\u00f3n<\/strong><\/h3>\n\n\n\n<p><strong>Maxaferm <\/strong>contiene:<\/p>\n\n\n\n<ul class=\"wp-block-list\">\n<li><strong>60% Paredes celulares:<\/strong> Su alto contenido en ergosterol permite mantener la permeabilidad y viabilidad de la membrana de la levadura a medida que aumenta el nivel de alcohol. Las paredes celulares tambi\u00e9n desintoxican gracias a su capacidad de adsorber metabolitos t\u00f3xicos, especialmente los \u00e1cidos grasos de cadena media. <\/li>\n\n\n\n<li><strong>49% Fosfato diam\u00f3nico: <\/strong>fuente de nitr\u00f3geno asimilable, esencial para la multiplicaci\u00f3n celular de la levadura.<\/li>\n\n\n\n<li><strong>0,04% Tiamina: <\/strong>necesaria para el metabolismo de la levadura y, en consecuencia, para su crecimiento y mantenimiento de la capacidad de fermentar az\u00facares. Permite reducir la tasa de fijaci\u00f3n del SO<sub>\u2082<\/sub>. <\/li>\n<\/ul>\n\n\n\n<h3 class=\"wp-block-heading\"><strong><strong>Envase<\/strong><\/strong><\/h3>\n\n\n\n<p>\u2013 1 kg: bolsas laminadas multicapa selladas herm\u00e9ticamente<\/p>\n\n\n\n<p>\u2013 10 kg: bolsa de aluminio en caja de cart\u00f3n<\/p>\n\n\n\n<h3 class=\"wp-block-heading\"><strong>Conservaci\u00f3n<\/strong><\/h3>\n\n\n\n<p>Conservar en un lugar fresco y seco (5\u201315 \u00b0C \/ 41\u201360 \u00b0F).<\/p>\n<\/div>\n<\/div>\n\n<div class=\"wp-block-group\"><div class=\"wp-block-group__inner-container is-layout-constrained wp-block-group-is-layout-constrained\">\n<div style=\"height:30px\" aria-hidden=\"true\" class=\"wp-block-spacer\"><\/div>\n\n\n\n<hr class=\"wp-block-separator has-text-color has-black-color has-alpha-channel-opacity has-black-background-color has-background\"\/>\n<\/div><\/div>\n\n<div class=\"wp-block-columns is-layout-flex wp-container-core-columns-is-layout-9d6595d7 wp-block-columns-is-layout-flex\">\n<div class=\"wp-block-column is-layout-flow wp-block-column-is-layout-flow\">\n<div class=\"wp-block-group\"><div class=\"wp-block-group__inner-container is-layout-constrained wp-block-group-is-layout-constrained\">\n<h2 class=\"wp-block-heading\"><strong><strong>Explora soluciones relacionadas<\/strong>:<\/strong><\/h2>\n\n\n\n<div style=\"height:30px\" aria-hidden=\"true\" class=\"wp-block-spacer\"><\/div>\n\n\n\n<p><strong>\u00bfBusca un enfoque m\u00e1s integral para la vinificaci\u00f3n?<\/strong> Descubra nuestras soluciones avanzadas para la vinificaci\u00f3n con <strong>Maxaferm.<\/strong><\/p>\n\n\n\n<div style=\"height:30px\" aria-hidden=\"true\" class=\"wp-block-spacer\"><\/div>\n\n\n\n<div class=\"wp-block-columns are-vertically-aligned-center is-layout-flex wp-container-core-columns-is-layout-9d6595d7 wp-block-columns-is-layout-flex\">\n<div class=\"wp-block-column is-vertically-aligned-center is-layout-flow wp-block-column-is-layout-flow\" style=\"flex-basis:100%\">\n<div class=\"wp-block-buttons is-content-justification-center is-layout-flex wp-container-core-buttons-is-layout-16018d1d wp-block-buttons-is-layout-flex\">\n<div class=\"wp-block-button is-style-fill\"><a class=\"wp-block-button__link wp-element-button\" href=\"https:\/\/dev.oenobrands.com\/solution\/oenological-default\/reduction\/\" target=\"_blank\" rel=\"noreferrer noopener\">Reducci\u00f3n<\/a><\/div>\n\n\n\n<div class=\"wp-block-button is-style-fill\"><a class=\"wp-block-button__link wp-element-button\" href=\"https:\/\/dev.oenobrands.com\/solution\/alcoholic-fermentation\/yeast-nutrition\/\" target=\"_blank\" rel=\"noreferrer noopener\">Nutrici\u00f3n de la levadura<\/a><\/div>\n\n\n\n<div class=\"wp-block-button is-style-fill\"><a class=\"wp-block-button__link wp-element-button\" href=\"https:\/\/dev.oenobrands.com\/solution\/alcoholic-fermentation\/fermentation-management\/\" target=\"_blank\" rel=\"noreferrer noopener\">Gesti\u00f3n de la fermentaci\u00f3n<\/a><\/div>\n<\/div>\n<\/div>\n<\/div>\n<\/div><\/div>\n\n\n\n<div style=\"height:30px\" aria-hidden=\"true\" class=\"wp-block-spacer\"><\/div>\n<\/div>\n\n\n\n<div class=\"wp-block-column is-layout-flow wp-block-column-is-layout-flow\">\n<h2 class=\"wp-block-heading\"><strong>\u00bfBusca otra cosa?<\/strong><\/h2>\n\n\n\n<div style=\"height:30px\" aria-hidden=\"true\" class=\"wp-block-spacer\"><\/div>\n\n\n\n<p>Visite nuestra secci\u00f3n de Soluciones, donde ofrecemos orientaci\u00f3n experta, conocimientos reconocidos y enfoques innovadores organizados seg\u00fan las etapas del proceso de vinificaci\u00f3n. <strong>Desde la fermentaci\u00f3n hasta la filtraci\u00f3n y el embotellado, le ofrecemos soluciones para mejorar cada etapa de su proceso de vinificaci\u00f3n.<\/strong><\/p>\n\n\n\n<div style=\"height:30px\" aria-hidden=\"true\" class=\"wp-block-spacer\"><\/div>\n\n\n\n<div class=\"wp-block-columns are-vertically-aligned-center is-layout-flex wp-container-core-columns-is-layout-9d6595d7 wp-block-columns-is-layout-flex\">\n<div class=\"wp-block-column is-vertically-aligned-center is-layout-flow wp-block-column-is-layout-flow\" style=\"flex-basis:100%\">\n<div class=\"wp-block-buttons is-content-justification-center is-layout-flex wp-container-core-buttons-is-layout-16018d1d wp-block-buttons-is-layout-flex\">\n<div class=\"wp-block-button is-style-fill\"><a class=\"wp-block-button__link wp-element-button\" href=\"https:\/\/dev.oenobrands.com\/solution\/\" target=\"_blank\" rel=\"noreferrer noopener\">Advanced winemaking solutions<\/a><\/div>\n<\/div>\n<\/div>\n<\/div>\n<\/div>\n<\/div>\n\n<hr class=\"wp-block-separator has-text-color has-black-color has-alpha-channel-opacity has-black-background-color has-background\"\/>\n\n<div style=\"height:30px\" aria-hidden=\"true\" class=\"wp-block-spacer\"><\/div>\n\n<div class=\"wp-block-columns is-layout-flex wp-container-core-columns-is-layout-9d6595d7 wp-block-columns-is-layout-flex\">\n<div class=\"wp-block-column is-vertically-aligned-center is-layout-flow wp-block-column-is-layout-flow\" style=\"flex-basis:30%\">\n<h1 class=\"wp-block-heading has-text-color\" style=\"color:#aca39a\">Descubre la gama Feel Safe<\/h1>\n\n\n\n<div style=\"height:20px\" aria-hidden=\"true\" class=\"wp-block-spacer\"><\/div>\n\n\n\n<div class=\"wp-block-buttons is-content-justification-center is-layout-flex wp-container-core-buttons-is-layout-16018d1d wp-block-buttons-is-layout-flex\">\n<div class=\"wp-block-button\"><a class=\"wp-block-button__link has-background wp-element-button\" href=\"https:\/\/dev.oenobrands.com\/product\/yeast-derivate\/feel-safe\/\" style=\"background-color:#545859\" target=\"_blank\" rel=\"noreferrer noopener\">feel SAFE!<\/a><\/div>\n<\/div>\n<\/div>\n\n\n\n<div class=\"wp-block-column is-layout-flow wp-block-column-is-layout-flow\" style=\"flex-basis:10%\"><\/div>\n\n\n\n<div class=\"wp-block-column is-layout-flow wp-block-column-is-layout-flow\"><div class=\"wp-block-image\">\n<figure class=\"aligncenter size-full is-resized\"><img loading=\"lazy\" decoding=\"async\" width=\"729\" height=\"342\" src=\"https:\/\/dev.oenobrands.com\/wp-content\/uploads\/2024\/05\/Feel-Safe__2022-no-font.png\" alt=\"Feel-Safe_derivados de levadura\" class=\"wp-image-7450\" style=\"width:350px\" srcset=\"https:\/\/dev.oenobrands.com\/wp-content\/uploads\/2024\/05\/Feel-Safe__2022-no-font.png 729w, https:\/\/dev.oenobrands.com\/wp-content\/uploads\/2024\/05\/Feel-Safe__2022-no-font-300x141.png 300w\" sizes=\"auto, (max-width: 729px) 100vw, 729px\" \/><\/figure>\n<\/div><\/div>\n<\/div>\n\n<div style=\"height:50px\" aria-hidden=\"true\" class=\"wp-block-spacer\"><\/div>\n","protected":false},"excerpt":{"rendered":"<p>Maxaferm EL NUTRIENTE COMPLEJO FINALIDAD Maxaferm\u00ae es un coadyuvante de fermentaci\u00f3n. Ayuda a la levadura creando las condiciones necesarias para una fermentaci\u00f3n completa y r\u00e1pida de los az\u00facares del mosto. Maxaferm permite a las levaduras soportar condiciones de fermentaci\u00f3n dif\u00edciles (alta temperatura, liberaci\u00f3n de metabolitos t\u00f3xicos, alto contenido alcoh\u00f3lico). Adem\u00e1s, aporta a la levadura todos [&hellip;]<\/p>\n","protected":false},"author":3,"featured_media":0,"parent":19383,"menu_order":7,"comment_status":"closed","ping_status":"closed","template":"page-product.php","meta":{"_acf_changed":false,"_seopress_robots_primary_cat":"0","_seopress_titles_title":"","_seopress_titles_desc":"","_seopress_robots_index":"","_seopress_analysis_target_kw":"","footnotes":""},"class_list":["post-19511","page","type-page","status-publish"],"acf":[],"_links":{"self":[{"href":"https:\/\/dev.oenobrands.com\/es\/wp-json\/wp\/v2\/pages\/19511","targetHints":{"allow":["GET"]}}],"collection":[{"href":"https:\/\/dev.oenobrands.com\/es\/wp-json\/wp\/v2\/pages"}],"about":[{"href":"https:\/\/dev.oenobrands.com\/es\/wp-json\/wp\/v2\/types\/page"}],"author":[{"embeddable":true,"href":"https:\/\/dev.oenobrands.com\/es\/wp-json\/wp\/v2\/users\/3"}],"replies":[{"embeddable":true,"href":"https:\/\/dev.oenobrands.com\/es\/wp-json\/wp\/v2\/comments?post=19511"}],"version-history":[{"count":0,"href":"https:\/\/dev.oenobrands.com\/es\/wp-json\/wp\/v2\/pages\/19511\/revisions"}],"up":[{"embeddable":true,"href":"https:\/\/dev.oenobrands.com\/es\/wp-json\/wp\/v2\/pages\/19383"}],"wp:attachment":[{"href":"https:\/\/dev.oenobrands.com\/es\/wp-json\/wp\/v2\/media?parent=19511"}],"curies":[{"name":"wp","href":"https:\/\/api.w.org\/{rel}","templated":true}]}}