{"id":19483,"date":"2022-10-19T23:15:51","date_gmt":"2022-10-19T21:15:51","guid":{"rendered":"https:\/\/dev.oenobrands.com\/solucion\/aroma-del-vino\/preservacion-del-aroma\/"},"modified":"2025-10-20T15:56:27","modified_gmt":"2025-10-20T13:56:27","slug":"preservacion-del-aroma","status":"publish","type":"page","link":"https:\/\/dev.oenobrands.com\/es\/solucion\/aroma-del-vino\/preservacion-del-aroma\/","title":{"rendered":"Preservaci\u00f3n del aroma"},"content":{"rendered":"\n<div style=\"height:50px\" aria-hidden=\"true\" class=\"wp-block-spacer\"><\/div>\n\n<h2 class=\"wp-block-heading\"><strong>La preservaci\u00f3n de los aromas del vino se centra en reducir el proceso natural de deterioro arom\u00e1tico a lo largo del tiempo.<\/strong><\/h2>\n\n<div style=\"height:50px\" aria-hidden=\"true\" class=\"wp-block-spacer\"><\/div>\n\n<div class=\"wp-block-columns is-layout-flex wp-container-core-columns-is-layout-9d6595d7 wp-block-columns-is-layout-flex\">\n<div class=\"wp-block-column is-layout-flow wp-block-column-is-layout-flow\">\n<div class=\"wp-block-columns is-layout-flex wp-container-core-columns-is-layout-9d6595d7 wp-block-columns-is-layout-flex\">\n<div class=\"wp-block-column is-layout-flow wp-block-column-is-layout-flow\">\n<p><strong>La mejor opci\u00f3n para conservar estos compuestos tan cualitativos sigue siendo el almacenamiento del vino a baja temperatura<\/strong> y en condiciones que eviten la disoluci\u00f3n u oxidaci\u00f3n del ox\u00edgeno (SO<sub><sub>\u2082,<\/sub><\/sub> l\u00edas, gas inerte, etc.), aunque las manoprote\u00ednas tambi\u00e9n han demostrado propiedades protectoras.<\/p>\n\n\n\n<p><strong>Final touch<sup>\u00ae<\/sup> TONIC es una soluci\u00f3n a base de manoprote\u00ednas seleccionadas,<\/strong> extra\u00eddas de una cepa espec\u00edfica de <em>Saccharomyces cerevisiae,<\/em> <strong>dise\u00f1ada para proteger la frescura arom\u00e1tica de los vinos blancos y rosados.<\/strong> Final touch\u00ae TONIC conserva la calidad de los vinos blancos y rosados durante el envejecimiento, ya que contiene manoprote\u00ednas seleccionadas por sus potentes propiedades coloidales protectoras. <\/p>\n\n\n\n<p>Los efectos inmediatos y duraderos observados en los vinos blancos y rosados son una mayor frescura y una menor presencia de aromas oxidativos, una mejor intensidad arom\u00e1tica y un sabor m\u00e1s definido, as\u00ed como una mayor finura y calidad organol\u00e9ptica. Adem\u00e1s, el uso de <strong>Final touch TONIC <\/strong>evita el envejecimiento prematuro de los aromas del vino y puede prolongar su vida \u00fatil comercial potencial. <\/p>\n\n\n\n<div style=\"height:30px\" aria-hidden=\"true\" class=\"wp-block-spacer\"><\/div>\n\n\n\n<div class=\"wp-block-buttons is-content-justification-center is-layout-flex wp-container-core-buttons-is-layout-16018d1d wp-block-buttons-is-layout-flex\">\n<div class=\"wp-block-button\"><a class=\"wp-block-button__link has-white-color has-text-color has-background wp-element-button\" href=\"https:\/\/dev.oenobrands.com\/product\/mannoprotein\/final-touch\/tonic\/\" style=\"background-color:#719949\" target=\"_blank\" rel=\"noreferrer noopener\">Final touch TONIC<\/a><\/div>\n<\/div>\n<\/div>\n\n\n\n<div class=\"wp-block-column is-layout-flow wp-block-column-is-layout-flow\" style=\"flex-basis:5%\"><\/div>\n\n\n\n<div class=\"wp-block-column is-layout-flow wp-block-column-is-layout-flow\"><div class=\"wp-block-image zoooom\">\n<figure class=\"aligncenter size-full\"><img alt=\"\" loading=\"lazy\" decoding=\"async\" width=\"1023\" height=\"760\" src=\"https:\/\/dev.oenobrands.com\/wp-content\/uploads\/2023\/03\/Solution_Aroma_aroma-preservation_image-1.png\" alt=\"\" class=\"wp-image-2062\" style=\"object-fit:contain\" srcset=\"https:\/\/dev.oenobrands.com\/wp-content\/uploads\/2023\/03\/Solution_Aroma_aroma-preservation_image-1.png 1023w, https:\/\/dev.oenobrands.com\/wp-content\/uploads\/2023\/03\/Solution_Aroma_aroma-preservation_image-1-300x223.png 300w, https:\/\/dev.oenobrands.com\/wp-content\/uploads\/2023\/03\/Solution_Aroma_aroma-preservation_image-1-768x571.png 768w\" sizes=\"auto, (max-width: 1023px) 100vw, 1023px\" \/><figcaption class=\"wp-element-caption\"><em>Concentraci\u00f3n total de tioles varietales (3MH + 4MMP + 3MHA) en vinos rosados elaborados con el m\u00e9todo \u201cthiol\u201d, analizados 12 meses despu\u00e9s del embotellado: sin tratamiento vs. con 40 mL\/hL de <strong>Final touch TONIC.<\/strong><\/em><\/figcaption><\/figure>\n<\/div><\/div>\n<\/div>\n<\/div>\n<\/div>\n\n<div style=\"height:50px\" aria-hidden=\"true\" class=\"wp-block-spacer\"><\/div>\n<div class=\"wp-block-image zoooom is-style-default\">\n<figure class=\"aligncenter size-large\"><img loading=\"lazy\" decoding=\"async\" width=\"1024\" height=\"373\" src=\"https:\/\/dev.oenobrands.com\/wp-content\/uploads\/2023\/03\/Solution_Aroma_aroma-preservation_image-2-1024x373.png\" alt=\"Preservaci&#xF3;n del aroma\" class=\"wp-image-2064\" style=\"object-fit:cover\" srcset=\"https:\/\/dev.oenobrands.com\/wp-content\/uploads\/2023\/03\/Solution_Aroma_aroma-preservation_image-2-1024x373.png 1024w, https:\/\/dev.oenobrands.com\/wp-content\/uploads\/2023\/03\/Solution_Aroma_aroma-preservation_image-2-300x109.png 300w, https:\/\/dev.oenobrands.com\/wp-content\/uploads\/2023\/03\/Solution_Aroma_aroma-preservation_image-2-768x280.png 768w, https:\/\/dev.oenobrands.com\/wp-content\/uploads\/2023\/03\/Solution_Aroma_aroma-preservation_image-2.png 1321w\" sizes=\"auto, (max-width: 1024px) 100vw, 1024px\" \/><figcaption class=\"wp-element-caption\"><em>Vino blanco (Viognier, Vermentino, Marsanne y Roussanne) del Valle del R\u00f3dano Sur, Francia, 10 meses despu\u00e9s del tratamiento y embotellado.<\/em><\/figcaption><\/figure>\n<\/div>\n<div style=\"height:50px\" aria-hidden=\"true\" class=\"wp-block-spacer\"><\/div>\n\n<div class=\"wp-block-columns is-layout-flex wp-container-core-columns-is-layout-9d6595d7 wp-block-columns-is-layout-flex\">\n<div class=\"wp-block-column is-vertically-aligned-center is-layout-flow wp-block-column-is-layout-flow\" style=\"flex-basis:30%\">\n<h1 class=\"wp-block-heading has-text-color\" style=\"color:#75787b\">Descubra la gama Final touch<\/h1>\n\n\n\n<div style=\"height:20px\" aria-hidden=\"true\" class=\"wp-block-spacer\"><\/div>\n\n\n\n<div class=\"wp-block-buttons is-content-justification-left is-layout-flex wp-container-core-buttons-is-layout-fdcfc74e wp-block-buttons-is-layout-flex\">\n<div class=\"wp-block-button\"><a class=\"wp-block-button__link has-background wp-element-button\" href=\"https:\/\/dev.oenobrands.com\/product\/mannoprotein\/final-touch\/\" style=\"background-color:#75787b\" target=\"_blank\" rel=\"noreferrer noopener\">Final touch<\/a><\/div>\n<\/div>\n<\/div>\n\n\n\n<div class=\"wp-block-column is-layout-flow wp-block-column-is-layout-flow\" style=\"flex-basis:50px\"><\/div>\n\n\n\n<div class=\"wp-block-column is-layout-flow wp-block-column-is-layout-flow\"><div class=\"wp-block-image\">\n<figure class=\"aligncenter size-medium\"><img loading=\"lazy\" decoding=\"async\" width=\"300\" height=\"225\" src=\"https:\/\/dev.oenobrands.com\/wp-content\/uploads\/2023\/05\/FINAL-TOUCH-mannoprotein-wine-vin-generique-e1683626090373-300x225.png\" alt=\"FINAL-TOUCH-manoprote&#xED;na-vino-vin-generique\" class=\"wp-image-4025\" srcset=\"https:\/\/dev.oenobrands.com\/wp-content\/uploads\/2023\/05\/FINAL-TOUCH-mannoprotein-wine-vin-generique-e1683626090373-300x225.png 300w, https:\/\/dev.oenobrands.com\/wp-content\/uploads\/2023\/05\/FINAL-TOUCH-mannoprotein-wine-vin-generique-e1683626090373.png 350w\" sizes=\"auto, (max-width: 300px) 100vw, 300px\" \/><\/figure>\n<\/div><\/div>\n<\/div>\n\n<div style=\"height:50px\" aria-hidden=\"true\" class=\"wp-block-spacer\"><\/div>\n\n<div class=\"wp-block-group\"><div class=\"wp-block-group__inner-container is-layout-constrained wp-block-group-is-layout-constrained\">\n<div class=\"wp-block-group\"><div class=\"wp-block-group__inner-container is-layout-constrained wp-block-group-is-layout-constrained\">\n<div class=\"wp-block-group\"><div class=\"wp-block-group__inner-container is-layout-constrained wp-block-group-is-layout-constrained\">\n<div class=\"wp-block-group\"><div class=\"wp-block-group__inner-container is-layout-constrained wp-block-group-is-layout-constrained\">\n<hr class=\"wp-block-separator has-text-color has-alpha-channel-opacity has-background\" style=\"background-color:#8a918e;color:#8a918e\"\/>\n<\/div><\/div>\n<\/div><\/div>\n\n\n\n<div class=\"wp-block-group\"><div class=\"wp-block-group__inner-container is-layout-constrained wp-block-group-is-layout-constrained\">\n<div class=\"wp-block-group\"><div class=\"wp-block-group__inner-container is-layout-constrained wp-block-group-is-layout-constrained\">\n<h2 class=\"wp-block-heading\"><strong>\u00bfY usted?<\/strong><\/h2>\n<\/div><\/div>\n<\/div><\/div>\n\n\n\n<div class=\"wp-block-group\"><div class=\"wp-block-group__inner-container is-layout-constrained wp-block-group-is-layout-constrained\">\n<div class=\"wp-block-group\"><div class=\"wp-block-group__inner-container is-layout-constrained wp-block-group-is-layout-constrained\">\n<p>Con un equipo altamente cualificado y experto en m\u00faltiples campos, Oenobrands se esfuerza por ofrecer a los en\u00f3logos soluciones innovadoras y cient\u00edficamente fundamentadas, as\u00ed como por resaltar las sinergias positivas entre sus productos.<\/p>\n<\/div><\/div>\n\n\n\n<div class=\"wp-block-group\"><div class=\"wp-block-group__inner-container is-layout-constrained wp-block-group-is-layout-constrained\">\n<div class=\"wp-block-group\"><div class=\"wp-block-group__inner-container is-layout-constrained wp-block-group-is-layout-constrained\">\n<div class=\"wp-block-columns is-layout-flex wp-container-core-columns-is-layout-9d6595d7 wp-block-columns-is-layout-flex\">\n<div class=\"wp-block-column is-vertically-aligned-center is-layout-flow wp-block-column-is-layout-flow\">\n<div class=\"wp-block-group wp-container-content-9cfa9a5a is-content-justification-left\"><div class=\"wp-block-group__inner-container is-layout-constrained wp-container-core-group-is-layout-8c890d92 wp-block-group-is-layout-constrained\">\n<p class=\"has-text-align-left\" style=\"font-size:0.9rem;font-style:normal;font-weight:600;letter-spacing:1px;text-transform:uppercase\">Busque su soluci\u00f3n o producto.<\/p>\n\n\n<form role=\"search\" method=\"get\" action=\"https:\/\/dev.oenobrands.com\/es\/\" class=\"wp-block-search__button-outside wp-block-search__icon-button wp-block-search\"    ><label class=\"wp-block-search__label screen-reader-text\" for=\"wp-block-search__input-1\" >Buscar<\/label><div class=\"wp-block-search__inside-wrapper\"  style=\"width: 100%\"><input class=\"wp-block-search__input\" id=\"wp-block-search__input-1\" placeholder=\"\" value=\"\" type=\"search\" name=\"s\" required  style=\"border-width: 1px\"\/><button aria-label=\"Buscar\" class=\"wp-block-search__button has-icon wp-element-button\" type=\"submit\"  style=\"border-width: 1px\"><svg class=\"search-icon\" viewBox=\"0 0 24 24\" width=\"24\" height=\"24\">\n\t\t\t\t\t<path d=\"M13 5c-3.3 0-6 2.7-6 6 0 1.4.5 2.7 1.3 3.7l-3.8 3.8 1.1 1.1 3.8-3.8c1 .8 2.3 1.3 3.7 1.3 3.3 0 6-2.7 6-6S16.3 5 13 5zm0 10.5c-2.5 0-4.5-2-4.5-4.5s2-4.5 4.5-4.5 4.5 2 4.5 4.5-2 4.5-4.5 4.5z\"><\/path>\n\t\t\t\t<\/svg><\/button><\/div><\/form><\/div><\/div>\n<\/div>\n\n\n\n<div class=\"wp-block-column is-layout-flow wp-block-column-is-layout-flow\" style=\"flex-basis:3px\"><\/div>\n\n\n\n<div class=\"wp-block-column is-layout-flow wp-block-column-is-layout-flow\">\n<p class=\"has-text-align-center\">Cu\u00e9ntenos sobre sus dificultades, y le responderemos.<\/p>\n\n\n\n<div class=\"wp-block-buttons is-content-justification-center is-layout-flex wp-container-core-buttons-is-layout-16018d1d wp-block-buttons-is-layout-flex\">\n<div class=\"wp-block-button is-style-fill\"><a class=\"wp-block-button__link wp-element-button\" href=\"https:\/\/dev.oenobrands.com\/contact-us\/\" target=\"_blank\" rel=\"noreferrer noopener\">Cont\u00e1ctenos<\/a><\/div>\n<\/div>\n<\/div>\n<\/div>\n<\/div><\/div>\n<\/div><\/div>\n<\/div><\/div>\n<\/div><\/div>\n<\/div><\/div>\n\n<div style=\"height:50px\" aria-hidden=\"true\" class=\"wp-block-spacer\"><\/div>\n","protected":false},"excerpt":{"rendered":"<p>La preservaci\u00f3n de los aromas del vino se centra en reducir el proceso natural de deterioro arom\u00e1tico a lo largo del tiempo. La mejor opci\u00f3n para conservar estos compuestos tan cualitativos sigue siendo el almacenamiento del vino a baja temperatura y en condiciones que eviten la disoluci\u00f3n u oxidaci\u00f3n del ox\u00edgeno (SO\u2082, l\u00edas, gas inerte, [&hellip;]<\/p>\n","protected":false},"author":3,"featured_media":0,"parent":19443,"menu_order":4,"comment_status":"closed","ping_status":"closed","template":"","meta":{"_acf_changed":false,"_seopress_robots_primary_cat":"0","_seopress_titles_title":"","_seopress_titles_desc":"","_seopress_robots_index":"","_seopress_analysis_target_kw":"","footnotes":""},"class_list":["post-19483","page","type-page","status-publish"],"acf":[],"_links":{"self":[{"href":"https:\/\/dev.oenobrands.com\/es\/wp-json\/wp\/v2\/pages\/19483","targetHints":{"allow":["GET"]}}],"collection":[{"href":"https:\/\/dev.oenobrands.com\/es\/wp-json\/wp\/v2\/pages"}],"about":[{"href":"https:\/\/dev.oenobrands.com\/es\/wp-json\/wp\/v2\/types\/page"}],"author":[{"embeddable":true,"href":"https:\/\/dev.oenobrands.com\/es\/wp-json\/wp\/v2\/users\/3"}],"replies":[{"embeddable":true,"href":"https:\/\/dev.oenobrands.com\/es\/wp-json\/wp\/v2\/comments?post=19483"}],"version-history":[{"count":0,"href":"https:\/\/dev.oenobrands.com\/es\/wp-json\/wp\/v2\/pages\/19483\/revisions"}],"up":[{"embeddable":true,"href":"https:\/\/dev.oenobrands.com\/es\/wp-json\/wp\/v2\/pages\/19443"}],"wp:attachment":[{"href":"https:\/\/dev.oenobrands.com\/es\/wp-json\/wp\/v2\/media?parent=19483"}],"curies":[{"name":"wp","href":"https:\/\/api.w.org\/{rel}","templated":true}]}}