{"id":19467,"date":"2022-10-19T23:06:58","date_gmt":"2022-10-19T21:06:58","guid":{"rendered":"https:\/\/dev.oenobrands.com\/solucion\/etapas-pre-fermentativas\/prensado\/"},"modified":"2025-10-20T15:48:58","modified_gmt":"2025-10-20T13:48:58","slug":"prensado","status":"publish","type":"page","link":"https:\/\/dev.oenobrands.com\/es\/solucion\/etapas-pre-fermentativas\/prensado\/","title":{"rendered":"Prensado"},"content":{"rendered":"\n<div style=\"height:50px\" aria-hidden=\"true\" class=\"wp-block-spacer\"><\/div>\n\n<p>El prensado de la uva es una etapa importante en el proceso de elaboraci\u00f3n del vino porque extrae de las uvas el mosto que se fermentar\u00e1 para elaborar vinos blancos y rosados.<strong>. Dado que el proceso de prensado tiene una influencia importante en la calidad y el car\u00e1cter del vino final, los en\u00f3logos deben comprender los mejores procedimientos para el prensado de las uvas.<\/strong><\/p>\n\n<div style=\"height:50px\" aria-hidden=\"true\" class=\"wp-block-spacer\"><\/div>\n\n<div class=\"wp-block-columns is-layout-flex wp-container-core-columns-is-layout-9d6595d7 wp-block-columns-is-layout-flex\">\n<div class=\"wp-block-column has-background is-layout-flow wp-block-column-is-layout-flow\" style=\"background-color:#f1f1f1\">\n<h2 class=\"wp-block-heading\"><strong>\u00bfPor qu\u00e9 las enzimas mejoran el prensado?<\/strong><\/h2>\n\n\n\n<div style=\"height:30px\" aria-hidden=\"true\" class=\"wp-block-spacer\"><\/div>\n\n\n\n<p>Los polisac\u00e1ridos p\u00e9cticos de las paredes celulares de la epidermis de la piel de la uva y de las capas celulares situadas inmediatamente debajo sirven para mantener la integridad y continuidad del tejido vegetal. <strong>Su estructura molecular les confiere propiedades qu\u00edmicas y f\u00edsicas adecuadas para este fin, as\u00ed como la capacidad de retenci\u00f3n de agua y formaci\u00f3n de gel.<\/strong> Todas estas caracter\u00edsticas son obst\u00e1culos a la hora de tratar las uvas blancas, durante las etapas de extracci\u00f3n prefermentativa y clarificaci\u00f3n del mosto, y para la difusi\u00f3n de compuestos arom\u00e1ticos y sus precursores en el mosto. <\/p>\n\n\n\n<p>Las pectinas est\u00e1n compuestas esencialmente por cadenas principales denominadas homogalacturonanos, ramnogalacturonanos, arabinanos y arabinogalactanos, presentes especialmente en uvas consideradas dif\u00edciles de procesar, como el Moscatel. <strong>La acci\u00f3n de un conjunto equilibrado de diferentes actividades enzim\u00e1ticas es necesaria para descomponer su estructura particularmente compleja.<\/strong><\/p>\n<\/div>\n\n\n\n<div class=\"wp-block-column is-layout-flow wp-block-column-is-layout-flow\" style=\"flex-basis:1%\"><\/div>\n\n\n\n<div class=\"wp-block-column has-background is-layout-flow wp-block-column-is-layout-flow\" style=\"background-color:#f1f1f1\">\n<h2 class=\"wp-block-heading\"><strong>\u00bfC\u00f3mo pueden ayudar las enzimas Rapidase en el prensado?<\/strong><\/h2>\n\n\n\n<div style=\"height:30px\" aria-hidden=\"true\" class=\"wp-block-spacer\"><\/div>\n\n\n\n<p>Hace algunos a\u00f1os, en Oenobrands desarrollamos <strong>Rapidase<sup>\u00ae<\/sup> Extra Press<\/strong>, una preparaci\u00f3n enzim\u00e1tica dise\u00f1ada para mejorar la liberaci\u00f3n del jugo de las uvas mediante el debilitamiento de las pieles. Su uso aumenta el rendimiento en mosto y permite ciclos de prensado m\u00e1s r\u00e1pidos, preservando el mosto de uva de la oxidaci\u00f3n. <\/p>\n\n\n\n<p>Para la clarificaci\u00f3n, adem\u00e1s de las actividades pectol\u00edticas (pectina liasa, poligalacturonasa y pectina metil esterasa), <strong>Rapidase Extra Press<\/strong> contiene actividades capaces de hidrolizar tanto las cadenas de homogalacturonano como las cadenas laterales (arabinanos y arabinogalactanos).<strong> Las actividades celulasa y hemicelulasa se mantienen en niveles bajos para evitar una maceraci\u00f3n pelicular excesiva y la formaci\u00f3n de un exceso de part\u00edculas s\u00f3lidas en suspensi\u00f3n dif\u00edciles de eliminar.<\/strong><\/p>\n<\/div>\n<\/div>\n\n<div style=\"height:30px\" aria-hidden=\"true\" class=\"wp-block-spacer\"><\/div>\n\n<div class=\"wp-block-buttons is-content-justification-center is-layout-flex wp-container-core-buttons-is-layout-16018d1d wp-block-buttons-is-layout-flex\">\n<div class=\"wp-block-button\"><a class=\"wp-block-button__link has-white-color has-text-color has-background wp-element-button\" href=\"https:\/\/dev.oenobrands.com\/product\/enzyme\/rapidase\/extra-press\/\" style=\"background-color:#00a9e0\" target=\"_blank\" rel=\"noreferrer noopener\">Rapidase Extra Press<\/a><\/div>\n<\/div>\n\n<div style=\"height:35px\" aria-hidden=\"true\" class=\"wp-block-spacer\"><\/div>\n\n<p class=\"has-background\" style=\"background-color:#f1f1f1\">Numerosos ensayos realizados por Oenobrands durante diversas vendimias y en numerosas variedades en todo el mundo demuestran la eficacia de Rapidase Extra Press para el tratamiento de la uva blanca, ya sea a\u00f1adido a la masa estrujada en la prensa o durante la fase de maceraci\u00f3n prefermentativa.<\/p>\n\n<p><strong>La adici\u00f3n de la enzima Rapidase Extra Press directamente en la prensa,<\/strong> con un tiempo de contacto de 2 a 3 horas, o durante la maceraci\u00f3n de 6 a 10 horas, conduce a un aumento del rendimiento que aumenta seg\u00fan la duraci\u00f3n de la acci\u00f3n de la enzima sobre los hollejos y la pulpa (Figuras 1 y 2). <\/p>\n\n<div class=\"wp-block-columns is-layout-flex wp-container-core-columns-is-layout-9d6595d7 wp-block-columns-is-layout-flex\">\n<div class=\"wp-block-column has-background is-layout-flow wp-block-column-is-layout-flow\" style=\"background-color:#f1f1f1\"><div class=\"wp-block-image is-style-zoooom\">\n<figure class=\"aligncenter size-full is-resized\"><img alt=\"\" loading=\"lazy\" decoding=\"async\" width=\"967\" height=\"718\" src=\"https:\/\/dev.oenobrands.com\/wp-content\/uploads\/2023\/02\/Solution_prefermentation-steps_pressing-image-1.png\" alt=\"\" class=\"wp-image-1706\" style=\"width:auto;height:300px\" srcset=\"https:\/\/dev.oenobrands.com\/wp-content\/uploads\/2023\/02\/Solution_prefermentation-steps_pressing-image-1.png 967w, https:\/\/dev.oenobrands.com\/wp-content\/uploads\/2023\/02\/Solution_prefermentation-steps_pressing-image-1-300x223.png 300w, https:\/\/dev.oenobrands.com\/wp-content\/uploads\/2023\/02\/Solution_prefermentation-steps_pressing-image-1-768x570.png 768w\" sizes=\"auto, (max-width: 967px) 100vw, 967px\" \/><figcaption class=\"wp-element-caption\">Porcentaje de diferencia en el rendimiento de prensado entre Rapidase Extra Press a 1 g\/100 kg y el testigo, aplicado a diferentes variedades de uva en Francia.<br\/><br\/><\/figcaption><\/figure>\n<\/div>\n\n\n<p><strong>Los resultados muestran un aumento del rendimiento en mosto prensado utilizando Rapidase Extra Press frente al control sin enzima. Los resultados de los ensayos incluyeron la adici\u00f3n directa de la enzima en la prensa durante el llenado. <\/strong><\/p>\n<\/div>\n\n\n\n<div class=\"wp-block-column is-layout-flow wp-block-column-is-layout-flow\" style=\"flex-basis:1%\"><\/div>\n\n\n\n<div class=\"wp-block-column has-background is-layout-flow wp-block-column-is-layout-flow\" style=\"background-color:#f1f1f1\"><div class=\"wp-block-image is-style-zoooom\">\n<figure class=\"aligncenter size-full is-resized\"><img alt=\"\" loading=\"lazy\" decoding=\"async\" width=\"795\" height=\"576\" src=\"https:\/\/dev.oenobrands.com\/wp-content\/uploads\/2023\/02\/Solution_prefermentation-steps_pressing-image-2.png\" alt=\"\" class=\"wp-image-1708\" style=\"width:auto;height:300px\" srcset=\"https:\/\/dev.oenobrands.com\/wp-content\/uploads\/2023\/02\/Solution_prefermentation-steps_pressing-image-2.png 795w, https:\/\/dev.oenobrands.com\/wp-content\/uploads\/2023\/02\/Solution_prefermentation-steps_pressing-image-2-300x217.png 300w, https:\/\/dev.oenobrands.com\/wp-content\/uploads\/2023\/02\/Solution_prefermentation-steps_pressing-image-2-768x556.png 768w\" sizes=\"auto, (max-width: 795px) 100vw, 795px\" \/><figcaption class=\"wp-element-caption\">Diferencia en porcentaje de rendimiento de mosto y mosto flor entre Rapidase Extra Press a una dosis de 1 g\/100 kg y la enzima de referencia de las bodegas, utilizadas en diferentes variedades de uva en Francia y Sud\u00e1frica.<br\/><br\/><\/figcaption><\/figure>\n<\/div>\n\n\n<p><strong>El uso de Rapidase Extra Press permite a los en\u00f3logos obtener m\u00e1s mosto y mostos de mayor calidad en comparaci\u00f3n con una enzima de referencia utilizada durante la maceraci\u00f3n prefermentativa de los hollejos.<\/strong><\/p>\n<\/div>\n<\/div>\n\n<div class=\"wp-block-columns is-layout-flex wp-container-core-columns-is-layout-9d6595d7 wp-block-columns-is-layout-flex\">\n<div class=\"wp-block-column has-background is-layout-flow wp-block-column-is-layout-flow\" style=\"background-color:#f1f1f1\">\n<figure class=\"wp-block-image size-full is-resized is-style-zoooom\"><img alt=\"\" loading=\"lazy\" decoding=\"async\" width=\"792\" height=\"532\" src=\"https:\/\/dev.oenobrands.com\/wp-content\/uploads\/2023\/02\/Solution_prefermentation-steps_pressing-image-3.png\" alt=\"\" class=\"wp-image-1710\" style=\"width:auto;height:300px\" srcset=\"https:\/\/dev.oenobrands.com\/wp-content\/uploads\/2023\/02\/Solution_prefermentation-steps_pressing-image-3.png 792w, https:\/\/dev.oenobrands.com\/wp-content\/uploads\/2023\/02\/Solution_prefermentation-steps_pressing-image-3-300x202.png 300w, https:\/\/dev.oenobrands.com\/wp-content\/uploads\/2023\/02\/Solution_prefermentation-steps_pressing-image-3-768x516.png 768w\" sizes=\"auto, (max-width: 792px) 100vw, 792px\" \/><figcaption class=\"wp-element-caption\">Porcentaje de diferencia en el rendimiento total de mostos (yema y prensa) entre Rapidase Extra Press y las enzimas de referencia de las bodegas, aplicado en diferentes variedades de uva.<\/figcaption><\/figure>\n<\/div>\n\n\n\n<div class=\"wp-block-column is-layout-flow wp-block-column-is-layout-flow\" style=\"flex-basis:1%\"><\/div>\n\n\n\n<div class=\"wp-block-column has-background is-layout-flow wp-block-column-is-layout-flow\" style=\"background-color:#f1f1f1\">\n<p>En particular, <strong>el mayor incremento se puede medir en la fracci\u00f3n de mosto<\/strong>, obtenida del escurrido de la uva estrujada tratada antes del inicio de los ciclos de prensado. <strong>Esto no s\u00f3lo conduce a un mayor rendimiento sino tambi\u00e9n a una mejor calidad del mosto, <\/strong>especialmente debido a ciclos de prensado m\u00e1s suaves y cortos.<\/p>\n\n\n\n<p><strong>Se utiliz\u00f3 Rapidase Extra Press directamente durante el llenado de la prensa a varias dosis para distintas variedades de uva. La dosis se eligi\u00f3 en funci\u00f3n de la enzima de referencia utilizada en estas bodegas. Hemos observado siempre un aumento en el rendimiento total al utilizar Rapidase Extra Press.  <\/strong> <\/p>\n\n\n\n<p class=\"has-small-font-size\">Chardonnay, Francia, Languedoc: dosis de enzima 1 g\/100 kg, maceraci\u00f3n durante 6 horas a 10 \u00b0C.<br\/>Muscat 1, Estados Unidos, California: dosis de enzima 1,1 g\/100 kg, maceraci\u00f3n a temperatura ambiente, mosto de escurrido libre.<br\/>Muscat 2, Estados Unidos, California: dosis de enzima 1,3 g\/100 kg de uva, maceraci\u00f3n a temperatura ambiente, 7 horas para Rapidase Extra Press y 12 horas para la enzima competidora.<br\/>Pedro Xim\u00e9nez Moscato rosado, Chile, Pisco: dosis de enzima 2 g\/100 kg de uva, maceraci\u00f3n a 16\u201318 \u00b0C durante 6 horas, mosto de escurrido libre.   <\/p>\n<\/div>\n<\/div>\n\n<div style=\"height:30px\" aria-hidden=\"true\" class=\"wp-block-spacer\"><\/div>\n\n<div class=\"wp-block-buttons is-content-justification-center is-layout-flex wp-container-core-buttons-is-layout-16018d1d wp-block-buttons-is-layout-flex\">\n<div class=\"wp-block-button\"><a class=\"wp-block-button__link has-white-color has-text-color has-background wp-element-button\" href=\"https:\/\/dev.oenobrands.com\/product\/enzyme\/rapidase\/extra-press\/\" style=\"background-color:#00a9e0\" target=\"_blank\" rel=\"noreferrer noopener\">Rapidase Extra Press<\/a><\/div>\n<\/div>\n\n<div style=\"height:35px\" aria-hidden=\"true\" class=\"wp-block-spacer\"><\/div>\n\n<p class=\"has-background\" style=\"background-color:#f1f1f1\">Desde un punto de vista operativo y considerando la eficiencia del proceso, <strong>la adici\u00f3n sistem\u00e1tica en la estrujadora facilita las operaciones en bodega y reduce tanto el trabajo<\/strong> necesario como la posibilidad de errores en las etapas de procesado de la uva y del mosto. <strong>El uso de Extra Press tambi\u00e9n contribuye al proceso de limpieza, permitiendo al en\u00f3logo reducir o incluso eliminar la enzima utilizada para la flotaci\u00f3n o el desfangado.<\/strong><\/p>\n\n<div style=\"height:50px\" aria-hidden=\"true\" class=\"wp-block-spacer\"><\/div>\n\n<div class=\"wp-block-columns is-layout-flex wp-container-core-columns-is-layout-9d6595d7 wp-block-columns-is-layout-flex\">\n<div class=\"wp-block-column is-vertically-aligned-center is-layout-flow wp-block-column-is-layout-flow\" style=\"flex-basis:30%\">\n<h1 class=\"wp-block-heading has-text-color has-large-font-size\" style=\"color:#545859\">Descubre la gama RAPIDASE<\/h1>\n\n\n\n<div style=\"height:20px\" aria-hidden=\"true\" class=\"wp-block-spacer\"><\/div>\n\n\n\n<div class=\"wp-block-buttons is-content-justification-left is-layout-flex wp-container-core-buttons-is-layout-fdcfc74e wp-block-buttons-is-layout-flex\">\n<div class=\"wp-block-button\"><a class=\"wp-block-button__link has-background wp-element-button\" href=\"https:\/\/dev.oenobrands.com\/product\/enzyme\/rapidase\/\" style=\"background-color:#545859\" target=\"_blank\" rel=\"noreferrer noopener\">RAPIDASE<\/a><\/div>\n<\/div>\n<\/div>\n\n\n\n<div class=\"wp-block-column is-vertically-aligned-top is-layout-flow wp-block-column-is-layout-flow\" style=\"flex-basis:10%\"><\/div>\n\n\n\n<div class=\"wp-block-column is-vertically-aligned-top is-layout-flow wp-block-column-is-layout-flow\">\n<figure class=\"wp-block-image size-full\"><img decoding=\"async\" src=\"https:\/\/dev.oenobrands.com\/wp-content\/uploads\/2023\/05\/OENOBRANDS-Rapidase-bandeau.png\" alt=\"OENOBRANDS-Rapidase-bandeau\" class=\"wp-image-4529\"\/><\/figure>\n<\/div>\n<\/div>\n\n<div style=\"height:50px\" aria-hidden=\"true\" class=\"wp-block-spacer\"><\/div>\n\n<div class=\"wp-block-group\"><div class=\"wp-block-group__inner-container is-layout-constrained wp-block-group-is-layout-constrained\">\n<div class=\"wp-block-group\"><div class=\"wp-block-group__inner-container is-layout-constrained wp-block-group-is-layout-constrained\">\n<div class=\"wp-block-group\"><div class=\"wp-block-group__inner-container is-layout-constrained wp-block-group-is-layout-constrained\">\n<div class=\"wp-block-group\"><div class=\"wp-block-group__inner-container is-layout-constrained wp-block-group-is-layout-constrained\">\n<hr class=\"wp-block-separator has-text-color has-alpha-channel-opacity has-background\" style=\"background-color:#8a918e;color:#8a918e\"\/>\n<\/div><\/div>\n<\/div><\/div>\n\n\n\n<div class=\"wp-block-group\"><div class=\"wp-block-group__inner-container is-layout-constrained wp-block-group-is-layout-constrained\">\n<div class=\"wp-block-group\"><div class=\"wp-block-group__inner-container is-layout-constrained wp-block-group-is-layout-constrained\">\n<h2 class=\"wp-block-heading\"><strong>\u00bfY usted?<\/strong><\/h2>\n<\/div><\/div>\n<\/div><\/div>\n\n\n\n<div class=\"wp-block-group\"><div class=\"wp-block-group__inner-container is-layout-constrained wp-block-group-is-layout-constrained\">\n<div class=\"wp-block-group\"><div class=\"wp-block-group__inner-container is-layout-constrained wp-block-group-is-layout-constrained\">\n<p>Con un equipo altamente calificado de expertos en diversos campos, Oenobrands se esfuerza por ofrecer a los vinificadores soluciones novedosas y respaldadas cient\u00edficamente, adem\u00e1s de destacar las sinergias positivas entre sus productos.<\/p>\n<\/div><\/div>\n\n\n\n<div class=\"wp-block-group\"><div class=\"wp-block-group__inner-container is-layout-constrained wp-block-group-is-layout-constrained\">\n<div class=\"wp-block-group\"><div class=\"wp-block-group__inner-container is-layout-constrained wp-block-group-is-layout-constrained\">\n<div class=\"wp-block-columns is-layout-flex wp-container-core-columns-is-layout-9d6595d7 wp-block-columns-is-layout-flex\">\n<div class=\"wp-block-column is-vertically-aligned-center is-layout-flow wp-block-column-is-layout-flow\">\n<div class=\"wp-block-group wp-container-content-9cfa9a5a is-content-justification-left\"><div class=\"wp-block-group__inner-container is-layout-constrained wp-container-core-group-is-layout-8c890d92 wp-block-group-is-layout-constrained\">\n<p class=\"has-text-align-left\" style=\"font-size:0.9rem;font-style:normal;font-weight:600;letter-spacing:1px;text-transform:uppercase\">Busque su soluci\u00f3n o producto.<\/p>\n\n\n<form role=\"search\" method=\"get\" action=\"https:\/\/dev.oenobrands.com\/es\/\" class=\"wp-block-search__button-outside wp-block-search__icon-button wp-block-search\"    ><label class=\"wp-block-search__label screen-reader-text\" for=\"wp-block-search__input-1\" >Buscar<\/label><div class=\"wp-block-search__inside-wrapper\"  style=\"width: 100%\"><input class=\"wp-block-search__input\" id=\"wp-block-search__input-1\" placeholder=\"\" value=\"\" type=\"search\" name=\"s\" required  style=\"border-width: 1px\"\/><button aria-label=\"Buscar\" class=\"wp-block-search__button has-icon wp-element-button\" type=\"submit\"  style=\"border-width: 1px\"><svg class=\"search-icon\" viewBox=\"0 0 24 24\" width=\"24\" height=\"24\">\n\t\t\t\t\t<path d=\"M13 5c-3.3 0-6 2.7-6 6 0 1.4.5 2.7 1.3 3.7l-3.8 3.8 1.1 1.1 3.8-3.8c1 .8 2.3 1.3 3.7 1.3 3.3 0 6-2.7 6-6S16.3 5 13 5zm0 10.5c-2.5 0-4.5-2-4.5-4.5s2-4.5 4.5-4.5 4.5 2 4.5 4.5-2 4.5-4.5 4.5z\"><\/path>\n\t\t\t\t<\/svg><\/button><\/div><\/form><\/div><\/div>\n<\/div>\n\n\n\n<div class=\"wp-block-column is-layout-flow wp-block-column-is-layout-flow\" style=\"flex-basis:3px\"><\/div>\n\n\n\n<div class=\"wp-block-column is-layout-flow wp-block-column-is-layout-flow\">\n<p class=\"has-text-align-center\">Cu\u00e9ntenos sobre sus dificultades, y le responderemos.<\/p>\n\n\n\n<div class=\"wp-block-buttons is-content-justification-center is-layout-flex wp-container-core-buttons-is-layout-16018d1d wp-block-buttons-is-layout-flex\">\n<div class=\"wp-block-button is-style-fill\"><a class=\"wp-block-button__link wp-element-button\" href=\"https:\/\/dev.oenobrands.com\/contact-us\/\" target=\"_blank\" rel=\"noreferrer noopener\">Cont\u00e1ctenos<\/a><\/div>\n<\/div>\n<\/div>\n<\/div>\n<\/div><\/div>\n<\/div><\/div>\n<\/div><\/div>\n<\/div><\/div>\n<\/div><\/div>\n\n<div style=\"height:50px\" aria-hidden=\"true\" class=\"wp-block-spacer\"><\/div>\n","protected":false},"excerpt":{"rendered":"<p>El prensado de la uva es una etapa importante en el proceso de elaboraci\u00f3n del vino porque extrae de las uvas el mosto que se fermentar\u00e1 para elaborar vinos blancos y rosados.. Dado que el proceso de prensado tiene una influencia importante en la calidad y el car\u00e1cter del vino final, los en\u00f3logos deben comprender [&hellip;]<\/p>\n","protected":false},"author":3,"featured_media":0,"parent":18404,"menu_order":4,"comment_status":"closed","ping_status":"closed","template":"","meta":{"_acf_changed":false,"_seopress_robots_primary_cat":"0","_seopress_titles_title":"","_seopress_titles_desc":"","_seopress_robots_index":"","_seopress_analysis_target_kw":"","footnotes":""},"class_list":["post-19467","page","type-page","status-publish"],"acf":[],"_links":{"self":[{"href":"https:\/\/dev.oenobrands.com\/es\/wp-json\/wp\/v2\/pages\/19467","targetHints":{"allow":["GET"]}}],"collection":[{"href":"https:\/\/dev.oenobrands.com\/es\/wp-json\/wp\/v2\/pages"}],"about":[{"href":"https:\/\/dev.oenobrands.com\/es\/wp-json\/wp\/v2\/types\/page"}],"author":[{"embeddable":true,"href":"https:\/\/dev.oenobrands.com\/es\/wp-json\/wp\/v2\/users\/3"}],"replies":[{"embeddable":true,"href":"https:\/\/dev.oenobrands.com\/es\/wp-json\/wp\/v2\/comments?post=19467"}],"version-history":[{"count":0,"href":"https:\/\/dev.oenobrands.com\/es\/wp-json\/wp\/v2\/pages\/19467\/revisions"}],"up":[{"embeddable":true,"href":"https:\/\/dev.oenobrands.com\/es\/wp-json\/wp\/v2\/pages\/18404"}],"wp:attachment":[{"href":"https:\/\/dev.oenobrands.com\/es\/wp-json\/wp\/v2\/media?parent=19467"}],"curies":[{"name":"wp","href":"https:\/\/api.w.org\/{rel}","templated":true}]}}