{"id":19459,"date":"2023-10-27T12:13:48","date_gmt":"2023-10-27T10:13:48","guid":{"rendered":"https:\/\/dev.oenobrands.com\/solucion\/aroma-del-vino\/extraccion-de-aromas-de-la-uva\/"},"modified":"2025-10-20T15:48:58","modified_gmt":"2025-10-20T13:48:58","slug":"extraccion-de-aromas-de-la-uva","status":"publish","type":"page","link":"https:\/\/dev.oenobrands.com\/es\/solucion\/aroma-del-vino\/extraccion-de-aromas-de-la-uva\/","title":{"rendered":"Extracci\u00f3n de aromas de la uva"},"content":{"rendered":"\n<div style=\"height:50px\" aria-hidden=\"true\" class=\"wp-block-spacer\"><\/div>\n\n<p>La variedad de uva, el terru\u00f1o, las pr\u00e1cticas culturales y las t\u00e9cnicas de vinificaci\u00f3n influyen en los aromas. Entre las distintas fases de la elaboraci\u00f3n del vino, la extracci\u00f3n de aromas de la uva es esencial para producir un vino de alta calidad. <\/p>\n\n<p>Para ayudar a alcanzar distintos objetivos enol\u00f3gicos, <strong>ofrecemos <\/strong><strong>Rapidase Expression <\/strong>Aroma para vinos blancos y dos soluciones enzim\u00e1ticas adicionales para la extracci\u00f3n de aromas en vinos tintos: <strong>Rapidase Fresh Berry,<\/strong> que ayuda a potenciar los aromas de frutas frescas, y <strong>Rapidase Extra Fruit,<\/strong> que mejora tanto el aroma como la estabilidad del color en condiciones dif\u00edciles.<\/p>\n\n<div style=\"height:30px\" aria-hidden=\"true\" class=\"wp-block-spacer\"><\/div>\n\n<h2 class=\"wp-block-heading\"><strong>\u00bfPor qu\u00e9 es tan importante la extracci\u00f3n de aromas de la uva?<\/strong><\/h2>\n\n<div style=\"height:30px\" aria-hidden=\"true\" class=\"wp-block-spacer\"><\/div>\n\n<div class=\"wp-block-columns is-layout-flex wp-container-core-columns-is-layout-9d6595d7 wp-block-columns-is-layout-flex\">\n<div class=\"wp-block-column is-layout-flow wp-block-column-is-layout-flow\">\n<p>Los compuestos arom\u00e1ticos, tanto libres como ligados, se encuentran principalmente en la piel.<\/p>\n\n\n\n<p><strong>Desde hace a\u00f1os se ha documentado la existencia de glicoconjugados arom\u00e1ticos, as\u00ed como el potencial de precursores de DMS y tioles, como se muestra en la figura adjunta.<\/strong><\/p>\n\n\n\n<p>Esto destaca la necesidad de establecer la estrategia m\u00e1s eficaz para favorecer la difusi\u00f3n de los precursores arom\u00e1ticos dentro del mosto de uva, sin sacrificar la calidad del mosto ni del vino, ni reducir la productividad de la bodega.<\/p>\n<\/div>\n\n\n\n<div class=\"wp-block-column is-layout-flow wp-block-column-is-layout-flow\" style=\"flex-basis:1%\"><\/div>\n\n\n\n<div class=\"wp-block-column is-layout-flow wp-block-column-is-layout-flow\">\n<figure class=\"wp-block-image size-full zoooom is-style-zoooom\"><img decoding=\"async\" src=\"https:\/\/dev.oenobrands.com\/wp-content\/uploads\/2023\/10\/Aroma-extraction-for-grapes-figure0.png\" alt=\"Extracci&#xF3;n de aromas para uvas\" class=\"wp-image-5561\" style=\"aspect-ratio:16\/9;object-fit:cover\"\/><figcaption class=\"wp-element-caption\">Composici\u00f3n de precursores de tioles varietales en bayas de Sauvignon blanc en la piel y la pulpa (precursor cisteinilado de 3MH = Cys-3MH, precursor glutati\u00f3nilado de 3MH = G-3MH, precursor glutati\u00f3nilado de 4MMP = G-4MMP), adaptado de Roland et al., 2010.<\/figcaption><\/figure>\n<\/div>\n<\/div>\n\n<div style=\"height:50px\" aria-hidden=\"true\" class=\"wp-block-spacer\"><\/div>\n\n<h2 class=\"wp-block-heading\"><strong>\u00bfC\u00f3mo optimizar la extracci\u00f3n de aromas de la uva?<\/strong><\/h2>\n\n<div style=\"height:30px\" aria-hidden=\"true\" class=\"wp-block-spacer\"><\/div>\n\n<p>La optimizaci\u00f3n de la extracci\u00f3n de aromas de la uva implica varias pr\u00e1cticas clave.<\/p>\n\n<p>&#8211; <strong>S<\/strong><strong>eleccionar las uvas en su punto \u00f3ptimo de madurez.<\/strong><\/p>\n\n<p>&#8211; <strong>Controlar la temperatura <\/strong>durante la maceraci\u00f3n, teniendo en cuenta que cuanto menor sea la temperatura, m\u00e1s largo deber\u00e1 ser el tiempo de maceraci\u00f3n, lo que favorecer\u00e1 una mayor extracci\u00f3n arom\u00e1tica.<\/p>\n\n<p>&#8211; <strong>Una correcta gesti\u00f3n del ox\u00edgeno <\/strong>tambi\u00e9n es importante para evitar desviaciones oxidativas.<\/p>\n\n<p><\/p>\n\n<p>Finalmente, considere que el uso de enzimas puede ser una herramienta valiosa para mejorar la extracci\u00f3n del aroma. Para ello, <strong>el uso de formulaciones enzim\u00e1ticas adecuadas para la degradaci\u00f3n de la pared celular de la piel favorece la difusi\u00f3n de los precursores del aroma en el mosto.<\/strong> <\/p>\n\n<p><strong>Ajustando estas variables y utilizando las soluciones enzim\u00e1ticas adecuadas, es posible lograr los perfiles arom\u00e1ticos deseados,<\/strong> garantizando que los vinos producidos sean ricos en aromas distintivos y de alta calidad.<\/p>\n\n<div style=\"height:50px\" aria-hidden=\"true\" class=\"wp-block-spacer\"><\/div>\n\n<h2 class=\"wp-block-heading\"><strong>\u00bfC\u00f3mo pueden ayudar las enzimas en la extracci\u00f3n de aromas en vinos blancos y rosados?<\/strong><\/h2>\n\n<div style=\"height:30px\" aria-hidden=\"true\" class=\"wp-block-spacer\"><\/div>\n\n<div class=\"wp-block-columns is-layout-flex wp-container-core-columns-is-layout-9d6595d7 wp-block-columns-is-layout-flex\">\n<div class=\"wp-block-column is-layout-flow wp-block-column-is-layout-flow\">\n<p><strong>El 60\u201370 % del contenido arom\u00e1tico varietal total de las uvas blancas se encuentra en las vacuolas de las primeras 6\u201310 capas de la pared celular primaria de la uva.<\/strong><\/p>\n\n\n\n<p>Formulada especialmente para la maceraci\u00f3n de uvas blancas (maceraci\u00f3n con piel), Rapidase\u00ae Expression Aroma facilita la difusi\u00f3n de los compuestos arom\u00e1ticos y sus precursores en el mosto. <strong>Rapidase Expression Aroma es una enzima granular con alta actividad pectol\u00edtica, asociada a actividades de maceraci\u00f3n espec\u00edficas orientadas a la extracci\u00f3n de precursores arom\u00e1ticos.<\/strong> Esta formulaci\u00f3n es rica en endo-poligalacturonasas y \u03b1N-arabinofuranosidasas, y presenta una cantidad equilibrada de hemicelulasas (principalmente xilanasas).  <strong>La enzima, producida por DSM-Firmenich en la planta de Seclin (Francia), es activa a bajas dosis (1\u20133 g por 100 kg de uvas), en poco tiempo y a temperaturas de hasta 8 \u00b0C. <\/strong>Normalmente, Rapidase Expression Aroma solo necesita de 2 a 3 horas para completar la extracci\u00f3n.<\/p>\n\n\n\n<div style=\"height:30px\" aria-hidden=\"true\" class=\"wp-block-spacer\"><\/div>\n\n\n\n<div class=\"wp-block-buttons is-content-justification-center is-layout-flex wp-container-core-buttons-is-layout-16018d1d wp-block-buttons-is-layout-flex\">\n<div class=\"wp-block-button\"><a class=\"wp-block-button__link wp-element-button\" href=\"https:\/\/dev.oenobrands.com\/product\/enzyme\/rapidase\/expression-aroma\/\" target=\"_blank\" rel=\"noreferrer noopener\">Rapidase Expression Aroma<\/a><\/div>\n<\/div>\n<\/div>\n\n\n\n<div class=\"wp-block-column is-layout-flow wp-block-column-is-layout-flow\" style=\"flex-basis:1%\"><\/div>\n\n\n\n<div class=\"wp-block-column is-layout-flow wp-block-column-is-layout-flow\">\n<p>Como ejemplo, <strong>el impacto de la maceraci\u00f3n prefermentativa utilizando Rapidase Expression Aroma <\/strong><strong>sobre los precursores de tioles en el mosto y los niveles de tioles vol\u00e1tiles en el vino <\/strong><strong>favorece esta pr\u00e1ctica.<\/strong><\/p>\n\n\n\n<figure class=\"wp-block-image size-large zoooom\"><img loading=\"lazy\" decoding=\"async\" width=\"1024\" height=\"637\" src=\"https:\/\/dev.oenobrands.com\/wp-content\/uploads\/2023\/10\/Aroma-extraction-for-grapes-figure1-1024x637.png\" alt=\"Extracci&#xF3;n de aroma de uvas fig1\" class=\"wp-image-5565\" srcset=\"https:\/\/dev.oenobrands.com\/wp-content\/uploads\/2023\/10\/Aroma-extraction-for-grapes-figure1-1024x637.png 1024w, https:\/\/dev.oenobrands.com\/wp-content\/uploads\/2023\/10\/Aroma-extraction-for-grapes-figure1-300x187.png 300w, https:\/\/dev.oenobrands.com\/wp-content\/uploads\/2023\/10\/Aroma-extraction-for-grapes-figure1-768x478.png 768w, https:\/\/dev.oenobrands.com\/wp-content\/uploads\/2023\/10\/Aroma-extraction-for-grapes-figure1.png 1101w\" sizes=\"auto, (max-width: 1024px) 100vw, 1024px\" \/><figcaption class=\"wp-element-caption\">Concentraci\u00f3n en \u00b5g\/L de los principales precursores de tioles en mostos blancos y rosados despu\u00e9s de la clarificaci\u00f3n con y sin Rapidase Expression Aroma a 3 g\/hL, Fondazione Mach de San Michele all\u2019Adige (Italia).<\/figcaption><\/figure>\n<\/div>\n<\/div>\n\n<div style=\"height:50px\" aria-hidden=\"true\" class=\"wp-block-spacer\"><\/div>\n\n<h2 class=\"wp-block-heading\"><strong>\u00bfC\u00f3mo optimizar la extracci\u00f3n de aromas y color en los vinos tintos?<\/strong><\/h2>\n\n<div style=\"height:30px\" aria-hidden=\"true\" class=\"wp-block-spacer\"><\/div>\n\n<p>La vinificaci\u00f3n moderna de vinos tintos exige vinos que sean a la vez <strong>afrutados y visualmente atractivos.<\/strong> Lograr este equilibrio requiere estrategias espec\u00edficas para mejorar de manera eficaz la extracci\u00f3n de aromas y color, especialmente en cosechas dif\u00edciles o con uvas recolectadas tempranamente.<\/p>\n\n<div style=\"height:30px\" aria-hidden=\"true\" class=\"wp-block-spacer\"><\/div>\n\n<div class=\"wp-block-columns has-background is-layout-flex wp-container-core-columns-is-layout-9d6595d7 wp-block-columns-is-layout-flex\" style=\"background-color:#f7f7f7\">\n<div class=\"wp-block-column has-background is-layout-flow wp-block-column-is-layout-flow\" style=\"background-color:#f7f7f7\">\n<p><strong>Rapidase Fresh Berry<\/strong> es una preparaci\u00f3n enzim\u00e1tica l\u00edquida desarrollada para intensificar los aromas frescos y afrutados de bayas rojas y negras, as\u00ed como matices florales y especiados, que probablemente provienen en mayor medida de la acci\u00f3n de las levaduras. <\/p>\n\n\n\n<div style=\"height:30px\" aria-hidden=\"true\" class=\"wp-block-spacer\"><\/div>\n\n\n<div class=\"wp-block-image zoooom is-style-zoooom\">\n<figure class=\"aligncenter size-full\"><img alt=\"\" loading=\"lazy\" decoding=\"async\" width=\"1128\" height=\"804\" src=\"https:\/\/dev.oenobrands.com\/wp-content\/uploads\/2025\/06\/Solution-Aroma-extraction-Rapidase-enzyme-Fresh-Berry-En.png\" alt=\"\" class=\"wp-image-17189\" style=\"object-fit:cover\" srcset=\"https:\/\/dev.oenobrands.com\/wp-content\/uploads\/2025\/06\/Solution-Aroma-extraction-Rapidase-enzyme-Fresh-Berry-En.png 1128w, https:\/\/dev.oenobrands.com\/wp-content\/uploads\/2025\/06\/Solution-Aroma-extraction-Rapidase-enzyme-Fresh-Berry-En-300x214.png 300w, https:\/\/dev.oenobrands.com\/wp-content\/uploads\/2025\/06\/Solution-Aroma-extraction-Rapidase-enzyme-Fresh-Berry-En-1024x730.png 1024w, https:\/\/dev.oenobrands.com\/wp-content\/uploads\/2025\/06\/Solution-Aroma-extraction-Rapidase-enzyme-Fresh-Berry-En-768x547.png 768w\" sizes=\"auto, (max-width: 1128px) 100vw, 1128px\" \/><figcaption class=\"wp-element-caption\">An\u00e1lisis de Componentes Principales (PCA) de los resultados sensoriales de diferentes ensayos de vino en los hemisferios norte y sur,<br\/>que destaca las diferencias arom\u00e1ticas entre los vinos con y sin Rapidase Fresh Berry (2 mL\/hL).<\/figcaption><\/figure>\n<\/div><\/div>\n\n\n\n<div class=\"wp-block-column is-layout-flow wp-block-column-is-layout-flow\" style=\"flex-basis:1%\"><\/div>\n\n\n\n<div class=\"wp-block-column has-background is-layout-flow wp-block-column-is-layout-flow\" style=\"background-color:#f7f7f7\">\n<p>Es ideal para cualquier tipo de maceraci\u00f3n, con o sin remojo en fr\u00edo, permitiendo a los en\u00f3logos producir vinos arom\u00e1ticos comercializables con una sensaci\u00f3n equilibrada en boca y un color intenso.<\/p>\n\n\n\n<div style=\"height:30px\" aria-hidden=\"true\" class=\"wp-block-spacer\"><\/div>\n\n\n\n<div class=\"wp-block-buttons is-content-justification-center is-layout-flex wp-container-core-buttons-is-layout-16018d1d wp-block-buttons-is-layout-flex\">\n<div class=\"wp-block-button\"><a class=\"wp-block-button__link wp-element-button\" href=\"https:\/\/dev.oenobrands.com\/product\/enzyme\/rapidase\/rapidase-fresh-berry\/\" target=\"_blank\" rel=\"noreferrer noopener\">Rapidase Fresh Berry<\/a><\/div>\n<\/div>\n\n\n\n<div style=\"height:50px\" aria-hidden=\"true\" class=\"wp-block-spacer\"><\/div>\n\n\n\n<p>Este an\u00e1lisis PCA confirma el impacto constante de las enzimas en la elaboraci\u00f3n de vinos tintos, demostrando su papel esencial en la mejora de los aromas positivos. Tambi\u00e9n destaca el efecto fiable de Rapidase Fresh Berry sobre los principales atributos del vino: aromas de frutas rojas y negras, intensidad y calidad arom\u00e1tica, sensaci\u00f3n en boca e intensidad del color, independientemente de la a\u00f1ada o la regi\u00f3n. Estos conocimientos proporcionan a los en\u00f3logos una herramienta biotecnol\u00f3gica eficaz para mejorar la expresi\u00f3n arom\u00e1tica y la calidad de los vinos tintos modernos y frescos.<\/p>\n<\/div>\n<\/div>\n\n<div style=\"height:50px\" aria-hidden=\"true\" class=\"wp-block-spacer\"><\/div>\n\n<div class=\"wp-block-columns is-layout-flex wp-container-core-columns-is-layout-9d6595d7 wp-block-columns-is-layout-flex\">\n<div class=\"wp-block-column is-layout-flow wp-block-column-is-layout-flow\">\n<p><strong>Rapidase Extra Fruit <\/strong>es una enzima microgranulada \u00fanica que permite la extracci\u00f3n combinada de precursores arom\u00e1ticos junto con una mejor extracci\u00f3n del color y una mayor estabilidad de los polifenoles, lo que resulta especialmente \u00fatil en cosechas dif\u00edciles en las que las uvas no alcanzan una expresi\u00f3n arom\u00e1tica completa.<\/p>\n\n\n\n<div style=\"height:30px\" aria-hidden=\"true\" class=\"wp-block-spacer\"><\/div>\n\n\n\n<p><strong>Esta enzima tiene un impacto decisivo en la extracci\u00f3n de precursores arom\u00e1ticos de la piel de la uva y en la calidad del color.<\/strong><\/p>\n\n\n\n<div style=\"height:30px\" aria-hidden=\"true\" class=\"wp-block-spacer\"><\/div>\n\n\n\n<div class=\"wp-block-buttons is-content-justification-center is-layout-flex wp-container-core-buttons-is-layout-16018d1d wp-block-buttons-is-layout-flex\">\n<div class=\"wp-block-button\"><a class=\"wp-block-button__link wp-element-button\" href=\"https:\/\/dev.oenobrands.com\/product\/enzyme\/rapidase\/extra-fruit\/\" target=\"_blank\" rel=\"noreferrer noopener\">Rapidase Extra Fruit<\/a><\/div>\n<\/div>\n<\/div>\n\n\n\n<div class=\"wp-block-column is-layout-flow wp-block-column-is-layout-flow\" style=\"flex-basis:1%\"><\/div>\n\n\n\n<div class=\"wp-block-column is-layout-flow wp-block-column-is-layout-flow\"><div class=\"wp-block-image zoooom is-style-zoooom\">\n<figure class=\"aligncenter size-full is-resized\"><img loading=\"lazy\" decoding=\"async\" width=\"525\" height=\"499\" src=\"https:\/\/dev.oenobrands.com\/wp-content\/uploads\/2023\/10\/Aroma-extraction-for-grapes-Colour-figure6.png\" alt=\"Extracci&#xF3;n de aromas para uvas Figura de color 6\" class=\"wp-image-5568\" style=\"width:350px\" srcset=\"https:\/\/dev.oenobrands.com\/wp-content\/uploads\/2023\/10\/Aroma-extraction-for-grapes-Colour-figure6.png 525w, https:\/\/dev.oenobrands.com\/wp-content\/uploads\/2023\/10\/Aroma-extraction-for-grapes-Colour-figure6-300x285.png 300w\" sizes=\"auto, (max-width: 525px) 100vw, 525px\" \/><figcaption class=\"wp-element-caption\">An\u00e1lisis sensorial de vinos Pinot Noir (2008).<\/figcaption><\/figure>\n<\/div><\/div>\n<\/div>\n\n<div style=\"height:50px\" aria-hidden=\"true\" class=\"wp-block-spacer\"><\/div>\n\n<div class=\"wp-block-columns is-layout-flex wp-container-core-columns-is-layout-9d6595d7 wp-block-columns-is-layout-flex\">\n<div class=\"wp-block-column is-vertically-aligned-center is-layout-flow wp-block-column-is-layout-flow\" style=\"flex-basis:30%\">\n<h1 class=\"wp-block-heading has-text-color has-large-font-size\" style=\"color:#545859\">Descubre la gama RAPIDASE<\/h1>\n\n\n\n<div style=\"height:20px\" aria-hidden=\"true\" class=\"wp-block-spacer\"><\/div>\n\n\n\n<div class=\"wp-block-buttons is-content-justification-left is-layout-flex wp-container-core-buttons-is-layout-fdcfc74e wp-block-buttons-is-layout-flex\">\n<div class=\"wp-block-button\"><a class=\"wp-block-button__link has-background wp-element-button\" href=\"https:\/\/dev.oenobrands.com\/product\/enzyme\/rapidase\/\" style=\"background-color:#545859\" target=\"_blank\" rel=\"noreferrer noopener\">RAPIDASE<\/a><\/div>\n\n\n\n<div class=\"wp-block-button\"><a class=\"wp-block-button__link has-background wp-element-button\" href=\"https:\/\/dev.oenobrands.com\/product\/enzyme\/enzyme-choice\/\" style=\"background-color:#545859\" target=\"_blank\" rel=\"noreferrer noopener\">Elecci\u00f3n RAPIDASE<\/a><\/div>\n<\/div>\n<\/div>\n\n\n\n<div class=\"wp-block-column is-vertically-aligned-top is-layout-flow wp-block-column-is-layout-flow\" style=\"flex-basis:10%\"><\/div>\n\n\n\n<div class=\"wp-block-column is-vertically-aligned-top is-layout-flow wp-block-column-is-layout-flow\">\n<figure class=\"wp-block-image size-full\"><img decoding=\"async\" src=\"https:\/\/dev.oenobrands.com\/wp-content\/uploads\/2023\/05\/OENOBRANDS-Rapidase-bandeau.png\" alt=\"OENOBRANDS-Rapidase-bandeau\" class=\"wp-image-4529\"\/><\/figure>\n<\/div>\n<\/div>\n\n<div style=\"height:50px\" aria-hidden=\"true\" class=\"wp-block-spacer\"><\/div>\n\n<div class=\"wp-block-group\"><div class=\"wp-block-group__inner-container is-layout-constrained wp-block-group-is-layout-constrained\">\n<div class=\"wp-block-group\"><div class=\"wp-block-group__inner-container is-layout-constrained wp-block-group-is-layout-constrained\">\n<div class=\"wp-block-group\"><div class=\"wp-block-group__inner-container is-layout-constrained wp-block-group-is-layout-constrained\">\n<div class=\"wp-block-group\"><div class=\"wp-block-group__inner-container is-layout-constrained wp-block-group-is-layout-constrained\">\n<hr class=\"wp-block-separator has-text-color has-alpha-channel-opacity has-background\" style=\"background-color:#8a918e;color:#8a918e\"\/>\n<\/div><\/div>\n<\/div><\/div>\n\n\n\n<div class=\"wp-block-group\"><div class=\"wp-block-group__inner-container is-layout-constrained wp-block-group-is-layout-constrained\">\n<div class=\"wp-block-group\"><div class=\"wp-block-group__inner-container is-layout-constrained wp-block-group-is-layout-constrained\">\n<h2 class=\"wp-block-heading\"><strong>\u00bfY usted?<\/strong><\/h2>\n<\/div><\/div>\n<\/div><\/div>\n\n\n\n<div class=\"wp-block-group\"><div class=\"wp-block-group__inner-container is-layout-constrained wp-block-group-is-layout-constrained\">\n<div class=\"wp-block-group\"><div class=\"wp-block-group__inner-container is-layout-constrained wp-block-group-is-layout-constrained\">\n<p>Con un equipo altamente calificado de expertos en diversos campos, Oenobrands se esfuerza por ofrecer a los vinificadores soluciones novedosas y respaldadas cient\u00edficamente, adem\u00e1s de destacar las sinergias positivas entre sus productos.<\/p>\n<\/div><\/div>\n\n\n\n<div class=\"wp-block-group\"><div class=\"wp-block-group__inner-container is-layout-constrained wp-block-group-is-layout-constrained\">\n<div class=\"wp-block-group\"><div class=\"wp-block-group__inner-container is-layout-constrained wp-block-group-is-layout-constrained\">\n<div class=\"wp-block-columns is-layout-flex wp-container-core-columns-is-layout-9d6595d7 wp-block-columns-is-layout-flex\">\n<div class=\"wp-block-column is-vertically-aligned-center is-layout-flow wp-block-column-is-layout-flow\">\n<div class=\"wp-block-group wp-container-content-9cfa9a5a is-content-justification-left\"><div class=\"wp-block-group__inner-container is-layout-constrained wp-container-core-group-is-layout-8c890d92 wp-block-group-is-layout-constrained\">\n<p class=\"has-text-align-left\" style=\"font-size:0.9rem;font-style:normal;font-weight:600;letter-spacing:1px;text-transform:uppercase\">Busque su soluci\u00f3n o producto.<\/p>\n\n\n<form role=\"search\" method=\"get\" action=\"https:\/\/dev.oenobrands.com\/es\/\" class=\"wp-block-search__button-outside wp-block-search__icon-button wp-block-search\"    ><label class=\"wp-block-search__label screen-reader-text\" for=\"wp-block-search__input-1\" >Buscar<\/label><div class=\"wp-block-search__inside-wrapper\"  style=\"width: 100%\"><input class=\"wp-block-search__input\" id=\"wp-block-search__input-1\" placeholder=\"\" value=\"\" type=\"search\" name=\"s\" required  style=\"border-width: 1px\"\/><button aria-label=\"Buscar\" class=\"wp-block-search__button has-icon wp-element-button\" type=\"submit\"  style=\"border-width: 1px\"><svg class=\"search-icon\" viewBox=\"0 0 24 24\" width=\"24\" height=\"24\">\n\t\t\t\t\t<path d=\"M13 5c-3.3 0-6 2.7-6 6 0 1.4.5 2.7 1.3 3.7l-3.8 3.8 1.1 1.1 3.8-3.8c1 .8 2.3 1.3 3.7 1.3 3.3 0 6-2.7 6-6S16.3 5 13 5zm0 10.5c-2.5 0-4.5-2-4.5-4.5s2-4.5 4.5-4.5 4.5 2 4.5 4.5-2 4.5-4.5 4.5z\"><\/path>\n\t\t\t\t<\/svg><\/button><\/div><\/form><\/div><\/div>\n<\/div>\n\n\n\n<div class=\"wp-block-column is-layout-flow wp-block-column-is-layout-flow\" style=\"flex-basis:3px\"><\/div>\n\n\n\n<div class=\"wp-block-column is-layout-flow wp-block-column-is-layout-flow\">\n<p class=\"has-text-align-center\">Cu\u00e9ntenos sobre sus dificultades, y le responderemos.<\/p>\n\n\n\n<div class=\"wp-block-buttons is-content-justification-center is-layout-flex wp-container-core-buttons-is-layout-16018d1d wp-block-buttons-is-layout-flex\">\n<div class=\"wp-block-button is-style-fill\"><a class=\"wp-block-button__link wp-element-button\" href=\"https:\/\/dev.oenobrands.com\/contact-us\/\" target=\"_blank\" rel=\"noreferrer noopener\">Cont\u00e1ctenos<\/a><\/div>\n<\/div>\n<\/div>\n<\/div>\n<\/div><\/div>\n<\/div><\/div>\n<\/div><\/div>\n<\/div><\/div>\n<\/div><\/div>\n\n<div style=\"height:50px\" aria-hidden=\"true\" class=\"wp-block-spacer\"><\/div>\n","protected":false},"excerpt":{"rendered":"<p>La variedad de uva, el terru\u00f1o, las pr\u00e1cticas culturales y las t\u00e9cnicas de vinificaci\u00f3n influyen en los aromas. Entre las distintas fases de la elaboraci\u00f3n del vino, la extracci\u00f3n de aromas de la uva es esencial para producir un vino de alta calidad. Para ayudar a alcanzar distintos objetivos enol\u00f3gicos, ofrecemos Rapidase Expression Aroma para [&hellip;]<\/p>\n","protected":false},"author":3,"featured_media":0,"parent":19443,"menu_order":0,"comment_status":"closed","ping_status":"closed","template":"","meta":{"_acf_changed":false,"_seopress_robots_primary_cat":"0","_seopress_titles_title":"","_seopress_titles_desc":"","_seopress_robots_index":"","_seopress_analysis_target_kw":"","footnotes":""},"class_list":["post-19459","page","type-page","status-publish"],"acf":[],"_links":{"self":[{"href":"https:\/\/dev.oenobrands.com\/es\/wp-json\/wp\/v2\/pages\/19459","targetHints":{"allow":["GET"]}}],"collection":[{"href":"https:\/\/dev.oenobrands.com\/es\/wp-json\/wp\/v2\/pages"}],"about":[{"href":"https:\/\/dev.oenobrands.com\/es\/wp-json\/wp\/v2\/types\/page"}],"author":[{"embeddable":true,"href":"https:\/\/dev.oenobrands.com\/es\/wp-json\/wp\/v2\/users\/3"}],"replies":[{"embeddable":true,"href":"https:\/\/dev.oenobrands.com\/es\/wp-json\/wp\/v2\/comments?post=19459"}],"version-history":[{"count":0,"href":"https:\/\/dev.oenobrands.com\/es\/wp-json\/wp\/v2\/pages\/19459\/revisions"}],"up":[{"embeddable":true,"href":"https:\/\/dev.oenobrands.com\/es\/wp-json\/wp\/v2\/pages\/19443"}],"wp:attachment":[{"href":"https:\/\/dev.oenobrands.com\/es\/wp-json\/wp\/v2\/media?parent=19459"}],"curies":[{"name":"wp","href":"https:\/\/api.w.org\/{rel}","templated":true}]}}