{"id":19350,"date":"2022-10-19T21:58:54","date_gmt":"2022-10-19T19:58:54","guid":{"rendered":"https:\/\/dev.oenobrands.com\/producto\/bacterias\/maloferm\/"},"modified":"2025-10-20T14:49:56","modified_gmt":"2025-10-20T12:49:56","slug":"maloferm","status":"publish","type":"page","link":"https:\/\/dev.oenobrands.com\/es\/producto\/bacterias\/maloferm\/","title":{"rendered":"MALOFERM"},"content":{"rendered":"\n<div style=\"height:50px\" aria-hidden=\"true\" class=\"wp-block-spacer\"><\/div>\n<div class=\"wp-block-image\">\n<figure class=\"aligncenter size-large is-resized\"><img alt=\"\" loading=\"lazy\" decoding=\"async\" width=\"1024\" height=\"204\" src=\"https:\/\/dev.oenobrands.com\/wp-content\/uploads\/2024\/10\/produit-anchor-bacteries-maloferm-FR-1024x204.png\" alt=\"\" class=\"wp-image-15208\" style=\"width:678px;height:auto\" srcset=\"https:\/\/dev.oenobrands.com\/wp-content\/uploads\/2024\/10\/produit-anchor-bacteries-maloferm-FR-1024x204.png 1024w, https:\/\/dev.oenobrands.com\/wp-content\/uploads\/2024\/10\/produit-anchor-bacteries-maloferm-FR-300x60.png 300w, https:\/\/dev.oenobrands.com\/wp-content\/uploads\/2024\/10\/produit-anchor-bacteries-maloferm-FR-768x153.png 768w, https:\/\/dev.oenobrands.com\/wp-content\/uploads\/2024\/10\/produit-anchor-bacteries-maloferm-FR-1536x306.png 1536w, https:\/\/dev.oenobrands.com\/wp-content\/uploads\/2024\/10\/produit-anchor-bacteries-maloferm-FR.png 1660w\" sizes=\"auto, (max-width: 1024px) 100vw, 1024px\" \/><\/figure>\n<\/div>\n<div style=\"height:50px\" aria-hidden=\"true\" class=\"wp-block-spacer\"><\/div>\n\n<p><strong>La gama Maloferm se ha desarrollado para satisfacer dos requisitos esenciales en la fermentaci\u00f3n malol\u00e1ctica (FML): robustez y mejora arom\u00e1tica.<\/strong><br\/>Cada cepa del portafolio \u2014<strong>Maloferm Plus, Fruity, Vintage y Bouquet<\/strong>\u2014 garantiza fermentaciones completas y fiables, mejorando la complejidad y el equilibrio del vino.<\/p>\n\n<p><strong>En respuesta a la demanda actual de vinos tintos m\u00e1s frescos, afrutados y accesibles<\/strong>, Oenobrands ha lanzado <strong>Maloferm\u00ae Fruta DUO<\/strong>, el primer producto de la nueva <strong>gama DUO<\/strong>, dedicada exclusivamente a la <strong>coinoculaci\u00f3n.<\/strong><br\/>Esta cepa de <em>Oenococcus oeni <\/em>fue seleccionada no solo por su gran capacidad fermentativa, sino tambi\u00e9n por su capacidad para mejorar el perfil de frutas rojas, la suavidad y la calidad sensorial general de los vinos. Gracias a su formulaci\u00f3n espec\u00edfica para coinoculaci\u00f3n, tambi\u00e9n favorece una producci\u00f3n m\u00e1s r\u00e1pida de vinos listos para el mercado.<\/p>\n\n<div style=\"height:50px\" aria-hidden=\"true\" class=\"wp-block-spacer\"><\/div>\n\n<figure class=\"wp-block-image size-full\"><img alt=\"\" loading=\"lazy\" decoding=\"async\" width=\"784\" height=\"178\" src=\"https:\/\/dev.oenobrands.com\/wp-content\/uploads\/2024\/03\/maloferm-sentence.png\" alt=\"\" class=\"wp-image-6189\" srcset=\"https:\/\/dev.oenobrands.com\/wp-content\/uploads\/2024\/03\/maloferm-sentence.png 784w, https:\/\/dev.oenobrands.com\/wp-content\/uploads\/2024\/03\/maloferm-sentence-300x68.png 300w, https:\/\/dev.oenobrands.com\/wp-content\/uploads\/2024\/03\/maloferm-sentence-768x174.png 768w\" sizes=\"auto, (max-width: 784px) 100vw, 784px\" \/><\/figure>\n\n<div style=\"height:50px\" aria-hidden=\"true\" class=\"wp-block-spacer\"><\/div>\n\n<figure class=\"wp-block-table is-style-regular align-top-table\"><table><thead><tr><th><strong>Producto<\/strong><\/th><th><strong>Descripci\u00f3n<\/strong><\/th><th><strong>Aplicaci\u00f3n<\/strong><\/th><th><strong>Propiedades t\u00e9cnicas<\/strong><\/th><\/tr><\/thead><tbody><tr><td><mark style=\"background-color:rgba(0, 0, 0, 0);color:#1d8649\" class=\"has-inline-color\"><strong>MALOFERM <\/strong><\/mark><br\/><mark style=\"background-color:rgba(0, 0, 0, 0);color:#1d8649\" class=\"has-inline-color\"><strong>PLUS<\/strong><\/mark><\/td><td>Cultivo bacteriano para completar la FML en condiciones de fermentaci\u00f3n dif\u00edciles.<br\/><br\/>Alto contenido de SO\u2082<br\/>pH bajo<br\/>Alto contenido alcoh\u00f3lico<br\/>Baja temperatura<\/td><td>Este cultivo bacteriano completa la FML en condiciones dif\u00edciles de bajo pH, alto contenido de azufre y alto contenido alcoh\u00f3lico. Se conserva la frescura y el car\u00e1cter varietal del vino.<br\/><br\/>Inoculaci\u00f3n secuencial.<br\/>Vinos tintos y blancos de alta gama.<br\/>Produce poca o ninguna cantidad de diacetilo.<br\/>Fase de latencia corta y buena cin\u00e9tica de fermentaci\u00f3n.<br\/>Baja producci\u00f3n de acidez vol\u00e1til<br\/>Sin producci\u00f3n de aminas bi\u00f3genas.<\/td><td>Tolerancia a la temperatura: 14 \u00b0C<br\/>pH: 3.1<br\/>SO\u2082 total en la inoculaci\u00f3n: &lt;60 mg\/L<br\/>Tolerancia al alcohol: 16 %<\/td><\/tr><tr><td><strong><mark style=\"background-color:rgba(0, 0, 0, 0);color:#79242f\" class=\"has-inline-color\">MALOFERM <\/mark><br\/><mark style=\"background-color:rgba(0, 0, 0, 0);color:#79242f\" class=\"has-inline-color\">FRUITY<\/mark><\/strong><\/td><td>Cultivo bacteriano para mejorar el perfil arom\u00e1tico durante la FML en vinos tintos y blancos.<br\/><br\/>Frutas rojas<br\/>Frutas negras<br\/>Frutas de hueso<br\/>Floral<\/td><td>Este cultivo bacteriano aumenta la concentraci\u00f3n de \u00e9steres y, como resultado, el perfil arom\u00e1tico total. Esto provoca un aumento de los aromas frutales y florales, as\u00ed como de frutas de hueso y frutas rojas y negras en los vinos tintos.<br\/><br\/>Inoculaci\u00f3n secuencial.<br\/>Vinos tintos y blancos de alta gama.<br\/>Fase de latencia corta y buena cin\u00e9tica de fermentaci\u00f3n.<br\/>Baja producci\u00f3n de acidez vol\u00e1til<br\/>Sin producci\u00f3n de aminas bi\u00f3genas.<\/td><td>Tolerancia a la temperatura: 15 \u00b0C<br\/>pH: 3.2<br\/>SO\u2082 total en la inoculaci\u00f3n: &lt;50 mg\/L<br\/>Tolerancia al alcohol: 15 %<\/td><\/tr><tr><td><strong><mark style=\"background-color:rgba(0, 0, 0, 0);color:#490e67\" class=\"has-inline-color\">MALOFERM<\/mark><br\/><mark style=\"background-color:rgba(0, 0, 0, 0);color:#490e67\" class=\"has-inline-color\">VINTAGE<\/mark><\/strong><\/td><td>Cultivo bacteriano vers\u00e1til para mejorar la calidad de la FML en vinos blancos, rosados y tintos.<br\/><br\/>Calidad<br\/>Volumen<br\/>Sensaci\u00f3n en boca<br\/>Notas varietales<\/td><td>Este cultivo bacteriano mejora la calidad al aumentar el volumen y la sensaci\u00f3n en boca del vino terminado, y reducir los caracteres herb\u00e1ceos y verdes. Todo ello respetando las caracter\u00edsticas<br\/>varietales y de a\u00f1ada.<br\/><br\/>Inoculaci\u00f3n secuencial.<br\/>Vinos blancos, rosados y tintos de alta gama.<br\/>Productor de diacetilo de medio a alto nivel.<br\/>Fase de latencia corta y buena cin\u00e9tica de fermentaci\u00f3n.<br\/>Baja producci\u00f3n de acidez vol\u00e1til<br\/>Sin producci\u00f3n de aminas bi\u00f3genas.<\/td><td>Tolerancia a la temperatura: 16 \u00b0C<br\/>pH: 3.15<br\/>SO\u2082 total en la inoculaci\u00f3n:&lt;45 mg\/L<br\/>Tolerancia al alcohol: 15,5 %<\/td><\/tr><tr><td><mark style=\"background-color:rgba(0, 0, 0, 0);color:#f32735\" class=\"has-inline-color\"><strong>MALOFERM <\/strong><\/mark><br\/><mark style=\"background-color:rgba(0, 0, 0, 0);color:#f32735\" class=\"has-inline-color\"><strong>BOUQUET<\/strong> <\/mark><\/td><td>Cultivo bacteriano vers\u00e1til para aumentar el sabor durante la FML en vinos rosados y tintos.<br\/><br\/>Frutas negras<br\/>Floral<br\/>Volumen<br\/>Calidad<\/td><td>Este cultivo bacteriano mejora la calidad con notas intensificadas de frutas rojas, negras, tropicales y c\u00edtricas, adem\u00e1s de notas florales. Esta mejora arom\u00e1tica se acompa\u00f1a de un mayor volumen, longitud<br\/>y sensaci\u00f3n en boca.<br\/><br\/>Inoculaci\u00f3n secuencial.<br\/>Vinos rosados y tintos de alta gama.<br\/>Productor bajo de diacetilo.<br\/>Fase de latencia corta y buena cin\u00e9tica de fermentaci\u00f3n.<br\/>Baja producci\u00f3n de acidez vol\u00e1til<br\/>Sin producci\u00f3n de aminas bi\u00f3genas.<\/td><td>Tolerancia a la temperatura: 18 \u00b0C<br\/>pH: 3.25<br\/>SO\u2082 total en la inoculaci\u00f3n:&lt;45 mg\/L<br\/>Tolerancia al alcohol: 15 %<\/td><\/tr><\/tbody><\/table><\/figure>\n\n<div style=\"height:50px\" aria-hidden=\"true\" class=\"wp-block-spacer\"><\/div>\n\n<h2 class=\"wp-block-heading\"><strong>Para co-inoculaci\u00f3n<\/strong><\/h2>\n\n<figure class=\"wp-block-table table-fruta-white\"><table class=\"has-white-color has-text-color has-background has-link-color\" style=\"background-color:#901a3a\"><tbody><tr><td><strong>MALOFERM FRUTA DUO<\/strong><\/td><td>Cultivo bacteriano dise\u00f1ado para potenciar los aromas de frutas rojas frescas durante la coinoculaci\u00f3n en vinos tintos.<br\/><br\/>Fresco<br\/>Suave<br\/>Frutal<br\/>Volumen<\/td><td>Este cultivo bacteriano aumenta la intensidad arom\u00e1tica y la frescura de los vinos tintos. Aporta suavidad, cuerpo y volumen, as\u00ed como calidad general al vino.<br\/><br\/>Coinoculaci\u00f3n.<br\/>Vinos tintos ligeros y f\u00e1ciles de beber<br\/>Buena cin\u00e9tica de fermentaci\u00f3n.<br\/>Baja producci\u00f3n de acidez vol\u00e1til<br\/>Sin producci\u00f3n de aminas bi\u00f3genas.<\/td><td>Tolerancia a la temperatura: 18 \u00b0C <br\/>pH: 3.3<br\/>SO\u2082 total en la inoculaci\u00f3n:&lt; 40 mg\/L<br\/>Tolerancia al alcohol: 15 % <\/td><\/tr><\/tbody><\/table><\/figure>\n\n<div style=\"height:50px\" aria-hidden=\"true\" class=\"wp-block-spacer\"><\/div>\n\n<h2 class=\"wp-block-heading\"><strong>Descubra nuestra gama de bacterias Maloferm:<\/strong><\/h2>\n\n<div style=\"height:50px\" aria-hidden=\"true\" class=\"wp-block-spacer\"><\/div>\n","protected":false},"excerpt":{"rendered":"<p>La gama Maloferm se ha desarrollado para satisfacer dos requisitos esenciales en la fermentaci\u00f3n malol\u00e1ctica (FML): robustez y mejora arom\u00e1tica.Cada cepa del portafolio \u2014Maloferm Plus, Fruity, Vintage y Bouquet\u2014 garantiza fermentaciones completas y fiables, mejorando la complejidad y el equilibrio del vino. En respuesta a la demanda actual de vinos tintos m\u00e1s frescos, afrutados y [&hellip;]<\/p>\n","protected":false},"author":3,"featured_media":0,"parent":18308,"menu_order":2,"comment_status":"closed","ping_status":"closed","template":"page-premier-products-list.php","meta":{"_acf_changed":false,"_seopress_robots_primary_cat":"0","_seopress_titles_title":"","_seopress_titles_desc":"","_seopress_robots_index":"","_seopress_analysis_target_kw":"","footnotes":""},"class_list":["post-19350","page","type-page","status-publish"],"acf":[],"_links":{"self":[{"href":"https:\/\/dev.oenobrands.com\/es\/wp-json\/wp\/v2\/pages\/19350","targetHints":{"allow":["GET"]}}],"collection":[{"href":"https:\/\/dev.oenobrands.com\/es\/wp-json\/wp\/v2\/pages"}],"about":[{"href":"https:\/\/dev.oenobrands.com\/es\/wp-json\/wp\/v2\/types\/page"}],"author":[{"embeddable":true,"href":"https:\/\/dev.oenobrands.com\/es\/wp-json\/wp\/v2\/users\/3"}],"replies":[{"embeddable":true,"href":"https:\/\/dev.oenobrands.com\/es\/wp-json\/wp\/v2\/comments?post=19350"}],"version-history":[{"count":0,"href":"https:\/\/dev.oenobrands.com\/es\/wp-json\/wp\/v2\/pages\/19350\/revisions"}],"up":[{"embeddable":true,"href":"https:\/\/dev.oenobrands.com\/es\/wp-json\/wp\/v2\/pages\/18308"}],"wp:attachment":[{"href":"https:\/\/dev.oenobrands.com\/es\/wp-json\/wp\/v2\/media?parent=19350"}],"curies":[{"name":"wp","href":"https:\/\/api.w.org\/{rel}","templated":true}]}}