{"id":19294,"date":"2023-02-24T16:08:35","date_gmt":"2023-02-24T15:08:35","guid":{"rendered":"https:\/\/dev.oenobrands.com\/producto\/levadura\/fermivin\/fermivin-vb1\/"},"modified":"2025-10-20T14:19:12","modified_gmt":"2025-10-20T12:19:12","slug":"fermivin-vb1","status":"publish","type":"page","link":"https:\/\/dev.oenobrands.com\/es\/producto\/levadura\/fermivin\/fermivin-vb1\/","title":{"rendered":"Fermivin VB1"},"content":{"rendered":"\n<h1 class=\"wp-block-heading has-text-color\" style=\"color:#006c39\">Fermivin VB1<\/h1>\n\n<div style=\"height:30px\" aria-hidden=\"true\" class=\"wp-block-spacer\"><\/div>\n\n<h2 class=\"wp-block-heading\"><strong>VINOS BLANCOS SECOS PREMIUM<\/strong><\/h2>\n\n<div style=\"height:30px\" aria-hidden=\"true\" class=\"wp-block-spacer\"><\/div>\n\n<h3 class=\"wp-block-heading\"><strong>PROP\u00d3SITO<\/strong><\/h3>\n\n<p><strong>Fermivin<sup>\u00ae<\/sup> VB1<\/strong> es muy adecuada para fermentar mostos muy claros. Es un fermentador fuerte y tiene una baja demanda de nutrientes. <\/p>\n\n<p>El consumo de una parte del \u00e1cido m\u00e1lico por Fermivin VB1 retrasa el inicio de la fermentaci\u00f3n malol\u00e1ctica.<\/p>\n\n<div style=\"height:50px\" aria-hidden=\"true\" class=\"wp-block-spacer\"><\/div>\n\n<div class=\"wp-block-columns is-layout-flex wp-container-core-columns-is-layout-9d6595d7 wp-block-columns-is-layout-flex\">\n<div class=\"wp-block-column is-layout-flow wp-block-column-is-layout-flow\" style=\"flex-basis:45%\">\n<h3 class=\"wp-block-heading has-text-color\" style=\"color:#006c39\"><strong>Notas de cata<\/strong><\/h3>\n\n\n\n<p>Aromas muy estables que mantienen la frescura de los vinos durante 12 meses, especialmente en vinos elegantes como Riesling y Gr\u00fcner veltliner. Aromas c\u00edtricos, a frutas amarillas y florales, con mineralidad y buena acidez. <\/p>\n\n\n\n<h3 class=\"wp-block-heading has-text-color\" style=\"color:#006c39\"><strong>Caracter\u00edsticas metab\u00f3licas<\/strong><\/h3>\n\n\n\n<figure class=\"wp-block-table\"><table><tbody><tr><td>Producci\u00f3n de SO<sub>\u2082<\/sub><\/td><td>&lt; 10 mg\/L<\/td><\/tr><tr><td>Producci\u00f3n de glicerol<\/td><td>5 \u2013 7 g\/L<\/td><\/tr><tr><td>Producci\u00f3n de \u00e1cido vol\u00e1til<\/td><td>&lt; 0.15 g\/L<\/td><\/tr><tr><td>Producci\u00f3n de acetaldeh\u00eddo<\/td><td>&lt; 20 mg\/L<\/td><\/tr><tr><td>Producci\u00f3n de H<sub>\u2082<\/sub>S<\/td><td>Baja<\/td><\/tr><tr><td>Factor Killer<\/td><td>Killer<\/td><\/tr><tr><td>Producci\u00f3n de vinil-fenol<\/td><td>(POF -) no detectable<\/td><\/tr><\/tbody><\/table><\/figure>\n\n\n\n<h3 class=\"wp-block-heading has-text-color\" style=\"color:#006c39\"><strong>Propiedades enol\u00f3gicas<\/strong><\/h3>\n\n\n\n<figure class=\"wp-block-table\"><table><tbody><tr><td>Cin\u00e9tica de fermentaci\u00f3n<\/td><td>R\u00e1pida<\/td><\/tr><tr><td>Requerimientos nutricionales<\/td><td>Baja<\/td><\/tr><tr><td>Tolerancia al alcohol<\/td><td>16 % vol.<\/td><\/tr><tr><td>Rango de temperatura<\/td><td>12-28 \u00b0C<\/td><\/tr><\/tbody><\/table><\/figure>\n\n\n\n<h3 class=\"wp-block-heading has-text-color\" style=\"color:#006c39\"><strong>Origen<\/strong><\/h3>\n\n\n\n<p><strong>Especie<\/strong>: <em>Saccharomyces cerevisiae <\/em>var. <em>bayanus<\/em>.<br\/><strong>La cepa VB1<\/strong> se seleccion\u00f3 en Alsacia (Francia) y fue validada por OENOBRANDS.<\/p>\n\n\n\n<h3 class=\"wp-block-heading has-text-color\" style=\"color:#006c39\"><strong>Ciencia y Tecnolog\u00eda<\/strong><\/h3>\n\n\n\n<p>Fermivin VB1 est\u00e1 recomendada para la producci\u00f3n de vinos Riesling de calidad por los centros de tecnolog\u00eda e investigaci\u00f3n vitivin\u00edcola m\u00e1s importantes de Alemania.<\/p>\n\n\n\n<figure class=\"wp-block-image size-full is-style-zoooom\"><img alt=\"\" loading=\"lazy\" decoding=\"async\" width=\"882\" height=\"679\" src=\"https:\/\/dev.oenobrands.com\/wp-content\/uploads\/2024\/05\/Product_Fermivin-VB1-1.png\" alt=\"\" class=\"wp-image-6936\" srcset=\"https:\/\/dev.oenobrands.com\/wp-content\/uploads\/2024\/05\/Product_Fermivin-VB1-1.png 882w, https:\/\/dev.oenobrands.com\/wp-content\/uploads\/2024\/05\/Product_Fermivin-VB1-1-300x231.png 300w, https:\/\/dev.oenobrands.com\/wp-content\/uploads\/2024\/05\/Product_Fermivin-VB1-1-768x591.png 768w\" sizes=\"auto, (max-width: 882px) 100vw, 882px\" \/><figcaption class=\"wp-element-caption\">Perfil sensorial de un vino Riesling (Palatinado &#8211; Alemania).<\/figcaption><\/figure>\n\n\n<div class=\"wp-block-image is-style-zoooom\">\n<figure class=\"aligncenter size-full\"><img alt=\"\" loading=\"lazy\" decoding=\"async\" width=\"1126\" height=\"627\" src=\"https:\/\/dev.oenobrands.com\/wp-content\/uploads\/2024\/05\/Product_Fermivin-VB1-2.png\" alt=\"\" class=\"wp-image-6938\" srcset=\"https:\/\/dev.oenobrands.com\/wp-content\/uploads\/2024\/05\/Product_Fermivin-VB1-2.png 1126w, https:\/\/dev.oenobrands.com\/wp-content\/uploads\/2024\/05\/Product_Fermivin-VB1-2-300x167.png 300w, https:\/\/dev.oenobrands.com\/wp-content\/uploads\/2024\/05\/Product_Fermivin-VB1-2-1024x570.png 1024w, https:\/\/dev.oenobrands.com\/wp-content\/uploads\/2024\/05\/Product_Fermivin-VB1-2-768x428.png 768w\" sizes=\"auto, (max-width: 1126px) 100vw, 1126px\" \/><figcaption class=\"wp-element-caption\">Cin\u00e9tica de fermentaci\u00f3n de un vino Riesling (Palatinado &#8211; Alemania)<\/figcaption><\/figure>\n<\/div>\n\n\n<p><\/p>\n\n\n\n<p><\/p>\n<\/div>\n\n\n\n<div class=\"wp-block-column is-layout-flow wp-block-column-is-layout-flow\" style=\"flex-basis:6%\"><\/div>\n\n\n\n<div class=\"wp-block-column has-background is-layout-flow wp-block-column-is-layout-flow\" style=\"background-color:#f7f7f7;flex-basis:45%\">\n<div class=\"wp-block-columns is-layout-flex wp-container-core-columns-is-layout-9d6595d7 wp-block-columns-is-layout-flex\">\n<div class=\"wp-block-column is-layout-flow wp-block-column-is-layout-flow\"><div class=\"wp-block-image\">\n<figure class=\"aligncenter size-full\"><img alt=\"\" loading=\"lazy\" decoding=\"async\" width=\"791\" height=\"295\" src=\"https:\/\/dev.oenobrands.com\/wp-content\/uploads\/2024\/05\/FERMIVIN_VB1.png\" alt=\"\" class=\"wp-image-7564\" srcset=\"https:\/\/dev.oenobrands.com\/wp-content\/uploads\/2024\/05\/FERMIVIN_VB1.png 791w, https:\/\/dev.oenobrands.com\/wp-content\/uploads\/2024\/05\/FERMIVIN_VB1-300x112.png 300w, https:\/\/dev.oenobrands.com\/wp-content\/uploads\/2024\/05\/FERMIVIN_VB1-768x286.png 768w\" sizes=\"auto, (max-width: 791px) 100vw, 791px\" \/><\/figure>\n<\/div><\/div>\n<\/div>\n\n\n\n<div style=\"height:40px\" aria-hidden=\"true\" class=\"wp-block-spacer\"><\/div>\n\n\n\n<div class=\"wp-block-group\"><div class=\"wp-block-group__inner-container is-layout-constrained wp-block-group-is-layout-constrained\">\n<p class=\"has-text-align-center\"><strong>DESCARGAR LA FICHA DE APLICACI\u00d3N<\/strong><\/p>\n\n\n\n<div class=\"wp-block-columns is-not-stacked-on-mobile is-layout-flex wp-container-core-columns-is-layout-9d6595d7 wp-block-columns-is-layout-flex\">\n<div class=\"wp-block-column is-layout-flow wp-block-column-is-layout-flow\">\n<figure class=\"wp-block-image size-full\"><a href=\"https:\/\/dev.oenobrands.com\/wp-content\/uploads\/2024\/10\/FERMIVIN-ADS-VB1-2023-EN_21x297_G_05.pdf\" target=\"_blank\" rel=\"noreferrer noopener\"><img loading=\"lazy\" decoding=\"async\" width=\"180\" height=\"94\" src=\"https:\/\/dev.oenobrands.com\/wp-content\/uploads\/2023\/04\/flag-united-states-english-american.png\" alt=\"bandera-estadounidense-ingles-americano\" class=\"wp-image-2510\"\/><\/a><\/figure>\n<\/div>\n\n\n\n<div class=\"wp-block-column is-layout-flow wp-block-column-is-layout-flow\">\n<figure class=\"wp-block-image size-full\"><a href=\"https:\/\/dev.oenobrands.com\/wp-content\/uploads\/2024\/10\/FERMIVIN-ADS-VB1-2024-FR_21x297_G_02.pdf\" target=\"_blank\" rel=\"noreferrer noopener\"><img loading=\"lazy\" decoding=\"async\" width=\"180\" height=\"94\" src=\"https:\/\/dev.oenobrands.com\/wp-content\/uploads\/2023\/04\/drapeau-francais-france.png\" alt=\"bandera-francesa-francia\" class=\"wp-image-2508\"\/><\/a><\/figure>\n<\/div>\n\n\n\n<div class=\"wp-block-column is-layout-flow wp-block-column-is-layout-flow\">\n<figure class=\"wp-block-image size-full\"><a href=\"https:\/\/dev.oenobrands.com\/wp-content\/uploads\/2024\/10\/FERMIVIN-ADS-VB1-2024-ES_21x297_G_02.pdf\" target=\"_blank\" rel=\"noreferrer noopener\"><img loading=\"lazy\" decoding=\"async\" width=\"180\" height=\"94\" src=\"https:\/\/dev.oenobrands.com\/wp-content\/uploads\/2023\/04\/bandiera-spagnola-spagna.png\" alt=\"bandera bandera bandiera spagnola spagna\" class=\"wp-image-2506\"\/><\/a><\/figure>\n<\/div>\n\n\n\n<div class=\"wp-block-column is-layout-flow wp-block-column-is-layout-flow\">\n<figure class=\"wp-block-image size-full\"><a href=\"https:\/\/dev.oenobrands.com\/wp-content\/uploads\/2024\/10\/FERMIVIN-ADS-VB1-2023-IT-21x297_G_02.pdf\" target=\"_blank\" rel=\"noreferrer noopener\"><img loading=\"lazy\" decoding=\"async\" width=\"180\" height=\"94\" src=\"https:\/\/dev.oenobrands.com\/wp-content\/uploads\/2023\/04\/bandiera-italiana-italy.png\" alt=\"bandera-italiana-italia\" class=\"wp-image-2512\"\/><\/a><\/figure>\n<\/div>\n\n\n\n<div class=\"wp-block-column is-layout-flow wp-block-column-is-layout-flow\">\n<figure class=\"wp-block-image size-full\"><a href=\"https:\/\/dev.oenobrands.com\/wp-content\/uploads\/2024\/10\/FERMIVIN-ADS-VB1-2024-PT-21x297_G_02.pdf\" target=\"_blank\" rel=\"noreferrer noopener\"><img loading=\"lazy\" decoding=\"async\" width=\"180\" height=\"94\" src=\"https:\/\/dev.oenobrands.com\/wp-content\/uploads\/2024\/05\/Flag-drapeau-Portugal.png\" alt=\"bandera-portuguesa-portugal\" class=\"wp-image-7139\"\/><\/a><\/figure>\n<\/div>\n\n\n\n<div class=\"wp-block-column is-layout-flow wp-block-column-is-layout-flow\">\n<figure class=\"wp-block-image size-full\"><a href=\"https:\/\/dev.oenobrands.com\/wp-content\/uploads\/2024\/10\/FERMIVIN-ADS-VB1-2023_ALL_21x297_G_03.pdf\" target=\"_blank\" rel=\"noreferrer noopener\"><img loading=\"lazy\" decoding=\"async\" width=\"180\" height=\"94\" src=\"https:\/\/dev.oenobrands.com\/wp-content\/uploads\/2023\/05\/Flagge-Deutschland.png\" alt=\"bandera-alemania-bandera\" class=\"wp-image-3550\"\/><\/a><\/figure>\n<\/div>\n<\/div>\n<\/div><\/div>\n\n\n\n<hr class=\"wp-block-separator has-text-color has-black-color has-alpha-channel-opacity has-black-background-color has-background\"\/>\n\n\n\n<div class=\"wp-block-buttons is-content-justification-center is-layout-flex wp-container-core-buttons-is-layout-16018d1d wp-block-buttons-is-layout-flex\">\n<div class=\"wp-block-button\"><a class=\"wp-block-button__link has-white-color has-text-color has-background has-text-align-center wp-element-button\" href=\"https:\/\/dev.oenobrands.com\/distributor\/\" style=\"background-color:#162638\" target=\"_blank\" rel=\"noreferrer noopener\">Su distribuidor<\/a><\/div>\n<\/div>\n\n\n\n<hr class=\"wp-block-separator has-text-color has-alpha-channel-opacity has-background\" style=\"background-color:#162638;color:#162638\"\/>\n\n\n\n<h3 class=\"wp-block-heading\"><strong>DOSIS DE USO Y ENVASADO<\/strong><\/h3>\n\n\n\n<div style=\"height:30px\" aria-hidden=\"true\" class=\"wp-block-spacer\"><\/div>\n\n\n\n<div class=\"wp-block-media-text is-stacked-on-mobile\" style=\"grid-template-columns:30% auto\"><figure class=\"wp-block-media-text__media\"><img loading=\"lazy\" decoding=\"async\" width=\"196\" height=\"74\" src=\"https:\/\/dev.oenobrands.com\/wp-content\/uploads\/2024\/06\/Fermivin_VB1-_mini_sticker-removebg-preview.png\" alt=\"Fermivin-VB1-wine-yeast\" class=\"wp-image-8721 size-full\"\/><\/figure><div class=\"wp-block-media-text__content\">\n<p><strong>Fermivin VB1 classic<\/strong><br\/>Dosis de uso recomendada: 20 g\/hL.<br\/>Envasado: envases al vac\u00edo de 500 g y de 15 Kg.<\/p>\n<\/div><\/div>\n\n\n\n<div class=\"wp-block-media-text is-stacked-on-mobile\" style=\"grid-template-columns:30% auto\"><figure class=\"wp-block-media-text__media\"><img alt=\"\" loading=\"lazy\" decoding=\"async\" width=\"341\" height=\"129\" src=\"https:\/\/dev.oenobrands.com\/wp-content\/uploads\/2024\/07\/Label-In-line-ready-Fermivin-VB1-ILR-mini-82x31-px.png\" alt=\"\" class=\"wp-image-11155 size-full\" srcset=\"https:\/\/dev.oenobrands.com\/wp-content\/uploads\/2024\/07\/Label-In-line-ready-Fermivin-VB1-ILR-mini-82x31-px.png 341w, https:\/\/dev.oenobrands.com\/wp-content\/uploads\/2024\/07\/Label-In-line-ready-Fermivin-VB1-ILR-mini-82x31-px-300x113.png 300w\" sizes=\"auto, (max-width: 341px) 100vw, 341px\" \/><\/figure><div class=\"wp-block-media-text__content\">\n<p><strong>In-Line Ready Fermivin VB1<br\/><\/strong>Dosis de uso recomendada: 30 g\/hL<br\/>Envasado: envases al vac\u00edo de 500 g.<\/p>\n<\/div><\/div>\n\n\n\n<h3 class=\"wp-block-heading\"><strong>Especificaciones<\/strong><\/h3>\n\n\n\n<p><strong>Fermivin VB1<\/strong> contiene m\u00e1s de 10 mil millones de c\u00e9lulas secas<br\/>activas por gramo.<\/p>\n\n\n\n<h3 class=\"wp-block-heading\"><strong>Almacenamiento<\/strong><\/h3>\n\n\n\n<p>Debe almacenarse en su envase original sellado, en un lugar fresco (5\u201315 \u00b0C \/ 41\u201359 \u00b0F) y seco.<\/p>\n\n\n\n<p><\/p>\n<\/div>\n<\/div>\n\n<div class=\"wp-block-group\"><div class=\"wp-block-group__inner-container is-layout-constrained wp-block-group-is-layout-constrained\">\n<div style=\"height:30px\" aria-hidden=\"true\" class=\"wp-block-spacer\"><\/div>\n\n\n\n<hr class=\"wp-block-separator has-text-color has-black-color has-alpha-channel-opacity has-black-background-color has-background\"\/>\n<\/div><\/div>\n\n<div class=\"wp-block-columns is-layout-flex wp-container-core-columns-is-layout-9d6595d7 wp-block-columns-is-layout-flex\">\n<div class=\"wp-block-column is-layout-flow wp-block-column-is-layout-flow\">\n<div class=\"wp-block-group\"><div class=\"wp-block-group__inner-container is-layout-constrained wp-block-group-is-layout-constrained\">\n<h2 class=\"wp-block-heading\"><strong><strong>Explorar soluciones relacionadas<\/strong><\/strong><\/h2>\n\n\n\n<div style=\"height:30px\" aria-hidden=\"true\" class=\"wp-block-spacer\"><\/div>\n\n\n\n<p><strong>\u00bfBuscas un enfoque m\u00e1s hol\u00edstico de la vinificaci\u00f3n?<\/strong> Descubre nuestras soluciones enol\u00f3gicas avanzadas relacionadas con <strong>Fermivin VB1.<\/strong><\/p>\n\n\n\n<div style=\"height:30px\" aria-hidden=\"true\" class=\"wp-block-spacer\"><\/div>\n\n\n\n<div class=\"wp-block-columns are-vertically-aligned-center is-layout-flex wp-container-core-columns-is-layout-9d6595d7 wp-block-columns-is-layout-flex\">\n<div class=\"wp-block-column is-vertically-aligned-center is-layout-flow wp-block-column-is-layout-flow\" style=\"flex-basis:100%\">\n<div class=\"wp-block-buttons is-content-justification-center is-layout-flex wp-container-core-buttons-is-layout-16018d1d wp-block-buttons-is-layout-flex\">\n<div class=\"wp-block-button is-style-fill\"><a class=\"wp-block-button__link wp-element-button\" href=\"https:\/\/dev.oenobrands.com\/solution\/alcoholic-fermentation\/yeast-inoculation\/\" target=\"_blank\" rel=\"noreferrer noopener\">Inoculaci\u00f3n de levaduras<\/a><\/div>\n\n\n\n<div class=\"wp-block-button is-style-fill\"><a class=\"wp-block-button__link wp-element-button\" href=\"https:\/\/dev.oenobrands.com\/solution\/alcoholic-fermentation\/direct-yeast-inoculation\/\" target=\"_blank\" rel=\"noreferrer noopener\">Inoculaci\u00f3n directa de levadura<\/a><\/div>\n\n\n\n<div class=\"wp-block-button is-style-fill\"><a class=\"wp-block-button__link wp-element-button\" href=\"https:\/\/dev.oenobrands.com\/solution\/alcoholic-fermentation\/yeast-choice\/\" target=\"_blank\" rel=\"noreferrer noopener\">Selecci\u00f3n de levaduras<\/a><\/div>\n\n\n\n<div class=\"wp-block-button is-style-fill\"><a class=\"wp-block-button__link wp-element-button\" href=\"https:\/\/dev.oenobrands.com\/key-positive-aroma-compounds\/\" target=\"_blank\" rel=\"noreferrer noopener\">Compuestos arom\u00e1ticos<\/a><\/div>\n<\/div>\n<\/div>\n<\/div>\n<\/div><\/div>\n\n\n\n<div style=\"height:30px\" aria-hidden=\"true\" class=\"wp-block-spacer\"><\/div>\n<\/div>\n\n\n\n<div class=\"wp-block-column is-layout-flow wp-block-column-is-layout-flow\">\n<h2 class=\"wp-block-heading\"><strong>\u00bfBusca algo m\u00e1s?<\/strong><\/h2>\n\n\n\n<div style=\"height:30px\" aria-hidden=\"true\" class=\"wp-block-spacer\"><\/div>\n\n\n\n<p>Visite nuestra secci\u00f3n de Soluciones, donde ofrecemos orientaci\u00f3n experta, conocimientos populares y nuevos enfoques organizados seg\u00fan el proceso de vinificaci\u00f3n. <strong>Desde la fermentaci\u00f3n hasta la filtraci\u00f3n y el embotellado, le ofrecemos soluciones para mejorar cada etapa de su proceso de elaboraci\u00f3n del vino.<\/strong><\/p>\n\n\n\n<div style=\"height:30px\" aria-hidden=\"true\" class=\"wp-block-spacer\"><\/div>\n\n\n\n<div class=\"wp-block-columns are-vertically-aligned-center is-layout-flex wp-container-core-columns-is-layout-9d6595d7 wp-block-columns-is-layout-flex\">\n<div class=\"wp-block-column is-vertically-aligned-center is-layout-flow wp-block-column-is-layout-flow\" style=\"flex-basis:100%\">\n<div class=\"wp-block-buttons is-content-justification-center is-layout-flex wp-container-core-buttons-is-layout-16018d1d wp-block-buttons-is-layout-flex\">\n<div class=\"wp-block-button is-style-fill\"><a class=\"wp-block-button__link wp-element-button\" href=\"https:\/\/dev.oenobrands.com\/solution\/\" target=\"_blank\" rel=\"noreferrer noopener\">Soluciones enol\u00f3gicas avanzadas<\/a><\/div>\n<\/div>\n<\/div>\n<\/div>\n<\/div>\n<\/div>\n\n<hr class=\"wp-block-separator has-text-color has-black-color has-alpha-channel-opacity has-black-background-color has-background\"\/>\n\n<div style=\"height:30px\" aria-hidden=\"true\" class=\"wp-block-spacer\"><\/div>\n\n<div class=\"wp-block-columns is-layout-flex wp-container-core-columns-is-layout-9d6595d7 wp-block-columns-is-layout-flex\">\n<div class=\"wp-block-column is-vertically-aligned-center is-layout-flow wp-block-column-is-layout-flow\" style=\"flex-basis:30%\">\n<h1 class=\"wp-block-heading has-text-color\" style=\"color:#545859\">Descubra la gama FERMIVIN <\/h1>\n\n\n\n<div style=\"height:20px\" aria-hidden=\"true\" class=\"wp-block-spacer\"><\/div>\n\n\n\n<div class=\"wp-block-buttons is-content-justification-center is-layout-flex wp-container-core-buttons-is-layout-16018d1d wp-block-buttons-is-layout-flex\">\n<div class=\"wp-block-button\"><a class=\"wp-block-button__link has-background wp-element-button\" href=\"https:\/\/dev.oenobrands.com\/product\/yeast\/fermivin-yeast\/\" style=\"background-color:#545859\" target=\"_blank\" rel=\"noreferrer noopener\">FERMIVIN<\/a><\/div>\n<\/div>\n<\/div>\n\n\n\n<div class=\"wp-block-column is-layout-flow wp-block-column-is-layout-flow\" style=\"flex-basis:10%\"><\/div>\n\n\n\n<div class=\"wp-block-column is-layout-flow wp-block-column-is-layout-flow\"><div class=\"wp-block-image\">\n<figure class=\"aligncenter size-full\"><img loading=\"lazy\" decoding=\"async\" width=\"350\" height=\"67\" src=\"https:\/\/dev.oenobrands.com\/wp-content\/uploads\/2023\/04\/Oenobrands-Fermivin-logo400-e1683143710792.png\" alt=\"oenobrands-fermivin-logo-350\" class=\"wp-image-2709\" srcset=\"https:\/\/dev.oenobrands.com\/wp-content\/uploads\/2023\/04\/Oenobrands-Fermivin-logo400-e1683143710792.png 350w, https:\/\/dev.oenobrands.com\/wp-content\/uploads\/2023\/04\/Oenobrands-Fermivin-logo400-e1683143710792-300x57.png 300w\" sizes=\"auto, (max-width: 350px) 100vw, 350px\" \/><\/figure>\n<\/div><\/div>\n<\/div>\n\n<div style=\"height:50px\" aria-hidden=\"true\" class=\"wp-block-spacer\"><\/div>\n","protected":false},"excerpt":{"rendered":"<p>Fermivin VB1 VINOS BLANCOS SECOS PREMIUM PROP\u00d3SITO Fermivin\u00ae VB1 es muy adecuada para fermentar mostos muy claros. Es un fermentador fuerte y tiene una baja demanda de nutrientes. El consumo de una parte del \u00e1cido m\u00e1lico por Fermivin VB1 retrasa el inicio de la fermentaci\u00f3n malol\u00e1ctica. Notas de cata Aromas muy estables que mantienen la [&hellip;]<\/p>\n","protected":false},"author":3,"featured_media":0,"parent":17941,"menu_order":9,"comment_status":"closed","ping_status":"closed","template":"page-product.php","meta":{"_acf_changed":false,"_seopress_robots_primary_cat":"0","_seopress_titles_title":"","_seopress_titles_desc":"","_seopress_robots_index":"","_seopress_analysis_target_kw":"","footnotes":""},"class_list":["post-19294","page","type-page","status-publish"],"acf":[],"_links":{"self":[{"href":"https:\/\/dev.oenobrands.com\/es\/wp-json\/wp\/v2\/pages\/19294","targetHints":{"allow":["GET"]}}],"collection":[{"href":"https:\/\/dev.oenobrands.com\/es\/wp-json\/wp\/v2\/pages"}],"about":[{"href":"https:\/\/dev.oenobrands.com\/es\/wp-json\/wp\/v2\/types\/page"}],"author":[{"embeddable":true,"href":"https:\/\/dev.oenobrands.com\/es\/wp-json\/wp\/v2\/users\/3"}],"replies":[{"embeddable":true,"href":"https:\/\/dev.oenobrands.com\/es\/wp-json\/wp\/v2\/comments?post=19294"}],"version-history":[{"count":0,"href":"https:\/\/dev.oenobrands.com\/es\/wp-json\/wp\/v2\/pages\/19294\/revisions"}],"up":[{"embeddable":true,"href":"https:\/\/dev.oenobrands.com\/es\/wp-json\/wp\/v2\/pages\/17941"}],"wp:attachment":[{"href":"https:\/\/dev.oenobrands.com\/es\/wp-json\/wp\/v2\/media?parent=19294"}],"curies":[{"name":"wp","href":"https:\/\/api.w.org\/{rel}","templated":true}]}}