{"id":19240,"date":"2022-10-20T10:33:19","date_gmt":"2022-10-20T08:33:19","guid":{"rendered":"https:\/\/dev.oenobrands.com\/fml-secuencial\/"},"modified":"2025-10-20T15:08:18","modified_gmt":"2025-10-20T13:08:18","slug":"fml-secuencial","status":"publish","type":"page","link":"https:\/\/dev.oenobrands.com\/es\/solucion\/fermentacion-malolactica\/fml-secuencial\/","title":{"rendered":"FML secuencial"},"content":{"rendered":"\n<div style=\"height:50px\" aria-hidden=\"true\" class=\"wp-block-spacer\"><\/div>\n\n<h2 class=\"wp-block-heading\"><strong>Asegure su FML secuencial para lograr estabilidad y finura sensorial<\/strong><\/h2>\n\n<div style=\"height:30px\" aria-hidden=\"true\" class=\"wp-block-spacer\"><\/div>\n\n<p><strong>Despu\u00e9s de la fermentaci\u00f3n alcoh\u00f3lica, la fermentaci\u00f3n malol\u00e1ctica (FML) puede resultar complicada.<\/strong><br\/>Un pH bajo, un alto contenido alcoh\u00f3lico, la falta de nutrientes y los inhibidores de fermentaci\u00f3n pueden dificultar el \u00e9xito de las bacterias l\u00e1cticas.<\/p>\n\n<p>En Oenobrands, ofrecemos una gama completa de bacterias y nutrientes seleccionados espec\u00edficamente para la FML secuencial. Aqu\u00ed encontrar\u00e1 la soluci\u00f3n ideal, ya sea que su prioridad sea la precisi\u00f3n arom\u00e1tica o la seguridad fermentativa.<\/p>\n\n<p><strong>Explore nuestras cepas recomendadas y descubra c\u00f3mo optimizar su FML secuencial.<\/strong><\/p>\n\n<div style=\"height:50px\" aria-hidden=\"true\" class=\"wp-block-spacer\"><\/div>\n\n<h2 class=\"wp-block-heading\"><strong>\u00bfQu\u00e9 bacterias utilizar para la FML secuencial?<\/strong><\/h2>\n\n<div style=\"height:30px\" aria-hidden=\"true\" class=\"wp-block-spacer\"><\/div>\n\n<p>Elija su cepa seg\u00fan el estilo y las condiciones de su vino. Todas las cepas son de <em>Oenococcus oeni<\/em> y han sido seleccionadas por su fiabilidad enol\u00f3gica.<\/p>\n\n<div class=\"wp-block-columns is-layout-flex wp-container-core-columns-is-layout-9d6595d7 wp-block-columns-is-layout-flex\">\n<div class=\"wp-block-column is-vertically-aligned-top is-layout-flow wp-block-column-is-layout-flow\">\n<p><strong>Gama Anchor SOLO<\/strong><\/p>\n\n\n\n<ul class=\"wp-block-list\">\n<li><strong>Solo<sup>\u00ae<\/sup> Select<\/strong><br\/>FML fiable con car\u00e1cter de frutas negras y especias. Ideal para vinos tintos con cuerpo.<\/li>\n\n\n\n<li><strong>Solo<sup>\u00ae<\/sup> Aurora <span style=\"color: #ffffff; background-color: #cf1b2b; font-size: 0.7em; padding: 2px 6px; border-radius: 3px; margin-left: 5px;\">NEW<\/span><\/strong><br\/>Aporta fruta roja fresca, volumen y vivacidad. Perfecto para vinos modernos y expresivos.<\/li>\n<\/ul>\n\n\n\n<div class=\"wp-block-buttons is-content-justification-center is-layout-flex wp-container-core-buttons-is-layout-16018d1d wp-block-buttons-is-layout-flex\">\n<div class=\"wp-block-button\"><a class=\"wp-block-button__link wp-element-button\" href=\"https:\/\/dev.oenobrands.com\/product\/bacteria\/anchor-bacteria\/solo-select\/\" target=\"_blank\" rel=\"noreferrer noopener\">SOLO Select<\/a><\/div>\n\n\n\n<div class=\"wp-block-button\"><a class=\"wp-block-button__link wp-element-button\" href=\"https:\/\/dev.oenobrands.com\/product\/bacteria\/anchor-bacteria\/solo-aurora\/\" target=\"_blank\" rel=\"noreferrer noopener\">SOLO Aurora<\/a><\/div>\n<\/div>\n<\/div>\n\n\n\n<div class=\"wp-block-column is-vertically-aligned-center is-layout-flow wp-block-column-is-layout-flow\" style=\"flex-basis:2%\"><\/div>\n\n\n\n<div class=\"wp-block-column is-vertically-aligned-top is-layout-flow wp-block-column-is-layout-flow\">\n<p><strong>Gama MALOFERM<\/strong><\/p>\n\n\n\n<ul class=\"wp-block-list\">\n<li><strong>Maloferm<sup>\u00ae<\/sup> Fruity<\/strong><br\/>Potencia la expresi\u00f3n frutal. Funciona incluso a pH bajos.<br\/><\/li>\n\n\n\n<li><strong>Maloferm<sup>\u00ae <\/sup>Bouquet<\/strong><br\/>Desarrolla complejidad floral, ideal para vinos delicados.<br\/><\/li>\n\n\n\n<li><strong>Maloferm<sup>\u00ae <\/sup>Vintage<\/strong><br\/>Alta tolerancia al alcohol. Perfecto para tintos de climas c\u00e1lidos.<br\/><\/li>\n\n\n\n<li><strong>Maloferm<sup>\u00ae<\/sup> Plus<\/strong><br\/>Cepa robusta y vers\u00e1til para una fermentaci\u00f3n segura y vinos equilibrados.<\/li>\n<\/ul>\n\n\n\n<div class=\"wp-block-columns is-layout-flex wp-container-core-columns-is-layout-9d6595d7 wp-block-columns-is-layout-flex\">\n<div class=\"wp-block-column is-layout-flow wp-block-column-is-layout-flow\">\n<div class=\"wp-block-buttons is-content-justification-center is-layout-flex wp-container-core-buttons-is-layout-16018d1d wp-block-buttons-is-layout-flex\">\n<div class=\"wp-block-button\"><a class=\"wp-block-button__link wp-element-button\" href=\"https:\/\/dev.oenobrands.com\/product\/bacteria\/maloferm\/bouquet\/\" target=\"_blank\" rel=\"noreferrer noopener\">Maloferm Bouquet<\/a><\/div>\n\n\n\n<div class=\"wp-block-button\"><a class=\"wp-block-button__link wp-element-button\" href=\"https:\/\/dev.oenobrands.com\/product\/bacteria\/maloferm\/plus\/\" target=\"_blank\" rel=\"noreferrer noopener\">Maloferm Plus<\/a><\/div>\n<\/div>\n<\/div>\n\n\n\n<div class=\"wp-block-column is-layout-flow wp-block-column-is-layout-flow\">\n<div class=\"wp-block-buttons is-content-justification-center is-layout-flex wp-container-core-buttons-is-layout-16018d1d wp-block-buttons-is-layout-flex\">\n<div class=\"wp-block-button\"><a class=\"wp-block-button__link wp-element-button\" href=\"https:\/\/dev.oenobrands.com\/product\/bacteria\/maloferm\/fruity\/\" target=\"_blank\" rel=\"noreferrer noopener\">Maloferm Fruity<\/a><\/div>\n\n\n\n<div class=\"wp-block-button\"><a class=\"wp-block-button__link wp-element-button\" href=\"https:\/\/dev.oenobrands.com\/product\/bacteria\/maloferm\/vintage\/\" target=\"_blank\" rel=\"noreferrer noopener\">Maloferm Vintage<\/a><\/div>\n<\/div>\n<\/div>\n<\/div>\n<\/div>\n<\/div>\n\n<div style=\"height:30px\" aria-hidden=\"true\" class=\"wp-block-spacer\"><\/div>\n\n<h2 class=\"wp-block-heading\"><strong>No se trata solo de completar la FML<\/strong><\/h2>\n\n<div style=\"height:30px\" aria-hidden=\"true\" class=\"wp-block-spacer\"><\/div>\n\n<p>Las bacterias que elija tambi\u00e9n dan forma al vino.<\/p>\n\n<p>Nuestras cepas seleccionadas no solo completan la fermentaci\u00f3n malol\u00e1ctica. Tambi\u00e9n mejoran el perfil sensorial.<\/p>\n\n<div style=\"height:30px\" aria-hidden=\"true\" class=\"wp-block-spacer\"><\/div>\n\n<div class=\"wp-block-columns are-vertically-aligned-top is-layout-flex wp-container-core-columns-is-layout-9d6595d7 wp-block-columns-is-layout-flex\">\n<div class=\"wp-block-column is-vertically-aligned-top is-layout-flow wp-block-column-is-layout-flow\"><div class=\"wp-block-image is-style-zoooom\">\n<figure class=\"aligncenter size-full is-resized\"><img alt=\"\" loading=\"lazy\" decoding=\"async\" width=\"738\" height=\"549\" src=\"https:\/\/dev.oenobrands.com\/wp-content\/uploads\/2025\/06\/EN-solution-mlf-sequential-anchor-solo-aurora-select-fig-2-vitec-1.png\" alt=\"\" class=\"wp-image-17456\" style=\"width:auto;height:200px\" srcset=\"https:\/\/dev.oenobrands.com\/wp-content\/uploads\/2025\/06\/EN-solution-mlf-sequential-anchor-solo-aurora-select-fig-2-vitec-1.png 738w, https:\/\/dev.oenobrands.com\/wp-content\/uploads\/2025\/06\/EN-solution-mlf-sequential-anchor-solo-aurora-select-fig-2-vitec-1-300x223.png 300w\" sizes=\"auto, (max-width: 738px) 100vw, 738px\" \/><figcaption class=\"wp-element-caption\">An\u00e1lisis sensorial: Tempranillo, Vitec, Espa\u00f1a (cosecha 2023).<\/figcaption><\/figure>\n<\/div>\n\n<div class=\"wp-block-image is-style-zoooom\">\n<figure class=\"aligncenter size-full is-resized\"><img alt=\"\" loading=\"lazy\" decoding=\"async\" width=\"768\" height=\"586\" src=\"https:\/\/dev.oenobrands.com\/wp-content\/uploads\/2025\/06\/EN-solution-mlf-sequential-anchor-solo-aurora-select-fig-1.png\" alt=\"\" class=\"wp-image-17447\" style=\"width:auto;height:201px\" srcset=\"https:\/\/dev.oenobrands.com\/wp-content\/uploads\/2025\/06\/EN-solution-mlf-sequential-anchor-solo-aurora-select-fig-1.png 768w, https:\/\/dev.oenobrands.com\/wp-content\/uploads\/2025\/06\/EN-solution-mlf-sequential-anchor-solo-aurora-select-fig-1-300x229.png 300w\" sizes=\"auto, (max-width: 768px) 100vw, 768px\" \/><figcaption class=\"wp-element-caption\">Resultados sensoriales aroma. IFV, Merlot, Burdeos (cosecha 2022).<\/figcaption><\/figure>\n<\/div><\/div>\n\n\n\n<div class=\"wp-block-column is-vertically-aligned-top is-layout-flow wp-block-column-is-layout-flow\"><div class=\"wp-block-image is-style-zoooom\">\n<figure class=\"aligncenter size-full is-resized\"><img alt=\"\" loading=\"lazy\" decoding=\"async\" width=\"520\" height=\"451\" src=\"https:\/\/dev.oenobrands.com\/wp-content\/uploads\/2024\/02\/MLF-seq-1.png\" alt=\"\" class=\"wp-image-6037\" style=\"width:250px\" srcset=\"https:\/\/dev.oenobrands.com\/wp-content\/uploads\/2024\/02\/MLF-seq-1.png 520w, https:\/\/dev.oenobrands.com\/wp-content\/uploads\/2024\/02\/MLF-seq-1-300x260.png 300w\" sizes=\"auto, (max-width: 520px) 100vw, 520px\" \/><figcaption class=\"wp-element-caption\">Mayor expresi\u00f3n frutal en un Tempranillo espa\u00f1ol: panel de cata con <strong>Maloferm Bouquet.<\/strong> <\/figcaption><\/figure>\n<\/div>\n\n<div class=\"wp-block-image is-style-zoooom\">\n<figure class=\"aligncenter size-full is-resized\"><img alt=\"\" loading=\"lazy\" decoding=\"async\" width=\"769\" height=\"409\" src=\"https:\/\/dev.oenobrands.com\/wp-content\/uploads\/2025\/06\/EN-solution-mlf-sequential-maloferm-fruity-aroma-total.png\" alt=\"\" class=\"wp-image-17462\" style=\"width:250px\" srcset=\"https:\/\/dev.oenobrands.com\/wp-content\/uploads\/2025\/06\/EN-solution-mlf-sequential-maloferm-fruity-aroma-total.png 769w, https:\/\/dev.oenobrands.com\/wp-content\/uploads\/2025\/06\/EN-solution-mlf-sequential-maloferm-fruity-aroma-total-300x160.png 300w\" sizes=\"auto, (max-width: 769px) 100vw, 769px\" \/><figcaption class=\"wp-element-caption\">Inoculaci\u00f3n secuencial en un Merlot franc\u00e9s. Concentraci\u00f3n total de aromas: incluidos \u00e9steres, norisoprenoides y terpenoles (\u00b5g\/L).<\/figcaption><\/figure>\n<\/div><\/div>\n\n\n\n<div class=\"wp-block-column is-vertically-aligned-top is-layout-flow wp-block-column-is-layout-flow\"><div class=\"wp-block-image is-style-zoooom\">\n<figure class=\"aligncenter size-full is-resized\"><img alt=\"\" loading=\"lazy\" decoding=\"async\" width=\"781\" height=\"597\" src=\"https:\/\/dev.oenobrands.com\/wp-content\/uploads\/2025\/06\/EN-solution-mlf-sequential-maloferm-vintage-aroma-total.png\" alt=\"\" class=\"wp-image-17471\" style=\"width:auto;height:200px\" srcset=\"https:\/\/dev.oenobrands.com\/wp-content\/uploads\/2025\/06\/EN-solution-mlf-sequential-maloferm-vintage-aroma-total.png 781w, https:\/\/dev.oenobrands.com\/wp-content\/uploads\/2025\/06\/EN-solution-mlf-sequential-maloferm-vintage-aroma-total-300x229.png 300w, https:\/\/dev.oenobrands.com\/wp-content\/uploads\/2025\/06\/EN-solution-mlf-sequential-maloferm-vintage-aroma-total-768x587.png 768w\" sizes=\"auto, (max-width: 781px) 100vw, 781px\" \/><figcaption class=\"wp-element-caption\">Mejora de los atributos gustativos con <strong>Maloferm Vintage<\/strong> en un Tempranillo espa\u00f1ol: panel de cata<\/figcaption><\/figure>\n<\/div><\/div>\n<\/div>\n\n<div style=\"height:50px\" aria-hidden=\"true\" class=\"wp-block-spacer\"><\/div>\n\n<h2 class=\"wp-block-heading\"><strong>El apoyo nutricional es fundamental<\/strong><\/h2>\n\n<div style=\"height:50px\" aria-hidden=\"true\" class=\"wp-block-spacer\"><\/div>\n\n<p>No deje que sus bacterias se debiliten. La FML secuencial se desarrolla en un entorno dif\u00edcil, con bajos niveles de nutrientes y posibles inhibidores.<\/p>\n\n<div class=\"wp-block-columns is-layout-flex wp-container-core-columns-is-layout-9d6595d7 wp-block-columns-is-layout-flex\">\n<div class=\"wp-block-column is-vertically-aligned-center is-layout-flow wp-block-column-is-layout-flow\">\n<p><strong><span style=\"color: #ffffff; background-color: #cf1b2b; font-size: 0.7em; padding: 2px 6px; border-radius: 3px; margin-left: 5px;\">NUEVO<\/span> Maxaferm<sup>\u00ae <\/sup>ML Force<\/strong><\/p>\n\n\n\n<p>Un nutriente innovador dise\u00f1ado para <em>O. oeni,<\/em> que contiene<br\/>\u2022 P\u00e9ptidos y vitaminas procedentes de levaduras no-<em>Saccharomyces <\/em>(<em>Cyberlindnera jadinii<\/em>)<br\/>\u2022 Componentes de pared celular que absorben los \u00e1cidos grasos inhibidores<br\/>\u2022 Biodisponibilidad optimizada, incluso a bajas temperaturas<\/p>\n\n\n\n<p><strong>Los ensayos demuestran una FML m\u00e1s r\u00e1pida y completa con Maxaferm ML Force, incluso en vinos con condiciones dif\u00edciles.<\/strong><\/p>\n<\/div>\n\n\n\n<div class=\"wp-block-column is-vertically-aligned-center is-layout-flow wp-block-column-is-layout-flow\" style=\"flex-basis:30%\">\n<div class=\"wp-block-buttons is-content-justification-center is-layout-flex wp-container-core-buttons-is-layout-16018d1d wp-block-buttons-is-layout-flex\">\n<div class=\"wp-block-button\"><a class=\"wp-block-button__link wp-element-button\" href=\"https:\/\/dev.oenobrands.com\/product\/yeast-derivate\/feel-safe\/maxaferm-ml-force\/\" target=\"_blank\" rel=\"noreferrer noopener\">Maxaferm ML Force<\/a><\/div>\n<\/div>\n<\/div>\n<\/div>\n\n<div style=\"height:30px\" aria-hidden=\"true\" class=\"wp-block-spacer\"><\/div>\n\n<h2 class=\"wp-block-heading\"><strong>\u00bfCu\u00e1l debo elegir?<\/strong><\/h2>\n\n<div style=\"height:30px\" aria-hidden=\"true\" class=\"wp-block-spacer\"><\/div>\n\n<p>Esta breve gu\u00eda le ayudar\u00e1 a elegir la <strong>soluci\u00f3n \u00f3ptima para la fermentaci\u00f3n malol\u00e1ctica secuencial, teniendo en cuenta el estilo del vino y las condiciones de vinificaci\u00f3n.<\/strong><\/p>\n\n<div style=\"height:30px\" aria-hidden=\"true\" class=\"wp-block-spacer\"><\/div>\n\n<figure class=\"wp-block-table\"><table class=\"has-fixed-layout\"><thead><tr><th>Perfil del vino o desaf\u00edo<\/th><th class=\"has-text-align-center\" data-align=\"center\">Bacteria recomendada<\/th><th class=\"has-text-align-center\" data-align=\"center\">Nutriente sugerido<\/th><\/tr><\/thead><tbody><tr><td>Vinos tintos afrutados con volumen y frescura<\/td><td class=\"has-text-align-center\" data-align=\"center\"><span style=\"color: #ffffff; background-color: #cf1b2b; font-size: 0.7em; padding: 2px 6px; border-radius: 3px; margin-left: 5px;\">NUEVO <\/span>Solo Aurora o Maloferm Fruity<\/td><td class=\"has-text-align-center\" data-align=\"center\">Maxaferm ML Force<\/td><\/tr><tr><td>Vinos tintos estructurados, especiados o con cuerpo<\/td><td class=\"has-text-align-center\" data-align=\"center\">Solo Select o Maloferm Vintage<\/td><td class=\"has-text-align-center\" data-align=\"center\">Maxaferm ML Force<\/td><\/tr><tr><td>Vinos blancos delicados con complejidad floral<\/td><td class=\"has-text-align-center\" data-align=\"center\">Maloferm Bouquet<\/td><td class=\"has-text-align-center\" data-align=\"center\">Maxaferm ML Force<\/td><\/tr><tr><td>Condiciones dif\u00edciles (pH bajo, alto contenido alcoh\u00f3lico, etc.)<\/td><td class=\"has-text-align-center\" data-align=\"center\">Maloferm Fruity, Vintage o Plus<\/td><td class=\"has-text-align-center\" data-align=\"center\">Maxaferm ML Force<\/td><\/tr><tr><td>Opci\u00f3n fiable y vers\u00e1til, cin\u00e9tica segura<\/td><td class=\"has-text-align-center\" data-align=\"center\">Maloferm Plus<\/td><td class=\"has-text-align-center\" data-align=\"center\">Maxaferm ML Force<\/td><\/tr><\/tbody><\/table><\/figure>\n\n<div class=\"wp-block-columns are-vertically-aligned-center is-layout-flex wp-container-core-columns-is-layout-9d6595d7 wp-block-columns-is-layout-flex\">\n<div class=\"wp-block-column is-vertically-aligned-center is-layout-flow wp-block-column-is-layout-flow\">\n<div class=\"wp-block-buttons is-content-justification-center is-layout-flex wp-container-core-buttons-is-layout-16018d1d wp-block-buttons-is-layout-flex\">\n<div class=\"wp-block-button\"><a class=\"wp-block-button__link wp-element-button\" href=\"https:\/\/dev.oenobrands.com\/product\/bacteria\/anchor-bacteria\/solo-select\/\" target=\"_blank\" rel=\"noreferrer noopener\">Solo Select<\/a><\/div>\n\n\n\n<div class=\"wp-block-button\"><a class=\"wp-block-button__link wp-element-button\" href=\"https:\/\/dev.oenobrands.com\/product\/bacteria\/anchor-bacteria\/solo-aurora\/\">Solo Aurora<\/a><\/div>\n<\/div>\n<\/div>\n\n\n\n<div class=\"wp-block-column is-vertically-aligned-center is-layout-flow wp-block-column-is-layout-flow\">\n<div class=\"wp-block-buttons is-content-justification-center is-layout-flex wp-container-core-buttons-is-layout-16018d1d wp-block-buttons-is-layout-flex\">\n<div class=\"wp-block-button\"><a class=\"wp-block-button__link wp-element-button\" href=\"https:\/\/dev.oenobrands.com\/product\/bacteria\/maloferm\/fruity\/\" target=\"_blank\" rel=\"noreferrer noopener\">Maloferm Fruity<\/a><\/div>\n\n\n\n<div class=\"wp-block-button\"><a class=\"wp-block-button__link wp-element-button\" href=\"https:\/\/dev.oenobrands.com\/product\/bacteria\/maloferm\/vintage\/\" target=\"_blank\" rel=\"noreferrer noopener\">Maloferm Vintage<\/a><\/div>\n<\/div>\n<\/div>\n\n\n\n<div class=\"wp-block-column is-vertically-aligned-center is-layout-flow wp-block-column-is-layout-flow\">\n<div class=\"wp-block-buttons is-content-justification-center is-layout-flex wp-container-core-buttons-is-layout-16018d1d wp-block-buttons-is-layout-flex\">\n<div class=\"wp-block-button\"><a class=\"wp-block-button__link wp-element-button\" href=\"https:\/\/dev.oenobrands.com\/product\/bacteria\/maloferm\/bouquet\/\" target=\"_blank\" rel=\"noreferrer noopener\">Maloferm Bouquet<\/a><\/div>\n\n\n\n<div class=\"wp-block-button\"><a class=\"wp-block-button__link wp-element-button\" href=\"https:\/\/dev.oenobrands.com\/product\/bacteria\/maloferm\/plus\/\" target=\"_blank\" rel=\"noreferrer noopener\">Maloferm Plus<\/a><\/div>\n<\/div>\n<\/div>\n<\/div>\n\n<div style=\"height:50px\" aria-hidden=\"true\" class=\"wp-block-spacer\"><\/div>\n\n<div class=\"wp-block-columns are-vertically-aligned-top is-layout-flex wp-container-core-columns-is-layout-9d6595d7 wp-block-columns-is-layout-flex\">\n<div class=\"wp-block-column is-vertically-aligned-top is-layout-flow wp-block-column-is-layout-flow\" style=\"flex-basis:40%\">\n<h1 class=\"wp-block-heading has-text-color has-large-font-size\" style=\"color:#00205c\">Descubra la gama de bacterias ANCHOR<\/h1>\n\n\n\n<div style=\"height:20px\" aria-hidden=\"true\" class=\"wp-block-spacer\"><\/div>\n\n\n\n<div class=\"wp-block-buttons is-content-justification-left is-layout-flex wp-container-core-buttons-is-layout-fdcfc74e wp-block-buttons-is-layout-flex\">\n<div class=\"wp-block-button\"><a class=\"wp-block-button__link has-background wp-element-button\" href=\"https:\/\/dev.oenobrands.com\/product\/bacteria\/anchor-bacteria\/\" style=\"background-color:#00205c\">ANCHOR<\/a><\/div>\n<\/div>\n\n\n<div class=\"wp-block-image\">\n<figure class=\"alignright size-medium\"><img loading=\"lazy\" decoding=\"async\" width=\"300\" height=\"93\" src=\"https:\/\/dev.oenobrands.com\/wp-content\/uploads\/2023\/04\/Oenobrands-Anchor-logo-1-300x93.png\" alt=\"Logotipo de Anchor Oenology\" class=\"wp-image-2447\" srcset=\"https:\/\/dev.oenobrands.com\/wp-content\/uploads\/2023\/04\/Oenobrands-Anchor-logo-1-300x93.png 300w, https:\/\/dev.oenobrands.com\/wp-content\/uploads\/2023\/04\/Oenobrands-Anchor-logo-1-768x238.png 768w, https:\/\/dev.oenobrands.com\/wp-content\/uploads\/2023\/04\/Oenobrands-Anchor-logo-1.png 776w\" sizes=\"auto, (max-width: 300px) 100vw, 300px\" \/><\/figure>\n<\/div><\/div>\n\n\n\n<div class=\"wp-block-column is-vertically-aligned-top is-layout-flow wp-block-column-is-layout-flow\" style=\"flex-basis:10%\"><\/div>\n\n\n\n<div class=\"wp-block-column is-vertically-aligned-top is-layout-flow wp-block-column-is-layout-flow\" style=\"flex-basis:40%\">\n<h1 class=\"wp-block-heading has-text-color has-large-font-size\" style=\"color:#6f7271\">Descubra la gama de bacterias ANCHOR<\/h1>\n\n\n\n<div style=\"height:20px\" aria-hidden=\"true\" class=\"wp-block-spacer\"><\/div>\n\n\n\n<div class=\"wp-block-buttons is-content-justification-left is-layout-flex wp-container-core-buttons-is-layout-fdcfc74e wp-block-buttons-is-layout-flex\">\n<div class=\"wp-block-button\"><a class=\"wp-block-button__link has-background wp-element-button\" href=\"https:\/\/dev.oenobrands.com\/product\/bacteria\/maloferm\/\" style=\"background-color:#3d3935\" target=\"_blank\" rel=\"noreferrer noopener\">MALOFERM<\/a><\/div>\n<\/div>\n\n\n<div class=\"wp-block-image\">\n<figure class=\"alignright size-medium\"><img loading=\"lazy\" decoding=\"async\" width=\"300\" height=\"60\" src=\"https:\/\/dev.oenobrands.com\/wp-content\/uploads\/2023\/05\/MALOFERM-wine-bacteria-malolactic-bacterie-vin-couleur-350-300x60.png\" alt=\"bacterias MALOFERM para vino &#x2013; fermentaci&#xF3;n malol&#xE1;ctica\" class=\"wp-image-3680\" srcset=\"https:\/\/dev.oenobrands.com\/wp-content\/uploads\/2023\/05\/MALOFERM-wine-bacteria-malolactic-bacterie-vin-couleur-350-300x60.png 300w, https:\/\/dev.oenobrands.com\/wp-content\/uploads\/2023\/05\/MALOFERM-wine-bacteria-malolactic-bacterie-vin-couleur-350.png 350w\" sizes=\"auto, (max-width: 300px) 100vw, 300px\" \/><\/figure>\n<\/div><\/div>\n<\/div>\n\n<div style=\"height:50px\" aria-hidden=\"true\" class=\"wp-block-spacer\"><\/div>\n\n<div class=\"wp-block-group\"><div class=\"wp-block-group__inner-container is-layout-constrained wp-block-group-is-layout-constrained\">\n<div class=\"wp-block-group\"><div class=\"wp-block-group__inner-container is-layout-constrained wp-block-group-is-layout-constrained\">\n<div class=\"wp-block-group\"><div class=\"wp-block-group__inner-container is-layout-constrained wp-block-group-is-layout-constrained\">\n<hr class=\"wp-block-separator has-text-color has-alpha-channel-opacity has-background\" style=\"background-color:#8a918e;color:#8a918e\"\/>\n<\/div><\/div>\n<\/div><\/div>\n\n\n\n<div class=\"wp-block-group\"><div class=\"wp-block-group__inner-container is-layout-constrained wp-block-group-is-layout-constrained\">\n<div class=\"wp-block-group\"><div class=\"wp-block-group__inner-container is-layout-constrained wp-block-group-is-layout-constrained\">\n<h2 class=\"wp-block-heading\"><strong>\u00bfY usted?<\/strong><\/h2>\n<\/div><\/div>\n<\/div><\/div>\n\n\n\n<div class=\"wp-block-group\"><div class=\"wp-block-group__inner-container is-layout-constrained wp-block-group-is-layout-constrained\">\n<div class=\"wp-block-group\"><div class=\"wp-block-group__inner-container is-layout-constrained wp-block-group-is-layout-constrained\">\n<p>Con un equipo altamente calificado de expertos en diversos campos, Oenobrands se esfuerza por ofrecer a los vinificadores soluciones novedosas y respaldadas cient\u00edficamente, adem\u00e1s de destacar las sinergias positivas entre sus productos.<\/p>\n<\/div><\/div>\n\n\n\n<div class=\"wp-block-group\"><div class=\"wp-block-group__inner-container is-layout-constrained wp-block-group-is-layout-constrained\">\n<div class=\"wp-block-group\"><div class=\"wp-block-group__inner-container is-layout-constrained wp-block-group-is-layout-constrained\">\n<div class=\"wp-block-columns is-layout-flex wp-container-core-columns-is-layout-9d6595d7 wp-block-columns-is-layout-flex\">\n<div class=\"wp-block-column is-vertically-aligned-center is-layout-flow wp-block-column-is-layout-flow\">\n<div class=\"wp-block-group wp-container-content-9cfa9a5a is-content-justification-left\"><div class=\"wp-block-group__inner-container is-layout-constrained wp-container-core-group-is-layout-8c890d92 wp-block-group-is-layout-constrained\">\n<p class=\"has-text-align-left\" style=\"font-size:0.9rem;font-style:normal;font-weight:600;letter-spacing:1px;text-transform:uppercase\">Busque su soluci\u00f3n o producto.<\/p>\n\n\n<form role=\"search\" method=\"get\" action=\"https:\/\/dev.oenobrands.com\/es\/\" class=\"wp-block-search__button-outside wp-block-search__icon-button wp-block-search\"    ><label class=\"wp-block-search__label screen-reader-text\" for=\"wp-block-search__input-1\" >Buscar<\/label><div class=\"wp-block-search__inside-wrapper\"  style=\"width: 100%\"><input class=\"wp-block-search__input\" id=\"wp-block-search__input-1\" placeholder=\"\" value=\"\" type=\"search\" name=\"s\" required  style=\"border-width: 1px\"\/><button aria-label=\"Buscar\" class=\"wp-block-search__button has-icon wp-element-button\" type=\"submit\"  style=\"border-width: 1px\"><svg class=\"search-icon\" viewBox=\"0 0 24 24\" width=\"24\" height=\"24\">\n\t\t\t\t\t<path d=\"M13 5c-3.3 0-6 2.7-6 6 0 1.4.5 2.7 1.3 3.7l-3.8 3.8 1.1 1.1 3.8-3.8c1 .8 2.3 1.3 3.7 1.3 3.3 0 6-2.7 6-6S16.3 5 13 5zm0 10.5c-2.5 0-4.5-2-4.5-4.5s2-4.5 4.5-4.5 4.5 2 4.5 4.5-2 4.5-4.5 4.5z\"><\/path>\n\t\t\t\t<\/svg><\/button><\/div><\/form><\/div><\/div>\n<\/div>\n\n\n\n<div class=\"wp-block-column is-layout-flow wp-block-column-is-layout-flow\" style=\"flex-basis:3px\"><\/div>\n\n\n\n<div class=\"wp-block-column is-layout-flow wp-block-column-is-layout-flow\">\n<p class=\"has-text-align-center\">Cu\u00e9ntenos sobre sus dificultades, y le responderemos.<\/p>\n\n\n\n<div class=\"wp-block-buttons is-content-justification-center is-layout-flex wp-container-core-buttons-is-layout-16018d1d wp-block-buttons-is-layout-flex\">\n<div class=\"wp-block-button is-style-fill\"><a class=\"wp-block-button__link wp-element-button\" href=\"https:\/\/dev.oenobrands.com\/contact-us\/\" target=\"_blank\" rel=\"noreferrer noopener\">Cont\u00e1ctenos<\/a><\/div>\n<\/div>\n<\/div>\n<\/div>\n<\/div><\/div>\n<\/div><\/div>\n<\/div><\/div>\n<\/div><\/div>\n\n<div style=\"height:50px\" aria-hidden=\"true\" class=\"wp-block-spacer\"><\/div>\n","protected":false},"excerpt":{"rendered":"<p>Asegure su FML secuencial para lograr estabilidad y finura sensorial Despu\u00e9s de la fermentaci\u00f3n alcoh\u00f3lica, la fermentaci\u00f3n malol\u00e1ctica (FML) puede resultar complicada.Un pH bajo, un alto contenido alcoh\u00f3lico, la falta de nutrientes y los inhibidores de fermentaci\u00f3n pueden dificultar el \u00e9xito de las bacterias l\u00e1cticas. En Oenobrands, ofrecemos una gama completa de bacterias y nutrientes [&hellip;]<\/p>\n","protected":false},"author":3,"featured_media":0,"parent":19404,"menu_order":2,"comment_status":"closed","ping_status":"closed","template":"","meta":{"_acf_changed":false,"_seopress_robots_primary_cat":"0","_seopress_titles_title":"","_seopress_titles_desc":"","_seopress_robots_index":"","_seopress_analysis_target_kw":"","footnotes":""},"class_list":["post-19240","page","type-page","status-publish"],"acf":[],"_links":{"self":[{"href":"https:\/\/dev.oenobrands.com\/es\/wp-json\/wp\/v2\/pages\/19240","targetHints":{"allow":["GET"]}}],"collection":[{"href":"https:\/\/dev.oenobrands.com\/es\/wp-json\/wp\/v2\/pages"}],"about":[{"href":"https:\/\/dev.oenobrands.com\/es\/wp-json\/wp\/v2\/types\/page"}],"author":[{"embeddable":true,"href":"https:\/\/dev.oenobrands.com\/es\/wp-json\/wp\/v2\/users\/3"}],"replies":[{"embeddable":true,"href":"https:\/\/dev.oenobrands.com\/es\/wp-json\/wp\/v2\/comments?post=19240"}],"version-history":[{"count":0,"href":"https:\/\/dev.oenobrands.com\/es\/wp-json\/wp\/v2\/pages\/19240\/revisions"}],"up":[{"embeddable":true,"href":"https:\/\/dev.oenobrands.com\/es\/wp-json\/wp\/v2\/pages\/19404"}],"wp:attachment":[{"href":"https:\/\/dev.oenobrands.com\/es\/wp-json\/wp\/v2\/media?parent=19240"}],"curies":[{"name":"wp","href":"https:\/\/api.w.org\/{rel}","templated":true}]}}