{"id":19057,"date":"2025-06-13T21:43:01","date_gmt":"2025-06-13T19:43:01","guid":{"rendered":"https:\/\/dev.oenobrands.com\/anchor-yeast\/"},"modified":"2025-10-20T11:02:17","modified_gmt":"2025-10-20T09:02:17","slug":"anchor-yeast","status":"publish","type":"page","link":"https:\/\/dev.oenobrands.com\/es\/anchor-yeast\/","title":{"rendered":"ANCHOR Yeast"},"content":{"rendered":"\n<div style=\"height:50px\" aria-hidden=\"true\" class=\"wp-block-spacer\"><\/div>\n<div class=\"wp-block-image\">\n<figure class=\"aligncenter size-full\"><img alt=\"\" loading=\"lazy\" decoding=\"async\" width=\"1381\" height=\"216\" src=\"https:\/\/dev.oenobrands.com\/wp-content\/uploads\/2024\/10\/produit-anchor-levure-banner-FR.png\" alt=\"\" class=\"wp-image-15064\" srcset=\"https:\/\/dev.oenobrands.com\/wp-content\/uploads\/2024\/10\/produit-anchor-levure-banner-FR.png 1381w, https:\/\/dev.oenobrands.com\/wp-content\/uploads\/2024\/10\/produit-anchor-levure-banner-FR-300x47.png 300w, https:\/\/dev.oenobrands.com\/wp-content\/uploads\/2024\/10\/produit-anchor-levure-banner-FR-1024x160.png 1024w, https:\/\/dev.oenobrands.com\/wp-content\/uploads\/2024\/10\/produit-anchor-levure-banner-FR-768x120.png 768w\" sizes=\"auto, (max-width: 1381px) 100vw, 1381px\" \/><\/figure>\n<\/div>\n<div style=\"height:50px\" aria-hidden=\"true\" class=\"wp-block-spacer\"><\/div>\n\n<h2 class=\"wp-block-heading\"><strong>Comprometidos con la excelencia en fermentaci\u00f3n<\/strong><\/h2>\n\n<p>Durante muchos a\u00f1os, <strong>Anchor ha estado a la vanguardia de la evoluci\u00f3n en la enolog\u00eda<\/strong>, adapt\u00e1ndose y cambiando para satisfacer las necesidades de los vinificadores en todo el mundo.<\/p>\n\n<p>Desde la creaci\u00f3n de la primera levadura h\u00edbrida del mundo con <strong>VIN 13<\/strong>, hasta la expansi\u00f3n de nuestro portafolio m\u00e1s all\u00e1 de las levaduras, hemos pasado de <strong>Anchor Yeast<\/strong> a <strong>Anchor Oenology<\/strong>. Con <strong>Anchor Oenology<\/strong>, nos enorgullecemos de ofrecer un portafolio completo de soluciones de fermentaci\u00f3n, que incluye levaduras, nutrientes y bacterias.<\/p>\n\n<p>En nuestra gama de levaduras, nos centramos en proporcionar productos espec\u00edficos y bien definidos, capaces no solo de garantizar robustez en la fermentaci\u00f3n, sino tambi\u00e9n de <strong>ayudar a los en\u00f3logos a crear un perfil sensorial \u00fanico en el vino final.<\/strong> Desde cepas cl\u00e1sicas e h\u00edbridas hasta mezclas de levaduras y la primera levadura h\u00edbrida interespec\u00edfica del mundo, tenemos una soluci\u00f3n para cada vinificador.<\/p>\n\n<div style=\"height:50px\" aria-hidden=\"true\" class=\"wp-block-spacer\"><\/div>\n\n<h2 class=\"wp-block-heading\"><strong>Anchor Yeast: 100 a\u00f1os de historia en 2023.<\/strong><div class=\"flex-shrink-0 flex flex-col relative items-end\"><div class=\"pt-0\"><div class=\"gizmo-bot-avatar flex h-8 w-8 items-center justify-center overflow-hidden rounded-full\"><div class=\"relative p-1 rounded-sm flex items-center justify-center bg-token-main-surface-primary text-token-text-primary h-8 w-8\"><svg xmlns=\"http:\/\/www.w3.org\/2000\/svg\" width=\"41\" height=\"41\" viewbox=\"0 0 41 41\" fill=\"none\" class=\"icon-md\" role=\"img\"><text x=\"-9999\" y=\"-9999\"><\/text><\/svg><\/div><\/div><\/div><\/div><\/h2>\n\n<p>Gracias a nuestros clientes y socios, hemos alcanzado hitos importantes:<\/p>\n\n<ul class=\"wp-block-list\">\n<li>Primer fabricante de levaduras en el hemisferio sur.<\/li>\n\n\n\n<li>47 a\u00f1os desde la primera levadura Anchor utilizada en la industria vitivin\u00edcola sudafricana.<\/li>\n\n\n\n<li>18 a\u00f1os desde que <strong>Anchor <\/strong>lleg\u00f3 a la industria vitivin\u00edcola internacional.<\/li>\n\n\n\n<li>31 a\u00f1os de la primera levadura h\u00edbrida del mundo: <strong>Legacy VIN 13<\/strong>.<\/li>\n\n\n\n<li>12 a\u00f1os de <strong>Exotics Mosaic<\/strong>, la primera levadura h\u00edbrida interespec\u00edfica.<\/li>\n<\/ul>\n\n<hr class=\"wp-block-separator has-alpha-channel-opacity\"\/>\n<div class=\"wp-block-image is-style-default\">\n<figure class=\"aligncenter size-full is-resized\"><img alt=\"\" loading=\"lazy\" decoding=\"async\" width=\"2775\" height=\"1330\" src=\"https:\/\/dev.oenobrands.com\/wp-content\/uploads\/2024\/10\/produit-anchor-levure-fermentation-alcoolique-FR.png\" alt=\"\" class=\"wp-image-15067\" style=\"width:600px\" srcset=\"https:\/\/dev.oenobrands.com\/wp-content\/uploads\/2024\/10\/produit-anchor-levure-fermentation-alcoolique-FR.png 2775w, https:\/\/dev.oenobrands.com\/wp-content\/uploads\/2024\/10\/produit-anchor-levure-fermentation-alcoolique-FR-300x144.png 300w, https:\/\/dev.oenobrands.com\/wp-content\/uploads\/2024\/10\/produit-anchor-levure-fermentation-alcoolique-FR-1024x491.png 1024w, https:\/\/dev.oenobrands.com\/wp-content\/uploads\/2024\/10\/produit-anchor-levure-fermentation-alcoolique-FR-768x368.png 768w, https:\/\/dev.oenobrands.com\/wp-content\/uploads\/2024\/10\/produit-anchor-levure-fermentation-alcoolique-FR-1536x736.png 1536w, https:\/\/dev.oenobrands.com\/wp-content\/uploads\/2024\/10\/produit-anchor-levure-fermentation-alcoolique-FR-2048x982.png 2048w\" sizes=\"auto, (max-width: 2775px) 100vw, 2775px\" \/><\/figure>\n<\/div>\n<div style=\"height:50px\" aria-hidden=\"true\" class=\"wp-block-spacer\"><\/div>\n\n<h2 class=\"wp-block-heading has-text-color\" style=\"color:#00205c\">EXOTICS : Primera levadura h\u00edbrida interespec\u00edfica<\/h2>\n\n<div class=\"wp-block-media-text alignwide is-stacked-on-mobile\" style=\"grid-template-columns:35% auto\"><figure class=\"wp-block-media-text__media\"><img loading=\"lazy\" decoding=\"async\" width=\"450\" height=\"250\" src=\"https:\/\/dev.oenobrands.com\/wp-content\/uploads\/2023\/04\/Anchor-yeast-exotics.png\" alt=\"Anchor-yeast-exotics\" class=\"wp-image-2208 size-full\" srcset=\"https:\/\/dev.oenobrands.com\/wp-content\/uploads\/2023\/04\/Anchor-yeast-exotics.png 450w, https:\/\/dev.oenobrands.com\/wp-content\/uploads\/2023\/04\/Anchor-yeast-exotics-300x167.png 300w\" sizes=\"auto, (max-width: 450px) 100vw, 450px\" \/><\/figure><div class=\"wp-block-media-text__content\">\n<p>El nombre <strong>Exotics <\/strong>hace ahora referencia a una gama de productos que representa levaduras h\u00edbridas interespec\u00edficas \u00fanicas, destinadas a la creaci\u00f3n de vinos emblem\u00e1ticos. La gama <strong>Exotics <\/strong>representa levaduras h\u00edbridas \u00fanicas para la creaci\u00f3n de vinos ic\u00f3nicos. Estas levaduras est\u00e1n dise\u00f1adas para aumentar la complejidad sensorial de los vinos, imitando el impacto de las levaduras no-Saccharomyces, pero con la robustez necesaria para completar la fermentaci\u00f3n.<\/p>\n<\/div><\/div>\n\n<h2 class=\"wp-block-heading has-text-color\" style=\"color:#00205c\">ALCHEMY : primeras levaduras v\u00ednicas desarrolladas a partir de una mezcla formulada cient\u00edficamente.<\/h2>\n\n<div class=\"wp-block-media-text alignwide is-stacked-on-mobile\" style=\"grid-template-columns:35% auto\"><figure class=\"wp-block-media-text__media\"><img loading=\"lazy\" decoding=\"async\" width=\"450\" height=\"250\" src=\"https:\/\/dev.oenobrands.com\/wp-content\/uploads\/2023\/04\/Anchor-yeast-alchemy.png\" alt=\"Anchor-yeast-alchemy\" class=\"wp-image-2206 size-full\" srcset=\"https:\/\/dev.oenobrands.com\/wp-content\/uploads\/2023\/04\/Anchor-yeast-alchemy.png 450w, https:\/\/dev.oenobrands.com\/wp-content\/uploads\/2023\/04\/Anchor-yeast-alchemy-300x167.png 300w\" sizes=\"auto, (max-width: 450px) 100vw, 450px\" \/><\/figure><div class=\"wp-block-media-text__content\">\n<p>Con el fin de aumentar la complejidad de los vinos, la gama <strong>Alchemy <\/strong>se desarroll\u00f3 bas\u00e1ndose en la interacci\u00f3n sin\u00e9rgica entre diferentes cepas de levaduras. Este portafolio de productos responde a las necesidades de elaboraci\u00f3n de vinos blancos, rosados y tintos, ofreciendo una mayor <strong>sofisticaci\u00f3n <\/strong>y <strong>complejidad<\/strong>, as\u00ed como una mejor textura y volumen en boca, adem\u00e1s de una intensidad arom\u00e1tica reforzada.<\/p>\n<\/div><\/div>\n\n<h2 class=\"wp-block-heading has-text-color\" style=\"color:#00205c\">LEGACY : Primera levadura h\u00edbrida del mundo<\/h2>\n\n<div class=\"wp-block-media-text alignwide is-stacked-on-mobile\" style=\"grid-template-columns:35% auto\"><figure class=\"wp-block-media-text__media\"><img loading=\"lazy\" decoding=\"async\" width=\"450\" height=\"250\" src=\"https:\/\/dev.oenobrands.com\/wp-content\/uploads\/2023\/04\/Anchor-yeast-legacy.png\" alt=\"Anchor-yeast-legacy\" class=\"wp-image-2204 size-full\" srcset=\"https:\/\/dev.oenobrands.com\/wp-content\/uploads\/2023\/04\/Anchor-yeast-legacy.png 450w, https:\/\/dev.oenobrands.com\/wp-content\/uploads\/2023\/04\/Anchor-yeast-legacy-300x167.png 300w\" sizes=\"auto, (max-width: 450px) 100vw, 450px\" \/><\/figure><div class=\"wp-block-media-text__content\">\n<p>Las cepas de la gama <strong>Legacy <\/strong>incluyen levaduras aisladas y levaduras h\u00edbridas reconocidas por su robustez. Estas levaduras son capaces de <strong>tolerar <\/strong>diferentes condiciones de temperatura y alcohol, asegurando fermentaciones completas y seguras. Adem\u00e1s, producen vinos blancos, rosados y tintos con perfiles <strong>altamente arom\u00e1ticos.<\/strong><\/p>\n<\/div><\/div>\n\n<div style=\"height:50px\" aria-hidden=\"true\" class=\"wp-block-spacer\"><\/div>\n\n<div class=\"wp-block-columns is-layout-flex wp-container-core-columns-is-layout-9d6595d7 wp-block-columns-is-layout-flex\">\n<div class=\"wp-block-column is-layout-flow wp-block-column-is-layout-flow\">\n<h2 class=\"wp-block-heading has-text-align-center\"><strong>Encuentre su levadura Anchor<\/strong><\/h2>\n\n\n\n<div class=\"wp-block-buttons is-content-justification-center is-layout-flex wp-container-core-buttons-is-layout-16018d1d wp-block-buttons-is-layout-flex\">\n<div class=\"wp-block-button\"><a class=\"wp-block-button__link wp-element-button\" href=\"https:\/\/dev.oenobrands.com\/fr\/produit\/levure\/choix-des-levures-anchor\/\" target=\"_blank\" rel=\"noreferrer noopener\">Elecci\u00f3n de levaduras ANCHOR<\/a><\/div>\n<\/div>\n\n\n\n<div style=\"height:50px\" aria-hidden=\"true\" class=\"wp-block-spacer\"><\/div>\n<\/div>\n\n\n\n<div class=\"wp-block-column is-layout-flow wp-block-column-is-layout-flow\" style=\"flex-basis:5px\"><\/div>\n\n\n\n<div class=\"wp-block-column is-layout-flow wp-block-column-is-layout-flow\">\n<h2 class=\"wp-block-heading has-text-align-center\"><strong>M\u00e1s informaci\u00f3n sobre la producci\u00f3n de levaduras.<\/strong><\/h2>\n\n\n\n<div class=\"wp-block-buttons is-content-justification-center is-layout-flex wp-container-core-buttons-is-layout-16018d1d wp-block-buttons-is-layout-flex\">\n<div class=\"wp-block-button\"><a class=\"wp-block-button__link wp-element-button\" href=\"https:\/\/dev.oenobrands.com\/fr\/production-de-levures\/\" target=\"_blank\" rel=\"noreferrer noopener\">Producci\u00f3n de levadura<\/a><\/div>\n<\/div>\n\n\n\n<div style=\"height:30px\" aria-hidden=\"true\" class=\"wp-block-spacer\"><\/div>\n<\/div>\n<\/div>\n\n<h2 class=\"wp-block-heading\"><strong>Descubra nuestra gama de levaduras Anchor:<\/strong><\/h2>\n\n<div style=\"height:50px\" aria-hidden=\"true\" class=\"wp-block-spacer\"><\/div>\n","protected":false},"excerpt":{"rendered":"<p>Comprometidos con la excelencia en fermentaci\u00f3n Durante muchos a\u00f1os, Anchor ha estado a la vanguardia de la evoluci\u00f3n en la enolog\u00eda, adapt\u00e1ndose y cambiando para satisfacer las necesidades de los vinificadores en todo el mundo. Desde la creaci\u00f3n de la primera levadura h\u00edbrida del mundo con VIN 13, hasta la expansi\u00f3n de nuestro portafolio m\u00e1s [&hellip;]<\/p>\n","protected":false},"author":3,"featured_media":17971,"parent":0,"menu_order":2,"comment_status":"closed","ping_status":"closed","template":"page-premier-products-list.php","meta":{"_acf_changed":false,"_seopress_robots_primary_cat":"0","_seopress_titles_title":"","_seopress_titles_desc":"","_seopress_robots_index":"","_seopress_analysis_target_kw":"","footnotes":""},"class_list":["post-19057","page","type-page","status-publish","has-post-thumbnail"],"acf":[],"_links":{"self":[{"href":"https:\/\/dev.oenobrands.com\/es\/wp-json\/wp\/v2\/pages\/19057","targetHints":{"allow":["GET"]}}],"collection":[{"href":"https:\/\/dev.oenobrands.com\/es\/wp-json\/wp\/v2\/pages"}],"about":[{"href":"https:\/\/dev.oenobrands.com\/es\/wp-json\/wp\/v2\/types\/page"}],"author":[{"embeddable":true,"href":"https:\/\/dev.oenobrands.com\/es\/wp-json\/wp\/v2\/users\/3"}],"replies":[{"embeddable":true,"href":"https:\/\/dev.oenobrands.com\/es\/wp-json\/wp\/v2\/comments?post=19057"}],"version-history":[{"count":0,"href":"https:\/\/dev.oenobrands.com\/es\/wp-json\/wp\/v2\/pages\/19057\/revisions"}],"wp:featuredmedia":[{"embeddable":true,"href":"https:\/\/dev.oenobrands.com\/es\/wp-json\/wp\/v2\/media\/17971"}],"wp:attachment":[{"href":"https:\/\/dev.oenobrands.com\/es\/wp-json\/wp\/v2\/media?parent=19057"}],"curies":[{"name":"wp","href":"https:\/\/api.w.org\/{rel}","templated":true}]}}