{"id":19008,"date":"2023-02-24T16:06:45","date_gmt":"2023-02-24T15:06:45","guid":{"rendered":"https:\/\/dev.oenobrands.com\/producto\/levadura\/fermivin\/fermivin-ar2\/"},"modified":"2025-10-29T14:35:52","modified_gmt":"2025-10-29T13:35:52","slug":"fermivin-ar2","status":"publish","type":"page","link":"https:\/\/dev.oenobrands.com\/es\/producto\/levadura\/fermivin\/fermivin-ar2\/","title":{"rendered":"Fermivin AR2"},"content":{"rendered":"\n<h1 class=\"wp-block-heading has-text-color\" style=\"color:#00aa55\">Fermivin AR2<\/h1>\n\n<div style=\"height:30px\" aria-hidden=\"true\" class=\"wp-block-spacer\"><\/div>\n\n<h2 class=\"wp-block-heading\"><strong>VINOS BLANCOS Y ROSADOS CON AROMAS INTENSOS<\/strong><\/h2>\n\n<div style=\"height:30px\" aria-hidden=\"true\" class=\"wp-block-spacer\"><\/div>\n\n<h3 class=\"wp-block-heading\"><strong>FINALIDAD<\/strong><\/h3>\n\n<p><strong>Fermivin<sup>\u00ae<\/sup> AR2<\/strong> libera grandes cantidades de \u00e9steres y bajos niveles de fenoles vol\u00e1tiles.<\/p>\n\n<p>Se obtienen as\u00ed vinos blancos y rosados muy arom\u00e1ticos, limpios, complejos y golosos (rosa, frutas tropicales, pi\u00f1a). Puede realizar la fermentaci\u00f3n alcoh\u00f3lica a bajas temperaturas (12-14 \u00b0C). S <\/p>\n\n<p>Su mejor rendimiento arom\u00e1tico fermentativo es en mostos clarificados con una turbidez superior a 60 NTU. La adici\u00f3n de la levadura autolisada <a href=\"https:\/\/dev.oenobrands.com\/product\/yeast-derivate\/feel-safe\/natuferm-pure\/\"><u><strong>Natuferm<sup>\u00ae<\/sup> Pure<\/strong><\/u><\/a> mejora su capacidad fermentativa  <\/p>\n\n<div style=\"height:50px\" aria-hidden=\"true\" class=\"wp-block-spacer\"><\/div>\n\n<div class=\"wp-block-columns is-layout-flex wp-container-core-columns-is-layout-9d6595d7 wp-block-columns-is-layout-flex\">\n<div class=\"wp-block-column is-layout-flow wp-block-column-is-layout-flow\" style=\"flex-basis:45%\">\n<h3 class=\"wp-block-heading has-text-color\" style=\"color:#00aa55\">Notas de cata<\/h3>\n\n\n\n<p>Vinos blancos con notas florales y frutales de gran complejidad y pureza arom\u00e1tica, independientemente de que los vinos procedan de variedades ricas en precursores ti\u00f3licos o de variedades neutras.<\/p>\n\n\n\n<h3 class=\"wp-block-heading has-text-color\" style=\"color:#00aa55\">Caracter\u00edsticas metab\u00f3licas<\/h3>\n\n\n\n<figure class=\"wp-block-table\"><table><tbody><tr><td>Producci\u00f3n de SO2<\/td><td>&lt; 30 mg\/L<\/td><\/tr><tr><td>Producci\u00f3n de glicerol<\/td><td>4 \u2013 6 g\/L<\/td><\/tr><tr><td>Producci\u00f3n de \u00e1cido vol\u00e1til<\/td><td>&lt; 0.24 g\/L<\/td><\/tr><tr><td>Producci\u00f3n de acetaldeh\u00eddo<\/td><td>&lt; 20 mg\/L<\/td><\/tr><tr><td>Producci\u00f3n de H<sub>\u2082<\/sub>S<\/td><td>Promedio<\/td><\/tr><tr><td>Factor killer<\/td><td>Killer K2<\/td><\/tr><\/tbody><\/table><\/figure>\n\n\n\n<h3 class=\"wp-block-heading has-text-color\" style=\"color:#00aa55\">Propiedades enol\u00f3gicas<\/h3>\n\n\n\n<figure class=\"wp-block-table\"><table><tbody><tr><td>Cin\u00e9tica de fermentaci\u00f3n<\/td><td>Est\u00e1ndar<\/td><\/tr><tr><td>Requerimientos de nutrientes<\/td><td>Altos<\/td><\/tr><tr><td>Tolerancia al alcohol<\/td><td>16 % vol.<\/td><\/tr><tr><td>Rango de temperatura<\/td><td>12-20 \u00b0C, 54-68 \u00b0F<\/td><\/tr><\/tbody><\/table><\/figure>\n\n\n\n<h3 class=\"wp-block-heading has-text-color\" style=\"color:#00aa55\">Origen<\/h3>\n\n\n\n<p><strong>Especie:<\/strong> <em>Saccharomyces cerevisiae <\/em>var. <em>cerevisiae<\/em>.<br\/>La <strong>cepa LO122<\/strong> se seleccion\u00f3 en el valle del Loira (Francia) y fue validada por OENOBRANDS.<\/p>\n\n\n\n<h3 class=\"wp-block-heading has-text-color\" style=\"color:#00aa55\">Ciencia y Tecnolog\u00eda<\/h3>\n\n\n\n<p><strong>Fermivin AR2 <\/strong>ayuda a obtener la mejor expresi\u00f3n de \u00e9steres (notas afrutadas) y no produce fenoles vol\u00e1tiles. El perfil arom\u00e1tico obtenido a bajas temperaturas revela \u00e9steres de fermentaci\u00f3n afrutados. <\/p>\n\n\n<div class=\"wp-block-image is-style-zoooom\">\n<figure class=\"aligncenter size-full\"><img alt=\"\" loading=\"lazy\" decoding=\"async\" width=\"863\" height=\"703\" src=\"https:\/\/dev.oenobrands.com\/wp-content\/uploads\/2024\/05\/Product_Fermivin-AR2-1.png\" alt=\"\" class=\"wp-image-6894\" srcset=\"https:\/\/dev.oenobrands.com\/wp-content\/uploads\/2024\/05\/Product_Fermivin-AR2-1.png 863w, https:\/\/dev.oenobrands.com\/wp-content\/uploads\/2024\/05\/Product_Fermivin-AR2-1-300x244.png 300w, https:\/\/dev.oenobrands.com\/wp-content\/uploads\/2024\/05\/Product_Fermivin-AR2-1-768x626.png 768w\" sizes=\"auto, (max-width: 863px) 100vw, 863px\" \/><figcaption class=\"wp-element-caption\">Vino Air\u00e9n fermentado con ILR Fermivin AR2 comparado con la<br\/>cepa de referencia de la bodega (Cooperativa en La Mancha, Espa\u00f1a).<\/figcaption><\/figure>\n<\/div>\n\n\n<p><\/p>\n\n\n\n<p><\/p>\n<\/div>\n\n\n\n<div class=\"wp-block-column is-layout-flow wp-block-column-is-layout-flow\" style=\"flex-basis:6%\"><\/div>\n\n\n\n<div class=\"wp-block-column has-background is-layout-flow wp-block-column-is-layout-flow\" style=\"background-color:#f7f7f7;flex-basis:45%\">\n<div class=\"wp-block-columns is-layout-flex wp-container-core-columns-is-layout-9d6595d7 wp-block-columns-is-layout-flex\">\n<div class=\"wp-block-column is-layout-flow wp-block-column-is-layout-flow\"><div class=\"wp-block-image\">\n<figure class=\"aligncenter size-full\"><img alt=\"\" loading=\"lazy\" decoding=\"async\" width=\"791\" height=\"295\" src=\"https:\/\/dev.oenobrands.com\/wp-content\/uploads\/2024\/05\/FERMIVIN_AR2.png\" alt=\"\" class=\"wp-image-7536\" srcset=\"https:\/\/dev.oenobrands.com\/wp-content\/uploads\/2024\/05\/FERMIVIN_AR2.png 791w, https:\/\/dev.oenobrands.com\/wp-content\/uploads\/2024\/05\/FERMIVIN_AR2-300x112.png 300w, https:\/\/dev.oenobrands.com\/wp-content\/uploads\/2024\/05\/FERMIVIN_AR2-768x286.png 768w\" sizes=\"auto, (max-width: 791px) 100vw, 791px\" \/><\/figure>\n<\/div><\/div>\n<\/div>\n\n\n\n<div style=\"height:40px\" aria-hidden=\"true\" class=\"wp-block-spacer\"><\/div>\n\n\n\n<div class=\"wp-block-group\"><div class=\"wp-block-group__inner-container is-layout-constrained wp-block-group-is-layout-constrained\">\n<p class=\"has-text-align-center\"><strong>DESCARGAR LA FICHA T\u00c9CNICA DE APLICACI\u00d3N<\/strong><\/p>\n\n\n\n<div class=\"wp-block-columns is-not-stacked-on-mobile is-layout-flex wp-container-core-columns-is-layout-9d6595d7 wp-block-columns-is-layout-flex\">\n<div class=\"wp-block-column is-layout-flow wp-block-column-is-layout-flow\">\n<figure class=\"wp-block-image size-full\"><a href=\"https:\/\/dev.oenobrands.com\/wp-content\/uploads\/2024\/07\/FERMIVIN-ADS-AR2-2023-EN_21x297_G_05.pdf\" target=\"_blank\" rel=\"noreferrer noopener\"><img loading=\"lazy\" decoding=\"async\" width=\"180\" height=\"94\" src=\"https:\/\/dev.oenobrands.com\/wp-content\/uploads\/2023\/04\/flag-united-states-english-american.png\" alt=\"bandera-estados-unidos-ingl&#xE9;s-americano\" class=\"wp-image-2510\"\/><\/a><\/figure>\n<\/div>\n\n\n\n<div class=\"wp-block-column is-layout-flow wp-block-column-is-layout-flow\">\n<figure class=\"wp-block-image size-full\"><a href=\"https:\/\/dev.oenobrands.com\/wp-content\/uploads\/2024\/07\/FERMIVIN-ADS-AR2-2024_FR_21x297_G_01.pdf\" target=\"_blank\" rel=\"noreferrer noopener\"><img loading=\"lazy\" decoding=\"async\" width=\"180\" height=\"94\" src=\"https:\/\/dev.oenobrands.com\/wp-content\/uploads\/2023\/04\/drapeau-francais-france.png\" alt=\"bandera-francesa-francia\" class=\"wp-image-2508\"\/><\/a><\/figure>\n<\/div>\n\n\n\n<div class=\"wp-block-column is-layout-flow wp-block-column-is-layout-flow\">\n<figure class=\"wp-block-image size-full\"><a href=\"https:\/\/dev.oenobrands.com\/wp-content\/uploads\/2024\/07\/FERMIVIN-ADS-AR2-2024_ES_21x297_G_01.pdf\" target=\"_blank\" rel=\"noreferrer noopener\"><img loading=\"lazy\" decoding=\"async\" width=\"180\" height=\"94\" src=\"https:\/\/dev.oenobrands.com\/wp-content\/uploads\/2023\/04\/bandiera-spagnola-spagna.png\" alt=\"bandera-espa&#xF1;ola-espa&#xF1;a\" class=\"wp-image-2506\"\/><\/a><\/figure>\n<\/div>\n\n\n\n<div class=\"wp-block-column is-layout-flow wp-block-column-is-layout-flow\">\n<figure class=\"wp-block-image size-full\"><a href=\"https:\/\/dev.oenobrands.com\/wp-content\/uploads\/2024\/07\/FERMIVIN-ADS-AR2-2023_IT_21x297_G_01.pdf\" target=\"_blank\" rel=\"noreferrer noopener\"><img loading=\"lazy\" decoding=\"async\" width=\"180\" height=\"94\" src=\"https:\/\/dev.oenobrands.com\/wp-content\/uploads\/2023\/04\/bandiera-italiana-italy.png\" alt=\"bandiera-italiana-italy\" class=\"wp-image-2512\"\/><\/a><\/figure>\n<\/div>\n\n\n\n<div class=\"wp-block-column is-layout-flow wp-block-column-is-layout-flow\">\n<figure class=\"wp-block-image size-full\"><a href=\"https:\/\/dev.oenobrands.com\/wp-content\/uploads\/2024\/07\/FERMIVIN-ADS-AR2-2024_PT_21x297_G_01.pdf\" target=\"_blank\" rel=\"noreferrer noopener\"><img loading=\"lazy\" decoding=\"async\" width=\"180\" height=\"94\" src=\"https:\/\/dev.oenobrands.com\/wp-content\/uploads\/2024\/05\/Flag-drapeau-Portugal.png\" alt=\"Flag-drapeau-Portugal\" class=\"wp-image-7139\"\/><\/a><\/figure>\n<\/div>\n\n\n\n<div class=\"wp-block-column is-layout-flow wp-block-column-is-layout-flow\">\n<figure class=\"wp-block-image size-full\"><a href=\"https:\/\/dev.oenobrands.com\/wp-content\/uploads\/2024\/10\/FERMIVIN_ADS-AR2_2023_ALL_21x297_G_02.pdf\" target=\"_blank\" rel=\"noreferrer noopener\"><img loading=\"lazy\" decoding=\"async\" width=\"180\" height=\"94\" src=\"https:\/\/dev.oenobrands.com\/wp-content\/uploads\/2023\/05\/Flagge-Deutschland.png\" alt=\"Flagge-Deutschland-flag-drapeau\" class=\"wp-image-3550\"\/><\/a><\/figure>\n<\/div>\n<\/div>\n<\/div><\/div>\n\n\n\n<hr class=\"wp-block-separator has-text-color has-alpha-channel-opacity has-background\" style=\"background-color:#162638;color:#162638\"\/>\n\n\n\n<div class=\"wp-block-buttons is-content-justification-center is-layout-flex wp-container-core-buttons-is-layout-16018d1d wp-block-buttons-is-layout-flex\">\n<div class=\"wp-block-button\"><a class=\"wp-block-button__link has-white-color has-text-color has-background has-text-align-center wp-element-button\" href=\"https:\/\/dev.oenobrands.com\/distributor\/\" style=\"background-color:#162638\" target=\"_blank\" rel=\"noreferrer noopener\">Su distribuidor<\/a><\/div>\n<\/div>\n\n\n\n<hr class=\"wp-block-separator has-text-color has-alpha-channel-opacity has-background\" style=\"background-color:#162638;color:#162638\"\/>\n\n\n\n<h3 class=\"wp-block-heading\"><strong>Dosificaci\u00f3n <\/strong>y <strong>envasado<\/strong><\/h3>\n\n\n\n<div style=\"height:30px\" aria-hidden=\"true\" class=\"wp-block-spacer\"><\/div>\n\n\n\n<div class=\"wp-block-media-text is-stacked-on-mobile\" style=\"grid-template-columns:30% auto\"><figure class=\"wp-block-media-text__media\"><img loading=\"lazy\" decoding=\"async\" width=\"196\" height=\"73\" src=\"https:\/\/dev.oenobrands.com\/wp-content\/uploads\/2024\/06\/Fermivin_AR2_-_mini_sticker-removebg-preview.png\" alt=\"Fermivin-AR2-wine-yeast\" class=\"wp-image-8719 size-full\"\/><\/figure><div class=\"wp-block-media-text__content\">\n<p><strong>Fermivin AR2 classic<\/strong><br\/>Dosis recomendada: 20 g\/hL.<br\/>Envasado: paquetes de 500 g y 10 kg sellados al vac\u00edo.<\/p>\n<\/div><\/div>\n\n\n\n<div class=\"wp-block-media-text is-stacked-on-mobile\" style=\"grid-template-columns:30% auto\"><figure class=\"wp-block-media-text__media\"><img alt=\"\" loading=\"lazy\" decoding=\"async\" width=\"341\" height=\"129\" src=\"https:\/\/dev.oenobrands.com\/wp-content\/uploads\/2024\/07\/Label-In-line-ready-Fermivin-AR2-ILR-mini-82x31-px-2.png\" alt=\"\" class=\"wp-image-11153 size-full\" srcset=\"https:\/\/dev.oenobrands.com\/wp-content\/uploads\/2024\/07\/Label-In-line-ready-Fermivin-AR2-ILR-mini-82x31-px-2.png 341w, https:\/\/dev.oenobrands.com\/wp-content\/uploads\/2024\/07\/Label-In-line-ready-Fermivin-AR2-ILR-mini-82x31-px-2-300x113.png 300w\" sizes=\"auto, (max-width: 341px) 100vw, 341px\" \/><\/figure><div class=\"wp-block-media-text__content\">\n<p><strong>In-Line Ready Fermivin AR2<br\/><\/strong>Dosis de uso recomendada: 30 g\/hL.<br\/>Envasado: sobres de 500 g al vac\u00edo.<\/p>\n<\/div><\/div>\n\n\n\n<div style=\"height:20px\" aria-hidden=\"true\" class=\"wp-block-spacer\"><\/div>\n\n\n\n<h3 class=\"wp-block-heading\"><strong>Especificaci\u00f3n<\/strong><\/h3>\n\n\n\n<p><strong>Fermivin AR2<\/strong> contiene m\u00e1s de 10 mil millones de c\u00e9lulas secas activas por gramo.<\/p>\n\n\n\n<h3 class=\"wp-block-heading\"><strong>Conservaci\u00f3n<\/strong><\/h3>\n\n\n\n<p>Debe almacenarse en su envase original sellado, en un lugar fresco (5-15 \u00b0C \/ 41-59 \u00b0F) y seco.<\/p>\n<\/div>\n<\/div>\n\n<div class=\"wp-block-group\"><div class=\"wp-block-group__inner-container is-layout-constrained wp-block-group-is-layout-constrained\">\n<div style=\"height:30px\" aria-hidden=\"true\" class=\"wp-block-spacer\"><\/div>\n\n\n\n<hr class=\"wp-block-separator has-text-color has-black-color has-alpha-channel-opacity has-black-background-color has-background\"\/>\n<\/div><\/div>\n\n<div class=\"wp-block-columns is-layout-flex wp-container-core-columns-is-layout-9d6595d7 wp-block-columns-is-layout-flex\">\n<div class=\"wp-block-column is-layout-flow wp-block-column-is-layout-flow\">\n<div class=\"wp-block-group\"><div class=\"wp-block-group__inner-container is-layout-constrained wp-block-group-is-layout-constrained\">\n<h2 class=\"wp-block-heading\"><strong><strong>Explora soluciones relacionadas<\/strong>:<\/strong><\/h2>\n\n\n\n<div style=\"height:30px\" aria-hidden=\"true\" class=\"wp-block-spacer\"><\/div>\n\n\n\n<p><strong>\u00bfBuscas un enfoque m\u00e1s hol\u00edstico de la vinificaci\u00f3n? <\/strong>Descubre nuestras soluciones enol\u00f3gicas avanzadas relacionadas con <strong>Fermivin AR2.<\/strong><\/p>\n\n\n\n<div style=\"height:30px\" aria-hidden=\"true\" class=\"wp-block-spacer\"><\/div>\n\n\n\n<div class=\"wp-block-columns are-vertically-aligned-center is-layout-flex wp-container-core-columns-is-layout-9d6595d7 wp-block-columns-is-layout-flex\">\n<div class=\"wp-block-column is-vertically-aligned-center is-layout-flow wp-block-column-is-layout-flow\" style=\"flex-basis:100%\">\n<div class=\"wp-block-buttons is-content-justification-center is-layout-flex wp-container-core-buttons-is-layout-16018d1d wp-block-buttons-is-layout-flex\">\n<div class=\"wp-block-button is-style-fill\"><a class=\"wp-block-button__link wp-element-button\" href=\"https:\/\/dev.oenobrands.com\/solution\/alcoholic-fermentation\/yeast-inoculation\/\" target=\"_blank\" rel=\"noreferrer noopener\">Inoculaci\u00f3n de levaduras<\/a><\/div>\n\n\n\n<div class=\"wp-block-button is-style-fill\"><a class=\"wp-block-button__link wp-element-button\" href=\"https:\/\/dev.oenobrands.com\/solution\/alcoholic-fermentation\/direct-yeast-inoculation\/\" target=\"_blank\" rel=\"noreferrer noopener\">Inoculaci\u00f3n directa de levaduras<\/a><\/div>\n\n\n\n<div class=\"wp-block-button is-style-fill\"><a class=\"wp-block-button__link wp-element-button\" href=\"https:\/\/dev.oenobrands.com\/solution\/alcoholic-fermentation\/yeast-choice\/\" target=\"_blank\" rel=\"noreferrer noopener\">Elecci\u00f3n de la levadura<\/a><\/div>\n\n\n\n<div class=\"wp-block-button is-style-fill\"><a class=\"wp-block-button__link wp-element-button\" href=\"https:\/\/dev.oenobrands.com\/key-positive-aroma-compounds\/#esters\" target=\"_blank\" rel=\"noreferrer noopener\">Compuestos arom\u00e1ticos (\u00c9steres)<\/a><\/div>\n\n\n\n<div class=\"wp-block-button is-style-fill\"><a class=\"wp-block-button__link wp-element-button\" href=\"https:\/\/dev.oenobrands.com\/solution\/cider-2\/cider\/\" target=\"_blank\" rel=\"noreferrer noopener\">Sidra<\/a><\/div>\n<\/div>\n<\/div>\n<\/div>\n<\/div><\/div>\n\n\n\n<div style=\"height:30px\" aria-hidden=\"true\" class=\"wp-block-spacer\"><\/div>\n<\/div>\n\n\n\n<div class=\"wp-block-column is-layout-flow wp-block-column-is-layout-flow\">\n<h2 class=\"wp-block-heading\"><strong>\u00bfBusca otra cosa?<\/strong><\/h2>\n\n\n\n<div style=\"height:30px\" aria-hidden=\"true\" class=\"wp-block-spacer\"><\/div>\n\n\n\n<p>Visite nuestra secci\u00f3n de Soluciones, donde ofrecemos orientaci\u00f3n experta, conocimientos reconocidos y enfoques innovadores organizados seg\u00fan las etapas del proceso de vinificaci\u00f3n. <strong>Desde la fermentaci\u00f3n hasta la filtraci\u00f3n y el embotellado, le ofrecemos soluciones para mejorar cada etapa de su proceso de vinificaci\u00f3n.<\/strong><\/p>\n\n\n\n<div style=\"height:30px\" aria-hidden=\"true\" class=\"wp-block-spacer\"><\/div>\n\n\n\n<div class=\"wp-block-columns are-vertically-aligned-center is-layout-flex wp-container-core-columns-is-layout-9d6595d7 wp-block-columns-is-layout-flex\">\n<div class=\"wp-block-column is-vertically-aligned-center is-layout-flow wp-block-column-is-layout-flow\" style=\"flex-basis:100%\">\n<div class=\"wp-block-buttons is-content-justification-center is-layout-flex wp-container-core-buttons-is-layout-16018d1d wp-block-buttons-is-layout-flex\">\n<div class=\"wp-block-button is-style-fill\"><a class=\"wp-block-button__link wp-element-button\" href=\"https:\/\/dev.oenobrands.com\/solution\/\">Advanced winemaking solutions<\/a><\/div>\n<\/div>\n<\/div>\n<\/div>\n<\/div>\n<\/div>\n\n<hr class=\"wp-block-separator has-text-color has-black-color has-alpha-channel-opacity has-black-background-color has-background\"\/>\n\n<div style=\"height:30px\" aria-hidden=\"true\" class=\"wp-block-spacer\"><\/div>\n\n<div class=\"wp-block-columns is-layout-flex wp-container-core-columns-is-layout-9d6595d7 wp-block-columns-is-layout-flex\">\n<div class=\"wp-block-column is-vertically-aligned-center is-layout-flow wp-block-column-is-layout-flow\" style=\"flex-basis:30%\">\n<h1 class=\"wp-block-heading has-text-color\" style=\"color:#545859\">Descubre la gama de Fermivin <\/h1>\n\n\n\n<div style=\"height:20px\" aria-hidden=\"true\" class=\"wp-block-spacer\"><\/div>\n\n\n\n<div class=\"wp-block-buttons is-content-justification-center is-layout-flex wp-container-core-buttons-is-layout-16018d1d wp-block-buttons-is-layout-flex\">\n<div class=\"wp-block-button\"><a class=\"wp-block-button__link has-background wp-element-button\" href=\"https:\/\/dev.oenobrands.com\/product\/yeast\/fermivin-yeast\/\" style=\"background-color:#545859\" target=\"_blank\" rel=\"noreferrer noopener\">FERMIVIN<\/a><\/div>\n<\/div>\n<\/div>\n\n\n\n<div class=\"wp-block-column is-layout-flow wp-block-column-is-layout-flow\" style=\"flex-basis:10%\"><\/div>\n\n\n\n<div class=\"wp-block-column is-layout-flow wp-block-column-is-layout-flow\"><div class=\"wp-block-image\">\n<figure class=\"aligncenter size-full\"><img loading=\"lazy\" decoding=\"async\" width=\"350\" height=\"67\" src=\"https:\/\/dev.oenobrands.com\/wp-content\/uploads\/2023\/04\/Oenobrands-Fermivin-logo400-e1683143710792.png\" alt=\"Oenobrands-Fermivin-logo-350\" class=\"wp-image-2709\" srcset=\"https:\/\/dev.oenobrands.com\/wp-content\/uploads\/2023\/04\/Oenobrands-Fermivin-logo400-e1683143710792.png 350w, https:\/\/dev.oenobrands.com\/wp-content\/uploads\/2023\/04\/Oenobrands-Fermivin-logo400-e1683143710792-300x57.png 300w\" sizes=\"auto, (max-width: 350px) 100vw, 350px\" \/><\/figure>\n<\/div><\/div>\n<\/div>\n\n<div style=\"height:50px\" aria-hidden=\"true\" class=\"wp-block-spacer\"><\/div>\n","protected":false},"excerpt":{"rendered":"<p>Fermivin AR2 VINOS BLANCOS Y ROSADOS CON AROMAS INTENSOS FINALIDAD Fermivin\u00ae AR2 libera grandes cantidades de \u00e9steres y bajos niveles de fenoles vol\u00e1tiles. Se obtienen as\u00ed vinos blancos y rosados muy arom\u00e1ticos, limpios, complejos y golosos (rosa, frutas tropicales, pi\u00f1a). Puede realizar la fermentaci\u00f3n alcoh\u00f3lica a bajas temperaturas (12-14 \u00b0C). S Su mejor rendimiento arom\u00e1tico [&hellip;]<\/p>\n","protected":false},"author":3,"featured_media":0,"parent":17941,"menu_order":6,"comment_status":"closed","ping_status":"closed","template":"page-product.php","meta":{"_acf_changed":false,"_seopress_robots_primary_cat":"0","_seopress_titles_title":"","_seopress_titles_desc":"","_seopress_robots_index":"","_seopress_analysis_target_kw":"","footnotes":""},"class_list":["post-19008","page","type-page","status-publish"],"acf":[],"_links":{"self":[{"href":"https:\/\/dev.oenobrands.com\/es\/wp-json\/wp\/v2\/pages\/19008","targetHints":{"allow":["GET"]}}],"collection":[{"href":"https:\/\/dev.oenobrands.com\/es\/wp-json\/wp\/v2\/pages"}],"about":[{"href":"https:\/\/dev.oenobrands.com\/es\/wp-json\/wp\/v2\/types\/page"}],"author":[{"embeddable":true,"href":"https:\/\/dev.oenobrands.com\/es\/wp-json\/wp\/v2\/users\/3"}],"replies":[{"embeddable":true,"href":"https:\/\/dev.oenobrands.com\/es\/wp-json\/wp\/v2\/comments?post=19008"}],"version-history":[{"count":0,"href":"https:\/\/dev.oenobrands.com\/es\/wp-json\/wp\/v2\/pages\/19008\/revisions"}],"up":[{"embeddable":true,"href":"https:\/\/dev.oenobrands.com\/es\/wp-json\/wp\/v2\/pages\/17941"}],"wp:attachment":[{"href":"https:\/\/dev.oenobrands.com\/es\/wp-json\/wp\/v2\/media?parent=19008"}],"curies":[{"name":"wp","href":"https:\/\/api.w.org\/{rel}","templated":true}]}}