{"id":18415,"date":"2022-10-19T23:19:27","date_gmt":"2022-10-19T21:19:27","guid":{"rendered":"https:\/\/dev.oenobrands.com\/oxidacion-del-vino\/"},"modified":"2025-10-20T16:09:00","modified_gmt":"2025-10-20T14:09:00","slug":"oxidacion-del-vino","status":"publish","type":"page","link":"https:\/\/dev.oenobrands.com\/es\/solucion\/defectos-enologicos\/oxidacion-del-vino\/","title":{"rendered":"Oxidaci\u00f3n del vino"},"content":{"rendered":"\n<div style=\"height:50px\" aria-hidden=\"true\" class=\"wp-block-spacer\"><\/div>\n\n<h2 class=\"wp-block-heading\"><strong>\u00bfQu\u00e9 es la oxidaci\u00f3n del vino?<\/strong><\/h2>\n\n<div style=\"height:30px\" aria-hidden=\"true\" class=\"wp-block-spacer\"><\/div>\n\n<p><strong>En t\u00e9rminos simples, la oxidaci\u00f3n del vino blanco est\u00e1 principalmente relacionada con reacciones que involucran ciertos polifenoles.<\/strong> En presencia de ox\u00edgeno y\/o metales como el hierro, se forman quinonas altamente reactivas que provocan fen\u00f3menos de pardeamiento y, finalmente, la precipitaci\u00f3n de pigmentos. Algunos compuestos arom\u00e1ticos, como los tioles varietales, tambi\u00e9n pueden unirse directa e irreversiblemente a estas quinonas, provocando una p\u00e9rdida permanente de aroma. <\/p>\n\n<p>Adem\u00e1s, las reacciones de oxidaci\u00f3n directa pueden conducir a la formaci\u00f3n de aldeh\u00eddos, que confieren al vino notas oxidativas de miel cuando est\u00e1n presentes en altas concentraciones, en particular 2-fenilacetaldeh\u00eddo y metional.<\/p>\n\n<div style=\"height:30px\" aria-hidden=\"true\" class=\"wp-block-spacer\"><\/div>\n\n<div class=\"wp-block-columns is-layout-flex wp-container-core-columns-is-layout-9d6595d7 wp-block-columns-is-layout-flex\">\n<div class=\"wp-block-column has-background is-layout-flow wp-block-column-is-layout-flow\" style=\"background-color:#f7f7f7\">\n<h3 class=\"wp-block-heading\"><strong>Desarrollo de Extraferm D\u2019fend<\/strong><\/h3>\n\n\n\n<div style=\"height:30px\" aria-hidden=\"true\" class=\"wp-block-spacer\"><\/div>\n\n\n\n<p>En colaboraci\u00f3n con la Universidad de Borgo\u00f1a (IUVV Dijon, Francia), hemos desarrollado un m\u00e9todo para medir el poder antioxidante de los derivados de levadura basado en la fracci\u00f3n nucleof\u00edlica, que representa globalmente la reacci\u00f3n de adici\u00f3n entre los compuestos nucleof\u00edlicos contenidos en la fracci\u00f3n soluble de los derivados de levadura y una quinona modelo. Esta reacci\u00f3n de adici\u00f3n puede considerarse una neutralizaci\u00f3n de las quinonas. Esta medici\u00f3n incluye aspectos de afinidad y cantidad, y por tanto refleja el poder antioxidante global de los derivados de levadura.  <\/p>\n\n\n\n<p>El uso de esta medici\u00f3n en una gama de derivados de levadura (Figura 1) nos permiti\u00f3 seleccionar los m\u00e1s eficientes, a saber RO7 y RO4, para la formulaci\u00f3n de Extraferm D\u2019fend. Aunque RO4 no tiene la fracci\u00f3n nucleof\u00edlica total m\u00e1s alta, su composici\u00f3n nucleof\u00edlica es diferente y parece complementaria, proporcionando as\u00ed un producto con un espectro de acci\u00f3n m\u00e1s amplio.<\/p>\n\n\n\n<figure class=\"wp-block-image size-full zoooom\"><img alt=\"\" decoding=\"async\" src=\"https:\/\/dev.oenobrands.com\/wp-content\/uploads\/2023\/03\/Solution_aroma_defaults_oxidation_figure-1.png\" alt=\"\" class=\"wp-image-2081\"\/><figcaption class=\"wp-element-caption\">Fracci\u00f3n nucleof\u00edlica de seis derivados de levadura (en unidades arbitrarias).<\/figcaption><\/figure>\n\n\n\n<div style=\"height:48px\" aria-hidden=\"true\" class=\"wp-block-spacer\"><\/div>\n\n\n\n<p>Bas\u00e1ndonos en estos dos derivados, realizamos ensayos a peque\u00f1o volumen para identificar <strong>la proporci\u00f3n adecuada de cada derivado de levadura en el producto final.<\/strong> Se eligieron las siguientes proporciones:<\/p>\n\n\n\n<p>&#8211; 80 % de levadura <em>S. cerevisiae<\/em> inactivada (RO7).<\/p>\n\n\n\n<p>&#8211; 20 % de levadura <em>S. cerevisiae <\/em>autolisada (RO4).<\/p>\n\n\n\n<div style=\"height:30px\" aria-hidden=\"true\" class=\"wp-block-spacer\"><\/div>\n\n\n\n<div class=\"wp-block-buttons is-content-justification-center is-layout-flex wp-container-core-buttons-is-layout-16018d1d wp-block-buttons-is-layout-flex\">\n<div class=\"wp-block-button\"><a class=\"wp-block-button__link wp-element-button\" href=\"https:\/\/dev.oenobrands.com\/product\/yeast-derivate\/feel-safe\/extraferm-dfend\/\" target=\"_blank\" rel=\"noreferrer noopener\">Extraferm D&#8217;fend<\/a><\/div>\n<\/div>\n<\/div>\n\n\n\n<div class=\"wp-block-column is-layout-flow wp-block-column-is-layout-flow\" style=\"flex-basis:1%\"><\/div>\n\n\n\n<div class=\"wp-block-column has-background is-layout-flow wp-block-column-is-layout-flow\" style=\"background-color:#f7f7f7\">\n<h3 class=\"wp-block-heading\"><strong>Seguimiento de la oxidaci\u00f3n mediante la medici\u00f3n del \u00edndice de resistencia a la oxidaci\u00f3n<\/strong><\/h3>\n\n\n\n<div style=\"height:1px\" aria-hidden=\"true\" class=\"wp-block-spacer\"><\/div>\n\n\n\n<p>Posteriormente, se evalu\u00f3 la eficacia de Extraferm D\u2019fend en condiciones de vinificaci\u00f3n en diferentes <strong>vinos<\/strong> (Sauvignon blanc y Garnacha rosado del Languedoc, Chardonnay del Languedoc y de Borgo\u00f1a). <\/p>\n\n\n\n<p>Se control\u00f3 un vino blanco (Chardonnay ecol\u00f3gico del Languedoc, Francia, sin sulfitos a\u00f1adidos) en t\u00e9rminos de oxidaci\u00f3n. Tras la fermentaci\u00f3n, el lote se separ\u00f3 en dos dep\u00f3sitos: uno de control mantenido sobre l\u00edas finas y otro con la adici\u00f3n de <strong>Extraferm D\u2019fend <\/strong>a 30 g\/hL sin l\u00edas.<\/p>\n\n\n\n<p>En T0, T+1 mes y T+1,5 meses, medimos el \u00edndice de resistencia a la oxidaci\u00f3n utilizando el instrumento NomaSense PolyScan C200 de Vinventions, basado en voltametr\u00eda de barrido lineal. Este \u00edndice se calcula mediante las mediciones EasyOx de Vinventions (determinaci\u00f3n de compuestos f\u00e1cilmente oxidables que reaccionan r\u00e1pidamente) y las mediciones PhenOx (determinaci\u00f3n de compuestos oxidados totales). Cuanto mayor es este \u00edndice, mayor es la resistencia a la oxidaci\u00f3n.  <\/p>\n\n\n\n<figure class=\"wp-block-image size-full zoooom\"><img alt=\"\" decoding=\"async\" src=\"https:\/\/dev.oenobrands.com\/wp-content\/uploads\/2023\/03\/Solution_aroma_defaults_oxidation_figure-2.png\" alt=\"\" class=\"wp-image-2083\"\/><figcaption class=\"wp-element-caption\">Seguimiento del \u00edndice de resistencia a la oxidaci\u00f3n PolyScan (Vinventions) a lo largo del tiempo para vino blanco (Chardonnay ecol\u00f3gico sin sulfitos a\u00f1adidos). Un \u00edndice alto indica mayor resistencia a la oxidaci\u00f3n. <\/figcaption><\/figure>\n\n\n\n<p>El vino de control parece ser muy resistente en T0. Sin embargo, este dep\u00f3sito se vuelve m\u00e1s sensible a la oxidaci\u00f3n despu\u00e9s del primer mes. Por el contrario, el dep\u00f3sito con Extraferm D\u2019fend adquiere resistencia a la oxidaci\u00f3n gracias a su alta concentraci\u00f3n de nucle\u00f3filos con propiedades antioxidantes. Esta resistencia persiste con el tiempo. Despu\u00e9s de 1,5 meses, el Chardonnay con <strong>Extraferm D\u2019fend <\/strong>a\u00f1adido es tan resistente a la oxidaci\u00f3n como el vino mantenido regularmente sobre l\u00edas. <strong>Extraferm D\u2019fend<\/strong> puede as\u00ed eliminar la necesidad de l\u00edas, al menos parcialmente.    <\/p>\n<\/div>\n<\/div>\n\n<div style=\"height:50px\" aria-hidden=\"true\" class=\"wp-block-spacer\"><\/div>\n\n<div class=\"wp-block-columns is-layout-flex wp-container-core-columns-is-layout-9d6595d7 wp-block-columns-is-layout-flex\">\n<div class=\"wp-block-column has-background is-layout-flow wp-block-column-is-layout-flow\" style=\"background-color:#f7f7f7\">\n<h3 class=\"wp-block-heading\"><strong>Seguimiento de la oxidaci\u00f3n del vino mediante la medici\u00f3n de la concentraci\u00f3n de marcadores de aldeh\u00eddos de oxidaci\u00f3n<\/strong><\/h3>\n\n\n\n<div style=\"height:30px\" aria-hidden=\"true\" class=\"wp-block-spacer\"><\/div>\n\n\n\n<p>Para el mismo vino, se realiz\u00f3 un seguimiento de la formaci\u00f3n de aldeh\u00eddos de oxidaci\u00f3n. Se consider\u00f3 que la presencia de estos aldeh\u00eddos sigue siendo un marcador de los fen\u00f3menos oxidativos, aunque en todos los casos sus niveles se mantuvieron por debajo del umbral de percepci\u00f3n. <\/p>\n\n\n\n<p>Mostramos que la adici\u00f3n de <strong>Extraferm D\u2019fend <\/strong>limita la acumulaci\u00f3n de estos aldeh\u00eddos con el tiempo. En el vino de control, su concentraci\u00f3n aumenta con el paso del tiempo. <strong>Extraferm D\u2019fend<\/strong> proporciona as\u00ed una protecci\u00f3n significativa frente a estos marcadores de oxidaci\u00f3n. <\/p>\n\n\n\n<figure class=\"wp-block-image size-full zoooom\"><img alt=\"\" decoding=\"async\" src=\"https:\/\/dev.oenobrands.com\/wp-content\/uploads\/2023\/03\/Solution_aroma_defaults_oxidation_figure-3.png\" alt=\"\" class=\"wp-image-2086\"\/><figcaption class=\"wp-element-caption\">Concentraci\u00f3n de marcadores de oxidaci\u00f3n de aldeh\u00eddos (\u00b5g\/L) en vino blanco (Chardonnay ecol\u00f3gico sin sulfitos a\u00f1adidos).<\/figcaption><\/figure>\n<\/div>\n\n\n\n<div class=\"wp-block-column is-layout-flow wp-block-column-is-layout-flow\" style=\"flex-basis:1%\"><\/div>\n\n\n\n<div class=\"wp-block-column has-background is-layout-flow wp-block-column-is-layout-flow\" style=\"background-color:#f7f7f7\">\n<h3 class=\"wp-block-heading\"><strong>Seguimiento del efecto antioxidante de Extraferm D\u2019fend mediante cata<\/strong><\/h3>\n\n\n\n<div style=\"height:30px\" aria-hidden=\"true\" class=\"wp-block-spacer\"><\/div>\n\n\n\n<p>En otros ensayos realizados con Chardonnay en Borgo\u00f1a, se puso el \u00e9nfasis en el an\u00e1lisis sensorial para evaluar el impacto de <strong>Extraferm D\u2019fend<\/strong>. Los tres vinos controlados (Chablis, Saint-V\u00e9ran y Hautes C\u00f4tes de Beaune) se vinificaron de forma estandarizada (coinoculaci\u00f3n con Fermivin 3C y DUET Soft). Los vinos envejecidos en presencia de Extraferm D\u2019fend parecen m\u00e1s frescos, con notas florales y afrutadas m\u00e1s intensas a igual intensidad arom\u00e1tica. Tambi\u00e9n se perciben m\u00e1s redondos y persistentes en boca que los vinos no tratados. A continuaci\u00f3n se muestra un ejemplo de los resultados de la cata.    <\/p>\n\n\n\n<figure class=\"wp-block-image size-full zoooom\"><img alt=\"\" decoding=\"async\" src=\"https:\/\/dev.oenobrands.com\/wp-content\/uploads\/2023\/03\/Solution_aroma_defaults_oxidation_figure-4.png\" alt=\"\" class=\"wp-image-2088\"\/><figcaption class=\"wp-element-caption\">Vino blanco, Chardonnay, Borgo\u00f1a 2020, AOC St V\u00e9ran. Cata realizada nueve meses despu\u00e9s de la adici\u00f3n de Extraferm D\u2019fend (30 g\/hL). <\/figcaption><\/figure>\n\n\n\n<p><strong>Extraferm D\u2019fend <\/strong>permiti\u00f3 as\u00ed limitar la evoluci\u00f3n del vino con el tiempo y conservar su frescura, aumentando a la vez su volumen y persistencia en boca.<\/p>\n\n\n\n<div class=\"wp-block-buttons is-content-justification-center is-layout-flex wp-container-core-buttons-is-layout-16018d1d wp-block-buttons-is-layout-flex\">\n<div class=\"wp-block-button\"><a class=\"wp-block-button__link wp-element-button\" href=\"https:\/\/dev.oenobrands.com\/product\/yeast\/fermivin-yeast\/fermivin-3c\/\" target=\"_blank\" rel=\"noreferrer noopener\">Fermivin 3C<\/a><\/div>\n\n\n\n<div class=\"wp-block-button\"><a class=\"wp-block-button__link wp-element-button\" href=\"https:\/\/dev.oenobrands.com\/product\/bacteria\/anchor-bacteria\/duet-soft\/\" target=\"_blank\" rel=\"noreferrer noopener\">DUET Soft<\/a><\/div>\n<\/div>\n<\/div>\n<\/div>\n\n<div style=\"height:30px\" aria-hidden=\"true\" class=\"wp-block-spacer\"><\/div>\n\n<div class=\"wp-block-buttons is-content-justification-center is-layout-flex wp-container-core-buttons-is-layout-16018d1d wp-block-buttons-is-layout-flex\">\n<div class=\"wp-block-button\"><a class=\"wp-block-button__link has-white-color has-text-color has-background wp-element-button\" href=\"https:\/\/dev.oenobrands.com\/product\/yeast-derivate\/feel-safe\/extraferm-dfend\/\" style=\"background-color:#3e6991\" target=\"_blank\" rel=\"noreferrer noopener\">Extraferm D\u2019fend<\/a><\/div>\n<\/div>\n\n<div style=\"height:35px\" aria-hidden=\"true\" class=\"wp-block-spacer\"><\/div>\n\n<div class=\"wp-block-columns is-layout-flex wp-container-core-columns-is-layout-9d6595d7 wp-block-columns-is-layout-flex\">\n<div class=\"wp-block-column is-vertically-aligned-center is-layout-flow wp-block-column-is-layout-flow\" style=\"flex-basis:30%\">\n<h1 class=\"wp-block-heading has-text-color\" style=\"color:#aca39a\">Descubra la gama EXTRAFERM<\/h1>\n\n\n\n<div style=\"height:20px\" aria-hidden=\"true\" class=\"wp-block-spacer\"><\/div>\n\n\n\n<div class=\"wp-block-buttons is-content-justification-left is-layout-flex wp-container-core-buttons-is-layout-fdcfc74e wp-block-buttons-is-layout-flex\">\n<div class=\"wp-block-button\"><a class=\"wp-block-button__link has-background wp-element-button\" href=\"https:\/\/dev.oenobrands.com\/product\/yeast-derivate\/feel-safe\/\" style=\"background-color:#aca39a\" target=\"_blank\" rel=\"noreferrer noopener\">feel SAFE!<\/a><\/div>\n<\/div>\n<\/div>\n\n\n\n<div class=\"wp-block-column is-layout-flow wp-block-column-is-layout-flow\" style=\"flex-basis:50px\"><\/div>\n\n\n\n<div class=\"wp-block-column is-layout-flow wp-block-column-is-layout-flow\"><div class=\"wp-block-image\">\n<figure class=\"aligncenter size-large is-resized\"><img loading=\"lazy\" decoding=\"async\" width=\"1024\" height=\"1024\" src=\"https:\/\/dev.oenobrands.com\/wp-content\/uploads\/2023\/05\/Feel-Safe-yeast-derivate-derive-levure-generique-1024x1024.png\" alt=\"Feel-Safe-yeast-derivate-derive-levure-generique\" class=\"wp-image-4093\" style=\"width:256px;height:256px\"\/><\/figure>\n<\/div><\/div>\n<\/div>\n\n<div style=\"height:50px\" aria-hidden=\"true\" class=\"wp-block-spacer\"><\/div>\n\n<div class=\"wp-block-group\"><div class=\"wp-block-group__inner-container is-layout-constrained wp-block-group-is-layout-constrained\">\n<div class=\"wp-block-group\"><div class=\"wp-block-group__inner-container is-layout-constrained wp-block-group-is-layout-constrained\">\n<div class=\"wp-block-group\"><div class=\"wp-block-group__inner-container is-layout-constrained wp-block-group-is-layout-constrained\">\n<hr class=\"wp-block-separator has-text-color has-alpha-channel-opacity has-background\" style=\"background-color:#8a918e;color:#8a918e\"\/>\n<\/div><\/div>\n<\/div><\/div>\n\n\n\n<div class=\"wp-block-group\"><div class=\"wp-block-group__inner-container is-layout-constrained wp-block-group-is-layout-constrained\">\n<div class=\"wp-block-group\"><div class=\"wp-block-group__inner-container is-layout-constrained wp-block-group-is-layout-constrained\">\n<h2 class=\"wp-block-heading\"><strong>\u00bfY usted?<\/strong><\/h2>\n<\/div><\/div>\n<\/div><\/div>\n\n\n\n<div class=\"wp-block-group\"><div class=\"wp-block-group__inner-container is-layout-constrained wp-block-group-is-layout-constrained\">\n<div class=\"wp-block-group\"><div class=\"wp-block-group__inner-container is-layout-constrained wp-block-group-is-layout-constrained\">\n<p>Con un equipo altamente calificado de expertos en diversos campos, Oenobrands se esfuerza por ofrecer a los vinificadores soluciones novedosas y respaldadas cient\u00edficamente, adem\u00e1s de destacar las sinergias positivas entre sus productos.<\/p>\n<\/div><\/div>\n\n\n\n<div class=\"wp-block-group\"><div class=\"wp-block-group__inner-container is-layout-constrained wp-block-group-is-layout-constrained\">\n<div class=\"wp-block-group\"><div class=\"wp-block-group__inner-container is-layout-constrained wp-block-group-is-layout-constrained\">\n<div class=\"wp-block-columns is-layout-flex wp-container-core-columns-is-layout-9d6595d7 wp-block-columns-is-layout-flex\">\n<div class=\"wp-block-column is-vertically-aligned-center is-layout-flow wp-block-column-is-layout-flow\">\n<div class=\"wp-block-group wp-container-content-9cfa9a5a is-content-justification-left\"><div class=\"wp-block-group__inner-container is-layout-constrained wp-container-core-group-is-layout-8c890d92 wp-block-group-is-layout-constrained\">\n<p class=\"has-text-align-left\" style=\"font-size:0.9rem;font-style:normal;font-weight:600;letter-spacing:1px;text-transform:uppercase\">Busque su soluci\u00f3n o producto.<\/p>\n\n\n<form role=\"search\" method=\"get\" action=\"https:\/\/dev.oenobrands.com\/es\/\" class=\"wp-block-search__button-outside wp-block-search__icon-button wp-block-search\"    ><label class=\"wp-block-search__label screen-reader-text\" for=\"wp-block-search__input-1\" >Buscar<\/label><div class=\"wp-block-search__inside-wrapper\"  style=\"width: 100%\"><input class=\"wp-block-search__input\" id=\"wp-block-search__input-1\" placeholder=\"\" value=\"\" type=\"search\" name=\"s\" required  style=\"border-width: 1px\"\/><button aria-label=\"Buscar\" class=\"wp-block-search__button has-icon wp-element-button\" type=\"submit\"  style=\"border-width: 1px\"><svg class=\"search-icon\" viewBox=\"0 0 24 24\" width=\"24\" height=\"24\">\n\t\t\t\t\t<path d=\"M13 5c-3.3 0-6 2.7-6 6 0 1.4.5 2.7 1.3 3.7l-3.8 3.8 1.1 1.1 3.8-3.8c1 .8 2.3 1.3 3.7 1.3 3.3 0 6-2.7 6-6S16.3 5 13 5zm0 10.5c-2.5 0-4.5-2-4.5-4.5s2-4.5 4.5-4.5 4.5 2 4.5 4.5-2 4.5-4.5 4.5z\"><\/path>\n\t\t\t\t<\/svg><\/button><\/div><\/form><\/div><\/div>\n<\/div>\n\n\n\n<div class=\"wp-block-column is-layout-flow wp-block-column-is-layout-flow\" style=\"flex-basis:3px\"><\/div>\n\n\n\n<div class=\"wp-block-column is-layout-flow wp-block-column-is-layout-flow\">\n<p class=\"has-text-align-center\">Cu\u00e9ntenos sobre sus dificultades, y le responderemos.<\/p>\n\n\n\n<div class=\"wp-block-buttons is-content-justification-center is-layout-flex wp-container-core-buttons-is-layout-16018d1d wp-block-buttons-is-layout-flex\">\n<div class=\"wp-block-button is-style-fill\"><a class=\"wp-block-button__link wp-element-button\" href=\"https:\/\/dev.oenobrands.com\/contact-us\/\" target=\"_blank\" rel=\"noreferrer noopener\">Cont\u00e1ctenos<\/a><\/div>\n<\/div>\n<\/div>\n<\/div>\n<\/div><\/div>\n<\/div><\/div>\n<\/div><\/div>\n<\/div><\/div>\n\n<div style=\"height:50px\" aria-hidden=\"true\" class=\"wp-block-spacer\"><\/div>\n","protected":false},"excerpt":{"rendered":"<p>\u00bfQu\u00e9 es la oxidaci\u00f3n del vino? En t\u00e9rminos simples, la oxidaci\u00f3n del vino blanco est\u00e1 principalmente relacionada con reacciones que involucran ciertos polifenoles. En presencia de ox\u00edgeno y\/o metales como el hierro, se forman quinonas altamente reactivas que provocan fen\u00f3menos de pardeamiento y, finalmente, la precipitaci\u00f3n de pigmentos. Algunos compuestos arom\u00e1ticos, como los tioles varietales, [&hellip;]<\/p>\n","protected":false},"author":3,"featured_media":0,"parent":19489,"menu_order":4,"comment_status":"closed","ping_status":"closed","template":"","meta":{"_acf_changed":false,"_seopress_robots_primary_cat":"0","_seopress_titles_title":"","_seopress_titles_desc":"","_seopress_robots_index":"","_seopress_analysis_target_kw":"","footnotes":""},"class_list":["post-18415","page","type-page","status-publish"],"acf":[],"_links":{"self":[{"href":"https:\/\/dev.oenobrands.com\/es\/wp-json\/wp\/v2\/pages\/18415","targetHints":{"allow":["GET"]}}],"collection":[{"href":"https:\/\/dev.oenobrands.com\/es\/wp-json\/wp\/v2\/pages"}],"about":[{"href":"https:\/\/dev.oenobrands.com\/es\/wp-json\/wp\/v2\/types\/page"}],"author":[{"embeddable":true,"href":"https:\/\/dev.oenobrands.com\/es\/wp-json\/wp\/v2\/users\/3"}],"replies":[{"embeddable":true,"href":"https:\/\/dev.oenobrands.com\/es\/wp-json\/wp\/v2\/comments?post=18415"}],"version-history":[{"count":0,"href":"https:\/\/dev.oenobrands.com\/es\/wp-json\/wp\/v2\/pages\/18415\/revisions"}],"up":[{"embeddable":true,"href":"https:\/\/dev.oenobrands.com\/es\/wp-json\/wp\/v2\/pages\/19489"}],"wp:attachment":[{"href":"https:\/\/dev.oenobrands.com\/es\/wp-json\/wp\/v2\/media?parent=18415"}],"curies":[{"name":"wp","href":"https:\/\/api.w.org\/{rel}","templated":true}]}}