{"id":18413,"date":"2022-10-19T14:19:00","date_gmt":"2022-10-19T12:19:00","guid":{"rendered":"https:\/\/dev.oenobrands.com\/contaminacion-por-humo\/"},"modified":"2025-10-20T15:57:25","modified_gmt":"2025-10-20T13:57:25","slug":"contaminacion-por-humo","status":"publish","type":"page","link":"https:\/\/dev.oenobrands.com\/es\/solucion\/defectos-enologicos\/contaminacion-por-humo\/","title":{"rendered":"Contaminaci\u00f3n por humo"},"content":{"rendered":"\n<div style=\"height:50px\" aria-hidden=\"true\" class=\"wp-block-spacer\"><\/div>\n\n\n\n<p>En la \u00faltima d\u00e9cada, los grandes incendios han afectado a zonas vit\u00edcolas de todo el mundo, y el cambio clim\u00e1tico ha incrementado su frecuencia e impacto. Adem\u00e1s de la destrucci\u00f3n de vi\u00f1edos y bodegas, la exposici\u00f3n de las uvas al humo provoca p\u00e9rdidas econ\u00f3micas debido a la aparici\u00f3n de caracteres sensoriales indeseables en el vino. Estos vinos son percibidos negativamente por los consumidores, que los describen como ahumados, quemados o cenicientos, con notas medicinales, y suelen referirse a ellos simplemente como \u201ccontaminados por humo\u201d.  <\/p>\n\n\n\n<div style=\"height:30px\" aria-hidden=\"true\" class=\"wp-block-spacer\"><\/div>\n\n\n\n<h2 class=\"wp-block-heading\"><strong>\u00bfCu\u00e1les son los compuestos responsables del defecto de humo?<\/strong><\/h2>\n\n\n\n<div style=\"height:30px\" aria-hidden=\"true\" class=\"wp-block-spacer\"><\/div>\n\n\n\n<div class=\"wp-block-columns is-layout-flex wp-container-core-columns-is-layout-9d6595d7 wp-block-columns-is-layout-flex\">\n<div class=\"wp-block-column is-layout-flow wp-block-column-is-layout-flow\">\n<p>Durante los incendios, una gran variedad de fenoles vol\u00e1tiles libres est\u00e1 presente en el humo, y estos compuestos son los principales responsables del defecto de humo. Dichos compuestos son absorbidos directamente por las uvas y se metabolizan parcialmente para producir gluc\u00f3sidos que no poseen aroma ahumado.  <strong>A veces se les denomina precursores del defecto de humo.<\/strong><\/p>\n\n\n\n<p>Los precursores del defecto de humo pueden liberarse durante la fermentaci\u00f3n, pero sobre todo con el tiempo en barrica o botella, liberando fenoles vol\u00e1tiles en el mosto o el vino, lo que permite percibir el sabor ahumado. <strong>Durante la degustaci\u00f3n del vino, estos gluc\u00f3sidos tambi\u00e9n pueden liberar fenoles vol\u00e1tiles en la boca, contribuyendo as\u00ed a la percepci\u00f3n del defecto de humo.<\/strong> Seis fenoles diferentes se consideran los principales marcadores del defecto de humo: guayacol, 4-metilguayacol, 4-metilsiringol, o-cresol, p-cresol y m-cresol.<\/p>\n\n\n\n<p><strong>Los gluc\u00f3sidos del defecto de humo representan una \u201cbomba de relojer\u00eda\u201d, ya que se van hidrolizando progresivamente durante el almacenamiento del vino, liberando poco a poco los compuestos ahumados libres y olorosos.<\/strong><\/p>\n<\/div>\n\n\n\n<div class=\"wp-block-column is-layout-flow wp-block-column-is-layout-flow\" style=\"flex-basis:1%\"><\/div>\n\n\n\n<div class=\"wp-block-column is-layout-flow wp-block-column-is-layout-flow\">\n<p><\/p>\n\n\n\n<figure class=\"wp-block-image size-full zoooom\"><img alt=\"\" loading=\"lazy\" decoding=\"async\" width=\"673\" height=\"549\" src=\"https:\/\/dev.oenobrands.com\/wp-content\/uploads\/2025\/10\/SP-solution-defaults-smoke-taint-1-compounds-level.png\" alt=\"\" class=\"wp-image-18861\" srcset=\"https:\/\/dev.oenobrands.com\/wp-content\/uploads\/2025\/10\/SP-solution-defaults-smoke-taint-1-compounds-level.png 673w, https:\/\/dev.oenobrands.com\/wp-content\/uploads\/2025\/10\/SP-solution-defaults-smoke-taint-1-compounds-level-300x245.png 300w\" sizes=\"auto, (max-width: 673px) 100vw, 673px\" \/><figcaption class=\"wp-element-caption\">Liberaci\u00f3n progresiva de compuestos ahumados libres y arom\u00e1ticos en el vino<\/figcaption><\/figure>\n<\/div>\n<\/div>\n\n\n\n<div style=\"height:30px\" aria-hidden=\"true\" class=\"wp-block-spacer\"><\/div>\n\n\n\n<h2 class=\"wp-block-heading\"><strong>\u00bfQu\u00e9 recomendamos para la gesti\u00f3n de uvas expuestas al humo?<\/strong><\/h2>\n\n\n\n<div style=\"height:30px\" aria-hidden=\"true\" class=\"wp-block-spacer\"><\/div>\n\n\n\n<h3 class=\"wp-block-heading\">\u25ba<strong> Evitar la extracci\u00f3n de los compuestos responsables de sabores indeseables<\/strong><\/h3>\n\n\n\n<p>Existen varias medidas que pueden tomarse en bodega para minimizar el impacto sensorial de la exposici\u00f3n al humo.<\/p>\n\n\n\n<div style=\"height:30px\" aria-hidden=\"true\" class=\"wp-block-spacer\"><\/div>\n\n\n\n<div class=\"wp-block-columns has-background is-layout-flex wp-container-core-columns-is-layout-9d6595d7 wp-block-columns-is-layout-flex\" style=\"background-color:#f7f7f7\">\n<div class=\"wp-block-column is-layout-flow wp-block-column-is-layout-flow\">\n<p>Las siguientes recomendaciones han dado buenos resultados en la gesti\u00f3n de uvas afectadas por el humo:<\/p>\n\n\n\n<ul class=\"wp-block-list\">\n<li>Cosechar las uvas manualmente, excluyendo las hojas.<\/li>\n\n\n\n<li>Mantener la fruta lo m\u00e1s fr\u00eda posible.<\/li>\n\n\n\n<li>Prensar los racimos enteros, realizando el m\u00ednimo n\u00famero de rotaciones del ciclo de prensado y separando las fracciones.<\/li>\n\n\n\n<li>Fermentar en grandes vol\u00famenes para favorecer que el defecto de humo se integre o quede enmascarado.<\/li>\n<\/ul>\n<\/div>\n\n\n\n<div class=\"wp-block-column is-layout-flow wp-block-column-is-layout-flow\" style=\"flex-basis:1%\"><\/div>\n\n\n\n<div class=\"wp-block-column is-layout-flow wp-block-column-is-layout-flow\">\n<p>La maceraci\u00f3n con pieles debe ser lo m\u00e1s breve posible. <strong>El uso de enzimas pectol\u00edticas como Rapidase Extra Press para vinos blancos y rosados, y Rapidase Fast Color para vinos tintos, a una dosis de 2 g\/100 kg de fruta, ayudar\u00e1 a acortar la maceraci\u00f3n.<\/strong><\/p>\n\n\n\n<div style=\"height:30px\" aria-hidden=\"true\" class=\"wp-block-spacer\"><\/div>\n\n\n\n<div class=\"wp-block-buttons is-content-justification-center is-layout-flex wp-container-core-buttons-is-layout-16018d1d wp-block-buttons-is-layout-flex\">\n<div class=\"wp-block-button is-style-fill\"><a class=\"wp-block-button__link wp-element-button\" href=\"https:\/\/dev.oenobrands.com\/product\/enzyme\/rapidase\/extra-press\/\" target=\"_blank\" rel=\"noreferrer noopener\">Rapidase Extra Press<\/a><\/div>\n\n\n\n<div class=\"wp-block-button is-style-fill\"><a class=\"wp-block-button__link wp-element-button\" href=\"https:\/\/dev.oenobrands.com\/product\/enzyme\/rapidase\/flash-color\/\" target=\"_blank\" rel=\"noreferrer noopener\">Rapidase Fast Color<\/a><\/div>\n<\/div>\n\n\n\n<div style=\"height:30px\" aria-hidden=\"true\" class=\"wp-block-spacer\"><\/div>\n<\/div>\n<\/div>\n\n\n\n<div class=\"wp-block-columns is-layout-flex wp-container-core-columns-is-layout-9d6595d7 wp-block-columns-is-layout-flex\">\n<div class=\"wp-block-column has-background is-layout-flow wp-block-column-is-layout-flow\" style=\"background-color:#f7f7f7\">\n<p>Recomendamos utilizar levaduras y bacterias adecuadas (du Plessis, <em>2020, Conferencia SASEV<\/em>) para aumentar la frutosidad y absorber o degradar algunos compuestos libres, utilizando Legacy VIN13 para vinos blancos y rosados, y Legacy NT112 para vinos tintos.<\/p>\n\n\n\n<div class=\"wp-block-buttons is-content-justification-center is-layout-flex wp-container-core-buttons-is-layout-16018d1d wp-block-buttons-is-layout-flex\">\n<div class=\"wp-block-button is-style-fill\"><a class=\"wp-block-button__link wp-element-button\" href=\"https:\/\/dev.oenobrands.com\/product\/yeast\/anchor-yeast\/anchor-nt112\/\" target=\"_blank\" rel=\"noreferrer noopener\">Legacy NT 112<\/a><\/div>\n\n\n\n<div class=\"wp-block-button is-style-fill\"><a class=\"wp-block-button__link wp-element-button\" href=\"https:\/\/dev.oenobrands.com\/product\/yeast\/anchor-yeast\/anchor-legacy-vin-13\/\" target=\"_blank\" rel=\"noreferrer noopener\">Legacy VIN 13<\/a><\/div>\n<\/div>\n\n\n\n<div style=\"height:30px\" aria-hidden=\"true\" class=\"wp-block-spacer\"><\/div>\n\n\n\n<figure class=\"wp-block-image size-full zoooom\"><img alt=\"\" loading=\"lazy\" decoding=\"async\" width=\"664\" height=\"687\" src=\"https:\/\/dev.oenobrands.com\/wp-content\/uploads\/2025\/10\/SP-solution-defaults-smoke-taint-2-levaduras.png\" alt=\"\" class=\"wp-image-18865\" srcset=\"https:\/\/dev.oenobrands.com\/wp-content\/uploads\/2025\/10\/SP-solution-defaults-smoke-taint-2-levaduras.png 664w, https:\/\/dev.oenobrands.com\/wp-content\/uploads\/2025\/10\/SP-solution-defaults-smoke-taint-2-levaduras-290x300.png 290w\" sizes=\"auto, (max-width: 664px) 100vw, 664px\" \/><figcaption class=\"wp-element-caption\">Efecto de la cepa de levadura sobre los compuestos totales de humo (\u00b5g\/L) despu\u00e9s de la fermentaci\u00f3n alcoh\u00f3lica en vinos Chenin blanc y Merlot (suma de guayacol, 4-metilguayacol, 4-etilfenol y fenol) (adaptado de du Plessis et al., 2021).<\/figcaption><\/figure>\n<\/div>\n\n\n\n<div class=\"wp-block-column is-layout-flow wp-block-column-is-layout-flow\" style=\"flex-basis:1%\"><\/div>\n\n\n\n<div class=\"wp-block-column has-background is-layout-flow wp-block-column-is-layout-flow\" style=\"background-color:#f7f7f7\">\n<p>Adem\u00e1s, la fermentaci\u00f3n malol\u00e1ctica secuencial parece ser una mejor opci\u00f3n que la coinoculaci\u00f3n, lo que significa que <strong>las culturas Anchor SOLO SELECT o Maloferm <\/strong>son las mejores opciones cuando el defecto de humo es evidente o se sospecha.<\/p>\n\n\n\n<div class=\"wp-block-buttons is-content-justification-center is-layout-flex wp-container-core-buttons-is-layout-16018d1d wp-block-buttons-is-layout-flex\">\n<div class=\"wp-block-button is-style-fill\"><a class=\"wp-block-button__link wp-element-button\" href=\"https:\/\/dev.oenobrands.com\/product\/bacteria\/anchor-bacteria\/solo-select\/\" target=\"_blank\" rel=\"noreferrer noopener\">Anchor SOLO Select<\/a><\/div>\n\n\n\n<div class=\"wp-block-button is-style-fill\"><a class=\"wp-block-button__link wp-element-button\" href=\"https:\/\/dev.oenobrands.com\/product\/bacteria\/maloferm\/\" target=\"_blank\" rel=\"noreferrer noopener\">Bacterias Maloferm<\/a><\/div>\n<\/div>\n\n\n\n<div style=\"height:30px\" aria-hidden=\"true\" class=\"wp-block-spacer\"><\/div>\n\n\n\n<figure class=\"wp-block-image size-full zoooom\"><img alt=\"\" loading=\"lazy\" decoding=\"async\" width=\"654\" height=\"676\" src=\"https:\/\/dev.oenobrands.com\/wp-content\/uploads\/2025\/10\/SP-solution-defaults-smoke-taint-3-bacteria.png\" alt=\"\" class=\"wp-image-18869\" srcset=\"https:\/\/dev.oenobrands.com\/wp-content\/uploads\/2025\/10\/SP-solution-defaults-smoke-taint-3-bacteria.png 654w, https:\/\/dev.oenobrands.com\/wp-content\/uploads\/2025\/10\/SP-solution-defaults-smoke-taint-3-bacteria-290x300.png 290w\" sizes=\"auto, (max-width: 654px) 100vw, 654px\" \/><figcaption class=\"wp-element-caption\">Comparaci\u00f3n entre fermentaciones malol\u00e1cticas secuenciales y coinoculadas realizadas con diferentes cultivos bacterianos sobre los niveles de compuestos de humo (guayacol y 4-metilguayacol) en vinos Syrah, adaptado de du Plessis et al., 2021.<\/figcaption><\/figure>\n\n\n\n<p><\/p>\n<\/div>\n<\/div>\n\n\n\n<div style=\"height:30px\" aria-hidden=\"true\" class=\"wp-block-spacer\"><\/div>\n\n\n\n<h3 class=\"wp-block-heading\"> \u25ba <strong>Solucione el problema del olor a humo y evite la aparici\u00f3n tard\u00eda del defecto.<\/strong><\/h3>\n\n\n\n<div class=\"wp-block-columns is-layout-flex wp-container-core-columns-is-layout-9d6595d7 wp-block-columns-is-layout-flex\">\n<div class=\"wp-block-column is-layout-flow wp-block-column-is-layout-flow\">\n<p>Como se ha mencionado, los compuestos responsables del defecto de humo pueden encontrarse en formas libres y unidas, liber\u00e1ndose progresivamente las segundas durante el almacenamiento y despu\u00e9s del embotellado. Esto implica que es necesario eliminar del vino tanto las formas libres como las unidas. Lamentablemente, los compuestos glucosilados son muy polares y dif\u00edciles de eliminar mediante t\u00e9cnicas cl\u00e1sicas como la absorci\u00f3n en carb\u00f3n activado o las t\u00e9cnicas de membrana.  <\/p>\n\n\n\n<p>Sin <strong>embargo, dado que la estructura de estos compuestos es muy similar a la de los gluc\u00f3sidos arom\u00e1ticos, el uso de Rapidase Revelation Aroma parece estar muy bien adaptado a la acci\u00f3n sin\u00e9rgica de Extraferm D\u2019tox, que adsorbe compuestos indeseables en las l\u00edas, o a otras t\u00e9cnicas (<strong>carb\u00f3n activado, filtraci\u00f3n por membrana<\/strong>).<\/strong><\/p>\n<\/div>\n\n\n\n<div class=\"wp-block-column is-layout-flow wp-block-column-is-layout-flow\" style=\"flex-basis:5px\"><\/div>\n\n\n\n<div class=\"wp-block-column is-layout-flow wp-block-column-is-layout-flow\">\n<p>En varios estudios se ha observado que Rapidase Revelation Aroma logr\u00f3 liberar una cantidad significativa de fenoles vol\u00e1tiles de sus formas unidas (hasta un 80 % de incremento respecto a los controles ahumados). Tambi\u00e9n se observaron aumentos notables en los atributos \u201cfrutales\u201d, \u201cflorales\/perfumados\u201d y \u201cciruela\/mermelada\u201d tras el tratamiento enzim\u00e1tico en todos los vinos. El uso posterior de Extraferm D\u2019tox mostr\u00f3 resultados prometedores en la eliminaci\u00f3n de fenoles vol\u00e1tiles tras el tratamiento enzim\u00e1tico, sin afectar la percepci\u00f3n de la frutosidad. Cabe se\u00f1alar que algunos en\u00f3logos prefirieron el uso de carb\u00f3n activado y tratamientos de \u00f3smosis inversa en lugar de las paredes de levadura, con buenos resultados.   <\/p>\n<\/div>\n<\/div>\n\n\n\n<p><strong>Por lo tanto, el siguiente protocolo parece ser una soluci\u00f3n eficaz gracias a un doble efecto: un efecto directo debido a la liberaci\u00f3n enzim\u00e1tica y posterior eliminaci\u00f3n de los compuestos del defecto de humo, y un efecto indirecto gracias al aumento de la frutosidad del vino tratado por la liberaci\u00f3n de compuestos arom\u00e1ticos beneficiosos.<\/strong><\/p>\n\n\n\n<div class=\"wp-block-columns is-layout-flex wp-container-core-columns-is-layout-9d6595d7 wp-block-columns-is-layout-flex\">\n<div class=\"wp-block-column is-layout-flow wp-block-column-is-layout-flow\" style=\"flex-basis:66%\">\n<ol style=\"list-style-type:1\" class=\"wp-block-list\">\n<li>A\u00f1adir <strong>Rapidase Revelation Aroma <\/strong>a 5 g\/hL durante la fermentaci\u00f3n alcoh\u00f3lica para aprovechar la temperatura m\u00e1s alta posible y obtener un tiempo de contacto de 6 a 8 semanas, suficiente para liberar los compuestos ahumados glucosilados en sus formas libres.<\/li>\n<\/ol>\n<\/div>\n\n\n\n<div class=\"wp-block-column is-layout-flow wp-block-column-is-layout-flow\">\n<div class=\"wp-block-buttons is-content-justification-left is-layout-flex wp-container-core-buttons-is-layout-16165478 wp-block-buttons-is-layout-flex\">\n<div class=\"wp-block-button is-style-fill\"><a class=\"wp-block-button__link wp-element-button\" href=\"https:\/\/dev.oenobrands.com\/product\/enzyme\/rapidase\/revelation-aroma\/\" target=\"_blank\" rel=\"noreferrer noopener\">Rapidase Revelation Aroma<\/a><\/div>\n<\/div>\n<\/div>\n<\/div>\n\n\n\n<div class=\"wp-block-columns is-layout-flex wp-container-core-columns-is-layout-9d6595d7 wp-block-columns-is-layout-flex\">\n<div class=\"wp-block-column is-layout-flow wp-block-column-is-layout-flow\" style=\"flex-basis:66%\">\n<ol start=\"2\" style=\"list-style-type:1\" class=\"wp-block-list\">\n<li>Utilice <strong>Extraferm D\u2019tox<\/strong> en dos adiciones sucesivas de 20 g\/hL a intervalos de 48 horas (homogeneizar\/remover, dejar sedimentar y trasegar entre ambas adiciones) para eliminar cualquier forma libre indeseable.<\/li>\n<\/ol>\n<\/div>\n\n\n\n<div class=\"wp-block-column is-layout-flow wp-block-column-is-layout-flow\">\n<div class=\"wp-block-buttons is-content-justification-left is-layout-flex wp-container-core-buttons-is-layout-45245d17 wp-block-buttons-is-layout-flex\">\n<div class=\"wp-block-button is-style-fill\"><a class=\"wp-block-button__link wp-element-button\" href=\"https:\/\/dev.oenobrands.com\/product\/yeast-derivate\/feel-safe\/extraferm-dtox\/\" target=\"_blank\" rel=\"noreferrer noopener\">Extraferm D&#8217;tox<\/a><\/div>\n<\/div>\n<\/div>\n<\/div>\n\n\n\n<div style=\"height:30px\" aria-hidden=\"true\" class=\"wp-block-spacer\"><\/div>\n\n\n\n<div class=\"wp-block-buttons is-content-justification-center is-layout-flex wp-container-core-buttons-is-layout-16018d1d wp-block-buttons-is-layout-flex\">\n<div class=\"wp-block-button is-style-fill\"><a class=\"wp-block-button__link wp-element-button\" href=\"https:\/\/dev.oenobrands.com\/wp-content\/uploads\/2024\/07\/RAPIDASE_Revelation-Aroma-Protocole-Smoke-Taint_2023_EN_G_01.pdf\" target=\"_blank\" rel=\"noreferrer noopener\">Protocolo para eliminar el defecto de humo<\/a><\/div>\n\n\n\n<div class=\"wp-block-button is-style-fill\"><a class=\"wp-block-button__link wp-element-button\" href=\"https:\/\/dev.oenobrands.com\/rapidase-enzymes-kits\/\" target=\"_blank\" rel=\"noreferrer noopener\">Kit para probar Rapidase Revelation Aroma<\/a><\/div>\n<\/div>\n\n\n\n<div style=\"height:70px\" aria-hidden=\"true\" class=\"wp-block-spacer\"><\/div>\n\n\n\n<div class=\"wp-block-columns is-layout-flex wp-container-core-columns-is-layout-9d6595d7 wp-block-columns-is-layout-flex\">\n<div class=\"wp-block-column is-vertically-aligned-center is-layout-flow wp-block-column-is-layout-flow\" style=\"flex-basis:30%\">\n<h1 class=\"wp-block-heading has-text-color\" style=\"color:#545859\">Descubre la gama RAPIDASE<\/h1>\n\n\n\n<div style=\"height:20px\" aria-hidden=\"true\" class=\"wp-block-spacer\"><\/div>\n\n\n\n<div class=\"wp-block-buttons is-content-justification-left is-layout-flex wp-container-core-buttons-is-layout-fdcfc74e wp-block-buttons-is-layout-flex\">\n<div class=\"wp-block-button\"><a class=\"wp-block-button__link has-background wp-element-button\" href=\"https:\/\/dev.oenobrands.com\/product\/enzyme\/rapidase\/\" style=\"background-color:#545859\" target=\"_blank\" rel=\"noreferrer noopener\">RAPIDASE<\/a><\/div>\n<\/div>\n<\/div>\n\n\n\n<div class=\"wp-block-column is-layout-flow wp-block-column-is-layout-flow\" style=\"flex-basis:10%\">\n<div style=\"height:50px\" aria-hidden=\"true\" class=\"wp-block-spacer\"><\/div>\n<\/div>\n\n\n\n<div class=\"wp-block-column is-layout-flow wp-block-column-is-layout-flow\"><div class=\"wp-block-image\">\n<figure class=\"aligncenter size-full\"><img decoding=\"async\" src=\"https:\/\/dev.oenobrands.com\/wp-content\/uploads\/2023\/05\/OENOBRANDS-Rapidase-bandeau.png\" alt=\"OENOBRANDS-Rapidase-bandeau\" class=\"wp-image-4529\"\/><\/figure>\n<\/div><\/div>\n<\/div>\n\n\n\n<div style=\"height:50px\" aria-hidden=\"true\" class=\"wp-block-spacer\"><\/div>\n\n\n\n<div class=\"wp-block-group\"><div class=\"wp-block-group__inner-container is-layout-constrained wp-block-group-is-layout-constrained\">\n<div class=\"wp-block-group\"><div class=\"wp-block-group__inner-container is-layout-constrained wp-block-group-is-layout-constrained\">\n<div class=\"wp-block-group\"><div class=\"wp-block-group__inner-container is-layout-constrained wp-block-group-is-layout-constrained\">\n<hr class=\"wp-block-separator has-text-color has-alpha-channel-opacity has-background\" style=\"background-color:#8a918e;color:#8a918e\"\/>\n<\/div><\/div>\n<\/div><\/div>\n\n\n\n<div class=\"wp-block-group\"><div class=\"wp-block-group__inner-container is-layout-constrained wp-block-group-is-layout-constrained\">\n<div class=\"wp-block-group\"><div class=\"wp-block-group__inner-container is-layout-constrained wp-block-group-is-layout-constrained\">\n<h2 class=\"wp-block-heading\"><strong>\u00bfY usted?<\/strong><\/h2>\n<\/div><\/div>\n<\/div><\/div>\n\n\n\n<div class=\"wp-block-group\"><div class=\"wp-block-group__inner-container is-layout-constrained wp-block-group-is-layout-constrained\">\n<div class=\"wp-block-group\"><div class=\"wp-block-group__inner-container is-layout-constrained wp-block-group-is-layout-constrained\">\n<p>Con un equipo altamente calificado de expertos en diversos campos, Oenobrands se esfuerza por ofrecer a los vinificadores soluciones novedosas y respaldadas cient\u00edficamente, adem\u00e1s de destacar las sinergias positivas entre sus productos.<\/p>\n<\/div><\/div>\n\n\n\n<div class=\"wp-block-group\"><div class=\"wp-block-group__inner-container is-layout-constrained wp-block-group-is-layout-constrained\">\n<div class=\"wp-block-group\"><div class=\"wp-block-group__inner-container is-layout-constrained wp-block-group-is-layout-constrained\">\n<div class=\"wp-block-columns is-layout-flex wp-container-core-columns-is-layout-9d6595d7 wp-block-columns-is-layout-flex\">\n<div class=\"wp-block-column is-vertically-aligned-center is-layout-flow wp-block-column-is-layout-flow\">\n<div class=\"wp-block-group wp-container-content-9cfa9a5a is-content-justification-left\"><div class=\"wp-block-group__inner-container is-layout-constrained wp-container-core-group-is-layout-8c890d92 wp-block-group-is-layout-constrained\">\n<p class=\"has-text-align-left\" style=\"font-size:0.9rem;font-style:normal;font-weight:600;letter-spacing:1px;text-transform:uppercase\">Busque su soluci\u00f3n o producto.<\/p>\n\n\n<form role=\"search\" method=\"get\" action=\"https:\/\/dev.oenobrands.com\/es\/\" class=\"wp-block-search__button-outside wp-block-search__icon-button wp-block-search\"    ><label class=\"wp-block-search__label screen-reader-text\" for=\"wp-block-search__input-1\" >Buscar<\/label><div class=\"wp-block-search__inside-wrapper\"  style=\"width: 100%\"><input class=\"wp-block-search__input\" id=\"wp-block-search__input-1\" placeholder=\"\" value=\"\" type=\"search\" name=\"s\" required  style=\"border-width: 1px\"\/><button aria-label=\"Buscar\" class=\"wp-block-search__button has-icon wp-element-button\" type=\"submit\"  style=\"border-width: 1px\"><svg class=\"search-icon\" viewBox=\"0 0 24 24\" width=\"24\" height=\"24\">\n\t\t\t\t\t<path d=\"M13 5c-3.3 0-6 2.7-6 6 0 1.4.5 2.7 1.3 3.7l-3.8 3.8 1.1 1.1 3.8-3.8c1 .8 2.3 1.3 3.7 1.3 3.3 0 6-2.7 6-6S16.3 5 13 5zm0 10.5c-2.5 0-4.5-2-4.5-4.5s2-4.5 4.5-4.5 4.5 2 4.5 4.5-2 4.5-4.5 4.5z\"><\/path>\n\t\t\t\t<\/svg><\/button><\/div><\/form><\/div><\/div>\n<\/div>\n\n\n\n<div class=\"wp-block-column is-layout-flow wp-block-column-is-layout-flow\" style=\"flex-basis:3px\"><\/div>\n\n\n\n<div class=\"wp-block-column is-layout-flow wp-block-column-is-layout-flow\">\n<p class=\"has-text-align-center\">Cu\u00e9ntenos sobre sus dificultades, y le responderemos.<\/p>\n\n\n\n<div class=\"wp-block-buttons is-content-justification-center is-layout-flex wp-container-core-buttons-is-layout-16018d1d wp-block-buttons-is-layout-flex\">\n<div class=\"wp-block-button is-style-fill\"><a class=\"wp-block-button__link wp-element-button\" href=\"https:\/\/dev.oenobrands.com\/contact-us\/\" target=\"_blank\" rel=\"noreferrer noopener\">Cont\u00e1ctenos<\/a><\/div>\n<\/div>\n<\/div>\n<\/div>\n<\/div><\/div>\n<\/div><\/div>\n<\/div><\/div>\n<\/div><\/div>\n\n\n\n<div style=\"height:50px\" aria-hidden=\"true\" class=\"wp-block-spacer\"><\/div>\n","protected":false},"excerpt":{"rendered":"<p>En la \u00faltima d\u00e9cada, los grandes incendios han afectado a zonas vit\u00edcolas de todo el mundo, y el cambio clim\u00e1tico ha incrementado su frecuencia e impacto. Adem\u00e1s de la destrucci\u00f3n de vi\u00f1edos y bodegas, la exposici\u00f3n de las uvas al humo provoca p\u00e9rdidas econ\u00f3micas debido a la aparici\u00f3n de caracteres sensoriales indeseables en el vino. [&hellip;]<\/p>\n","protected":false},"author":3,"featured_media":0,"parent":19489,"menu_order":3,"comment_status":"closed","ping_status":"closed","template":"","meta":{"_acf_changed":false,"_seopress_robots_primary_cat":"0","_seopress_titles_title":"","_seopress_titles_desc":"","_seopress_robots_index":"","_seopress_analysis_target_kw":"","footnotes":""},"class_list":["post-18413","page","type-page","status-publish"],"acf":[],"_links":{"self":[{"href":"https:\/\/dev.oenobrands.com\/es\/wp-json\/wp\/v2\/pages\/18413","targetHints":{"allow":["GET"]}}],"collection":[{"href":"https:\/\/dev.oenobrands.com\/es\/wp-json\/wp\/v2\/pages"}],"about":[{"href":"https:\/\/dev.oenobrands.com\/es\/wp-json\/wp\/v2\/types\/page"}],"author":[{"embeddable":true,"href":"https:\/\/dev.oenobrands.com\/es\/wp-json\/wp\/v2\/users\/3"}],"replies":[{"embeddable":true,"href":"https:\/\/dev.oenobrands.com\/es\/wp-json\/wp\/v2\/comments?post=18413"}],"version-history":[{"count":0,"href":"https:\/\/dev.oenobrands.com\/es\/wp-json\/wp\/v2\/pages\/18413\/revisions"}],"up":[{"embeddable":true,"href":"https:\/\/dev.oenobrands.com\/es\/wp-json\/wp\/v2\/pages\/19489"}],"wp:attachment":[{"href":"https:\/\/dev.oenobrands.com\/es\/wp-json\/wp\/v2\/media?parent=18413"}],"curies":[{"name":"wp","href":"https:\/\/api.w.org\/{rel}","templated":true}]}}