{"id":18411,"date":"2022-10-19T23:16:14","date_gmt":"2022-10-19T21:16:14","guid":{"rendered":"https:\/\/dev.oenobrands.com\/proteccion-de-aromas\/"},"modified":"2025-10-20T16:15:18","modified_gmt":"2025-10-20T14:15:18","slug":"proteccion-de-aromas","status":"publish","type":"page","link":"https:\/\/dev.oenobrands.com\/es\/solucion\/aroma-del-vino\/proteccion-de-aromas\/","title":{"rendered":"Protecci\u00f3n de aromas"},"content":{"rendered":"\n<div style=\"height:50px\" aria-hidden=\"true\" class=\"wp-block-spacer\"><\/div>\n\n<p>La protecci\u00f3n del aroma del vino se refiere a las medidas adoptadas <strong>para preservar los compuestos arom\u00e1ticos y de sabor del vino durante su producci\u00f3n, almacenamiento y transporte.<\/strong><\/p>\n\n<div style=\"height:50px\" aria-hidden=\"true\" class=\"wp-block-spacer\"><\/div>\n\n<h2 class=\"wp-block-heading\"><strong>\u00bfQu\u00e9 se puede hacer para proteger el aroma del vino?<\/strong><\/h2>\n\n<div style=\"height:30px\" aria-hidden=\"true\" class=\"wp-block-spacer\"><\/div>\n\n<p>Los en\u00f3logos utilizan diversos <strong>m\u00e9todos para proteger el aroma del vino,<\/strong> entre ellos:<\/p>\n\n<div style=\"height:50px\" aria-hidden=\"true\" class=\"wp-block-spacer\"><\/div>\n\n<ul class=\"wp-block-list\">\n<li><strong>Limit your exposure to oxygen.<\/strong> Oxygen may speed up oxidation, which can cause sensitive scent molecules.\n\n\n<ul class=\"wp-block-list\">\n<li>Para reducir la exposici\u00f3n al ox\u00edgeno durante la elaboraci\u00f3n y el almacenamiento, los en\u00f3logos utilizan gases inertes como el nitr\u00f3geno o el arg\u00f3n.<\/li>\n<\/ul>\n\n\n\n<ul class=\"wp-block-list\">\n<li><strong>Se estudi\u00f3 la oxidaci\u00f3n de los aldeh\u00eddos.<\/strong><\/li>\n<\/ul>\n<\/li>\n<\/ul>\n\n<div class=\"wp-block-columns is-layout-flex wp-container-core-columns-is-layout-9d6595d7 wp-block-columns-is-layout-flex\">\n<div class=\"wp-block-column is-layout-flow wp-block-column-is-layout-flow\">\n<p>Para los en\u00f3logos que buscan una capa adicional de protecci\u00f3n en vinos blancos y rosados, se <strong>utilizan derivados de levadura<\/strong>. En Oenobrands, hemos formulado espec\u00edficamente <strong>Extraferm D\u2019fend para proteger el vino de la oxidaci\u00f3n<\/strong>, manteniendo su estabilidad oxidativa. <\/p>\n\n\n\n<p><strong>Las reacciones de oxidaci\u00f3n directa pueden provocar la formaci\u00f3n de aldeh\u00eddos que aportan al vino notas oxidativas de miel cuando est\u00e1n presentes en altas concentraciones,<\/strong> especialmente 2-fenilacetaldeh\u00eddo y metional. En ensayos recientes, seguimos la formaci\u00f3n de estos aldeh\u00eddos en vinos con y sin <strong>Extraferm D\u2019fend<\/strong>, considerado un indicador de oxidaci\u00f3n, aunque sus concentraciones estaban por debajo del umbral de percepci\u00f3n. <\/p>\n\n\n\n<div style=\"height:20px\" aria-hidden=\"true\" class=\"wp-block-spacer\"><\/div>\n\n\n\n<div style=\"height:50px\" aria-hidden=\"true\" class=\"wp-block-spacer\"><\/div>\n\n\n\n<div class=\"wp-block-buttons is-content-justification-center is-layout-flex wp-container-core-buttons-is-layout-16018d1d wp-block-buttons-is-layout-flex\">\n<div class=\"wp-block-button\"><a class=\"wp-block-button__link has-white-color has-text-color has-background wp-element-button\" href=\"https:\/\/dev.oenobrands.com\/product\/yeast-derivate\/feel-safe\/extraferm-dfend\/\" style=\"background-color:#3e6991\" target=\"_blank\" rel=\"noreferrer noopener\">Extraferm D\u2019fend<\/a><\/div>\n<\/div>\n<\/div>\n\n\n\n<div class=\"wp-block-column is-layout-flow wp-block-column-is-layout-flow\" style=\"flex-basis:1%\"><\/div>\n\n\n\n<div class=\"wp-block-column is-layout-flow wp-block-column-is-layout-flow\">\n<p>La figura muestra c\u00f3mo Extraferm D\u2019fend limita la acumulaci\u00f3n de estos aldeh\u00eddos. Su concentraci\u00f3n aumenta en el vino de control. Como resultado, <strong>Extraferm D\u2019fend ofrece una protecci\u00f3n significativa frente a los marcadores de oxidaci\u00f3n.<\/strong>  <\/p>\n\n\n<div class=\"wp-block-image zoooom\">\n<figure class=\"aligncenter\"><img decoding=\"async\" src=\"https:\/\/lh4.googleusercontent.com\/N2o7qgtE0wzqWoY1kNvZZeM36T76xxRhleXvp6Fy23D2bvzIEAaBZ7eoN3F-HqEy_EZq43g0rIBZGziN24YNWg6rFvCC1vJde68G-xysQywVVnvItMANcyUYdJOpZgdDMnlNsmW5EYQhjm1GVK-B\" alt=\"Concentraci&#xF3;n de aldeh&#xED;dos\"\/><figcaption class=\"wp-element-caption\">Concentraci\u00f3n de marcadores de oxidaci\u00f3n de aldeh\u00eddos (\u00b5g\/L) en vino blanco (Chardonnay ecol\u00f3gico sin sulfitos a\u00f1adidos).<\/figcaption><\/figure>\n<\/div><\/div>\n<\/div>\n\n<ul class=\"wp-block-list\">\n<li><strong>Elecci\u00f3n de cierres adecuados: <\/strong>el tipo de cierre de botella utilizado puede influir <strong>considerablemente en la protecci\u00f3n del aroma.<\/strong> Debe seleccionarse seg\u00fan el mercado al que se dirige el en\u00f3logo, ya sea corcho natural, cierre sint\u00e9tico, tap\u00f3n de rosca o incluso lata.<\/li>\n<\/ul>\n\n<ul class=\"wp-block-list\">\n<li><strong>Control de la temperatura<\/strong>: <strong>las temperaturas elevadas pueden acelerar la oxidaci\u00f3n y destruir los componentes arom\u00e1ticos<\/strong>. Para evitar da\u00f1os por calor, los en\u00f3logos controlan y gestionan constantemente la temperatura de almacenamiento.<\/li>\n<\/ul>\n\n<ul class=\"wp-block-list\">\n<li><strong>Prevenci\u00f3n de la exposici\u00f3n a la luz<\/strong>: la radiaci\u00f3n ultravioleta puede degradar las mol\u00e9culas arom\u00e1ticas del vino, generando sabores y olores extra\u00f1os. Para proteger el vino de la luz, los en\u00f3logos <strong>suelen utilizar botellas de vidrio coloreado y\/o tratadas con filtro anti-UV, y almacenarlas en lugares oscuros siempre que sea posible.<\/strong> <\/li>\n<\/ul>\n\n<div style=\"height:50px\" aria-hidden=\"true\" class=\"wp-block-spacer\"><\/div>\n\n<div class=\"wp-block-columns are-vertically-aligned-center is-layout-flex wp-container-core-columns-is-layout-9d6595d7 wp-block-columns-is-layout-flex\">\n<div class=\"wp-block-column is-vertically-aligned-center is-layout-flow wp-block-column-is-layout-flow\" style=\"flex-basis:30%\">\n<h1 class=\"wp-block-heading has-text-color\" style=\"color:#aca39a\">Descubre la gama Feel Safe<\/h1>\n\n\n\n<div style=\"height:20px\" aria-hidden=\"true\" class=\"wp-block-spacer\"><\/div>\n\n\n\n<div class=\"wp-block-buttons is-content-justification-left is-layout-flex wp-container-core-buttons-is-layout-fdcfc74e wp-block-buttons-is-layout-flex\">\n<div class=\"wp-block-button\"><a class=\"wp-block-button__link has-background wp-element-button\" href=\"https:\/\/dev.oenobrands.com\/product\/yeast-derivate\/feel-safe\/\" style=\"background-color:#75787b\" target=\"_blank\" rel=\"noreferrer noopener\">Feel safe<\/a><\/div>\n<\/div>\n<\/div>\n\n\n\n<div class=\"wp-block-column is-vertically-aligned-center is-layout-flow wp-block-column-is-layout-flow\" style=\"flex-basis:50px\"><\/div>\n\n\n\n<div class=\"wp-block-column is-vertically-aligned-center is-layout-flow wp-block-column-is-layout-flow\"><div class=\"wp-block-image\">\n<figure class=\"aligncenter size-medium\"><img loading=\"lazy\" decoding=\"async\" width=\"300\" height=\"141\" src=\"https:\/\/dev.oenobrands.com\/wp-content\/uploads\/2024\/05\/Feel-Safe__2022-no-font-300x141.png\" alt=\"Feel-Safe_derivados de levadura\" class=\"wp-image-7450\" srcset=\"https:\/\/dev.oenobrands.com\/wp-content\/uploads\/2024\/05\/Feel-Safe__2022-no-font-300x141.png 300w, https:\/\/dev.oenobrands.com\/wp-content\/uploads\/2024\/05\/Feel-Safe__2022-no-font.png 729w\" sizes=\"auto, (max-width: 300px) 100vw, 300px\" \/><\/figure>\n<\/div><\/div>\n<\/div>\n\n<div style=\"height:50px\" aria-hidden=\"true\" class=\"wp-block-spacer\"><\/div>\n\n<div class=\"wp-block-group\"><div class=\"wp-block-group__inner-container is-layout-constrained wp-block-group-is-layout-constrained\">\n<div class=\"wp-block-group\"><div class=\"wp-block-group__inner-container is-layout-constrained wp-block-group-is-layout-constrained\">\n<div class=\"wp-block-group\"><div class=\"wp-block-group__inner-container is-layout-constrained wp-block-group-is-layout-constrained\">\n<hr class=\"wp-block-separator has-text-color has-alpha-channel-opacity has-background\" style=\"background-color:#8a918e;color:#8a918e\"\/>\n<\/div><\/div>\n<\/div><\/div>\n\n\n\n<div class=\"wp-block-group\"><div class=\"wp-block-group__inner-container is-layout-constrained wp-block-group-is-layout-constrained\">\n<div class=\"wp-block-group\"><div class=\"wp-block-group__inner-container is-layout-constrained wp-block-group-is-layout-constrained\">\n<h2 class=\"wp-block-heading\"><strong>\u00bfY usted?<\/strong><\/h2>\n<\/div><\/div>\n<\/div><\/div>\n\n\n\n<div class=\"wp-block-group\"><div class=\"wp-block-group__inner-container is-layout-constrained wp-block-group-is-layout-constrained\">\n<div class=\"wp-block-group\"><div class=\"wp-block-group__inner-container is-layout-constrained wp-block-group-is-layout-constrained\">\n<p>Con un equipo altamente calificado de expertos en diversos campos, Oenobrands se esfuerza por ofrecer a los vinificadores soluciones novedosas y respaldadas cient\u00edficamente, adem\u00e1s de destacar las sinergias positivas entre sus productos.<\/p>\n<\/div><\/div>\n\n\n\n<div class=\"wp-block-group\"><div class=\"wp-block-group__inner-container is-layout-constrained wp-block-group-is-layout-constrained\">\n<div class=\"wp-block-group\"><div class=\"wp-block-group__inner-container is-layout-constrained wp-block-group-is-layout-constrained\">\n<div class=\"wp-block-columns is-layout-flex wp-container-core-columns-is-layout-9d6595d7 wp-block-columns-is-layout-flex\">\n<div class=\"wp-block-column is-vertically-aligned-center is-layout-flow wp-block-column-is-layout-flow\">\n<div class=\"wp-block-group wp-container-content-9cfa9a5a is-content-justification-left\"><div class=\"wp-block-group__inner-container is-layout-constrained wp-container-core-group-is-layout-8c890d92 wp-block-group-is-layout-constrained\">\n<p class=\"has-text-align-left\" style=\"font-size:0.9rem;font-style:normal;font-weight:600;letter-spacing:1px;text-transform:uppercase\">Busque su soluci\u00f3n o producto.<\/p>\n\n\n<form role=\"search\" method=\"get\" action=\"https:\/\/dev.oenobrands.com\/es\/\" class=\"wp-block-search__button-outside wp-block-search__icon-button wp-block-search\"    ><label class=\"wp-block-search__label screen-reader-text\" for=\"wp-block-search__input-1\" >Buscar<\/label><div class=\"wp-block-search__inside-wrapper\"  style=\"width: 100%\"><input class=\"wp-block-search__input\" id=\"wp-block-search__input-1\" placeholder=\"\" value=\"\" type=\"search\" name=\"s\" required  style=\"border-width: 1px\"\/><button aria-label=\"Buscar\" class=\"wp-block-search__button has-icon wp-element-button\" type=\"submit\"  style=\"border-width: 1px\"><svg class=\"search-icon\" viewBox=\"0 0 24 24\" width=\"24\" height=\"24\">\n\t\t\t\t\t<path d=\"M13 5c-3.3 0-6 2.7-6 6 0 1.4.5 2.7 1.3 3.7l-3.8 3.8 1.1 1.1 3.8-3.8c1 .8 2.3 1.3 3.7 1.3 3.3 0 6-2.7 6-6S16.3 5 13 5zm0 10.5c-2.5 0-4.5-2-4.5-4.5s2-4.5 4.5-4.5 4.5 2 4.5 4.5-2 4.5-4.5 4.5z\"><\/path>\n\t\t\t\t<\/svg><\/button><\/div><\/form><\/div><\/div>\n<\/div>\n\n\n\n<div class=\"wp-block-column is-layout-flow wp-block-column-is-layout-flow\" style=\"flex-basis:3px\"><\/div>\n\n\n\n<div class=\"wp-block-column is-layout-flow wp-block-column-is-layout-flow\">\n<p class=\"has-text-align-center\">Cu\u00e9ntenos sobre sus dificultades, y le responderemos.<\/p>\n\n\n\n<div class=\"wp-block-buttons is-content-justification-center is-layout-flex wp-container-core-buttons-is-layout-16018d1d wp-block-buttons-is-layout-flex\">\n<div class=\"wp-block-button is-style-fill\"><a class=\"wp-block-button__link wp-element-button\" href=\"https:\/\/dev.oenobrands.com\/contact-us\/\" target=\"_blank\" rel=\"noreferrer noopener\">Cont\u00e1ctenos<\/a><\/div>\n<\/div>\n<\/div>\n<\/div>\n<\/div><\/div>\n<\/div><\/div>\n<\/div><\/div>\n<\/div><\/div>\n\n<div style=\"height:50px\" aria-hidden=\"true\" class=\"wp-block-spacer\"><\/div>\n","protected":false},"excerpt":{"rendered":"<p>La protecci\u00f3n del aroma del vino se refiere a las medidas adoptadas para preservar los compuestos arom\u00e1ticos y de sabor del vino durante su producci\u00f3n, almacenamiento y transporte. \u00bfQu\u00e9 se puede hacer para proteger el aroma del vino? Los en\u00f3logos utilizan diversos m\u00e9todos para proteger el aroma del vino, entre ellos: Para los en\u00f3logos que [&hellip;]<\/p>\n","protected":false},"author":3,"featured_media":0,"parent":19443,"menu_order":5,"comment_status":"closed","ping_status":"closed","template":"","meta":{"_acf_changed":false,"_seopress_robots_primary_cat":"0","_seopress_titles_title":"","_seopress_titles_desc":"","_seopress_robots_index":"","_seopress_analysis_target_kw":"","footnotes":""},"class_list":["post-18411","page","type-page","status-publish"],"acf":[],"_links":{"self":[{"href":"https:\/\/dev.oenobrands.com\/es\/wp-json\/wp\/v2\/pages\/18411","targetHints":{"allow":["GET"]}}],"collection":[{"href":"https:\/\/dev.oenobrands.com\/es\/wp-json\/wp\/v2\/pages"}],"about":[{"href":"https:\/\/dev.oenobrands.com\/es\/wp-json\/wp\/v2\/types\/page"}],"author":[{"embeddable":true,"href":"https:\/\/dev.oenobrands.com\/es\/wp-json\/wp\/v2\/users\/3"}],"replies":[{"embeddable":true,"href":"https:\/\/dev.oenobrands.com\/es\/wp-json\/wp\/v2\/comments?post=18411"}],"version-history":[{"count":0,"href":"https:\/\/dev.oenobrands.com\/es\/wp-json\/wp\/v2\/pages\/18411\/revisions"}],"up":[{"embeddable":true,"href":"https:\/\/dev.oenobrands.com\/es\/wp-json\/wp\/v2\/pages\/19443"}],"wp:attachment":[{"href":"https:\/\/dev.oenobrands.com\/es\/wp-json\/wp\/v2\/media?parent=18411"}],"curies":[{"name":"wp","href":"https:\/\/api.w.org\/{rel}","templated":true}]}}