{"id":18391,"date":"2022-10-19T22:01:18","date_gmt":"2022-10-19T20:01:18","guid":{"rendered":"https:\/\/dev.oenobrands.com\/producto\/mannoprotein\/final-touch\/"},"modified":"2025-10-13T15:23:25","modified_gmt":"2025-10-13T13:23:25","slug":"final-touch","status":"publish","type":"page","link":"https:\/\/dev.oenobrands.com\/es\/producto\/mannoprotein\/final-touch\/","title":{"rendered":"FINAL TOUCH"},"content":{"rendered":"\n<div style=\"height:50px\" aria-hidden=\"true\" class=\"wp-block-spacer\"><\/div>\n<div class=\"wp-block-image\">\n<figure class=\"aligncenter size-large is-resized\"><img alt=\"\" loading=\"lazy\" decoding=\"async\" width=\"1024\" height=\"239\" src=\"https:\/\/dev.oenobrands.com\/wp-content\/uploads\/2024\/03\/final-touch-bandeau-1024x239.png\" alt=\"\" class=\"wp-image-6260\" style=\"width:778px;height:auto\" srcset=\"https:\/\/dev.oenobrands.com\/wp-content\/uploads\/2024\/03\/final-touch-bandeau-1024x239.png 1024w, https:\/\/dev.oenobrands.com\/wp-content\/uploads\/2024\/03\/final-touch-bandeau-300x70.png 300w, https:\/\/dev.oenobrands.com\/wp-content\/uploads\/2024\/03\/final-touch-bandeau-768x179.png 768w, https:\/\/dev.oenobrands.com\/wp-content\/uploads\/2024\/03\/final-touch-bandeau.png 1173w\" sizes=\"auto, (max-width: 1024px) 100vw, 1024px\" \/><\/figure>\n<\/div>\n<div style=\"height:50px\" aria-hidden=\"true\" class=\"wp-block-spacer\"><\/div>\n\n<p>La gama de manoprote\u00ednas de levadura <strong>Final touch<\/strong>\u00ae es el resultado de la experiencia de Oenobrands en las diferentes estructuras de manoprote\u00ednas, sus mecanismos de acci\u00f3n y t\u00e9cnicas espec\u00edficas de producci\u00f3n. Estos productos contribuyen a la estabilizaci\u00f3n tart\u00e1rica y coloidal del vino. <\/p>\n\n<div style=\"height:50px\" aria-hidden=\"true\" class=\"wp-block-spacer\"><\/div>\n\n<p><strong>Las principales caracter\u00edsticas de los productos Final touch son:<\/strong><\/p>\n\n<div class=\"wp-block-columns is-layout-flex wp-container-core-columns-is-layout-9d6595d7 wp-block-columns-is-layout-flex\">\n<div class=\"wp-block-column is-layout-flow wp-block-column-is-layout-flow\">\n<ul class=\"wp-block-list\">\n<li>Manoprote\u00ednas l\u00edquidas de efecto inmediato<\/li>\n\n\n\n<li>De origen biol\u00f3gico a partir de levadura (<em>Saccharomyces cerevisiae<\/em>)<\/li>\n\n\n\n<li>Adici\u00f3n antes del embotellado<\/li>\n\n\n\n<li>Aprobadas para la producci\u00f3n de vino ecol\u00f3gico (UE y NOP)<\/li>\n<\/ul>\n<\/div>\n\n\n\n<div class=\"wp-block-column is-layout-flow wp-block-column-is-layout-flow\" style=\"flex-basis:7px\"><\/div>\n\n\n\n<div class=\"wp-block-column is-layout-flow wp-block-column-is-layout-flow\">\n<ul class=\"wp-block-list\">\n<li>Mejora la complejidad y el equilibrio<\/li>\n\n\n\n<li>Mayor longevidad del vino, expresi\u00f3n arom\u00e1tica y persistencia<\/li>\n\n\n\n<li>Dosis: de 5 a 50 mL\/hL para un uso vers\u00e1til<\/li>\n<\/ul>\n<\/div>\n<\/div>\n\n<div style=\"height:50px\" aria-hidden=\"true\" class=\"wp-block-spacer\"><\/div>\n\n<div class=\"wp-block-columns is-layout-flex wp-container-core-columns-is-layout-9d6595d7 wp-block-columns-is-layout-flex\">\n<div class=\"wp-block-column is-layout-flow wp-block-column-is-layout-flow\"><div class=\"wp-block-image\">\n<figure class=\"aligncenter size-full is-resized\"><img alt=\"FINAL TOUCH-pop-goutte\" loading=\"lazy\" decoding=\"async\" width=\"250\" height=\"320\" src=\"https:\/\/dev.oenobrands.com\/wp-content\/uploads\/2024\/05\/AP_FINAL-TOUCH-pop_goutte_G_01-small.png\" alt=\"\" class=\"wp-image-8284\" style=\"width:177px;height:auto\" srcset=\"https:\/\/dev.oenobrands.com\/wp-content\/uploads\/2024\/05\/AP_FINAL-TOUCH-pop_goutte_G_01-small.png 250w, https:\/\/dev.oenobrands.com\/wp-content\/uploads\/2024\/05\/AP_FINAL-TOUCH-pop_goutte_G_01-small-234x300.png 234w\" sizes=\"auto, (max-width: 250px) 100vw, 250px\" \/><\/figure>\n<\/div>\n\n\n<h2 class=\"wp-block-heading has-text-align-center has-white-color has-text-color has-background has-link-color wp-elements-ca2e2d9455cf1ca52882fb4f750dd4b2\" style=\"background-color:#eed484\"><a href=\"https:\/\/dev.oenobrands.com\/product\/mannoprotein\/final-touch\/pop\/\">FINAL TOUCH POP<\/a><\/h2>\n\n\n\n<div style=\"height:30px\" aria-hidden=\"true\" class=\"wp-block-spacer\"><\/div>\n\n\n\n<ul class=\"wp-block-list\">\n<li>Espec\u00edfico para vinos espumosos<\/li>\n\n\n\n<li>Aporta una mejor armon\u00eda entre acidez y sapidez<\/li>\n\n\n\n<li>Favorece un final m\u00e1s suave y<br\/>redondo<\/li>\n<\/ul>\n<\/div>\n\n\n\n<div class=\"wp-block-column is-layout-flow wp-block-column-is-layout-flow\" style=\"flex-basis:0px\"><\/div>\n\n\n\n<div class=\"wp-block-column is-layout-flow wp-block-column-is-layout-flow\"><div class=\"wp-block-image\">\n<figure class=\"aligncenter size-full is-resized\"><img alt=\"FINAL TOUCH-tonic-goutte\" loading=\"lazy\" decoding=\"async\" width=\"250\" height=\"307\" src=\"https:\/\/dev.oenobrands.com\/wp-content\/uploads\/2024\/05\/AP_FINAL-TOUCH-tonic_goutte_G_01-small.png\" alt=\"\" class=\"wp-image-8286\" style=\"width:179px;height:auto\" srcset=\"https:\/\/dev.oenobrands.com\/wp-content\/uploads\/2024\/05\/AP_FINAL-TOUCH-tonic_goutte_G_01-small.png 250w, https:\/\/dev.oenobrands.com\/wp-content\/uploads\/2024\/05\/AP_FINAL-TOUCH-tonic_goutte_G_01-small-244x300.png 244w\" sizes=\"auto, (max-width: 250px) 100vw, 250px\" \/><\/figure>\n<\/div>\n\n\n<h2 class=\"wp-block-heading has-text-align-center has-white-color has-text-color has-background has-link-color wp-elements-7ba6db968de4e02d6e71710562233108\" style=\"background-color:#b1d600\"><a href=\"https:\/\/dev.oenobrands.com\/product\/mannoprotein\/final-touch\/tonic\/\">FINAL TOUCH TONIC<\/a><\/h2>\n\n\n\n<div style=\"height:30px\" aria-hidden=\"true\" class=\"wp-block-spacer\"><\/div>\n\n\n\n<ul class=\"wp-block-list\">\n<li>Espec\u00edfico para vinos blancos y rosados<\/li>\n\n\n\n<li>Potencia la frescura<\/li>\n\n\n\n<li>Protege el aroma en botella (efecto prolongado)<\/li>\n\n\n\n<li>Limita la oxidaci\u00f3n<br\/>(tanto en botella como en dep\u00f3sito o barrica)<\/li>\n<\/ul>\n<\/div>\n\n\n\n<div class=\"wp-block-column is-layout-flow wp-block-column-is-layout-flow\" style=\"flex-basis:0px\"><\/div>\n\n\n\n<div class=\"wp-block-column is-layout-flow wp-block-column-is-layout-flow\"><div class=\"wp-block-image\">\n<figure class=\"aligncenter size-full is-resized\"><img alt=\"FINAL TOUCH-gusto-goutte\" loading=\"lazy\" decoding=\"async\" width=\"250\" height=\"307\" src=\"https:\/\/dev.oenobrands.com\/wp-content\/uploads\/2024\/05\/AP_FINAL-TOUCH-gusto_goutte_G_01-1.png\" alt=\"\" class=\"wp-image-8288\" style=\"width:185px;height:auto\" srcset=\"https:\/\/dev.oenobrands.com\/wp-content\/uploads\/2024\/05\/AP_FINAL-TOUCH-gusto_goutte_G_01-1.png 250w, https:\/\/dev.oenobrands.com\/wp-content\/uploads\/2024\/05\/AP_FINAL-TOUCH-gusto_goutte_G_01-1-244x300.png 244w\" sizes=\"auto, (max-width: 250px) 100vw, 250px\" \/><\/figure>\n<\/div>\n\n\n<h2 class=\"wp-block-heading has-text-align-center has-white-color has-text-color has-background has-link-color wp-elements-93bd0d9624222ec2e5c014f197ffbec0\" style=\"background-color:#e277cd\"><a href=\"https:\/\/dev.oenobrands.com\/product\/mannoprotein\/final-touch\/gusto\/\">FINAL TOUCH GUSTO<\/a><\/h2>\n\n\n\n<div style=\"height:30px\" aria-hidden=\"true\" class=\"wp-block-spacer\"><\/div>\n\n\n\n<ul class=\"wp-block-list\">\n<li>Espec\u00edfico para vinos tintos<\/li>\n\n\n\n<li>Potencia la frutosidad<\/li>\n\n\n\n<li>Reduce la astringencia<\/li>\n\n\n\n<li>Suaviza la estructura del vino<\/li>\n<\/ul>\n<\/div>\n<\/div>\n\n<div style=\"height:50px\" aria-hidden=\"true\" class=\"wp-block-spacer\"><\/div>\n\n<div class=\"wp-block-columns is-layout-flex wp-container-core-columns-is-layout-9d6595d7 wp-block-columns-is-layout-flex\">\n<div class=\"wp-block-column is-layout-flow wp-block-column-is-layout-flow\">\n<h2 class=\"wp-block-heading has-text-align-left\"><strong>\u00bfQu\u00e9 son las manoprote\u00ednas de levadura?<\/strong><\/h2>\n\n\n\n<div class=\"wp-block-buttons is-content-justification-center is-layout-flex wp-container-core-buttons-is-layout-16018d1d wp-block-buttons-is-layout-flex\">\n<div class=\"wp-block-button\"><a class=\"wp-block-button__link wp-element-button\" href=\"https:\/\/dev.oenobrands.com\/yeast-derivates-production\/\" target=\"_blank\" rel=\"noreferrer noopener\">Producci\u00f3n de manoprote\u00ednas de levadura<\/a><\/div>\n<\/div>\n\n\n\n<div style=\"height:50px\" aria-hidden=\"true\" class=\"wp-block-spacer\"><\/div>\n<\/div>\n<\/div>\n\n<div style=\"height:50px\" aria-hidden=\"true\" class=\"wp-block-spacer\"><\/div>\n\n<h2 class=\"wp-block-heading\"><strong>Descubra nuestra gama de levaduras Final touch:<\/strong><\/h2>\n\n<div style=\"height:50px\" aria-hidden=\"true\" class=\"wp-block-spacer\"><\/div>\n","protected":false},"excerpt":{"rendered":"<p>La gama de manoprote\u00ednas de levadura Final touch\u00ae es el resultado de la experiencia de Oenobrands en las diferentes estructuras de manoprote\u00ednas, sus mecanismos de acci\u00f3n y t\u00e9cnicas espec\u00edficas de producci\u00f3n. Estos productos contribuyen a la estabilizaci\u00f3n tart\u00e1rica y coloidal del vino. Las principales caracter\u00edsticas de los productos Final touch son: FINAL TOUCH POP FINAL [&hellip;]<\/p>\n","protected":false},"author":3,"featured_media":0,"parent":18383,"menu_order":2,"comment_status":"closed","ping_status":"closed","template":"page-premier-products-list.php","meta":{"_acf_changed":false,"_seopress_robots_primary_cat":"0","_seopress_titles_title":"","_seopress_titles_desc":"","_seopress_robots_index":"","_seopress_analysis_target_kw":"","footnotes":""},"class_list":["post-18391","page","type-page","status-publish"],"acf":[],"_links":{"self":[{"href":"https:\/\/dev.oenobrands.com\/es\/wp-json\/wp\/v2\/pages\/18391","targetHints":{"allow":["GET"]}}],"collection":[{"href":"https:\/\/dev.oenobrands.com\/es\/wp-json\/wp\/v2\/pages"}],"about":[{"href":"https:\/\/dev.oenobrands.com\/es\/wp-json\/wp\/v2\/types\/page"}],"author":[{"embeddable":true,"href":"https:\/\/dev.oenobrands.com\/es\/wp-json\/wp\/v2\/users\/3"}],"replies":[{"embeddable":true,"href":"https:\/\/dev.oenobrands.com\/es\/wp-json\/wp\/v2\/comments?post=18391"}],"version-history":[{"count":0,"href":"https:\/\/dev.oenobrands.com\/es\/wp-json\/wp\/v2\/pages\/18391\/revisions"}],"up":[{"embeddable":true,"href":"https:\/\/dev.oenobrands.com\/es\/wp-json\/wp\/v2\/pages\/18383"}],"wp:attachment":[{"href":"https:\/\/dev.oenobrands.com\/es\/wp-json\/wp\/v2\/media?parent=18391"}],"curies":[{"name":"wp","href":"https:\/\/api.w.org\/{rel}","templated":true}]}}