{"id":18385,"date":"2022-10-19T22:00:35","date_gmt":"2022-10-19T20:00:35","guid":{"rendered":"https:\/\/dev.oenobrands.com\/producto\/mannoprotein\/claristar\/"},"modified":"2025-10-16T11:47:54","modified_gmt":"2025-10-16T09:47:54","slug":"claristar","status":"publish","type":"page","link":"https:\/\/dev.oenobrands.com\/es\/producto\/mannoprotein\/claristar\/","title":{"rendered":"CLARISTAR"},"content":{"rendered":"\n<div style=\"height:50px\" aria-hidden=\"true\" class=\"wp-block-spacer\"><\/div>\n\n\n\n<h2 class=\"wp-block-heading has-text-color\" style=\"color:#01426a\">Claristar<sup>\u00ae<\/sup> \u2013 Estabiliza y mejora<\/h2>\n\n\n\n<div style=\"height:40px\" aria-hidden=\"true\" class=\"wp-block-spacer\"><\/div>\n\n\n\n<div class=\"wp-block-columns is-layout-flex wp-container-core-columns-is-layout-9d6595d7 wp-block-columns-is-layout-flex\">\n<div class=\"wp-block-column is-layout-flow wp-block-column-is-layout-flow\">\n<p>Comercializado en 2007, Claristar posee propiedades \u00fanicas de estabilizaci\u00f3n, que permiten inhibir la precipitaci\u00f3n de sales de tartrato de hidr\u00f3geno de potasio.<\/p>\n\n\n\n<p>Claristar\u00ae es la primera manoprote\u00edna l\u00edquida de levadura del mundo e indicada para su uso en la producci\u00f3n de vinos convencionales y ecol\u00f3gicos (UE y NOP).<\/p>\n<\/div>\n\n\n\n<div class=\"wp-block-column is-layout-flow wp-block-column-is-layout-flow\"><div class=\"wp-block-image\">\n<figure class=\"aligncenter size-full\"><img decoding=\"async\" src=\"https:\/\/dev.oenobrands.com\/wp-content\/uploads\/2023\/04\/Oenobrands-Claristar-logo-1-e1683712728273.png\" alt=\"Oenobrands Claristar mannoproteins logo\" class=\"wp-image-2449\"\/><\/figure>\n<\/div><\/div>\n<\/div>\n\n\n\n<p><br>El proceso de producci\u00f3n patentado permite a Oenobrands ofrecer una soluci\u00f3n purificada de manoprote\u00ednas espec\u00edficas de levadura, extra\u00eddas de <em>Saccharomyces cerevisiae<\/em>. Claristar es la manoprote\u00edna m\u00e1s eficaz del mercado, ya que contiene la fracci\u00f3n con el \u00edndice de estabilidad tart\u00e1rica (TSI) m\u00e1s alto. Su aplicaci\u00f3n no puede ser m\u00e1s sencilla: basta con a\u00f1adir Claristar directamente al vino antes de la filtraci\u00f3n, asegurando una buena homogeneizaci\u00f3n.  <\/p>\n\n\n\n<div style=\"height:40px\" aria-hidden=\"true\" class=\"wp-block-spacer\"><\/div>\n\n\n\n<h2 class=\"wp-block-heading\">CLARISTAR ES ADECUADO PARA LA ESTABILIZACI\u00d3N DE VINOS TRANQUILOS TINTOS, BLANCOS Y ROSADOS<\/h2>\n\n\n\n<div style=\"height:40px\" aria-hidden=\"true\" class=\"wp-block-spacer\"><\/div>\n\n\n\n<p>Gracias a a\u00f1os dedicados al desarrollo y la validaci\u00f3n, <strong>se ha establecido un m\u00e9todo anal\u00edtico de referencia<\/strong> para determinar el nivel de inestabilidad tart\u00e1rica en vinos tintos, blancos y rosados, as\u00ed como la dosis de manoprote\u00ednas necesaria para estabilizar el vino. El protocolo confirma la estabilidad obtenida mediante an\u00e1lisis con la dosis determinada. <\/p>\n\n\n\n<div style=\"height:40px\" aria-hidden=\"true\" class=\"wp-block-spacer\"><\/div>\n\n\n\n<div class=\"wp-block-columns is-layout-flex wp-container-core-columns-is-layout-9d6595d7 wp-block-columns-is-layout-flex\">\n<div class=\"wp-block-column is-vertically-aligned-stretch has-background is-layout-flow wp-block-column-is-layout-flow\" style=\"background-color:#64a70b\">\n<p class=\"has-white-color has-text-color has-medium-font-size\" style=\"letter-spacing:1px\">La estabilizaci\u00f3n tart\u00e1rica obtenida con este <strong>m\u00e9todo desarrollado con Claristar es segura, sencilla e inmediata,<\/strong> y adem\u00e1s ofrece beneficios cualitativos y organol\u00e9pticos indiscutibles.<\/p>\n<\/div>\n\n\n\n<div class=\"wp-block-column is-vertically-aligned-stretch has-background is-layout-flow wp-block-column-is-layout-flow\" style=\"background-color:#64a70b\">\n<p class=\"has-white-color has-text-color has-medium-font-size\" style=\"letter-spacing:1px\">Este producto l\u00edquido, inmediatamente miscible en el vino, <strong>mejora sus caracter\u00edsticas organol\u00e9pticas,<\/strong> incluyendo la expresi\u00f3n arom\u00e1tica <strong>y su capacidad para conservar el color y la acidez natural.<\/strong><\/p>\n<\/div>\n\n\n\n<div class=\"wp-block-column is-vertically-aligned-stretch has-background is-layout-flow wp-block-column-is-layout-flow\" style=\"background-color:#64a70b\">\n<p class=\"has-white-color has-text-color has-medium-font-size\" style=\"letter-spacing:1px\">Los catadores tambi\u00e9n han se\u00f1alado que <strong>aumenta la sensaci\u00f3n de redondez y volumen en el paladar,<\/strong> y que los <strong>aromas frescos se mantienen <\/strong>durante el almacenamiento, especialmente en comparaci\u00f3n con otras t\u00e9cnicas como el tratamiento en fr\u00edo.<\/p>\n<\/div>\n<\/div>\n\n\n\n<div style=\"height:50px\" aria-hidden=\"true\" class=\"wp-block-spacer\"><\/div>\n\n\n<div class=\"wp-block-image\">\n<figure class=\"aligncenter size-full\"><img alt=\"\" loading=\"lazy\" decoding=\"async\" width=\"1114\" height=\"252\" src=\"https:\/\/dev.oenobrands.com\/wp-content\/uploads\/2025\/10\/producto-mannoproteina-claristar-SP.png\" alt=\"\" class=\"wp-image-18769\" srcset=\"https:\/\/dev.oenobrands.com\/wp-content\/uploads\/2025\/10\/producto-mannoproteina-claristar-SP.png 1114w, https:\/\/dev.oenobrands.com\/wp-content\/uploads\/2025\/10\/producto-mannoproteina-claristar-SP-300x68.png 300w, https:\/\/dev.oenobrands.com\/wp-content\/uploads\/2025\/10\/producto-mannoproteina-claristar-SP-1024x232.png 1024w, https:\/\/dev.oenobrands.com\/wp-content\/uploads\/2025\/10\/producto-mannoproteina-claristar-SP-768x174.png 768w\" sizes=\"auto, (max-width: 1114px) 100vw, 1114px\" \/><\/figure>\n<\/div>\n\n\n<div style=\"height:50px\" aria-hidden=\"true\" class=\"wp-block-spacer\"><\/div>\n\n\n\n<div style=\"height:50px\" aria-hidden=\"true\" class=\"wp-block-spacer\"><\/div>\n\n\n\n<div class=\"wp-block-columns is-layout-flex wp-container-core-columns-is-layout-9d6595d7 wp-block-columns-is-layout-flex\">\n<div class=\"wp-block-column is-layout-flow wp-block-column-is-layout-flow\">\n<h2 class=\"wp-block-heading has-text-align-left\"><strong>\u00bfQu\u00e9 son las manoprote\u00ednas de levadura?<\/strong><\/h2>\n\n\n\n<div class=\"wp-block-buttons is-content-justification-center is-layout-flex wp-container-core-buttons-is-layout-16018d1d wp-block-buttons-is-layout-flex\">\n<div class=\"wp-block-button\"><a class=\"wp-block-button__link wp-element-button\" href=\"https:\/\/dev.oenobrands.com\/yeast-derivates-production\/\" target=\"_blank\" rel=\"noreferrer noopener\">Producci\u00f3n de manoprote\u00edna de levadura<\/a><\/div>\n<\/div>\n\n\n\n<div style=\"height:50px\" aria-hidden=\"true\" class=\"wp-block-spacer\"><\/div>\n<\/div>\n<\/div>\n","protected":false},"excerpt":{"rendered":"<p>Claristar\u00ae \u2013 Estabiliza y mejora Comercializado en 2007, Claristar posee propiedades \u00fanicas de estabilizaci\u00f3n, que permiten inhibir la precipitaci\u00f3n de sales de tartrato de hidr\u00f3geno de potasio. Claristar\u00ae es la primera manoprote\u00edna l\u00edquida de levadura del mundo e indicada para su uso en la producci\u00f3n de vinos convencionales y ecol\u00f3gicos (UE y NOP). El proceso [&hellip;]<\/p>\n","protected":false},"author":3,"featured_media":0,"parent":18383,"menu_order":1,"comment_status":"closed","ping_status":"closed","template":"page-premier-products-list.php","meta":{"_acf_changed":false,"_seopress_robots_primary_cat":"0","_seopress_titles_title":"","_seopress_titles_desc":"","_seopress_robots_index":"","_seopress_analysis_target_kw":"","footnotes":""},"class_list":["post-18385","page","type-page","status-publish"],"acf":[],"_links":{"self":[{"href":"https:\/\/dev.oenobrands.com\/es\/wp-json\/wp\/v2\/pages\/18385","targetHints":{"allow":["GET"]}}],"collection":[{"href":"https:\/\/dev.oenobrands.com\/es\/wp-json\/wp\/v2\/pages"}],"about":[{"href":"https:\/\/dev.oenobrands.com\/es\/wp-json\/wp\/v2\/types\/page"}],"author":[{"embeddable":true,"href":"https:\/\/dev.oenobrands.com\/es\/wp-json\/wp\/v2\/users\/3"}],"replies":[{"embeddable":true,"href":"https:\/\/dev.oenobrands.com\/es\/wp-json\/wp\/v2\/comments?post=18385"}],"version-history":[{"count":0,"href":"https:\/\/dev.oenobrands.com\/es\/wp-json\/wp\/v2\/pages\/18385\/revisions"}],"up":[{"embeddable":true,"href":"https:\/\/dev.oenobrands.com\/es\/wp-json\/wp\/v2\/pages\/18383"}],"wp:attachment":[{"href":"https:\/\/dev.oenobrands.com\/es\/wp-json\/wp\/v2\/media?parent=18385"}],"curies":[{"name":"wp","href":"https:\/\/api.w.org\/{rel}","templated":true}]}}