{"id":18363,"date":"2022-10-19T22:48:01","date_gmt":"2022-10-19T20:48:01","guid":{"rendered":"https:\/\/dev.oenobrands.com\/natuferm-fruity\/"},"modified":"2025-10-29T16:35:58","modified_gmt":"2025-10-29T15:35:58","slug":"natuferm-fruity","status":"publish","type":"page","link":"https:\/\/dev.oenobrands.com\/es\/producto\/derivado-de-levadura\/feel-safe\/natuferm-fruity\/","title":{"rendered":"Natuferm Fruity"},"content":{"rendered":"\n<h1 class=\"wp-block-heading has-text-color\" style=\"color:#a50050\"><strong>Natuferm Fruity<\/strong><\/h1>\n\n\n\n<div style=\"height:30px\" aria-hidden=\"true\" class=\"wp-block-spacer\"><\/div>\n\n\n\n<h2 class=\"wp-block-heading has-medium-font-size\"><strong>PARA POTENCIAR LA FRUTALIDAD Y LA VIDA AROM\u00c1TICA DEL VINO<\/strong><\/h2>\n\n\n\n<div style=\"height:30px\" aria-hidden=\"true\" class=\"wp-block-spacer\"><\/div>\n\n\n\n<h3 class=\"wp-block-heading has-medium-font-size\"><strong>FINALIDAD<\/strong><\/h3>\n\n\n\n<p><strong>Natuferm<sup>\u00ae<\/sup> Fruity <\/strong>es una levadura autolisada seleccionada por su riqueza en amino\u00e1cidos, precursores de los aromas de \u00e9steres producidos durante la fermentaci\u00f3n alcoh\u00f3lica. La presencia de ergosterol tambi\u00e9n es ventajosa, ya que los l\u00edpidos son necesarios para que la levadura proteja su membrana y asegure su capacidad de consumir amino\u00e1cidos para la producci\u00f3n de \u00e9steres. <\/p>\n\n\n\n<div style=\"height:50px\" aria-hidden=\"true\" class=\"wp-block-spacer\"><\/div>\n\n\n\n<div class=\"wp-block-columns is-layout-flex wp-container-core-columns-is-layout-9d6595d7 wp-block-columns-is-layout-flex\">\n<div class=\"wp-block-column is-layout-flow wp-block-column-is-layout-flow\" style=\"flex-basis:45%\">\n<h3 class=\"wp-block-heading has-text-color\" style=\"color:#a50050\"><strong>Propiedades<\/strong><\/h3>\n\n\n\n<p><strong>Natuferm Fruity <\/strong>es naturalmente rico en amino\u00e1cidos, precursores de \u00e9steres con notas afrutadas. Su riqueza en ergosterol ayuda a mantener la fluidez y viabilidad de la membrana celular de la levadura hasta el final de la fermentaci\u00f3n, garantizando una buena producci\u00f3n arom\u00e1tica. Seg\u00fan la cepa de levadura utilizada, tiende a conservar los PDMS, lo que aumenta la duraci\u00f3n de la frutalidad e influye positivamente en el envejecimiento arom\u00e1tico cualitativo de los vinos.  <\/p>\n\n\n\n<p><strong>Natuferm Fruity <\/strong>aporta vitaminas y nitr\u00f3geno org\u00e1nico, una forma eficaz de YAN, para garantizar una fermentaci\u00f3n completa. Una fermentaci\u00f3n eficiente, apoyada por <strong>Natuferm Fruity<\/strong>, evita la formaci\u00f3n de aromas reductores negativos. <\/p>\n\n\n\n<div class=\"wp-block-columns is-layout-flex wp-container-core-columns-is-layout-9d6595d7 wp-block-columns-is-layout-flex\">\n<div class=\"wp-block-column is-vertically-aligned-center is-layout-flow wp-block-column-is-layout-flow\" style=\"flex-basis:25%\"><div class=\"wp-block-image is-style-default\">\n<figure class=\"aligncenter size-full\"><img loading=\"lazy\" decoding=\"async\" width=\"100\" height=\"99\" src=\"https:\/\/dev.oenobrands.com\/wp-content\/uploads\/2023\/04\/Ease-of-use.jpg\" alt=\"Facilidad de uso\" class=\"wp-image-2192\"\/><\/figure>\n<\/div><\/div>\n\n\n\n<div class=\"wp-block-column has-background is-layout-flow wp-block-column-is-layout-flow\" style=\"background-color:#c4bfb6;flex-basis:66.66%\">\n<p class=\"has-small-font-size\" style=\"font-style:normal;font-weight:500\">Los productos de Oenobrands se elaboran a partir de derivados de levadura seleccionados y secados mediante una tecnolog\u00eda exclusiva. Esto garantiza su excelente capacidad para dispersarse r\u00e1pidamente y sin formar grumos. <\/p>\n<\/div>\n<\/div>\n\n\n\n<h3 class=\"wp-block-heading has-text-color\" style=\"color:#a50050\"><strong>Ciencia y tecnolog\u00eda  <\/strong><\/h3>\n\n\n\n<p>Estos son los resultados de la dosificaci\u00f3n de compuestos arom\u00e1ticos (en unidades de olor) en vinos Syrah fermentados con y sin <strong>Natuferm Fruity,<\/strong> con una alta s\u00edntesis de acetatos.<\/p>\n\n\n\n<figure class=\"wp-block-image size-full is-style-zoooom\"><img alt=\"\" loading=\"lazy\" decoding=\"async\" width=\"865\" height=\"501\" src=\"https:\/\/dev.oenobrands.com\/wp-content\/uploads\/2025\/10\/SP-Producto-feel-safe-natuferm-fruity-1-esp.png\" alt=\"\" class=\"wp-image-18792\" srcset=\"https:\/\/dev.oenobrands.com\/wp-content\/uploads\/2025\/10\/SP-Producto-feel-safe-natuferm-fruity-1-esp.png 865w, https:\/\/dev.oenobrands.com\/wp-content\/uploads\/2025\/10\/SP-Producto-feel-safe-natuferm-fruity-1-esp-300x174.png 300w, https:\/\/dev.oenobrands.com\/wp-content\/uploads\/2025\/10\/SP-Producto-feel-safe-natuferm-fruity-1-esp-768x445.png 768w\" sizes=\"auto, (max-width: 865px) 100vw, 865px\" \/><\/figure>\n\n\n\n<p><strong>Natuferm Fruity<\/strong> realza los aromas frutales y florales. Es interesante observar la menor cantidad de mol\u00e9culas que enmascaran el aroma (alcoholes y \u00e1cidos grasos). Natuferm Fruity act\u00faa como potenciador de la liberaci\u00f3n arom\u00e1tica, tanto en cantidad como en calidad. La frutalidad del vino con <strong>Natuferm Fruity <\/strong>es m\u00e1s de un 1 % superior al control.  <\/p>\n\n\n\n<p>El car\u00e1cter sensorial del vino elaborado con <strong>Natuferm Fruity <\/strong>mejora tras la cata. Este vino es preferido por la calidad de sus aromas de frutos rojos y las caracter\u00edsticas varietales de los vinos Syrah. Con <strong>Natuferm Fruity<\/strong>, el vino es menos amargo y presenta mayor frescura, logrando una mejor expresi\u00f3n arom\u00e1tica.  <\/p>\n<\/div>\n\n\n\n<div class=\"wp-block-column is-layout-flow wp-block-column-is-layout-flow\" style=\"flex-basis:6%\"><\/div>\n\n\n\n<div class=\"wp-block-column has-background is-layout-flow wp-block-column-is-layout-flow\" style=\"background-color:#f7f7f7;flex-basis:45%\">\n<div class=\"wp-block-columns is-layout-flex wp-container-core-columns-is-layout-9d6595d7 wp-block-columns-is-layout-flex\">\n<div class=\"wp-block-column is-vertically-aligned-top is-layout-flow wp-block-column-is-layout-flow\"><div class=\"wp-block-image\">\n<figure class=\"aligncenter size-full\"><img loading=\"lazy\" decoding=\"async\" width=\"350\" height=\"151\" src=\"https:\/\/dev.oenobrands.com\/wp-content\/uploads\/2023\/05\/Feel-Safe-yeast-derivate-derive-levure-Natuferm-Fruity-simple-1-e1683574925140.png\" alt=\"Feel-Safe-derivado-de-levadura-Natuferm-Fruity-simple\" class=\"wp-image-3925\" srcset=\"https:\/\/dev.oenobrands.com\/wp-content\/uploads\/2023\/05\/Feel-Safe-yeast-derivate-derive-levure-Natuferm-Fruity-simple-1-e1683574925140.png 350w, https:\/\/dev.oenobrands.com\/wp-content\/uploads\/2023\/05\/Feel-Safe-yeast-derivate-derive-levure-Natuferm-Fruity-simple-1-e1683574925140-300x129.png 300w\" sizes=\"auto, (max-width: 350px) 100vw, 350px\" \/><\/figure>\n<\/div><\/div>\n<\/div>\n\n\n\n<div style=\"height:40px\" aria-hidden=\"true\" class=\"wp-block-spacer\"><\/div>\n\n\n\n<div class=\"wp-block-group\"><div class=\"wp-block-group__inner-container is-layout-constrained wp-block-group-is-layout-constrained\">\n<p class=\"has-text-align-center\"><strong>DESCARGAR LA FICHA T\u00c9CNICA DE APLICACI\u00d3N<\/strong><\/p>\n\n\n\n<div class=\"wp-block-columns is-not-stacked-on-mobile is-layout-flex wp-container-core-columns-is-layout-9d6595d7 wp-block-columns-is-layout-flex\">\n<div class=\"wp-block-column is-layout-flow wp-block-column-is-layout-flow\">\n<figure class=\"wp-block-image size-full\"><a href=\"https:\/\/dev.oenobrands.com\/wp-content\/uploads\/2024\/07\/ADS-A4-Natuferm-Fruity-EN-2022_G_03.pdf\" target=\"_blank\" rel=\"noreferrer noopener\"><img loading=\"lazy\" decoding=\"async\" width=\"180\" height=\"94\" src=\"https:\/\/dev.oenobrands.com\/wp-content\/uploads\/2023\/04\/flag-united-states-english-american.png\" alt=\"bandera-estados-unidos-ingl\u00e9s-americano\" class=\"wp-image-2510\"\/><\/a><\/figure>\n<\/div>\n\n\n\n<div class=\"wp-block-column is-layout-flow wp-block-column-is-layout-flow\">\n<figure class=\"wp-block-image size-full\"><a href=\"https:\/\/dev.oenobrands.com\/wp-content\/uploads\/2024\/07\/ADS-A4-Natuferm-Fruity-FR_2022_G_01.pdf\" target=\"_blank\" rel=\"noreferrer noopener\"><img loading=\"lazy\" decoding=\"async\" width=\"180\" height=\"94\" src=\"https:\/\/dev.oenobrands.com\/wp-content\/uploads\/2023\/04\/drapeau-francais-france.png\" alt=\"drapeau flag francais france\" class=\"wp-image-2508\"\/><\/a><\/figure>\n<\/div>\n\n\n\n<div class=\"wp-block-column is-layout-flow wp-block-column-is-layout-flow\">\n<figure class=\"wp-block-image size-full\"><a href=\"https:\/\/dev.oenobrands.com\/wp-content\/uploads\/2024\/07\/ADS-A4-Natuferm-Fruity-ES-2022_G_01.pdf\" target=\"_blank\" rel=\"noreferrer noopener\"><img loading=\"lazy\" decoding=\"async\" width=\"180\" height=\"94\" src=\"https:\/\/dev.oenobrands.com\/wp-content\/uploads\/2023\/04\/bandiera-spagnola-spagna.png\" alt=\"drapeau flag bandiera spagnola spagna\" class=\"wp-image-2506\"\/><\/a><\/figure>\n<\/div>\n\n\n\n<div class=\"wp-block-column is-layout-flow wp-block-column-is-layout-flow\">\n<figure class=\"wp-block-image size-full\"><a href=\"https:\/\/dev.oenobrands.com\/wp-content\/uploads\/2024\/07\/ADS-A4-Natuferm-Fruity-IT-2022_Corimpex_G_01.pdf\" target=\"_blank\" rel=\"noreferrer noopener\"><img loading=\"lazy\" decoding=\"async\" width=\"180\" height=\"94\" src=\"https:\/\/dev.oenobrands.com\/wp-content\/uploads\/2023\/04\/bandiera-italiana-italy.png\" alt=\"drapeau flag bandiera italiana italy\" class=\"wp-image-2512\"\/><\/a><\/figure>\n<\/div>\n\n\n\n<div class=\"wp-block-column is-layout-flow wp-block-column-is-layout-flow\">\n<figure class=\"wp-block-image size-full\"><a href=\"https:\/\/dev.oenobrands.com\/wp-content\/uploads\/2024\/07\/ADS-A4-Natuferm-Fruity-PT-2022_Freitas_G_01.pdf\" target=\"_blank\" rel=\"noreferrer noopener\"><img loading=\"lazy\" decoding=\"async\" width=\"180\" height=\"94\" src=\"https:\/\/dev.oenobrands.com\/wp-content\/uploads\/2024\/05\/Flag-drapeau-Portugal.png\" alt=\"Flag-drapeau-Portugal\" class=\"wp-image-7139\"\/><\/a><\/figure>\n<\/div>\n\n\n\n<div class=\"wp-block-column is-layout-flow wp-block-column-is-layout-flow\">\n<figure class=\"wp-block-image size-full\"><a href=\"https:\/\/dev.oenobrands.com\/wp-content\/uploads\/2024\/07\/ADS-A4-Natuferm-Fruity-ALL_2022_G_01.pdf\" target=\"_blank\" rel=\"noreferrer noopener\"><img loading=\"lazy\" decoding=\"async\" width=\"180\" height=\"94\" src=\"https:\/\/dev.oenobrands.com\/wp-content\/uploads\/2023\/05\/Flagge-Deutschland.png\" alt=\"Flagge-Deutschland\" class=\"wp-image-3550\"\/><\/a><\/figure>\n<\/div>\n<\/div>\n\n\n\n<div class=\"wp-block-columns is-not-stacked-on-mobile is-layout-flex wp-container-core-columns-is-layout-9d6595d7 wp-block-columns-is-layout-flex\">\n<div class=\"wp-block-column is-layout-flow wp-block-column-is-layout-flow\">\n<figure class=\"wp-block-image size-full\"><a href=\"https:\/\/dev.oenobrands.com\/wp-content\/uploads\/2024\/07\/ADS-A4-Natuferm-Fruity-RO-2022.pdf\" target=\"_blank\" rel=\"noreferrer noopener\"><img loading=\"lazy\" decoding=\"async\" width=\"180\" height=\"94\" src=\"https:\/\/dev.oenobrands.com\/wp-content\/uploads\/2024\/05\/Flag-drapeau-Roumanie.png\" alt=\"Flag-drapeau-Roumanie\" class=\"wp-image-7145\"\/><\/a><\/figure>\n<\/div>\n\n\n\n<div class=\"wp-block-column is-layout-flow wp-block-column-is-layout-flow\">\n<figure class=\"wp-block-image size-full\"><a href=\"https:\/\/dev.oenobrands.com\/wp-content\/uploads\/2024\/07\/ADS-A4-Natuferm-Fruity-CZ_2022_Biopro_G_01.pdf\" target=\"_blank\" rel=\"noreferrer noopener\"><img loading=\"lazy\" decoding=\"async\" width=\"180\" height=\"94\" src=\"https:\/\/dev.oenobrands.com\/wp-content\/uploads\/2023\/05\/Flag-vlajka-Czech-Republic.png\" alt=\"Flag-vlajka-Czech-Republic-drapeau\" class=\"wp-image-3548\"\/><\/a><\/figure>\n<\/div>\n\n\n\n<div class=\"wp-block-column is-layout-flow wp-block-column-is-layout-flow\">\n<figure class=\"wp-block-image size-full\"><a href=\"https:\/\/dev.oenobrands.com\/wp-content\/uploads\/2024\/07\/ADS-A4-Natuferm-Fruity-BUL-2022.pdf\" target=\"_blank\" rel=\"noreferrer noopener\"><img alt=\"\" loading=\"lazy\" decoding=\"async\" width=\"180\" height=\"94\" src=\"https:\/\/dev.oenobrands.com\/wp-content\/uploads\/2024\/05\/flag-drapeau-bulgarie.png\" alt=\"\" class=\"wp-image-7141\"\/><\/a><\/figure>\n<\/div>\n\n\n\n<div class=\"wp-block-column is-layout-flow wp-block-column-is-layout-flow\"><\/div>\n\n\n\n<div class=\"wp-block-column is-layout-flow wp-block-column-is-layout-flow\"><\/div>\n\n\n\n<div class=\"wp-block-column is-layout-flow wp-block-column-is-layout-flow\"><\/div>\n<\/div>\n<\/div><\/div>\n\n\n\n<hr class=\"wp-block-separator has-text-color has-alpha-channel-opacity has-background\" style=\"background-color:#162638;color:#162638\"\/>\n\n\n\n<div class=\"wp-block-buttons is-content-justification-center is-layout-flex wp-container-core-buttons-is-layout-16018d1d wp-block-buttons-is-layout-flex\">\n<div class=\"wp-block-button\"><a class=\"wp-block-button__link has-white-color has-text-color has-background has-text-align-center wp-element-button\" href=\"https:\/\/dev.oenobrands.com\/distributor\/\" style=\"background-color:#162638\" target=\"_blank\" rel=\"noreferrer noopener\">Su distribuidor<\/a><\/div>\n<\/div>\n\n\n\n<hr class=\"wp-block-separator has-text-color has-alpha-channel-opacity has-background\" style=\"background-color:#162638;color:#162638\"\/>\n\n\n\n<h3 class=\"wp-block-heading\"><strong>DOSIS<\/strong><\/h3>\n\n\n\n<p>&#8211; Dosis: 20\u201340 g\/hL<\/p>\n\n\n\n<p>&#8211; A\u00f1adir al inicio de la fermentaci\u00f3n alcoh\u00f3lica, cuando el mosto es inoculado con la levadura. La sal de amonio (nitr\u00f3geno inorg\u00e1nico) solo puede a\u00f1adirse cuando la densidad est\u00e9 por debajo de 1060. <\/p>\n\n\n\n<h3 class=\"wp-block-heading\"><strong>USO<\/strong><\/h3>\n\n\n\n<p>Suspender <strong>Natuferm Fruity<\/strong> en 10 veces su peso en mosto antes de usar.<\/p>\n\n\n\n<h3 class=\"wp-block-heading\"><strong>Composici\u00f3n<\/strong><\/h3>\n\n\n\n<p><strong>Natuferm Fruity<\/strong> es un autolisado de levadura 100 % <em>Saccharomyces cerevisiae.<\/em><\/p>\n\n\n\n<h3 class=\"wp-block-heading\"><strong><strong>Envase<\/strong><\/strong><\/h3>\n\n\n\n<p>\u2013 1 kg: bolsas laminadas multicapa selladas herm\u00e9ticamente<\/p>\n\n\n\n<p>\u2013 10 kg: bolsa de aluminio en caja de cart\u00f3n<\/p>\n\n\n\n<h3 class=\"wp-block-heading\"><strong>Conservaci\u00f3n<\/strong><\/h3>\n\n\n\n<p>Conservar en un lugar fresco y seco (5\u201315 \u00b0C \/ 41\u201360 \u00b0F).<\/p>\n<\/div>\n<\/div>\n\n\n\n<div class=\"wp-block-group\"><div class=\"wp-block-group__inner-container is-layout-constrained wp-block-group-is-layout-constrained\">\n<div style=\"height:30px\" aria-hidden=\"true\" class=\"wp-block-spacer\"><\/div>\n\n\n\n<hr class=\"wp-block-separator has-text-color has-black-color has-alpha-channel-opacity has-black-background-color has-background\"\/>\n<\/div><\/div>\n\n\n\n<div class=\"wp-block-columns is-layout-flex wp-container-core-columns-is-layout-9d6595d7 wp-block-columns-is-layout-flex\">\n<div class=\"wp-block-column is-layout-flow wp-block-column-is-layout-flow\">\n<div class=\"wp-block-group\"><div class=\"wp-block-group__inner-container is-layout-constrained wp-block-group-is-layout-constrained\">\n<h2 class=\"wp-block-heading\"><strong><strong>Explora soluciones relacionadas<\/strong>:<\/strong><\/h2>\n\n\n\n<div style=\"height:30px\" aria-hidden=\"true\" class=\"wp-block-spacer\"><\/div>\n\n\n\n<p><strong>\u00bfBuscas un enfoque m\u00e1s integral para la elaboraci\u00f3n del vino?<\/strong> Descubre nuestras soluciones enol\u00f3gicas avanzadas relacionadas con <strong>Natuferm Fruity.<\/strong><\/p>\n\n\n\n<div style=\"height:30px\" aria-hidden=\"true\" class=\"wp-block-spacer\"><\/div>\n\n\n\n<div class=\"wp-block-columns are-vertically-aligned-center is-layout-flex wp-container-core-columns-is-layout-9d6595d7 wp-block-columns-is-layout-flex\">\n<div class=\"wp-block-column is-vertically-aligned-center is-layout-flow wp-block-column-is-layout-flow\" style=\"flex-basis:100%\">\n<div class=\"wp-block-buttons is-content-justification-center is-layout-flex wp-container-core-buttons-is-layout-16018d1d wp-block-buttons-is-layout-flex\">\n<div class=\"wp-block-button is-style-fill\"><a class=\"wp-block-button__link wp-element-button\" href=\"https:\/\/dev.oenobrands.com\/solution\/alcoholic-fermentation\/yeast-nutrition\/\" target=\"_blank\" rel=\"noreferrer noopener\">Nutrici\u00f3n de la levadura<\/a><\/div>\n\n\n\n<div class=\"wp-block-button is-style-fill\"><a class=\"wp-block-button__link wp-element-button\" href=\"https:\/\/dev.oenobrands.com\/key-positive-aroma-compounds\/\" target=\"_blank\" rel=\"noreferrer noopener\">Compuestos arom\u00e1ticos<\/a><\/div>\n\n\n\n<div class=\"wp-block-button is-style-fill\"><a class=\"wp-block-button__link wp-element-button\" href=\"https:\/\/dev.oenobrands.com\/solution\/wine-aroma\/aroma-modulation\/\" target=\"_blank\" rel=\"noreferrer noopener\">Modulaci\u00f3n de aromas<\/a><\/div>\n\n\n\n<div class=\"wp-block-button is-style-fill\"><a class=\"wp-block-button__link wp-element-button\" href=\"https:\/\/dev.oenobrands.com\/solution\/alcoholic-fermentation\/fermentation-management\/\" target=\"_blank\" rel=\"noreferrer noopener\">Gesti\u00f3n de la fermentaci\u00f3n<\/a><\/div>\n<\/div>\n<\/div>\n<\/div>\n<\/div><\/div>\n\n\n\n<div style=\"height:30px\" aria-hidden=\"true\" class=\"wp-block-spacer\"><\/div>\n<\/div>\n\n\n\n<div class=\"wp-block-column is-layout-flow wp-block-column-is-layout-flow\">\n<h2 class=\"wp-block-heading\"><strong>\u00bfBusca otra cosa?<\/strong><\/h2>\n\n\n\n<div style=\"height:30px\" aria-hidden=\"true\" class=\"wp-block-spacer\"><\/div>\n\n\n\n<p>Visite nuestra secci\u00f3n de Soluciones, donde ofrecemos orientaci\u00f3n experta, conocimientos reconocidos y enfoques innovadores organizados seg\u00fan las etapas del proceso de vinificaci\u00f3n. <strong>Desde la fermentaci\u00f3n hasta la filtraci\u00f3n y el embotellado, le ofrecemos soluciones para mejorar cada etapa de su proceso de vinificaci\u00f3n.<\/strong><\/p>\n\n\n\n<div style=\"height:30px\" aria-hidden=\"true\" class=\"wp-block-spacer\"><\/div>\n\n\n\n<div class=\"wp-block-columns are-vertically-aligned-center is-layout-flex wp-container-core-columns-is-layout-9d6595d7 wp-block-columns-is-layout-flex\">\n<div class=\"wp-block-column is-vertically-aligned-center is-layout-flow wp-block-column-is-layout-flow\" style=\"flex-basis:100%\">\n<div class=\"wp-block-buttons is-content-justification-center is-layout-flex wp-container-core-buttons-is-layout-16018d1d wp-block-buttons-is-layout-flex\">\n<div class=\"wp-block-button is-style-fill\"><a class=\"wp-block-button__link wp-element-button\" href=\"https:\/\/dev.oenobrands.com\/solution\/\" target=\"_blank\" rel=\"noreferrer noopener\">Advanced winemaking solutions<\/a><\/div>\n<\/div>\n<\/div>\n<\/div>\n<\/div>\n<\/div>\n\n\n\n<hr class=\"wp-block-separator has-text-color has-black-color has-alpha-channel-opacity has-black-background-color has-background\"\/>\n\n\n\n<div style=\"height:30px\" aria-hidden=\"true\" class=\"wp-block-spacer\"><\/div>\n\n\n\n<div class=\"wp-block-columns is-layout-flex wp-container-core-columns-is-layout-9d6595d7 wp-block-columns-is-layout-flex\">\n<div class=\"wp-block-column is-vertically-aligned-center is-layout-flow wp-block-column-is-layout-flow\" style=\"flex-basis:30%\">\n<h1 class=\"wp-block-heading has-text-color\" style=\"color:#aca39a\">Descubre la gama Feel Safe<\/h1>\n\n\n\n<div style=\"height:20px\" aria-hidden=\"true\" class=\"wp-block-spacer\"><\/div>\n\n\n\n<div class=\"wp-block-buttons is-content-justification-center is-layout-flex wp-container-core-buttons-is-layout-16018d1d wp-block-buttons-is-layout-flex\">\n<div class=\"wp-block-button\"><a class=\"wp-block-button__link has-background wp-element-button\" href=\"https:\/\/dev.oenobrands.com\/product\/yeast-derivate\/feel-safe\/\" style=\"background-color:#545859\" target=\"_blank\" rel=\"noreferrer noopener\">feel SAFE!<\/a><\/div>\n<\/div>\n<\/div>\n\n\n\n<div class=\"wp-block-column is-layout-flow wp-block-column-is-layout-flow\" style=\"flex-basis:10%\"><\/div>\n\n\n\n<div class=\"wp-block-column is-layout-flow wp-block-column-is-layout-flow\"><div class=\"wp-block-image\">\n<figure class=\"aligncenter size-full is-resized\"><img loading=\"lazy\" decoding=\"async\" width=\"729\" height=\"342\" src=\"https:\/\/dev.oenobrands.com\/wp-content\/uploads\/2024\/05\/Feel-Safe__2022-no-font.png\" alt=\"Feel-Safe_derivados de levadura\" class=\"wp-image-7450\" style=\"width:350px\" srcset=\"https:\/\/dev.oenobrands.com\/wp-content\/uploads\/2024\/05\/Feel-Safe__2022-no-font.png 729w, https:\/\/dev.oenobrands.com\/wp-content\/uploads\/2024\/05\/Feel-Safe__2022-no-font-300x141.png 300w\" sizes=\"auto, (max-width: 729px) 100vw, 729px\" \/><\/figure>\n<\/div><\/div>\n<\/div>\n\n\n\n<div style=\"height:50px\" aria-hidden=\"true\" class=\"wp-block-spacer\"><\/div>\n","protected":false},"excerpt":{"rendered":"<p>Natuferm Fruity PARA POTENCIAR LA FRUTALIDAD Y LA VIDA AROM\u00c1TICA DEL VINO FINALIDAD Natuferm\u00ae Fruity es una levadura autolisada seleccionada por su riqueza en amino\u00e1cidos, precursores de los aromas de \u00e9steres producidos durante la fermentaci\u00f3n alcoh\u00f3lica. La presencia de ergosterol tambi\u00e9n es ventajosa, ya que los l\u00edpidos son necesarios para que la levadura proteja su [&hellip;]<\/p>\n","protected":false},"author":3,"featured_media":0,"parent":19383,"menu_order":2,"comment_status":"closed","ping_status":"closed","template":"page-product.php","meta":{"_acf_changed":false,"_seopress_robots_primary_cat":"0","_seopress_titles_title":"","_seopress_titles_desc":"","_seopress_robots_index":"","_seopress_analysis_target_kw":"","footnotes":""},"class_list":["post-18363","page","type-page","status-publish"],"acf":[],"_links":{"self":[{"href":"https:\/\/dev.oenobrands.com\/es\/wp-json\/wp\/v2\/pages\/18363","targetHints":{"allow":["GET"]}}],"collection":[{"href":"https:\/\/dev.oenobrands.com\/es\/wp-json\/wp\/v2\/pages"}],"about":[{"href":"https:\/\/dev.oenobrands.com\/es\/wp-json\/wp\/v2\/types\/page"}],"author":[{"embeddable":true,"href":"https:\/\/dev.oenobrands.com\/es\/wp-json\/wp\/v2\/users\/3"}],"replies":[{"embeddable":true,"href":"https:\/\/dev.oenobrands.com\/es\/wp-json\/wp\/v2\/comments?post=18363"}],"version-history":[{"count":0,"href":"https:\/\/dev.oenobrands.com\/es\/wp-json\/wp\/v2\/pages\/18363\/revisions"}],"up":[{"embeddable":true,"href":"https:\/\/dev.oenobrands.com\/es\/wp-json\/wp\/v2\/pages\/19383"}],"wp:attachment":[{"href":"https:\/\/dev.oenobrands.com\/es\/wp-json\/wp\/v2\/media?parent=18363"}],"curies":[{"name":"wp","href":"https:\/\/api.w.org\/{rel}","templated":true}]}}