{"id":18352,"date":"2025-05-19T14:04:48","date_gmt":"2025-05-19T12:04:48","guid":{"rendered":"https:\/\/dev.oenobrands.com\/maxaferm-ml-force\/"},"modified":"2025-10-29T16:41:00","modified_gmt":"2025-10-29T15:41:00","slug":"maxaferm-ml-force","status":"publish","type":"page","link":"https:\/\/dev.oenobrands.com\/es\/producto\/derivado-de-levadura\/feel-safe\/maxaferm-ml-force\/","title":{"rendered":"Maxaferm ML Force"},"content":{"rendered":"\n<h1 class=\"wp-block-heading has-text-color\" style=\"color:#7f7d5a\">Maxaferm ML Force<\/h1>\n\n<div style=\"height:30px\" aria-hidden=\"true\" class=\"wp-block-spacer\"><\/div>\n\n<h2 class=\"wp-block-heading has-text-color\" style=\"color:#7f7d5a\"><strong>EL NUTRIENTE ORG\u00c1NICO FORMULADO PARA LA NUTRICI\u00d3N DE BACTERIAS DEL \u00c1CIDO L\u00c1CTICO<\/strong><\/h2>\n\n<div style=\"height:30px\" aria-hidden=\"true\" class=\"wp-block-spacer\"><\/div>\n\n<h3 class=\"wp-block-heading has-text-color\" style=\"color:#7f7d5a\"><strong>FINALIDAD<\/strong><\/h3>\n\n<p><em>O. oeni <\/em>tiene requisitos nutricionales espec\u00edficos: no puede utilizar amonio y depende de p\u00e9ptidos y amino\u00e1cidos. Despu\u00e9s de la fermentaci\u00f3n alcoh\u00f3lica (FA), los nutrientes esenciales suelen agotarse, lo que dificulta la fermentaci\u00f3n malol\u00e1ctica secuencial (FML). <\/p>\n\n<p><strong>Maxaferm\u00ae ML Force<\/strong>, basado en levadura no <em>Saccharomyces <\/em>autolisada (<em>Cyberlindnera jadinii<\/em>), es rico en p\u00e9ptidos, minerales y vitaminas biodisponibles. Tambi\u00e9n contiene paredes celulares de levadura <em>S. cerevisiae<\/em>, que adsorben los \u00e1cidos grasos que inhiben las bacterias, promoviendo as\u00ed una FML exitosa.<\/p>\n\n<div style=\"height:50px\" aria-hidden=\"true\" class=\"wp-block-spacer\"><\/div>\n\n<div class=\"wp-block-columns is-layout-flex wp-container-core-columns-is-layout-9d6595d7 wp-block-columns-is-layout-flex\">\n<div class=\"wp-block-column is-layout-flow wp-block-column-is-layout-flow\" style=\"flex-basis:45%\">\n<h3 class=\"wp-block-heading has-text-color\" style=\"color:#7f7d5a\"><strong>Propiedades<\/strong><\/h3>\n\n\n\n<p>Gracias a su composici\u00f3n optimizada, <strong>Maxaferm ML Force:<\/strong><br\/>\u2013 Garantiza una fermentaci\u00f3n malol\u00e1ctica r\u00e1pida y completa<br\/>\u25cf Evita el sobrecalentamiento excesivo de los vinos para iniciar la FML<br\/>\u25cf Contribuye a vinos libres de defectos arom\u00e1ticos<\/p>\n\n\n\n<div class=\"wp-block-columns is-layout-flex wp-container-core-columns-is-layout-9d6595d7 wp-block-columns-is-layout-flex\">\n<div class=\"wp-block-column is-vertically-aligned-center is-layout-flow wp-block-column-is-layout-flow\" style=\"flex-basis:25%\"><div class=\"wp-block-image is-style-default\">\n<figure class=\"aligncenter size-full\"><img loading=\"lazy\" decoding=\"async\" width=\"100\" height=\"99\" src=\"https:\/\/dev.oenobrands.com\/wp-content\/uploads\/2023\/04\/Ease-of-use.jpg\" alt=\"Facilidad de uso\" class=\"wp-image-2192\"\/><\/figure>\n<\/div><\/div>\n\n\n\n<div class=\"wp-block-column is-vertically-aligned-center has-background is-layout-flow wp-block-column-is-layout-flow\" style=\"background-color:#c4bfb6;flex-basis:75%\">\n<p class=\"has-small-font-size\" style=\"font-style:normal;font-weight:500\">Los productos de Oenobrands se elaboran a partir de derivados de levadura seleccionados y secados mediante una tecnolog\u00eda exclusiva. Esto garantiza su excelente capacidad para dispersarse r\u00e1pidamente y sin formar grumos. <\/p>\n<\/div>\n<\/div>\n\n\n\n<div style=\"height:30px\" aria-hidden=\"true\" class=\"wp-block-spacer\"><\/div>\n\n\n\n<h3 class=\"wp-block-heading has-text-color\" style=\"color:#7f7d5a\"><strong>Ciencia y Tecnolog\u00eda<\/strong><\/h3>\n\n\n\n<div style=\"height:30px\" aria-hidden=\"true\" class=\"wp-block-spacer\"><\/div>\n\n\n\n<p><strong>Maxaferm ML Force <\/strong>es un nutriente esencial para lograr una FML exitosa, especialmente en condiciones dif\u00edciles. <\/p>\n\n\n\n<p>A 18 \u00b0C, la FML del vino Nebbiolo (Figura 1) no se inicia por s\u00ed sola, incluso en presencia de un autolisado cl\u00e1sico de levadura <em>S. cerevisiae<\/em>. <strong>Maxaferm ML Force <\/strong>permite el inicio de la FML y el consumo completo del \u00e1cido m\u00e1lico, independientemente de la temperatura.<\/p>\n\n\n\n<figure class=\"wp-block-image size-full is-style-zoooom\"><img alt=\"\" loading=\"lazy\" decoding=\"async\" width=\"1207\" height=\"564\" src=\"https:\/\/dev.oenobrands.com\/wp-content\/uploads\/2025\/05\/Product-feel-safe-Maxaferm-ML-Force-EN-1.png\" alt=\"\" class=\"wp-image-16600\" srcset=\"https:\/\/dev.oenobrands.com\/wp-content\/uploads\/2025\/05\/Product-feel-safe-Maxaferm-ML-Force-EN-1.png 1207w, https:\/\/dev.oenobrands.com\/wp-content\/uploads\/2025\/05\/Product-feel-safe-Maxaferm-ML-Force-EN-1-300x140.png 300w, https:\/\/dev.oenobrands.com\/wp-content\/uploads\/2025\/05\/Product-feel-safe-Maxaferm-ML-Force-EN-1-1024x478.png 1024w, https:\/\/dev.oenobrands.com\/wp-content\/uploads\/2025\/05\/Product-feel-safe-Maxaferm-ML-Force-EN-1-768x359.png 768w\" sizes=\"auto, (max-width: 1207px) 100vw, 1207px\" \/><figcaption class=\"wp-element-caption\">Niveles de \u00e1cido m\u00e1lico al final de la FML seg\u00fan la temperatura y la estrategia nutricional. Vino Nebbiolo, con 2,5 g\/L de \u00e1cido m\u00e1lico, regi\u00f3n de Valtellina (Italia, 2024). Universidad de Mil\u00e1n.<\/figcaption><\/figure>\n\n\n\n<div style=\"height:30px\" aria-hidden=\"true\" class=\"wp-block-spacer\"><\/div>\n\n\n\n<p><strong>Maxaferm ML Force<\/strong> garantiza una cin\u00e9tica de fermentaci\u00f3n constante, r\u00e1pida y completa.<\/p>\n\n\n\n<p>Con <strong>Maxaferm ML Force,<\/strong> la FML a 18 \u00b0C (Figura 2) es r\u00e1pida (16 d\u00edas) y es la \u00fanica que logra el consumo total del \u00e1cido m\u00e1lico gracias a un suministro adecuado de nutrientes.<\/p>\n\n\n\n<figure class=\"wp-block-image size-full is-style-zoooom\"><img alt=\"\" loading=\"lazy\" decoding=\"async\" width=\"1218\" height=\"591\" src=\"https:\/\/dev.oenobrands.com\/wp-content\/uploads\/2025\/05\/Product-feel-safe-Maxaferm-ML-Force-EN-2.png\" alt=\"\" class=\"wp-image-16604\" srcset=\"https:\/\/dev.oenobrands.com\/wp-content\/uploads\/2025\/05\/Product-feel-safe-Maxaferm-ML-Force-EN-2.png 1218w, https:\/\/dev.oenobrands.com\/wp-content\/uploads\/2025\/05\/Product-feel-safe-Maxaferm-ML-Force-EN-2-300x146.png 300w, https:\/\/dev.oenobrands.com\/wp-content\/uploads\/2025\/05\/Product-feel-safe-Maxaferm-ML-Force-EN-2-1024x497.png 1024w, https:\/\/dev.oenobrands.com\/wp-content\/uploads\/2025\/05\/Product-feel-safe-Maxaferm-ML-Force-EN-2-768x373.png 768w\" sizes=\"auto, (max-width: 1218px) 100vw, 1218px\" \/><figcaption class=\"wp-element-caption\">Impacto de la adici\u00f3n de nutrientes en la cin\u00e9tica del consumo de \u00e1cido m\u00e1lico durante la FML (Maloferm Bouquet a 18 \u00b0C). Vino Nebbiolo, regi\u00f3n de Valtellina (Italia, 2024). Universidad de Mil\u00e1n. Los ensayos se realizaron por triplicado.<\/figcaption><\/figure>\n\n\n\n<p><\/p>\n<\/div>\n\n\n\n<div class=\"wp-block-column is-layout-flow wp-block-column-is-layout-flow\" style=\"flex-basis:6%\"><\/div>\n\n\n\n<div class=\"wp-block-column has-background is-layout-flow wp-block-column-is-layout-flow\" style=\"background-color:#f7f7f7;flex-basis:45%\">\n<div class=\"wp-block-columns is-layout-flex wp-container-core-columns-is-layout-9d6595d7 wp-block-columns-is-layout-flex\">\n<div class=\"wp-block-column is-layout-flow wp-block-column-is-layout-flow\"><div class=\"wp-block-image\">\n<figure class=\"aligncenter size-full is-resized\"><img alt=\"\" loading=\"lazy\" decoding=\"async\" width=\"1610\" height=\"230\" src=\"https:\/\/dev.oenobrands.com\/wp-content\/uploads\/2025\/05\/Maxaferm-ML-Force-1.png\" alt=\"\" class=\"wp-image-16617\" style=\"object-fit:cover;width:348px;height:auto\" srcset=\"https:\/\/dev.oenobrands.com\/wp-content\/uploads\/2025\/05\/Maxaferm-ML-Force-1.png 1610w, https:\/\/dev.oenobrands.com\/wp-content\/uploads\/2025\/05\/Maxaferm-ML-Force-1-300x43.png 300w, https:\/\/dev.oenobrands.com\/wp-content\/uploads\/2025\/05\/Maxaferm-ML-Force-1-1024x146.png 1024w, https:\/\/dev.oenobrands.com\/wp-content\/uploads\/2025\/05\/Maxaferm-ML-Force-1-768x110.png 768w, https:\/\/dev.oenobrands.com\/wp-content\/uploads\/2025\/05\/Maxaferm-ML-Force-1-1536x219.png 1536w\" sizes=\"auto, (max-width: 1610px) 100vw, 1610px\" \/><\/figure>\n<\/div><\/div>\n<\/div>\n\n\n\n<div style=\"height:40px\" aria-hidden=\"true\" class=\"wp-block-spacer\"><\/div>\n\n\n\n<div class=\"wp-block-group\"><div class=\"wp-block-group__inner-container is-layout-constrained wp-block-group-is-layout-constrained\">\n<p class=\"has-text-align-center\"><strong>DESCARGAR LA FICHA T\u00c9CNICA DE APLICACI\u00d3N<\/strong><\/p>\n\n\n\n<div class=\"wp-block-columns is-not-stacked-on-mobile is-layout-flex wp-container-core-columns-is-layout-9d6595d7 wp-block-columns-is-layout-flex\">\n<div class=\"wp-block-column is-layout-flow wp-block-column-is-layout-flow\">\n<figure class=\"wp-block-image size-full\"><a href=\"https:\/\/dev.oenobrands.com\/wp-content\/uploads\/2025\/05\/ADS-A4-Maxaferm-ML-Force-EN-2025-G-05.pdf\" target=\"_blank\" rel=\"noreferrer noopener\"><img loading=\"lazy\" decoding=\"async\" width=\"180\" height=\"94\" src=\"https:\/\/dev.oenobrands.com\/wp-content\/uploads\/2023\/04\/flag-united-states-english-american.png\" alt=\"bandera-estados-unidos-ingl&#xE9;s-americano\" class=\"wp-image-2510\"\/><\/a><\/figure>\n<\/div>\n\n\n\n<div class=\"wp-block-column is-layout-flow wp-block-column-is-layout-flow\">\n<figure class=\"wp-block-image size-full\"><a href=\"https:\/\/dev.oenobrands.com\/wp-content\/uploads\/2025\/05\/ADS-A4-Maxaferm-ML-Force-FR-2025-G-11.pdf\" target=\"_blank\" rel=\"noreferrer noopener\"><img loading=\"lazy\" decoding=\"async\" width=\"180\" height=\"94\" src=\"https:\/\/dev.oenobrands.com\/wp-content\/uploads\/2023\/04\/drapeau-francais-france.png\" alt=\"drapeau flag francais france\" class=\"wp-image-2508\"\/><\/a><\/figure>\n<\/div>\n\n\n\n<div class=\"wp-block-column is-layout-flow wp-block-column-is-layout-flow\">\n<figure class=\"wp-block-image size-full\"><a href=\"https:\/\/dev.oenobrands.com\/wp-content\/uploads\/2025\/05\/ADS-A4-Maxaferm-ML-Force-ES-2025-G-04.pdf\" target=\"_blank\" rel=\"noreferrer noopener\"><img loading=\"lazy\" decoding=\"async\" width=\"180\" height=\"94\" src=\"https:\/\/dev.oenobrands.com\/wp-content\/uploads\/2023\/04\/bandiera-spagnola-spagna.png\" alt=\"drapeau flag bandiera spagnola spagna\" class=\"wp-image-2506\"\/><\/a><\/figure>\n<\/div>\n\n\n\n<div class=\"wp-block-column is-layout-flow wp-block-column-is-layout-flow\">\n<figure class=\"wp-block-image size-full\"><a href=\"https:\/\/dev.oenobrands.com\/wp-content\/uploads\/2025\/07\/ADS-A4-Maxaferm-ML-Force-IT-2025-Corimpex-G-02.pdf\" target=\"_blank\" rel=\" noreferrer noopener\"><img loading=\"lazy\" decoding=\"async\" width=\"180\" height=\"94\" src=\"https:\/\/dev.oenobrands.com\/wp-content\/uploads\/2023\/04\/bandiera-italiana-italy.png\" alt=\"drapeau flag bandiera italiana italy\" class=\"wp-image-2512\"\/><\/a><\/figure>\n<\/div>\n\n\n\n<div class=\"wp-block-column is-layout-flow wp-block-column-is-layout-flow\">\n<figure class=\"wp-block-image size-full\"><a href=\"https:\/\/dev.oenobrands.com\/wp-content\/uploads\/2025\/05\/ADS-A4-Maxaferm-ML-Force-PT-2025-Freitas-G-04.pdf\" target=\"_blank\" rel=\" noreferrer noopener\"><img loading=\"lazy\" decoding=\"async\" width=\"180\" height=\"94\" src=\"https:\/\/dev.oenobrands.com\/wp-content\/uploads\/2024\/05\/Flag-drapeau-Portugal.png\" alt=\"Flag-drapeau-Portugal\" class=\"wp-image-7139\"\/><\/a><\/figure>\n<\/div>\n\n\n\n<div class=\"wp-block-column is-layout-flow wp-block-column-is-layout-flow\">\n<figure class=\"wp-block-image size-full\"><a href=\"https:\/\/dev.oenobrands.com\/wp-content\/uploads\/2025\/05\/ADS-A4-Maxaferm-ML-Force-ALL-2025-Keller-G-04.pdf\" target=\"_blank\" rel=\"noreferrer noopener\"><img loading=\"lazy\" decoding=\"async\" width=\"180\" height=\"94\" src=\"https:\/\/dev.oenobrands.com\/wp-content\/uploads\/2023\/05\/Flagge-Deutschland.png\" alt=\"Flagge-Deutschland\" class=\"wp-image-3550\"\/><\/a><\/figure>\n<\/div>\n<\/div>\n\n\n\n<div class=\"wp-block-columns is-not-stacked-on-mobile is-layout-flex wp-container-core-columns-is-layout-9d6595d7 wp-block-columns-is-layout-flex\">\n<div class=\"wp-block-column is-layout-flow wp-block-column-is-layout-flow\">\n<figure class=\"wp-block-image size-full\"><a href=\"https:\/\/dev.oenobrands.com\/wp-content\/uploads\/2025\/05\/ADS-A4-Maxaferm-ML-Force-RO-2025-Elton-G-05.pdf\" target=\"_blank\" rel=\"noreferrer noopener\"><img loading=\"lazy\" decoding=\"async\" width=\"180\" height=\"94\" src=\"https:\/\/dev.oenobrands.com\/wp-content\/uploads\/2024\/05\/Flag-drapeau-Roumanie.png\" alt=\"Flag-drapeau-Roumanie\" class=\"wp-image-7145\"\/><\/a><\/figure>\n<\/div>\n\n\n\n<div class=\"wp-block-column is-layout-flow wp-block-column-is-layout-flow\">\n<figure class=\"wp-block-image size-full\"><a href=\"https:\/\/dev.oenobrands.com\/wp-content\/uploads\/2025\/05\/ADS-A4-Maxaferm-ML-Force-CZ-2025-Biopro_G-02.pdf\" target=\"_blank\" rel=\"noreferrer noopener\"><img loading=\"lazy\" decoding=\"async\" width=\"180\" height=\"94\" src=\"https:\/\/dev.oenobrands.com\/wp-content\/uploads\/2023\/05\/Flag-vlajka-Czech-Republic.png\" alt=\"Flag-vlajka-Czech-Republic-drapeau\" class=\"wp-image-3548\"\/><\/a><\/figure>\n<\/div>\n\n\n\n<div class=\"wp-block-column is-layout-flow wp-block-column-is-layout-flow\">\n<figure class=\"wp-block-image size-full\"><a href=\"https:\/\/dev.oenobrands.com\/wp-content\/uploads\/2025\/05\/ADS-A4-Maxaferm-ML-Force-BUL-2025-Elton-G-05.pdf\" target=\"_blank\" rel=\"noreferrer noopener\"><img alt=\"\" loading=\"lazy\" decoding=\"async\" width=\"180\" height=\"94\" src=\"https:\/\/dev.oenobrands.com\/wp-content\/uploads\/2024\/05\/flag-drapeau-bulgarie.png\" alt=\"\" class=\"wp-image-7141\"\/><\/a><\/figure>\n<\/div>\n\n\n\n<div class=\"wp-block-column is-layout-flow wp-block-column-is-layout-flow\">\n<figure class=\"wp-block-image size-full\"><a href=\"https:\/\/dev.oenobrands.com\/wp-content\/uploads\/2025\/05\/ADS-A4-Maxaferm-ML-Force-GR-2025-G-02.pdf\" target=\"_blank\" rel=\"noreferrer noopener\"><img loading=\"lazy\" decoding=\"async\" width=\"180\" height=\"94\" src=\"https:\/\/dev.oenobrands.com\/wp-content\/uploads\/2024\/07\/flag-greece-drapeaux.png\" alt=\"flag-greece-drapeaux\" class=\"wp-image-11801\"\/><\/a><\/figure>\n<\/div>\n\n\n\n<div class=\"wp-block-column is-layout-flow wp-block-column-is-layout-flow\"><\/div>\n\n\n\n<div class=\"wp-block-column is-layout-flow wp-block-column-is-layout-flow\"><\/div>\n<\/div>\n<\/div><\/div>\n\n\n\n<hr class=\"wp-block-separator has-text-color has-alpha-channel-opacity has-background\" style=\"background-color:#162638;color:#162638\"\/>\n\n\n\n<div class=\"wp-block-buttons is-content-justification-center is-layout-flex wp-container-core-buttons-is-layout-16018d1d wp-block-buttons-is-layout-flex\">\n<div class=\"wp-block-button\"><a class=\"wp-block-button__link has-white-color has-text-color has-background has-text-align-center wp-element-button\" href=\"https:\/\/dev.oenobrands.com\/distributor\/\" style=\"background-color:#162638\" target=\"_blank\" rel=\"noreferrer noopener\">Su distribuidor<\/a><\/div>\n<\/div>\n\n\n\n<hr class=\"wp-block-separator has-text-color has-alpha-channel-opacity has-background\" style=\"background-color:#162638;color:#162638\"\/>\n\n\n\n<h3 class=\"wp-block-heading has-text-color\" style=\"color:#7f7d5a\"><strong>DOSIS<\/strong><\/h3>\n\n\n\n<p>20 g\/hL. A\u00f1adir <strong>Maxaferm ML Force<\/strong> en el momento de la inoculaci\u00f3n de las bacterias del \u00e1cido l\u00e1ctico.<\/p>\n\n\n\n<ul class=\"wp-block-list\">\n<li>Para una FML lenta: A\u00f1adir Maxaferm ML Force a raz\u00f3n de 30 g\/hL.<\/li>\n\n\n\n<li>Para una FML detenida: Aclimatar una cepa resistente antes de la reinoculaci\u00f3n y a\u00f1adir Maxaferm ML Force a raz\u00f3n de 30 g\/hL.<\/li>\n<\/ul>\n\n\n\n<h3 class=\"wp-block-heading has-text-color\" style=\"color:#7f7d5a\"><strong>USO<\/strong><\/h3>\n\n\n\n<p> Suspender <strong>Maxaferm ML Force <\/strong>en 10 veces su volumen de agua antes de incorporarlo.<\/p>\n\n\n\n<h3 class=\"wp-block-heading has-text-color\" style=\"color:#7f7d5a\"><strong>Composici\u00f3n<\/strong><\/h3>\n\n\n\n<p><strong>Maxaferm <\/strong><strong>ML Force <\/strong>contiene:<\/p>\n\n\n\n<ul class=\"wp-block-list\">\n<li>80 % de autolisado de levaduras no Saccharomyces (<em>Cyberlindnera jadinii)<\/em>, rico en amino\u00e1cidos, p\u00e9ptidos, vitaminas y minerales.<\/li>\n\n\n\n<li>20 % de paredes celulares de levadura <em>Saccharomyces<\/em> cerevisiae.<\/li>\n<\/ul>\n\n\n\n<h3 class=\"wp-block-heading has-text-color\" style=\"color:#7f7d5a\"><strong><strong>Envase<\/strong><\/strong><\/h3>\n\n\n\n<p>1 kg; bolsas laminadas multicapa selladas herm\u00e9ticamente<\/p>\n\n\n\n<h3 class=\"wp-block-heading has-text-color\" style=\"color:#7f7d5a\"><strong>Conservaci\u00f3n<\/strong><\/h3>\n\n\n\n<p>Conservar en un lugar fresco y seco (5\u201315 \u00b0C \/ 41\u201360 \u00b0F).<\/p>\n<\/div>\n<\/div>\n\n<div class=\"wp-block-group\"><div class=\"wp-block-group__inner-container is-layout-constrained wp-block-group-is-layout-constrained\">\n<div style=\"height:30px\" aria-hidden=\"true\" class=\"wp-block-spacer\"><\/div>\n\n\n\n<hr class=\"wp-block-separator has-text-color has-black-color has-alpha-channel-opacity has-black-background-color has-background\"\/>\n<\/div><\/div>\n\n<div class=\"wp-block-columns is-layout-flex wp-container-core-columns-is-layout-9d6595d7 wp-block-columns-is-layout-flex\">\n<div class=\"wp-block-column is-layout-flow wp-block-column-is-layout-flow\">\n<div class=\"wp-block-group\"><div class=\"wp-block-group__inner-container is-layout-constrained wp-block-group-is-layout-constrained\">\n<h2 class=\"wp-block-heading\"><strong><strong>Explora soluciones relacionadas<\/strong>:<\/strong><\/h2>\n\n\n\n<div style=\"height:30px\" aria-hidden=\"true\" class=\"wp-block-spacer\"><\/div>\n\n\n\n<p><strong>\u00bfBusca un enfoque m\u00e1s hol\u00edstico de la vinificaci\u00f3n?<\/strong> Descubra nuestras soluciones avanzadas de vinificaci\u00f3n relacionadas con <strong>Maxaferm ML Force.<\/strong><\/p>\n\n\n\n<div style=\"height:30px\" aria-hidden=\"true\" class=\"wp-block-spacer\"><\/div>\n\n\n\n<div class=\"wp-block-columns are-vertically-aligned-center is-layout-flex wp-container-core-columns-is-layout-9d6595d7 wp-block-columns-is-layout-flex\">\n<div class=\"wp-block-column is-vertically-aligned-center is-layout-flow wp-block-column-is-layout-flow\" style=\"flex-basis:100%\">\n<div class=\"wp-block-buttons is-content-justification-center is-layout-flex wp-container-core-buttons-is-layout-16018d1d wp-block-buttons-is-layout-flex\">\n<div class=\"wp-block-button is-style-fill\"><a class=\"wp-block-button__link wp-element-button\" href=\"https:\/\/dev.oenobrands.com\/solution\/malolactic-fermentation\/mlf-in-practice\/\" target=\"_blank\" rel=\"noreferrer noopener\">FML en la pr\u00e1ctica<\/a><\/div>\n\n\n\n<div class=\"wp-block-button is-style-fill\"><a class=\"wp-block-button__link wp-element-button\" href=\"https:\/\/dev.oenobrands.com\/solution\/malolactic-fermentation\/sequential\/\" target=\"_blank\" rel=\"noreferrer noopener\">Fermentaci\u00f3n malol\u00e1ctica secuencial<\/a><\/div>\n<\/div>\n<\/div>\n<\/div>\n<\/div><\/div>\n\n\n\n<div style=\"height:30px\" aria-hidden=\"true\" class=\"wp-block-spacer\"><\/div>\n<\/div>\n\n\n\n<div class=\"wp-block-column is-layout-flow wp-block-column-is-layout-flow\">\n<h2 class=\"wp-block-heading\"><strong>\u00bfBusca otra cosa?<\/strong><\/h2>\n\n\n\n<div style=\"height:30px\" aria-hidden=\"true\" class=\"wp-block-spacer\"><\/div>\n\n\n\n<p>Visite nuestra secci\u00f3n de Soluciones, donde ofrecemos asesoramiento experto, conocimiento pr\u00e1ctico y nuevos enfoques organizados seg\u00fan el proceso de vinificaci\u00f3n. <strong>Desde la fermentaci\u00f3n hasta la filtraci\u00f3n y el embotellado, le ofrecemos soluciones para mejorar cada etapa de su proceso de vinificaci\u00f3n.<\/strong><\/p>\n\n\n\n<div style=\"height:30px\" aria-hidden=\"true\" class=\"wp-block-spacer\"><\/div>\n\n\n\n<div class=\"wp-block-columns are-vertically-aligned-center is-layout-flex wp-container-core-columns-is-layout-9d6595d7 wp-block-columns-is-layout-flex\">\n<div class=\"wp-block-column is-vertically-aligned-center is-layout-flow wp-block-column-is-layout-flow\" style=\"flex-basis:100%\">\n<div class=\"wp-block-buttons is-content-justification-center is-layout-flex wp-container-core-buttons-is-layout-16018d1d wp-block-buttons-is-layout-flex\">\n<div class=\"wp-block-button is-style-fill\"><a class=\"wp-block-button__link wp-element-button\" href=\"https:\/\/dev.oenobrands.com\/solution\/\" target=\"_blank\" rel=\"noreferrer noopener\">Advanced winemaking solutions<\/a><\/div>\n<\/div>\n<\/div>\n<\/div>\n<\/div>\n<\/div>\n\n<hr class=\"wp-block-separator has-text-color has-black-color has-alpha-channel-opacity has-black-background-color has-background\"\/>\n\n<div style=\"height:30px\" aria-hidden=\"true\" class=\"wp-block-spacer\"><\/div>\n\n<div class=\"wp-block-columns is-layout-flex wp-container-core-columns-is-layout-9d6595d7 wp-block-columns-is-layout-flex\">\n<div class=\"wp-block-column is-vertically-aligned-center is-layout-flow wp-block-column-is-layout-flow\" style=\"flex-basis:30%\">\n<h1 class=\"wp-block-heading has-text-color\" style=\"color:#aca39a\">Descubre la gama Feel Safe<\/h1>\n\n\n\n<div style=\"height:20px\" aria-hidden=\"true\" class=\"wp-block-spacer\"><\/div>\n\n\n\n<div class=\"wp-block-buttons is-content-justification-center is-layout-flex wp-container-core-buttons-is-layout-16018d1d wp-block-buttons-is-layout-flex\">\n<div class=\"wp-block-button\"><a class=\"wp-block-button__link has-background wp-element-button\" href=\"https:\/\/dev.oenobrands.com\/product\/yeast-derivate\/feel-safe\/\" style=\"background-color:#545859\" target=\"_blank\" rel=\"noreferrer noopener\">feel SAFE!<\/a><\/div>\n<\/div>\n<\/div>\n\n\n\n<div class=\"wp-block-column is-layout-flow wp-block-column-is-layout-flow\" style=\"flex-basis:10%\"><\/div>\n\n\n\n<div class=\"wp-block-column is-layout-flow wp-block-column-is-layout-flow\"><div class=\"wp-block-image\">\n<figure class=\"aligncenter size-full is-resized\"><img loading=\"lazy\" decoding=\"async\" width=\"729\" height=\"342\" src=\"https:\/\/dev.oenobrands.com\/wp-content\/uploads\/2024\/05\/Feel-Safe__2022-no-font.png\" alt=\"Feel-Safe_derivados de levadura\" class=\"wp-image-7450\" style=\"width:350px\" srcset=\"https:\/\/dev.oenobrands.com\/wp-content\/uploads\/2024\/05\/Feel-Safe__2022-no-font.png 729w, https:\/\/dev.oenobrands.com\/wp-content\/uploads\/2024\/05\/Feel-Safe__2022-no-font-300x141.png 300w\" sizes=\"auto, (max-width: 729px) 100vw, 729px\" \/><\/figure>\n<\/div><\/div>\n<\/div>\n\n<div style=\"height:50px\" aria-hidden=\"true\" class=\"wp-block-spacer\"><\/div>\n","protected":false},"excerpt":{"rendered":"<p>Maxaferm ML Force EL NUTRIENTE ORG\u00c1NICO FORMULADO PARA LA NUTRICI\u00d3N DE BACTERIAS DEL \u00c1CIDO L\u00c1CTICO FINALIDAD O. oeni tiene requisitos nutricionales espec\u00edficos: no puede utilizar amonio y depende de p\u00e9ptidos y amino\u00e1cidos. Despu\u00e9s de la fermentaci\u00f3n alcoh\u00f3lica (FA), los nutrientes esenciales suelen agotarse, lo que dificulta la fermentaci\u00f3n malol\u00e1ctica secuencial (FML). Maxaferm\u00ae ML Force, basado [&hellip;]<\/p>\n","protected":false},"author":3,"featured_media":0,"parent":19383,"menu_order":0,"comment_status":"closed","ping_status":"closed","template":"page-product.php","meta":{"_acf_changed":false,"_seopress_robots_primary_cat":"0","_seopress_titles_title":"","_seopress_titles_desc":"","_seopress_robots_index":"","_seopress_analysis_target_kw":"","footnotes":""},"class_list":["post-18352","page","type-page","status-publish"],"acf":[],"_links":{"self":[{"href":"https:\/\/dev.oenobrands.com\/es\/wp-json\/wp\/v2\/pages\/18352","targetHints":{"allow":["GET"]}}],"collection":[{"href":"https:\/\/dev.oenobrands.com\/es\/wp-json\/wp\/v2\/pages"}],"about":[{"href":"https:\/\/dev.oenobrands.com\/es\/wp-json\/wp\/v2\/types\/page"}],"author":[{"embeddable":true,"href":"https:\/\/dev.oenobrands.com\/es\/wp-json\/wp\/v2\/users\/3"}],"replies":[{"embeddable":true,"href":"https:\/\/dev.oenobrands.com\/es\/wp-json\/wp\/v2\/comments?post=18352"}],"version-history":[{"count":0,"href":"https:\/\/dev.oenobrands.com\/es\/wp-json\/wp\/v2\/pages\/18352\/revisions"}],"up":[{"embeddable":true,"href":"https:\/\/dev.oenobrands.com\/es\/wp-json\/wp\/v2\/pages\/19383"}],"wp:attachment":[{"href":"https:\/\/dev.oenobrands.com\/es\/wp-json\/wp\/v2\/media?parent=18352"}],"curies":[{"name":"wp","href":"https:\/\/api.w.org\/{rel}","templated":true}]}}