{"id":18346,"date":"2022-10-19T22:45:44","date_gmt":"2022-10-19T20:45:44","guid":{"rendered":"https:\/\/dev.oenobrands.com\/producto\/derivado-de-levadura\/nutrientes-anchor\/conquer\/"},"modified":"2025-10-29T16:47:22","modified_gmt":"2025-10-29T15:47:22","slug":"conquer","status":"publish","type":"page","link":"https:\/\/dev.oenobrands.com\/es\/producto\/derivado-de-levadura\/nutrientes-anchor\/conquer\/","title":{"rendered":"Conquer"},"content":{"rendered":"\n<h1 class=\"wp-block-heading has-text-color\" style=\"color:#76236c\"><strong>CONQUER<\/strong><\/h1>\n\n\n\n<div style=\"height:30px\" aria-hidden=\"true\" class=\"wp-block-spacer\"><\/div>\n\n\n\n<h2 class=\"wp-block-heading has-medium-font-size\">Conquer <strong>forma parte de la gama de nutrientes Sustenance, utilizada para ajustar el contenido de nitr\u00f3geno y los nutrientes del vino, garantizando una fermentaci\u00f3n alcoh\u00f3lica de calidad incluso en condiciones m\u00e1s exigentes.<\/strong><\/h2>\n\n\n\n<div style=\"height:30px\" aria-hidden=\"true\" class=\"wp-block-spacer\"><\/div>\n\n\n\n<h3 class=\"wp-block-heading has-medium-font-size\">\u00bfPOR QU\u00c9 USAR CONQUER?<\/h3>\n\n\n\n<p><strong>Conquer <\/strong>proporciona una fuente compleja de nitr\u00f3geno org\u00e1nico e inorg\u00e1nico durante la fermentaci\u00f3n, as\u00ed como vitaminas esenciales, minerales, oligoelementos, amino\u00e1cidos y factores de resistencia al estr\u00e9s como esteroles y \u00e1cidos grasos insaturados. <\/p>\n\n\n\n<p>Los factores de resistencia al estr\u00e9s aseguran la integridad de la membrana, especialmente al final de la fermentaci\u00f3n, y protegen la levadura frente a los inhibidores de \u00e1cidos grasos de cadena media que podr\u00edan afectar negativamente la fermentaci\u00f3n.<\/p>\n\n\n\n<div style=\"height:50px\" aria-hidden=\"true\" class=\"wp-block-spacer\"><\/div>\n\n\n\n<div class=\"wp-block-columns is-layout-flex wp-container-core-columns-is-layout-9d6595d7 wp-block-columns-is-layout-flex\">\n<div class=\"wp-block-column is-layout-flow wp-block-column-is-layout-flow\" style=\"flex-basis:45%\">\n<h3 class=\"wp-block-heading has-text-color\" style=\"color:#76236c\"><strong>Propiedades<\/strong><\/h3>\n\n\n\n<ul class=\"wp-block-list\">\n<li>Los factores de supervivencia garantizan el funcionamiento \u00f3ptimo de las c\u00e9lulas, especialmente durante fermentaciones dif\u00edciles o estresantes.<\/li>\n\n\n\n<li>Proporciona una nutrici\u00f3n \u00f3ptima que permite una mayor intensidad arom\u00e1tica, equilibrio, complejidad y un perfil de sabor m\u00e1s completo.<\/li>\n\n\n\n<li>Mejora los aromas fermentativos gracias a un metabolismo de levadura optimizado.<\/li>\n<\/ul>\n\n\n\n<h3 class=\"wp-block-heading has-text-color\" style=\"color:#76236c\"><strong>Science<\/strong><\/h3>\n\n\n\n<p>Con <strong>Conquer,<\/strong> la producci\u00f3n de aromas aumenta hasta un 113 % en comparaci\u00f3n con un producto competidor o con DAP.<\/p>\n\n\n<div class=\"wp-block-image is-style-zoooom\">\n<figure class=\"aligncenter size-large\"><img loading=\"lazy\" decoding=\"async\" width=\"1024\" height=\"333\" src=\"https:\/\/dev.oenobrands.com\/wp-content\/uploads\/2023\/02\/Product-_-Yeast-derivate_Anchor-range_Conquer-image-1-1024x333.png\" alt=\"Producto: Derivado de levadura gama Anchor Conquer imagen-1\" class=\"wp-image-1417\" srcset=\"https:\/\/dev.oenobrands.com\/wp-content\/uploads\/2023\/02\/Product-_-Yeast-derivate_Anchor-range_Conquer-image-1-1024x333.png 1024w, https:\/\/dev.oenobrands.com\/wp-content\/uploads\/2023\/02\/Product-_-Yeast-derivate_Anchor-range_Conquer-image-1-300x98.png 300w, https:\/\/dev.oenobrands.com\/wp-content\/uploads\/2023\/02\/Product-_-Yeast-derivate_Anchor-range_Conquer-image-1-768x250.png 768w, https:\/\/dev.oenobrands.com\/wp-content\/uploads\/2023\/02\/Product-_-Yeast-derivate_Anchor-range_Conquer-image-1.png 1189w\" sizes=\"auto, (max-width: 1024px) 100vw, 1024px\" \/><figcaption class=\"wp-element-caption\">Compuestos arom\u00e1ticos vol\u00e1tiles totales (mg\/L) con la levadura VIN 7 y la adici\u00f3n de <strong>Conquer <\/strong>en un Moscato italiano.<\/figcaption><\/figure>\n<\/div>\n\n<div class=\"wp-block-image is-style-zoooom\">\n<figure class=\"aligncenter size-large\"><img loading=\"lazy\" decoding=\"async\" width=\"1024\" height=\"672\" src=\"https:\/\/dev.oenobrands.com\/wp-content\/uploads\/2023\/02\/Product-_-Yeast-derivate_Anchor-range_Conquer-image-2-1024x672.png\" alt=\"Producto: Derivado de levadura gama Anchor Conquer imagen-2\" class=\"wp-image-1419\" srcset=\"https:\/\/dev.oenobrands.com\/wp-content\/uploads\/2023\/02\/Product-_-Yeast-derivate_Anchor-range_Conquer-image-2-1024x672.png 1024w, https:\/\/dev.oenobrands.com\/wp-content\/uploads\/2023\/02\/Product-_-Yeast-derivate_Anchor-range_Conquer-image-2-300x197.png 300w, https:\/\/dev.oenobrands.com\/wp-content\/uploads\/2023\/02\/Product-_-Yeast-derivate_Anchor-range_Conquer-image-2-768x504.png 768w, https:\/\/dev.oenobrands.com\/wp-content\/uploads\/2023\/02\/Product-_-Yeast-derivate_Anchor-range_Conquer-image-2.png 1152w\" sizes=\"auto, (max-width: 1024px) 100vw, 1024px\" \/><figcaption class=\"wp-element-caption\"> Prueba de preferencia sensorial con VIN 13 y <strong>Conquer<\/strong> en comparaci\u00f3n con un nutriente competidor y DAP.<\/figcaption><\/figure>\n<\/div><\/div>\n\n\n\n<div class=\"wp-block-column is-layout-flow wp-block-column-is-layout-flow\" style=\"flex-basis:6%\"><\/div>\n\n\n\n<div class=\"wp-block-column has-background is-layout-flow wp-block-column-is-layout-flow\" style=\"background-color:#f7f7f7;flex-basis:45%\">\n<div class=\"wp-block-columns is-layout-flex wp-container-core-columns-is-layout-9d6595d7 wp-block-columns-is-layout-flex\">\n<div class=\"wp-block-column is-layout-flow wp-block-column-is-layout-flow\"><div class=\"wp-block-image\">\n<figure class=\"aligncenter size-full is-resized\"><img alt=\"\" loading=\"lazy\" decoding=\"async\" width=\"522\" height=\"314\" src=\"https:\/\/dev.oenobrands.com\/wp-content\/uploads\/2024\/05\/OBweb_AO_Nutr_Conquer.jpg\" alt=\"\" class=\"wp-image-7215\" style=\"width:300px\" srcset=\"https:\/\/dev.oenobrands.com\/wp-content\/uploads\/2024\/05\/OBweb_AO_Nutr_Conquer.jpg 522w, https:\/\/dev.oenobrands.com\/wp-content\/uploads\/2024\/05\/OBweb_AO_Nutr_Conquer-300x180.jpg 300w\" sizes=\"auto, (max-width: 522px) 100vw, 522px\" \/><\/figure>\n<\/div><\/div>\n<\/div>\n\n\n\n<div style=\"height:40px\" aria-hidden=\"true\" class=\"wp-block-spacer\"><\/div>\n\n\n\n<div class=\"wp-block-group\"><div class=\"wp-block-group__inner-container is-layout-constrained wp-block-group-is-layout-constrained\">\n<p class=\"has-text-align-center\"><strong>DESCARGAR LA FICHA T\u00c9CNICA DE APLICACI\u00d3N<\/strong><\/p>\n\n\n\n<div style=\"height:20px\" aria-hidden=\"true\" class=\"wp-block-spacer\"><\/div>\n\n\n\n<div class=\"wp-block-columns is-not-stacked-on-mobile is-layout-flex wp-container-core-columns-is-layout-9d6595d7 wp-block-columns-is-layout-flex\">\n<div class=\"wp-block-column is-layout-flow wp-block-column-is-layout-flow\">\n<figure class=\"wp-block-image size-full\"><a href=\"https:\/\/dev.oenobrands.com\/wp-content\/uploads\/2024\/07\/Technical-data-sheet-Anchor-nutrient-conquer_Eng_202107_Web.pdf\" target=\"_blank\" rel=\"noreferrer noopener\"><img loading=\"lazy\" decoding=\"async\" width=\"180\" height=\"94\" src=\"https:\/\/dev.oenobrands.com\/wp-content\/uploads\/2023\/04\/flag-united-states-english-american.png\" alt=\"bandera-estados-unidos-ingl\u00e9s-americano\" class=\"wp-image-2510\"\/><\/a><\/figure>\n<\/div>\n\n\n\n<div class=\"wp-block-column is-layout-flow wp-block-column-is-layout-flow\">\n<figure class=\"wp-block-image size-full\"><a href=\"https:\/\/dev.oenobrands.com\/wp-content\/uploads\/2024\/07\/Fiche-technique-Anchor-nutrient-Conquer_Fr_202107_Web.pdf\" target=\"_blank\" rel=\"noreferrer noopener\"><img loading=\"lazy\" decoding=\"async\" width=\"180\" height=\"94\" src=\"https:\/\/dev.oenobrands.com\/wp-content\/uploads\/2023\/04\/drapeau-francais-france.png\" alt=\"drapeau flag francais france\" class=\"wp-image-2508\"\/><\/a><\/figure>\n<\/div>\n\n\n\n<div class=\"wp-block-column is-layout-flow wp-block-column-is-layout-flow\">\n<figure class=\"wp-block-image size-full is-resized\"><a href=\"https:\/\/dev.oenobrands.com\/wp-content\/uploads\/2024\/07\/Ficha-tecnica-Anchor-nutrientes-Conquer-Sp_202107_Web.pdf\" target=\"_blank\" rel=\"noreferrer noopener\"><img loading=\"lazy\" decoding=\"async\" width=\"180\" height=\"94\" src=\"https:\/\/dev.oenobrands.com\/wp-content\/uploads\/2023\/04\/bandiera-spagnola-spagna.png\" alt=\"drapeau flag bandiera spagnola spagna\" class=\"wp-image-2506\" style=\"width:38px;height:auto\"\/><\/a><\/figure>\n<\/div>\n\n\n\n<div class=\"wp-block-column is-layout-flow wp-block-column-is-layout-flow\">\n<figure class=\"wp-block-image size-full\"><a href=\"https:\/\/dev.oenobrands.com\/wp-content\/uploads\/2024\/07\/Ficha-tecnica-Anchor-nutrient-Conquer_Pt_AFV_202107_Web.pdf\" target=\"_blank\" rel=\"noreferrer noopener\"><img loading=\"lazy\" decoding=\"async\" width=\"180\" height=\"94\" src=\"https:\/\/dev.oenobrands.com\/wp-content\/uploads\/2024\/05\/Flag-drapeau-Portugal.png\" alt=\"Flag-drapeau-Portugal\" class=\"wp-image-7139\"\/><\/a><\/figure>\n<\/div>\n\n\n\n<div class=\"wp-block-column is-layout-flow wp-block-column-is-layout-flow\"><\/div>\n\n\n\n<div class=\"wp-block-column is-layout-flow wp-block-column-is-layout-flow\"><\/div>\n<\/div>\n<\/div><\/div>\n\n\n\n<hr class=\"wp-block-separator has-text-color has-alpha-channel-opacity has-background\" style=\"background-color:#162638;color:#162638\"\/>\n\n\n\n<div class=\"wp-block-buttons is-content-justification-center is-layout-flex wp-container-core-buttons-is-layout-16018d1d wp-block-buttons-is-layout-flex\">\n<div class=\"wp-block-button\"><a class=\"wp-block-button__link has-white-color has-text-color has-background has-text-align-center wp-element-button\" href=\"https:\/\/dev.oenobrands.com\/distributor\/\" style=\"background-color:#162638\" target=\"_blank\" rel=\"noreferrer noopener\">Su distribuidor<\/a><\/div>\n<\/div>\n\n\n\n<hr class=\"wp-block-separator has-text-color has-alpha-channel-opacity has-background\" style=\"background-color:#162638;color:#162638\"\/>\n\n\n\n<h3 class=\"wp-block-heading\"><strong>DOSIS<\/strong><\/h3>\n\n\n\n<p>20\u201340 g\/hL (10 g\/hL aporta 10,5 mg\/L o ppm de YAN).<\/p>\n\n\n\n<h3 class=\"wp-block-heading\"><strong>USO<\/strong><\/h3>\n\n\n\n<p>A\u00f1adir <strong>Conquer <\/strong>al inicio de la fermentaci\u00f3n, una vez completada la fase de latencia de la levadura. Si se requieren dos adiciones, aplicar la mitad de la dosis al comienzo y la segunda cuando se haya consumido la mitad del az\u00facar.  Disolver el producto en 20 veces su peso de mosto o agua templada, evitando grumos, antes de a\u00f1adirlo al dep\u00f3sito o barrica con homogeneizaci\u00f3n.<\/p>\n\n\n\n<h3 class=\"wp-block-heading\">Disponible en:<\/h3>\n\n\n\n<ul class=\"wp-block-list\">\n<li>Bolsa de 1 kg (caja: 10 \u00d7 1 kg)<\/li>\n\n\n\n<li>Bolsa de 5 kg (caja: 2 \u00d7 5 kg)<\/li>\n<\/ul>\n\n\n\n<h3 class=\"wp-block-heading\"><strong>Composici\u00f3n<\/strong><\/h3>\n\n\n\n<p>Levadura inactivada, levadura autolisada, fosfato diam\u00f3nico y tiamina.<\/p>\n\n\n\n<p>Conquer es un nutriente completo y complejo que act\u00faa como fuente de nitr\u00f3geno org\u00e1nico y mineral, adem\u00e1s de aportar tiamina. Los factores de supervivencia y crecimiento proporcionados por las materias primas org\u00e1nicas est\u00e1n f\u00e1cilmente disponibles para mejorar la capacidad de supervivencia de la levadura, incluso en condiciones dif\u00edciles. <\/p>\n\n\n\n<h3 class=\"wp-block-heading\"><strong>Conservaci\u00f3n<\/strong><\/h3>\n\n\n\n<p>Conservar en un lugar fresco, seco y bien ventilado, protegido de la luz solar directa (&lt; 20 \u00b0C); evitar la humedad y las altas temperaturas.<\/p>\n<\/div>\n<\/div>\n\n\n\n<div class=\"wp-block-group\"><div class=\"wp-block-group__inner-container is-layout-constrained wp-block-group-is-layout-constrained\">\n<div style=\"height:30px\" aria-hidden=\"true\" class=\"wp-block-spacer\"><\/div>\n\n\n\n<hr class=\"wp-block-separator has-text-color has-black-color has-alpha-channel-opacity has-black-background-color has-background\"\/>\n<\/div><\/div>\n\n\n\n<div class=\"wp-block-columns is-layout-flex wp-container-core-columns-is-layout-9d6595d7 wp-block-columns-is-layout-flex\">\n<div class=\"wp-block-column is-layout-flow wp-block-column-is-layout-flow\">\n<div class=\"wp-block-group\"><div class=\"wp-block-group__inner-container is-layout-constrained wp-block-group-is-layout-constrained\">\n<h2 class=\"wp-block-heading\"><strong><strong>Explora soluciones relacionadas<\/strong>:<\/strong><\/h2>\n\n\n\n<div style=\"height:30px\" aria-hidden=\"true\" class=\"wp-block-spacer\"><\/div>\n\n\n\n<p><strong>\u00bfBusca un enfoque m\u00e1s hol\u00edstico de la vinificaci\u00f3n?<\/strong> Descubra nuestras soluciones enol\u00f3gicas avanzadas relacionadas con Anchor Conquer.<\/p>\n\n\n\n<div style=\"height:30px\" aria-hidden=\"true\" class=\"wp-block-spacer\"><\/div>\n\n\n\n<div class=\"wp-block-columns are-vertically-aligned-center is-layout-flex wp-container-core-columns-is-layout-9d6595d7 wp-block-columns-is-layout-flex\">\n<div class=\"wp-block-column is-vertically-aligned-center is-layout-flow wp-block-column-is-layout-flow\" style=\"flex-basis:100%\">\n<div class=\"wp-block-buttons is-content-justification-center is-layout-flex wp-container-core-buttons-is-layout-16018d1d wp-block-buttons-is-layout-flex\">\n<div class=\"wp-block-button is-style-fill\"><a class=\"wp-block-button__link wp-element-button\" href=\"https:\/\/dev.oenobrands.com\/solution\/alcoholic-fermentation\/fermentation-management\/\" target=\"_blank\" rel=\"noreferrer noopener\">Gesti\u00f3n de la fermentaci\u00f3n<\/a><\/div>\n\n\n\n<div class=\"wp-block-button is-style-fill\"><a class=\"wp-block-button__link wp-element-button\" href=\"https:\/\/dev.oenobrands.com\/solution\/alcoholic-fermentation\/yeast-nutrition\/\" target=\"_blank\" rel=\"noreferrer noopener\">Nutrici\u00f3n de la levadura<\/a><\/div>\n<\/div>\n<\/div>\n<\/div>\n<\/div><\/div>\n\n\n\n<div style=\"height:30px\" aria-hidden=\"true\" class=\"wp-block-spacer\"><\/div>\n<\/div>\n\n\n\n<div class=\"wp-block-column is-layout-flow wp-block-column-is-layout-flow\">\n<h2 class=\"wp-block-heading\"><strong>\u00bfBusca otra cosa?<\/strong><\/h2>\n\n\n\n<div style=\"height:30px\" aria-hidden=\"true\" class=\"wp-block-spacer\"><\/div>\n\n\n\n<p>Visite nuestra secci\u00f3n de Soluciones, donde ofrecemos orientaci\u00f3n experta, conocimientos reconocidos y enfoques innovadores organizados seg\u00fan las etapas del proceso de vinificaci\u00f3n. <strong>Desde la fermentaci\u00f3n hasta la filtraci\u00f3n y el embotellado, le ofrecemos soluciones para mejorar cada etapa de su proceso de vinificaci\u00f3n.<\/strong><\/p>\n\n\n\n<div style=\"height:30px\" aria-hidden=\"true\" class=\"wp-block-spacer\"><\/div>\n\n\n\n<div class=\"wp-block-columns are-vertically-aligned-center is-layout-flex wp-container-core-columns-is-layout-9d6595d7 wp-block-columns-is-layout-flex\">\n<div class=\"wp-block-column is-vertically-aligned-center is-layout-flow wp-block-column-is-layout-flow\" style=\"flex-basis:100%\">\n<div class=\"wp-block-buttons is-content-justification-center is-layout-flex wp-container-core-buttons-is-layout-16018d1d wp-block-buttons-is-layout-flex\">\n<div class=\"wp-block-button is-style-fill\"><a class=\"wp-block-button__link wp-element-button\" href=\"https:\/\/dev.oenobrands.com\/solution\/\" target=\"_blank\" rel=\"noreferrer noopener\">Advanced winemaking solutions<\/a><\/div>\n<\/div>\n<\/div>\n<\/div>\n<\/div>\n<\/div>\n\n\n\n<hr class=\"wp-block-separator has-text-color has-black-color has-alpha-channel-opacity has-black-background-color has-background\"\/>\n\n\n\n<div style=\"height:30px\" aria-hidden=\"true\" class=\"wp-block-spacer\"><\/div>\n\n\n\n<div class=\"wp-block-columns is-layout-flex wp-container-core-columns-is-layout-9d6595d7 wp-block-columns-is-layout-flex\">\n<div class=\"wp-block-column is-vertically-aligned-center is-layout-flow wp-block-column-is-layout-flow\" style=\"flex-basis:30%\">\n<h1 class=\"wp-block-heading has-text-color\" style=\"color:#00205c\">Descubra la gama de nutrientes Anchor<\/h1>\n\n\n\n<div style=\"height:20px\" aria-hidden=\"true\" class=\"wp-block-spacer\"><\/div>\n\n\n\n<div class=\"wp-block-buttons is-content-justification-center is-layout-flex wp-container-core-buttons-is-layout-16018d1d wp-block-buttons-is-layout-flex\">\n<div class=\"wp-block-button\"><a class=\"wp-block-button__link has-background wp-element-button\" href=\"https:\/\/dev.oenobrands.com\/product\/yeast-derivate\/anchor-nutrients\/\" style=\"background-color:#545859\" target=\"_blank\" rel=\"noreferrer noopener\">Nutrientes Anchor<\/a><\/div>\n<\/div>\n<\/div>\n\n\n\n<div class=\"wp-block-column is-layout-flow wp-block-column-is-layout-flow\" style=\"flex-basis:10%\"><\/div>\n\n\n\n<div class=\"wp-block-column is-layout-flow wp-block-column-is-layout-flow\"><div class=\"wp-block-image\">\n<figure class=\"aligncenter size-full is-resized\"><img loading=\"lazy\" decoding=\"async\" width=\"776\" height=\"240\" src=\"https:\/\/dev.oenobrands.com\/wp-content\/uploads\/2023\/04\/Oenobrands-Anchor-logo-1.png\" alt=\"Anchor-logo\" class=\"wp-image-2447\" style=\"width:350px\" srcset=\"https:\/\/dev.oenobrands.com\/wp-content\/uploads\/2023\/04\/Oenobrands-Anchor-logo-1.png 776w, https:\/\/dev.oenobrands.com\/wp-content\/uploads\/2023\/04\/Oenobrands-Anchor-logo-1-300x93.png 300w, https:\/\/dev.oenobrands.com\/wp-content\/uploads\/2023\/04\/Oenobrands-Anchor-logo-1-768x238.png 768w\" sizes=\"auto, (max-width: 776px) 100vw, 776px\" \/><\/figure>\n<\/div><\/div>\n<\/div>\n\n\n\n<div style=\"height:50px\" aria-hidden=\"true\" class=\"wp-block-spacer\"><\/div>\n","protected":false},"excerpt":{"rendered":"<p>CONQUER Conquer forma parte de la gama de nutrientes Sustenance, utilizada para ajustar el contenido de nitr\u00f3geno y los nutrientes del vino, garantizando una fermentaci\u00f3n alcoh\u00f3lica de calidad incluso en condiciones m\u00e1s exigentes. \u00bfPOR QU\u00c9 USAR CONQUER? Conquer proporciona una fuente compleja de nitr\u00f3geno org\u00e1nico e inorg\u00e1nico durante la fermentaci\u00f3n, as\u00ed como vitaminas esenciales, minerales, [&hellip;]<\/p>\n","protected":false},"author":3,"featured_media":0,"parent":18331,"menu_order":3,"comment_status":"closed","ping_status":"closed","template":"page-product.php","meta":{"_acf_changed":false,"_seopress_robots_primary_cat":"0","_seopress_titles_title":"","_seopress_titles_desc":"","_seopress_robots_index":"","_seopress_analysis_target_kw":"","footnotes":""},"class_list":["post-18346","page","type-page","status-publish"],"acf":[],"_links":{"self":[{"href":"https:\/\/dev.oenobrands.com\/es\/wp-json\/wp\/v2\/pages\/18346","targetHints":{"allow":["GET"]}}],"collection":[{"href":"https:\/\/dev.oenobrands.com\/es\/wp-json\/wp\/v2\/pages"}],"about":[{"href":"https:\/\/dev.oenobrands.com\/es\/wp-json\/wp\/v2\/types\/page"}],"author":[{"embeddable":true,"href":"https:\/\/dev.oenobrands.com\/es\/wp-json\/wp\/v2\/users\/3"}],"replies":[{"embeddable":true,"href":"https:\/\/dev.oenobrands.com\/es\/wp-json\/wp\/v2\/comments?post=18346"}],"version-history":[{"count":0,"href":"https:\/\/dev.oenobrands.com\/es\/wp-json\/wp\/v2\/pages\/18346\/revisions"}],"up":[{"embeddable":true,"href":"https:\/\/dev.oenobrands.com\/es\/wp-json\/wp\/v2\/pages\/18331"}],"wp:attachment":[{"href":"https:\/\/dev.oenobrands.com\/es\/wp-json\/wp\/v2\/media?parent=18346"}],"curies":[{"name":"wp","href":"https:\/\/api.w.org\/{rel}","templated":true}]}}