{"id":18331,"date":"2022-10-19T21:59:40","date_gmt":"2022-10-19T19:59:40","guid":{"rendered":"https:\/\/dev.oenobrands.com\/producto\/derivado-de-levadura\/nutrientes-anchor\/"},"modified":"2025-10-16T11:44:08","modified_gmt":"2025-10-16T09:44:08","slug":"nutrientes-anchor","status":"publish","type":"page","link":"https:\/\/dev.oenobrands.com\/es\/producto\/derivado-de-levadura\/nutrientes-anchor\/","title":{"rendered":"Nutrientes ANCHOR"},"content":{"rendered":"\n<div style=\"height:50px\" aria-hidden=\"true\" class=\"wp-block-spacer\"><\/div>\n\n\n<div class=\"wp-block-image\">\n<figure class=\"aligncenter size-large is-resized\"><img alt=\"\" loading=\"lazy\" decoding=\"async\" width=\"1024\" height=\"176\" src=\"https:\/\/dev.oenobrands.com\/wp-content\/uploads\/2024\/03\/bandeau-Anchor-nutrients-1024x176.png\" alt=\"\" class=\"wp-image-6240\" style=\"width:700px;height:auto\" srcset=\"https:\/\/dev.oenobrands.com\/wp-content\/uploads\/2024\/03\/bandeau-Anchor-nutrients-1024x176.png 1024w, https:\/\/dev.oenobrands.com\/wp-content\/uploads\/2024\/03\/bandeau-Anchor-nutrients-300x52.png 300w, https:\/\/dev.oenobrands.com\/wp-content\/uploads\/2024\/03\/bandeau-Anchor-nutrients-768x132.png 768w, https:\/\/dev.oenobrands.com\/wp-content\/uploads\/2024\/03\/bandeau-Anchor-nutrients.png 1138w\" sizes=\"auto, (max-width: 1024px) 100vw, 1024px\" \/><\/figure>\n<\/div>\n\n\n<div style=\"height:50px\" aria-hidden=\"true\" class=\"wp-block-spacer\"><\/div>\n\n\n\n<p><strong>La sustentaci\u00f3n <\/strong><strong>es <\/strong>el mantenimiento de algo en la vida o existencia.<\/p>\n\n\n\n<p><br><strong>La gama Sustenance<\/strong> incluye dos productos formulados de manera \u00fanica: <mark style=\"background-color:rgba(0, 0, 0, 0);color:#d6006d\" class=\"has-inline-color\">\n  <strong>NOURISH<\/strong>\n<\/mark> y <mark style=\"background-color:rgba(0, 0, 0, 0);color:#76236c\" class=\"has-inline-color\">\n  <strong>CONQUER.<\/strong>\n<\/mark><\/p>\n\n\n\n<p>Estos cubrir\u00e1n todas las necesidades de la levadura, desde los requerimientos org\u00e1nicos hasta los inorg\u00e1nicos.<\/p>\n\n\n\n<div style=\"height:50px\" aria-hidden=\"true\" class=\"wp-block-spacer\"><\/div>\n\n\n\n<div class=\"wp-block-columns is-layout-flex wp-container-core-columns-is-layout-9d6595d7 wp-block-columns-is-layout-flex\">\n<div class=\"wp-block-column has-text-color has-link-color wp-elements-f19308c717e8e3805fab85519cd61075 is-layout-flow wp-block-column-is-layout-flow\" style=\"color:#d6006d\">\n<p><strong><mark style=\"background-color:rgba(0, 0, 0, 0);color:#d6006d\" class=\"has-inline-color\">NUTRIR<\/mark><\/strong><\/p>\n\n\n\n<p><mark style=\"background-color:rgba(0, 0, 0, 0);color:#d6006d\" class=\"has-inline-color\">Asegura la fermentaci\u00f3n y garantiza un perfil arom\u00e1tico limpio.<\/mark><\/p>\n<\/div>\n\n\n\n<div class=\"wp-block-column is-layout-flow wp-block-column-is-layout-flow\" style=\"flex-basis:6px\"><\/div>\n\n\n\n<div class=\"wp-block-column is-layout-flow wp-block-column-is-layout-flow\">\n<ul class=\"wp-block-list\">\n<li>Proporciona una fuente compleja de nitr\u00f3geno org\u00e1nico e inorg\u00e1nico.<\/li>\n\n\n\n<li>Fuente de vitaminas, minerales, amino\u00e1cidos y factores de resistencia al estr\u00e9s.<\/li>\n\n\n\n<li>Reduce el riesgo y garantiza una fermentaci\u00f3n equilibrada y completa.<\/li>\n\n\n\n<li>Previene la formaci\u00f3n de subproductos metab\u00f3licos indeseables.<\/li>\n\n\n\n<li>Mejora la calidad general del vino.<\/li>\n<\/ul>\n<\/div>\n<\/div>\n\n\n\n<div class=\"wp-block-columns is-layout-flex wp-container-core-columns-is-layout-9d6595d7 wp-block-columns-is-layout-flex\">\n<div class=\"wp-block-column has-text-color has-link-color wp-elements-aa63079be0adb85bd24f0651b84f14e4 is-layout-flow wp-block-column-is-layout-flow\" style=\"color:#76236c\">\n<p><strong><mark style=\"background-color:rgba(0, 0, 0, 0);color:#76236c\" class=\"has-inline-color\">CONQUISTAR<\/mark><\/strong><\/p>\n\n\n\n<p><mark style=\"background-color:rgba(0, 0, 0, 0);color:#76236c\" class=\"has-inline-color\">Asegura la fermentaci\u00f3n y mejora la calidad del vino.<\/mark><\/p>\n<\/div>\n\n\n\n<div class=\"wp-block-column is-layout-flow wp-block-column-is-layout-flow\" style=\"flex-basis:6px\"><\/div>\n\n\n\n<div class=\"wp-block-column is-layout-flow wp-block-column-is-layout-flow\">\n<ul class=\"wp-block-list\">\n<li>Garantiza una nutrici\u00f3n \u00f3ptima de la levadura en condiciones m\u00e1s exigentes.<\/li>\n\n\n\n<li>Aporta factores de supervivencia que apoyan la funcionalidad celular.<\/li>\n\n\n\n<li>Asegura una mayor intensidad arom\u00e1tica, equilibrio, complejidad y sabor.<\/li>\n\n\n\n<li>Da como resultado perfiles arom\u00e1ticos m\u00e1s frescos, afrutados y menos vegetales.<\/li>\n\n\n\n<li>Mejora la calidad general del vino.<\/li>\n<\/ul>\n<\/div>\n<\/div>\n\n\n\n<div style=\"height:30px\" aria-hidden=\"true\" class=\"wp-block-spacer\"><\/div>\n\n\n<div class=\"wp-block-image\">\n<figure class=\"aligncenter size-large is-resized\"><img alt=\"\" loading=\"lazy\" decoding=\"async\" width=\"1024\" height=\"163\" src=\"https:\/\/dev.oenobrands.com\/wp-content\/uploads\/2025\/10\/SP-producto-anchor-NUTRIENTES-banner-1024x163.png\" alt=\"\" class=\"wp-image-18746\" style=\"width:616px;height:auto\" srcset=\"https:\/\/dev.oenobrands.com\/wp-content\/uploads\/2025\/10\/SP-producto-anchor-NUTRIENTES-banner-1024x163.png 1024w, https:\/\/dev.oenobrands.com\/wp-content\/uploads\/2025\/10\/SP-producto-anchor-NUTRIENTES-banner-300x48.png 300w, https:\/\/dev.oenobrands.com\/wp-content\/uploads\/2025\/10\/SP-producto-anchor-NUTRIENTES-banner-768x122.png 768w, https:\/\/dev.oenobrands.com\/wp-content\/uploads\/2025\/10\/SP-producto-anchor-NUTRIENTES-banner.png 1380w\" sizes=\"auto, (max-width: 1024px) 100vw, 1024px\" \/><\/figure>\n<\/div>\n\n\n<div style=\"height:50px\" aria-hidden=\"true\" class=\"wp-block-spacer\"><\/div>\n\n\n\n<div class=\"wp-block-columns is-layout-flex wp-container-core-columns-is-layout-9d6595d7 wp-block-columns-is-layout-flex\">\n<div class=\"wp-block-column is-layout-flow wp-block-column-is-layout-flow\">\n<h2 class=\"wp-block-heading has-text-align-left\"><strong>\u00bfQu\u00e9 son los derivados de levadura?<\/strong><\/h2>\n\n\n\n<div class=\"wp-block-buttons is-content-justification-center is-layout-flex wp-container-core-buttons-is-layout-16018d1d wp-block-buttons-is-layout-flex\">\n<div class=\"wp-block-button\"><a class=\"wp-block-button__link wp-element-button\" href=\"https:\/\/dev.oenobrands.com\/yeast-derivates-production\/\" target=\"_blank\" rel=\"noreferrer noopener\">Producci\u00f3n de derivados de levadura<\/a><\/div>\n<\/div>\n\n\n\n<div style=\"height:50px\" aria-hidden=\"true\" class=\"wp-block-spacer\"><\/div>\n<\/div>\n<\/div>\n\n\n\n<h2 class=\"wp-block-heading\"><strong>Descubra nuestra gama de nutrientes Anchor.<\/strong><\/h2>\n\n\n\n<div style=\"height:50px\" aria-hidden=\"true\" class=\"wp-block-spacer\"><\/div>\n","protected":false},"excerpt":{"rendered":"<p>La sustentaci\u00f3n es el mantenimiento de algo en la vida o existencia. La gama Sustenance incluye dos productos formulados de manera \u00fanica: NOURISH y CONQUER. Estos cubrir\u00e1n todas las necesidades de la levadura, desde los requerimientos org\u00e1nicos hasta los inorg\u00e1nicos. NUTRIR Asegura la fermentaci\u00f3n y garantiza un perfil arom\u00e1tico limpio. CONQUISTAR Asegura la fermentaci\u00f3n y [&hellip;]<\/p>\n","protected":false},"author":3,"featured_media":0,"parent":18329,"menu_order":1,"comment_status":"closed","ping_status":"closed","template":"page-premier-products-list.php","meta":{"_acf_changed":false,"_seopress_robots_primary_cat":"0","_seopress_titles_title":"","_seopress_titles_desc":"","_seopress_robots_index":"","_seopress_analysis_target_kw":"","footnotes":""},"class_list":["post-18331","page","type-page","status-publish"],"acf":[],"_links":{"self":[{"href":"https:\/\/dev.oenobrands.com\/es\/wp-json\/wp\/v2\/pages\/18331","targetHints":{"allow":["GET"]}}],"collection":[{"href":"https:\/\/dev.oenobrands.com\/es\/wp-json\/wp\/v2\/pages"}],"about":[{"href":"https:\/\/dev.oenobrands.com\/es\/wp-json\/wp\/v2\/types\/page"}],"author":[{"embeddable":true,"href":"https:\/\/dev.oenobrands.com\/es\/wp-json\/wp\/v2\/users\/3"}],"replies":[{"embeddable":true,"href":"https:\/\/dev.oenobrands.com\/es\/wp-json\/wp\/v2\/comments?post=18331"}],"version-history":[{"count":0,"href":"https:\/\/dev.oenobrands.com\/es\/wp-json\/wp\/v2\/pages\/18331\/revisions"}],"up":[{"embeddable":true,"href":"https:\/\/dev.oenobrands.com\/es\/wp-json\/wp\/v2\/pages\/18329"}],"wp:attachment":[{"href":"https:\/\/dev.oenobrands.com\/es\/wp-json\/wp\/v2\/media?parent=18331"}],"curies":[{"name":"wp","href":"https:\/\/api.w.org\/{rel}","templated":true}]}}