{"id":17995,"date":"2023-02-24T16:10:29","date_gmt":"2023-02-24T15:10:29","guid":{"rendered":"https:\/\/dev.oenobrands.com\/producto\/levadura\/fermivin\/fermivin-jb3\/"},"modified":"2025-10-29T15:34:32","modified_gmt":"2025-10-29T14:34:32","slug":"fermivin-jb3","status":"publish","type":"page","link":"https:\/\/dev.oenobrands.com\/es\/producto\/levadura\/fermivin\/fermivin-jb3\/","title":{"rendered":"Fermivin JB3"},"content":{"rendered":"\n<h1 class=\"wp-block-heading has-text-color\" style=\"color:#009189\">Fermivin JB3<\/h1>\n\n<div style=\"height:30px\" aria-hidden=\"true\" class=\"wp-block-spacer\"><\/div>\n\n<h2 class=\"wp-block-heading\"><strong>VINOS BLANCOS Y ROSADOS AROM\u00c1TICOS<\/strong><\/h2>\n\n<div style=\"height:30px\" aria-hidden=\"true\" class=\"wp-block-spacer\"><\/div>\n\n<h3 class=\"wp-block-heading\"><strong>FINALIDAD<\/strong><\/h3>\n\n<p><strong>Fermivin<sup>\u00ae<\/sup> JB3<\/strong> favorece la complejidad arom\u00e1tica de los vinos procedentes de variedades neutras o consideradas poco arom\u00e1ticas (Ugni blanc, Air\u00e9n, Macabeo, Chenin blanc, etc.) y permite fermentar mostos muy clarificados.<\/p>\n\n<p>Recomendada para vinos blancos arom\u00e1ticos y florales. Esta levadura es adecuada para las vinificaciones de grandes vol\u00famenes dando lugar a vinos con un perfil arom\u00e1tico estable en el tiempo  <\/p>\n\n<div style=\"height:50px\" aria-hidden=\"true\" class=\"wp-block-spacer\"><\/div>\n\n<div class=\"wp-block-columns is-layout-flex wp-container-core-columns-is-layout-9d6595d7 wp-block-columns-is-layout-flex\">\n<div class=\"wp-block-column is-layout-flow wp-block-column-is-layout-flow\" style=\"flex-basis:45%\">\n<h3 class=\"wp-block-heading has-text-color\" style=\"color:#009189\"><strong>Notas de cata<\/strong><\/h3>\n\n\n\n<p>Nariz y boca bien armonizados que muestran una gran expresi\u00f3n arom\u00e1tica de flores y frutas<\/p>\n\n\n\n<h3 class=\"wp-block-heading has-text-color\" style=\"color:#009189\"><strong>Caracter\u00edsticas metab\u00f3licas<\/strong><\/h3>\n\n\n\n<figure class=\"wp-block-table\"><table><tbody><tr><td>Producci\u00f3n de SO2<\/td><td>&lt; 10 mg\/L<\/td><\/tr><tr><td>Producci\u00f3n de glicerol<\/td><td>4 \u2013 6 g\/L<\/td><\/tr><tr><td>Producci\u00f3n de \u00e1cido vol\u00e1til<\/td><td>&lt; 0.18 g\/L<\/td><\/tr><tr><td>Producci\u00f3n de acetaldeh\u00eddo<\/td><td>&lt; 20 mg\/L<\/td><\/tr><tr><td>Producci\u00f3n de H<sub>\u2082<\/sub>S<\/td><td>Bajo<\/td><\/tr><tr><td>Factor killer<\/td><td>Killer K2<\/td><\/tr><\/tbody><\/table><\/figure>\n\n\n\n<h3 class=\"wp-block-heading has-text-color\" style=\"color:#009189\"><strong>Propiedades enol\u00f3gicas<\/strong><\/h3>\n\n\n\n<figure class=\"wp-block-table\"><table><tbody><tr><td>Cin\u00e9tica de fermentaci\u00f3n<\/td><td>Est\u00e1ndar<\/td><\/tr><tr><td>Requerimientos de nutrientes<\/td><td>Promedio<\/td><\/tr><tr><td>Tolerancia al alcohol<\/td><td>14 % vol.<\/td><\/tr><tr><td>Rango de temperatura<\/td><td>12-24 \u00b0C, 54-75 \u00b0F<\/td><\/tr><\/tbody><\/table><\/figure>\n\n\n\n<h3 class=\"wp-block-heading has-text-color\" style=\"color:#009189\"><strong>Origen <\/strong><\/h3>\n\n\n\n<p><strong>Especie<\/strong>:<em> Saccharomyces cerevisiae<\/em> var. <em>cerevisiae<\/em>.<br\/><strong>La cepa JB3 <\/strong>fue seleccionada y validada por el CIVAM (Centre d\u2019Initiatives pour Valoriser l\u2019Agriculture et le Milieu Rural) en C\u00f3rcega (Francia).<\/p>\n\n\n\n<h3 class=\"wp-block-heading has-text-color\" style=\"color:#009189\"><strong>Ciencia y Tecnolog\u00eda<\/strong> <\/h3>\n\n\n\n<p>El metabolismo de Fermivin JB3 pfavorece una elevada producci\u00f3n de \u00e9steres de alcoholes superiores de tipo acetato de 2-feniletanol (rosa, miel) y acetato de isobutilo (pi\u00f1a).<\/p>\n\n\n<div class=\"wp-block-image is-style-zoooom\">\n<figure class=\"aligncenter size-full\"><img alt=\"\" loading=\"lazy\" decoding=\"async\" width=\"1114\" height=\"490\" src=\"https:\/\/dev.oenobrands.com\/wp-content\/uploads\/2024\/05\/Product_Fermivin-JB3-1.png\" alt=\"\" class=\"wp-image-6904\" srcset=\"https:\/\/dev.oenobrands.com\/wp-content\/uploads\/2024\/05\/Product_Fermivin-JB3-1.png 1114w, https:\/\/dev.oenobrands.com\/wp-content\/uploads\/2024\/05\/Product_Fermivin-JB3-1-300x132.png 300w, https:\/\/dev.oenobrands.com\/wp-content\/uploads\/2024\/05\/Product_Fermivin-JB3-1-1024x450.png 1024w, https:\/\/dev.oenobrands.com\/wp-content\/uploads\/2024\/05\/Product_Fermivin-JB3-1-768x338.png 768w\" sizes=\"auto, (max-width: 1114px) 100vw, 1114px\" \/><figcaption class=\"wp-element-caption\">Contenidos de 2-feniletanol y \u00e9steres et\u00edlicos en vinos blancos Vermentino elaborados en una bodega con Fermivin JB3 y con 2 cepas de referencia (C\u00f3rcega &#8211; Francia).<\/figcaption><\/figure>\n<\/div>\n\n<div class=\"wp-block-image is-style-zoooom\">\n<figure class=\"aligncenter size-full\"><img alt=\"\" loading=\"lazy\" decoding=\"async\" width=\"1117\" height=\"763\" src=\"https:\/\/dev.oenobrands.com\/wp-content\/uploads\/2024\/05\/Product_Fermivin-JB3-2.png\" alt=\"\" class=\"wp-image-6906\" srcset=\"https:\/\/dev.oenobrands.com\/wp-content\/uploads\/2024\/05\/Product_Fermivin-JB3-2.png 1117w, https:\/\/dev.oenobrands.com\/wp-content\/uploads\/2024\/05\/Product_Fermivin-JB3-2-300x205.png 300w, https:\/\/dev.oenobrands.com\/wp-content\/uploads\/2024\/05\/Product_Fermivin-JB3-2-1024x699.png 1024w, https:\/\/dev.oenobrands.com\/wp-content\/uploads\/2024\/05\/Product_Fermivin-JB3-2-768x525.png 768w\" sizes=\"auto, (max-width: 1117px) 100vw, 1117px\" \/><figcaption class=\"wp-element-caption\">Producci\u00f3n de aromas, comparando ILR Fermivin JB3 con una levadura producida de forma cl\u00e1sica.<\/figcaption><\/figure>\n<\/div>\n\n\n<p><\/p>\n\n\n\n<p><\/p>\n<\/div>\n\n\n\n<div class=\"wp-block-column is-layout-flow wp-block-column-is-layout-flow\" style=\"flex-basis:6%\"><\/div>\n\n\n\n<div class=\"wp-block-column has-background is-layout-flow wp-block-column-is-layout-flow\" style=\"background-color:#f7f7f7;flex-basis:45%\">\n<div class=\"wp-block-columns is-layout-flex wp-container-core-columns-is-layout-9d6595d7 wp-block-columns-is-layout-flex\">\n<div class=\"wp-block-column is-layout-flow wp-block-column-is-layout-flow\"><div class=\"wp-block-image\">\n<figure class=\"aligncenter size-full\"><img alt=\"\" loading=\"lazy\" decoding=\"async\" width=\"791\" height=\"295\" src=\"https:\/\/dev.oenobrands.com\/wp-content\/uploads\/2024\/05\/FERMIVIN_JB3.png\" alt=\"\" class=\"wp-image-7546\" srcset=\"https:\/\/dev.oenobrands.com\/wp-content\/uploads\/2024\/05\/FERMIVIN_JB3.png 791w, https:\/\/dev.oenobrands.com\/wp-content\/uploads\/2024\/05\/FERMIVIN_JB3-300x112.png 300w, https:\/\/dev.oenobrands.com\/wp-content\/uploads\/2024\/05\/FERMIVIN_JB3-768x286.png 768w\" sizes=\"auto, (max-width: 791px) 100vw, 791px\" \/><\/figure>\n<\/div><\/div>\n<\/div>\n\n\n\n<div style=\"height:40px\" aria-hidden=\"true\" class=\"wp-block-spacer\"><\/div>\n\n\n\n<div class=\"wp-block-group\"><div class=\"wp-block-group__inner-container is-layout-constrained wp-block-group-is-layout-constrained\">\n<p class=\"has-text-align-center\"><strong>DESCARGAR LA FICHA T\u00c9CNICA DE APLICACI\u00d3N<\/strong><\/p>\n\n\n\n<div class=\"wp-block-columns is-not-stacked-on-mobile is-layout-flex wp-container-core-columns-is-layout-9d6595d7 wp-block-columns-is-layout-flex\">\n<div class=\"wp-block-column is-layout-flow wp-block-column-is-layout-flow\">\n<figure class=\"wp-block-image size-full\"><a href=\"https:\/\/dev.oenobrands.com\/wp-content\/uploads\/2024\/07\/FERMIVIN-ADS-JB3-2023_EN_21x297_G_04.pdf\" target=\"_blank\" rel=\"noreferrer noopener\"><img loading=\"lazy\" decoding=\"async\" width=\"180\" height=\"94\" src=\"https:\/\/dev.oenobrands.com\/wp-content\/uploads\/2023\/04\/flag-united-states-english-american.png\" alt=\"bandera-estados-unidos-ingl&#xE9;s-americano\" class=\"wp-image-2510\"\/><\/a><\/figure>\n<\/div>\n\n\n\n<div class=\"wp-block-column is-layout-flow wp-block-column-is-layout-flow\">\n<figure class=\"wp-block-image size-full\"><a href=\"https:\/\/dev.oenobrands.com\/wp-content\/uploads\/2024\/07\/FERMIVIN-ADS-JB3-2024_FR_21x297_G_01.pdf\" target=\"_blank\" rel=\"noreferrer noopener\"><img loading=\"lazy\" decoding=\"async\" width=\"180\" height=\"94\" src=\"https:\/\/dev.oenobrands.com\/wp-content\/uploads\/2023\/04\/drapeau-francais-france.png\" alt=\"bandera-francesa-francia\" class=\"wp-image-2508\"\/><\/a><\/figure>\n<\/div>\n\n\n\n<div class=\"wp-block-column is-layout-flow wp-block-column-is-layout-flow\">\n<figure class=\"wp-block-image size-full\"><a href=\"https:\/\/dev.oenobrands.com\/wp-content\/uploads\/2024\/07\/FERMIVIN-ADS-JB3-2024_ES_21x297_G_01.pdf\" target=\"_blank\" rel=\"noreferrer noopener\"><img loading=\"lazy\" decoding=\"async\" width=\"180\" height=\"94\" src=\"https:\/\/dev.oenobrands.com\/wp-content\/uploads\/2023\/04\/bandiera-spagnola-spagna.png\" alt=\"bandera-espa&#xF1;ola-espa&#xF1;a\" class=\"wp-image-2506\"\/><\/a><\/figure>\n<\/div>\n\n\n\n<div class=\"wp-block-column is-layout-flow wp-block-column-is-layout-flow\">\n<figure class=\"wp-block-image size-full\"><a href=\"https:\/\/dev.oenobrands.com\/wp-content\/uploads\/2024\/07\/FERMIVIN-ADS-JB3-2023_IT_21x297_G_01.pdf\" target=\"_blank\" rel=\"noreferrer noopener\"><img loading=\"lazy\" decoding=\"async\" width=\"180\" height=\"94\" src=\"https:\/\/dev.oenobrands.com\/wp-content\/uploads\/2023\/04\/bandiera-italiana-italy.png\" alt=\"bandiera-italiana-italy\" class=\"wp-image-2512\"\/><\/a><\/figure>\n<\/div>\n\n\n\n<div class=\"wp-block-column is-layout-flow wp-block-column-is-layout-flow\">\n<figure class=\"wp-block-image size-full\"><a href=\"https:\/\/dev.oenobrands.com\/wp-content\/uploads\/2024\/07\/FERMIVIN-ADS-JB3-2024_PT_21x297_G_01.pdf\" target=\"_blank\" rel=\"noreferrer noopener\"><img loading=\"lazy\" decoding=\"async\" width=\"180\" height=\"94\" src=\"https:\/\/dev.oenobrands.com\/wp-content\/uploads\/2024\/05\/Flag-drapeau-Portugal.png\" alt=\"Flag-drapeau-Portugal\" class=\"wp-image-7139\"\/><\/a><\/figure>\n<\/div>\n\n\n\n<div class=\"wp-block-column is-layout-flow wp-block-column-is-layout-flow\">\n<figure class=\"wp-block-image size-full\"><a href=\"https:\/\/dev.oenobrands.com\/wp-content\/uploads\/2024\/10\/FERMIVIN_ADS-JB3_2023_ALL_21x297_G_02.pdf\" target=\"_blank\" rel=\"noreferrer noopener\"><img loading=\"lazy\" decoding=\"async\" width=\"180\" height=\"94\" src=\"https:\/\/dev.oenobrands.com\/wp-content\/uploads\/2023\/05\/Flagge-Deutschland.png\" alt=\"Flagge-Deutschland-flag-drapeau\" class=\"wp-image-3550\"\/><\/a><\/figure>\n<\/div>\n<\/div>\n<\/div><\/div>\n\n\n\n<hr class=\"wp-block-separator has-text-color has-alpha-channel-opacity has-background\" style=\"background-color:#162638;color:#162638\"\/>\n\n\n\n<div class=\"wp-block-buttons is-content-justification-center is-layout-flex wp-container-core-buttons-is-layout-16018d1d wp-block-buttons-is-layout-flex\">\n<div class=\"wp-block-button\"><a class=\"wp-block-button__link has-white-color has-text-color has-background has-text-align-center wp-element-button\" href=\"https:\/\/dev.oenobrands.com\/es\/nuestra-red-de-distribuidores\/\" style=\"background-color:#162638\" target=\"_blank\" rel=\"noreferrer noopener\">Su distribuidor<\/a><\/div>\n<\/div>\n\n\n\n<hr class=\"wp-block-separator has-text-color has-alpha-channel-opacity has-background\" style=\"background-color:#162638;color:#162638\"\/>\n\n\n\n<h3 class=\"wp-block-heading\"><strong>DOSIS<\/strong><\/h3>\n\n\n\n<p>20 g\/hL <\/p>\n\n\n\n<h3 class=\"wp-block-heading\"><strong><strong>Envase<\/strong><\/strong><\/h3>\n\n\n\n<p>Paquetes de 500 g sellados al vac\u00edo<\/p>\n\n\n\n<h3 class=\"wp-block-heading\"><strong>Especificaci\u00f3n<\/strong><\/h3>\n\n\n\n<p>Fermivin JB3 contiene m\u00e1s de 10 mil millones de c\u00e9lulas de levadura seca activa por gramo.<\/p>\n\n\n\n<h3 class=\"wp-block-heading\"><strong>Conservaci\u00f3n<\/strong><\/h3>\n\n\n\n<p>Debe almacenarse en su envase original sellado, en un lugar fresco (5-15 \u00b0C \/ 41-59 \u00b0F) y seco.<\/p>\n\n\n\n<p><\/p>\n<\/div>\n<\/div>\n\n<div class=\"wp-block-group\"><div class=\"wp-block-group__inner-container is-layout-constrained wp-block-group-is-layout-constrained\">\n<div style=\"height:30px\" aria-hidden=\"true\" class=\"wp-block-spacer\"><\/div>\n\n\n\n<hr class=\"wp-block-separator has-text-color has-black-color has-alpha-channel-opacity has-black-background-color has-background\"\/>\n<\/div><\/div>\n\n<div class=\"wp-block-columns is-layout-flex wp-container-core-columns-is-layout-9d6595d7 wp-block-columns-is-layout-flex\">\n<div class=\"wp-block-column is-layout-flow wp-block-column-is-layout-flow\">\n<div class=\"wp-block-group\"><div class=\"wp-block-group__inner-container is-layout-constrained wp-block-group-is-layout-constrained\">\n<h2 class=\"wp-block-heading\"><strong><strong>Explora soluciones relacionadas<\/strong>:<\/strong><\/h2>\n\n\n\n<div style=\"height:30px\" aria-hidden=\"true\" class=\"wp-block-spacer\"><\/div>\n\n\n\n<p><strong>\u00bfBusca un enfoque m\u00e1s hol\u00edstico de la vinificaci\u00f3n?<\/strong> Descubra nuestras soluciones avanzadas de vinificaci\u00f3n relacionadas con <strong>Fermivin JB3.<\/strong><\/p>\n\n\n\n<div style=\"height:30px\" aria-hidden=\"true\" class=\"wp-block-spacer\"><\/div>\n\n\n\n<div class=\"wp-block-columns are-vertically-aligned-center is-layout-flex wp-container-core-columns-is-layout-9d6595d7 wp-block-columns-is-layout-flex\">\n<div class=\"wp-block-column is-vertically-aligned-center is-layout-flow wp-block-column-is-layout-flow\" style=\"flex-basis:100%\">\n<div class=\"wp-block-buttons is-content-justification-center is-layout-flex wp-container-core-buttons-is-layout-16018d1d wp-block-buttons-is-layout-flex\">\n<div class=\"wp-block-button is-style-fill\"><a class=\"wp-block-button__link wp-element-button\" href=\"https:\/\/dev.oenobrands.com\/es\/solucion\/fermentacion-alcoholica\/inoculacion-de-levaduras\/\" target=\"_blank\" rel=\"noreferrer noopener\">Inoculaci\u00f3n de levaduras<\/a><\/div>\n\n\n\n<div class=\"wp-block-button is-style-fill\"><a class=\"wp-block-button__link wp-element-button\" href=\"https:\/\/dev.oenobrands.com\/es\/solucion\/fermentacion-alcoholica\/eleccion-de-la-levadura\/\" target=\"_blank\" rel=\"noreferrer noopener\">Elecci\u00f3n de la levadura<\/a><\/div>\n\n\n\n<div class=\"wp-block-button is-style-fill\"><a class=\"wp-block-button__link wp-element-button\" href=\"https:\/\/dev.oenobrands.com\/es\/solucion\/aroma-del-vino\/compuestos-aromaticos-positivos-clave\/\" target=\"_blank\" rel=\"noreferrer noopener\">Compuestos arom\u00e1ticos<\/a><\/div>\n<\/div>\n<\/div>\n<\/div>\n<\/div><\/div>\n\n\n\n<div style=\"height:30px\" aria-hidden=\"true\" class=\"wp-block-spacer\"><\/div>\n<\/div>\n\n\n\n<div class=\"wp-block-column is-layout-flow wp-block-column-is-layout-flow\">\n<h2 class=\"wp-block-heading\"><strong>\u00bfBusca otra cosa?<\/strong><\/h2>\n\n\n\n<div style=\"height:30px\" aria-hidden=\"true\" class=\"wp-block-spacer\"><\/div>\n\n\n\n<p>Visite nuestra secci\u00f3n de Soluciones, donde ofrecemos orientaci\u00f3n experta, conocimientos reconocidos y enfoques innovadores organizados seg\u00fan las etapas del proceso de vinificaci\u00f3n. <strong>Desde la fermentaci\u00f3n hasta la filtraci\u00f3n y el embotellado, le ofrecemos soluciones para mejorar cada etapa de su proceso de vinificaci\u00f3n.<\/strong><\/p>\n\n\n\n<div style=\"height:30px\" aria-hidden=\"true\" class=\"wp-block-spacer\"><\/div>\n\n\n\n<div class=\"wp-block-columns are-vertically-aligned-center is-layout-flex wp-container-core-columns-is-layout-9d6595d7 wp-block-columns-is-layout-flex\">\n<div class=\"wp-block-column is-vertically-aligned-center is-layout-flow wp-block-column-is-layout-flow\" style=\"flex-basis:100%\">\n<div class=\"wp-block-buttons is-content-justification-center is-layout-flex wp-container-core-buttons-is-layout-16018d1d wp-block-buttons-is-layout-flex\">\n<div class=\"wp-block-button is-style-fill\"><a class=\"wp-block-button__link wp-element-button\" href=\"https:\/\/dev.oenobrands.com\/es\/solucion\/\" target=\"_blank\" rel=\"noreferrer noopener\">Advanced winemaking solutions<\/a><\/div>\n<\/div>\n<\/div>\n<\/div>\n<\/div>\n<\/div>\n\n<hr class=\"wp-block-separator has-text-color has-black-color has-alpha-channel-opacity has-black-background-color has-background\"\/>\n\n<div style=\"height:30px\" aria-hidden=\"true\" class=\"wp-block-spacer\"><\/div>\n\n<div class=\"wp-block-columns is-layout-flex wp-container-core-columns-is-layout-9d6595d7 wp-block-columns-is-layout-flex\">\n<div class=\"wp-block-column is-vertically-aligned-center is-layout-flow wp-block-column-is-layout-flow\" style=\"flex-basis:30%\">\n<h1 class=\"wp-block-heading has-text-color\" style=\"color:#545859\">Descubre la gama de Fermivin <\/h1>\n\n\n\n<div style=\"height:20px\" aria-hidden=\"true\" class=\"wp-block-spacer\"><\/div>\n\n\n\n<div class=\"wp-block-buttons is-content-justification-center is-layout-flex wp-container-core-buttons-is-layout-16018d1d wp-block-buttons-is-layout-flex\">\n<div class=\"wp-block-button\"><a class=\"wp-block-button__link has-background wp-element-button\" href=\"https:\/\/dev.oenobrands.com\/es\/producto\/levadura\/fermivin\/\" style=\"background-color:#545859\" target=\"_blank\" rel=\"noreferrer noopener\">FERMIVIN<\/a><\/div>\n<\/div>\n<\/div>\n\n\n\n<div class=\"wp-block-column is-layout-flow wp-block-column-is-layout-flow\" style=\"flex-basis:10%\"><\/div>\n\n\n\n<div class=\"wp-block-column is-layout-flow wp-block-column-is-layout-flow\"><div class=\"wp-block-image\">\n<figure class=\"aligncenter size-full\"><img loading=\"lazy\" decoding=\"async\" width=\"350\" height=\"67\" src=\"https:\/\/dev.oenobrands.com\/wp-content\/uploads\/2023\/04\/Oenobrands-Fermivin-logo400-e1683143710792.png\" alt=\"Oenobrands-Fermivin-logo-350\" class=\"wp-image-2709\" srcset=\"https:\/\/dev.oenobrands.com\/wp-content\/uploads\/2023\/04\/Oenobrands-Fermivin-logo400-e1683143710792.png 350w, https:\/\/dev.oenobrands.com\/wp-content\/uploads\/2023\/04\/Oenobrands-Fermivin-logo400-e1683143710792-300x57.png 300w\" sizes=\"auto, (max-width: 350px) 100vw, 350px\" \/><\/figure>\n<\/div><\/div>\n<\/div>\n\n<div style=\"height:50px\" aria-hidden=\"true\" class=\"wp-block-spacer\"><\/div>\n","protected":false},"excerpt":{"rendered":"<p>Fermivin JB3 VINOS BLANCOS Y ROSADOS AROM\u00c1TICOS FINALIDAD Fermivin\u00ae JB3 favorece la complejidad arom\u00e1tica de los vinos procedentes de variedades neutras o consideradas poco arom\u00e1ticas (Ugni blanc, Air\u00e9n, Macabeo, Chenin blanc, etc.) y permite fermentar mostos muy clarificados. Recomendada para vinos blancos arom\u00e1ticos y florales. Esta levadura es adecuada para las vinificaciones de grandes vol\u00famenes [&hellip;]<\/p>\n","protected":false},"author":3,"featured_media":0,"parent":17941,"menu_order":11,"comment_status":"closed","ping_status":"closed","template":"page-product.php","meta":{"_acf_changed":false,"_seopress_robots_primary_cat":"0","_seopress_titles_title":"","_seopress_titles_desc":"","_seopress_robots_index":"","_seopress_analysis_target_kw":"","footnotes":""},"class_list":["post-17995","page","type-page","status-publish"],"acf":[],"_links":{"self":[{"href":"https:\/\/dev.oenobrands.com\/es\/wp-json\/wp\/v2\/pages\/17995","targetHints":{"allow":["GET"]}}],"collection":[{"href":"https:\/\/dev.oenobrands.com\/es\/wp-json\/wp\/v2\/pages"}],"about":[{"href":"https:\/\/dev.oenobrands.com\/es\/wp-json\/wp\/v2\/types\/page"}],"author":[{"embeddable":true,"href":"https:\/\/dev.oenobrands.com\/es\/wp-json\/wp\/v2\/users\/3"}],"replies":[{"embeddable":true,"href":"https:\/\/dev.oenobrands.com\/es\/wp-json\/wp\/v2\/comments?post=17995"}],"version-history":[{"count":0,"href":"https:\/\/dev.oenobrands.com\/es\/wp-json\/wp\/v2\/pages\/17995\/revisions"}],"up":[{"embeddable":true,"href":"https:\/\/dev.oenobrands.com\/es\/wp-json\/wp\/v2\/pages\/17941"}],"wp:attachment":[{"href":"https:\/\/dev.oenobrands.com\/es\/wp-json\/wp\/v2\/media?parent=17995"}],"curies":[{"name":"wp","href":"https:\/\/api.w.org\/{rel}","templated":true}]}}