{"id":17932,"date":"2025-04-19T10:55:00","date_gmt":"2025-04-19T08:55:00","guid":{"rendered":"https:\/\/dev.oenobrands.com\/producto\/enzyma\/rapidase\/rapidase-fresh-berry\/"},"modified":"2025-10-29T10:52:15","modified_gmt":"2025-10-29T09:52:15","slug":"rapidase-fresh-berry","status":"publish","type":"page","link":"https:\/\/dev.oenobrands.com\/es\/producto\/enzyma\/rapidase\/rapidase-fresh-berry\/","title":{"rendered":"Rapidase Fresh Berry"},"content":{"rendered":"\n<h1 class=\"wp-block-heading has-text-color\" style=\"color:#701f7f\">Rapidase Fresh Berry<\/h1>\n\n\n\n<div style=\"height:30px\" aria-hidden=\"true\" class=\"wp-block-spacer\"><\/div>\n\n\n\n<h2 class=\"wp-block-heading has-text-color\" style=\"color:#701f7f\"><strong>Enzima para mejorar la intensidad y calidad arom\u00e1tica en vinos tintos frescos y modernos<\/strong><\/h2>\n\n\n\n<div style=\"height:30px\" aria-hidden=\"true\" class=\"wp-block-spacer\"><\/div>\n\n\n\n<p>Rapidase\u00ae Fresh Berry revela aromas vibrantes de bayas rojas y negras, junto con notas florales y especiadas. Tambi\u00e9n ayuda a crear un vino bien equilibrado con un cuerpo mejorado y un color preservado.<\/p>\n\n\n\n<div style=\"height:50px\" aria-hidden=\"true\" class=\"wp-block-spacer\"><\/div>\n\n\n\n<div class=\"wp-block-columns is-layout-flex wp-container-core-columns-is-layout-9d6595d7 wp-block-columns-is-layout-flex\">\n<div class=\"wp-block-column is-layout-flow wp-block-column-is-layout-flow\" style=\"flex-basis:45%\">\n<h3 class=\"wp-block-heading has-text-color\" style=\"color:#701f7f\"><strong>Composici\u00f3n<\/strong><\/h3>\n\n\n\n<p><strong>La enzima imprescindible para vinos tintos que demanda el mercado.<\/strong><\/p>\n\n\n\n<p>Los perfiles tradicionales de los vinos tintos ya no cumplen con las expectativas de los consumidores. El consumo mundial de vino tinto est\u00e1 disminuyendo y orient\u00e1ndose hacia momentos de consumo fuera de las comidas. Esta tendencia est\u00e1 impulsando la demanda de vinos con aromas frescos y afrutados.<\/p>\n\n\n\n<p><br><strong>Rapidase Fresh Berry <\/strong>es una formulaci\u00f3n enzim\u00e1tica l\u00edquida con un amplio espectro de actividades para aumentar la intensidad y la calidad arom\u00e1tica de los vinos tintos modernos, frescos y equilibrados.<br><strong>Rapidase Fresh Berry<\/strong> contiene naturalmente niveles insignificantes de Cinamil esterasa (nFCE).<\/p>\n\n\n\n<h3 class=\"wp-block-heading has-text-color\" style=\"color:#701f7f\"><strong>Probado y Validado<\/strong><\/h3>\n\n\n\n<p>Con el fin de ofrecer la mayor eficacia durante su aplicaci\u00f3n, todas las formulaciones Rapidase<sup>\u00ae<\/sup> son desarrolladas y probadas en colaboraci\u00f3n con los institutos de investigaci\u00f3n enol\u00f3gica de mayor renombre y prestigio a nivel mundial, y validadas a escala industrial en bodega.<\/p>\n\n\n\n<div style=\"height:30px\" aria-hidden=\"true\" class=\"wp-block-spacer\"><\/div>\n\n\n<div class=\"wp-block-image is-style-zoooom\">\n<figure class=\"aligncenter size-full is-resized\"><img alt=\"\" loading=\"lazy\" decoding=\"async\" width=\"592\" height=\"550\" src=\"https:\/\/dev.oenobrands.com\/wp-content\/uploads\/2025\/04\/Product_Rapidase-Fresh-Berry-1.png\" alt=\"\" class=\"wp-image-16378\" style=\"width:350px\" srcset=\"https:\/\/dev.oenobrands.com\/wp-content\/uploads\/2025\/04\/Product_Rapidase-Fresh-Berry-1.png 592w, https:\/\/dev.oenobrands.com\/wp-content\/uploads\/2025\/04\/Product_Rapidase-Fresh-Berry-1-300x279.png 300w\" sizes=\"auto, (max-width: 592px) 100vw, 592px\" \/><figcaption class=\"wp-element-caption\">Contribuci\u00f3n sensorial de Rapidase Fresh Berry en Garnacha a 2 mL\/hL (Excell Ib\u00e9rica, Espa\u00f1a, 2023)<\/figcaption><\/figure>\n<\/div>\n\n\n<div style=\"height:30px\" aria-hidden=\"true\" class=\"wp-block-spacer\"><\/div>\n\n\n<div class=\"wp-block-image is-style-zoooom\">\n<figure class=\"aligncenter size-full is-resized\"><img alt=\"\" loading=\"lazy\" decoding=\"async\" width=\"669\" height=\"538\" src=\"https:\/\/dev.oenobrands.com\/wp-content\/uploads\/2025\/04\/Product_Rapidase-Fresh-Berry-2.png\" alt=\"\" class=\"wp-image-16374\" style=\"width:400px\" srcset=\"https:\/\/dev.oenobrands.com\/wp-content\/uploads\/2025\/04\/Product_Rapidase-Fresh-Berry-2.png 669w, https:\/\/dev.oenobrands.com\/wp-content\/uploads\/2025\/04\/Product_Rapidase-Fresh-Berry-2-300x241.png 300w\" sizes=\"auto, (max-width: 669px) 100vw, 669px\" \/><figcaption class=\"wp-element-caption\">Contribuci\u00f3n sensorial de Rapidase\u00ae Fresh Berry en Merlot a 2 mL\/hL (BRI, Nueva Zelanda, 2024).<\/figcaption><\/figure>\n<\/div>\n\n\n<div style=\"height:30px\" aria-hidden=\"true\" class=\"wp-block-spacer\"><\/div>\n\n\n\n<p>Nuestro personal t\u00e9cnico y de ventas est\u00e1 disponible para proporcionarle los resultados de las pruebas, as\u00ed como para ayudarle a conseguir los mejores resultados con nuestros productos en las condiciones espec\u00edficas de su bodega.<\/p>\n<\/div>\n\n\n\n<div class=\"wp-block-column is-layout-flow wp-block-column-is-layout-flow\" style=\"flex-basis:6%\"><\/div>\n\n\n\n<div class=\"wp-block-column has-background is-layout-flow wp-block-column-is-layout-flow\" style=\"background-color:#f7f7f7;flex-basis:45%\">\n<div class=\"wp-block-columns is-layout-flex wp-container-core-columns-is-layout-9d6595d7 wp-block-columns-is-layout-flex\">\n<div class=\"wp-block-column is-layout-flow wp-block-column-is-layout-flow\"><div class=\"wp-block-image\">\n<figure class=\"aligncenter size-full\"><img alt=\"\" loading=\"lazy\" decoding=\"async\" width=\"2300\" height=\"370\" src=\"https:\/\/dev.oenobrands.com\/wp-content\/uploads\/2025\/05\/Rapidase_Freh-Berry.png\" alt=\"\" class=\"wp-image-16504\" srcset=\"https:\/\/dev.oenobrands.com\/wp-content\/uploads\/2025\/05\/Rapidase_Freh-Berry.png 2300w, https:\/\/dev.oenobrands.com\/wp-content\/uploads\/2025\/05\/Rapidase_Freh-Berry-300x48.png 300w, https:\/\/dev.oenobrands.com\/wp-content\/uploads\/2025\/05\/Rapidase_Freh-Berry-1024x165.png 1024w, https:\/\/dev.oenobrands.com\/wp-content\/uploads\/2025\/05\/Rapidase_Freh-Berry-768x124.png 768w, https:\/\/dev.oenobrands.com\/wp-content\/uploads\/2025\/05\/Rapidase_Freh-Berry-1536x247.png 1536w, https:\/\/dev.oenobrands.com\/wp-content\/uploads\/2025\/05\/Rapidase_Freh-Berry-2048x329.png 2048w\" sizes=\"auto, (max-width: 2300px) 100vw, 2300px\" \/><\/figure>\n<\/div><\/div>\n<\/div>\n\n\n\n<div style=\"height:40px\" aria-hidden=\"true\" class=\"wp-block-spacer\"><\/div>\n\n\n\n<div class=\"wp-block-columns is-not-stacked-on-mobile is-layout-flex wp-container-core-columns-is-layout-9d6595d7 wp-block-columns-is-layout-flex\">\n<div class=\"wp-block-column is-layout-flow wp-block-column-is-layout-flow\">\n<figure class=\"wp-block-image size-full\"><a href=\"https:\/\/dev.oenobrands.com\/wp-content\/uploads\/2025\/05\/RAPIDASE-ADS-EN-Fresh-Berry-2025-A4_G_03.pdf\" target=\"_blank\" rel=\"noreferrer noopener\"><img loading=\"lazy\" decoding=\"async\" width=\"180\" height=\"94\" src=\"https:\/\/dev.oenobrands.com\/wp-content\/uploads\/2023\/04\/flag-united-states-english-american.png\" alt=\"drapeau flag usa english american\" class=\"wp-image-2510\"\/><\/a><\/figure>\n<\/div>\n\n\n\n<div class=\"wp-block-column is-layout-flow wp-block-column-is-layout-flow\">\n<figure class=\"wp-block-image size-full\"><a href=\"https:\/\/dev.oenobrands.com\/wp-content\/uploads\/2025\/05\/RAPIDASE-ADS-FR-Fresh-Berry-2025_A4_G_01.pdf\" target=\"_blank\" rel=\"noreferrer noopener\"><img loading=\"lazy\" decoding=\"async\" width=\"180\" height=\"94\" src=\"https:\/\/dev.oenobrands.com\/wp-content\/uploads\/2023\/04\/drapeau-francais-france.png\" alt=\"drapeau flag francais france\" class=\"wp-image-2508\"\/><\/a><\/figure>\n<\/div>\n\n\n\n<div class=\"wp-block-column is-layout-flow wp-block-column-is-layout-flow\">\n<figure class=\"wp-block-image size-full\"><a href=\"https:\/\/dev.oenobrands.com\/wp-content\/uploads\/2025\/05\/RAPIDASE-ADS-ES-Fresh-Berry-2025_A4_G_01-1.pdf\" target=\"_blank\" rel=\"noreferrer noopener\"><img loading=\"lazy\" decoding=\"async\" width=\"180\" height=\"94\" src=\"https:\/\/dev.oenobrands.com\/wp-content\/uploads\/2023\/04\/bandiera-spagnola-spagna.png\" alt=\"drapeau flag bandiera spagnola spagna\" class=\"wp-image-2506\"\/><\/a><\/figure>\n<\/div>\n\n\n\n<div class=\"wp-block-column is-layout-flow wp-block-column-is-layout-flow\">\n<figure class=\"wp-block-image size-full\"><a href=\"https:\/\/dev.oenobrands.com\/wp-content\/uploads\/2025\/05\/RAPIDASE-ADS-IT-Fresh-Berry-2025_A4_G_01.pdf\" target=\"_blank\" rel=\"noreferrer noopener\"><img loading=\"lazy\" decoding=\"async\" width=\"180\" height=\"94\" src=\"https:\/\/dev.oenobrands.com\/wp-content\/uploads\/2023\/04\/bandiera-italiana-italy.png\" alt=\"drapeau flag bandiera italiana italy\" class=\"wp-image-2512\"\/><\/a><\/figure>\n<\/div>\n\n\n\n<div class=\"wp-block-column is-layout-flow wp-block-column-is-layout-flow\">\n<figure class=\"wp-block-image size-full\"><a href=\"https:\/\/dev.oenobrands.com\/wp-content\/uploads\/2025\/05\/RAPIDASE-ADS-PT-Fresh-Berry-2025-A4-Freitas-G-01.pdf\" target=\"_blank\" rel=\" noreferrer noopener\"><img loading=\"lazy\" decoding=\"async\" width=\"180\" height=\"94\" src=\"https:\/\/dev.oenobrands.com\/wp-content\/uploads\/2024\/05\/Flag-drapeau-Portugal.png\" alt=\"Flag-drapeau-Portugal\" class=\"wp-image-7139\"\/><\/a><\/figure>\n<\/div>\n\n\n\n<div class=\"wp-block-column is-layout-flow wp-block-column-is-layout-flow\">\n<figure class=\"wp-block-image size-full\"><a href=\"https:\/\/dev.oenobrands.com\/wp-content\/uploads\/2025\/05\/RAPIDASE-ADS-ALL-Fresh-Berry-2025-A4-G-04.pdf\" target=\"_blank\" rel=\"noreferrer noopener\"><img loading=\"lazy\" decoding=\"async\" width=\"180\" height=\"94\" src=\"https:\/\/dev.oenobrands.com\/wp-content\/uploads\/2023\/05\/Flagge-Deutschland.png\" alt=\"Flagge-Deutschland\" class=\"wp-image-3550\"\/><\/a><\/figure>\n<\/div>\n<\/div>\n\n\n\n<div class=\"wp-block-columns is-not-stacked-on-mobile is-layout-flex wp-container-core-columns-is-layout-9d6595d7 wp-block-columns-is-layout-flex\">\n<div class=\"wp-block-column is-layout-flow wp-block-column-is-layout-flow\">\n<figure class=\"wp-block-image size-full\"><a href=\"https:\/\/dev.oenobrands.com\/wp-content\/uploads\/2025\/05\/RAPIDASE-ADS-RO-Fresh-Berry-2025_A4_G_01.pdf\" target=\"_blank\" rel=\"noreferrer noopener\"><img loading=\"lazy\" decoding=\"async\" width=\"180\" height=\"94\" src=\"https:\/\/dev.oenobrands.com\/wp-content\/uploads\/2024\/05\/Flag-drapeau-Roumanie.png\" alt=\"Flag-drapeau-Roumanie\" class=\"wp-image-7145\"\/><\/a><\/figure>\n<\/div>\n\n\n\n<div class=\"wp-block-column is-layout-flow wp-block-column-is-layout-flow\">\n<figure class=\"wp-block-image size-full\"><a href=\"https:\/\/dev.oenobrands.com\/wp-content\/uploads\/2025\/05\/RAPIDASE-ADS-CZ-Fresh-Berry-2025-A4-Biopro-G-01.pdf\" target=\"_blank\" rel=\" noreferrer noopener\"><img loading=\"lazy\" decoding=\"async\" width=\"180\" height=\"94\" src=\"https:\/\/dev.oenobrands.com\/wp-content\/uploads\/2023\/05\/Flag-vlajka-Czech-Republic.png\" alt=\"Flag-vlajka-Czech-Republic-drapeau\" class=\"wp-image-3548\"\/><\/a><\/figure>\n<\/div>\n\n\n\n<div class=\"wp-block-column is-layout-flow wp-block-column-is-layout-flow\">\n<figure class=\"wp-block-image size-full\"><a href=\"https:\/\/dev.oenobrands.com\/wp-content\/uploads\/2025\/05\/RAPIDASE-ADS-BUL-Fresh-Berry-2025_A4_G_01.pdf\" target=\"_blank\" rel=\"noreferrer noopener\"><img alt=\"\" loading=\"lazy\" decoding=\"async\" width=\"180\" height=\"94\" src=\"https:\/\/dev.oenobrands.com\/wp-content\/uploads\/2024\/05\/flag-drapeau-bulgarie.png\" alt=\"\" class=\"wp-image-7141\"\/><\/a><\/figure>\n<\/div>\n\n\n\n<div class=\"wp-block-column is-layout-flow wp-block-column-is-layout-flow\">\n<figure class=\"wp-block-image size-full\"><a href=\"https:\/\/dev.oenobrands.com\/wp-content\/uploads\/2025\/05\/RAPIDASE-ADS-GR-Fresh-Berry-2025_A4_G_02.pdf\" target=\"_blank\" rel=\"noreferrer noopener\"><img loading=\"lazy\" decoding=\"async\" width=\"180\" height=\"94\" src=\"https:\/\/dev.oenobrands.com\/wp-content\/uploads\/2024\/07\/flag-greece-drapeaux.png\" alt=\"flag-greece-drapeaux\" class=\"wp-image-11801\"\/><\/a><\/figure>\n<\/div>\n\n\n\n<div class=\"wp-block-column is-layout-flow wp-block-column-is-layout-flow\"><\/div>\n\n\n\n<div class=\"wp-block-column is-layout-flow wp-block-column-is-layout-flow\"><\/div>\n<\/div>\n\n\n\n<hr class=\"wp-block-separator has-text-color has-black-color has-alpha-channel-opacity has-black-background-color has-background\"\/>\n\n\n\n<div class=\"wp-block-buttons is-content-justification-center is-layout-flex wp-container-core-buttons-is-layout-16018d1d wp-block-buttons-is-layout-flex\">\n<div class=\"wp-block-button\"><a class=\"wp-block-button__link wp-element-button\" href=\"https:\/\/dev.oenobrands.com\/es\/nuestra-red-de-distribuidores\/\">SU DISTRIBUIDOR<\/a><\/div>\n<\/div>\n\n\n\n<hr class=\"wp-block-separator has-text-color has-black-color has-alpha-channel-opacity has-black-background-color has-background\"\/>\n\n\n\n<h3 class=\"wp-block-heading has-text-color\" style=\"color:#701f7f\"><strong>Instrucciones de uso y dosificaci\u00f3n<\/strong><\/h3>\n\n\n\n<ul class=\"wp-block-list\">\n<li>A\u00f1adir lo antes posible en la estrujadora o durante la maceraci\u00f3n.<\/li>\n\n\n\n<li>Diluir 10 veces antes de la adici\u00f3n.<\/li>\n<\/ul>\n\n\n\n<p class=\"has-text-align-left\"><strong>UVAS TINTAS<\/strong><\/p>\n\n\n\n<figure class=\"wp-block-table aligncenter\"><table class=\"has-fixed-layout\"><thead><tr><th class=\"has-text-align-center\" data-align=\"center\">T\u00aa<\/th><th class=\"has-text-align-center\" data-align=\"center\">Dosis<\/th><\/tr><\/thead><tbody><tr><td class=\"has-text-align-center\" data-align=\"center\">8-12 \u00b0C<br>(Cuando se a\u00f1ade antes de un remojo en fr\u00edo prefermentativo)<\/td><td class=\"has-text-align-center\" data-align=\"center\">3 mL\/100 Kg<\/td><\/tr><tr><td class=\"has-text-align-center\" data-align=\"center\">20-25 \u00b0C<br>(Cuando se a\u00f1ade antes de la maceraci\u00f3n\/fermentaci\u00f3n tradicional)<\/td><td class=\"has-text-align-center\" data-align=\"center\">2 mL\/100 Kg<\/td><\/tr><\/tbody><\/table><figcaption class=\"wp-element-caption\"><strong>COMENTARIOS<\/strong>: <strong>Utilizar Rapidase Fresh Berry en uvas tintas cualitativas, evitando t\u00e9cnicas de maceraci\u00f3n pesada como el delestage y temperaturas &gt;26 \u00b0C<\/strong>.<\/figcaption><\/figure>\n\n\n\n<p class=\"has-text-align-center\"><\/p>\n\n\n\n<p><strong>Note<\/strong>: Para uvas de piel gruesa o cosecha temprana: 3 mL\/100 Kg.<\/p>\n\n\n\n<div style=\"height:30px\" aria-hidden=\"true\" class=\"wp-block-spacer\"><\/div>\n\n\n\n<ul class=\"wp-block-list\">\n<li>Activo de 10 a 50 \u00b0C (50 a 122 \u00b0F), la actividad aumenta con la temperatura. Las temperaturas por encima de 55 \u00b0C inactivan <strong>Rapidase Fresh Berry<\/strong>.<\/li>\n\n\n\n<li>Activo dentro del rango de pH del vino y en presencia de concentraciones normales de SO\u2082.<\/li>\n\n\n\n<li>Eliminado por bentonita.<\/li>\n<\/ul>\n\n\n\n<h3 class=\"wp-block-heading has-text-color\" style=\"color:#701f7f\"><strong>Envase<\/strong><\/h3>\n\n\n\n<p><strong>Rapidase Fresh Berry<\/strong> Disponible en bidones de pl\u00e1stico de 1 kg.<\/p>\n\n\n\n<h3 class=\"wp-block-heading has-text-color\" style=\"color:#701f7f\"><strong>Conservaci\u00f3n<\/strong><\/h3>\n\n\n\n<p>Cons\u00e9rvese refrigerado entre 4 y 8 \u00b0C.<\/p>\n<\/div>\n<\/div>\n\n\n\n<div class=\"wp-block-group\"><div class=\"wp-block-group__inner-container is-layout-constrained wp-block-group-is-layout-constrained\">\n<div style=\"height:30px\" aria-hidden=\"true\" class=\"wp-block-spacer\"><\/div>\n\n\n\n<hr class=\"wp-block-separator has-text-color has-black-color has-alpha-channel-opacity has-black-background-color has-background\"\/>\n<\/div><\/div>\n\n\n\n<div class=\"wp-block-columns is-layout-flex wp-container-core-columns-is-layout-9d6595d7 wp-block-columns-is-layout-flex\">\n<div class=\"wp-block-column is-layout-flow wp-block-column-is-layout-flow\">\n<div class=\"wp-block-group\"><div class=\"wp-block-group__inner-container is-layout-constrained wp-block-group-is-layout-constrained\">\n<h2 class=\"wp-block-heading\"><strong><strong>Descubra soluciones relacionadas:<\/strong> <\/strong><\/h2>\n\n\n\n<div style=\"height:30px\" aria-hidden=\"true\" class=\"wp-block-spacer\"><\/div>\n\n\n\n<p><strong>\u00bfBusca un enfoque m\u00e1s hol\u00edstico de la vinificaci\u00f3n?<\/strong> Descubra nuestras soluciones avanzadas de vinificaci\u00f3n relacionadas con <strong>Rapidase Fresh Berry.<\/strong><\/p>\n\n\n\n<div style=\"height:30px\" aria-hidden=\"true\" class=\"wp-block-spacer\"><\/div>\n\n\n\n<div class=\"wp-block-columns are-vertically-aligned-center is-layout-flex wp-container-core-columns-is-layout-9d6595d7 wp-block-columns-is-layout-flex\">\n<div class=\"wp-block-column is-vertically-aligned-center is-layout-flow wp-block-column-is-layout-flow\" style=\"flex-basis:100%\">\n<div class=\"wp-block-buttons is-content-justification-center is-layout-flex wp-container-core-buttons-is-layout-16018d1d wp-block-buttons-is-layout-flex\">\n<div class=\"wp-block-button is-style-fill\"><a class=\"wp-block-button__link wp-element-button\" href=\"https:\/\/dev.oenobrands.com\/es\/solucion\/aroma-del-vino\/extraccion-de-aromas-de-la-uva\/\" target=\"_blank\" rel=\"noreferrer noopener\">Extracci\u00f3n de aromas<\/a><\/div>\n\n\n\n<div class=\"wp-block-button is-style-fill\"><a class=\"wp-block-button__link wp-element-button\" href=\"https:\/\/dev.oenobrands.com\/es\/solucion\/color\/extraccion-de-color-de-la-uva\/\" target=\"_blank\" rel=\"noreferrer noopener\">Extracci\u00f3n del color<\/a><\/div>\n\n\n\n<div class=\"wp-block-button is-style-fill\"><a class=\"wp-block-button__link wp-element-button\" href=\"https:\/\/dev.oenobrands.com\/es\/solucion\/aroma-del-vino\/compuestos-aromaticos-positivos-clave\/\" target=\"_blank\" rel=\"noreferrer noopener\">Compuestos arom\u00e1ticos<\/a><\/div>\n<\/div>\n<\/div>\n<\/div>\n<\/div><\/div>\n\n\n\n<div style=\"height:30px\" aria-hidden=\"true\" class=\"wp-block-spacer\"><\/div>\n<\/div>\n\n\n\n<div class=\"wp-block-column is-layout-flow wp-block-column-is-layout-flow\">\n<h2 class=\"wp-block-heading\"><strong>\u00bfBusca otra cosa?<\/strong><\/h2>\n\n\n\n<div style=\"height:30px\" aria-hidden=\"true\" class=\"wp-block-spacer\"><\/div>\n\n\n\n<p>Visite nuestra secci\u00f3n de Soluciones, donde ofrecemos orientaci\u00f3n experta, conocimientos reconocidos y enfoques innovadores organizados seg\u00fan las etapas del proceso de vinificaci\u00f3n. <strong>Desde la fermentaci\u00f3n hasta la filtraci\u00f3n y el embotellado, le ofrecemos soluciones para mejorar cada etapa de su proceso de vinificaci\u00f3n.<\/strong><\/p>\n\n\n\n<div style=\"height:30px\" aria-hidden=\"true\" class=\"wp-block-spacer\"><\/div>\n\n\n\n<div class=\"wp-block-columns are-vertically-aligned-center is-layout-flex wp-container-core-columns-is-layout-9d6595d7 wp-block-columns-is-layout-flex\">\n<div class=\"wp-block-column is-vertically-aligned-center is-layout-flow wp-block-column-is-layout-flow\" style=\"flex-basis:100%\">\n<div class=\"wp-block-buttons is-content-justification-center is-layout-flex wp-container-core-buttons-is-layout-16018d1d wp-block-buttons-is-layout-flex\">\n<div class=\"wp-block-button is-style-fill\"><a class=\"wp-block-button__link wp-element-button\" href=\"https:\/\/dev.oenobrands.com\/es\/solucion\/\" target=\"_blank\" rel=\"noreferrer noopener\">Advanced winemaking solutions<\/a><\/div>\n<\/div>\n<\/div>\n<\/div>\n<\/div>\n<\/div>\n\n\n\n<hr class=\"wp-block-separator has-alpha-channel-opacity\"\/>\n\n\n\n<div style=\"height:30px\" aria-hidden=\"true\" class=\"wp-block-spacer\"><\/div>\n\n\n\n<div class=\"wp-block-columns is-layout-flex wp-container-core-columns-is-layout-9d6595d7 wp-block-columns-is-layout-flex\">\n<div class=\"wp-block-column is-vertically-aligned-center is-layout-flow wp-block-column-is-layout-flow\" style=\"flex-basis:30%\">\n<h1 class=\"wp-block-heading has-text-color\" style=\"color:#545859\">Descubre la gama RAPIDASE<\/h1>\n\n\n\n<div style=\"height:30px\" aria-hidden=\"true\" class=\"wp-block-spacer\"><\/div>\n\n\n\n<div class=\"wp-block-buttons is-content-justification-center is-layout-flex wp-container-core-buttons-is-layout-16018d1d wp-block-buttons-is-layout-flex\">\n<div class=\"wp-block-button\"><a class=\"wp-block-button__link has-background wp-element-button\" href=\"https:\/\/dev.oenobrands.com\/es\/producto\/enzyma\/rapidase\/\" style=\"background-color:#545859\" target=\"_blank\" rel=\"noreferrer noopener\">RAPIDASE<\/a><\/div>\n<\/div>\n<\/div>\n\n\n\n<div class=\"wp-block-column is-layout-flow wp-block-column-is-layout-flow\"><div class=\"wp-block-image\">\n<figure class=\"aligncenter size-full\"><img decoding=\"async\" src=\"https:\/\/dev.oenobrands.com\/wp-content\/uploads\/2023\/05\/OENOBRANDS-Rapidase-bandeau.png\" alt=\"OENOBRANDS-Rapidase-bandeau\" class=\"wp-image-4529\"\/><\/figure>\n<\/div><\/div>\n<\/div>\n\n\n\n<div style=\"height:50px\" aria-hidden=\"true\" class=\"wp-block-spacer\"><\/div>\n","protected":false},"excerpt":{"rendered":"<p>Rapidase Fresh Berry Enzima para mejorar la intensidad y calidad arom\u00e1tica en vinos tintos frescos y modernos Rapidase\u00ae Fresh Berry revela aromas vibrantes de bayas rojas y negras, junto con notas florales y especiadas. Tambi\u00e9n ayuda a crear un vino bien equilibrado con un cuerpo mejorado y un color preservado. Composici\u00f3n La enzima imprescindible para [&hellip;]<\/p>\n","protected":false},"author":3,"featured_media":0,"parent":16310,"menu_order":0,"comment_status":"closed","ping_status":"closed","template":"","meta":{"_acf_changed":false,"_seopress_robots_primary_cat":"0","_seopress_titles_title":"","_seopress_titles_desc":"","_seopress_robots_index":"","_seopress_analysis_target_kw":"","footnotes":""},"class_list":["post-17932","page","type-page","status-publish"],"acf":[],"_links":{"self":[{"href":"https:\/\/dev.oenobrands.com\/es\/wp-json\/wp\/v2\/pages\/17932","targetHints":{"allow":["GET"]}}],"collection":[{"href":"https:\/\/dev.oenobrands.com\/es\/wp-json\/wp\/v2\/pages"}],"about":[{"href":"https:\/\/dev.oenobrands.com\/es\/wp-json\/wp\/v2\/types\/page"}],"author":[{"embeddable":true,"href":"https:\/\/dev.oenobrands.com\/es\/wp-json\/wp\/v2\/users\/3"}],"replies":[{"embeddable":true,"href":"https:\/\/dev.oenobrands.com\/es\/wp-json\/wp\/v2\/comments?post=17932"}],"version-history":[{"count":0,"href":"https:\/\/dev.oenobrands.com\/es\/wp-json\/wp\/v2\/pages\/17932\/revisions"}],"up":[{"embeddable":true,"href":"https:\/\/dev.oenobrands.com\/es\/wp-json\/wp\/v2\/pages\/16310"}],"wp:attachment":[{"href":"https:\/\/dev.oenobrands.com\/es\/wp-json\/wp\/v2\/media?parent=17932"}],"curies":[{"name":"wp","href":"https:\/\/api.w.org\/{rel}","templated":true}]}}