{"id":16488,"date":"2022-10-19T22:11:27","date_gmt":"2022-10-19T20:11:27","guid":{"rendered":"https:\/\/dev.oenobrands.com\/producto\/enzyma\/rapidase\/rapidase-glucanfree\/"},"modified":"2025-12-11T12:40:20","modified_gmt":"2025-12-11T11:40:20","slug":"rapidase-glucanfree","status":"publish","type":"page","link":"https:\/\/dev.oenobrands.com\/es\/producto\/enzyma\/rapidase\/rapidase-glucanfree\/","title":{"rendered":"Rapidase GlucanFree"},"content":{"rendered":"\n<h1 class=\"wp-block-heading has-text-color has-link-color wp-elements-fa06495583323eeac98e55f284e6d96b\" style=\"color:#69dbc8\">Rapidase GlucanFree<\/h1>\n\n\n\n<div style=\"height:30px\" aria-hidden=\"true\" class=\"wp-block-spacer\"><\/div>\n\n\n\n<h2 class=\"wp-block-heading\"><strong>Enzima para la degradaci\u00f3n de los \u03b2-glucanos producidos por Botrytis en mostos y vinos<\/strong><\/h2>\n\n\n\n<div style=\"height:30px\" aria-hidden=\"true\" class=\"wp-block-spacer\"><\/div>\n\n\n\n<h3 class=\"wp-block-heading\">FINALIDAD<\/h3>\n\n\n\n<p><strong>Rapidase\u00ae GlucanFree<\/strong> facilita la clarificaci\u00f3n de los mostos y vinos y acelera la filtraci\u00f3n en presencia de glucanos producidos por <em>Botrytis cinerea<\/em>.<\/p>\n\n\n\n<div style=\"height:50px\" aria-hidden=\"true\" class=\"wp-block-spacer\"><\/div>\n\n\n\n<div class=\"wp-block-columns is-layout-flex wp-container-core-columns-is-layout-9d6595d7 wp-block-columns-is-layout-flex\">\n<div class=\"wp-block-column is-layout-flow wp-block-column-is-layout-flow\">\n<h3 class=\"wp-block-heading has-text-color has-link-color wp-elements-0f7e502cff705b5351bb6dfc92b121ea\" style=\"color:#69dbc8\"><strong>Composici\u00f3n<\/strong><\/h3>\n\n\n\n<p>Este preparado l\u00edquido enzim\u00e1tico contiene \u03b2-glucanasas capaces de hidrolizar los \u03b2-glucanos, mejorando as\u00ed la velocidad de clarificaci\u00f3n y filtraci\u00f3n, y salvaguardando la calidad del vino. <\/p>\n\n\n\n<p>Al acelerar la fase de filtraci\u00f3n y disminuir la colmataci\u00f3n del filtro, <strong>Rapidase GlucanFree<\/strong> permite tambi\u00e9n reducir la Huella Ecol\u00f3gica o de Carbono del proceso de vinificaci\u00f3n gracias al ahorro de agua y energ\u00eda.<\/p>\n\n\n\n<p>Contiene por naturaleza niveles insignificantes de cinamil esterasa (nFCE), lo que permite preservar la frescura arom\u00e1tica, independientemente de la levadura elegida.<\/p>\n\n\n\n<h3 class=\"wp-block-heading has-text-color has-link-color wp-elements-a4345fb0d3e2c0493b704301ad4a958d\" style=\"color:#69dbc8\"><strong>Probado y Validado<\/strong><\/h3>\n\n\n\n<p>Con el fin de ofrecer la mayor eficacia durante su aplicaci\u00f3n, todas las formulaciones Rapidase<sup>\u00ae<\/sup> son desarrolladas y probadas en colaboraci\u00f3n con los institutos de investigaci\u00f3n enol\u00f3gica de mayor renombre y prestigio a nivel mundial, y validadas a escala industrial en bodega.<\/p>\n\n\n\n<div style=\"height:50px\" aria-hidden=\"true\" class=\"wp-block-spacer\"><\/div>\n\n\n<div class=\"wp-block-image is-style-zoooom\">\n<figure class=\"aligncenter size-full is-resized\"><img alt=\"\" loading=\"lazy\" decoding=\"async\" width=\"756\" height=\"553\" src=\"https:\/\/dev.oenobrands.com\/wp-content\/uploads\/2025\/10\/SP-Producto-rapidase-enzyma-glucanfree-esp.png\" alt=\"\" class=\"wp-image-18600\" style=\"width:319px;height:auto\" srcset=\"https:\/\/dev.oenobrands.com\/wp-content\/uploads\/2025\/10\/SP-Producto-rapidase-enzyma-glucanfree-esp.png 756w, https:\/\/dev.oenobrands.com\/wp-content\/uploads\/2025\/10\/SP-Producto-rapidase-enzyma-glucanfree-esp-300x219.png 300w\" sizes=\"auto, (max-width: 756px) 100vw, 756px\" \/><figcaption class=\"wp-element-caption\">Tiempo en segundos para el c\u00e1lculo del \u00cdndice de Filtraci\u00f3n. Membrana del filtro \u00d8 = 0,65 \u03bcm. Mosto afectado por <em>Botrytis cinerea<\/em> tratado con Rapidase GlucanFree a dosis de 3 mL\/hL (ISMA, Italia, 2024).  <\/figcaption><\/figure>\n<\/div>\n\n\n<div style=\"height:50px\" aria-hidden=\"true\" class=\"wp-block-spacer\"><\/div>\n\n\n\n<p>Nuestro personal t\u00e9cnico y de ventas est\u00e1 disponible para proporcionarle los resultados de las pruebas, as\u00ed como para ayudarle a conseguir los mejores resultados con nuestros productos en las condiciones espec\u00edficas de su bodega.<\/p>\n<\/div>\n\n\n\n<div class=\"wp-block-column is-layout-flow wp-block-column-is-layout-flow\" style=\"flex-basis:6px\"><\/div>\n\n\n\n<div class=\"wp-block-column has-background is-layout-flow wp-block-column-is-layout-flow\" style=\"background-color:#f7f7f7\">\n<div class=\"wp-block-columns is-layout-flex wp-container-core-columns-is-layout-9d6595d7 wp-block-columns-is-layout-flex\">\n<div class=\"wp-block-column is-layout-flow wp-block-column-is-layout-flow\"><div class=\"wp-block-image\">\n<figure class=\"aligncenter size-full\"><img loading=\"lazy\" decoding=\"async\" width=\"2300\" height=\"370\" src=\"https:\/\/dev.oenobrands.com\/wp-content\/uploads\/2024\/05\/Rapidase_GlucanFree.png\" alt=\"Rapidase_GlucanFree_vin_wine_enzyme\" class=\"wp-image-7410\" srcset=\"https:\/\/dev.oenobrands.com\/wp-content\/uploads\/2024\/05\/Rapidase_GlucanFree.png 2300w, https:\/\/dev.oenobrands.com\/wp-content\/uploads\/2024\/05\/Rapidase_GlucanFree-300x48.png 300w, https:\/\/dev.oenobrands.com\/wp-content\/uploads\/2024\/05\/Rapidase_GlucanFree-1024x165.png 1024w, https:\/\/dev.oenobrands.com\/wp-content\/uploads\/2024\/05\/Rapidase_GlucanFree-768x124.png 768w, https:\/\/dev.oenobrands.com\/wp-content\/uploads\/2024\/05\/Rapidase_GlucanFree-1536x247.png 1536w, https:\/\/dev.oenobrands.com\/wp-content\/uploads\/2024\/05\/Rapidase_GlucanFree-2048x329.png 2048w\" sizes=\"auto, (max-width: 2300px) 100vw, 2300px\" \/><\/figure>\n<\/div><\/div>\n<\/div>\n\n\n\n<div style=\"height:40px\" aria-hidden=\"true\" class=\"wp-block-spacer\"><\/div>\n\n\n\n<p class=\"has-text-align-center\"><strong>DESCARGAR LA FICHA T\u00c9CNICA DE APLICACI\u00d3N<\/strong><\/p>\n\n\n\n<div class=\"wp-block-group\"><div class=\"wp-block-group__inner-container is-layout-constrained wp-block-group-is-layout-constrained\">\n<div class=\"wp-block-columns is-not-stacked-on-mobile is-layout-flex wp-container-core-columns-is-layout-9d6595d7 wp-block-columns-is-layout-flex\">\n<div class=\"wp-block-column is-layout-flow wp-block-column-is-layout-flow\">\n<figure class=\"wp-block-image size-full\"><a href=\"https:\/\/dev.oenobrands.com\/wp-content\/uploads\/2025\/12\/RAPIDASE-ADS-EN-Glucanfree-2025-A4-G-01.pdf\" target=\"_blank\" rel=\"noreferrer noopener\"><img loading=\"lazy\" decoding=\"async\" width=\"180\" height=\"94\" src=\"https:\/\/dev.oenobrands.com\/wp-content\/uploads\/2023\/04\/flag-united-states-english-american.png\" alt=\"bandiera USA \u2013 inglese \/ americano\" class=\"wp-image-2510\"\/><\/a><\/figure>\n<\/div>\n\n\n\n<div class=\"wp-block-column is-layout-flow wp-block-column-is-layout-flow\">\n<figure class=\"wp-block-image size-full\"><a href=\"https:\/\/dev.oenobrands.com\/wp-content\/uploads\/2025\/12\/RAPIDASE-ADS-FR-Glucanfree-2025-A4-G-02-1.pdf\" target=\"_blank\" rel=\"noreferrer noopener\"><img loading=\"lazy\" decoding=\"async\" width=\"180\" height=\"94\" src=\"https:\/\/dev.oenobrands.com\/wp-content\/uploads\/2023\/04\/drapeau-francais-france.png\" alt=\"bandiera francese \u2013 Francia\" class=\"wp-image-2508\"\/><\/a><\/figure>\n<\/div>\n\n\n\n<div class=\"wp-block-column is-layout-flow wp-block-column-is-layout-flow\">\n<figure class=\"wp-block-image size-full\"><a href=\"https:\/\/dev.oenobrands.com\/wp-content\/uploads\/2025\/12\/RAPIDASE-ADS-ES-Glucanfree-2025-A4-G-01-1.pdf\" target=\"_blank\" rel=\"noreferrer noopener\"><img loading=\"lazy\" decoding=\"async\" width=\"180\" height=\"94\" src=\"https:\/\/dev.oenobrands.com\/wp-content\/uploads\/2023\/04\/bandiera-spagnola-spagna.png\" alt=\"bandiera spagnola \u2013 Spagna\" class=\"wp-image-2506\"\/><\/a><\/figure>\n<\/div>\n\n\n\n<div class=\"wp-block-column is-layout-flow wp-block-column-is-layout-flow\">\n<figure class=\"wp-block-image size-full\"><a href=\"https:\/\/dev.oenobrands.com\/wp-content\/uploads\/2025\/12\/RAPIDASE-ADS-IT-Glucanfree-2025-A4-G-01.pdf\" target=\"_blank\" rel=\"noreferrer noopener\"><img loading=\"lazy\" decoding=\"async\" width=\"180\" height=\"94\" src=\"https:\/\/dev.oenobrands.com\/wp-content\/uploads\/2023\/04\/bandiera-italiana-italy.png\" alt=\"bandiera italiana \u2013 Italia\" class=\"wp-image-2512\"\/><\/a><\/figure>\n<\/div>\n\n\n\n<div class=\"wp-block-column is-layout-flow wp-block-column-is-layout-flow\">\n<figure class=\"wp-block-image size-full\"><a href=\"https:\/\/dev.oenobrands.com\/wp-content\/uploads\/2025\/12\/RAPIDASE-ADS-PT-Glucanfree-2025-A4-G-01.pdf\" target=\"_blank\" rel=\"noreferrer noopener\"><img loading=\"lazy\" decoding=\"async\" width=\"180\" height=\"94\" src=\"https:\/\/dev.oenobrands.com\/wp-content\/uploads\/2024\/05\/Flag-drapeau-Portugal.png\" alt=\"bandiera portoghese \u2013 Portogallo\" class=\"wp-image-7139\"\/><\/a><\/figure>\n<\/div>\n\n\n\n<div class=\"wp-block-column is-layout-flow wp-block-column-is-layout-flow\">\n<figure class=\"wp-block-image size-full\"><a href=\"https:\/\/dev.oenobrands.com\/wp-content\/uploads\/2025\/12\/RAPIDASE-ADS-ALL-Glucanfree-2025-A4-G-02.pdf\" target=\"_blank\" rel=\"noreferrer noopener\"><img loading=\"lazy\" decoding=\"async\" width=\"180\" height=\"94\" src=\"https:\/\/dev.oenobrands.com\/wp-content\/uploads\/2023\/05\/Flagge-Deutschland.png\" alt=\"Flagge-Deutschland\" class=\"wp-image-3550\"\/><\/a><\/figure>\n<\/div>\n<\/div>\n\n\n\n<div class=\"wp-block-columns is-not-stacked-on-mobile is-layout-flex wp-container-core-columns-is-layout-9d6595d7 wp-block-columns-is-layout-flex\">\n<div class=\"wp-block-column is-layout-flow wp-block-column-is-layout-flow\">\n<figure class=\"wp-block-image size-full\"><a href=\"https:\/\/dev.oenobrands.com\/wp-content\/uploads\/2025\/12\/RAPIDASE-ADS-RO-Glucanfree-2025-A4-G-01.pdf\" target=\"_blank\" rel=\"noreferrer noopener\"><img loading=\"lazy\" decoding=\"async\" width=\"180\" height=\"94\" src=\"https:\/\/dev.oenobrands.com\/wp-content\/uploads\/2024\/05\/Flag-drapeau-Roumanie.png\" alt=\"bandiera Romania\" class=\"wp-image-7145\"\/><\/a><\/figure>\n<\/div>\n\n\n\n<div class=\"wp-block-column is-layout-flow wp-block-column-is-layout-flow\">\n<figure class=\"wp-block-image size-full\"><a href=\"https:\/\/dev.oenobrands.com\/wp-content\/uploads\/2025\/12\/RAPIDASE-ADS-CROATE-Glucanfree-2025-A4-G-01.pdf\" target=\"_blank\" rel=\"noreferrer noopener\"><img loading=\"lazy\" decoding=\"async\" width=\"180\" height=\"94\" src=\"https:\/\/dev.oenobrands.com\/wp-content\/uploads\/2024\/05\/flag-drapeau-croatie.png\" alt=\"bandiera Repubblica Ceca\" class=\"wp-image-7143\"\/><\/a><\/figure>\n<\/div>\n\n\n\n<div class=\"wp-block-column is-layout-flow wp-block-column-is-layout-flow\">\n<figure class=\"wp-block-image size-full\"><a href=\"https:\/\/dev.oenobrands.com\/wp-content\/uploads\/2025\/12\/RAPIDASE-ADS-CZ-Glucanfree-2025-A4-Biopro-G-01.pdf\" target=\"_blank\" rel=\"noreferrer noopener\"><img loading=\"lazy\" decoding=\"async\" width=\"180\" height=\"94\" src=\"https:\/\/dev.oenobrands.com\/wp-content\/uploads\/2023\/05\/Flag-vlajka-Czech-Republic.png\" alt=\"bandiera Repubblica Ceca\" class=\"wp-image-3548\"\/><\/a><\/figure>\n<\/div>\n\n\n\n<div class=\"wp-block-column is-layout-flow wp-block-column-is-layout-flow\">\n<figure class=\"wp-block-image size-full\"><a href=\"https:\/\/dev.oenobrands.com\/wp-content\/uploads\/2025\/12\/RAPIDASE-ADS-BUL-Glucanfree-2025-A4-G-01.pdf\" target=\"_blank\" rel=\"noreferrer noopener\"><img alt=\"\" loading=\"lazy\" decoding=\"async\" width=\"180\" height=\"94\" src=\"https:\/\/dev.oenobrands.com\/wp-content\/uploads\/2024\/05\/flag-drapeau-bulgarie.png\" alt=\"\" class=\"wp-image-7141\"\/><\/a><\/figure>\n<\/div>\n\n\n\n<div class=\"wp-block-column is-layout-flow wp-block-column-is-layout-flow\"><\/div>\n\n\n\n<div class=\"wp-block-column is-layout-flow wp-block-column-is-layout-flow\"><\/div>\n<\/div>\n<\/div><\/div>\n\n\n\n<div class=\"wp-block-group\"><div class=\"wp-block-group__inner-container is-layout-constrained wp-block-group-is-layout-constrained\">\n<hr class=\"wp-block-separator has-text-color has-black-color has-alpha-channel-opacity has-black-background-color has-background\"\/>\n\n\n\n<div class=\"wp-block-buttons is-content-justification-center is-layout-flex wp-container-core-buttons-is-layout-16018d1d wp-block-buttons-is-layout-flex\">\n<div class=\"wp-block-button\"><a class=\"wp-block-button__link wp-element-button\" href=\"https:\/\/dev.oenobrands.com\/es\/nuestra-red-de-distribuidores\/\">SU DISTRIBUIDOR<\/a><\/div>\n<\/div>\n\n\n\n<hr class=\"wp-block-separator has-text-color has-black-color has-alpha-channel-opacity has-black-background-color has-background\"\/>\n\n\n\n<h3 class=\"wp-block-heading\"><strong>Instrucciones de uso y dosificaci\u00f3n<\/strong><\/h3>\n\n\n\n<ul class=\"wp-block-list\">\n<li>Si las uvas est\u00e1n afectadas por <em>Botrytis cinerea<\/em>, realizar el <strong>Test de Glucanos Rapidase<\/strong> para confirmar la presencia y los niveles de \u03b2-glucanos.<\/li>\n<\/ul>\n\n\n\n<div style=\"height:10px\" aria-hidden=\"true\" class=\"wp-block-spacer\"><\/div>\n\n\n\n<div class=\"wp-block-buttons is-content-justification-center is-layout-flex wp-container-core-buttons-is-layout-16018d1d wp-block-buttons-is-layout-flex\">\n<div class=\"wp-block-button is-style-fill\"><a class=\"wp-block-button__link wp-element-button\" href=\"https:\/\/dev.oenobrands.com\/es\/recursos-tecnicos\/test-de-glucanos\/\" target=\"_blank\" rel=\"noreferrer noopener\">Protocolo de prueba de glucano<\/a><\/div>\n<\/div>\n\n\n\n<div style=\"height:30px\" aria-hidden=\"true\" class=\"wp-block-spacer\"><\/div>\n\n\n\n<ul class=\"wp-block-list\">\n<li>Adecuado para cualquier tipo de mosto o vino: blanco, rosado, tinto; tambi\u00e9n se puede utilizar durante la fermentaci\u00f3n alcoh\u00f3lica.<\/li>\n\n\n\n<li>Cuando las uvas est\u00e1n afectadas por <em>Botrytis cinerea<\/em> se debe evitar el uso de enzimas de maceraci\u00f3n.<\/li>\n\n\n\n<li>Diluir 10 veces antes de la adici\u00f3n.<\/li>\n<\/ul>\n\n\n\n<div style=\"height:20px\" aria-hidden=\"true\" class=\"wp-block-spacer\"><\/div>\n\n\n\n<p class=\"has-text-align-left\"><strong>EN MOSTO EN COMBINACI\u00d3N CON RAPIDASE <a href=\"https:\/\/dev.oenobrands.com\/es\/producto\/enzyma\/rapidase\/rapidase-flotation\/\"><u>FLOTATION<\/u><\/a>, <a href=\"https:\/\/dev.oenobrands.com\/es\/producto\/enzyma\/rapidase\/rapidase-clear\/\"><u>CLEAR<\/u><\/a>, <a href=\"https:\/\/dev.oenobrands.com\/es\/producto\/enzyma\/rapidase\/rapidase-clear-extreme\/\"><u>CLEAR EXTREME<\/u><\/a> O <a href=\"https:\/\/dev.oenobrands.com\/es\/producto\/enzyma\/rapidase\/rapidase-thermoflash\/\"><u>THERMOFLASH<\/u><\/a><\/strong><\/p>\n\n\n\n<figure class=\"wp-block-table aligncenter\"><table><thead><tr><th class=\"has-text-align-center\" data-align=\"center\">T\u00aa<\/th><th class=\"has-text-align-center\" data-align=\"center\">Dosis<\/th><th class=\"has-text-align-center\" data-align=\"center\">Tiempo<\/th><th class=\"has-text-align-center\" data-align=\"center\">COMENTARIOS<\/th><\/tr><\/thead><tbody><tr><td class=\"has-text-align-center\" data-align=\"center\">&gt; 15\u00b0C<\/td><td class=\"has-text-align-center\" data-align=\"center\">3-4 mL\/hL<\/td><td class=\"has-text-align-center\" data-align=\"center\">12 horas<\/td><td class=\"has-text-align-center\" data-align=\"center\">Adicionar y mezclar bien antes de clarificar o filtrar el mosto<\/td><\/tr><\/tbody><\/table><\/figure>\n\n\n\n<div style=\"height:30px\" aria-hidden=\"true\" class=\"wp-block-spacer\"><\/div>\n\n\n\n<p class=\"has-text-align-left\"><strong>EN MOSTO DURANTE LA FERMENTACI\u00d3N ALCOH\u00d3LICA<\/strong><\/p>\n\n\n\n<figure class=\"wp-block-table aligncenter\"><table><thead><tr><th class=\"has-text-align-center\" data-align=\"center\">T\u00aa<\/th><th class=\"has-text-align-center\" data-align=\"center\">Dosis<\/th><th class=\"has-text-align-center\" data-align=\"center\">Tiempo<\/th><th class=\"has-text-align-center\" data-align=\"center\">COMENTARIOS<\/th><\/tr><\/thead><tbody><tr><td class=\"has-text-align-center\" data-align=\"center\">&gt; 15\u00b0C<\/td><td class=\"has-text-align-center\" data-align=\"center\">2-3 mL\/hL<\/td><td class=\"has-text-align-center\" data-align=\"center\">5-6 d\u00edas<\/td><td class=\"has-text-align-center\" data-align=\"center\">Adicionar y mezclar bien antes de la fermentaci\u00f3n alcoh\u00f3lica<\/td><\/tr><\/tbody><\/table><\/figure>\n\n\n\n<div style=\"height:30px\" aria-hidden=\"true\" class=\"wp-block-spacer\"><\/div>\n\n\n\n<p class=\"has-text-align-left\"><strong>EN VINO SOLA O EN COMBINACI\u00d3N CON <a href=\"https:\/\/dev.oenobrands.com\/product\/enzyme\/rapidase\/rapidase-vinofast\/\"><u>RAPIDASE VINOFAST<\/u><\/a><\/strong><\/p>\n\n\n\n<figure class=\"wp-block-table aligncenter\"><table><thead><tr><th class=\"has-text-align-center\" data-align=\"center\">T\u00aa<\/th><th class=\"has-text-align-center\" data-align=\"center\">Dosis<\/th><th class=\"has-text-align-center\" data-align=\"center\">Tiempo<\/th><th class=\"has-text-align-center\" data-align=\"center\">COMENTARIOS<\/th><\/tr><\/thead><tbody><tr><td class=\"has-text-align-center\" data-align=\"center\">&gt; 15\u00b0C<\/td><td class=\"has-text-align-center\" data-align=\"center\">2-4 mL\/hL<\/td><td class=\"has-text-align-center\" data-align=\"center\">2-3 semanas<\/td><td class=\"has-text-align-center\" data-align=\"center\">Adicionar y mezclar bien<br>una vez concluida la fermentaci\u00f3n alcoh\u00f3lica; antes de la clarificaci\u00f3n o antes de cualquier tipo de filtraci\u00f3n (tierras, placas, lenticular, tangencial, membrana)<\/td><\/tr><\/tbody><\/table><\/figure>\n\n\n\n<div style=\"height:50px\" aria-hidden=\"true\" class=\"wp-block-spacer\"><\/div>\n<\/div><\/div>\n\n\n\n<ul class=\"wp-block-list\">\n<li>Termoestable, activa de 10 a 70 \u00b0C. M\u00e1s activo a medida que aumenta la temperatura. <\/li>\n\n\n\n<li>Activa en el intervalo de pH del vino y en presencia de concentraciones est\u00e1ndar de SO2.<\/li>\n\n\n\n<li>Se elimina con bentonita y carb\u00f3n vegetal.<\/li>\n<\/ul>\n\n\n\n<div style=\"height:20px\" aria-hidden=\"true\" class=\"wp-block-spacer\"><\/div>\n\n\n\n<h3 class=\"wp-block-heading\"><strong><strong>Envase<\/strong><\/strong><\/h3>\n\n\n\n<p><strong>Rapidase GlucanFree<\/strong> est\u00e1 disponible en bidones de 1 Kg.<\/p>\n\n\n\n<h3 class=\"wp-block-heading\"><strong>Conservaci\u00f3n<\/strong><\/h3>\n\n\n\n<p>Cons\u00e9rvese refrigerado entre 4 y 8 \u00b0C.<\/p>\n<\/div>\n<\/div>\n\n\n\n<div class=\"wp-block-group\"><div class=\"wp-block-group__inner-container is-layout-constrained wp-block-group-is-layout-constrained\">\n<div style=\"height:30px\" aria-hidden=\"true\" class=\"wp-block-spacer\"><\/div>\n\n\n\n<hr class=\"wp-block-separator has-text-color has-black-color has-alpha-channel-opacity has-black-background-color has-background\"\/>\n<\/div><\/div>\n\n\n\n<div class=\"wp-block-columns is-layout-flex wp-container-core-columns-is-layout-9d6595d7 wp-block-columns-is-layout-flex\">\n<div class=\"wp-block-column is-layout-flow wp-block-column-is-layout-flow\">\n<div class=\"wp-block-group\"><div class=\"wp-block-group__inner-container is-layout-constrained wp-block-group-is-layout-constrained\">\n<h2 class=\"wp-block-heading\"><strong><strong>Descubra soluciones relacionadas:<\/strong> <\/strong><\/h2>\n\n\n\n<div style=\"height:30px\" aria-hidden=\"true\" class=\"wp-block-spacer\"><\/div>\n\n\n\n<p><strong>\u00bfBusca un enfoque m\u00e1s hol\u00edstico de la vinificaci\u00f3n?<\/strong> Descubra nuestras soluciones enol\u00f3gicas avanzadas relacionadas con <strong>Rapidase GlucanFree.<\/strong><\/p>\n\n\n\n<div style=\"height:30px\" aria-hidden=\"true\" class=\"wp-block-spacer\"><\/div>\n\n\n\n<div class=\"wp-block-columns are-vertically-aligned-center is-layout-flex wp-container-core-columns-is-layout-9d6595d7 wp-block-columns-is-layout-flex\">\n<div class=\"wp-block-column is-vertically-aligned-center is-layout-flow wp-block-column-is-layout-flow\" style=\"flex-basis:100%\">\n<div class=\"wp-block-buttons is-content-justification-center is-layout-flex wp-container-core-buttons-is-layout-16018d1d wp-block-buttons-is-layout-flex\">\n<div class=\"wp-block-button is-style-fill\"><a class=\"wp-block-button__link wp-element-button\" href=\"https:\/\/dev.oenobrands.com\/es\/solucion\/filtracion\/filtracion-del-vino\/\" target=\"_blank\" rel=\"noreferrer noopener\">Filtraci\u00f3n del vino<\/a><\/div>\n<\/div>\n<\/div>\n<\/div>\n<\/div><\/div>\n\n\n\n<div style=\"height:30px\" aria-hidden=\"true\" class=\"wp-block-spacer\"><\/div>\n<\/div>\n\n\n\n<div class=\"wp-block-column is-layout-flow wp-block-column-is-layout-flow\">\n<h2 class=\"wp-block-heading\"><strong>\u00bfBusca otra cosa?<\/strong><\/h2>\n\n\n\n<div style=\"height:30px\" aria-hidden=\"true\" class=\"wp-block-spacer\"><\/div>\n\n\n\n<p>Visite nuestra secci\u00f3n de Soluciones, donde ofrecemos orientaci\u00f3n experta, conocimientos reconocidos y enfoques innovadores organizados seg\u00fan las etapas del proceso de vinificaci\u00f3n. <strong>Desde la fermentaci\u00f3n hasta la filtraci\u00f3n y el embotellado, le ofrecemos soluciones para mejorar cada etapa de su proceso de vinificaci\u00f3n.<\/strong><\/p>\n\n\n\n<div style=\"height:30px\" aria-hidden=\"true\" class=\"wp-block-spacer\"><\/div>\n\n\n\n<div class=\"wp-block-columns are-vertically-aligned-center is-layout-flex wp-container-core-columns-is-layout-9d6595d7 wp-block-columns-is-layout-flex\">\n<div class=\"wp-block-column is-vertically-aligned-center is-layout-flow wp-block-column-is-layout-flow\" style=\"flex-basis:100%\">\n<div class=\"wp-block-buttons is-content-justification-center is-layout-flex wp-container-core-buttons-is-layout-16018d1d wp-block-buttons-is-layout-flex\">\n<div class=\"wp-block-button is-style-fill\"><a class=\"wp-block-button__link wp-element-button\" href=\"https:\/\/dev.oenobrands.com\/es\/solucion\/\" target=\"_blank\" rel=\"noreferrer noopener\">Advanced winemaking solutions<\/a><\/div>\n<\/div>\n<\/div>\n<\/div>\n<\/div>\n<\/div>\n\n\n\n<hr class=\"wp-block-separator has-alpha-channel-opacity\"\/>\n\n\n\n<div style=\"height:30px\" aria-hidden=\"true\" class=\"wp-block-spacer\"><\/div>\n\n\n\n<div class=\"wp-block-columns is-layout-flex wp-container-core-columns-is-layout-9d6595d7 wp-block-columns-is-layout-flex\">\n<div class=\"wp-block-column is-vertically-aligned-center is-layout-flow wp-block-column-is-layout-flow\" style=\"flex-basis:30%\">\n<h1 class=\"wp-block-heading has-text-color\" style=\"color:#545859\">Descubre la gama RAPIDASE<\/h1>\n\n\n\n<div style=\"height:30px\" aria-hidden=\"true\" class=\"wp-block-spacer\"><\/div>\n\n\n\n<div class=\"wp-block-buttons is-content-justification-center is-layout-flex wp-container-core-buttons-is-layout-16018d1d wp-block-buttons-is-layout-flex\">\n<div class=\"wp-block-button\"><a class=\"wp-block-button__link has-background wp-element-button\" href=\"https:\/\/dev.oenobrands.com\/es\/producto\/enzyma\/rapidase\/\" style=\"background-color:#545859\" target=\"_blank\" rel=\"noreferrer noopener\">RAPIDASE<\/a><\/div>\n<\/div>\n<\/div>\n\n\n\n<div class=\"wp-block-column is-layout-flow wp-block-column-is-layout-flow\"><div class=\"wp-block-image\">\n<figure class=\"aligncenter size-full\"><img decoding=\"async\" src=\"https:\/\/dev.oenobrands.com\/wp-content\/uploads\/2023\/05\/OENOBRANDS-Rapidase-bandeau.png\" alt=\"OENOBRANDS-Rapidase-bandeau\" class=\"wp-image-4529\"\/><\/figure>\n<\/div><\/div>\n<\/div>\n\n\n\n<div style=\"height:50px\" aria-hidden=\"true\" class=\"wp-block-spacer\"><\/div>\n","protected":false},"excerpt":{"rendered":"<p>Rapidase GlucanFree Enzima para la degradaci\u00f3n de los \u03b2-glucanos producidos por Botrytis en mostos y vinos FINALIDAD Rapidase\u00ae GlucanFree facilita la clarificaci\u00f3n de los mostos y vinos y acelera la filtraci\u00f3n en presencia de glucanos producidos por Botrytis cinerea. Composici\u00f3n Este preparado l\u00edquido enzim\u00e1tico contiene \u03b2-glucanasas capaces de hidrolizar los \u03b2-glucanos, mejorando as\u00ed la velocidad [&hellip;]<\/p>\n","protected":false},"author":3,"featured_media":0,"parent":16310,"menu_order":12,"comment_status":"closed","ping_status":"closed","template":"page-product.php","meta":{"_acf_changed":false,"_seopress_robots_primary_cat":"0","_seopress_titles_title":"","_seopress_titles_desc":"","_seopress_robots_index":"","_seopress_analysis_target_kw":"","footnotes":""},"class_list":["post-16488","page","type-page","status-publish"],"acf":[],"_links":{"self":[{"href":"https:\/\/dev.oenobrands.com\/es\/wp-json\/wp\/v2\/pages\/16488","targetHints":{"allow":["GET"]}}],"collection":[{"href":"https:\/\/dev.oenobrands.com\/es\/wp-json\/wp\/v2\/pages"}],"about":[{"href":"https:\/\/dev.oenobrands.com\/es\/wp-json\/wp\/v2\/types\/page"}],"author":[{"embeddable":true,"href":"https:\/\/dev.oenobrands.com\/es\/wp-json\/wp\/v2\/users\/3"}],"replies":[{"embeddable":true,"href":"https:\/\/dev.oenobrands.com\/es\/wp-json\/wp\/v2\/comments?post=16488"}],"version-history":[{"count":0,"href":"https:\/\/dev.oenobrands.com\/es\/wp-json\/wp\/v2\/pages\/16488\/revisions"}],"up":[{"embeddable":true,"href":"https:\/\/dev.oenobrands.com\/es\/wp-json\/wp\/v2\/pages\/16310"}],"wp:attachment":[{"href":"https:\/\/dev.oenobrands.com\/es\/wp-json\/wp\/v2\/media?parent=16488"}],"curies":[{"name":"wp","href":"https:\/\/api.w.org\/{rel}","templated":true}]}}