{"id":16450,"date":"2022-10-19T22:04:18","date_gmt":"2022-10-19T20:04:18","guid":{"rendered":"https:\/\/dev.oenobrands.com\/producto\/enzyma\/rapidase\/rapidase-clear-extreme\/"},"modified":"2025-12-11T09:25:55","modified_gmt":"2025-12-11T08:25:55","slug":"rapidase-clear-extreme","status":"publish","type":"page","link":"https:\/\/dev.oenobrands.com\/es\/producto\/enzyma\/rapidase\/rapidase-clear-extreme\/","title":{"rendered":"Rapidase Clear Extreme"},"content":{"rendered":"\n<h1 class=\"wp-block-heading has-text-color\" style=\"color:#008c95\">Rapidase Clear Extreme<\/h1>\n\n\n\n<div style=\"height:30px\" aria-hidden=\"true\" class=\"wp-block-spacer\"><\/div>\n\n\n\n<h2 class=\"wp-block-heading\"><strong>Enzima para una clarificaci\u00f3n r\u00e1pida y eficaz del mosto en condiciones dif\u00edciles y extremas<\/strong><\/h2>\n\n\n\n<div style=\"height:30px\" aria-hidden=\"true\" class=\"wp-block-spacer\"><\/div>\n\n\n\n<h3 class=\"wp-block-heading\"><strong>FINALIDAD<\/strong><\/h3>\n\n\n\n<p><strong>Rapidase<sup>\u00ae<\/sup> Clear Extreme <\/strong>reduce la viscosidad y favorece la agregaci\u00f3n de part\u00edculas s\u00f3lidas. Su uso permite obtener l\u00edas m\u00e1s compactas y un mosto m\u00e1s claro cuando las condiciones de sedimentaci\u00f3n son dif\u00edciles incluyendo bajas temperaturas, pH y\/o variedades dif\u00edciles de clarificar. <\/p>\n\n\n\n<div style=\"height:50px\" aria-hidden=\"true\" class=\"wp-block-spacer\"><\/div>\n\n\n\n<div class=\"wp-block-columns is-layout-flex wp-container-core-columns-is-layout-9d6595d7 wp-block-columns-is-layout-flex\">\n<div class=\"wp-block-column is-layout-flow wp-block-column-is-layout-flow\" style=\"flex-basis:45%\">\n<h3 class=\"wp-block-heading has-text-color\" style=\"color:#008c95\"><strong>Composici\u00f3n<\/strong><\/h3>\n\n\n\n<p><strong>Rapidase Clear Extreme<\/strong> es un preparado de enzimas pectol\u00edticas, l\u00edquido y microgranulado,<br>con actividades secundarias esenciales.<\/p>\n\n\n\n<p>Rapidase Clear Extreme contiene niveles naturalmente insignificantes de Cinamil esterasa (nFCE), lo que permite preservar la frescura del aroma, independientemente de la levadura elegida.<\/p>\n\n\n\n<p><strong>Rapidase Clear Extreme<\/strong> permite tambi\u00e9n reducir la Huella Ecol\u00f3gica o de Carbono del proceso de elaboraci\u00f3n del vino gracias al ahorro de energ\u00eda.<\/p>\n\n\n\n<h3 class=\"wp-block-heading has-text-color\" style=\"color:#008c95\"><strong>Probado y Validado<\/strong><\/h3>\n\n\n\n<p>Con el fin de ofrecer la mayor eficacia durante su aplicaci\u00f3n, todas las formulaciones Rapidase<sup>\u00ae<\/sup> son desarrolladas y probadas en colaboraci\u00f3n con los institutos de investigaci\u00f3n enol\u00f3gica de mayor renombre y prestigio a nivel mundial, y validadas a escala industrial en bodega.<\/p>\n\n\n<div class=\"wp-block-image is-style-zoooom\">\n<figure class=\"aligncenter size-full\"><img alt=\"\" loading=\"lazy\" decoding=\"async\" width=\"858\" height=\"397\" src=\"https:\/\/dev.oenobrands.com\/wp-content\/uploads\/2024\/05\/Product_Rapidase-Clear-extreme-1.png\" alt=\"\" class=\"wp-image-7698\" srcset=\"https:\/\/dev.oenobrands.com\/wp-content\/uploads\/2024\/05\/Product_Rapidase-Clear-extreme-1.png 858w, https:\/\/dev.oenobrands.com\/wp-content\/uploads\/2024\/05\/Product_Rapidase-Clear-extreme-1-300x139.png 300w, https:\/\/dev.oenobrands.com\/wp-content\/uploads\/2024\/05\/Product_Rapidase-Clear-extreme-1-768x355.png 768w\" sizes=\"auto, (max-width: 858px) 100vw, 858px\" \/><figcaption class=\"wp-element-caption\">Seguimiento de la turbidez y de la altura de l\u00edas en mosto flor + prensa, despu\u00e9s de 24h, S. blanc (IFV Francia).<\/figcaption><\/figure>\n<\/div>\n\n<div class=\"wp-block-image is-style-zoooom\">\n<figure class=\"aligncenter size-full\"><img alt=\"\" loading=\"lazy\" decoding=\"async\" width=\"823\" height=\"565\" src=\"https:\/\/dev.oenobrands.com\/wp-content\/uploads\/2024\/05\/Product_Rapidase-Clear-extreme-2.png\" alt=\"\" class=\"wp-image-7702\" srcset=\"https:\/\/dev.oenobrands.com\/wp-content\/uploads\/2024\/05\/Product_Rapidase-Clear-extreme-2.png 823w, https:\/\/dev.oenobrands.com\/wp-content\/uploads\/2024\/05\/Product_Rapidase-Clear-extreme-2-300x206.png 300w, https:\/\/dev.oenobrands.com\/wp-content\/uploads\/2024\/05\/Product_Rapidase-Clear-extreme-2-768x527.png 768w\" sizes=\"auto, (max-width: 823px) 100vw, 823px\" \/><figcaption class=\"wp-element-caption\">Comparaci\u00f3n del efecto de tratamientos enzim\u00e1ticos sobre la eficacia de la sedimentaci\u00f3n de un mosto de Moscatel a 6 \u00b0C, Argentina 2013.<\/figcaption><\/figure>\n<\/div>\n\n\n<p>Nuestro personal t\u00e9cnico y de ventas est\u00e1 disponible para proporcionarle los resultados de las pruebas, as\u00ed como para ayudarle a conseguir los mejores resultados con nuestros productos en las condiciones espec\u00edficas de su bodega.<\/p>\n\n\n\n<div style=\"height:30px\" aria-hidden=\"true\" class=\"wp-block-spacer\"><\/div>\n\n\n\n<hr class=\"wp-block-separator has-text-color has-alpha-channel-opacity has-background is-style-wide\" style=\"background-color:#8a918e;color:#8a918e\"\/>\n\n\n\n<h3 class=\"wp-block-heading\"><strong>Explore, pruebe y transforme sus vinos:<\/strong><\/h3>\n\n\n\n<p>En Oenobrands, facilitamos la evaluaci\u00f3n del rendimiento de las enzimas Rapidase en sus vinos.<\/p>\n\n\n\n<div class=\"wp-block-buttons is-content-justification-center is-layout-flex wp-container-core-buttons-is-layout-16018d1d wp-block-buttons-is-layout-flex\">\n<div class=\"wp-block-button is-style-fill\"><a class=\"wp-block-button__link wp-element-button\" href=\"https:\/\/dev.oenobrands.com\/rapidase-enzymes-kits\/\" target=\"_blank\" rel=\"noreferrer noopener\">Kits Rapidase<\/a><\/div>\n<\/div>\n<\/div>\n\n\n\n<div class=\"wp-block-column is-layout-flow wp-block-column-is-layout-flow\" style=\"flex-basis:6%\"><\/div>\n\n\n\n<div class=\"wp-block-column has-background is-layout-flow wp-block-column-is-layout-flow\" style=\"background-color:#f7f7f7;flex-basis:45%\">\n<div class=\"wp-block-columns is-layout-flex wp-container-core-columns-is-layout-9d6595d7 wp-block-columns-is-layout-flex\">\n<div class=\"wp-block-column is-layout-flow wp-block-column-is-layout-flow\">\n<figure class=\"wp-block-image size-full\"><img loading=\"lazy\" decoding=\"async\" width=\"822\" height=\"162\" src=\"https:\/\/dev.oenobrands.com\/wp-content\/uploads\/2024\/05\/Rapidase_clear_extreme_-no-font.png\" alt=\"Rapidase_clear_extreme_vin_wine_enzyme\" class=\"wp-image-7422\" srcset=\"https:\/\/dev.oenobrands.com\/wp-content\/uploads\/2024\/05\/Rapidase_clear_extreme_-no-font.png 822w, https:\/\/dev.oenobrands.com\/wp-content\/uploads\/2024\/05\/Rapidase_clear_extreme_-no-font-300x59.png 300w, https:\/\/dev.oenobrands.com\/wp-content\/uploads\/2024\/05\/Rapidase_clear_extreme_-no-font-768x151.png 768w\" sizes=\"auto, (max-width: 822px) 100vw, 822px\" \/><\/figure>\n<\/div>\n<\/div>\n\n\n\n<div style=\"height:40px\" aria-hidden=\"true\" class=\"wp-block-spacer\"><\/div>\n\n\n\n<p class=\"has-text-align-center\"><strong>DESCARGAR LA FICHA T\u00c9CNICA DE APLICACI\u00d3N<\/strong><\/p>\n\n\n\n<div class=\"wp-block-group\"><div class=\"wp-block-group__inner-container is-layout-constrained wp-block-group-is-layout-constrained\">\n<div class=\"wp-block-columns is-not-stacked-on-mobile is-layout-flex wp-container-core-columns-is-layout-9d6595d7 wp-block-columns-is-layout-flex\">\n<div class=\"wp-block-column is-layout-flow wp-block-column-is-layout-flow\">\n<figure class=\"wp-block-image size-full\"><a href=\"https:\/\/dev.oenobrands.com\/wp-content\/uploads\/2025\/12\/RAPIDASE-ADS-EN-Clear-Extreme-2025-A4-G-01.pdf\" target=\"_blank\" rel=\"noreferrer noopener\"><img loading=\"lazy\" decoding=\"async\" width=\"180\" height=\"94\" src=\"https:\/\/dev.oenobrands.com\/wp-content\/uploads\/2023\/04\/flag-united-states-english-american.png\" alt=\"bandiera USA \u2013 inglese \/ americano\" class=\"wp-image-2510\"\/><\/a><\/figure>\n<\/div>\n\n\n\n<div class=\"wp-block-column is-layout-flow wp-block-column-is-layout-flow\">\n<figure class=\"wp-block-image size-full\"><a href=\"https:\/\/dev.oenobrands.com\/wp-content\/uploads\/2025\/12\/RAPIDASE-ADS-FR-Clear-Extreme-2025-A4-G-01.pdf\" target=\"_blank\" rel=\"noreferrer noopener\"><img loading=\"lazy\" decoding=\"async\" width=\"180\" height=\"94\" src=\"https:\/\/dev.oenobrands.com\/wp-content\/uploads\/2023\/04\/drapeau-francais-france.png\" alt=\"bandiera francese \u2013 Francia\" class=\"wp-image-2508\"\/><\/a><\/figure>\n<\/div>\n\n\n\n<div class=\"wp-block-column is-layout-flow wp-block-column-is-layout-flow\">\n<figure class=\"wp-block-image size-full\"><a href=\"https:\/\/dev.oenobrands.com\/wp-content\/uploads\/2025\/12\/RAPIDASE-ADS-ES-Clear-Extreme-2025-A4-G-01.pdf\" target=\"_blank\" rel=\"noreferrer noopener\"><img loading=\"lazy\" decoding=\"async\" width=\"180\" height=\"94\" src=\"https:\/\/dev.oenobrands.com\/wp-content\/uploads\/2023\/04\/bandiera-spagnola-spagna.png\" alt=\"bandiera spagnola \u2013 Spagna\" class=\"wp-image-2506\"\/><\/a><\/figure>\n<\/div>\n\n\n\n<div class=\"wp-block-column is-layout-flow wp-block-column-is-layout-flow\">\n<figure class=\"wp-block-image size-full\"><a href=\"https:\/\/dev.oenobrands.com\/wp-content\/uploads\/2025\/12\/RAPIDASE-ADS-IT-Clear-Extreme-2025-A4-G-01.pdf\" target=\"_blank\" rel=\"noreferrer noopener\"><img loading=\"lazy\" decoding=\"async\" width=\"180\" height=\"94\" src=\"https:\/\/dev.oenobrands.com\/wp-content\/uploads\/2023\/04\/bandiera-italiana-italy.png\" alt=\"bandiera italiana \u2013 Italia\" class=\"wp-image-2512\"\/><\/a><\/figure>\n<\/div>\n\n\n\n<div class=\"wp-block-column is-layout-flow wp-block-column-is-layout-flow\">\n<figure class=\"wp-block-image size-full\"><a href=\"https:\/\/dev.oenobrands.com\/wp-content\/uploads\/2025\/12\/RAPIDASE-ADS-PT-Clear-Extreme-2025-A4-G-01.pdf\" target=\"_blank\" rel=\"noreferrer noopener\"><img loading=\"lazy\" decoding=\"async\" width=\"180\" height=\"94\" src=\"https:\/\/dev.oenobrands.com\/wp-content\/uploads\/2024\/05\/Flag-drapeau-Portugal.png\" alt=\"bandiera portoghese \u2013 Portogallo\" class=\"wp-image-7139\"\/><\/a><\/figure>\n<\/div>\n\n\n\n<div class=\"wp-block-column is-layout-flow wp-block-column-is-layout-flow\">\n<figure class=\"wp-block-image size-full\"><a href=\"https:\/\/dev.oenobrands.com\/wp-content\/uploads\/2025\/12\/RAPIDASE-ADS-ALL-Clear-Extreme-2025-A4-G-01.pdf\" target=\"_blank\" rel=\"noreferrer noopener\"><img loading=\"lazy\" decoding=\"async\" width=\"180\" height=\"94\" src=\"https:\/\/dev.oenobrands.com\/wp-content\/uploads\/2023\/05\/Flagge-Deutschland.png\" alt=\"Flagge-Deutschland\" class=\"wp-image-3550\"\/><\/a><\/figure>\n<\/div>\n<\/div>\n\n\n\n<div class=\"wp-block-columns is-not-stacked-on-mobile is-layout-flex wp-container-core-columns-is-layout-9d6595d7 wp-block-columns-is-layout-flex\">\n<div class=\"wp-block-column is-layout-flow wp-block-column-is-layout-flow\">\n<figure class=\"wp-block-image size-full\"><a href=\"https:\/\/dev.oenobrands.com\/wp-content\/uploads\/2025\/12\/RAPIDASE-ADS-RO-Clear-Extreme-2025-A4-G-01.pdf\" target=\"_blank\" rel=\"noreferrer noopener\"><img loading=\"lazy\" decoding=\"async\" width=\"180\" height=\"94\" src=\"https:\/\/dev.oenobrands.com\/wp-content\/uploads\/2024\/05\/Flag-drapeau-Roumanie.png\" alt=\"bandiera Romania\" class=\"wp-image-7145\"\/><\/a><\/figure>\n<\/div>\n\n\n\n<div class=\"wp-block-column is-layout-flow wp-block-column-is-layout-flow\">\n<figure class=\"wp-block-image size-full\"><a href=\"https:\/\/dev.oenobrands.com\/wp-content\/uploads\/2025\/12\/RAPIDASE-ADS-CROATE-Clear-Extreme-2025-A4-G-01.pdf\" target=\"_blank\" rel=\"noreferrer noopener\"><img loading=\"lazy\" decoding=\"async\" width=\"180\" height=\"94\" src=\"https:\/\/dev.oenobrands.com\/wp-content\/uploads\/2024\/05\/flag-drapeau-croatie.png\" alt=\"bandiera Repubblica Ceca\" class=\"wp-image-7143\"\/><\/a><\/figure>\n<\/div>\n\n\n\n<div class=\"wp-block-column is-layout-flow wp-block-column-is-layout-flow\">\n<figure class=\"wp-block-image size-full\"><a href=\"https:\/\/dev.oenobrands.com\/wp-content\/uploads\/2025\/12\/RAPIDASE-ADS-CZ-Clear-Extreme-2025-A4-G-01.pdf\" target=\"_blank\" rel=\"noreferrer noopener\"><img loading=\"lazy\" decoding=\"async\" width=\"180\" height=\"94\" src=\"https:\/\/dev.oenobrands.com\/wp-content\/uploads\/2023\/05\/Flag-vlajka-Czech-Republic.png\" alt=\"bandiera Repubblica Ceca\" class=\"wp-image-3548\"\/><\/a><\/figure>\n<\/div>\n\n\n\n<div class=\"wp-block-column is-layout-flow wp-block-column-is-layout-flow\">\n<figure class=\"wp-block-image size-full\"><a href=\"https:\/\/dev.oenobrands.com\/wp-content\/uploads\/2025\/12\/RAPIDASE-ADS-BUL-Clear-Extreme-2025-A4-G-01.pdf\" target=\"_blank\" rel=\"noreferrer noopener\"><img alt=\"\" loading=\"lazy\" decoding=\"async\" width=\"180\" height=\"94\" src=\"https:\/\/dev.oenobrands.com\/wp-content\/uploads\/2024\/05\/flag-drapeau-bulgarie.png\" alt=\"\" class=\"wp-image-7141\"\/><\/a><\/figure>\n<\/div>\n\n\n\n<div class=\"wp-block-column is-layout-flow wp-block-column-is-layout-flow\"><\/div>\n\n\n\n<div class=\"wp-block-column is-layout-flow wp-block-column-is-layout-flow\"><\/div>\n<\/div>\n<\/div><\/div>\n\n\n\n<hr class=\"wp-block-separator has-text-color has-black-color has-alpha-channel-opacity has-black-background-color has-background is-style-default\"\/>\n\n\n\n<div class=\"wp-block-buttons is-content-justification-center is-layout-flex wp-container-core-buttons-is-layout-16018d1d wp-block-buttons-is-layout-flex\">\n<div class=\"wp-block-button\"><a class=\"wp-block-button__link wp-element-button\" href=\"https:\/\/dev.oenobrands.com\/es\/nuestra-red-de-distribuidores\/<br\/&gt;<br\/&gt;<div style=&quot;all: initial !important;&quot;&gt; <\/div&gt;\">SU DISTRIBUIDOR<\/a><\/div>\n<\/div>\n\n\n\n<hr class=\"wp-block-separator has-alpha-channel-opacity\"\/>\n\n\n\n<h3 class=\"wp-block-heading\"><strong>Instrucciones de uso y dosificaci\u00f3n<\/strong><\/h3>\n\n\n\n<ul class=\"wp-block-list\">\n<li>A\u00f1adir lo antes posible en la estrujadora, en la prensa o en el mosto tras el prensado.<\/li>\n\n\n\n<li>Diluir 10 veces antes de la adici\u00f3n.<\/li>\n\n\n\n<li>El tiempo necesario para el test de pectina negativo determinar\u00e1 el tiempo de contacto suficiente. El protocolo del Test de Pectinas Rapidase est\u00e1 disponible m\u00e1s abajo. <\/li>\n<\/ul>\n\n\n\n<figure class=\"wp-block-table aligncenter\"><table><thead><tr><th class=\"has-text-align-center\" data-align=\"center\">T\u00aa<\/th><th class=\"has-text-align-center\" data-align=\"center\">Dosis<\/th><\/tr><\/thead><tbody><tr><td class=\"has-text-align-center\" data-align=\"center\">&lt; 12 \u00b0C<\/td><td class=\"has-text-align-center\" data-align=\"center\">1 g\/hL (mL\/hL)<\/td><\/tr><tr><td class=\"has-text-align-center\" data-align=\"center\">10 &#8211; 12 \u00b0C<\/td><td class=\"has-text-align-center\" data-align=\"center\">2 g\/hL (mL\/hL)<\/td><\/tr><tr><td class=\"has-text-align-center\" data-align=\"center\">&lt; 10 \u00b0C<\/td><td class=\"has-text-align-center\" data-align=\"center\">3 g\/hL (mL\/hL)<\/td><\/tr><\/tbody><\/table><figcaption class=\"wp-element-caption\"><strong>COMENTARIOS : <\/strong>Para tiempos de sedimentaci\u00f3n inferiores a 6 horas a temperaturas superiores &gt;10 \u00b0C: de 2 a 3 g\/hL (mL\/hL)<\/figcaption><\/figure>\n\n\n\n<div style=\"height:30px\" aria-hidden=\"true\" class=\"wp-block-spacer\"><\/div>\n\n\n\n<div class=\"wp-block-buttons is-content-justification-center is-layout-flex wp-container-core-buttons-is-layout-16018d1d wp-block-buttons-is-layout-flex\">\n<div class=\"wp-block-button is-style-fill\"><a class=\"wp-block-button__link wp-element-button\" href=\"https:\/\/dev.oenobrands.com\/es\/recursos-tecnicos\/test-de-pectinas\/\">Protocolo de prueba de pectina<\/a><\/div>\n<\/div>\n\n\n\n<div style=\"height:30px\" aria-hidden=\"true\" class=\"wp-block-spacer\"><\/div>\n\n\n\n<ul class=\"wp-block-list\">\n<li>Para la clarificaci\u00f3n de mostos tintos sometidos a tratamiento t\u00e9rmico, utilice <strong><a href=\"https:\/\/dev.oenobrands.com\/product\/enzyme\/rapidase\/thermoflash\/\"><u>Rapidase Thermoflash<\/u><\/a><\/strong>.<\/li>\n\n\n\n<li>Activa de 6 a 50 \u00b0C. La actividad aumenta con la temperatura. <\/li>\n\n\n\n<li>Activa dentro del intervalo de pH del vino y en presencia de concentraciones normales de SO2.<\/li>\n\n\n\n<li>Eliminado por bentonita.<\/li>\n<\/ul>\n\n\n\n<div style=\"height:30px\" aria-hidden=\"true\" class=\"wp-block-spacer\"><\/div>\n\n\n\n<h3 class=\"wp-block-heading\"><strong><strong>Envase <\/strong><\/strong><strong>y conservaci\u00f3n<\/strong><\/h3>\n\n\n\n<p><strong>Rapidase Clear Extreme L<\/strong> est\u00e1 disponible en bidones de pl\u00e1stico de 1 y 5 kg:<br>\u279c cons\u00e9rvese refrigerado de 4 a 8 \u00b0C.<br><\/p>\n\n\n\n<p><strong>Rapidase Clear Extreme MG <\/strong>est\u00e1 disponible en frascos de 100 g:<br>\u279c cons\u00e9rvese en un lugar seco y fresco entre 5 y 15 \u00b0C<br>\u279c una vez abierto, este producto se puede utilizar hasta<br>su fecha de caducidad.<\/p>\n<\/div>\n<\/div>\n\n\n\n<div style=\"height:30px\" aria-hidden=\"true\" class=\"wp-block-spacer\"><\/div>\n\n\n\n<div class=\"wp-block-group\"><div class=\"wp-block-group__inner-container is-layout-constrained wp-block-group-is-layout-constrained\">\n<hr class=\"wp-block-separator has-text-color has-black-color has-alpha-channel-opacity has-black-background-color has-background\"\/>\n<\/div><\/div>\n\n\n\n<div class=\"wp-block-columns is-layout-flex wp-container-core-columns-is-layout-9d6595d7 wp-block-columns-is-layout-flex\">\n<div class=\"wp-block-column is-layout-flow wp-block-column-is-layout-flow\">\n<div class=\"wp-block-group\"><div class=\"wp-block-group__inner-container is-layout-constrained wp-block-group-is-layout-constrained\">\n<h2 class=\"wp-block-heading\"><strong><strong>Descubra soluciones relacionadas:<\/strong> <\/strong><\/h2>\n\n\n\n<div style=\"height:30px\" aria-hidden=\"true\" class=\"wp-block-spacer\"><\/div>\n\n\n\n<p><strong>\u00bfBusca un enfoque m\u00e1s hol\u00edstico de la vinificaci\u00f3n?<\/strong> Descubra nuestras soluciones enol\u00f3gicas avanzadas relacionadas con Rapidase Clear Extreme.<\/p>\n\n\n\n<div style=\"height:30px\" aria-hidden=\"true\" class=\"wp-block-spacer\"><\/div>\n\n\n\n<div class=\"wp-block-columns are-vertically-aligned-center is-layout-flex wp-container-core-columns-is-layout-9d6595d7 wp-block-columns-is-layout-flex\">\n<div class=\"wp-block-column is-vertically-aligned-center is-layout-flow wp-block-column-is-layout-flow\" style=\"flex-basis:100%\">\n<div class=\"wp-block-buttons is-content-justification-center is-layout-flex wp-container-core-buttons-is-layout-16018d1d wp-block-buttons-is-layout-flex\">\n<div class=\"wp-block-button is-style-fill\"><a class=\"wp-block-button__link wp-element-button\" href=\"https:\/\/dev.oenobrands.com\/solution\/pre-fermentation-steps\/clarification-settling-flotation-centrifugation\/\" target=\"_blank\" rel=\"noreferrer noopener\">Clarificaci\u00f3n del mosto<\/a><\/div>\n\n\n\n<div class=\"wp-block-button is-style-fill\"><a class=\"wp-block-button__link wp-element-button\" href=\"https:\/\/dev.oenobrands.com\/es\/solucion\/sidra\/aplicaciones-para-la-sidra\/<br\/&gt;<br\/&gt;<div style=&quot;all: initial !important;&quot;&gt; <\/div&gt;\" target=\"_blank\" rel=\"noreferrer noopener\">Sidra<\/a><\/div>\n<\/div>\n<\/div>\n<\/div>\n<\/div><\/div>\n\n\n\n<div style=\"height:30px\" aria-hidden=\"true\" class=\"wp-block-spacer\"><\/div>\n<\/div>\n\n\n\n<div class=\"wp-block-column is-layout-flow wp-block-column-is-layout-flow\">\n<h2 class=\"wp-block-heading\"><strong>\u00bfBusca otra cosa?<\/strong><\/h2>\n\n\n\n<div style=\"height:30px\" aria-hidden=\"true\" class=\"wp-block-spacer\"><\/div>\n\n\n\n<p>Visite nuestra secci\u00f3n de Soluciones, donde ofrecemos orientaci\u00f3n experta, conocimientos reconocidos y enfoques innovadores organizados seg\u00fan las etapas del proceso de vinificaci\u00f3n. <strong>Desde la fermentaci\u00f3n hasta la filtraci\u00f3n y el embotellado, le ofrecemos soluciones para mejorar cada etapa de su proceso de vinificaci\u00f3n.<\/strong><\/p>\n\n\n\n<div style=\"height:30px\" aria-hidden=\"true\" class=\"wp-block-spacer\"><\/div>\n\n\n\n<div class=\"wp-block-columns are-vertically-aligned-center is-layout-flex wp-container-core-columns-is-layout-9d6595d7 wp-block-columns-is-layout-flex\">\n<div class=\"wp-block-column is-vertically-aligned-center is-layout-flow wp-block-column-is-layout-flow\" style=\"flex-basis:100%\">\n<div class=\"wp-block-buttons is-content-justification-center is-layout-flex wp-container-core-buttons-is-layout-16018d1d wp-block-buttons-is-layout-flex\">\n<div class=\"wp-block-button is-style-fill\"><a class=\"wp-block-button__link wp-element-button\" href=\"https:\/\/dev.oenobrands.com\/es\/solucion\/\">Advanced winemaking solutions<\/a><\/div>\n<\/div>\n<\/div>\n<\/div>\n<\/div>\n<\/div>\n\n\n\n<div class=\"wp-block-group\"><div class=\"wp-block-group__inner-container is-layout-constrained wp-block-group-is-layout-constrained\">\n<hr class=\"wp-block-separator has-text-color has-black-color has-alpha-channel-opacity has-black-background-color has-background\"\/>\n<\/div><\/div>\n\n\n\n<div style=\"height:30px\" aria-hidden=\"true\" class=\"wp-block-spacer\"><\/div>\n\n\n\n<div class=\"wp-block-columns is-layout-flex wp-container-core-columns-is-layout-9d6595d7 wp-block-columns-is-layout-flex\">\n<div class=\"wp-block-column is-vertically-aligned-center is-layout-flow wp-block-column-is-layout-flow\" style=\"flex-basis:30%\">\n<h1 class=\"wp-block-heading has-text-color\" style=\"color:#545859\">Descubre la gama RAPIDASE<\/h1>\n\n\n\n<div style=\"height:30px\" aria-hidden=\"true\" class=\"wp-block-spacer\"><\/div>\n\n\n\n<div class=\"wp-block-buttons is-content-justification-center is-layout-flex wp-container-core-buttons-is-layout-16018d1d wp-block-buttons-is-layout-flex\">\n<div class=\"wp-block-button\"><a class=\"wp-block-button__link has-background wp-element-button\" style=\"background-color:#545859\">RAPIDASE<\/a><\/div>\n<\/div>\n<\/div>\n\n\n\n<div class=\"wp-block-column is-layout-flow wp-block-column-is-layout-flow\"><div class=\"wp-block-image\">\n<figure class=\"aligncenter size-full\"><img decoding=\"async\" src=\"https:\/\/dev.oenobrands.com\/wp-content\/uploads\/2023\/05\/OENOBRANDS-Rapidase-bandeau.png\" alt=\"OENOBRANDS-Rapidase-bandeau\" class=\"wp-image-4529\"\/><\/figure>\n<\/div><\/div>\n<\/div>\n\n\n\n<div style=\"height:50px\" aria-hidden=\"true\" class=\"wp-block-spacer\"><\/div>\n","protected":false},"excerpt":{"rendered":"<p>Rapidase Clear Extreme Enzima para una clarificaci\u00f3n r\u00e1pida y eficaz del mosto en condiciones dif\u00edciles y extremas FINALIDAD Rapidase\u00ae Clear Extreme reduce la viscosidad y favorece la agregaci\u00f3n de part\u00edculas s\u00f3lidas. Su uso permite obtener l\u00edas m\u00e1s compactas y un mosto m\u00e1s claro cuando las condiciones de sedimentaci\u00f3n son dif\u00edciles incluyendo bajas temperaturas, pH y\/o [&hellip;]<\/p>\n","protected":false},"author":3,"featured_media":0,"parent":16310,"menu_order":5,"comment_status":"closed","ping_status":"closed","template":"page-product.php","meta":{"_acf_changed":false,"_seopress_robots_primary_cat":"0","_seopress_titles_title":"","_seopress_titles_desc":"","_seopress_robots_index":"","_seopress_analysis_target_kw":"","footnotes":""},"class_list":["post-16450","page","type-page","status-publish"],"acf":[],"_links":{"self":[{"href":"https:\/\/dev.oenobrands.com\/es\/wp-json\/wp\/v2\/pages\/16450","targetHints":{"allow":["GET"]}}],"collection":[{"href":"https:\/\/dev.oenobrands.com\/es\/wp-json\/wp\/v2\/pages"}],"about":[{"href":"https:\/\/dev.oenobrands.com\/es\/wp-json\/wp\/v2\/types\/page"}],"author":[{"embeddable":true,"href":"https:\/\/dev.oenobrands.com\/es\/wp-json\/wp\/v2\/users\/3"}],"replies":[{"embeddable":true,"href":"https:\/\/dev.oenobrands.com\/es\/wp-json\/wp\/v2\/comments?post=16450"}],"version-history":[{"count":0,"href":"https:\/\/dev.oenobrands.com\/es\/wp-json\/wp\/v2\/pages\/16450\/revisions"}],"up":[{"embeddable":true,"href":"https:\/\/dev.oenobrands.com\/es\/wp-json\/wp\/v2\/pages\/16310"}],"wp:attachment":[{"href":"https:\/\/dev.oenobrands.com\/es\/wp-json\/wp\/v2\/media?parent=16450"}],"curies":[{"name":"wp","href":"https:\/\/api.w.org\/{rel}","templated":true}]}}