{"id":16332,"date":"2022-10-20T10:37:26","date_gmt":"2022-10-20T08:37:26","guid":{"rendered":"https:\/\/dev.oenobrands.com\/solucion\/filtracion\/filtracion-del-vino\/"},"modified":"2025-03-10T12:06:20","modified_gmt":"2025-03-10T11:06:20","slug":"filtracion-del-vino","status":"publish","type":"page","link":"https:\/\/dev.oenobrands.com\/es\/solucion\/filtracion\/filtracion-del-vino\/","title":{"rendered":"Filtraci\u00f3n del vino"},"content":{"rendered":"\n<div style=\"height:50px\" aria-hidden=\"true\" class=\"wp-block-spacer\"><\/div>\n\n<p>Como en\u00f3logos, sabemos que encontrar el equilibrio ideal entre calidad, claridad y estabilidad en nuestros vinos es esencial para ofrecer una experiencia de consumo placentera. Sin embargo, comprender todos los aspectos de la filtrabilidad del vino puede ser un desaf\u00edo. <strong>Por eso, En Oenobrands, estamos aqu\u00ed para ayudarte a entender el proceso y ofrecerte nuevas soluciones<\/strong> para optimizar la elaboraci\u00f3n de tus vinos. <\/p>\n\n<div style=\"height:30px\" aria-hidden=\"true\" class=\"wp-block-spacer\"><\/div>\n\n<h2 class=\"wp-block-heading\"><strong>\u00bfQu\u00e9 es exactamente la filtraci\u00f3n del vino? <\/strong><\/h2>\n\n<div style=\"height:30px\" aria-hidden=\"true\" class=\"wp-block-spacer\"><\/div>\n\n<div class=\"wp-block-columns is-layout-flex wp-container-core-columns-is-layout-9d6595d7 wp-block-columns-is-layout-flex\">\n<div class=\"wp-block-column is-layout-flow wp-block-column-is-layout-flow\">\n<p><strong>El objetivo de la filtraci\u00f3n del vino es eliminar part\u00edculas en suspensi\u00f3n <\/strong>(fragmentos de c\u00e9lulas de bayas, levaduras, muc\u00edlagos, etc.) o <strong>coloides <\/strong>(polisac\u00e1ridos, polifenoles, prote\u00ednas y sus agregados) responsables de la turbidez.<\/p>\n\n\n\n<p>Para ello, los en\u00f3logos utilizan diversos procesos de filtraci\u00f3n, como la filtraci\u00f3n con placas, tierras filtrantes o filtraci\u00f3n por flujo cruzado. <\/p>\n<\/div>\n\n\n\n<div class=\"wp-block-column is-layout-flow wp-block-column-is-layout-flow\" style=\"flex-basis:5%\"><\/div>\n\n\n\n<div class=\"wp-block-column is-layout-flow wp-block-column-is-layout-flow\">\n<p>Durante este proceso, suelen surgir varios problemas, como <strong>obstrucci\u00f3n de los filtros, disminuci\u00f3n del rendimiento del vino y p\u00e9rdida de compuestos arom\u00e1ticos y de sabor.<\/strong> <\/p>\n\n\n\n<p>Adem\u00e1s, factores como la variedad de uva, las condiciones de la vendimia y las pr\u00e1cticas enol\u00f3gicas pueden afectar la eficacia de los m\u00e9todos de filtraci\u00f3n.<\/p>\n<\/div>\n<\/div>\n\n<div style=\"height:50px\" aria-hidden=\"true\" class=\"wp-block-spacer\"><\/div>\n\n<h2 class=\"wp-block-heading\"><strong><strong>\u00bfC\u00f3mo mejorar la filtrabilidad del vino? <\/strong> <\/strong><\/h2>\n\n<div style=\"height:30px\" aria-hidden=\"true\" class=\"wp-block-spacer\"><\/div>\n\n<div class=\"wp-block-columns is-layout-flex wp-container-core-columns-is-layout-9d6595d7 wp-block-columns-is-layout-flex\">\n<div class=\"wp-block-column is-layout-flow wp-block-column-is-layout-flow\">\n<p>Para facilitar el proceso, <strong>se pueden utilizar varios sistemas en serie<\/strong>, comenzando por la eliminaci\u00f3n de part\u00edculas grandes y aumentando progresivamente el umbral de retenci\u00f3n. <strong>Los filtros var\u00edan seg\u00fan la etapa del proceso en la que se empleen<\/strong>, desde los filtros prensa, utilizados principalmente para la filtraci\u00f3n de l\u00edas, hasta los filtros tangenciales y de cartucho, destinados al acabado del vino y su esterilizaci\u00f3n antes del embotellado.<\/p>\n<\/div>\n\n\n\n<div class=\"wp-block-column is-layout-flow wp-block-column-is-layout-flow\" style=\"flex-basis:5%\"><\/div>\n\n\n\n<div class=\"wp-block-column is-layout-flow wp-block-column-is-layout-flow\">\n<p class=\"has-white-color has-text-color has-background has-link-color wp-elements-f6f34a38eb05ce9521c6f45846c8a4be\" style=\"background-color:#8a918e\">Para evaluar la filtrabilidad del vino, se utilizan \u00edndices estandarizados en bodegas: \u00cdndice de colmataci\u00f3n (C.I.), \u00cdndice de filtrabilidad (FI) y Pruebas Vmax.<\/p>\n<\/div>\n<\/div>\n\n<div style=\"height:50px\" aria-hidden=\"true\" class=\"wp-block-spacer\"><\/div>\n\n<h2 class=\"wp-block-heading\"><strong>\u00bfC\u00f3mo facilitar y acelerar la filtraci\u00f3n?<\/strong><\/h2>\n\n<div style=\"height:30px\" aria-hidden=\"true\" class=\"wp-block-spacer\"><\/div>\n\n<p>Oenobrands ofrece dos soluciones enzim\u00e1ticas innovadoras, <strong>Rapidase VinoFast y Rapidase GlucanFree<\/strong>, dise\u00f1adas para superar los desaf\u00edos de filtraci\u00f3n en vinificaci\u00f3n, especialmente cuando se trabaja con uvas de composici\u00f3n dif\u00edcil o vinos de procesado complejo.<\/p>\n\n<div class=\"wp-block-columns is-layout-flex wp-container-core-columns-is-layout-9d6595d7 wp-block-columns-is-layout-flex\">\n<div class=\"wp-block-column has-background is-layout-flow wp-block-column-is-layout-flow\" style=\"background-color:#f7f7f7\">\n<p><strong>Rapidase Vinofast <\/strong>est\u00e1 dise\u00f1ado para actuar sobre y hidrolizar los polisac\u00e1ridos que afectan negativamente la clarificaci\u00f3n y filtraci\u00f3n del vino. <\/p>\n\n\n\n<p>Esta preparaci\u00f3n l\u00edquida de enzimas tiene actividades pectol\u00edticas como poligalacturonasa, \u03b1-N-arabinofuranosidasa y celulasa, adem\u00e1s de \u03b2-glucanasa. Facilita la clarificaci\u00f3n del vino al reducir el tiempo y la cantidad de coadyuvante necesarios. Adem\u00e1s, <strong>Rapidase VinoFast<\/strong> ayuda en la filtraci\u00f3n al minimizar los problemas de obstrucci\u00f3n del vino, garantizando al mismo tiempo su calidad.   <\/p>\n\n\n\n<figure class=\"wp-block-image size-full zoooom\"><img alt=\"\" loading=\"lazy\" decoding=\"async\" width=\"627\" height=\"382\" src=\"https:\/\/dev.oenobrands.com\/wp-content\/uploads\/2024\/04\/Solution_Wine-filtration_Rapidase-VinoFast.png\" alt=\"\" class=\"wp-image-6654\" srcset=\"https:\/\/dev.oenobrands.com\/wp-content\/uploads\/2024\/04\/Solution_Wine-filtration_Rapidase-VinoFast.png 627w, https:\/\/dev.oenobrands.com\/wp-content\/uploads\/2024\/04\/Solution_Wine-filtration_Rapidase-VinoFast-300x183.png 300w\" sizes=\"auto, (max-width: 627px) 100vw, 627px\" \/><\/figure>\n\n\n\n<p class=\"has-small-font-size\">Flujo de filtraci\u00f3n en un vino tinto h\u00edbrido termoflash dif\u00edcil, tratado con 2,2 mL\/hL de Rapidase VinoFast. Tiempo de contacto de 18 d\u00edas a 18 \u00b0C (Canad\u00e1). <\/p>\n\n\n\n<div style=\"height:50px\" aria-hidden=\"true\" class=\"wp-block-spacer\"><\/div>\n\n\n\n<div class=\"wp-block-buttons is-content-justification-center is-layout-flex wp-container-core-buttons-is-layout-5e6b19ed wp-block-buttons-is-layout-flex\">\n<div class=\"wp-block-button\"><a class=\"wp-block-button__link has-black-color has-text-color has-background wp-element-button\" href=\"https:\/\/dev.oenobrands.com\/product\/enzyme\/rapidase\/rapidase-vinofast\/\" style=\"background-color:#8181a5\">Rapidase <strong>VinoFast<\/strong><\/a><\/div>\n<\/div>\n<\/div>\n\n\n\n<div class=\"wp-block-column is-layout-flow wp-block-column-is-layout-flow\" style=\"flex-basis:2%\"><\/div>\n\n\n\n<div class=\"wp-block-column has-background is-layout-flow wp-block-column-is-layout-flow\" style=\"background-color:#f7f7f7\">\n<p><strong>Rapidase GlucanFree<\/strong> es otra opci\u00f3n enzim\u00e1tica para los vinificadores que enfrentan desaf\u00edos de filtraci\u00f3n, especialmente cuando trabajan con uvas con alto contenido de glucanos. <\/p>\n\n\n\n<p>Esta preparaci\u00f3n enzim\u00e1tica l\u00edquida contiene celulasas y \u03b2-D-glucanasas, que descomponen eficazmente los glucanos y mejoran la filtrabilidad del vino. Al reducir la presencia de glucanos en el vino, <strong>Rapidase GlucanFree<\/strong> ayuda a minimizar los problemas de filtraci\u00f3n y garantiza un proceso de filtraci\u00f3n m\u00e1s fluido. <\/p>\n\n\n\n<figure class=\"wp-block-image size-full zoooom\"><img alt=\"\" loading=\"lazy\" decoding=\"async\" width=\"748\" height=\"555\" src=\"https:\/\/dev.oenobrands.com\/wp-content\/uploads\/2024\/05\/Product_Rapidase-GlucanFree-1.png\" alt=\"\" class=\"wp-image-7624\" srcset=\"https:\/\/dev.oenobrands.com\/wp-content\/uploads\/2024\/05\/Product_Rapidase-GlucanFree-1.png 748w, https:\/\/dev.oenobrands.com\/wp-content\/uploads\/2024\/05\/Product_Rapidase-GlucanFree-1-300x223.png 300w\" sizes=\"auto, (max-width: 748px) 100vw, 748px\" \/><\/figure>\n\n\n\n<p class=\"has-small-font-size\">Tiempo en segundos para el c\u00e1lculo del \u00cdndice de Filtrabilidad. Membrana de filtraci\u00f3n \u00d8 = 0,65 \u00b5m. Mosto afectado por <em>Botrytis cinerea<\/em> tratado con Rapidase GlucanFree a 3 mL\/hL (ISMA, Italia, 2024).  <\/p>\n\n\n\n<div style=\"height:69px\" aria-hidden=\"true\" class=\"wp-block-spacer\"><\/div>\n\n\n\n<div class=\"wp-block-buttons is-content-justification-center is-layout-flex wp-container-core-buttons-is-layout-5e6b19ed wp-block-buttons-is-layout-flex\">\n<div class=\"wp-block-button\"><a class=\"wp-block-button__link has-black-color has-text-color has-background wp-element-button\" href=\"https:\/\/dev.oenobrands.com\/product\/enzyme\/rapidase\/rapidase-glucan-free\/\" style=\"background-color:#69dbc8\">Rapidase <strong>GlucanFree<\/strong><\/a><\/div>\n<\/div>\n<\/div>\n<\/div>\n\n<div style=\"height:50px\" aria-hidden=\"true\" class=\"wp-block-spacer\"><\/div>\n\n<div class=\"wp-block-columns is-layout-flex wp-container-core-columns-is-layout-9d6595d7 wp-block-columns-is-layout-flex\">\n<div class=\"wp-block-column is-vertically-aligned-center is-layout-flow wp-block-column-is-layout-flow\" style=\"flex-basis:30%\">\n<h1 class=\"wp-block-heading has-text-color has-large-font-size\" style=\"color:#545859\">Descubre la gama RAPIDASE<\/h1>\n\n\n\n<div style=\"height:20px\" aria-hidden=\"true\" class=\"wp-block-spacer\"><\/div>\n\n\n\n<div class=\"wp-block-buttons is-content-justification-left is-layout-flex wp-container-core-buttons-is-layout-fdcfc74e wp-block-buttons-is-layout-flex\">\n<div class=\"wp-block-button\"><a class=\"wp-block-button__link has-background wp-element-button\" href=\"https:\/\/dev.oenobrands.com\/product\/enzyme\/rapidase\/\" style=\"background-color:#545859\" target=\"_blank\" rel=\"noreferrer noopener\">RAPIDASE<\/a><\/div>\n<\/div>\n<\/div>\n\n\n\n<div class=\"wp-block-column is-vertically-aligned-top is-layout-flow wp-block-column-is-layout-flow\" style=\"flex-basis:10%\"><\/div>\n\n\n\n<div class=\"wp-block-column is-vertically-aligned-top is-layout-flow wp-block-column-is-layout-flow\">\n<figure class=\"wp-block-image size-full\"><img decoding=\"async\" src=\"https:\/\/dev.oenobrands.com\/wp-content\/uploads\/2023\/05\/OENOBRANDS-Rapidase-bandeau.png\" alt=\"OENOBRANDS-Rapidase-bandeau\" class=\"wp-image-4529\"\/><\/figure>\n<\/div>\n<\/div>\n\n<div style=\"height:50px\" aria-hidden=\"true\" class=\"wp-block-spacer\"><\/div>\n\n<div class=\"wp-block-group\"><div class=\"wp-block-group__inner-container is-layout-constrained wp-block-group-is-layout-constrained\">\n<div class=\"wp-block-group\"><div class=\"wp-block-group__inner-container is-layout-constrained wp-block-group-is-layout-constrained\">\n<div class=\"wp-block-group\"><div class=\"wp-block-group__inner-container is-layout-constrained wp-block-group-is-layout-constrained\">\n<hr class=\"wp-block-separator has-text-color has-alpha-channel-opacity has-background\" style=\"background-color:#8a918e;color:#8a918e\"\/>\n<\/div><\/div>\n<\/div><\/div>\n\n\n\n<div class=\"wp-block-group\"><div class=\"wp-block-group__inner-container is-layout-constrained wp-block-group-is-layout-constrained\">\n<div class=\"wp-block-group\"><div class=\"wp-block-group__inner-container is-layout-constrained wp-block-group-is-layout-constrained\">\n<h2 class=\"wp-block-heading\"><strong>\u00bfY usted?<\/strong><\/h2>\n<\/div><\/div>\n<\/div><\/div>\n\n\n\n<div class=\"wp-block-group\"><div class=\"wp-block-group__inner-container is-layout-constrained wp-block-group-is-layout-constrained\">\n<div class=\"wp-block-group\"><div class=\"wp-block-group__inner-container is-layout-constrained wp-block-group-is-layout-constrained\">\n<p>Con un equipo altamente calificado de expertos en diversos campos, Oenobrands se esfuerza por ofrecer a los vinificadores soluciones novedosas y respaldadas cient\u00edficamente, adem\u00e1s de destacar las sinergias positivas entre sus productos.<\/p>\n<\/div><\/div>\n\n\n\n<div class=\"wp-block-group\"><div class=\"wp-block-group__inner-container is-layout-constrained wp-block-group-is-layout-constrained\">\n<div class=\"wp-block-group\"><div class=\"wp-block-group__inner-container is-layout-constrained wp-block-group-is-layout-constrained\">\n<div class=\"wp-block-columns is-layout-flex wp-container-core-columns-is-layout-9d6595d7 wp-block-columns-is-layout-flex\">\n<div class=\"wp-block-column is-vertically-aligned-center is-layout-flow wp-block-column-is-layout-flow\">\n<div class=\"wp-block-group wp-container-content-9cfa9a5a is-content-justification-left\"><div class=\"wp-block-group__inner-container is-layout-constrained wp-container-core-group-is-layout-8c890d92 wp-block-group-is-layout-constrained\">\n<p class=\"has-text-align-left\" style=\"font-size:0.9rem;font-style:normal;font-weight:600;letter-spacing:1px;text-transform:uppercase\">Busque su soluci\u00f3n o producto.<\/p>\n\n\n<form role=\"search\" method=\"get\" action=\"https:\/\/dev.oenobrands.com\/es\/\" class=\"wp-block-search__button-outside wp-block-search__icon-button wp-block-search\"    ><label class=\"wp-block-search__label screen-reader-text\" for=\"wp-block-search__input-1\" >Buscar<\/label><div class=\"wp-block-search__inside-wrapper\"  style=\"width: 100%\"><input class=\"wp-block-search__input\" id=\"wp-block-search__input-1\" placeholder=\"\" value=\"\" type=\"search\" name=\"s\" required  style=\"border-width: 1px\"\/><button aria-label=\"Buscar\" class=\"wp-block-search__button has-icon wp-element-button\" type=\"submit\"  style=\"border-width: 1px\"><svg class=\"search-icon\" viewBox=\"0 0 24 24\" width=\"24\" height=\"24\">\n\t\t\t\t\t<path d=\"M13 5c-3.3 0-6 2.7-6 6 0 1.4.5 2.7 1.3 3.7l-3.8 3.8 1.1 1.1 3.8-3.8c1 .8 2.3 1.3 3.7 1.3 3.3 0 6-2.7 6-6S16.3 5 13 5zm0 10.5c-2.5 0-4.5-2-4.5-4.5s2-4.5 4.5-4.5 4.5 2 4.5 4.5-2 4.5-4.5 4.5z\"><\/path>\n\t\t\t\t<\/svg><\/button><\/div><\/form><\/div><\/div>\n<\/div>\n\n\n\n<div class=\"wp-block-column is-layout-flow wp-block-column-is-layout-flow\" style=\"flex-basis:3px\"><\/div>\n\n\n\n<div class=\"wp-block-column is-layout-flow wp-block-column-is-layout-flow\">\n<p class=\"has-text-align-center\">Cu\u00e9ntenos sobre sus dificultades, y le responderemos.<\/p>\n\n\n\n<div class=\"wp-block-buttons is-content-justification-center is-layout-flex wp-container-core-buttons-is-layout-16018d1d wp-block-buttons-is-layout-flex\">\n<div class=\"wp-block-button is-style-fill\"><a class=\"wp-block-button__link wp-element-button\" href=\"https:\/\/dev.oenobrands.com\/contact-us\/\" target=\"_blank\" rel=\"noreferrer noopener\">Cont\u00e1ctenos<\/a><\/div>\n<\/div>\n<\/div>\n<\/div>\n<\/div><\/div>\n<\/div><\/div>\n<\/div><\/div>\n<\/div><\/div>\n\n<div style=\"height:50px\" aria-hidden=\"true\" class=\"wp-block-spacer\"><\/div>\n","protected":false},"excerpt":{"rendered":"<p>Como en\u00f3logos, sabemos que encontrar el equilibrio ideal entre calidad, claridad y estabilidad en nuestros vinos es esencial para ofrecer una experiencia de consumo placentera. Sin embargo, comprender todos los aspectos de la filtrabilidad del vino puede ser un desaf\u00edo. Por eso, En Oenobrands, estamos aqu\u00ed para ayudarte a entender el proceso y ofrecerte nuevas [&hellip;]<\/p>\n","protected":false},"author":3,"featured_media":0,"parent":16330,"menu_order":1,"comment_status":"closed","ping_status":"closed","template":"","meta":{"_acf_changed":false,"_seopress_robots_primary_cat":"0","_seopress_titles_title":"","_seopress_titles_desc":"","_seopress_robots_index":"","_seopress_analysis_target_kw":"","footnotes":""},"class_list":["post-16332","page","type-page","status-publish"],"acf":[],"_links":{"self":[{"href":"https:\/\/dev.oenobrands.com\/es\/wp-json\/wp\/v2\/pages\/16332","targetHints":{"allow":["GET"]}}],"collection":[{"href":"https:\/\/dev.oenobrands.com\/es\/wp-json\/wp\/v2\/pages"}],"about":[{"href":"https:\/\/dev.oenobrands.com\/es\/wp-json\/wp\/v2\/types\/page"}],"author":[{"embeddable":true,"href":"https:\/\/dev.oenobrands.com\/es\/wp-json\/wp\/v2\/users\/3"}],"replies":[{"embeddable":true,"href":"https:\/\/dev.oenobrands.com\/es\/wp-json\/wp\/v2\/comments?post=16332"}],"version-history":[{"count":0,"href":"https:\/\/dev.oenobrands.com\/es\/wp-json\/wp\/v2\/pages\/16332\/revisions"}],"up":[{"embeddable":true,"href":"https:\/\/dev.oenobrands.com\/es\/wp-json\/wp\/v2\/pages\/16330"}],"wp:attachment":[{"href":"https:\/\/dev.oenobrands.com\/es\/wp-json\/wp\/v2\/media?parent=16332"}],"curies":[{"name":"wp","href":"https:\/\/api.w.org\/{rel}","templated":true}]}}