{"id":16310,"date":"2022-10-19T21:42:44","date_gmt":"2022-10-19T19:42:44","guid":{"rendered":"https:\/\/dev.oenobrands.com\/producto\/enzyma\/rapidase\/"},"modified":"2025-10-29T10:21:15","modified_gmt":"2025-10-29T09:21:15","slug":"rapidase","status":"publish","type":"page","link":"https:\/\/dev.oenobrands.com\/es\/producto\/enzyma\/rapidase\/","title":{"rendered":"RAPIDASE"},"content":{"rendered":"\n<div style=\"height:50px\" aria-hidden=\"true\" class=\"wp-block-spacer\"><\/div>\n\n\n\n<h2 class=\"wp-block-heading has-text-align-center has-large-font-size\"><strong>Enzimas r\u00e1pidas y eficientes<\/strong><\/h2>\n\n\n\n<div style=\"height:30px\" aria-hidden=\"true\" class=\"wp-block-spacer\"><\/div>\n\n\n<div class=\"wp-block-image\">\n<figure class=\"aligncenter size-full\"><img alt=\"\" loading=\"lazy\" decoding=\"async\" width=\"1529\" height=\"425\" src=\"https:\/\/dev.oenobrands.com\/wp-content\/uploads\/2024\/05\/header-rapidase-page-1.png\" alt=\"\" class=\"wp-image-7252\" srcset=\"https:\/\/dev.oenobrands.com\/wp-content\/uploads\/2024\/05\/header-rapidase-page-1.png 1529w, https:\/\/dev.oenobrands.com\/wp-content\/uploads\/2024\/05\/header-rapidase-page-1-300x83.png 300w, https:\/\/dev.oenobrands.com\/wp-content\/uploads\/2024\/05\/header-rapidase-page-1-1024x285.png 1024w, https:\/\/dev.oenobrands.com\/wp-content\/uploads\/2024\/05\/header-rapidase-page-1-768x213.png 768w\" sizes=\"auto, (max-width: 1529px) 100vw, 1529px\" \/><\/figure>\n<\/div>\n\n\n<div style=\"height:70px\" aria-hidden=\"true\" class=\"wp-block-spacer\"><\/div>\n\n\n\n<h2 class=\"wp-block-heading\"><strong>100 a\u00f1os de producci\u00f3n en nuestra planta en Francia<\/strong><\/h2>\n\n\n\n<div style=\"height:50px\" aria-hidden=\"true\" class=\"wp-block-spacer\"><\/div>\n\n\n\n<div class=\"wp-block-columns is-layout-flex wp-container-core-columns-is-layout-9d6595d7 wp-block-columns-is-layout-flex\">\n<div class=\"wp-block-column is-layout-flow wp-block-column-is-layout-flow\" style=\"flex-basis:50%\">\n<p><strong>La producci\u00f3n de las enzimas Rapidase<sup>\u00ae <\/sup>en Seclin (Norte de Francia) es un ejemplo \u00fanico de biotecnolog\u00eda moderna. <\/strong>La f\u00e1brica fue establecida en los primeros d\u00edas de la microbiolog\u00eda y ha evolucionado continuamente para estar <strong>hoy a la vanguardia en la producci\u00f3n de enzimas<\/strong>. A lo largo de los a\u00f1os, muchas nuevas tecnolog\u00edas y productos han sido desarrollados en el sitio con el objetivo de servir mejor a nuestros clientes con productos innovadores y con la calidad de dsm-firmenich.  <\/p>\n<\/div>\n\n\n\n<div class=\"wp-block-column is-layout-flow wp-block-column-is-layout-flow\" style=\"flex-basis:5%\"><\/div>\n\n\n\n<div class=\"wp-block-column is-layout-flow wp-block-column-is-layout-flow\" style=\"flex-basis:50%\">\n<p>En1922, la primera producci\u00f3n industrial de Rapidase sali\u00f3 de la f\u00e1brica en Seclin, Francia. Con el tiempo, Rapidase pas\u00f3 a formar parte de Gist-Brocades, luego de DSM, y ahora de dsm-firmenich. De hecho, <strong>Rapidase fue nuestra primera enzima comercial.<\/strong> Desde entonces, nos hemos convertido en uno de los <strong>principales proveedores de enzimas a nivel mundial<\/strong>. En estos100 a\u00f1os, <strong>Rapidase ha evolucionado hasta convertirse en la referencia en el portafolio de enzimas <\/strong>para frutas y vinos. Y sigue manteniendo su legado de alto rendimiento, robustez operativa y suministro confiable y de calidad.     <\/p>\n<\/div>\n<\/div>\n\n\n\n<div style=\"height:50px\" aria-hidden=\"true\" class=\"wp-block-spacer\"><\/div>\n\n\n\n<h2 class=\"wp-block-heading\"><strong>Tranquilidad garantizada con las enzimas de dsm-firmenich<\/strong><\/h2>\n\n\n\n<div style=\"height:40px\" aria-hidden=\"true\" class=\"wp-block-spacer\"><\/div>\n\n\n\n<div class=\"wp-block-media-text alignwide has-media-on-the-right is-stacked-on-mobile is-vertically-aligned-center\" style=\"grid-template-columns:auto 38%\"><div class=\"wp-block-media-text__content\">\n<p>Las enzimas Rapidase son producidas por <strong>dsm-firmenich, una de las pocas empresas l\u00edderes globales en enzimas para la industria alimentaria<\/strong>. dsm-firmenich cuenta con la trayectoria m\u00e1s extensa en la producci\u00f3n de enzimas para vinificaci\u00f3n y garantiza su fiabilidad a trav\u00e9s del programa Quality for Life<sup>\u2122<\/sup>.  <\/p>\n\n\n\n<p>Este compromiso asegura que cualquier ingrediente de <strong>dsm-firmenich que compre se ha seguro en t\u00e9rminos de calidad, confiabilidad, reproducibilidad y trazabilidad<\/strong>, y que adem\u00e1s sea fabricado de manera segura y sostenible. Puede encontrar m\u00e1s informaci\u00f3n en <a href=\"http:\/\/www.qualityforlife.com\"><strong><u>www.qualityforlife.com<\/u><\/strong><\/a>. <\/p>\n<\/div><figure class=\"wp-block-media-text__media\"><img alt=\"\" loading=\"lazy\" decoding=\"async\" width=\"1024\" height=\"782\" src=\"https:\/\/dev.oenobrands.com\/wp-content\/uploads\/2024\/03\/20230118-DSM-Firmenich_Logo_Secondary_Digital_RGB_Positive-1024x782.png\" alt=\"\" class=\"wp-image-6137 size-full\" srcset=\"https:\/\/dev.oenobrands.com\/wp-content\/uploads\/2024\/03\/20230118-DSM-Firmenich_Logo_Secondary_Digital_RGB_Positive-1024x782.png 1024w, https:\/\/dev.oenobrands.com\/wp-content\/uploads\/2024\/03\/20230118-DSM-Firmenich_Logo_Secondary_Digital_RGB_Positive-300x229.png 300w, https:\/\/dev.oenobrands.com\/wp-content\/uploads\/2024\/03\/20230118-DSM-Firmenich_Logo_Secondary_Digital_RGB_Positive-768x586.png 768w, https:\/\/dev.oenobrands.com\/wp-content\/uploads\/2024\/03\/20230118-DSM-Firmenich_Logo_Secondary_Digital_RGB_Positive-1536x1172.png 1536w, https:\/\/dev.oenobrands.com\/wp-content\/uploads\/2024\/03\/20230118-DSM-Firmenich_Logo_Secondary_Digital_RGB_Positive-2048x1563.png 2048w\" sizes=\"auto, (max-width: 1024px) 100vw, 1024px\" \/><\/figure><\/div>\n\n\n\n<div style=\"height:40px\" aria-hidden=\"true\" class=\"wp-block-spacer\"><\/div>\n\n\n\n<div class=\"wp-block-columns has-background is-layout-flex wp-container-core-columns-is-layout-9d6595d7 wp-block-columns-is-layout-flex\" style=\"background-color:#ebebeb\">\n<div class=\"wp-block-column is-layout-flow wp-block-column-is-layout-flow\" style=\"flex-basis:33.33%\"><div class=\"wp-block-image\">\n<figure class=\"aligncenter size-full\"><img loading=\"lazy\" decoding=\"async\" width=\"198\" height=\"196\" src=\"https:\/\/dev.oenobrands.com\/wp-content\/uploads\/2023\/04\/RAPIDASE-tested-validated-by-oenobrands.png\" alt=\"Rapidase, probado y validado por Oenobrands\" class=\"wp-image-2394\"\/><\/figure>\n<\/div><\/div>\n\n\n\n<div class=\"wp-block-column is-layout-flow wp-block-column-is-layout-flow\" style=\"flex-basis:66.66%\">\n<div class=\"wp-block-group\"><div class=\"wp-block-group__inner-container is-layout-constrained wp-block-group-is-layout-constrained\">\n<div class=\"wp-block-group\"><div class=\"wp-block-group__inner-container is-layout-constrained wp-block-group-is-layout-constrained\">\n<h2 class=\"wp-block-heading has-black-color has-text-color has-link-color wp-elements-5f51be48b3d1e8b116ea3bb0388e88d7\"><strong>UNA ENZIMA, UNA APLICACI\u00d3N<\/strong><\/h2>\n<\/div><\/div>\n<\/div><\/div>\n\n\n\n<div style=\"height:25px\" aria-hidden=\"true\" class=\"wp-block-spacer\"><\/div>\n\n\n\n<div class=\"wp-block-group has-black-color has-text-color has-link-color wp-elements-3c93a25ee92c3d421a1905b358cf2c26\"><div class=\"wp-block-group__inner-container is-layout-constrained wp-block-group-is-layout-constrained\">\n<p class=\"has-black-color has-text-color\">Para garantizar m\u00e1xima eficiencia en cada aplicaci\u00f3n,<strong> cada formulaci\u00f3n de Rapidase se desarrolla y prueba con los institutos de investigaci\u00f3n enol\u00f3gica <\/strong>m\u00e1s prestigiosos del mundo y se valida en bodegas a escala de producci\u00f3n. <\/p>\n\n\n\n<p class=\"has-black-color has-text-color\">Nuestro equipo t\u00e9cnico y comercial est\u00e1 disponible para proporcionarle resultados de pruebas y asesorarlo en la evaluaci\u00f3n del rendimiento \u00f3ptimo del producto bajo sus condiciones espec\u00edficas.<\/p>\n<\/div><\/div>\n<\/div>\n<\/div>\n\n\n\n<div style=\"height:50px\" aria-hidden=\"true\" class=\"wp-block-spacer\"><\/div>\n\n\n\n<div class=\"wp-block-columns is-layout-flex wp-container-core-columns-is-layout-9d6595d7 wp-block-columns-is-layout-flex\">\n<div class=\"wp-block-column is-layout-flow wp-block-column-is-layout-flow\">\n<h2 class=\"wp-block-heading has-text-align-center\"><strong>\u00bfC\u00f3mo elegir la enzima Rapidase adecuada para su proceso?<\/strong><\/h2>\n\n\n\n<div class=\"wp-block-buttons is-content-justification-center is-layout-flex wp-container-core-buttons-is-layout-16018d1d wp-block-buttons-is-layout-flex\">\n<div class=\"wp-block-button\"><a class=\"wp-block-button__link wp-element-button\" href=\"https:\/\/dev.oenobrands.com\/es\/producto\/enzyma\/eleccion-de-rapidase\/\" target=\"_blank\" rel=\"noreferrer noopener\">Elecci\u00f3n de enzimas Rapidase<\/a><\/div>\n<\/div>\n\n\n\n<div style=\"height:50px\" aria-hidden=\"true\" class=\"wp-block-spacer\"><\/div>\n<\/div>\n\n\n\n<div class=\"wp-block-column is-layout-flow wp-block-column-is-layout-flow\" style=\"flex-basis:5px\"><\/div>\n\n\n\n<div class=\"wp-block-column is-layout-flow wp-block-column-is-layout-flow\">\n<h2 class=\"wp-block-heading has-text-align-center\"><strong>Aprenda m\u00e1s sobre la producci\u00f3n de Rapidase<\/strong> <\/h2>\n\n\n\n<div style=\"height:30px\" aria-hidden=\"true\" class=\"wp-block-spacer\"><\/div>\n\n\n\n<div class=\"wp-block-buttons is-content-justification-center is-layout-flex wp-container-core-buttons-is-layout-16018d1d wp-block-buttons-is-layout-flex\">\n<div class=\"wp-block-button\"><a class=\"wp-block-button__link wp-element-button\" href=\"https:\/\/dev.oenobrands.com\/es\/produccion-de-enzimas-rapidase\/\">Producci\u00f3n de Rapidase<\/a><\/div>\n<\/div>\n\n\n\n<div style=\"height:30px\" aria-hidden=\"true\" class=\"wp-block-spacer\"><\/div>\n<\/div>\n\n\n\n<div class=\"wp-block-column is-layout-flow wp-block-column-is-layout-flow\" style=\"flex-basis:5px\"><\/div>\n\n\n\n<div class=\"wp-block-column is-layout-flow wp-block-column-is-layout-flow\">\n<h2 class=\"wp-block-heading has-text-align-center\"><strong>Explore, pruebe y transforme sus vinos<\/strong><\/h2>\n\n\n\n<div style=\"height:30px\" aria-hidden=\"true\" class=\"wp-block-spacer\"><\/div>\n\n\n\n<div class=\"wp-block-buttons is-content-justification-center is-layout-flex wp-container-core-buttons-is-layout-16018d1d wp-block-buttons-is-layout-flex\">\n<div class=\"wp-block-button is-style-fill\"><a class=\"wp-block-button__link wp-element-button\" href=\"https:\/\/dev.oenobrands.com\/es\/kits-de-enzimas-rapidase\/\" target=\"_blank\" rel=\"noreferrer noopener\">Kits Rapidase<\/a><\/div>\n<\/div>\n<\/div>\n<\/div>\n\n\n\n<div style=\"height:50px\" aria-hidden=\"true\" class=\"wp-block-spacer\"><\/div>\n\n\n\n<h2 class=\"wp-block-heading\"><strong><strong>Descubra nuestra gama<\/strong> de <strong>enzimas <\/strong>Rapidase:<\/strong><\/h2>\n\n\n\n<div style=\"height:50px\" aria-hidden=\"true\" class=\"wp-block-spacer\"><\/div>\n","protected":false},"excerpt":{"rendered":"<p>Enzimas r\u00e1pidas y eficientes 100 a\u00f1os de producci\u00f3n en nuestra planta en Francia La producci\u00f3n de las enzimas Rapidase\u00ae en Seclin (Norte de Francia) es un ejemplo \u00fanico de biotecnolog\u00eda moderna. La f\u00e1brica fue establecida en los primeros d\u00edas de la microbiolog\u00eda y ha evolucionado continuamente para estar hoy a la vanguardia en la producci\u00f3n [&hellip;]<\/p>\n","protected":false},"author":3,"featured_media":0,"parent":16304,"menu_order":1,"comment_status":"closed","ping_status":"closed","template":"","meta":{"_acf_changed":false,"_seopress_robots_primary_cat":"0","_seopress_titles_title":"","_seopress_titles_desc":"","_seopress_robots_index":"","_seopress_analysis_target_kw":"","footnotes":""},"class_list":["post-16310","page","type-page","status-publish"],"acf":[],"_links":{"self":[{"href":"https:\/\/dev.oenobrands.com\/es\/wp-json\/wp\/v2\/pages\/16310","targetHints":{"allow":["GET"]}}],"collection":[{"href":"https:\/\/dev.oenobrands.com\/es\/wp-json\/wp\/v2\/pages"}],"about":[{"href":"https:\/\/dev.oenobrands.com\/es\/wp-json\/wp\/v2\/types\/page"}],"author":[{"embeddable":true,"href":"https:\/\/dev.oenobrands.com\/es\/wp-json\/wp\/v2\/users\/3"}],"replies":[{"embeddable":true,"href":"https:\/\/dev.oenobrands.com\/es\/wp-json\/wp\/v2\/comments?post=16310"}],"version-history":[{"count":0,"href":"https:\/\/dev.oenobrands.com\/es\/wp-json\/wp\/v2\/pages\/16310\/revisions"}],"up":[{"embeddable":true,"href":"https:\/\/dev.oenobrands.com\/es\/wp-json\/wp\/v2\/pages\/16304"}],"wp:attachment":[{"href":"https:\/\/dev.oenobrands.com\/es\/wp-json\/wp\/v2\/media?parent=16310"}],"curies":[{"name":"wp","href":"https:\/\/api.w.org\/{rel}","templated":true}]}}