{"id":16202,"date":"2022-10-20T10:38:06","date_gmt":"2022-10-20T08:38:06","guid":{"rendered":"https:\/\/dev.oenobrands.com\/estabilizacion-tartarica\/"},"modified":"2025-10-31T14:32:59","modified_gmt":"2025-10-31T13:32:59","slug":"estabilizacion-tartarica","status":"publish","type":"page","link":"https:\/\/dev.oenobrands.com\/es\/solucion\/estabilizacion-del-vino\/estabilizacion-tartarica\/","title":{"rendered":"Estabilizaci\u00f3n tart\u00e1rica"},"content":{"rendered":"\n<div style=\"height:50px\" aria-hidden=\"true\" class=\"wp-block-spacer\"><\/div>\n\n<h2 class=\"wp-block-heading has-large-font-size\"><strong>\u00bfQu\u00e9 es<\/strong> <strong>la estabilizaci\u00f3n tart\u00e1rica del vino? <\/strong> <\/h2>\n\n<div style=\"height:50px\" aria-hidden=\"true\" class=\"wp-block-spacer\"><\/div>\n\n<div class=\"wp-block-columns is-layout-flex wp-container-core-columns-is-layout-9d6595d7 wp-block-columns-is-layout-flex\">\n<div class=\"wp-block-column is-layout-flow wp-block-column-is-layout-flow\" style=\"flex-basis:50%\">\n<p><strong>La estabilizaci\u00f3n tart\u00e1rica es una etapa clave de la vinificaci\u00f3n <\/strong>que evita la formaci\u00f3n de cristales de tartrato en el producto final. Estos cristales, que se componen de tartrato pot\u00e1sico y tartrato c\u00e1lcico y que pueden formarse cuando el vino se enfr\u00eda, pueden resultar antiest\u00e9ticos y poco atractivos para los consumidores. <strong>Aunque existen varios m\u00e9todos para estabilizar los tartratos, uno de los m\u00e1s eficaces es el uso de manoprote\u00ednas de levadura<\/strong>. <\/p>\n<\/div>\n\n\n\n<div class=\"wp-block-column is-layout-flow wp-block-column-is-layout-flow\" style=\"flex-basis:50%\">\n<p>El proceso de estabilizaci\u00f3n del tartrato consiste en<strong> impedir la precipitaci\u00f3n de estos cristales antes de que puedan formarse.<\/strong> Un m\u00e9todo para conseguirlo es utilizar manoprote\u00ednas de levadura. <\/p>\n<\/div>\n<\/div>\n\n<div style=\"height:50px\" aria-hidden=\"true\" class=\"wp-block-spacer\"><\/div>\n\n<h2 class=\"wp-block-heading\"><strong>\u00bfQu\u00e9 son las manoprote\u00ednas de levadura y por qu\u00e9 algunas son espec\u00edficas para la inhibici\u00f3n de la precipitaci\u00f3n de sales de tartrato? <\/strong><\/h2>\n\n<div style=\"height:30px\" aria-hidden=\"true\" class=\"wp-block-spacer\"><\/div>\n\n<div class=\"wp-block-columns is-layout-flex wp-container-core-columns-is-layout-9d6595d7 wp-block-columns-is-layout-flex\">\n<div class=\"wp-block-column is-layout-flow wp-block-column-is-layout-flow\" style=\"flex-basis:33.33%\">\n<p><strong>Las manoprote\u00ednas de levadura son un tipo de prote\u00ednas que se encuentran en las paredes celulares de las levaduras.<\/strong> Se sabe que tienen un efecto inhibidor sobre la precipitaci\u00f3n de sales de tartrato. Esto se debe a su capacidad para unirse a los cristales e impedir que se formen y crezcan. <\/p>\n<\/div>\n\n\n\n<div class=\"wp-block-column is-layout-flow wp-block-column-is-layout-flow\" style=\"flex-basis:10px\"><\/div>\n\n\n\n<div class=\"wp-block-column is-layout-flow wp-block-column-is-layout-flow\" style=\"flex-basis:33.33%\">\n<p>Dentro de la extensa familia de los polisac\u00e1ridos, <strong>las manoprote\u00ednas tambi\u00e9n constituyen un gran grupo debido a las m\u00faltiples variaciones de sus componentes principales<\/strong>, que son prote\u00ednas y manosa (unidades de az\u00facar con diferentes posibilidades de ramificaci\u00f3n).<\/p>\n<\/div>\n\n\n\n<div class=\"wp-block-column is-layout-flow wp-block-column-is-layout-flow\" style=\"flex-basis:10px\"><\/div>\n\n\n\n<div class=\"wp-block-column is-layout-flow wp-block-column-is-layout-flow\" style=\"flex-basis:33.33%\">\n<p>Las cadenas de manano pueden ser de diferentes longitudes, la parte pept\u00eddica puede ser de diferentes tama\u00f1os y las proporciones relativas de las fracciones pept\u00eddica y de manano pueden variar.<\/p>\n<\/div>\n<\/div>\n\n<h2 class=\"wp-block-heading\"><strong>\u00bfCu\u00e1les son las ventajas de utilizar las manoprote\u00ednas de levadura Claristar para la estabilizaci\u00f3n tart\u00e1rica? <\/strong><\/h2>\n\n<div class=\"wp-block-group has-background\" style=\"background-color:#f7f7f7\"><div class=\"wp-block-group__inner-container is-layout-constrained wp-block-group-is-layout-constrained\">\n<div class=\"wp-block-columns has-background is-layout-flex wp-container-core-columns-is-layout-9d6595d7 wp-block-columns-is-layout-flex\" style=\"background-color:#f7f7f7\">\n<div class=\"wp-block-column is-layout-flow wp-block-column-is-layout-flow\" style=\"flex-basis:50%\">\n<p><strong>Claristar<sup>\u00ae<\/sup> es la primera manoprote\u00edna l\u00edquida del mundo para la producci\u00f3n de vinos de calidad. <\/strong> Posee propiedades estabilizantes \u00fanicas, que le permiten inhibir la precipitaci\u00f3n de las sales de bitartrato de potasio en el vino tinto, blanco y rosado. El proceso de producci\u00f3n patentado permite a Oenobrands suministrar una soluci\u00f3n purificada de manoprote\u00ednas espec\u00edficas, extra\u00eddas de <em>Saccharomyces cerevisiae. <\/em> <\/p>\n<\/div>\n\n\n\n<div class=\"wp-block-column is-layout-flow wp-block-column-is-layout-flow\" style=\"flex-basis:60%\">\n<div style=\"height:0px\" aria-hidden=\"true\" class=\"wp-block-spacer\"><\/div>\n\n\n\n<div class=\"wp-block-buttons is-content-justification-center is-layout-flex wp-container-core-buttons-is-layout-16018d1d wp-block-buttons-is-layout-flex\">\n<div class=\"wp-block-button\"><a class=\"wp-block-button__link has-white-color has-text-color has-background wp-element-button\" href=\"https:\/\/dev.oenobrands.com\/product\/mannoprotein\/claristar\/\" style=\"background-color:#01426a\" target=\"_blank\" rel=\"noreferrer noopener\">Claristar<\/a><\/div>\n<\/div>\n\n\n\n<div style=\"height:31px\" aria-hidden=\"true\" class=\"wp-block-spacer\"><\/div>\n\n\n\n<p>Claristar es la <strong>manoprote\u00edna m\u00e1s eficaz del mercado, ya que contiene la fracci\u00f3n de manoprote\u00ednas con el \u00cdndice de Estabilidad Tart\u00e1rica (IET) m\u00e1s elevado<\/strong>. Simplemente, esto significa que presenta la mayor eficacia estabilizadora de los tartratos. <\/p>\n<\/div>\n<\/div>\n<\/div><\/div>\n\n<p><strong> Las ventajas de a\u00f1adir manoprote\u00ednas de levadura espec\u00edficas como Claristar <\/strong><strong>para la estabilizaci\u00f3n tart\u00e1rica son numerosas e incluyen: <\/strong> <\/p>\n\n<div class=\"wp-block-columns is-layout-flex wp-container-core-columns-is-layout-9d6595d7 wp-block-columns-is-layout-flex\">\n<div class=\"wp-block-column is-layout-flow wp-block-column-is-layout-flow\">\n<ul class=\"wp-block-list\">\n<li><strong>Mayor estabilidad: <\/strong>permite a los en\u00f3logos elaborar un producto de calidad alta y constante y sin antiest\u00e9ticos cristales de tartrato. Esto puede ser <strong>especialmente importante para los vinos de alta gama<\/strong>, ya que la presencia de estos cristales puede desanimar a los consumidores <\/li>\n\n\n\n<li><strong>Preservaci\u00f3n de las caracter\u00edsticas del vino:<\/strong> La precipitaci\u00f3n de tartratos <strong>puede afectar al sabor y a la sensaci\u00f3n en boca del vino<\/strong>, haciendo que parezca un vino cerrado y afectando a su acidez. Al evitar esta precipitaci\u00f3n, el vino conserva su acidez y color originales durante m\u00e1s tiempo. <\/li>\n\n\n\n<li><strong>Mejora de los aromas y la sensaci\u00f3n en boca:<\/strong> Claristar tambi\u00e9n presenta la ventaja adicional de <strong>mejorar la calidad sensorial del vino<\/strong> al aumentar la percepci\u00f3n de sedosidad y reducir la astringencia en el ataque y final de boca.<\/li>\n<\/ul>\n<\/div>\n\n\n\n<div class=\"wp-block-column is-layout-flow wp-block-column-is-layout-flow\" style=\"flex-basis:2%\"><\/div>\n\n\n\n<div class=\"wp-block-column is-layout-flow wp-block-column-is-layout-flow\">\n<ul class=\"wp-block-list\">\n<li><strong>Aumento de la vida \u00fatil:<\/strong> Al evitar la precipitaci\u00f3n de sales de tartrato, <strong>el vino puede mantener su calidad durante m\u00e1s tiempo. <\/strong>Esto significa que el vino puede conservarse durante m\u00e1s tiempo sin perder su calidad.<\/li>\n\n\n\n<li><strong>Sostenibilidad<\/strong>: es una forma natural y respetuosa con el medio ambiente de estabilizar el vino<strong> sin utilizar productos qu\u00edmicos ni otros aditivos artificiales. <\/strong><\/li>\n\n\n\n<li><strong>Convencional y ecol\u00f3gico: <\/strong>La manoprote\u00edna Claristar est\u00e1 indicada para su uso en la producci\u00f3n de vino convencional y ecol\u00f3gico (UE y NOP).<\/li>\n\n\n\n<li><strong>Se puede utilizar junto con otros m\u00e9todos, como la estabilizaci\u00f3n por fr\u00edo.<\/strong> La estabilizaci\u00f3n por fr\u00edo es un proceso que consiste en enfriar el vino a una temperatura muy baja para favorecer la formaci\u00f3n de cristales de tartrato y luego filtrarlos. <strong>Al utilizar la manoprote\u00edna de levadura Claristar junto con la estabilizaci\u00f3n por fr\u00edo, <\/strong>los en\u00f3logos pueden llevar a cabo un proceso de estabilizaci\u00f3n por fr\u00edo menos agresivo y asegurar que su vino estar\u00e1 completamente estabilizado y sin cristales de tartrato. <\/li>\n<\/ul>\n<\/div>\n<\/div>\n\n<div style=\"height:18px\" aria-hidden=\"true\" class=\"wp-block-spacer\"><\/div>\n\n<h2 class=\"wp-block-heading\"><strong>\u00bfC\u00f3mo se utiliza la manoprote\u00edna Claristar para la estabilizaci\u00f3n tart\u00e1rica?<\/strong><\/h2>\n\n<div style=\"height:30px\" aria-hidden=\"true\" class=\"wp-block-spacer\"><\/div>\n\n<p><strong>Algunos en\u00f3logos podr\u00edan considerar que determinar la cantidad \u00f3ptima de manoprote\u00edna de levadura a a\u00f1adir al vino es bastante dif\u00edcil, y por tanto la inhibici\u00f3n de la precipitaci\u00f3n de tartratos puede verse como poco segura. <\/strong><\/p>\n\n<p>En los laboratorios asociados se determina la dosis precisa seg\u00fan el \u00abm\u00e9todo ISS para Claristar\u00bb (ISS significa \u00cdndice de Supersaturaci\u00f3n Estable), un par\u00e1metro que se determina mediante el an\u00e1lisis de la estabilidad tart\u00e1rica con el instrumento Checkstab. Oenobrands ha creado este m\u00e9todo de referencia \u00fanico y est\u00e1ndar con el apoyo de Dario Montagnani\/Enolab Service srl y Checkstab Instruments de Delta Acque.<strong> El objetivo de este an\u00e1lisis es proporcionarle la dosis exacta de Claristar necesaria para estabilizar su vino, sin ning\u00fan tipo de incertidumbre.<\/strong> <\/p>\n\n<div style=\"height:23px\" aria-hidden=\"true\" class=\"wp-block-spacer\"><\/div>\n\n<h2 class=\"wp-block-heading\"><strong>Y en la pr\u00e1ctica, \u00bfc\u00f3mo se procede?<\/strong><\/h2>\n\n<div style=\"height:29px\" aria-hidden=\"true\" class=\"wp-block-spacer\"><\/div>\n\n<p>El proceso de adici\u00f3n de Claristar para la estabilizaci\u00f3n de tartratos es bastante sencillo. <\/p>\n\n<p>La utilizaci\u00f3n no puede ser m\u00e1s c\u00f3moda, <strong>ya que Claristar se a\u00f1ade directamente al vino antes del embotellado<\/strong>, lo que permite una homogeneidad perfecta, adem\u00e1s de la filtraci\u00f3n justo despu\u00e9s de la adici\u00f3n.<\/p>\n\n<div style=\"height:50px\" aria-hidden=\"true\" class=\"wp-block-spacer\"><\/div>\n\n<div class=\"wp-block-columns is-layout-flex wp-container-core-columns-is-layout-9d6595d7 wp-block-columns-is-layout-flex\">\n<div class=\"wp-block-column is-vertically-aligned-center is-layout-flow wp-block-column-is-layout-flow\" style=\"flex-basis:30%\">\n<h1 class=\"wp-block-heading has-text-color\" style=\"color:#01426a\">Descubra el producto CLARISTAR<\/h1>\n\n\n\n<div style=\"height:20px\" aria-hidden=\"true\" class=\"wp-block-spacer\"><\/div>\n\n\n\n<div class=\"wp-block-buttons is-content-justification-left is-layout-flex wp-container-core-buttons-is-layout-fdcfc74e wp-block-buttons-is-layout-flex\">\n<div class=\"wp-block-button\"><a class=\"wp-block-button__link has-background wp-element-button\" href=\"https:\/\/dev.oenobrands.com\/product\/mannoprotein\/claristar\/\" style=\"background-color:#01426a\" target=\"_blank\" rel=\"noreferrer noopener\">CLARISTAR<\/a><\/div>\n<\/div>\n<\/div>\n\n\n\n<div class=\"wp-block-column is-layout-flow wp-block-column-is-layout-flow\" style=\"flex-basis:50px\"><\/div>\n\n\n\n<div class=\"wp-block-column is-layout-flow wp-block-column-is-layout-flow\"><div class=\"wp-block-image\">\n<figure class=\"aligncenter size-full\"><img decoding=\"async\" src=\"https:\/\/dev.oenobrands.com\/wp-content\/uploads\/2023\/04\/Oenobrands-Claristar-logo-1-e1683712728273.png\" alt=\"Oenobrands Claristar mannoproteins logo\" class=\"wp-image-2449\"\/><\/figure>\n<\/div><\/div>\n<\/div>\n\n<div style=\"height:50px\" aria-hidden=\"true\" class=\"wp-block-spacer\"><\/div>\n\n<div class=\"wp-block-group\"><div class=\"wp-block-group__inner-container is-layout-constrained wp-block-group-is-layout-constrained\">\n<div class=\"wp-block-group\"><div class=\"wp-block-group__inner-container is-layout-constrained wp-block-group-is-layout-constrained\">\n<div class=\"wp-block-group\"><div class=\"wp-block-group__inner-container is-layout-constrained wp-block-group-is-layout-constrained\">\n<div class=\"wp-block-group\"><div class=\"wp-block-group__inner-container is-layout-constrained wp-block-group-is-layout-constrained\">\n<hr class=\"wp-block-separator has-text-color has-alpha-channel-opacity has-background\" style=\"background-color:#8a918e;color:#8a918e\"\/>\n<\/div><\/div>\n<\/div><\/div>\n\n\n\n<div class=\"wp-block-group\"><div class=\"wp-block-group__inner-container is-layout-constrained wp-block-group-is-layout-constrained\">\n<div class=\"wp-block-group\"><div class=\"wp-block-group__inner-container is-layout-constrained wp-block-group-is-layout-constrained\">\n<h2 class=\"wp-block-heading\"><strong>\u00bfY usted?<\/strong><\/h2>\n<\/div><\/div>\n<\/div><\/div>\n\n\n\n<div class=\"wp-block-group\"><div class=\"wp-block-group__inner-container is-layout-constrained wp-block-group-is-layout-constrained\">\n<div class=\"wp-block-group\"><div class=\"wp-block-group__inner-container is-layout-constrained wp-block-group-is-layout-constrained\">\n<p>Con un equipo altamente calificado de expertos en diversos campos, Oenobrands se esfuerza por ofrecer a los vinificadores soluciones novedosas y respaldadas cient\u00edficamente, adem\u00e1s de destacar las sinergias positivas entre sus productos.<\/p>\n<\/div><\/div>\n\n\n\n<div class=\"wp-block-group\"><div class=\"wp-block-group__inner-container is-layout-constrained wp-block-group-is-layout-constrained\">\n<div class=\"wp-block-group\"><div class=\"wp-block-group__inner-container is-layout-constrained wp-block-group-is-layout-constrained\">\n<div class=\"wp-block-columns is-layout-flex wp-container-core-columns-is-layout-9d6595d7 wp-block-columns-is-layout-flex\">\n<div class=\"wp-block-column is-vertically-aligned-center is-layout-flow wp-block-column-is-layout-flow\">\n<div class=\"wp-block-group wp-container-content-9cfa9a5a is-content-justification-left\"><div class=\"wp-block-group__inner-container is-layout-constrained wp-container-core-group-is-layout-8c890d92 wp-block-group-is-layout-constrained\">\n<p class=\"has-text-align-left\" style=\"font-size:0.9rem;font-style:normal;font-weight:600;letter-spacing:1px;text-transform:uppercase\">Busque su soluci\u00f3n o producto.<\/p>\n\n\n<form role=\"search\" method=\"get\" action=\"https:\/\/dev.oenobrands.com\/es\/\" class=\"wp-block-search__button-outside wp-block-search__icon-button wp-block-search\"    ><label class=\"wp-block-search__label screen-reader-text\" for=\"wp-block-search__input-1\" >Buscar<\/label><div class=\"wp-block-search__inside-wrapper\"  style=\"width: 100%\"><input class=\"wp-block-search__input\" id=\"wp-block-search__input-1\" placeholder=\"\" value=\"\" type=\"search\" name=\"s\" required  style=\"border-width: 1px\"\/><button aria-label=\"Buscar\" class=\"wp-block-search__button has-icon wp-element-button\" type=\"submit\"  style=\"border-width: 1px\"><svg class=\"search-icon\" viewBox=\"0 0 24 24\" width=\"24\" height=\"24\">\n\t\t\t\t\t<path d=\"M13 5c-3.3 0-6 2.7-6 6 0 1.4.5 2.7 1.3 3.7l-3.8 3.8 1.1 1.1 3.8-3.8c1 .8 2.3 1.3 3.7 1.3 3.3 0 6-2.7 6-6S16.3 5 13 5zm0 10.5c-2.5 0-4.5-2-4.5-4.5s2-4.5 4.5-4.5 4.5 2 4.5 4.5-2 4.5-4.5 4.5z\"><\/path>\n\t\t\t\t<\/svg><\/button><\/div><\/form><\/div><\/div>\n<\/div>\n\n\n\n<div class=\"wp-block-column is-layout-flow wp-block-column-is-layout-flow\" style=\"flex-basis:3px\"><\/div>\n\n\n\n<div class=\"wp-block-column is-layout-flow wp-block-column-is-layout-flow\">\n<p class=\"has-text-align-center\">Cu\u00e9ntenos sobre sus dificultades, y le responderemos.<\/p>\n\n\n\n<div class=\"wp-block-buttons is-content-justification-center is-layout-flex wp-container-core-buttons-is-layout-16018d1d wp-block-buttons-is-layout-flex\">\n<div class=\"wp-block-button is-style-fill\"><a class=\"wp-block-button__link wp-element-button\" href=\"https:\/\/dev.oenobrands.com\/contact-us\/\" target=\"_blank\" rel=\"noreferrer noopener\">Cont\u00e1ctenos<\/a><\/div>\n<\/div>\n<\/div>\n<\/div>\n<\/div><\/div>\n<\/div><\/div>\n<\/div><\/div>\n<\/div><\/div>\n<\/div><\/div>\n\n<div style=\"height:50px\" aria-hidden=\"true\" class=\"wp-block-spacer\"><\/div>\n","protected":false},"excerpt":{"rendered":"<p>\u00bfQu\u00e9 es la estabilizaci\u00f3n tart\u00e1rica del vino? La estabilizaci\u00f3n tart\u00e1rica es una etapa clave de la vinificaci\u00f3n que evita la formaci\u00f3n de cristales de tartrato en el producto final. Estos cristales, que se componen de tartrato pot\u00e1sico y tartrato c\u00e1lcico y que pueden formarse cuando el vino se enfr\u00eda, pueden resultar antiest\u00e9ticos y poco atractivos [&hellip;]<\/p>\n","protected":false},"author":3,"featured_media":0,"parent":18427,"menu_order":1,"comment_status":"closed","ping_status":"closed","template":"","meta":{"_acf_changed":false,"_seopress_robots_primary_cat":"0","_seopress_titles_title":"","_seopress_titles_desc":"","_seopress_robots_index":"","_seopress_analysis_target_kw":"","footnotes":""},"class_list":["post-16202","page","type-page","status-publish"],"acf":[],"_links":{"self":[{"href":"https:\/\/dev.oenobrands.com\/es\/wp-json\/wp\/v2\/pages\/16202","targetHints":{"allow":["GET"]}}],"collection":[{"href":"https:\/\/dev.oenobrands.com\/es\/wp-json\/wp\/v2\/pages"}],"about":[{"href":"https:\/\/dev.oenobrands.com\/es\/wp-json\/wp\/v2\/types\/page"}],"author":[{"embeddable":true,"href":"https:\/\/dev.oenobrands.com\/es\/wp-json\/wp\/v2\/users\/3"}],"replies":[{"embeddable":true,"href":"https:\/\/dev.oenobrands.com\/es\/wp-json\/wp\/v2\/comments?post=16202"}],"version-history":[{"count":0,"href":"https:\/\/dev.oenobrands.com\/es\/wp-json\/wp\/v2\/pages\/16202\/revisions"}],"up":[{"embeddable":true,"href":"https:\/\/dev.oenobrands.com\/es\/wp-json\/wp\/v2\/pages\/18427"}],"wp:attachment":[{"href":"https:\/\/dev.oenobrands.com\/es\/wp-json\/wp\/v2\/media?parent=16202"}],"curies":[{"name":"wp","href":"https:\/\/api.w.org\/{rel}","templated":true}]}}