{"id":16127,"date":"2024-05-08T10:07:00","date_gmt":"2024-05-08T08:07:00","guid":{"rendered":"https:\/\/dev.oenobrands.com\/oenobook\/"},"modified":"2025-10-31T14:33:13","modified_gmt":"2025-10-31T13:33:13","slug":"oenobook","status":"publish","type":"page","link":"https:\/\/dev.oenobrands.com\/es\/oenobook\/","title":{"rendered":"Oenobook"},"content":{"rendered":"\n<div style=\"height:50px\" aria-hidden=\"true\" class=\"wp-block-spacer\"><\/div>\n\n<div class=\"wp-block-columns has-background is-layout-flex wp-container-core-columns-is-layout-9d6595d7 wp-block-columns-is-layout-flex\" style=\"background-color:#f7f7f7\">\n<div class=\"wp-block-column is-layout-flow wp-block-column-is-layout-flow\">\n<div class=\"wp-block-media-text is-stacked-on-mobile is-vertically-aligned-center\" style=\"grid-template-columns:15% auto\"><figure class=\"wp-block-media-text__media\"><img alt=\"\" loading=\"lazy\" decoding=\"async\" width=\"602\" height=\"853\" src=\"https:\/\/dev.oenobrands.com\/wp-content\/uploads\/2025\/05\/Oenobook-15-cover-Oenobrands.png\" alt=\"\" class=\"wp-image-16930 size-full\" srcset=\"https:\/\/dev.oenobrands.com\/wp-content\/uploads\/2025\/05\/Oenobook-15-cover-Oenobrands.png 602w, https:\/\/dev.oenobrands.com\/wp-content\/uploads\/2025\/05\/Oenobook-15-cover-Oenobrands-212x300.png 212w\" sizes=\"auto, (max-width: 602px) 100vw, 602px\" \/><\/figure><div class=\"wp-block-media-text__content\">\n<p class=\"has-medium-font-size\">Bienvenido a la p\u00e1gina <strong>15 de Oenobook<\/strong>, donde la innovaci\u00f3n se une a la tradici\u00f3n en la elaboraci\u00f3n del vino. Aqu\u00ed podr\u00e1 explorar la <strong>\u00faltima edici\u00f3n de Oenobook<\/strong>, presentada en varios idiomas adaptada a nuestros distribuidores globales.<\/p>\n<\/div><\/div>\n<\/div>\n<\/div>\n\n<div style=\"height:30px\" aria-hidden=\"true\" class=\"wp-block-spacer\"><\/div>\n\n<h3 class=\"wp-block-heading\">Selecciona tu idioma o pa\u00eds de distribuci\u00f3n haciendo clic en la lista correspondiente a continuaci\u00f3n:<\/h3>\n\n<div style=\"height:50px\" aria-hidden=\"true\" class=\"wp-block-spacer\"><\/div>\n\n<details class=\"wp-block-details has-medium-font-size is-layout-flow wp-block-details-is-layout-flow\"><summary>Ingl\u00e9s<\/summary>\n<div class=\"wp-block-media-text is-stacked-on-mobile\" style=\"grid-template-columns:15% auto\"><figure class=\"wp-block-media-text__media\"><img loading=\"lazy\" decoding=\"async\" width=\"180\" height=\"94\" src=\"https:\/\/dev.oenobrands.com\/wp-content\/uploads\/2023\/04\/flag-united-states-english-american.png\" alt=\"Bandera de drapeau estados unidos ingl\u00e9s americano\" class=\"wp-image-2510 size-thumbnail\"\/><\/figure><div class=\"wp-block-media-text__content\">\n<div class=\"_df_book df-lite\" id=\"df_16925\"  _slug=\"oenobook-15-full-in-english\" data-title=\"oenobook-15-full-in-english\" wpoptions=\"true\" thumb=\"https:\/\/dev.oenobrands.com\/wp-content\/uploads\/2025\/05\/Oenobook-15-cover-Oenobrands.png\" thumbtype=\"\" ><\/div><script class=\"df-shortcode-script\" nowprocket type=\"application\/javascript\">window.option_df_16925 = {\"outline\":[],\"autoEnableOutline\":\"false\",\"autoEnableThumbnail\":\"false\",\"overwritePDFOutline\":\"false\",\"direction\":\"1\",\"pageSize\":\"0\",\"source\":\"https:\\\/\\\/dev.oenobrands.com\\\/wp-content\\\/uploads\\\/2025\\\/05\\\/OENOBRANDS-Oenobook-2025-EN-full-BD-no-logo-page.pdf\",\"wpOptions\":\"true\"}; if(window.DFLIP && window.DFLIP.parseBooks){window.DFLIP.parseBooks();}<\/script>\n<\/div><\/div>\n<\/details>\n\n<details class=\"wp-block-details has-medium-font-size is-layout-flow wp-block-details-is-layout-flow\"><summary>Espa\u00f1ol &#8211; Espa\u00f1a<\/summary>\n<div class=\"wp-block-media-text is-stacked-on-mobile\" style=\"grid-template-columns:15% auto\"><figure class=\"wp-block-media-text__media\"><img loading=\"lazy\" decoding=\"async\" width=\"180\" height=\"94\" src=\"https:\/\/dev.oenobrands.com\/wp-content\/uploads\/2023\/04\/bandiera-spagnola-spagna.png\" alt=\"bandera drapeau bandiera spagnola spagna\" class=\"wp-image-2506 size-full\"\/><\/figure><div class=\"wp-block-media-text__content\">\n<div class=\"_df_book df-lite\" id=\"df_17097\"  _slug=\"oenobook-15-es-vason-iberica\" data-title=\"oenobook-15-es-vason-iberica\" wpoptions=\"true\" thumb=\"https:\/\/dev.oenobrands.com\/wp-content\/uploads\/2025\/05\/Oenobook-15-cover-Oenobrands.png\" thumbtype=\"\" ><\/div><script class=\"df-shortcode-script\" nowprocket type=\"application\/javascript\">window.option_df_17097 = {\"outline\":[],\"autoEnableOutline\":\"false\",\"autoEnableThumbnail\":\"false\",\"overwritePDFOutline\":\"false\",\"direction\":\"1\",\"pageSize\":\"0\",\"source\":\"https:\\\/\\\/dev.oenobrands.com\\\/wp-content\\\/uploads\\\/2025\\\/05\\\/OENOBRANDS_Oenobook-2025_ES_Vason-Iberica_page_BD.pdf\",\"wpOptions\":\"true\"}; if(window.DFLIP && window.DFLIP.parseBooks){window.DFLIP.parseBooks();}<\/script>\n<\/div><\/div>\n<\/details>\n\n<details class=\"wp-block-details has-medium-font-size is-layout-flow wp-block-details-is-layout-flow\"><summary>Fran\u00e7ais &#8211; Francia y Suiza<\/summary>\n<div class=\"wp-block-media-text is-stacked-on-mobile\" style=\"grid-template-columns:15% auto\"><figure class=\"wp-block-media-text__media\"><img alt=\"\" loading=\"lazy\" decoding=\"async\" width=\"180\" height=\"94\" src=\"https:\/\/dev.oenobrands.com\/wp-content\/uploads\/2024\/07\/Flag-drapeaux-suisse-france-180x94-1.jpg\" alt=\"\" class=\"wp-image-12979 size-full\"\/><\/figure><div class=\"wp-block-media-text__content\">\n<div class=\"_df_book df-lite\" id=\"df_17103\"  _slug=\"oenobook-15-fr-erbsloh-fr-chaillot\" data-title=\"oenobook-15-fr-erbsloh-fr-chaillot\" wpoptions=\"true\" thumb=\"https:\/\/dev.oenobrands.com\/wp-content\/uploads\/2025\/05\/Oenobook-15-cover-Oenobrands.png\" thumbtype=\"\" ><\/div><script class=\"df-shortcode-script\" nowprocket type=\"application\/javascript\">window.option_df_17103 = {\"outline\":[],\"autoEnableOutline\":\"false\",\"autoEnableThumbnail\":\"false\",\"overwritePDFOutline\":\"false\",\"direction\":\"1\",\"pageSize\":\"0\",\"source\":\"https:\\\/\\\/dev.oenobrands.com\\\/wp-content\\\/uploads\\\/2025\\\/05\\\/OENOBRANDS_Oenobook-2025_FR_full_page_BD.pdf\",\"wpOptions\":\"true\"}; if(window.DFLIP && window.DFLIP.parseBooks){window.DFLIP.parseBooks();}<\/script>\n<\/div><\/div>\n<\/details>\n\n<details class=\"wp-block-details has-medium-font-size is-layout-flow wp-block-details-is-layout-flow\"><summary>Italiano &#8211; Italia<\/summary>\n<div class=\"wp-block-media-text is-stacked-on-mobile\" style=\"grid-template-columns:15% auto\"><figure class=\"wp-block-media-text__media\"><img loading=\"lazy\" decoding=\"async\" width=\"180\" height=\"94\" src=\"https:\/\/dev.oenobrands.com\/wp-content\/uploads\/2023\/04\/bandiera-italiana-italy.png\" alt=\"drapeau bandera bandiera italiana italia\" class=\"wp-image-2512 size-full\"\/><\/figure><div class=\"wp-block-media-text__content\">\n<div class=\"_df_book df-lite\" id=\"df_17105\"  _slug=\"oenobook-15-it-corimpex\" data-title=\"oenobook-15-it-corimpex\" wpoptions=\"true\" thumb=\"https:\/\/dev.oenobrands.com\/wp-content\/uploads\/2025\/05\/Oenobook-15-cover-Oenobrands.png\" thumbtype=\"\" ><\/div><script class=\"df-shortcode-script\" nowprocket type=\"application\/javascript\">window.option_df_17105 = {\"outline\":[],\"autoEnableOutline\":\"false\",\"autoEnableThumbnail\":\"false\",\"overwritePDFOutline\":\"false\",\"direction\":\"1\",\"pageSize\":\"0\",\"source\":\"https:\\\/\\\/dev.oenobrands.com\\\/wp-content\\\/uploads\\\/2025\\\/05\\\/OENOBRANDS_Oenobook-2025_IT_no-Anchor_Corimpex_page_BD.pdf\",\"wpOptions\":\"true\"}; if(window.DFLIP && window.DFLIP.parseBooks){window.DFLIP.parseBooks();}<\/script>\n<\/div><\/div>\n<\/details>\n\n<details class=\"wp-block-details has-medium-font-size is-layout-flow wp-block-details-is-layout-flow\"><summary>Portugu\u00eas &#8211; Portugal<\/summary>\n<div class=\"wp-block-media-text is-stacked-on-mobile\" style=\"grid-template-columns:15% auto\"><figure class=\"wp-block-media-text__media\"><img loading=\"lazy\" decoding=\"async\" width=\"180\" height=\"94\" src=\"https:\/\/dev.oenobrands.com\/wp-content\/uploads\/2024\/05\/Flag-drapeau-Portugal.png\" alt=\"Flag-drapeau-Portugal\" class=\"wp-image-7139 size-full\"\/><\/figure><div class=\"wp-block-media-text__content\">\n<div class=\"_df_book df-lite\" id=\"df_17107\"  _slug=\"oenobook-15-pt-freitas-vilar\" data-title=\"oenobook-15-pt-freitas-vilar\" wpoptions=\"true\" thumb=\"https:\/\/dev.oenobrands.com\/wp-content\/uploads\/2025\/05\/Oenobook-15-cover-Oenobrands.png\" thumbtype=\"\" ><\/div><script class=\"df-shortcode-script\" nowprocket type=\"application\/javascript\">window.option_df_17107 = {\"outline\":[],\"autoEnableOutline\":\"false\",\"autoEnableThumbnail\":\"false\",\"overwritePDFOutline\":\"false\",\"direction\":\"1\",\"pageSize\":\"0\",\"source\":\"https:\\\/\\\/dev.oenobrands.com\\\/wp-content\\\/uploads\\\/2025\\\/05\\\/OENOBRANDS_Oenobook-2025_PT_Freitas-Vilar_page_BD.pdf\",\"wpOptions\":\"true\"}; if(window.DFLIP && window.DFLIP.parseBooks){window.DFLIP.parseBooks();}<\/script>\n<\/div><\/div>\n<\/details>\n\n<details class=\"wp-block-details has-medium-font-size is-layout-flow wp-block-details-is-layout-flow\"><summary>Deutsch &#8211; Alemania<\/summary>\n<div class=\"wp-block-media-text is-stacked-on-mobile\" style=\"grid-template-columns:15% auto\"><figure class=\"wp-block-media-text__media\"><img loading=\"lazy\" decoding=\"async\" width=\"180\" height=\"94\" src=\"https:\/\/dev.oenobrands.com\/wp-content\/uploads\/2023\/05\/Flagge-Deutschland.png\" alt=\"Flagge-Deutschland-flag-drapeau\" class=\"wp-image-3550 size-full\"\/><\/figure><div class=\"wp-block-media-text__content\">\n<p><\/p>\n<\/div><\/div>\n<\/details>\n\n<details class=\"wp-block-details has-medium-font-size is-layout-flow wp-block-details-is-layout-flow\"><summary>Espa\u00f1ol &#8211; Uruguay y Chile<\/summary>\n<div class=\"wp-block-media-text is-stacked-on-mobile\" style=\"grid-template-columns:15% auto\"><figure class=\"wp-block-media-text__media\"><img alt=\"\" loading=\"lazy\" decoding=\"async\" width=\"180\" height=\"94\" src=\"https:\/\/dev.oenobrands.com\/wp-content\/uploads\/2024\/07\/flag-uruguay-drapeaux-1.png\" alt=\"\" class=\"wp-image-13003 size-full\"\/><\/figure><div class=\"wp-block-media-text__content\">\n<p><\/p>\n<\/div><\/div>\n<\/details>\n\n<details class=\"wp-block-details has-medium-font-size is-layout-flow wp-block-details-is-layout-flow\"><summary>Limba rom\u00e2n\u0103 &#8211; Ruman\u00eda<\/summary>\n<div class=\"wp-block-media-text is-stacked-on-mobile\" style=\"grid-template-columns:15% auto\"><figure class=\"wp-block-media-text__media\"><img alt=\"\" loading=\"lazy\" decoding=\"async\" width=\"180\" height=\"94\" src=\"https:\/\/dev.oenobrands.com\/wp-content\/uploads\/2024\/05\/Flag-drapeau-Roumanie.png\" alt=\"\" class=\"wp-image-7145 size-full\"\/><\/figure><div class=\"wp-block-media-text__content\">\n<div class=\"_df_book df-lite\" id=\"df_17119\"  _slug=\"oenobook-15-bul-elton-bulgaria\" data-title=\"oenobook-15-bul-elton-bulgaria\" wpoptions=\"true\" thumb=\"https:\/\/dev.oenobrands.com\/wp-content\/uploads\/2025\/05\/Oenobook-15-cover-Oenobrands.png\" thumbtype=\"\" ><\/div><script class=\"df-shortcode-script\" nowprocket type=\"application\/javascript\">window.option_df_17119 = {\"outline\":[],\"autoEnableOutline\":\"false\",\"autoEnableThumbnail\":\"false\",\"overwritePDFOutline\":\"false\",\"direction\":\"1\",\"pageSize\":\"0\",\"source\":\"https:\\\/\\\/dev.oenobrands.com\\\/wp-content\\\/uploads\\\/2025\\\/05\\\/OENOBRANDS_Oenobook-2025_BUL_full_Elton_BD.pdf\",\"wpOptions\":\"true\"}; if(window.DFLIP && window.DFLIP.parseBooks){window.DFLIP.parseBooks();}<\/script>\n<\/div><\/div>\n<\/details>\n\n<details class=\"wp-block-details has-medium-font-size is-layout-flow wp-block-details-is-layout-flow\"><summary>\u0431\u044a\u043b\u0433\u0430\u0440\u0441\u043a\u0438 &#8211; \u0411\u044a\u043b\u0433\u0430\u0440\u0438\u044f<\/summary>\n<div class=\"wp-block-media-text is-stacked-on-mobile\" style=\"grid-template-columns:15% auto\"><figure class=\"wp-block-media-text__media\"><img alt=\"\" loading=\"lazy\" decoding=\"async\" width=\"180\" height=\"94\" src=\"https:\/\/dev.oenobrands.com\/wp-content\/uploads\/2024\/05\/flag-drapeau-bulgarie.png\" alt=\"\" class=\"wp-image-7141 size-full\"\/><\/figure><div class=\"wp-block-media-text__content\">\n<div class=\"_df_book df-lite\" id=\"df_17119\"  _slug=\"oenobook-15-bul-elton-bulgaria\" data-title=\"oenobook-15-bul-elton-bulgaria\" wpoptions=\"true\" thumb=\"https:\/\/dev.oenobrands.com\/wp-content\/uploads\/2025\/05\/Oenobook-15-cover-Oenobrands.png\" thumbtype=\"\" ><\/div><script class=\"df-shortcode-script\" nowprocket type=\"application\/javascript\">window.option_df_17119 = {\"outline\":[],\"autoEnableOutline\":\"false\",\"autoEnableThumbnail\":\"false\",\"overwritePDFOutline\":\"false\",\"direction\":\"1\",\"pageSize\":\"0\",\"source\":\"https:\\\/\\\/dev.oenobrands.com\\\/wp-content\\\/uploads\\\/2025\\\/05\\\/OENOBRANDS_Oenobook-2025_BUL_full_Elton_BD.pdf\",\"wpOptions\":\"true\"}; if(window.DFLIP && window.DFLIP.parseBooks){window.DFLIP.parseBooks();}<\/script>\n<\/div><\/div>\n<\/details>\n\n<div style=\"height:50px\" aria-hidden=\"true\" class=\"wp-block-spacer\"><\/div>\n","protected":false},"excerpt":{"rendered":"<p>Bienvenido a la p\u00e1gina 15 de Oenobook, donde la innovaci\u00f3n se une a la tradici\u00f3n en la elaboraci\u00f3n del vino. Aqu\u00ed podr\u00e1 explorar la \u00faltima edici\u00f3n de Oenobook, presentada en varios idiomas adaptada a nuestros distribuidores globales. Selecciona tu idioma o pa\u00eds de distribuci\u00f3n haciendo clic en la lista correspondiente a continuaci\u00f3n:<\/p>\n","protected":false},"author":1,"featured_media":0,"parent":0,"menu_order":0,"comment_status":"closed","ping_status":"closed","template":"","meta":{"_acf_changed":false,"_seopress_robots_primary_cat":"0","_seopress_titles_title":"","_seopress_titles_desc":"","_seopress_robots_index":"","_seopress_analysis_target_kw":"","footnotes":""},"class_list":["post-16127","page","type-page","status-publish"],"acf":[],"_links":{"self":[{"href":"https:\/\/dev.oenobrands.com\/es\/wp-json\/wp\/v2\/pages\/16127","targetHints":{"allow":["GET"]}}],"collection":[{"href":"https:\/\/dev.oenobrands.com\/es\/wp-json\/wp\/v2\/pages"}],"about":[{"href":"https:\/\/dev.oenobrands.com\/es\/wp-json\/wp\/v2\/types\/page"}],"author":[{"embeddable":true,"href":"https:\/\/dev.oenobrands.com\/es\/wp-json\/wp\/v2\/users\/1"}],"replies":[{"embeddable":true,"href":"https:\/\/dev.oenobrands.com\/es\/wp-json\/wp\/v2\/comments?post=16127"}],"version-history":[{"count":0,"href":"https:\/\/dev.oenobrands.com\/es\/wp-json\/wp\/v2\/pages\/16127\/revisions"}],"wp:attachment":[{"href":"https:\/\/dev.oenobrands.com\/es\/wp-json\/wp\/v2\/media?parent=16127"}],"curies":[{"name":"wp","href":"https:\/\/api.w.org\/{rel}","templated":true}]}}