{"id":16090,"date":"2022-10-04T16:14:26","date_gmt":"2022-10-04T14:14:26","guid":{"rendered":"https:\/\/dev.oenobrands.com\/sobre-nosotros\/"},"modified":"2025-10-24T13:16:40","modified_gmt":"2025-10-24T11:16:40","slug":"sobre-nosotros","status":"publish","type":"page","link":"https:\/\/dev.oenobrands.com\/es\/sobre-nosotros\/","title":{"rendered":"Sobre nosotros"},"content":{"rendered":"\n<div style=\"height:35px\" aria-hidden=\"true\" class=\"wp-block-spacer\"><\/div>\n\n<div class=\"wp-block-columns is-layout-flex wp-container-core-columns-is-layout-9d6595d7 wp-block-columns-is-layout-flex\">\n<div class=\"wp-block-column is-layout-flow wp-block-column-is-layout-flow\">\n<h2 class=\"wp-block-heading\"><strong>Descubra el mundo de Oenobrands<\/strong><\/h2>\n\n\n\n<div style=\"height:26px\" aria-hidden=\"true\" class=\"wp-block-spacer\"><\/div>\n\n\n\n<p>Oenobrands es <strong>un proveedor l\u00edder mundial de biotecnolog\u00edas de origen biol\u00f3gico para la vinificaci\u00f3n<\/strong>, especializado en el desarrollo y la comercializaci\u00f3n de biotecnolog\u00edas de alto rendimiento, incluidas <strong>enzimas<\/strong>, <strong>levaduras<\/strong>, <strong>manoprote\u00ednas<\/strong>, <strong>derivados de levadura<\/strong>, y <strong>bacterias<\/strong>. Nuestro equipo de expertos est\u00e1 comprometido con la mejora de la calidad y autenticidad del vino a trav\u00e9s de soluciones innovadoras y de vanguardia. <\/p>\n<\/div>\n\n\n\n<div class=\"wp-block-column is-layout-flow wp-block-column-is-layout-flow\">\n<figure class=\"wp-block-embed aligncenter is-type-video is-provider-youtube wp-block-embed-youtube wp-embed-aspect-16-9 wp-has-aspect-ratio\"><div class=\"wp-block-embed__wrapper\">\n<iframe loading=\"lazy\" title=\"Oenobrands Corporate Video\" width=\"500\" height=\"281\" src=\"https:\/\/www.youtube.com\/embed\/tVIMhvLQh24?feature=oembed\" frameborder=\"0\" allow=\"accelerometer; autoplay; clipboard-write; encrypted-media; gyroscope; picture-in-picture; web-share\" referrerpolicy=\"strict-origin-when-cross-origin\" allowfullscreen><\/iframe>\n<\/div><\/figure>\n<\/div>\n<\/div>\n\n<div style=\"height:50px\" aria-hidden=\"true\" class=\"wp-block-spacer\"><\/div>\n\n<div class=\"wp-block-columns has-white-color has-text-color has-background is-layout-flex wp-container-core-columns-is-layout-9d6595d7 wp-block-columns-is-layout-flex\" id=\"whoweare\" style=\"background-color:#a6ce00\">\n<div class=\"wp-block-column is-layout-flow wp-block-column-is-layout-flow\"><div class=\"wp-block-image is-style-rounded\">\n<figure class=\"aligncenter size-full is-resized\"><img loading=\"lazy\" decoding=\"async\" width=\"490\" height=\"360\" src=\"https:\/\/dev.oenobrands.com\/wp-content\/uploads\/2023\/02\/meet-team.png\" alt=\"equipo\" class=\"wp-image-1372\" style=\"width:450px\" srcset=\"https:\/\/dev.oenobrands.com\/wp-content\/uploads\/2023\/02\/meet-team.png 490w, https:\/\/dev.oenobrands.com\/wp-content\/uploads\/2023\/02\/meet-team-300x220.png 300w\" sizes=\"auto, (max-width: 490px) 100vw, 490px\" \/><\/figure>\n<\/div><\/div>\n\n\n\n<div class=\"wp-block-column is-layout-flow wp-block-column-is-layout-flow\">\n<div style=\"height:50px\" aria-hidden=\"true\" class=\"wp-block-spacer\"><\/div>\n\n\n\n<h2 class=\"wp-block-heading has-white-color has-text-color has-link-color wp-elements-8fd0571495c2667e5fa9426cec28a481\"><strong>Qui\u00e9nes somos<\/strong><\/h2>\n\n\n\n<p>En Oenobrands, reunimos a un grupo diverso de cient\u00edficos, t\u00e9cnicos y entusiastas del vino, todos unidos por la pasi\u00f3n por la innovaci\u00f3n y el compromiso con la excelencia.<\/p>\n\n\n\n<div class=\"wp-block-buttons is-layout-flex wp-block-buttons-is-layout-flex\">\n<div class=\"wp-block-button is-style-outline is-style-outline--1\"><a class=\"wp-block-button__link wp-element-button\" href=\"https:\/\/dev.oenobrands.com\/about-us\/our-team\/\" style=\"border-radius:0px\">\u00a1Conoce al equipo!<\/a><\/div>\n<\/div>\n<\/div>\n<\/div>\n\n<div style=\"height:70px\" aria-hidden=\"true\" class=\"wp-block-spacer\"><\/div>\n\n<div class=\"wp-block-columns is-layout-flex wp-container-core-columns-is-layout-9d6595d7 wp-block-columns-is-layout-flex\">\n<div class=\"wp-block-column is-layout-flow wp-block-column-is-layout-flow\">\n<h2 class=\"wp-block-heading\"><strong>Nuestra misi\u00f3n<\/strong><\/h2>\n\n\n\n<p>Fundada en 2010, Oenobrands fue creada con el objetivo de centrarse exclusivamente en el sector del vino y distribuir nuestras marcas ic\u00f3nicas en cinco continentes a trav\u00e9s de una red de distribuci\u00f3n especializada. Nuestra misi\u00f3n es ofrecer soluciones innovadoras y cient\u00edficamente fundamentadas, destacando las sinergias positivas entre nuestros productos. <\/p>\n\n\n\n<p>Nuestra sede se encuentra en Montpellier, Francia, y nuestro almac\u00e9n en St. Perdon, en el suroeste de Francia.<\/p>\n<\/div>\n\n\n\n<div class=\"wp-block-column is-layout-flow wp-block-column-is-layout-flow\"><div class=\"wp-block-image is-resized\">\n<figure class=\"aligncenter size-full\"><img alt=\"Bouteille-vin-wine-bootle\" loading=\"lazy\" decoding=\"async\" width=\"774\" height=\"518\" src=\"https:\/\/dev.oenobrands.com\/wp-content\/uploads\/2023\/01\/Bouteille-vin-wine-bootle-DRP0320-min.jpg\" alt=\"\" class=\"wp-image-1166\" srcset=\"https:\/\/dev.oenobrands.com\/wp-content\/uploads\/2023\/01\/Bouteille-vin-wine-bootle-DRP0320-min.jpg 774w, https:\/\/dev.oenobrands.com\/wp-content\/uploads\/2023\/01\/Bouteille-vin-wine-bootle-DRP0320-min-300x201.jpg 300w, https:\/\/dev.oenobrands.com\/wp-content\/uploads\/2023\/01\/Bouteille-vin-wine-bootle-DRP0320-min-768x514.jpg 768w\" sizes=\"auto, (max-width: 774px) 100vw, 774px\" \/><\/figure>\n<\/div><\/div>\n<\/div>\n\n<div style=\"height:49px\" aria-hidden=\"true\" class=\"wp-block-spacer\"><\/div>\n\n<div class=\"wp-block-columns is-layout-flex wp-container-core-columns-is-layout-9d6595d7 wp-block-columns-is-layout-flex\">\n<div class=\"wp-block-column is-layout-flow wp-block-column-is-layout-flow\"><div class=\"wp-block-image is-resized\">\n<figure class=\"aligncenter size-full\"><img loading=\"lazy\" decoding=\"async\" width=\"877\" height=\"715\" src=\"https:\/\/dev.oenobrands.com\/wp-content\/uploads\/2024\/05\/Our-brands.png\" alt=\"Oenobrands-brands-anchor-fermivin-rapidase-claristar-final touch\" class=\"wp-image-7823\" srcset=\"https:\/\/dev.oenobrands.com\/wp-content\/uploads\/2024\/05\/Our-brands.png 877w, https:\/\/dev.oenobrands.com\/wp-content\/uploads\/2024\/05\/Our-brands-300x245.png 300w, https:\/\/dev.oenobrands.com\/wp-content\/uploads\/2024\/05\/Our-brands-768x626.png 768w\" sizes=\"auto, (max-width: 877px) 100vw, 877px\" \/><\/figure>\n<\/div><\/div>\n\n\n\n<div class=\"wp-block-column is-vertically-aligned-top is-layout-flow wp-block-column-is-layout-flow\">\n<h2 class=\"wp-block-heading\"><strong>Nuestros productos<\/strong><\/h2>\n\n\n\n<p>En Oenobrands creemos en el potencial de las biotecnolog\u00edas de origen biol\u00f3gico para resaltar lo mejor del vino. Con nuestras marcas ic\u00f3nicas de enzimas, levaduras, manoprote\u00ednas, derivados de levadura y bacterias, nos dedicamos a mejorar la calidad y autenticidad del vino. Colaboramos con universidades e institutos de investigaci\u00f3n de prestigio y contamos con el respaldo de empresas reconocidas mundialmente como <strong>dsm-firmenich y Anchor Oenology<\/strong> para llevar los \u00faltimos avances en vinificaci\u00f3n a la industria.  <\/p>\n\n\n\n<p>Nuestras marcas: <strong>Anchor Yeast, Anchor Bacteria, Fermivin, <\/strong>incluyendo <strong>In-Line Ready, Rapidase, Maloferm, Feel Safe!, Claristar <\/strong>y <strong>Final touch.<\/strong><\/p>\n<\/div>\n<\/div>\n\n<div style=\"height:50px\" aria-hidden=\"true\" class=\"wp-block-spacer\"><\/div>\n\n<hr class=\"wp-block-separator has-alpha-channel-opacity is-style-dots\"\/>\n\n<div style=\"height:50px\" aria-hidden=\"true\" class=\"wp-block-spacer\"><\/div>\n\n<div class=\"wp-block-columns is-layout-flex wp-container-core-columns-is-layout-9d6595d7 wp-block-columns-is-layout-flex\">\n<div class=\"wp-block-column is-layout-flow wp-block-column-is-layout-flow\">\n<h2 class=\"wp-block-heading has-text-align-left\"><strong><strong>Anchor Oenology<\/strong><\/strong><\/h2>\n\n\n\n<div style=\"height:30px\" aria-hidden=\"true\" class=\"wp-block-spacer\"><\/div>\n\n\n\n<p><strong>Anchor Oenology <\/strong>es una divisi\u00f3n de <strong>Anchor Yeast, <\/strong>la empresa l\u00edder en levaduras en Sud\u00e1frica desde 1923. Anchor Yeast sigue siendo la referencia en el suministro de levaduras, agentes de fermentaci\u00f3n y tecnolog\u00edas de fermentaci\u00f3n para las industrias de consumo, panader\u00eda, vinificaci\u00f3n y bebidas alcoh\u00f3licas en el sur de \u00c1frica. La empresa cuenta con un equipo de 400 empleados, instalaciones de producci\u00f3n de \u00faltima generaci\u00f3n y su propia red de distribuci\u00f3n nacional. Anchor Yeast ha construido su posici\u00f3n de liderazgo a trav\u00e9s de un equipo de gesti\u00f3n s\u00f3lido y competente, con unidades de negocio orientadas al mercado, un compromiso continuo con el desarrollo de marcas, la aplicaci\u00f3n de tecnolog\u00eda innovadora y altos niveles de servicio al cliente. M\u00e1s informaci\u00f3n en <strong><a href=\"http:\/\/www.anchor.co.za\" target=\"_blank\" rel=\"noreferrer noopener nofollow\"><u>www.anchor.co.za<\/u><\/a><\/strong>.    <\/p>\n<\/div>\n\n\n\n<div class=\"wp-block-column is-layout-flow wp-block-column-is-layout-flow\">\n<h2 class=\"wp-block-heading has-text-align-left\"><strong><strong>dsm-firmenich<\/strong><\/strong><\/h2>\n\n\n\n<div style=\"height:30px\" aria-hidden=\"true\" class=\"wp-block-spacer\"><\/div>\n\n\n\n<p><strong>dsm-firmenich<\/strong> es un l\u00edder mundial en la producci\u00f3n de soluciones de ingredientes de alto valor para la industria alimentaria y de bebidas. Contribuye de manera significativa al \u00e9xito de marcas globales de productos l\u00e1cteos, alimentos procesados, jugos de frutas, bebidas alcoh\u00f3licas y alimentos funcionales. Su compromiso con la seguridad y sostenibilidad se refleja en su sello de excelencia en nutrici\u00f3n: <strong>Quality for Life<\/strong>\u2122. Con 30.000 empleados en 100 ubicaciones en todo el mundo, dsm-firmenich es un actor global clave en la industria. M\u00e1s informaci\u00f3n en <a href=\"https:\/\/www.dsm-firmenich.com\/en\/businesses\/taste-texture-health\/markets-products\/beverage\/alcoholic-drinks\/wine.html\" target=\"_blank\" rel=\"noreferrer noopener nofollow\"><strong><u>www.dsm-firmenich.com<\/u><\/strong><\/a> y <a href=\"http:\/\/www.qualityforlife.com\/\" target=\"_blank\" rel=\"noreferrer noopener nofollow\"><strong><u>www.qualityforlife.com<\/u><\/strong><\/a>.   <\/p>\n<\/div>\n<\/div>\n\n<div style=\"height:50px\" aria-hidden=\"true\" class=\"wp-block-spacer\"><\/div>\n\n<hr class=\"wp-block-separator has-alpha-channel-opacity is-style-dots\"\/>\n\n<div class=\"wp-block-columns is-layout-flex wp-container-core-columns-is-layout-9d6595d7 wp-block-columns-is-layout-flex\">\n<div class=\"wp-block-column is-layout-flow wp-block-column-is-layout-flow\">\n<h2 class=\"wp-block-heading has-text-align-left\"><strong><strong>Nuestra ambici\u00f3nOur ambition<\/strong><\/strong><\/h2>\n\n\n\n<div style=\"height:30px\" aria-hidden=\"true\" class=\"wp-block-spacer\"><\/div>\n\n\n\n<p><strong>Nuestro objetivo en Oenobrands es ayudar a los vinificadores a producir vinos de alta calidad a trav\u00e9s de la innovaci\u00f3n y la excelencia<\/strong>. Nuestro compromiso con el desarrollo de marcas l\u00edderes nos ha convertido en un socio confiable que nuestros distribuidores pueden promover con orgullo. <\/p>\n<\/div>\n\n\n\n<div class=\"wp-block-column is-layout-flow wp-block-column-is-layout-flow\">\n<h2 class=\"wp-block-heading has-text-align-left\"><strong><strong>Nuestra red de distribuci\u00f3n<\/strong><\/strong><\/h2>\n\n\n\n<div style=\"height:18px\" aria-hidden=\"true\" class=\"wp-block-spacer\"><\/div>\n\n\n\n<p><strong>Estamos orgullosos de apoyar a vinificadores de todo el mundo con una red de distribuci\u00f3n que abarca seis continentes.<\/strong> Nuestro equipo trabaja sobre el terreno, colaborando con los vinificadores para identificar sus necesidades y proporcionar soluciones personalizadas.<br\/>Ya sea que se trate de una peque\u00f1a bodega o de una gran empresa, contamos con la experiencia y el conocimiento para ayudarle a alcanzar el \u00e9xito. <\/p>\n<\/div>\n<\/div>\n\n<div style=\"height:60px\" aria-hidden=\"true\" class=\"wp-block-spacer\"><\/div>\n\n<hr class=\"wp-block-separator has-alpha-channel-opacity is-style-dots\"\/>\n\n<div class=\"wp-block-columns is-layout-flex wp-container-core-columns-is-layout-9d6595d7 wp-block-columns-is-layout-flex\">\n<div class=\"wp-block-column is-layout-flow wp-block-column-is-layout-flow\">\n<h2 class=\"wp-block-heading has-text-align-left\"><strong>Miembro de Oenoppia<\/strong><\/h2>\n\n\n\n<div style=\"height:30px\" aria-hidden=\"true\" class=\"wp-block-spacer\"><\/div>\n\n\n<div class=\"wp-block-image\">\n<figure class=\"aligncenter size-full\"><img loading=\"lazy\" decoding=\"async\" width=\"276\" height=\"57\" src=\"https:\/\/dev.oenobrands.com\/wp-content\/uploads\/2023\/02\/Membre-Oenoppia-association-internationale-produits-pratiques-oenologiques-e1705304835421.png\" alt=\"Membre Oenoppia association internationale produits pratiques oenologiques\" class=\"wp-image-1361\"\/><\/figure>\n<\/div>\n\n\n<div style=\"height:30px\" aria-hidden=\"true\" class=\"wp-block-spacer\"><\/div>\n\n\n\n<p>Oenobrands es miembro fundador de <strong>OENOPPIA,<\/strong> un grupo de los principales fabricantes de productos enol\u00f3gicos. <strong>OENOPPIA<\/strong> desempe\u00f1a tres funciones: <strong>institucional<\/strong>, para colaborar con las autoridades reguladoras y cient\u00edficas; <strong>informativa<\/strong>, para conocer los productos y pr\u00e1cticas enol\u00f3gicas; y <strong>\u00e9tica<\/strong>, para garantizar que la calidad de los productos cumpla con todas las leyes.<\/p>\n\n\n\n<p><a href=\"http:\/\/www.oenoppia.com\/\" target=\"_blank\" rel=\"noreferrer noopener nofollow\"><u>www.oenoppia.com<\/u><\/a><\/p>\n<\/div>\n\n\n\n<div class=\"wp-block-column is-layout-flow wp-block-column-is-layout-flow\">\n<h2 class=\"wp-block-heading has-text-align-left\"><strong>Miembro de Vinseo<\/strong> (Francia)<\/h2>\n\n\n\n<div style=\"height:18px\" aria-hidden=\"true\" class=\"wp-block-spacer\"><\/div>\n\n\n<div class=\"wp-block-image is-resized\">\n<figure class=\"aligncenter size-full\"><img loading=\"lazy\" decoding=\"async\" width=\"300\" height=\"137\" src=\"https:\/\/dev.oenobrands.com\/wp-content\/uploads\/2023\/04\/Membre-Vinseo-oenobrands.jpg\" alt=\"Miembro Vinseo\" class=\"wp-image-2316\" style=\"width:190px;height:auto\"\/><\/figure>\n<\/div>\n\n\n<div style=\"height:18px\" aria-hidden=\"true\" class=\"wp-block-spacer\"><\/div>\n\n\n\n<p>Oenobrands es miembro de Vinseo, una asociaci\u00f3n que re\u00fane a especialistas de la industria vitivin\u00edcola en Occitania (Francia). Vinseo agrupa y representa a proveedores de servicios y productos para viticultores y bodegas, as\u00ed como a universidades e institutos de investigaci\u00f3n relacionados con el sector.<br\/><br\/>Desde la vid hasta la copa de vino, la red Vinseo asesora, suministra y apoya a bodegas, viticultores, en\u00f3logos y comercializadores con un enfoque constante en la calidad.  <\/p>\n\n\n\n<p><a href=\"https:\/\/www.vinseo.com\/\" target=\"_blank\" rel=\"noreferrer noopener nofollow\"><u>www.vinseo.com<\/u><\/a><\/p>\n<\/div>\n<\/div>\n\n<div style=\"height:100px\" aria-hidden=\"true\" class=\"wp-block-spacer\"><\/div>\n","protected":false},"excerpt":{"rendered":"<p>Descubra el mundo de Oenobrands Oenobrands es un proveedor l\u00edder mundial de biotecnolog\u00edas de origen biol\u00f3gico para la vinificaci\u00f3n, especializado en el desarrollo y la comercializaci\u00f3n de biotecnolog\u00edas de alto rendimiento, incluidas enzimas, levaduras, manoprote\u00ednas, derivados de levadura, y bacterias. Nuestro equipo de expertos est\u00e1 comprometido con la mejora de la calidad y autenticidad del [&hellip;]<\/p>\n","protected":false},"author":1,"featured_media":16091,"parent":0,"menu_order":0,"comment_status":"closed","ping_status":"closed","template":"","meta":{"_acf_changed":false,"_seopress_robots_primary_cat":"0","_seopress_titles_title":"","_seopress_titles_desc":"","_seopress_robots_index":"","_seopress_analysis_target_kw":"","footnotes":""},"class_list":["post-16090","page","type-page","status-publish","has-post-thumbnail"],"acf":[],"_links":{"self":[{"href":"https:\/\/dev.oenobrands.com\/es\/wp-json\/wp\/v2\/pages\/16090","targetHints":{"allow":["GET"]}}],"collection":[{"href":"https:\/\/dev.oenobrands.com\/es\/wp-json\/wp\/v2\/pages"}],"about":[{"href":"https:\/\/dev.oenobrands.com\/es\/wp-json\/wp\/v2\/types\/page"}],"author":[{"embeddable":true,"href":"https:\/\/dev.oenobrands.com\/es\/wp-json\/wp\/v2\/users\/1"}],"replies":[{"embeddable":true,"href":"https:\/\/dev.oenobrands.com\/es\/wp-json\/wp\/v2\/comments?post=16090"}],"version-history":[{"count":0,"href":"https:\/\/dev.oenobrands.com\/es\/wp-json\/wp\/v2\/pages\/16090\/revisions"}],"wp:featuredmedia":[{"embeddable":true,"href":"https:\/\/dev.oenobrands.com\/es\/wp-json\/wp\/v2\/media\/16091"}],"wp:attachment":[{"href":"https:\/\/dev.oenobrands.com\/es\/wp-json\/wp\/v2\/media?parent=16090"}],"curies":[{"name":"wp","href":"https:\/\/api.w.org\/{rel}","templated":true}]}}